{"id":947,"date":"2013-04-03T14:28:37","date_gmt":"2013-04-03T18:28:37","guid":{"rendered":"http:\/\/cpcs.draconis.ufms.br\/?page_id=947"},"modified":"2020-08-13T11:24:13","modified_gmt":"2020-08-13T15:24:13","slug":"transferencia","status":"publish","type":"page","link":"https:\/\/cpcs.ufms.br\/en\/academicos\/transferencia\/","title":{"rendered":"TRANSFER\u00caNCIA"},"content":{"rendered":"<p style=\"text-align: justify\">Informamos que o link sobre &#8220;<strong>TRANSFER\u00caNCIA<\/strong>&#8221; que constava no site do CPCS fora removido por conter incorre\u00e7\u00f5es e estar em desacordo com o que prev\u00ea a norma vigente na UFMS. Toda e qualquer informa\u00e7\u00e3o \u00e0 respeito deste tema dever\u00e1 ser consultado o site da <strong><a href=\"http:\/\/www.copeve.ufms.br\" target=\"_blank\" rel=\"noopener noreferrer\">COPEVE<\/a><\/strong>:&nbsp; &nbsp; &nbsp; &nbsp; &nbsp; &nbsp; &nbsp; &nbsp;www.copeve.ufms.br<\/p>\n<p style=\"text-align: justify\">At.te,<br \/>\nSecretaria Acad\u00eamica do CPCS<\/p>\n","protected":false},"excerpt":{"rendered":"<p>Informamos que o link sobre &#8220;TRANSFER\u00caNCIA&#8221; que constava no site do CPCS fora removido por conter incorre\u00e7\u00f5es e estar em desacordo com o que prev\u00ea a norma vigente na UFMS. Toda e qualquer informa\u00e7\u00e3o \u00e0 respeito deste tema dever\u00e1 ser consultado o site da COPEVE:&nbsp; &nbsp; &nbsp; &nbsp; &nbsp; &nbsp; &nbsp; &nbsp;www.copeve.ufms.br At.te, Secretaria Acad\u00eamica [&hellip;]<\/p>\n","protected":false},"author":148,"featured_media":0,"parent":127,"menu_order":0,"comment_status":"closed","ping_status":"open","template":"","meta":{"ngg_post_thumbnail":0,"footnotes":""},"coauthors":[],"class_list":["post-947","page","type-page","status-publish","hentry"],"yoast_head":"<!-- This site is optimized with the Yoast SEO plugin v26.2 - https:\/\/yoast.com\/wordpress\/plugins\/seo\/ -->\n<title>TRANSFER\u00caNCIA - Campus de Chapad\u00e3o do Sul<\/title>\n<meta name=\"robots\" content=\"index, follow, max-snippet:-1, max-image-preview:large, max-video-preview:-1\" \/>\n<link rel=\"canonical\" href=\"https:\/\/cpcs.ufms.br\/academicos\/transferencia\/\" \/>\n<meta property=\"og:locale\" content=\"en_US\" \/>\n<meta property=\"og:type\" content=\"article\" \/>\n<meta property=\"og:title\" content=\"TRANSFER\u00caNCIA - Campus de Chapad\u00e3o do Sul\" \/>\n<meta property=\"og:description\" content=\"Informamos que o link sobre &#8220;TRANSFER\u00caNCIA&#8221; que constava no site do CPCS fora removido por conter incorre\u00e7\u00f5es e estar em desacordo com o que prev\u00ea a norma vigente na UFMS. Toda e qualquer informa\u00e7\u00e3o \u00e0 respeito deste tema dever\u00e1 ser consultado o site da COPEVE:&nbsp; &nbsp; &nbsp; &nbsp; &nbsp; &nbsp; &nbsp; &nbsp;www.copeve.ufms.br At.te, Secretaria Acad\u00eamica [&hellip;]\" \/>\n<meta property=\"og:url\" content=\"https:\/\/cpcs.ufms.br\/academicos\/transferencia\/\" \/>\n<meta property=\"og:site_name\" content=\"Campus de Chapad\u00e3o do Sul\" \/>\n<meta property=\"article:modified_time\" content=\"2020-08-13T15:24:13+00:00\" \/>\n<script type=\"application\/ld+json\" class=\"yoast-schema-graph\">{\"@context\":\"https:\/\/schema.org\",\"@graph\":[{\"@type\":\"WebPage\",\"@id\":\"https:\/\/cpcs.ufms.br\/academicos\/transferencia\/\",\"url\":\"https:\/\/cpcs.ufms.br\/academicos\/transferencia\/\",\"name\":\"TRANSFER\u00caNCIA - Campus de Chapad\u00e3o do Sul\",\"isPartOf\":{\"@id\":\"https:\/\/cpcs.ufms.br\/#website\"},\"datePublished\":\"2013-04-03T18:28:37+00:00\",\"dateModified\":\"2020-08-13T15:24:13+00:00\",\"breadcrumb\":{\"@id\":\"https:\/\/cpcs.ufms.br\/academicos\/transferencia\/#breadcrumb\"},\"inLanguage\":\"en-US\",\"potentialAction\":[{\"@type\":\"ReadAction\",\"target\":[\"https:\/\/cpcs.ufms.br\/academicos\/transferencia\/\"]}]},{\"@type\":\"BreadcrumbList\",\"@id\":\"https:\/\/cpcs.ufms.br\/academicos\/transferencia\/#breadcrumb\",\"itemListElement\":[{\"@type\":\"ListItem\",\"position\":1,\"name\":\"In\u00edcio\",\"item\":\"https:\/\/cpcs.ufms.br\/\"},{\"@type\":\"ListItem\",\"position\":2,\"name\":\"Acad\u00eamicos\",\"item\":\"https:\/\/cpcs.ufms.br\/academicos\/\"},{\"@type\":\"ListItem\",\"position\":3,\"name\":\"TRANSFER\u00caNCIA\"}]},{\"@type\":\"WebSite\",\"@id\":\"https:\/\/cpcs.ufms.br\/#website\",\"url\":\"https:\/\/cpcs.ufms.br\/\",\"name\":\"Campus de Chapad\u00e3o do Sul\",\"description\":\"Universidade Federal de Mato Grosso do Sul\",\"potentialAction\":[{\"@type\":\"SearchAction\",\"target\":{\"@type\":\"EntryPoint\",\"urlTemplate\":\"https:\/\/cpcs.ufms.br\/?s={search_term_string}\"},\"query-input\":{\"@type\":\"PropertyValueSpecification\",\"valueRequired\":true,\"valueName\":\"search_term_string\"}}],\"inLanguage\":\"en-US\"}]}<\/script>\n<!-- \/ Yoast SEO plugin. -->","yoast_head_json":{"title":"TRANSFER\u00caNCIA - Campus de Chapad\u00e3o do Sul","robots":{"index":"index","follow":"follow","max-snippet":"max-snippet:-1","max-image-preview":"max-image-preview:large","max-video-preview":"max-video-preview:-1"},"canonical":"https:\/\/cpcs.ufms.br\/academicos\/transferencia\/","og_locale":"en_US","og_type":"article","og_title":"TRANSFER\u00caNCIA - Campus de Chapad\u00e3o do Sul","og_description":"Informamos que o link sobre &#8220;TRANSFER\u00caNCIA&#8221; que constava no site do CPCS fora removido por conter incorre\u00e7\u00f5es e estar em desacordo com o que prev\u00ea a norma vigente na UFMS. Toda e qualquer informa\u00e7\u00e3o \u00e0 respeito deste tema dever\u00e1 ser consultado o site da COPEVE:&nbsp; &nbsp; &nbsp; &nbsp; &nbsp; &nbsp; &nbsp; &nbsp;www.copeve.ufms.br At.te, Secretaria Acad\u00eamica [&hellip;]","og_url":"https:\/\/cpcs.ufms.br\/academicos\/transferencia\/","og_site_name":"Campus de Chapad\u00e3o do Sul","article_modified_time":"2020-08-13T15:24:13+00:00","schema":{"@context":"https:\/\/schema.org","@graph":[{"@type":"WebPage","@id":"https:\/\/cpcs.ufms.br\/academicos\/transferencia\/","url":"https:\/\/cpcs.ufms.br\/academicos\/transferencia\/","name":"TRANSFER\u00caNCIA - Campus de Chapad\u00e3o do Sul","isPartOf":{"@id":"https:\/\/cpcs.ufms.br\/#website"},"datePublished":"2013-04-03T18:28:37+00:00","dateModified":"2020-08-13T15:24:13+00:00","breadcrumb":{"@id":"https:\/\/cpcs.ufms.br\/academicos\/transferencia\/#breadcrumb"},"inLanguage":"en-US","potentialAction":[{"@type":"ReadAction","target":["https:\/\/cpcs.ufms.br\/academicos\/transferencia\/"]}]},{"@type":"BreadcrumbList","@id":"https:\/\/cpcs.ufms.br\/academicos\/transferencia\/#breadcrumb","itemListElement":[{"@type":"ListItem","position":1,"name":"In\u00edcio","item":"https:\/\/cpcs.ufms.br\/"},{"@type":"ListItem","position":2,"name":"Acad\u00eamicos","item":"https:\/\/cpcs.ufms.br\/academicos\/"},{"@type":"ListItem","position":3,"name":"TRANSFER\u00caNCIA"}]},{"@type":"WebSite","@id":"https:\/\/cpcs.ufms.br\/#website","url":"https:\/\/cpcs.ufms.br\/","name":"Campus de Chapad\u00e3o do Sul","description":"Universidade Federal de Mato Grosso do Sul","potentialAction":[{"@type":"SearchAction","target":{"@type":"EntryPoint","urlTemplate":"https:\/\/cpcs.ufms.br\/?s={search_term_string}"},"query-input":{"@type":"PropertyValueSpecification","valueRequired":true,"valueName":"search_term_string"}}],"inLanguage":"en-US"}]}},"_links":{"self":[{"href":"https:\/\/cpcs.ufms.br\/en\/wp-json\/wp\/v2\/pages\/947","targetHints":{"allow":["GET"]}}],"collection":[{"href":"https:\/\/cpcs.ufms.br\/en\/wp-json\/wp\/v2\/pages"}],"about":[{"href":"https:\/\/cpcs.ufms.br\/en\/wp-json\/wp\/v2\/types\/page"}],"author":[{"embeddable":true,"href":"https:\/\/cpcs.ufms.br\/en\/wp-json\/wp\/v2\/users\/148"}],"replies":[{"embeddable":true,"href":"https:\/\/cpcs.ufms.br\/en\/wp-json\/wp\/v2\/comments?post=947"}],"version-history":[{"count":5,"href":"https:\/\/cpcs.ufms.br\/en\/wp-json\/wp\/v2\/pages\/947\/revisions"}],"predecessor-version":[{"id":6043,"href":"https:\/\/cpcs.ufms.br\/en\/wp-json\/wp\/v2\/pages\/947\/revisions\/6043"}],"up":[{"embeddable":true,"href":"https:\/\/cpcs.ufms.br\/en\/wp-json\/wp\/v2\/pages\/127"}],"wp:attachment":[{"href":"https:\/\/cpcs.ufms.br\/en\/wp-json\/wp\/v2\/media?parent=947"}],"wp:term":[{"taxonomy":"author","embeddable":true,"href":"https:\/\/cpcs.ufms.br\/en\/wp-json\/wp\/v2\/coauthors?post=947"}],"curies":[{"name":"wp","href":"https:\/\/api.w.org\/{rel}","templated":true}]}}