{"id":8697,"date":"2023-01-18T08:51:41","date_gmt":"2023-01-18T12:51:41","guid":{"rendered":"https:\/\/cpcs.ufms.br\/?page_id=8697"},"modified":"2023-08-24T10:30:11","modified_gmt":"2023-08-24T14:30:11","slug":"editais2023","status":"publish","type":"page","link":"https:\/\/cpcs.ufms.br\/en\/secae\/edital\/editais2023\/","title":{"rendered":"Editais 2023"},"content":{"rendered":"<p><span style=\"font-size: 20px\">Edital PROAES\/UFMS N\u00ba 92, de 16 de agosto de 2023 &#8211;<strong> Empr\u00e9stimo equipamento tecnol\u00f3gico (chromebook e notebook)<\/strong>:<\/span><\/p>\n<p><strong><a href=\"https:\/\/boletimoficial.ufms.br\/bse\/publicacao?id=498460\"><span style=\"font-size: 20px\">Edital PROAES\/UFMS n\u00b0 92, 16 de agosto de 2023<\/span><\/a><\/strong><\/p>\n<p>&nbsp;<\/p>\n<p><span style=\"font-size: 20px\">Edital PROAES\/UFMS N\u00ba 61, de 26 de maio de 2023 &#8211;<strong> Aux\u00edlio Emergencial<\/strong>:<\/span><\/p>\n<p><strong><a href=\"https:\/\/boletimoficial.ufms.br\/bse\/publicacao?id=489887\"><span style=\"font-size: 20px\">Edital PROAES\/UFMS n\u00b0 61, 26 de maio de 2023<\/span><\/a><\/strong><\/p>\n<p>&nbsp;<\/p>\n<p><span style=\"font-size: 20px\">Edital PROAES\/UFMS N\u00ba 15, de 3 de mar\u00e7o de 2023 &#8211;<strong> Aux\u00edlios Estudantis<\/strong>:<\/span><\/p>\n<p><strong><a href=\"https:\/\/boletimoficial.ufms.br\/bse\/publicacao?id=481674\"><span style=\"font-size: 20px\">Edital PROAES\/UFMS n\u00b0 15, 3 de mar\u00e7o de 2023(Processo Seletivo dos Aux\u00edlios: Alimenta\u00e7\u00e3o, Perman\u00eancia, Moradia e Creche)<\/span><\/a><\/strong><\/p>\n<ul style=\"list-style-type: circle\">\n<li><span style=\"font-size: 14px\"><strong><a href=\"https:\/\/proaes.ufms.br\/files\/2023\/03\/DOMICILIO-DE-ORIGEM.docx\">Declara\u00e7\u00e3o do munic\u00edpio de origem (Anexo I)<\/a><\/strong><\/span><\/li>\n<li><span style=\"font-size: 14px\"><strong><a href=\"https:\/\/proaes.ufms.br\/files\/2023\/03\/DECLARACAO-DE-ALUGUEL.docx\">Declara\u00e7\u00e3o de aluguel (Anexo II)<\/a><\/strong><\/span><\/li>\n<li><span style=\"font-size: 14px\"><strong><a href=\"https:\/\/proaes.ufms.br\/files\/2023\/03\/DECLARACAO-DE-ALUGUEL.docx\">Declara\u00e7\u00e3o de contrato de aluguel em nome de terceiro (Anexo III)<\/a><\/strong><\/span><\/li>\n<\/ul>\n<p>Pr\u00e9-classifica\u00e7\u00e3o: <strong><a href=\"https:\/\/boletimoficial.ufms.br\/bse\/publicacao?id=485221\"><span style=\"font-size: 20px\">Edital CPCS\/UFMS n\u00b0 5, 31 de mar\u00e7o de 2023<\/span><\/a><\/strong><\/p>\n<p>Resultado Preliminar: <strong><a href=\"https:\/\/boletimoficial.ufms.br\/bse\/publicacao?id=487021\"><span style=\"font-size: 20px\">Edital CPCS\/UFMS n\u00b0 6, 20 de abril de 2023<\/span><\/a><\/strong><\/p>\n<p>Resultado da an\u00e1lise dos recursos: <strong><a href=\"https:\/\/boletimoficial.ufms.br\/bse\/publicacao?id=488355\"><span style=\"font-size: 20px\">Edital CPCS\/UFMS n\u00b0 7, 9 de maio de 2023<\/span><\/a><\/strong><\/p>\n<p>Resultado final: <strong><a href=\"https:\/\/boletimoficial.ufms.br\/bse\/publicacao?id=489369\"><span style=\"font-size: 20px\">Edital PROAES\/UFMS n\u00b0 58, 22 de maio de 2023<\/span><\/a><\/strong><\/p>\n<p>&nbsp;<\/p>\n<p><span style=\"font-size: 20px\">Edital PROAES\/UFMS N\u00ba 10, de 9 de fevereiro de 2023 &#8211;<strong> Aux\u00edlio de Apoio Educacional(Libras)<\/strong>:<\/span><\/p>\n<p><strong><a href=\"https:\/\/boletimoficial.ufms.br\/bse\/publicacao?id=480677\"><span style=\"font-size: 20px\">Edital PROAES\/UFMS n\u00b0 10, 9 de fevereiro de 2023<\/span><\/a><\/strong><\/p>\n<p><span style=\"font-size: 20px\">Edital CPCS\/UFMS N\u00ba 2, de 23 de janeiro de 2023 &#8211;<strong> Resultado dos recursos<\/strong>:<\/span><\/p>\n<p><strong><a href=\"https:\/\/boletimoficial.ufms.br\/bse\/publicacao?id=478087\"><span style=\"font-size: 20px\">Edital CPCS\/UFMS n\u00b0 2, 23 de janeiro de 2023<\/span><\/a><\/strong><\/p>\n<p><span style=\"font-size: 20px\">Edital CPCS\/UFMS N\u00ba 1, de 13 de janeiro de 2023 &#8211;<strong> Desligamento de aux\u00edlios<\/strong>:<\/span><\/p>\n<p><strong><a href=\"https:\/\/boletimoficial.ufms.br\/bse\/publicacao?id=477807\"><span style=\"font-size: 20px\">Edital CPCS\/UFMS n\u00b0 1, 13 de janeiro de 2023<\/span><\/a><\/strong><\/p>\n<p><strong><a href=\"https:\/\/proaes.ufms.br\/files\/2023\/01\/MODELO-FORMULARIO-DE-RECURSO.docx\"><span style=\"font-size: 20px\">Formul\u00e1rio de Recurso<\/span><\/a><\/strong><\/p>\n<p>&nbsp;<\/p>\n","protected":false},"excerpt":{"rendered":"<p>Edital PROAES\/UFMS N\u00ba 92, de 16 de agosto de 2023 &#8211; Empr\u00e9stimo equipamento tecnol\u00f3gico (chromebook e notebook): Edital PROAES\/UFMS n\u00b0 92, 16 de agosto de 2023 &nbsp; Edital PROAES\/UFMS N\u00ba 61, de 26 de maio de 2023 &#8211; Aux\u00edlio Emergencial: Edital PROAES\/UFMS n\u00b0 61, 26 de maio de 2023 &nbsp; Edital PROAES\/UFMS N\u00ba 15, de [&hellip;]<\/p>\n","protected":false},"author":3221,"featured_media":0,"parent":7648,"menu_order":0,"comment_status":"closed","ping_status":"closed","template":"","meta":{"ngg_post_thumbnail":0,"footnotes":""},"coauthors":[32],"class_list":["post-8697","page","type-page","status-publish","hentry"],"yoast_head":"<!-- This site is optimized with the Yoast SEO plugin v26.2 - https:\/\/yoast.com\/wordpress\/plugins\/seo\/ -->\n<title>Editais 2023 - Campus de Chapad\u00e3o do Sul<\/title>\n<meta name=\"robots\" content=\"index, follow, max-snippet:-1, max-image-preview:large, max-video-preview:-1\" \/>\n<link rel=\"canonical\" href=\"https:\/\/cpcs.ufms.br\/secae\/edital\/editais2023\/\" \/>\n<meta property=\"og:locale\" content=\"en_US\" \/>\n<meta property=\"og:type\" content=\"article\" \/>\n<meta property=\"og:title\" content=\"Editais 2023 - Campus de Chapad\u00e3o do Sul\" \/>\n<meta property=\"og:description\" content=\"Edital PROAES\/UFMS N\u00ba 92, de 16 de agosto de 2023 &#8211; Empr\u00e9stimo equipamento tecnol\u00f3gico (chromebook e notebook): Edital PROAES\/UFMS n\u00b0 92, 16 de agosto de 2023 &nbsp; Edital PROAES\/UFMS N\u00ba 61, de 26 de maio de 2023 &#8211; Aux\u00edlio Emergencial: Edital PROAES\/UFMS n\u00b0 61, 26 de maio de 2023 &nbsp; Edital PROAES\/UFMS N\u00ba 15, de [&hellip;]\" \/>\n<meta property=\"og:url\" content=\"https:\/\/cpcs.ufms.br\/secae\/edital\/editais2023\/\" \/>\n<meta property=\"og:site_name\" content=\"Campus de Chapad\u00e3o do Sul\" \/>\n<meta property=\"article:modified_time\" content=\"2023-08-24T14:30:11+00:00\" \/>\n<meta name=\"twitter:label1\" content=\"Est. reading time\" \/>\n\t<meta name=\"twitter:data1\" content=\"2 minutes\" \/>\n\t<meta name=\"twitter:label2\" content=\"Written by\" \/>\n\t<meta name=\"twitter:data2\" content=\"Vilela Bezerra\" \/>\n<script type=\"application\/ld+json\" class=\"yoast-schema-graph\">{\"@context\":\"https:\/\/schema.org\",\"@graph\":[{\"@type\":\"WebPage\",\"@id\":\"https:\/\/cpcs.ufms.br\/secae\/edital\/editais2023\/\",\"url\":\"https:\/\/cpcs.ufms.br\/secae\/edital\/editais2023\/\",\"name\":\"Editais 2023 - Campus de Chapad\u00e3o do Sul\",\"isPartOf\":{\"@id\":\"https:\/\/cpcs.ufms.br\/#website\"},\"datePublished\":\"2023-01-18T12:51:41+00:00\",\"dateModified\":\"2023-08-24T14:30:11+00:00\",\"breadcrumb\":{\"@id\":\"https:\/\/cpcs.ufms.br\/secae\/edital\/editais2023\/#breadcrumb\"},\"inLanguage\":\"en-US\",\"potentialAction\":[{\"@type\":\"ReadAction\",\"target\":[\"https:\/\/cpcs.ufms.br\/secae\/edital\/editais2023\/\"]}]},{\"@type\":\"BreadcrumbList\",\"@id\":\"https:\/\/cpcs.ufms.br\/secae\/edital\/editais2023\/#breadcrumb\",\"itemListElement\":[{\"@type\":\"ListItem\",\"position\":1,\"name\":\"In\u00edcio\",\"item\":\"https:\/\/cpcs.ufms.br\/\"},{\"@type\":\"ListItem\",\"position\":2,\"name\":\"Secae\",\"item\":\"https:\/\/cpcs.ufms.br\/secae\/\"},{\"@type\":\"ListItem\",\"position\":3,\"name\":\"Editais\",\"item\":\"https:\/\/cpcs.ufms.br\/secae\/edital\/\"},{\"@type\":\"ListItem\",\"position\":4,\"name\":\"Editais 2023\"}]},{\"@type\":\"WebSite\",\"@id\":\"https:\/\/cpcs.ufms.br\/#website\",\"url\":\"https:\/\/cpcs.ufms.br\/\",\"name\":\"Campus de Chapad\u00e3o do Sul\",\"description\":\"Universidade Federal de Mato Grosso do Sul\",\"potentialAction\":[{\"@type\":\"SearchAction\",\"target\":{\"@type\":\"EntryPoint\",\"urlTemplate\":\"https:\/\/cpcs.ufms.br\/?s={search_term_string}\"},\"query-input\":{\"@type\":\"PropertyValueSpecification\",\"valueRequired\":true,\"valueName\":\"search_term_string\"}}],\"inLanguage\":\"en-US\"}]}<\/script>\n<!-- \/ Yoast SEO plugin. -->","yoast_head_json":{"title":"Editais 2023 - Campus de Chapad\u00e3o do Sul","robots":{"index":"index","follow":"follow","max-snippet":"max-snippet:-1","max-image-preview":"max-image-preview:large","max-video-preview":"max-video-preview:-1"},"canonical":"https:\/\/cpcs.ufms.br\/secae\/edital\/editais2023\/","og_locale":"en_US","og_type":"article","og_title":"Editais 2023 - Campus de Chapad\u00e3o do Sul","og_description":"Edital PROAES\/UFMS N\u00ba 92, de 16 de agosto de 2023 &#8211; Empr\u00e9stimo equipamento tecnol\u00f3gico (chromebook e notebook): Edital PROAES\/UFMS n\u00b0 92, 16 de agosto de 2023 &nbsp; Edital PROAES\/UFMS N\u00ba 61, de 26 de maio de 2023 &#8211; Aux\u00edlio Emergencial: Edital PROAES\/UFMS n\u00b0 61, 26 de maio de 2023 &nbsp; Edital PROAES\/UFMS N\u00ba 15, de [&hellip;]","og_url":"https:\/\/cpcs.ufms.br\/secae\/edital\/editais2023\/","og_site_name":"Campus de Chapad\u00e3o do Sul","article_modified_time":"2023-08-24T14:30:11+00:00","twitter_misc":{"Est. reading time":"2 minutes","Written by":"Vilela Bezerra"},"schema":{"@context":"https:\/\/schema.org","@graph":[{"@type":"WebPage","@id":"https:\/\/cpcs.ufms.br\/secae\/edital\/editais2023\/","url":"https:\/\/cpcs.ufms.br\/secae\/edital\/editais2023\/","name":"Editais 2023 - Campus de Chapad\u00e3o do Sul","isPartOf":{"@id":"https:\/\/cpcs.ufms.br\/#website"},"datePublished":"2023-01-18T12:51:41+00:00","dateModified":"2023-08-24T14:30:11+00:00","breadcrumb":{"@id":"https:\/\/cpcs.ufms.br\/secae\/edital\/editais2023\/#breadcrumb"},"inLanguage":"en-US","potentialAction":[{"@type":"ReadAction","target":["https:\/\/cpcs.ufms.br\/secae\/edital\/editais2023\/"]}]},{"@type":"BreadcrumbList","@id":"https:\/\/cpcs.ufms.br\/secae\/edital\/editais2023\/#breadcrumb","itemListElement":[{"@type":"ListItem","position":1,"name":"In\u00edcio","item":"https:\/\/cpcs.ufms.br\/"},{"@type":"ListItem","position":2,"name":"Secae","item":"https:\/\/cpcs.ufms.br\/secae\/"},{"@type":"ListItem","position":3,"name":"Editais","item":"https:\/\/cpcs.ufms.br\/secae\/edital\/"},{"@type":"ListItem","position":4,"name":"Editais 2023"}]},{"@type":"WebSite","@id":"https:\/\/cpcs.ufms.br\/#website","url":"https:\/\/cpcs.ufms.br\/","name":"Campus de Chapad\u00e3o do Sul","description":"Universidade Federal de Mato Grosso do Sul","potentialAction":[{"@type":"SearchAction","target":{"@type":"EntryPoint","urlTemplate":"https:\/\/cpcs.ufms.br\/?s={search_term_string}"},"query-input":{"@type":"PropertyValueSpecification","valueRequired":true,"valueName":"search_term_string"}}],"inLanguage":"en-US"}]}},"_links":{"self":[{"href":"https:\/\/cpcs.ufms.br\/en\/wp-json\/wp\/v2\/pages\/8697","targetHints":{"allow":["GET"]}}],"collection":[{"href":"https:\/\/cpcs.ufms.br\/en\/wp-json\/wp\/v2\/pages"}],"about":[{"href":"https:\/\/cpcs.ufms.br\/en\/wp-json\/wp\/v2\/types\/page"}],"author":[{"embeddable":true,"href":"https:\/\/cpcs.ufms.br\/en\/wp-json\/wp\/v2\/users\/3221"}],"replies":[{"embeddable":true,"href":"https:\/\/cpcs.ufms.br\/en\/wp-json\/wp\/v2\/comments?post=8697"}],"version-history":[{"count":14,"href":"https:\/\/cpcs.ufms.br\/en\/wp-json\/wp\/v2\/pages\/8697\/revisions"}],"predecessor-version":[{"id":9946,"href":"https:\/\/cpcs.ufms.br\/en\/wp-json\/wp\/v2\/pages\/8697\/revisions\/9946"}],"up":[{"embeddable":true,"href":"https:\/\/cpcs.ufms.br\/en\/wp-json\/wp\/v2\/pages\/7648"}],"wp:attachment":[{"href":"https:\/\/cpcs.ufms.br\/en\/wp-json\/wp\/v2\/media?parent=8697"}],"wp:term":[{"taxonomy":"author","embeddable":true,"href":"https:\/\/cpcs.ufms.br\/en\/wp-json\/wp\/v2\/coauthors?post=8697"}],"curies":[{"name":"wp","href":"https:\/\/api.w.org\/{rel}","templated":true}]}}