{"id":822,"date":"2013-03-13T10:27:43","date_gmt":"2013-03-13T14:27:43","guid":{"rendered":"http:\/\/cpcs.draconis.ufms.br\/?page_id=822"},"modified":"2022-06-13T20:27:47","modified_gmt":"2022-06-14T00:27:47","slug":"professor-kleber-augusto-gastaldi","status":"publish","type":"page","link":"https:\/\/cpcs.ufms.br\/en\/diretor\/professor-kleber-augusto-gastaldi\/","title":{"rendered":"Kleber Augusto Gastaldi"},"content":{"rendered":"<p><a href=\"http:\/\/cpcs.draconis.ufms.br\/files\/2013\/03\/web_prof_kleber.jpg\"><img decoding=\"async\" class=\"size-full wp-image-823 aligncenter\" src=\"http:\/\/cpcs.draconis.ufms.br\/files\/2013\/03\/web_prof_kleber.jpg\" alt=\"web_prof_kleber\" width=\"111\" height=\"150\"><\/a><\/p>\n<table border=\"0\" width=\"100%\" cellpadding=\"0\">\n<tbody>\n<tr>\n<td width=\"17%\"><strong>Doutorado<\/strong><\/td>\n<td width=\"80%\">Zootecnia (Produ\u00e7\u00e3o Animal), FCAV\/UNESP \u2013 Jaboticabal, SP \u2013 2002.<\/td>\n<\/tr>\n<tr>\n<td width=\"17%\"><strong>Mestrado<\/strong><\/td>\n<td width=\"80%\">Zootecnia (Produ\u00e7\u00e3o Animal), FCAV\/UNESP \u2013 Jabticabal, SP \u2013 1998.<\/td>\n<\/tr>\n<tr>\n<td width=\"17%\"><strong>Gradua\u00e7\u00e3o<\/strong><\/td>\n<td width=\"80%\">Zootecnia, FCAV\/UNESP &#8211; Jaboticabal, SP &#8211; 1996.<\/td>\n<\/tr>\n<\/tbody>\n<\/table>\n<p>&nbsp;<\/p>\n<p><strong>\u00c1reas e Linhas de Pesquisa:<\/strong><\/p>\n<ul>\n<li>Nutri\u00e7\u00e3o de Ruminantes<\/li>\n<li>Alimentos e Alimenta\u00e7\u00e3o Animal<\/li>\n<li>Forragicultura e Pastagens<\/li>\n<\/ul>\n<p>&nbsp;<\/p>\n<p><strong>E-mail:<\/strong>&nbsp;kleber.gastaldi@ufms.br<a href=\"mailto:.leal@ufms.br\"><br \/>\n<\/a><\/p>\n<p><strong>Telefone:<\/strong>&nbsp;(67) 3562-6313<\/p>\n<p>&nbsp;<\/p>\n<p style=\"text-align: center\"><a href=\"http:\/\/lattes.cnpq.br\/1225614509331066\" target=\"_blank\" rel=\"noopener noreferrer\">(Curr\u00edculo &#8211; Plataforma Lattes)<\/a><\/p>\n<p>&nbsp;<\/p>\n","protected":false},"excerpt":{"rendered":"<p>Doutorado Zootecnia (Produ\u00e7\u00e3o Animal), FCAV\/UNESP \u2013 Jaboticabal, SP \u2013 2002. Mestrado Zootecnia (Produ\u00e7\u00e3o Animal), FCAV\/UNESP \u2013 Jabticabal, SP \u2013 1998. Gradua\u00e7\u00e3o Zootecnia, FCAV\/UNESP &#8211; Jaboticabal, SP &#8211; 1996. &nbsp; \u00c1reas e Linhas de Pesquisa: Nutri\u00e7\u00e3o de Ruminantes Alimentos e Alimenta\u00e7\u00e3o Animal Forragicultura e Pastagens &nbsp; E-mail:&nbsp;kleber.gastaldi@ufms.br Telefone:&nbsp;(67) 3562-6313 &nbsp; (Curr\u00edculo &#8211; Plataforma Lattes) &nbsp;<\/p>\n","protected":false},"author":148,"featured_media":0,"parent":1281,"menu_order":0,"comment_status":"closed","ping_status":"open","template":"","meta":{"ngg_post_thumbnail":0,"footnotes":""},"coauthors":[],"class_list":["post-822","page","type-page","status-publish","hentry"],"yoast_head":"<!-- This site is optimized with the Yoast SEO plugin v26.2 - https:\/\/yoast.com\/wordpress\/plugins\/seo\/ -->\n<title>Kleber Augusto Gastaldi - Campus de Chapad\u00e3o do Sul<\/title>\n<meta name=\"robots\" content=\"index, follow, max-snippet:-1, max-image-preview:large, max-video-preview:-1\" \/>\n<link rel=\"canonical\" href=\"https:\/\/cpcs.ufms.br\/diretor\/professor-kleber-augusto-gastaldi\/\" \/>\n<meta property=\"og:locale\" content=\"en_US\" \/>\n<meta property=\"og:type\" content=\"article\" \/>\n<meta property=\"og:title\" content=\"Kleber Augusto Gastaldi - Campus de Chapad\u00e3o do Sul\" \/>\n<meta property=\"og:description\" content=\"Doutorado Zootecnia (Produ\u00e7\u00e3o Animal), FCAV\/UNESP \u2013 Jaboticabal, SP \u2013 2002. Mestrado Zootecnia (Produ\u00e7\u00e3o Animal), FCAV\/UNESP \u2013 Jabticabal, SP \u2013 1998. Gradua\u00e7\u00e3o Zootecnia, FCAV\/UNESP &#8211; Jaboticabal, SP &#8211; 1996. &nbsp; \u00c1reas e Linhas de Pesquisa: Nutri\u00e7\u00e3o de Ruminantes Alimentos e Alimenta\u00e7\u00e3o Animal Forragicultura e Pastagens &nbsp; E-mail:&nbsp;kleber.gastaldi@ufms.br Telefone:&nbsp;(67) 3562-6313 &nbsp; (Curr\u00edculo &#8211; Plataforma Lattes) &nbsp;\" \/>\n<meta property=\"og:url\" content=\"https:\/\/cpcs.ufms.br\/diretor\/professor-kleber-augusto-gastaldi\/\" \/>\n<meta property=\"og:site_name\" content=\"Campus de Chapad\u00e3o do Sul\" \/>\n<meta property=\"article:modified_time\" content=\"2022-06-14T00:27:47+00:00\" \/>\n<meta property=\"og:image\" content=\"http:\/\/cpcs.draconis.ufms.br\/files\/2013\/03\/web_prof_kleber.jpg\" \/>\n<meta name=\"twitter:label1\" content=\"Est. reading time\" \/>\n\t<meta name=\"twitter:data1\" content=\"1 minute\" \/>\n<script type=\"application\/ld+json\" class=\"yoast-schema-graph\">{\"@context\":\"https:\/\/schema.org\",\"@graph\":[{\"@type\":\"WebPage\",\"@id\":\"https:\/\/cpcs.ufms.br\/diretor\/professor-kleber-augusto-gastaldi\/\",\"url\":\"https:\/\/cpcs.ufms.br\/diretor\/professor-kleber-augusto-gastaldi\/\",\"name\":\"Kleber Augusto Gastaldi - Campus de Chapad\u00e3o do Sul\",\"isPartOf\":{\"@id\":\"https:\/\/cpcs.ufms.br\/#website\"},\"primaryImageOfPage\":{\"@id\":\"https:\/\/cpcs.ufms.br\/diretor\/professor-kleber-augusto-gastaldi\/#primaryimage\"},\"image\":{\"@id\":\"https:\/\/cpcs.ufms.br\/diretor\/professor-kleber-augusto-gastaldi\/#primaryimage\"},\"thumbnailUrl\":\"http:\/\/cpcs.draconis.ufms.br\/files\/2013\/03\/web_prof_kleber.jpg\",\"datePublished\":\"2013-03-13T14:27:43+00:00\",\"dateModified\":\"2022-06-14T00:27:47+00:00\",\"breadcrumb\":{\"@id\":\"https:\/\/cpcs.ufms.br\/diretor\/professor-kleber-augusto-gastaldi\/#breadcrumb\"},\"inLanguage\":\"en-US\",\"potentialAction\":[{\"@type\":\"ReadAction\",\"target\":[\"https:\/\/cpcs.ufms.br\/diretor\/professor-kleber-augusto-gastaldi\/\"]}]},{\"@type\":\"ImageObject\",\"inLanguage\":\"en-US\",\"@id\":\"https:\/\/cpcs.ufms.br\/diretor\/professor-kleber-augusto-gastaldi\/#primaryimage\",\"url\":\"http:\/\/cpcs.draconis.ufms.br\/files\/2013\/03\/web_prof_kleber.jpg\",\"contentUrl\":\"http:\/\/cpcs.draconis.ufms.br\/files\/2013\/03\/web_prof_kleber.jpg\"},{\"@type\":\"BreadcrumbList\",\"@id\":\"https:\/\/cpcs.ufms.br\/diretor\/professor-kleber-augusto-gastaldi\/#breadcrumb\",\"itemListElement\":[{\"@type\":\"ListItem\",\"position\":1,\"name\":\"In\u00edcio\",\"item\":\"https:\/\/cpcs.ufms.br\/\"},{\"@type\":\"ListItem\",\"position\":2,\"name\":\"DIRETOR\",\"item\":\"https:\/\/cpcs.ufms.br\/diretor\/\"},{\"@type\":\"ListItem\",\"position\":3,\"name\":\"Kleber Augusto Gastaldi\"}]},{\"@type\":\"WebSite\",\"@id\":\"https:\/\/cpcs.ufms.br\/#website\",\"url\":\"https:\/\/cpcs.ufms.br\/\",\"name\":\"Campus de Chapad\u00e3o do Sul\",\"description\":\"Universidade Federal de Mato Grosso do Sul\",\"potentialAction\":[{\"@type\":\"SearchAction\",\"target\":{\"@type\":\"EntryPoint\",\"urlTemplate\":\"https:\/\/cpcs.ufms.br\/?s={search_term_string}\"},\"query-input\":{\"@type\":\"PropertyValueSpecification\",\"valueRequired\":true,\"valueName\":\"search_term_string\"}}],\"inLanguage\":\"en-US\"}]}<\/script>\n<!-- \/ Yoast SEO plugin. -->","yoast_head_json":{"title":"Kleber Augusto Gastaldi - Campus de Chapad\u00e3o do Sul","robots":{"index":"index","follow":"follow","max-snippet":"max-snippet:-1","max-image-preview":"max-image-preview:large","max-video-preview":"max-video-preview:-1"},"canonical":"https:\/\/cpcs.ufms.br\/diretor\/professor-kleber-augusto-gastaldi\/","og_locale":"en_US","og_type":"article","og_title":"Kleber Augusto Gastaldi - Campus de Chapad\u00e3o do Sul","og_description":"Doutorado Zootecnia (Produ\u00e7\u00e3o Animal), FCAV\/UNESP \u2013 Jaboticabal, SP \u2013 2002. Mestrado Zootecnia (Produ\u00e7\u00e3o Animal), FCAV\/UNESP \u2013 Jabticabal, SP \u2013 1998. Gradua\u00e7\u00e3o Zootecnia, FCAV\/UNESP &#8211; Jaboticabal, SP &#8211; 1996. &nbsp; \u00c1reas e Linhas de Pesquisa: Nutri\u00e7\u00e3o de Ruminantes Alimentos e Alimenta\u00e7\u00e3o Animal Forragicultura e Pastagens &nbsp; E-mail:&nbsp;kleber.gastaldi@ufms.br Telefone:&nbsp;(67) 3562-6313 &nbsp; (Curr\u00edculo &#8211; Plataforma Lattes) &nbsp;","og_url":"https:\/\/cpcs.ufms.br\/diretor\/professor-kleber-augusto-gastaldi\/","og_site_name":"Campus de Chapad\u00e3o do Sul","article_modified_time":"2022-06-14T00:27:47+00:00","og_image":[{"url":"http:\/\/cpcs.draconis.ufms.br\/files\/2013\/03\/web_prof_kleber.jpg","type":"","width":"","height":""}],"twitter_misc":{"Est. reading time":"1 minute"},"schema":{"@context":"https:\/\/schema.org","@graph":[{"@type":"WebPage","@id":"https:\/\/cpcs.ufms.br\/diretor\/professor-kleber-augusto-gastaldi\/","url":"https:\/\/cpcs.ufms.br\/diretor\/professor-kleber-augusto-gastaldi\/","name":"Kleber Augusto Gastaldi - Campus de Chapad\u00e3o do Sul","isPartOf":{"@id":"https:\/\/cpcs.ufms.br\/#website"},"primaryImageOfPage":{"@id":"https:\/\/cpcs.ufms.br\/diretor\/professor-kleber-augusto-gastaldi\/#primaryimage"},"image":{"@id":"https:\/\/cpcs.ufms.br\/diretor\/professor-kleber-augusto-gastaldi\/#primaryimage"},"thumbnailUrl":"http:\/\/cpcs.draconis.ufms.br\/files\/2013\/03\/web_prof_kleber.jpg","datePublished":"2013-03-13T14:27:43+00:00","dateModified":"2022-06-14T00:27:47+00:00","breadcrumb":{"@id":"https:\/\/cpcs.ufms.br\/diretor\/professor-kleber-augusto-gastaldi\/#breadcrumb"},"inLanguage":"en-US","potentialAction":[{"@type":"ReadAction","target":["https:\/\/cpcs.ufms.br\/diretor\/professor-kleber-augusto-gastaldi\/"]}]},{"@type":"ImageObject","inLanguage":"en-US","@id":"https:\/\/cpcs.ufms.br\/diretor\/professor-kleber-augusto-gastaldi\/#primaryimage","url":"http:\/\/cpcs.draconis.ufms.br\/files\/2013\/03\/web_prof_kleber.jpg","contentUrl":"http:\/\/cpcs.draconis.ufms.br\/files\/2013\/03\/web_prof_kleber.jpg"},{"@type":"BreadcrumbList","@id":"https:\/\/cpcs.ufms.br\/diretor\/professor-kleber-augusto-gastaldi\/#breadcrumb","itemListElement":[{"@type":"ListItem","position":1,"name":"In\u00edcio","item":"https:\/\/cpcs.ufms.br\/"},{"@type":"ListItem","position":2,"name":"DIRETOR","item":"https:\/\/cpcs.ufms.br\/diretor\/"},{"@type":"ListItem","position":3,"name":"Kleber Augusto Gastaldi"}]},{"@type":"WebSite","@id":"https:\/\/cpcs.ufms.br\/#website","url":"https:\/\/cpcs.ufms.br\/","name":"Campus de Chapad\u00e3o do Sul","description":"Universidade Federal de Mato Grosso do Sul","potentialAction":[{"@type":"SearchAction","target":{"@type":"EntryPoint","urlTemplate":"https:\/\/cpcs.ufms.br\/?s={search_term_string}"},"query-input":{"@type":"PropertyValueSpecification","valueRequired":true,"valueName":"search_term_string"}}],"inLanguage":"en-US"}]}},"_links":{"self":[{"href":"https:\/\/cpcs.ufms.br\/en\/wp-json\/wp\/v2\/pages\/822","targetHints":{"allow":["GET"]}}],"collection":[{"href":"https:\/\/cpcs.ufms.br\/en\/wp-json\/wp\/v2\/pages"}],"about":[{"href":"https:\/\/cpcs.ufms.br\/en\/wp-json\/wp\/v2\/types\/page"}],"author":[{"embeddable":true,"href":"https:\/\/cpcs.ufms.br\/en\/wp-json\/wp\/v2\/users\/148"}],"replies":[{"embeddable":true,"href":"https:\/\/cpcs.ufms.br\/en\/wp-json\/wp\/v2\/comments?post=822"}],"version-history":[{"count":6,"href":"https:\/\/cpcs.ufms.br\/en\/wp-json\/wp\/v2\/pages\/822\/revisions"}],"predecessor-version":[{"id":8229,"href":"https:\/\/cpcs.ufms.br\/en\/wp-json\/wp\/v2\/pages\/822\/revisions\/8229"}],"up":[{"embeddable":true,"href":"https:\/\/cpcs.ufms.br\/en\/wp-json\/wp\/v2\/pages\/1281"}],"wp:attachment":[{"href":"https:\/\/cpcs.ufms.br\/en\/wp-json\/wp\/v2\/media?parent=822"}],"wp:term":[{"taxonomy":"author","embeddable":true,"href":"https:\/\/cpcs.ufms.br\/en\/wp-json\/wp\/v2\/coauthors?post=822"}],"curies":[{"name":"wp","href":"https:\/\/api.w.org\/{rel}","templated":true}]}}