{"id":8206,"date":"2022-06-13T20:02:19","date_gmt":"2022-06-14T00:02:19","guid":{"rendered":"https:\/\/cpcs.ufms.br\/?page_id=8206"},"modified":"2022-06-13T20:02:19","modified_gmt":"2022-06-14T00:02:19","slug":"wallace-da-silva-de-almeida","status":"publish","type":"page","link":"https:\/\/cpcs.ufms.br\/en\/docentes\/administracao\/wallace-da-silva-de-almeida\/","title":{"rendered":"Wallace da Silva de Almeida"},"content":{"rendered":"<p style=\"text-align: center\"><a href=\"https:\/\/cpcs.ufms.br\/files\/2022\/06\/wallace-e1655164374467.jpeg\"><img fetchpriority=\"high\" decoding=\"async\" class=\"wp-image-8207 aligncenter\" src=\"https:\/\/cpcs.ufms.br\/files\/2022\/06\/wallace-e1655164374467.jpeg\" alt=\"\" width=\"273\" height=\"273\" srcset=\"https:\/\/cpcs.ufms.br\/files\/2022\/06\/wallace-e1655164374467.jpeg 800w, https:\/\/cpcs.ufms.br\/files\/2022\/06\/wallace-e1655164374467-320x320.jpeg 320w, https:\/\/cpcs.ufms.br\/files\/2022\/06\/wallace-e1655164374467-60x60.jpeg 60w, https:\/\/cpcs.ufms.br\/files\/2022\/06\/wallace-e1655164374467-600x600.jpeg 600w\" sizes=\"(max-width: 273px) 100vw, 273px\" \/><\/a>&nbsp;<\/p>\n<p>&nbsp;<\/p>\n<table border=\"0\" width=\"100%\" cellpadding=\"0\">\n<tbody>\n<tr>\n<td width=\"17%\"><strong>Doutorado<\/strong><\/td>\n<td width=\"80%\">Doutorado em Economia,<span class=\"ajaxCAPES\" data-param=\"&amp;codigoCurso=32006012009P0&amp;nivelCurso=D\">&nbsp;<\/span>UFU &#8211; 2019.<\/td>\n<\/tr>\n<tr>\n<td width=\"17%\"><strong>Mestrado<\/strong><\/td>\n<td width=\"80%\">Mestrado em Engenharia de Produ\u00e7\u00e3o, UFRN &#8211; 2017.<\/td>\n<\/tr>\n<tr>\n<td width=\"17%\"><strong>Mestrado<\/strong><\/td>\n<td width=\"80%\">Mestrado em Economia pela Universidade Federal de Pernambuco , UFPE &#8211; 2015.<\/td>\n<\/tr>\n<tr>\n<td width=\"17%\"><strong>Gradua\u00e7\u00e3o<\/strong><\/td>\n<td width=\"80%\">Gradua\u00e7\u00e3o em Ci\u00eancias Cont\u00e1beis, UNICSUL &#8211; 2020.<\/td>\n<\/tr>\n<tr>\n<td width=\"17%\"><strong>Gradua\u00e7\u00e3o<\/strong><\/td>\n<td width=\"80%\">Gradua\u00e7\u00e3o em Ci\u00eancias Econ\u00f4micas, UFRN &#8211; 2012.<\/td>\n<\/tr>\n<\/tbody>\n<\/table>\n<p>&nbsp;<\/p>\n<p><strong>\u00c1reas e Linhas de Pesquisa:<\/strong><\/p>\n<ul>\n<li>M\u00e9todos Quantitativos<\/li>\n<li>Desenvolvimento Econ\u00f4mico e Social<\/li>\n<li>Pol\u00edticas P\u00fablicas<\/li>\n<li>Produtividade e efici\u00eancia<\/li>\n<\/ul>\n<p>&nbsp;<\/p>\n<p><strong>E-mail:<\/strong> <a href=\"mailto:wallace_almeida@ufms.br\" target=\"_blank\" rel=\"noreferrer noopener\" data-auth=\"NotApplicable\" data-linkindex=\"5\">wallace_almeida@ufms.br<\/a><\/p>\n<p><strong>Telefone:<\/strong> (67) 3562-6310<\/p>\n<p>&nbsp;<\/p>\n<p style=\"text-align: center\"><a href=\"http:\/\/lattes.cnpq.br\/0314882278646018\" target=\"_blank\" rel=\"noopener noreferrer\">(Curr\u00edculo &#8211; Plataforma Lattes)<\/a><\/p>\n","protected":false},"excerpt":{"rendered":"<p>&nbsp; &nbsp; Doutorado Doutorado em Economia,&nbsp;UFU &#8211; 2019. Mestrado Mestrado em Engenharia de Produ\u00e7\u00e3o, UFRN &#8211; 2017. Mestrado Mestrado em Economia pela Universidade Federal de Pernambuco , UFPE &#8211; 2015. Gradua\u00e7\u00e3o Gradua\u00e7\u00e3o em Ci\u00eancias Cont\u00e1beis, UNICSUL &#8211; 2020. Gradua\u00e7\u00e3o Gradua\u00e7\u00e3o em Ci\u00eancias Econ\u00f4micas, UFRN &#8211; 2012. &nbsp; \u00c1reas e Linhas de Pesquisa: M\u00e9todos Quantitativos Desenvolvimento [&hellip;]<\/p>\n","protected":false},"author":35413,"featured_media":0,"parent":82,"menu_order":0,"comment_status":"closed","ping_status":"closed","template":"","meta":{"ngg_post_thumbnail":0,"footnotes":""},"coauthors":[39],"class_list":["post-8206","page","type-page","status-publish","hentry"],"yoast_head":"<!-- This site is optimized with the Yoast SEO plugin v26.2 - https:\/\/yoast.com\/wordpress\/plugins\/seo\/ -->\n<title>Wallace da Silva de Almeida - Campus de Chapad\u00e3o do Sul<\/title>\n<meta name=\"robots\" content=\"index, follow, max-snippet:-1, max-image-preview:large, max-video-preview:-1\" \/>\n<link rel=\"canonical\" href=\"https:\/\/cpcs.ufms.br\/docentes\/administracao\/wallace-da-silva-de-almeida\/\" \/>\n<meta property=\"og:locale\" content=\"en_US\" \/>\n<meta property=\"og:type\" content=\"article\" \/>\n<meta property=\"og:title\" content=\"Wallace da Silva de Almeida - Campus de Chapad\u00e3o do Sul\" \/>\n<meta property=\"og:description\" content=\"&nbsp; &nbsp; Doutorado Doutorado em Economia,&nbsp;UFU &#8211; 2019. Mestrado Mestrado em Engenharia de Produ\u00e7\u00e3o, UFRN &#8211; 2017. Mestrado Mestrado em Economia pela Universidade Federal de Pernambuco , UFPE &#8211; 2015. Gradua\u00e7\u00e3o Gradua\u00e7\u00e3o em Ci\u00eancias Cont\u00e1beis, UNICSUL &#8211; 2020. Gradua\u00e7\u00e3o Gradua\u00e7\u00e3o em Ci\u00eancias Econ\u00f4micas, UFRN &#8211; 2012. &nbsp; \u00c1reas e Linhas de Pesquisa: M\u00e9todos Quantitativos Desenvolvimento [&hellip;]\" \/>\n<meta property=\"og:url\" content=\"https:\/\/cpcs.ufms.br\/docentes\/administracao\/wallace-da-silva-de-almeida\/\" \/>\n<meta property=\"og:site_name\" content=\"Campus de Chapad\u00e3o do Sul\" \/>\n<meta property=\"og:image\" content=\"https:\/\/cpcs.ufms.br\/files\/2022\/06\/wallace-e1655164374467.jpeg\" \/>\n<meta name=\"twitter:label1\" content=\"Est. reading time\" \/>\n\t<meta name=\"twitter:data1\" content=\"1 minute\" \/>\n\t<meta name=\"twitter:label2\" content=\"Written by\" \/>\n\t<meta name=\"twitter:data2\" content=\"Maik Oliveira Silva\" \/>\n<script type=\"application\/ld+json\" class=\"yoast-schema-graph\">{\"@context\":\"https:\/\/schema.org\",\"@graph\":[{\"@type\":\"WebPage\",\"@id\":\"https:\/\/cpcs.ufms.br\/docentes\/administracao\/wallace-da-silva-de-almeida\/\",\"url\":\"https:\/\/cpcs.ufms.br\/docentes\/administracao\/wallace-da-silva-de-almeida\/\",\"name\":\"Wallace da Silva de Almeida - Campus de Chapad\u00e3o do Sul\",\"isPartOf\":{\"@id\":\"https:\/\/cpcs.ufms.br\/#website\"},\"primaryImageOfPage\":{\"@id\":\"https:\/\/cpcs.ufms.br\/docentes\/administracao\/wallace-da-silva-de-almeida\/#primaryimage\"},\"image\":{\"@id\":\"https:\/\/cpcs.ufms.br\/docentes\/administracao\/wallace-da-silva-de-almeida\/#primaryimage\"},\"thumbnailUrl\":\"https:\/\/cpcs.ufms.br\/files\/2022\/06\/wallace-e1655164374467.jpeg\",\"datePublished\":\"2022-06-14T00:02:19+00:00\",\"breadcrumb\":{\"@id\":\"https:\/\/cpcs.ufms.br\/docentes\/administracao\/wallace-da-silva-de-almeida\/#breadcrumb\"},\"inLanguage\":\"en-US\",\"potentialAction\":[{\"@type\":\"ReadAction\",\"target\":[\"https:\/\/cpcs.ufms.br\/docentes\/administracao\/wallace-da-silva-de-almeida\/\"]}]},{\"@type\":\"ImageObject\",\"inLanguage\":\"en-US\",\"@id\":\"https:\/\/cpcs.ufms.br\/docentes\/administracao\/wallace-da-silva-de-almeida\/#primaryimage\",\"url\":\"https:\/\/cpcs.ufms.br\/files\/2022\/06\/wallace-e1655164374467.jpeg\",\"contentUrl\":\"https:\/\/cpcs.ufms.br\/files\/2022\/06\/wallace-e1655164374467.jpeg\"},{\"@type\":\"BreadcrumbList\",\"@id\":\"https:\/\/cpcs.ufms.br\/docentes\/administracao\/wallace-da-silva-de-almeida\/#breadcrumb\",\"itemListElement\":[{\"@type\":\"ListItem\",\"position\":1,\"name\":\"In\u00edcio\",\"item\":\"https:\/\/cpcs.ufms.br\/\"},{\"@type\":\"ListItem\",\"position\":2,\"name\":\"Docentes\",\"item\":\"https:\/\/cpcs.ufms.br\/docentes\/\"},{\"@type\":\"ListItem\",\"position\":3,\"name\":\"Administra\u00e7\u00e3o\",\"item\":\"https:\/\/cpcs.ufms.br\/docentes\/administracao\/\"},{\"@type\":\"ListItem\",\"position\":4,\"name\":\"Wallace da Silva de Almeida\"}]},{\"@type\":\"WebSite\",\"@id\":\"https:\/\/cpcs.ufms.br\/#website\",\"url\":\"https:\/\/cpcs.ufms.br\/\",\"name\":\"Campus de Chapad\u00e3o do Sul\",\"description\":\"Universidade Federal de Mato Grosso do Sul\",\"potentialAction\":[{\"@type\":\"SearchAction\",\"target\":{\"@type\":\"EntryPoint\",\"urlTemplate\":\"https:\/\/cpcs.ufms.br\/?s={search_term_string}\"},\"query-input\":{\"@type\":\"PropertyValueSpecification\",\"valueRequired\":true,\"valueName\":\"search_term_string\"}}],\"inLanguage\":\"en-US\"}]}<\/script>\n<!-- \/ Yoast SEO plugin. -->","yoast_head_json":{"title":"Wallace da Silva de Almeida - Campus de Chapad\u00e3o do Sul","robots":{"index":"index","follow":"follow","max-snippet":"max-snippet:-1","max-image-preview":"max-image-preview:large","max-video-preview":"max-video-preview:-1"},"canonical":"https:\/\/cpcs.ufms.br\/docentes\/administracao\/wallace-da-silva-de-almeida\/","og_locale":"en_US","og_type":"article","og_title":"Wallace da Silva de Almeida - Campus de Chapad\u00e3o do Sul","og_description":"&nbsp; &nbsp; Doutorado Doutorado em Economia,&nbsp;UFU &#8211; 2019. Mestrado Mestrado em Engenharia de Produ\u00e7\u00e3o, UFRN &#8211; 2017. Mestrado Mestrado em Economia pela Universidade Federal de Pernambuco , UFPE &#8211; 2015. Gradua\u00e7\u00e3o Gradua\u00e7\u00e3o em Ci\u00eancias Cont\u00e1beis, UNICSUL &#8211; 2020. Gradua\u00e7\u00e3o Gradua\u00e7\u00e3o em Ci\u00eancias Econ\u00f4micas, UFRN &#8211; 2012. &nbsp; \u00c1reas e Linhas de Pesquisa: M\u00e9todos Quantitativos Desenvolvimento [&hellip;]","og_url":"https:\/\/cpcs.ufms.br\/docentes\/administracao\/wallace-da-silva-de-almeida\/","og_site_name":"Campus de Chapad\u00e3o do Sul","og_image":[{"url":"https:\/\/cpcs.ufms.br\/files\/2022\/06\/wallace-e1655164374467.jpeg","type":"","width":"","height":""}],"twitter_misc":{"Est. reading time":"1 minute","Written by":"Maik Oliveira Silva"},"schema":{"@context":"https:\/\/schema.org","@graph":[{"@type":"WebPage","@id":"https:\/\/cpcs.ufms.br\/docentes\/administracao\/wallace-da-silva-de-almeida\/","url":"https:\/\/cpcs.ufms.br\/docentes\/administracao\/wallace-da-silva-de-almeida\/","name":"Wallace da Silva de Almeida - Campus de Chapad\u00e3o do Sul","isPartOf":{"@id":"https:\/\/cpcs.ufms.br\/#website"},"primaryImageOfPage":{"@id":"https:\/\/cpcs.ufms.br\/docentes\/administracao\/wallace-da-silva-de-almeida\/#primaryimage"},"image":{"@id":"https:\/\/cpcs.ufms.br\/docentes\/administracao\/wallace-da-silva-de-almeida\/#primaryimage"},"thumbnailUrl":"https:\/\/cpcs.ufms.br\/files\/2022\/06\/wallace-e1655164374467.jpeg","datePublished":"2022-06-14T00:02:19+00:00","breadcrumb":{"@id":"https:\/\/cpcs.ufms.br\/docentes\/administracao\/wallace-da-silva-de-almeida\/#breadcrumb"},"inLanguage":"en-US","potentialAction":[{"@type":"ReadAction","target":["https:\/\/cpcs.ufms.br\/docentes\/administracao\/wallace-da-silva-de-almeida\/"]}]},{"@type":"ImageObject","inLanguage":"en-US","@id":"https:\/\/cpcs.ufms.br\/docentes\/administracao\/wallace-da-silva-de-almeida\/#primaryimage","url":"https:\/\/cpcs.ufms.br\/files\/2022\/06\/wallace-e1655164374467.jpeg","contentUrl":"https:\/\/cpcs.ufms.br\/files\/2022\/06\/wallace-e1655164374467.jpeg"},{"@type":"BreadcrumbList","@id":"https:\/\/cpcs.ufms.br\/docentes\/administracao\/wallace-da-silva-de-almeida\/#breadcrumb","itemListElement":[{"@type":"ListItem","position":1,"name":"In\u00edcio","item":"https:\/\/cpcs.ufms.br\/"},{"@type":"ListItem","position":2,"name":"Docentes","item":"https:\/\/cpcs.ufms.br\/docentes\/"},{"@type":"ListItem","position":3,"name":"Administra\u00e7\u00e3o","item":"https:\/\/cpcs.ufms.br\/docentes\/administracao\/"},{"@type":"ListItem","position":4,"name":"Wallace da Silva de Almeida"}]},{"@type":"WebSite","@id":"https:\/\/cpcs.ufms.br\/#website","url":"https:\/\/cpcs.ufms.br\/","name":"Campus de Chapad\u00e3o do Sul","description":"Universidade Federal de Mato Grosso do Sul","potentialAction":[{"@type":"SearchAction","target":{"@type":"EntryPoint","urlTemplate":"https:\/\/cpcs.ufms.br\/?s={search_term_string}"},"query-input":{"@type":"PropertyValueSpecification","valueRequired":true,"valueName":"search_term_string"}}],"inLanguage":"en-US"}]}},"_links":{"self":[{"href":"https:\/\/cpcs.ufms.br\/en\/wp-json\/wp\/v2\/pages\/8206","targetHints":{"allow":["GET"]}}],"collection":[{"href":"https:\/\/cpcs.ufms.br\/en\/wp-json\/wp\/v2\/pages"}],"about":[{"href":"https:\/\/cpcs.ufms.br\/en\/wp-json\/wp\/v2\/types\/page"}],"author":[{"embeddable":true,"href":"https:\/\/cpcs.ufms.br\/en\/wp-json\/wp\/v2\/users\/35413"}],"replies":[{"embeddable":true,"href":"https:\/\/cpcs.ufms.br\/en\/wp-json\/wp\/v2\/comments?post=8206"}],"version-history":[{"count":1,"href":"https:\/\/cpcs.ufms.br\/en\/wp-json\/wp\/v2\/pages\/8206\/revisions"}],"predecessor-version":[{"id":8208,"href":"https:\/\/cpcs.ufms.br\/en\/wp-json\/wp\/v2\/pages\/8206\/revisions\/8208"}],"up":[{"embeddable":true,"href":"https:\/\/cpcs.ufms.br\/en\/wp-json\/wp\/v2\/pages\/82"}],"wp:attachment":[{"href":"https:\/\/cpcs.ufms.br\/en\/wp-json\/wp\/v2\/media?parent=8206"}],"wp:term":[{"taxonomy":"author","embeddable":true,"href":"https:\/\/cpcs.ufms.br\/en\/wp-json\/wp\/v2\/coauthors?post=8206"}],"curies":[{"name":"wp","href":"https:\/\/api.w.org\/{rel}","templated":true}]}}