{"id":8201,"date":"2022-06-13T19:47:10","date_gmt":"2022-06-13T23:47:10","guid":{"rendered":"https:\/\/cpcs.ufms.br\/?page_id=8201"},"modified":"2022-06-13T19:47:10","modified_gmt":"2022-06-13T23:47:10","slug":"michele-aparecida-nepomuceno-pinto","status":"publish","type":"page","link":"https:\/\/cpcs.ufms.br\/en\/docentes\/administracao\/michele-aparecida-nepomuceno-pinto\/","title":{"rendered":"Michele Aparecida Nepomuceno Pinto"},"content":{"rendered":"<p><a href=\"https:\/\/cpcs.ufms.br\/files\/2022\/06\/michele-scaled-e1655163425895.jpg\"><img decoding=\"async\" class=\" wp-image-8202 aligncenter\" src=\"https:\/\/cpcs.ufms.br\/files\/2022\/06\/michele-scaled-e1655163425895.jpg\" alt=\"\" width=\"151\" height=\"255\" srcset=\"https:\/\/cpcs.ufms.br\/files\/2022\/06\/michele-scaled-e1655163425895.jpg 360w, https:\/\/cpcs.ufms.br\/files\/2022\/06\/michele-scaled-e1655163425895-178x300.jpg 178w, https:\/\/cpcs.ufms.br\/files\/2022\/06\/michele-scaled-e1655163425895-190x320.jpg 190w\" sizes=\"(max-width: 151px) 100vw, 151px\" \/><\/a><\/p>\n<table style=\"width: 100%\" border=\"0\" width=\"100%\" cellpadding=\"0\">\n<tbody>\n<tr>\n<td style=\"width: 22.7205%\" width=\"17%\"><strong>Doutorado<\/strong><\/td>\n<td style=\"width: 74.2795%\" width=\"80%\">Doutora em Economia, Universidade Estadual de Maring\u00e1 &#8211; UEM, Maring\u00e1 \u2013 PR, 2021.<\/td>\n<\/tr>\n<tr>\n<td style=\"width: 22.7205%\" width=\"17%\"><b>Per\u00edodo Doutorado Sandu\u00edche<\/b><\/td>\n<td style=\"width: 74.2795%\" width=\"80%\">Bryant University &#8211; Smithfield, RI &#8211; 2021.<\/td>\n<\/tr>\n<tr>\n<td style=\"width: 22.7205%\" width=\"17%\"><strong>Mestrado<\/strong><\/td>\n<td style=\"width: 74.2795%\" width=\"80%\">Mestre em&nbsp; Economia, Universidade Estadual de Maring\u00e1 &#8211; UEM, Maring\u00e1&nbsp;\u2013 PR, 2014.<\/td>\n<\/tr>\n<tr>\n<td style=\"width: 22.7205%\" width=\"17%\"><strong>Gradua\u00e7\u00e3o<\/strong><\/td>\n<td style=\"width: 74.2795%\" width=\"80%\">Bacharelado em Ci\u00eancias Econ\u00f4micas,&nbsp;Universidade Estadual do Oeste do Paran\u00e1, Francisco Beltr\u00e3o &#8211; PR, 2012.<\/td>\n<\/tr>\n<\/tbody>\n<\/table>\n<p>&nbsp;<\/p>\n<p><strong>\u00c1reas e Linhas de Pesquisa:<\/strong><\/p>\n<ul>\n<li>Economia do trabalho.<\/li>\n<li>Crescimento e desenvolvimento econ\u00f4mico.<\/li>\n<li>Microeconomia, economia quantitativa e finan\u00e7as.<\/li>\n<\/ul>\n<p>&nbsp;<\/p>\n<p><strong>E-mail: <\/strong><a href=\"mailto:michele.nepomuceno@ufms.br\" target=\"_blank\" rel=\"noopener noreferrer\" data-auth=\"NotApplicable\" data-linkindex=\"0\">michele.nepomuceno@ufms.br<\/a><\/p>\n<p><strong>Telefone:<\/strong>&nbsp;(67) 3562-6310<\/p>\n<p>&nbsp;<\/p>\n<p style=\"text-align: center\"><a href=\"http:\/\/lattes.cnpq.br\/0427234214521393\" target=\"_blank\" rel=\"noopener noreferrer\">(Curr\u00edculo &#8211; Plataforma Lattes)<\/a><\/p>\n","protected":false},"excerpt":{"rendered":"<p>Doutorado Doutora em Economia, Universidade Estadual de Maring\u00e1 &#8211; UEM, Maring\u00e1 \u2013 PR, 2021. Per\u00edodo Doutorado Sandu\u00edche Bryant University &#8211; Smithfield, RI &#8211; 2021. Mestrado Mestre em&nbsp; Economia, Universidade Estadual de Maring\u00e1 &#8211; UEM, Maring\u00e1&nbsp;\u2013 PR, 2014. Gradua\u00e7\u00e3o Bacharelado em Ci\u00eancias Econ\u00f4micas,&nbsp;Universidade Estadual do Oeste do Paran\u00e1, Francisco Beltr\u00e3o &#8211; PR, 2012. &nbsp; \u00c1reas e [&hellip;]<\/p>\n","protected":false},"author":35413,"featured_media":0,"parent":82,"menu_order":0,"comment_status":"closed","ping_status":"closed","template":"","meta":{"ngg_post_thumbnail":0,"footnotes":""},"coauthors":[39],"class_list":["post-8201","page","type-page","status-publish","hentry"],"yoast_head":"<!-- This site is optimized with the Yoast SEO plugin v26.2 - https:\/\/yoast.com\/wordpress\/plugins\/seo\/ -->\n<title>Michele Aparecida Nepomuceno Pinto - Campus de Chapad\u00e3o do Sul<\/title>\n<meta name=\"robots\" content=\"index, follow, max-snippet:-1, max-image-preview:large, max-video-preview:-1\" \/>\n<link rel=\"canonical\" href=\"https:\/\/cpcs.ufms.br\/docentes\/administracao\/michele-aparecida-nepomuceno-pinto\/\" \/>\n<meta property=\"og:locale\" content=\"en_US\" \/>\n<meta property=\"og:type\" content=\"article\" \/>\n<meta property=\"og:title\" content=\"Michele Aparecida Nepomuceno Pinto - Campus de Chapad\u00e3o do Sul\" \/>\n<meta property=\"og:description\" content=\"Doutorado Doutora em Economia, Universidade Estadual de Maring\u00e1 &#8211; UEM, Maring\u00e1 \u2013 PR, 2021. Per\u00edodo Doutorado Sandu\u00edche Bryant University &#8211; Smithfield, RI &#8211; 2021. Mestrado Mestre em&nbsp; Economia, Universidade Estadual de Maring\u00e1 &#8211; UEM, Maring\u00e1&nbsp;\u2013 PR, 2014. Gradua\u00e7\u00e3o Bacharelado em Ci\u00eancias Econ\u00f4micas,&nbsp;Universidade Estadual do Oeste do Paran\u00e1, Francisco Beltr\u00e3o &#8211; PR, 2012. &nbsp; \u00c1reas e [&hellip;]\" \/>\n<meta property=\"og:url\" content=\"https:\/\/cpcs.ufms.br\/docentes\/administracao\/michele-aparecida-nepomuceno-pinto\/\" \/>\n<meta property=\"og:site_name\" content=\"Campus de Chapad\u00e3o do Sul\" \/>\n<meta property=\"og:image\" content=\"https:\/\/cpcs.ufms.br\/files\/2022\/06\/michele-scaled-e1655163425895.jpg\" \/>\n<meta name=\"twitter:label1\" content=\"Est. reading time\" \/>\n\t<meta name=\"twitter:data1\" content=\"1 minute\" \/>\n\t<meta name=\"twitter:label2\" content=\"Written by\" \/>\n\t<meta name=\"twitter:data2\" content=\"Maik Oliveira Silva\" \/>\n<script type=\"application\/ld+json\" class=\"yoast-schema-graph\">{\"@context\":\"https:\/\/schema.org\",\"@graph\":[{\"@type\":\"WebPage\",\"@id\":\"https:\/\/cpcs.ufms.br\/docentes\/administracao\/michele-aparecida-nepomuceno-pinto\/\",\"url\":\"https:\/\/cpcs.ufms.br\/docentes\/administracao\/michele-aparecida-nepomuceno-pinto\/\",\"name\":\"Michele Aparecida Nepomuceno Pinto - Campus de Chapad\u00e3o do Sul\",\"isPartOf\":{\"@id\":\"https:\/\/cpcs.ufms.br\/#website\"},\"primaryImageOfPage\":{\"@id\":\"https:\/\/cpcs.ufms.br\/docentes\/administracao\/michele-aparecida-nepomuceno-pinto\/#primaryimage\"},\"image\":{\"@id\":\"https:\/\/cpcs.ufms.br\/docentes\/administracao\/michele-aparecida-nepomuceno-pinto\/#primaryimage\"},\"thumbnailUrl\":\"https:\/\/cpcs.ufms.br\/files\/2022\/06\/michele-scaled-e1655163425895.jpg\",\"datePublished\":\"2022-06-13T23:47:10+00:00\",\"breadcrumb\":{\"@id\":\"https:\/\/cpcs.ufms.br\/docentes\/administracao\/michele-aparecida-nepomuceno-pinto\/#breadcrumb\"},\"inLanguage\":\"en-US\",\"potentialAction\":[{\"@type\":\"ReadAction\",\"target\":[\"https:\/\/cpcs.ufms.br\/docentes\/administracao\/michele-aparecida-nepomuceno-pinto\/\"]}]},{\"@type\":\"ImageObject\",\"inLanguage\":\"en-US\",\"@id\":\"https:\/\/cpcs.ufms.br\/docentes\/administracao\/michele-aparecida-nepomuceno-pinto\/#primaryimage\",\"url\":\"https:\/\/cpcs.ufms.br\/files\/2022\/06\/michele-scaled-e1655163425895.jpg\",\"contentUrl\":\"https:\/\/cpcs.ufms.br\/files\/2022\/06\/michele-scaled-e1655163425895.jpg\"},{\"@type\":\"BreadcrumbList\",\"@id\":\"https:\/\/cpcs.ufms.br\/docentes\/administracao\/michele-aparecida-nepomuceno-pinto\/#breadcrumb\",\"itemListElement\":[{\"@type\":\"ListItem\",\"position\":1,\"name\":\"In\u00edcio\",\"item\":\"https:\/\/cpcs.ufms.br\/\"},{\"@type\":\"ListItem\",\"position\":2,\"name\":\"Docentes\",\"item\":\"https:\/\/cpcs.ufms.br\/docentes\/\"},{\"@type\":\"ListItem\",\"position\":3,\"name\":\"Administra\u00e7\u00e3o\",\"item\":\"https:\/\/cpcs.ufms.br\/docentes\/administracao\/\"},{\"@type\":\"ListItem\",\"position\":4,\"name\":\"Michele Aparecida Nepomuceno Pinto\"}]},{\"@type\":\"WebSite\",\"@id\":\"https:\/\/cpcs.ufms.br\/#website\",\"url\":\"https:\/\/cpcs.ufms.br\/\",\"name\":\"Campus de Chapad\u00e3o do Sul\",\"description\":\"Universidade Federal de Mato Grosso do Sul\",\"potentialAction\":[{\"@type\":\"SearchAction\",\"target\":{\"@type\":\"EntryPoint\",\"urlTemplate\":\"https:\/\/cpcs.ufms.br\/?s={search_term_string}\"},\"query-input\":{\"@type\":\"PropertyValueSpecification\",\"valueRequired\":true,\"valueName\":\"search_term_string\"}}],\"inLanguage\":\"en-US\"}]}<\/script>\n<!-- \/ Yoast SEO plugin. -->","yoast_head_json":{"title":"Michele Aparecida Nepomuceno Pinto - Campus de Chapad\u00e3o do Sul","robots":{"index":"index","follow":"follow","max-snippet":"max-snippet:-1","max-image-preview":"max-image-preview:large","max-video-preview":"max-video-preview:-1"},"canonical":"https:\/\/cpcs.ufms.br\/docentes\/administracao\/michele-aparecida-nepomuceno-pinto\/","og_locale":"en_US","og_type":"article","og_title":"Michele Aparecida Nepomuceno Pinto - Campus de Chapad\u00e3o do Sul","og_description":"Doutorado Doutora em Economia, Universidade Estadual de Maring\u00e1 &#8211; UEM, Maring\u00e1 \u2013 PR, 2021. Per\u00edodo Doutorado Sandu\u00edche Bryant University &#8211; Smithfield, RI &#8211; 2021. Mestrado Mestre em&nbsp; Economia, Universidade Estadual de Maring\u00e1 &#8211; UEM, Maring\u00e1&nbsp;\u2013 PR, 2014. Gradua\u00e7\u00e3o Bacharelado em Ci\u00eancias Econ\u00f4micas,&nbsp;Universidade Estadual do Oeste do Paran\u00e1, Francisco Beltr\u00e3o &#8211; PR, 2012. &nbsp; \u00c1reas e [&hellip;]","og_url":"https:\/\/cpcs.ufms.br\/docentes\/administracao\/michele-aparecida-nepomuceno-pinto\/","og_site_name":"Campus de Chapad\u00e3o do Sul","og_image":[{"url":"https:\/\/cpcs.ufms.br\/files\/2022\/06\/michele-scaled-e1655163425895.jpg","type":"","width":"","height":""}],"twitter_misc":{"Est. reading time":"1 minute","Written by":"Maik Oliveira Silva"},"schema":{"@context":"https:\/\/schema.org","@graph":[{"@type":"WebPage","@id":"https:\/\/cpcs.ufms.br\/docentes\/administracao\/michele-aparecida-nepomuceno-pinto\/","url":"https:\/\/cpcs.ufms.br\/docentes\/administracao\/michele-aparecida-nepomuceno-pinto\/","name":"Michele Aparecida Nepomuceno Pinto - Campus de Chapad\u00e3o do Sul","isPartOf":{"@id":"https:\/\/cpcs.ufms.br\/#website"},"primaryImageOfPage":{"@id":"https:\/\/cpcs.ufms.br\/docentes\/administracao\/michele-aparecida-nepomuceno-pinto\/#primaryimage"},"image":{"@id":"https:\/\/cpcs.ufms.br\/docentes\/administracao\/michele-aparecida-nepomuceno-pinto\/#primaryimage"},"thumbnailUrl":"https:\/\/cpcs.ufms.br\/files\/2022\/06\/michele-scaled-e1655163425895.jpg","datePublished":"2022-06-13T23:47:10+00:00","breadcrumb":{"@id":"https:\/\/cpcs.ufms.br\/docentes\/administracao\/michele-aparecida-nepomuceno-pinto\/#breadcrumb"},"inLanguage":"en-US","potentialAction":[{"@type":"ReadAction","target":["https:\/\/cpcs.ufms.br\/docentes\/administracao\/michele-aparecida-nepomuceno-pinto\/"]}]},{"@type":"ImageObject","inLanguage":"en-US","@id":"https:\/\/cpcs.ufms.br\/docentes\/administracao\/michele-aparecida-nepomuceno-pinto\/#primaryimage","url":"https:\/\/cpcs.ufms.br\/files\/2022\/06\/michele-scaled-e1655163425895.jpg","contentUrl":"https:\/\/cpcs.ufms.br\/files\/2022\/06\/michele-scaled-e1655163425895.jpg"},{"@type":"BreadcrumbList","@id":"https:\/\/cpcs.ufms.br\/docentes\/administracao\/michele-aparecida-nepomuceno-pinto\/#breadcrumb","itemListElement":[{"@type":"ListItem","position":1,"name":"In\u00edcio","item":"https:\/\/cpcs.ufms.br\/"},{"@type":"ListItem","position":2,"name":"Docentes","item":"https:\/\/cpcs.ufms.br\/docentes\/"},{"@type":"ListItem","position":3,"name":"Administra\u00e7\u00e3o","item":"https:\/\/cpcs.ufms.br\/docentes\/administracao\/"},{"@type":"ListItem","position":4,"name":"Michele Aparecida Nepomuceno Pinto"}]},{"@type":"WebSite","@id":"https:\/\/cpcs.ufms.br\/#website","url":"https:\/\/cpcs.ufms.br\/","name":"Campus de Chapad\u00e3o do Sul","description":"Universidade Federal de Mato Grosso do Sul","potentialAction":[{"@type":"SearchAction","target":{"@type":"EntryPoint","urlTemplate":"https:\/\/cpcs.ufms.br\/?s={search_term_string}"},"query-input":{"@type":"PropertyValueSpecification","valueRequired":true,"valueName":"search_term_string"}}],"inLanguage":"en-US"}]}},"_links":{"self":[{"href":"https:\/\/cpcs.ufms.br\/en\/wp-json\/wp\/v2\/pages\/8201","targetHints":{"allow":["GET"]}}],"collection":[{"href":"https:\/\/cpcs.ufms.br\/en\/wp-json\/wp\/v2\/pages"}],"about":[{"href":"https:\/\/cpcs.ufms.br\/en\/wp-json\/wp\/v2\/types\/page"}],"author":[{"embeddable":true,"href":"https:\/\/cpcs.ufms.br\/en\/wp-json\/wp\/v2\/users\/35413"}],"replies":[{"embeddable":true,"href":"https:\/\/cpcs.ufms.br\/en\/wp-json\/wp\/v2\/comments?post=8201"}],"version-history":[{"count":1,"href":"https:\/\/cpcs.ufms.br\/en\/wp-json\/wp\/v2\/pages\/8201\/revisions"}],"predecessor-version":[{"id":8204,"href":"https:\/\/cpcs.ufms.br\/en\/wp-json\/wp\/v2\/pages\/8201\/revisions\/8204"}],"up":[{"embeddable":true,"href":"https:\/\/cpcs.ufms.br\/en\/wp-json\/wp\/v2\/pages\/82"}],"wp:attachment":[{"href":"https:\/\/cpcs.ufms.br\/en\/wp-json\/wp\/v2\/media?parent=8201"}],"wp:term":[{"taxonomy":"author","embeddable":true,"href":"https:\/\/cpcs.ufms.br\/en\/wp-json\/wp\/v2\/coauthors?post=8201"}],"curies":[{"name":"wp","href":"https:\/\/api.w.org\/{rel}","templated":true}]}}