{"id":8186,"date":"2022-06-09T12:10:28","date_gmt":"2022-06-09T16:10:28","guid":{"rendered":"https:\/\/cpcs.ufms.br\/?page_id=8186"},"modified":"2023-08-02T17:15:46","modified_gmt":"2023-08-02T21:15:46","slug":"rita-de-cassia-felix-alvarez","status":"publish","type":"page","link":"https:\/\/cpcs.ufms.br\/en\/docentes\/agronomia\/rita-de-cassia-felix-alvarez\/","title":{"rendered":"Rita de C\u00e1ssia F\u00e9lix Alvarez"},"content":{"rendered":"\t\t<div data-elementor-type=\"wp-page\" data-elementor-id=\"8186\" class=\"elementor elementor-8186\">\n\t\t\t\t\t\t<section class=\"elementor-section elementor-top-section elementor-element elementor-element-d44a797 elementor-section-boxed elementor-section-height-default elementor-section-height-default\" data-id=\"d44a797\" data-element_type=\"section\">\n\t\t\t\t\t\t<div class=\"elementor-container elementor-column-gap-default\">\n\t\t\t\t\t<div class=\"elementor-column elementor-col-100 elementor-top-column elementor-element elementor-element-78a4b85\" data-id=\"78a4b85\" data-element_type=\"column\">\n\t\t\t<div class=\"elementor-widget-wrap elementor-element-populated\">\n\t\t\t\t\t\t<div class=\"elementor-element elementor-element-a1dc1ec elementor-widget elementor-widget-image\" data-id=\"a1dc1ec\" data-element_type=\"widget\" data-widget_type=\"image.default\">\n\t\t\t\t<div class=\"elementor-widget-container\">\n\t\t\t\t\t\t\t\t\t\t\t\t\t\t\t<img fetchpriority=\"high\" decoding=\"async\" width=\"236\" height=\"300\" src=\"https:\/\/cpcs.ufms.br\/files\/2022\/06\/rita-236x300.jpg\" class=\"attachment-medium size-medium wp-image-8188\" alt=\"\" srcset=\"https:\/\/cpcs.ufms.br\/files\/2022\/06\/rita-236x300.jpg 236w, https:\/\/cpcs.ufms.br\/files\/2022\/06\/rita-252x320.jpg 252w, https:\/\/cpcs.ufms.br\/files\/2022\/06\/rita.jpg 415w\" sizes=\"(max-width: 236px) 100vw, 236px\" \/>\t\t\t\t\t\t\t\t\t\t\t\t\t\t\t<\/div>\n\t\t\t\t<\/div>\n\t\t\t\t\t<\/div>\n\t\t<\/div>\n\t\t\t\t\t<\/div>\n\t\t<\/section>\n\t\t\t\t<section class=\"elementor-section elementor-top-section elementor-element elementor-element-31e7263 elementor-section-boxed elementor-section-height-default elementor-section-height-default\" data-id=\"31e7263\" data-element_type=\"section\">\n\t\t\t\t\t\t<div class=\"elementor-container elementor-column-gap-default\">\n\t\t\t\t\t<div class=\"elementor-column elementor-col-100 elementor-top-column elementor-element elementor-element-8d07773\" data-id=\"8d07773\" data-element_type=\"column\">\n\t\t\t<div class=\"elementor-widget-wrap elementor-element-populated\">\n\t\t\t\t\t\t<div class=\"elementor-element elementor-element-65c01c5d elementor-widget elementor-widget-text-editor\" data-id=\"65c01c5d\" data-element_type=\"widget\" data-widget_type=\"text-editor.default\">\n\t\t\t\t<div class=\"elementor-widget-container\">\n\t\t\t\t\t\t\t\t\t<p>\u00a0<\/p><table style=\"border-collapse: collapse;width: 100%;height: 299px\"><tbody><tr style=\"height: 1px\"><td style=\"width: 52.6622%;height: 10px\"><p><span style=\"font-size: 20px\"><strong>Doutorado<\/strong><\/span><\/p><\/td><td style=\"width: 47.3378%;height: 10px\">\u00a0<\/td><\/tr><tr style=\"height: 1px\"><td style=\"width: 100%;height: 10px;text-align: justify;padding-left: 40px\" colspan=\"2\">Agronomia (Agricultura). Universidade Estadual Paulista \u201cJ\u00falio de Mesquita Filho\u201d, Campus de Botucatu, SP, FCA\/UNESP &#8211; 2003.<\/td><\/tr><tr style=\"height: 1px\"><td style=\"width: 52.6622%;height: 10px\">\u00a0<\/td><td style=\"width: 47.3378%;height: 10px\">\u00a0<\/td><\/tr><tr style=\"height: 1px\"><td style=\"width: 52.6622%;height: 10px\"><p><strong><span style=\"font-size: 20px\">Mestrado<\/span><\/strong><\/p><\/td><td style=\"width: 47.3378%;height: 10px\">\u00a0<\/td><\/tr><tr style=\"height: 1px\"><td style=\"width: 100%;height: 24px;text-align: justify;padding-left: 40px\" colspan=\"2\">Agronomia (Agricultura). Universidade Estadual Paulista \u201cJ\u00falio de Mesquita Filho\u201d, Campus de Botucatu, SP, FCA\/UNESP &#8211; 1999.<\/td><\/tr><tr style=\"height: 1px\"><td style=\"width: 52.6622%;height: 24px\">\u00a0<\/td><td style=\"width: 47.3378%;height: 24px\">\u00a0<\/td><\/tr><tr style=\"height: 1px\"><td style=\"width: 52.6622%;height: 10px\"><p><strong><span style=\"font-size: 20px\">Gradua\u00e7\u00e3o<\/span><\/strong><\/p><\/td><td style=\"width: 47.3378%;height: 10px\">\u00a0<\/td><\/tr><tr style=\"height: 1px\"><td style=\"width: 100%;height: 24px;text-align: justify;padding-left: 40px\" colspan=\"2\">Agronomia. FEIS\/UNESP, Ilha Solteira, SP, Brasil &#8211; 1996.<\/td><\/tr><tr style=\"height: 1px\"><td style=\"width: 52.6622%;height: 24px\"><p>\u00a0<\/p><p>\u00a0<\/p><\/td><td style=\"width: 47.3378%;height: 24px\">\u00a0<\/td><\/tr><tr style=\"height: 1px\"><td style=\"width: 52.6622%;height: 19px\"><p><strong><span style=\"font-size: 20px\">\u00c1reas e Linhas de Pesquisa:<\/span><\/strong><\/p><\/td><td style=\"width: 47.3378%;height: 19px\">\u00a0<\/td><\/tr><tr style=\"height: 1px\"><td style=\"width: 100%;height: 24px;text-align: justify;padding-left: 40px\" colspan=\"2\">Agricultura, fitotecnia, manejo e tratos culturais, fisiologia de plantas cultivadas.<\/td><\/tr><tr style=\"height: 1px\"><td style=\"width: 52.6622%;height: 24px\">\u00a0<\/td><td style=\"width: 47.3378%;height: 24px\">\u00a0<\/td><\/tr><tr style=\"height: 1px\"><td style=\"width: 52.6622%;height: 14px\"><p>\u00a0<\/p><p><span style=\"font-size: 20px\"><strong>E-mail:<\/strong><\/span> rita.alvarez@ufms.br<\/p><\/td><td style=\"width: 47.3378%;height: 14px\">\u00a0<\/td><\/tr><tr style=\"height: 1px\"><td style=\"width: 52.6622%;height: 24px\"><span style=\"font-size: 20px\"><strong>Telefone:<\/strong><\/span> (67) 3562-6357<\/td><td style=\"width: 47.3378%;height: 24px\">\u00a0<\/td><\/tr><tr style=\"height: 1px\"><td style=\"width: 52.6622%;height: 24px\">\u00a0<\/td><td style=\"width: 47.3378%;height: 24px\">\u00a0<\/td><\/tr><tr style=\"height: 1px\"><td style=\"width: 100%;text-align: center;height: 24px\" colspan=\"2\"><strong><a href=\"http:\/\/lattes.cnpq.br\/9969509263734624\" target=\"_blank\" rel=\"noopener\">(Curr\u00edculo &#8211; Plataforma Lattes)<\/a><\/strong><\/td><\/tr><\/tbody><\/table>\t\t\t\t\t\t\t\t<\/div>\n\t\t\t\t<\/div>\n\t\t\t\t\t<\/div>\n\t\t<\/div>\n\t\t\t\t\t<\/div>\n\t\t<\/section>\n\t\t\t\t<\/div>\n\t\t","protected":false},"excerpt":{"rendered":"<p>\u00a0 Doutorado \u00a0 Agronomia (Agricultura). Universidade Estadual Paulista \u201cJ\u00falio de Mesquita Filho\u201d, Campus de Botucatu, SP, FCA\/UNESP &#8211; 2003. \u00a0 \u00a0 Mestrado \u00a0 Agronomia (Agricultura). Universidade Estadual Paulista \u201cJ\u00falio de Mesquita Filho\u201d, Campus de Botucatu, SP, FCA\/UNESP &#8211; 1999. \u00a0 \u00a0 Gradua\u00e7\u00e3o \u00a0 Agronomia. FEIS\/UNESP, Ilha Solteira, SP, Brasil &#8211; 1996. \u00a0 \u00a0 \u00a0 \u00c1reas [&hellip;]<\/p>\n","protected":false},"author":35413,"featured_media":0,"parent":6952,"menu_order":0,"comment_status":"closed","ping_status":"closed","template":"","meta":{"ngg_post_thumbnail":0,"footnotes":""},"coauthors":[39],"class_list":["post-8186","page","type-page","status-publish","hentry"],"yoast_head":"<!-- This site is optimized with the Yoast SEO plugin v26.2 - https:\/\/yoast.com\/wordpress\/plugins\/seo\/ -->\n<title>Rita de C\u00e1ssia F\u00e9lix Alvarez - Campus de Chapad\u00e3o do Sul<\/title>\n<meta name=\"robots\" content=\"index, follow, max-snippet:-1, max-image-preview:large, max-video-preview:-1\" \/>\n<link rel=\"canonical\" href=\"https:\/\/cpcs.ufms.br\/docentes\/agronomia\/rita-de-cassia-felix-alvarez\/\" \/>\n<meta property=\"og:locale\" content=\"en_US\" \/>\n<meta property=\"og:type\" content=\"article\" \/>\n<meta property=\"og:title\" content=\"Rita de C\u00e1ssia F\u00e9lix Alvarez - Campus de Chapad\u00e3o do Sul\" \/>\n<meta property=\"og:description\" content=\"\u00a0 Doutorado \u00a0 Agronomia (Agricultura). Universidade Estadual Paulista \u201cJ\u00falio de Mesquita Filho\u201d, Campus de Botucatu, SP, FCA\/UNESP &#8211; 2003. \u00a0 \u00a0 Mestrado \u00a0 Agronomia (Agricultura). Universidade Estadual Paulista \u201cJ\u00falio de Mesquita Filho\u201d, Campus de Botucatu, SP, FCA\/UNESP &#8211; 1999. \u00a0 \u00a0 Gradua\u00e7\u00e3o \u00a0 Agronomia. FEIS\/UNESP, Ilha Solteira, SP, Brasil &#8211; 1996. \u00a0 \u00a0 \u00a0 \u00c1reas [&hellip;]\" \/>\n<meta property=\"og:url\" content=\"https:\/\/cpcs.ufms.br\/docentes\/agronomia\/rita-de-cassia-felix-alvarez\/\" \/>\n<meta property=\"og:site_name\" content=\"Campus de Chapad\u00e3o do Sul\" \/>\n<meta property=\"article:modified_time\" content=\"2023-08-02T21:15:46+00:00\" \/>\n<meta property=\"og:image\" content=\"https:\/\/cpcs.ufms.br\/files\/2022\/06\/rita-236x300.jpg\" \/>\n<meta name=\"twitter:label1\" content=\"Est. reading time\" \/>\n\t<meta name=\"twitter:data1\" content=\"1 minute\" \/>\n\t<meta name=\"twitter:label2\" content=\"Written by\" \/>\n\t<meta name=\"twitter:data2\" content=\"Maik Oliveira Silva\" \/>\n<script type=\"application\/ld+json\" class=\"yoast-schema-graph\">{\"@context\":\"https:\/\/schema.org\",\"@graph\":[{\"@type\":\"WebPage\",\"@id\":\"https:\/\/cpcs.ufms.br\/docentes\/agronomia\/rita-de-cassia-felix-alvarez\/\",\"url\":\"https:\/\/cpcs.ufms.br\/docentes\/agronomia\/rita-de-cassia-felix-alvarez\/\",\"name\":\"Rita de C\u00e1ssia F\u00e9lix Alvarez - Campus de Chapad\u00e3o do Sul\",\"isPartOf\":{\"@id\":\"https:\/\/cpcs.ufms.br\/#website\"},\"primaryImageOfPage\":{\"@id\":\"https:\/\/cpcs.ufms.br\/docentes\/agronomia\/rita-de-cassia-felix-alvarez\/#primaryimage\"},\"image\":{\"@id\":\"https:\/\/cpcs.ufms.br\/docentes\/agronomia\/rita-de-cassia-felix-alvarez\/#primaryimage\"},\"thumbnailUrl\":\"https:\/\/cpcs.ufms.br\/files\/2022\/06\/rita-236x300.jpg\",\"datePublished\":\"2022-06-09T16:10:28+00:00\",\"dateModified\":\"2023-08-02T21:15:46+00:00\",\"breadcrumb\":{\"@id\":\"https:\/\/cpcs.ufms.br\/docentes\/agronomia\/rita-de-cassia-felix-alvarez\/#breadcrumb\"},\"inLanguage\":\"en-US\",\"potentialAction\":[{\"@type\":\"ReadAction\",\"target\":[\"https:\/\/cpcs.ufms.br\/docentes\/agronomia\/rita-de-cassia-felix-alvarez\/\"]}]},{\"@type\":\"ImageObject\",\"inLanguage\":\"en-US\",\"@id\":\"https:\/\/cpcs.ufms.br\/docentes\/agronomia\/rita-de-cassia-felix-alvarez\/#primaryimage\",\"url\":\"https:\/\/cpcs.ufms.br\/files\/2022\/06\/rita-236x300.jpg\",\"contentUrl\":\"https:\/\/cpcs.ufms.br\/files\/2022\/06\/rita-236x300.jpg\"},{\"@type\":\"BreadcrumbList\",\"@id\":\"https:\/\/cpcs.ufms.br\/docentes\/agronomia\/rita-de-cassia-felix-alvarez\/#breadcrumb\",\"itemListElement\":[{\"@type\":\"ListItem\",\"position\":1,\"name\":\"In\u00edcio\",\"item\":\"https:\/\/cpcs.ufms.br\/\"},{\"@type\":\"ListItem\",\"position\":2,\"name\":\"Docentes\",\"item\":\"https:\/\/cpcs.ufms.br\/docentes\/\"},{\"@type\":\"ListItem\",\"position\":3,\"name\":\"Agronomia\",\"item\":\"https:\/\/cpcs.ufms.br\/docentes\/agronomia\/\"},{\"@type\":\"ListItem\",\"position\":4,\"name\":\"Rita de C\u00e1ssia F\u00e9lix Alvarez\"}]},{\"@type\":\"WebSite\",\"@id\":\"https:\/\/cpcs.ufms.br\/#website\",\"url\":\"https:\/\/cpcs.ufms.br\/\",\"name\":\"Campus de Chapad\u00e3o do Sul\",\"description\":\"Universidade Federal de Mato Grosso do Sul\",\"potentialAction\":[{\"@type\":\"SearchAction\",\"target\":{\"@type\":\"EntryPoint\",\"urlTemplate\":\"https:\/\/cpcs.ufms.br\/?s={search_term_string}\"},\"query-input\":{\"@type\":\"PropertyValueSpecification\",\"valueRequired\":true,\"valueName\":\"search_term_string\"}}],\"inLanguage\":\"en-US\"}]}<\/script>\n<!-- \/ Yoast SEO plugin. -->","yoast_head_json":{"title":"Rita de C\u00e1ssia F\u00e9lix Alvarez - Campus de Chapad\u00e3o do Sul","robots":{"index":"index","follow":"follow","max-snippet":"max-snippet:-1","max-image-preview":"max-image-preview:large","max-video-preview":"max-video-preview:-1"},"canonical":"https:\/\/cpcs.ufms.br\/docentes\/agronomia\/rita-de-cassia-felix-alvarez\/","og_locale":"en_US","og_type":"article","og_title":"Rita de C\u00e1ssia F\u00e9lix Alvarez - Campus de Chapad\u00e3o do Sul","og_description":"\u00a0 Doutorado \u00a0 Agronomia (Agricultura). Universidade Estadual Paulista \u201cJ\u00falio de Mesquita Filho\u201d, Campus de Botucatu, SP, FCA\/UNESP &#8211; 2003. \u00a0 \u00a0 Mestrado \u00a0 Agronomia (Agricultura). Universidade Estadual Paulista \u201cJ\u00falio de Mesquita Filho\u201d, Campus de Botucatu, SP, FCA\/UNESP &#8211; 1999. \u00a0 \u00a0 Gradua\u00e7\u00e3o \u00a0 Agronomia. FEIS\/UNESP, Ilha Solteira, SP, Brasil &#8211; 1996. \u00a0 \u00a0 \u00a0 \u00c1reas [&hellip;]","og_url":"https:\/\/cpcs.ufms.br\/docentes\/agronomia\/rita-de-cassia-felix-alvarez\/","og_site_name":"Campus de Chapad\u00e3o do Sul","article_modified_time":"2023-08-02T21:15:46+00:00","og_image":[{"url":"https:\/\/cpcs.ufms.br\/files\/2022\/06\/rita-236x300.jpg","type":"","width":"","height":""}],"twitter_misc":{"Est. reading time":"1 minute","Written by":"Maik Oliveira Silva"},"schema":{"@context":"https:\/\/schema.org","@graph":[{"@type":"WebPage","@id":"https:\/\/cpcs.ufms.br\/docentes\/agronomia\/rita-de-cassia-felix-alvarez\/","url":"https:\/\/cpcs.ufms.br\/docentes\/agronomia\/rita-de-cassia-felix-alvarez\/","name":"Rita de C\u00e1ssia F\u00e9lix Alvarez - Campus de Chapad\u00e3o do Sul","isPartOf":{"@id":"https:\/\/cpcs.ufms.br\/#website"},"primaryImageOfPage":{"@id":"https:\/\/cpcs.ufms.br\/docentes\/agronomia\/rita-de-cassia-felix-alvarez\/#primaryimage"},"image":{"@id":"https:\/\/cpcs.ufms.br\/docentes\/agronomia\/rita-de-cassia-felix-alvarez\/#primaryimage"},"thumbnailUrl":"https:\/\/cpcs.ufms.br\/files\/2022\/06\/rita-236x300.jpg","datePublished":"2022-06-09T16:10:28+00:00","dateModified":"2023-08-02T21:15:46+00:00","breadcrumb":{"@id":"https:\/\/cpcs.ufms.br\/docentes\/agronomia\/rita-de-cassia-felix-alvarez\/#breadcrumb"},"inLanguage":"en-US","potentialAction":[{"@type":"ReadAction","target":["https:\/\/cpcs.ufms.br\/docentes\/agronomia\/rita-de-cassia-felix-alvarez\/"]}]},{"@type":"ImageObject","inLanguage":"en-US","@id":"https:\/\/cpcs.ufms.br\/docentes\/agronomia\/rita-de-cassia-felix-alvarez\/#primaryimage","url":"https:\/\/cpcs.ufms.br\/files\/2022\/06\/rita-236x300.jpg","contentUrl":"https:\/\/cpcs.ufms.br\/files\/2022\/06\/rita-236x300.jpg"},{"@type":"BreadcrumbList","@id":"https:\/\/cpcs.ufms.br\/docentes\/agronomia\/rita-de-cassia-felix-alvarez\/#breadcrumb","itemListElement":[{"@type":"ListItem","position":1,"name":"In\u00edcio","item":"https:\/\/cpcs.ufms.br\/"},{"@type":"ListItem","position":2,"name":"Docentes","item":"https:\/\/cpcs.ufms.br\/docentes\/"},{"@type":"ListItem","position":3,"name":"Agronomia","item":"https:\/\/cpcs.ufms.br\/docentes\/agronomia\/"},{"@type":"ListItem","position":4,"name":"Rita de C\u00e1ssia F\u00e9lix Alvarez"}]},{"@type":"WebSite","@id":"https:\/\/cpcs.ufms.br\/#website","url":"https:\/\/cpcs.ufms.br\/","name":"Campus de Chapad\u00e3o do Sul","description":"Universidade Federal de Mato Grosso do Sul","potentialAction":[{"@type":"SearchAction","target":{"@type":"EntryPoint","urlTemplate":"https:\/\/cpcs.ufms.br\/?s={search_term_string}"},"query-input":{"@type":"PropertyValueSpecification","valueRequired":true,"valueName":"search_term_string"}}],"inLanguage":"en-US"}]}},"_links":{"self":[{"href":"https:\/\/cpcs.ufms.br\/en\/wp-json\/wp\/v2\/pages\/8186","targetHints":{"allow":["GET"]}}],"collection":[{"href":"https:\/\/cpcs.ufms.br\/en\/wp-json\/wp\/v2\/pages"}],"about":[{"href":"https:\/\/cpcs.ufms.br\/en\/wp-json\/wp\/v2\/types\/page"}],"author":[{"embeddable":true,"href":"https:\/\/cpcs.ufms.br\/en\/wp-json\/wp\/v2\/users\/35413"}],"replies":[{"embeddable":true,"href":"https:\/\/cpcs.ufms.br\/en\/wp-json\/wp\/v2\/comments?post=8186"}],"version-history":[{"count":16,"href":"https:\/\/cpcs.ufms.br\/en\/wp-json\/wp\/v2\/pages\/8186\/revisions"}],"predecessor-version":[{"id":9848,"href":"https:\/\/cpcs.ufms.br\/en\/wp-json\/wp\/v2\/pages\/8186\/revisions\/9848"}],"up":[{"embeddable":true,"href":"https:\/\/cpcs.ufms.br\/en\/wp-json\/wp\/v2\/pages\/6952"}],"wp:attachment":[{"href":"https:\/\/cpcs.ufms.br\/en\/wp-json\/wp\/v2\/media?parent=8186"}],"wp:term":[{"taxonomy":"author","embeddable":true,"href":"https:\/\/cpcs.ufms.br\/en\/wp-json\/wp\/v2\/coauthors?post=8186"}],"curies":[{"name":"wp","href":"https:\/\/api.w.org\/{rel}","templated":true}]}}