{"id":8166,"date":"2022-06-09T11:07:56","date_gmt":"2022-06-09T15:07:56","guid":{"rendered":"https:\/\/cpcs.ufms.br\/?page_id=8166"},"modified":"2022-06-13T20:23:04","modified_gmt":"2022-06-14T00:23:04","slug":"matildes-blanco","status":"publish","type":"page","link":"https:\/\/cpcs.ufms.br\/en\/docentes\/agronomia\/matildes-blanco\/","title":{"rendered":"Matildes Blanco"},"content":{"rendered":"<p style=\"text-align: center\"><a href=\"https:\/\/cpcs.ufms.br\/files\/2022\/06\/matildes.jpg\"><img decoding=\"async\" class=\" wp-image-8167 aligncenter\" src=\"https:\/\/cpcs.ufms.br\/files\/2022\/06\/matildes.jpg\" alt=\"\" width=\"178\" height=\"192\" srcset=\"https:\/\/cpcs.ufms.br\/files\/2022\/06\/matildes.jpg 492w, https:\/\/cpcs.ufms.br\/files\/2022\/06\/matildes-277x300.jpg 277w, https:\/\/cpcs.ufms.br\/files\/2022\/06\/matildes-296x320.jpg 296w\" sizes=\"(max-width: 178px) 100vw, 178px\" \/><\/a><\/p>\n<p>&nbsp;<\/p>\n<table border=\"0\" width=\"100%\" cellpadding=\"0\">\n<tbody>\n<tr>\n<td width=\"17%\"><strong>Doutorado<\/strong><\/td>\n<td width=\"80%\">Doutorado em Qu\u00edmica, UNESP &#8211; 2004.<\/td>\n<\/tr>\n<tr>\n<td width=\"17%\"><strong>Mestrado<\/strong><\/td>\n<td width=\"80%\">Mestrado em Qu\u00edmica, UFMS &#8211; 1999.<\/td>\n<\/tr>\n<tr>\n<td width=\"17%\"><strong>Gradua\u00e7\u00e3o<\/strong><\/td>\n<td width=\"80%\">Gradua\u00e7\u00e3o Licenciatura em Qu\u00edmica, UFMS &#8211; 1991.<\/td>\n<\/tr>\n<\/tbody>\n<\/table>\n<p>&nbsp;<\/p>\n<p><strong>\u00c1reas e Linhas de Pesquisa:<\/strong><\/p>\n<ul>\n<li>Eletroqu\u00edmica de Subst\u00e2ncias Eletroativas.<\/li>\n<li>Eletroqu\u00edmica de metais e ligas met\u00e1licas.&nbsp;<\/li>\n<li>Degrada\u00e7\u00e3o Fotoqu\u00edmica de Res\u00edduos Contaminantes por processo foto-Fenton e Determina\u00e7\u00e3o eletroanal\u00edtica de metais pesados em insumos agr\u00edcolas.<\/li>\n<\/ul>\n<p>&nbsp;<\/p>\n<p data-uw-styling-context=\"true\"><strong data-uw-styling-context=\"true\">E-mail:<\/strong> m-blanco@ufms.br<a href=\"mailto:cid.campos@ufms.br\" data-uw-styling-context=\"true\"><br data-uw-styling-context=\"true\"><\/a><\/p>\n<p data-uw-styling-context=\"true\"><strong data-uw-styling-context=\"true\">Telefone:<\/strong> (67) 3562-6318<\/p>\n<p>&nbsp;<\/p>\n<p style=\"text-align: center\"><a href=\"http:\/\/lattes.cnpq.br\/6384129963536737\" target=\"_blank\" rel=\"noopener noreferrer\">(Curr\u00edculo &#8211; Plataforma Lattes)<\/a><\/p>\n<p>&nbsp;<\/p>\n","protected":false},"excerpt":{"rendered":"<p>&nbsp; Doutorado Doutorado em Qu\u00edmica, UNESP &#8211; 2004. Mestrado Mestrado em Qu\u00edmica, UFMS &#8211; 1999. Gradua\u00e7\u00e3o Gradua\u00e7\u00e3o Licenciatura em Qu\u00edmica, UFMS &#8211; 1991. &nbsp; \u00c1reas e Linhas de Pesquisa: Eletroqu\u00edmica de Subst\u00e2ncias Eletroativas. Eletroqu\u00edmica de metais e ligas met\u00e1licas.&nbsp; Degrada\u00e7\u00e3o Fotoqu\u00edmica de Res\u00edduos Contaminantes por processo foto-Fenton e Determina\u00e7\u00e3o eletroanal\u00edtica de metais pesados em insumos [&hellip;]<\/p>\n","protected":false},"author":35413,"featured_media":0,"parent":6952,"menu_order":0,"comment_status":"closed","ping_status":"closed","template":"","meta":{"ngg_post_thumbnail":0,"footnotes":""},"coauthors":[39],"class_list":["post-8166","page","type-page","status-publish","hentry"],"yoast_head":"<!-- This site is optimized with the Yoast SEO plugin v26.2 - https:\/\/yoast.com\/wordpress\/plugins\/seo\/ -->\n<title>Matildes Blanco - Campus de Chapad\u00e3o do Sul<\/title>\n<meta name=\"robots\" content=\"index, follow, max-snippet:-1, max-image-preview:large, max-video-preview:-1\" \/>\n<link rel=\"canonical\" href=\"https:\/\/cpcs.ufms.br\/docentes\/agronomia\/matildes-blanco\/\" \/>\n<meta property=\"og:locale\" content=\"en_US\" \/>\n<meta property=\"og:type\" content=\"article\" \/>\n<meta property=\"og:title\" content=\"Matildes Blanco - Campus de Chapad\u00e3o do Sul\" \/>\n<meta property=\"og:description\" content=\"&nbsp; Doutorado Doutorado em Qu\u00edmica, UNESP &#8211; 2004. Mestrado Mestrado em Qu\u00edmica, UFMS &#8211; 1999. Gradua\u00e7\u00e3o Gradua\u00e7\u00e3o Licenciatura em Qu\u00edmica, UFMS &#8211; 1991. &nbsp; \u00c1reas e Linhas de Pesquisa: Eletroqu\u00edmica de Subst\u00e2ncias Eletroativas. Eletroqu\u00edmica de metais e ligas met\u00e1licas.&nbsp; Degrada\u00e7\u00e3o Fotoqu\u00edmica de Res\u00edduos Contaminantes por processo foto-Fenton e Determina\u00e7\u00e3o eletroanal\u00edtica de metais pesados em insumos [&hellip;]\" \/>\n<meta property=\"og:url\" content=\"https:\/\/cpcs.ufms.br\/docentes\/agronomia\/matildes-blanco\/\" \/>\n<meta property=\"og:site_name\" content=\"Campus de Chapad\u00e3o do Sul\" \/>\n<meta property=\"article:modified_time\" content=\"2022-06-14T00:23:04+00:00\" \/>\n<meta property=\"og:image\" content=\"https:\/\/cpcs.ufms.br\/files\/2022\/06\/matildes.jpg\" \/>\n<meta name=\"twitter:label1\" content=\"Est. reading time\" \/>\n\t<meta name=\"twitter:data1\" content=\"1 minute\" \/>\n\t<meta name=\"twitter:label2\" content=\"Written by\" \/>\n\t<meta name=\"twitter:data2\" content=\"Maik Oliveira Silva\" \/>\n<script type=\"application\/ld+json\" class=\"yoast-schema-graph\">{\"@context\":\"https:\/\/schema.org\",\"@graph\":[{\"@type\":\"WebPage\",\"@id\":\"https:\/\/cpcs.ufms.br\/docentes\/agronomia\/matildes-blanco\/\",\"url\":\"https:\/\/cpcs.ufms.br\/docentes\/agronomia\/matildes-blanco\/\",\"name\":\"Matildes Blanco - Campus de Chapad\u00e3o do Sul\",\"isPartOf\":{\"@id\":\"https:\/\/cpcs.ufms.br\/#website\"},\"primaryImageOfPage\":{\"@id\":\"https:\/\/cpcs.ufms.br\/docentes\/agronomia\/matildes-blanco\/#primaryimage\"},\"image\":{\"@id\":\"https:\/\/cpcs.ufms.br\/docentes\/agronomia\/matildes-blanco\/#primaryimage\"},\"thumbnailUrl\":\"https:\/\/cpcs.ufms.br\/files\/2022\/06\/matildes.jpg\",\"datePublished\":\"2022-06-09T15:07:56+00:00\",\"dateModified\":\"2022-06-14T00:23:04+00:00\",\"breadcrumb\":{\"@id\":\"https:\/\/cpcs.ufms.br\/docentes\/agronomia\/matildes-blanco\/#breadcrumb\"},\"inLanguage\":\"en-US\",\"potentialAction\":[{\"@type\":\"ReadAction\",\"target\":[\"https:\/\/cpcs.ufms.br\/docentes\/agronomia\/matildes-blanco\/\"]}]},{\"@type\":\"ImageObject\",\"inLanguage\":\"en-US\",\"@id\":\"https:\/\/cpcs.ufms.br\/docentes\/agronomia\/matildes-blanco\/#primaryimage\",\"url\":\"https:\/\/cpcs.ufms.br\/files\/2022\/06\/matildes.jpg\",\"contentUrl\":\"https:\/\/cpcs.ufms.br\/files\/2022\/06\/matildes.jpg\"},{\"@type\":\"BreadcrumbList\",\"@id\":\"https:\/\/cpcs.ufms.br\/docentes\/agronomia\/matildes-blanco\/#breadcrumb\",\"itemListElement\":[{\"@type\":\"ListItem\",\"position\":1,\"name\":\"In\u00edcio\",\"item\":\"https:\/\/cpcs.ufms.br\/\"},{\"@type\":\"ListItem\",\"position\":2,\"name\":\"Docentes\",\"item\":\"https:\/\/cpcs.ufms.br\/docentes\/\"},{\"@type\":\"ListItem\",\"position\":3,\"name\":\"Agronomia\",\"item\":\"https:\/\/cpcs.ufms.br\/docentes\/agronomia\/\"},{\"@type\":\"ListItem\",\"position\":4,\"name\":\"Matildes Blanco\"}]},{\"@type\":\"WebSite\",\"@id\":\"https:\/\/cpcs.ufms.br\/#website\",\"url\":\"https:\/\/cpcs.ufms.br\/\",\"name\":\"Campus de Chapad\u00e3o do Sul\",\"description\":\"Universidade Federal de Mato Grosso do Sul\",\"potentialAction\":[{\"@type\":\"SearchAction\",\"target\":{\"@type\":\"EntryPoint\",\"urlTemplate\":\"https:\/\/cpcs.ufms.br\/?s={search_term_string}\"},\"query-input\":{\"@type\":\"PropertyValueSpecification\",\"valueRequired\":true,\"valueName\":\"search_term_string\"}}],\"inLanguage\":\"en-US\"}]}<\/script>\n<!-- \/ Yoast SEO plugin. -->","yoast_head_json":{"title":"Matildes Blanco - Campus de Chapad\u00e3o do Sul","robots":{"index":"index","follow":"follow","max-snippet":"max-snippet:-1","max-image-preview":"max-image-preview:large","max-video-preview":"max-video-preview:-1"},"canonical":"https:\/\/cpcs.ufms.br\/docentes\/agronomia\/matildes-blanco\/","og_locale":"en_US","og_type":"article","og_title":"Matildes Blanco - Campus de Chapad\u00e3o do Sul","og_description":"&nbsp; Doutorado Doutorado em Qu\u00edmica, UNESP &#8211; 2004. Mestrado Mestrado em Qu\u00edmica, UFMS &#8211; 1999. Gradua\u00e7\u00e3o Gradua\u00e7\u00e3o Licenciatura em Qu\u00edmica, UFMS &#8211; 1991. &nbsp; \u00c1reas e Linhas de Pesquisa: Eletroqu\u00edmica de Subst\u00e2ncias Eletroativas. Eletroqu\u00edmica de metais e ligas met\u00e1licas.&nbsp; Degrada\u00e7\u00e3o Fotoqu\u00edmica de Res\u00edduos Contaminantes por processo foto-Fenton e Determina\u00e7\u00e3o eletroanal\u00edtica de metais pesados em insumos [&hellip;]","og_url":"https:\/\/cpcs.ufms.br\/docentes\/agronomia\/matildes-blanco\/","og_site_name":"Campus de Chapad\u00e3o do Sul","article_modified_time":"2022-06-14T00:23:04+00:00","og_image":[{"url":"https:\/\/cpcs.ufms.br\/files\/2022\/06\/matildes.jpg","type":"","width":"","height":""}],"twitter_misc":{"Est. reading time":"1 minute","Written by":"Maik Oliveira Silva"},"schema":{"@context":"https:\/\/schema.org","@graph":[{"@type":"WebPage","@id":"https:\/\/cpcs.ufms.br\/docentes\/agronomia\/matildes-blanco\/","url":"https:\/\/cpcs.ufms.br\/docentes\/agronomia\/matildes-blanco\/","name":"Matildes Blanco - Campus de Chapad\u00e3o do Sul","isPartOf":{"@id":"https:\/\/cpcs.ufms.br\/#website"},"primaryImageOfPage":{"@id":"https:\/\/cpcs.ufms.br\/docentes\/agronomia\/matildes-blanco\/#primaryimage"},"image":{"@id":"https:\/\/cpcs.ufms.br\/docentes\/agronomia\/matildes-blanco\/#primaryimage"},"thumbnailUrl":"https:\/\/cpcs.ufms.br\/files\/2022\/06\/matildes.jpg","datePublished":"2022-06-09T15:07:56+00:00","dateModified":"2022-06-14T00:23:04+00:00","breadcrumb":{"@id":"https:\/\/cpcs.ufms.br\/docentes\/agronomia\/matildes-blanco\/#breadcrumb"},"inLanguage":"en-US","potentialAction":[{"@type":"ReadAction","target":["https:\/\/cpcs.ufms.br\/docentes\/agronomia\/matildes-blanco\/"]}]},{"@type":"ImageObject","inLanguage":"en-US","@id":"https:\/\/cpcs.ufms.br\/docentes\/agronomia\/matildes-blanco\/#primaryimage","url":"https:\/\/cpcs.ufms.br\/files\/2022\/06\/matildes.jpg","contentUrl":"https:\/\/cpcs.ufms.br\/files\/2022\/06\/matildes.jpg"},{"@type":"BreadcrumbList","@id":"https:\/\/cpcs.ufms.br\/docentes\/agronomia\/matildes-blanco\/#breadcrumb","itemListElement":[{"@type":"ListItem","position":1,"name":"In\u00edcio","item":"https:\/\/cpcs.ufms.br\/"},{"@type":"ListItem","position":2,"name":"Docentes","item":"https:\/\/cpcs.ufms.br\/docentes\/"},{"@type":"ListItem","position":3,"name":"Agronomia","item":"https:\/\/cpcs.ufms.br\/docentes\/agronomia\/"},{"@type":"ListItem","position":4,"name":"Matildes Blanco"}]},{"@type":"WebSite","@id":"https:\/\/cpcs.ufms.br\/#website","url":"https:\/\/cpcs.ufms.br\/","name":"Campus de Chapad\u00e3o do Sul","description":"Universidade Federal de Mato Grosso do Sul","potentialAction":[{"@type":"SearchAction","target":{"@type":"EntryPoint","urlTemplate":"https:\/\/cpcs.ufms.br\/?s={search_term_string}"},"query-input":{"@type":"PropertyValueSpecification","valueRequired":true,"valueName":"search_term_string"}}],"inLanguage":"en-US"}]}},"_links":{"self":[{"href":"https:\/\/cpcs.ufms.br\/en\/wp-json\/wp\/v2\/pages\/8166","targetHints":{"allow":["GET"]}}],"collection":[{"href":"https:\/\/cpcs.ufms.br\/en\/wp-json\/wp\/v2\/pages"}],"about":[{"href":"https:\/\/cpcs.ufms.br\/en\/wp-json\/wp\/v2\/types\/page"}],"author":[{"embeddable":true,"href":"https:\/\/cpcs.ufms.br\/en\/wp-json\/wp\/v2\/users\/35413"}],"replies":[{"embeddable":true,"href":"https:\/\/cpcs.ufms.br\/en\/wp-json\/wp\/v2\/comments?post=8166"}],"version-history":[{"count":3,"href":"https:\/\/cpcs.ufms.br\/en\/wp-json\/wp\/v2\/pages\/8166\/revisions"}],"predecessor-version":[{"id":8225,"href":"https:\/\/cpcs.ufms.br\/en\/wp-json\/wp\/v2\/pages\/8166\/revisions\/8225"}],"up":[{"embeddable":true,"href":"https:\/\/cpcs.ufms.br\/en\/wp-json\/wp\/v2\/pages\/6952"}],"wp:attachment":[{"href":"https:\/\/cpcs.ufms.br\/en\/wp-json\/wp\/v2\/media?parent=8166"}],"wp:term":[{"taxonomy":"author","embeddable":true,"href":"https:\/\/cpcs.ufms.br\/en\/wp-json\/wp\/v2\/coauthors?post=8166"}],"curies":[{"name":"wp","href":"https:\/\/api.w.org\/{rel}","templated":true}]}}