{"id":7816,"date":"2022-03-25T09:24:52","date_gmt":"2022-03-25T13:24:52","guid":{"rendered":"https:\/\/cpcs.ufms.br\/?page_id=7816"},"modified":"2026-03-30T14:00:37","modified_gmt":"2026-03-30T18:00:37","slug":"tutoriais","status":"publish","type":"page","link":"https:\/\/cpcs.ufms.br\/en\/tutoriais\/","title":{"rendered":"Tutoriais"},"content":{"rendered":"\t\t<div data-elementor-type=\"wp-page\" data-elementor-id=\"7816\" class=\"elementor elementor-7816\">\n\t\t\t\t\t\t<section class=\"elementor-section elementor-top-section elementor-element elementor-element-6f1341ea elementor-section-boxed elementor-section-height-default elementor-section-height-default\" data-id=\"6f1341ea\" data-element_type=\"section\">\n\t\t\t\t\t\t<div class=\"elementor-container elementor-column-gap-default\">\n\t\t\t\t\t<div class=\"elementor-column elementor-col-100 elementor-top-column elementor-element elementor-element-6e1d3c86\" data-id=\"6e1d3c86\" data-element_type=\"column\">\n\t\t\t<div class=\"elementor-widget-wrap elementor-element-populated\">\n\t\t\t\t\t\t<div class=\"elementor-element elementor-element-726a4e58 elementor-widget elementor-widget-text-editor\" data-id=\"726a4e58\" data-element_type=\"widget\" data-widget_type=\"text-editor.default\">\n\t\t\t\t<div class=\"elementor-widget-container\">\n\t\t\t\t\t\t\t\t\t<h3 style=\"text-align: center\"><span style=\"color: #0000ff\">Lexmark MX622<\/span><\/h3><div><span style=\"color: #0000ff\"><img fetchpriority=\"high\" decoding=\"async\" class=\"aligncenter\" src=\"https:\/\/cpcs.ufms.br\/files\/2023\/02\/LexmarkMX622.jpg\" alt=\"\" width=\"250\" height=\"243\" \/><br \/><\/span><\/div><div><span style=\"color: #0000ff\">\u00a0<\/span><\/div><p style=\"text-align: left\"><a href=\"https:\/\/link.ufms.br\/lexmark-win\" target=\"_blank\" rel=\"noopener\">Download do software de instala\u00e7\u00e3o &#8211; WINDOWS<\/a><\/p><p><strong>Servidor de impress\u00e3o:<\/strong> \\\\printserver.dominio.ufms.br\\ufms_impressao<\/p><p><a href=\"https:\/\/drive.google.com\/file\/d\/1gmLvRVcTRxq498UrEtSGNIh5n2XswZ6Q\/view\">Manual de Instala\u00e7\u00e3o e utiliza\u00e7\u00e3o impressora &#8211; Windows<\/a><\/p><p><a href=\"https:\/\/drive.google.com\/file\/d\/1L9yE3RtWitH7UeJ7MlwuJtUs0yTS9kJ3\/view?usp=sharing\">Manual de Instalacao &#8211; macOS<\/a><\/p><p><a href=\"https:\/\/drive.google.com\/file\/d\/1y7bkolzlx1O8YdITbEfwF_Bt71MLhUUc\/view?usp=sharing\">Manual de Instalacao &#8211; LINUX<\/a><\/p><hr \/><h3>\u00a0<\/h3><h3>\u00a0<\/h3><h3 style=\"text-align: center\"><span style=\"color: #0000ff\">PowerLite 93 (Salas de Aulas)<\/span><\/h3><p style=\"text-align: center\"><a href=\"https:\/\/cpcs.ufms.br\/files\/2022\/07\/projetor_powerlite93.jpg\"><img decoding=\"async\" class=\"alignnone size-medium wp-image-8391\" src=\"https:\/\/cpcs.ufms.br\/files\/2022\/07\/projetor_powerlite93-300x156.jpg\" alt=\"\" width=\"300\" height=\"156\" srcset=\"https:\/\/cpcs.ufms.br\/files\/2022\/07\/projetor_powerlite93-300x156.jpg 300w, https:\/\/cpcs.ufms.br\/files\/2022\/07\/projetor_powerlite93.jpg 386w\" sizes=\"(max-width: 300px) 100vw, 300px\" \/><\/a><\/p><p><a href=\"https:\/\/ftp.epson.com\/drivers\/epson15566.exe\">Download Programa Acesso PROJETORES (EasyMP)<\/a><\/p><p><a href=\"https:\/\/drive.google.com\/file\/d\/1bzjzi3tkeuPkXjJ6bUhjscMWkmhg8I3b\/view?usp=sharing\">Manual instala\u00e7\u00e3o e utiliza\u00e7\u00e3o Projetores (Salas de Aulas)<\/a><\/p><hr \/><h3>\u00a0<\/h3><h3>\u00a0<\/h3><h3 style=\"text-align: center\"><em><strong><span style=\"color: #0000ff\">EPSON BRIGHTLINK 695WI+ (Anfiteatro)<\/span><\/strong><\/em><\/h3><p><a href=\"https:\/\/cpcs.ufms.br\/files\/2022\/07\/Projetor-695Wi.jpg\"><img decoding=\"async\" class=\"size-medium wp-image-8387 aligncenter\" src=\"https:\/\/cpcs.ufms.br\/files\/2022\/07\/Projetor-695Wi-300x200.jpg\" alt=\"\" width=\"300\" height=\"200\" srcset=\"https:\/\/cpcs.ufms.br\/files\/2022\/07\/Projetor-695Wi-300x200.jpg 300w, https:\/\/cpcs.ufms.br\/files\/2022\/07\/Projetor-695Wi-480x320.jpg 480w, https:\/\/cpcs.ufms.br\/files\/2022\/07\/Projetor-695Wi-350x233.jpg 350w, https:\/\/cpcs.ufms.br\/files\/2022\/07\/Projetor-695Wi.jpg 690w\" sizes=\"(max-width: 300px) 100vw, 300px\" \/><\/a><\/p><p><a href=\"https:\/\/drive.google.com\/file\/d\/1q5VyZuMPfO7rIIBDtb3heMuJZefqlj4g\/view?usp=sharing\">Download \u2192 Comece Aqui!\u00a0<\/a><\/p><p>O mesmo software utilizado para acessar os projetores das salas de aula (EasyMP) tamb\u00e9m serve para este, os seguintes programas s\u00e3o para demais fun\u00e7\u00f5es descritas na tabela.<\/p><p><a href=\"https:\/\/drive.google.com\/file\/d\/1K3BtmSH6FKQXkG8LM4mi4DI5WrcHkV73\/view?usp=sharing\">Manual Avan\u00e7ado \u2192 Projetor Epson BrightLink695wi+ (Anfiteatro)<\/a><\/p><p><a href=\"https:\/\/cpcs.ufms.br\/files\/2022\/07\/softwares-brightlink.png\"><img loading=\"lazy\" decoding=\"async\" class=\"wp-image-8388 aligncenter\" src=\"https:\/\/cpcs.ufms.br\/files\/2022\/07\/softwares-brightlink-300x212.png\" alt=\"\" width=\"423\" height=\"299\" srcset=\"https:\/\/cpcs.ufms.br\/files\/2022\/07\/softwares-brightlink-300x212.png 300w, https:\/\/cpcs.ufms.br\/files\/2022\/07\/softwares-brightlink-452x320.png 452w, https:\/\/cpcs.ufms.br\/files\/2022\/07\/softwares-brightlink.png 678w\" sizes=\"(max-width: 423px) 100vw, 423px\" \/><\/a><\/p><p><span style=\"color: #000000\"><strong>Windows 10<\/strong><\/span><\/p><ul><li><a href=\"https:\/\/ftp.epson.com\/drivers\/epson16189.exe\">Download Easy MP<\/a><\/li><\/ul><p><strong><span style=\"color: #000000\">Windows 11<\/span><\/strong><\/p><ul><li><a href=\"https:\/\/www.epsoniprojection.com\/dl\/iProV403Win_Web.exe\">Download Epson iProjection v4.03 para Windows (anteriormente chamado EasyMP Multi PC Projection)<\/a><\/li><\/ul><p><strong><span style=\"color: #000000\">macOS 12.x<\/span><\/strong><\/p><ul><li><a href=\"https:\/\/ftp.epson.com\/drivers\/EIT_5.03.dmg\">Download Easy Interactive Tools\u00a0v5.03<\/a><\/li><li><a href=\"https:\/\/ftp.epson.com\/drivers\/iProj_3.30.dmg\">Download Epson iProjection v3.30 para Mac (com moderador)\u00a0<\/a><\/li><li><a href=\"https:\/\/ftp.epson.com\/drivers\/EID_4.20.dmg\">Download Easy Interactive Driver\u00a0v4.20<\/a><\/li><\/ul><div>\u00a0<\/div><div>\u00a0<\/div><div>\u00a0<\/div><div style=\"text-align: center\"><a href=\"https:\/\/cpcs.ufms.br\/files\/2023\/04\/Gov.br_logo.svg.png\"><img loading=\"lazy\" decoding=\"async\" class=\"alignnone size-full wp-image-9049\" src=\"https:\/\/cpcs.ufms.br\/files\/2023\/04\/Gov.br_logo.svg.png\" alt=\"\" width=\"250\" height=\"90\" \/><\/a><\/div><div><a href=\"https:\/\/agetic.ufms.br\/files\/2022\/04\/Guia-Nivel-Ouro-da-conta-Govbr.pdf\">Guia para Conta N\u00edvel Ouro &#8211; Gov.br<\/a><\/div>\t\t\t\t\t\t\t\t<\/div>\n\t\t\t\t<\/div>\n\t\t\t\t\t<\/div>\n\t\t<\/div>\n\t\t\t\t\t<\/div>\n\t\t<\/section>\n\t\t\t\t<\/div>\n\t\t","protected":false},"excerpt":{"rendered":"<p>Lexmark MX622 \u00a0 Download do software de instala\u00e7\u00e3o &#8211; WINDOWS Servidor de impress\u00e3o: \\printserver.dominio.ufms.brufms_impressao Manual de Instala\u00e7\u00e3o e utiliza\u00e7\u00e3o impressora &#8211; Windows Manual de Instalacao &#8211; macOS Manual de Instalacao &#8211; LINUX \u00a0 \u00a0 PowerLite 93 (Salas de Aulas) Download Programa Acesso PROJETORES (EasyMP) Manual instala\u00e7\u00e3o e utiliza\u00e7\u00e3o Projetores (Salas de Aulas) \u00a0 \u00a0 EPSON [&hellip;]<\/p>\n","protected":false},"author":35413,"featured_media":0,"parent":0,"menu_order":0,"comment_status":"closed","ping_status":"closed","template":"","meta":{"ngg_post_thumbnail":0,"footnotes":""},"coauthors":[39],"class_list":["post-7816","page","type-page","status-publish","hentry"],"yoast_head":"<!-- This site is optimized with the Yoast SEO plugin v26.2 - https:\/\/yoast.com\/wordpress\/plugins\/seo\/ -->\n<title>Tutoriais - Campus de Chapad\u00e3o do Sul<\/title>\n<meta name=\"robots\" content=\"index, follow, max-snippet:-1, max-image-preview:large, max-video-preview:-1\" \/>\n<link rel=\"canonical\" href=\"https:\/\/cpcs.ufms.br\/tutoriais\/\" \/>\n<meta property=\"og:locale\" content=\"en_US\" \/>\n<meta property=\"og:type\" content=\"article\" \/>\n<meta property=\"og:title\" content=\"Tutoriais - Campus de Chapad\u00e3o do Sul\" \/>\n<meta property=\"og:description\" content=\"Lexmark MX622 \u00a0 Download do software de instala\u00e7\u00e3o &#8211; WINDOWS Servidor de impress\u00e3o: printserver.dominio.ufms.brufms_impressao Manual de Instala\u00e7\u00e3o e utiliza\u00e7\u00e3o impressora &#8211; Windows Manual de Instalacao &#8211; macOS Manual de Instalacao &#8211; LINUX \u00a0 \u00a0 PowerLite 93 (Salas de Aulas) Download Programa Acesso PROJETORES (EasyMP) Manual instala\u00e7\u00e3o e utiliza\u00e7\u00e3o Projetores (Salas de Aulas) \u00a0 \u00a0 EPSON [&hellip;]\" \/>\n<meta property=\"og:url\" content=\"https:\/\/cpcs.ufms.br\/tutoriais\/\" \/>\n<meta property=\"og:site_name\" content=\"Campus de Chapad\u00e3o do Sul\" \/>\n<meta property=\"article:modified_time\" content=\"2026-03-30T18:00:37+00:00\" \/>\n<meta property=\"og:image\" content=\"https:\/\/cpcs.ufms.br\/files\/2023\/02\/LexmarkMX622.jpg\" \/>\n<meta name=\"twitter:label1\" content=\"Est. reading time\" \/>\n\t<meta name=\"twitter:data1\" content=\"2 minutes\" \/>\n\t<meta name=\"twitter:label2\" content=\"Written by\" \/>\n\t<meta name=\"twitter:data2\" content=\"Maik Oliveira Silva\" \/>\n<script type=\"application\/ld+json\" class=\"yoast-schema-graph\">{\"@context\":\"https:\/\/schema.org\",\"@graph\":[{\"@type\":\"WebPage\",\"@id\":\"https:\/\/cpcs.ufms.br\/tutoriais\/\",\"url\":\"https:\/\/cpcs.ufms.br\/tutoriais\/\",\"name\":\"Tutoriais - Campus de Chapad\u00e3o do Sul\",\"isPartOf\":{\"@id\":\"https:\/\/cpcs.ufms.br\/#website\"},\"primaryImageOfPage\":{\"@id\":\"https:\/\/cpcs.ufms.br\/tutoriais\/#primaryimage\"},\"image\":{\"@id\":\"https:\/\/cpcs.ufms.br\/tutoriais\/#primaryimage\"},\"thumbnailUrl\":\"https:\/\/cpcs.ufms.br\/files\/2023\/02\/LexmarkMX622.jpg\",\"datePublished\":\"2022-03-25T13:24:52+00:00\",\"dateModified\":\"2026-03-30T18:00:37+00:00\",\"breadcrumb\":{\"@id\":\"https:\/\/cpcs.ufms.br\/tutoriais\/#breadcrumb\"},\"inLanguage\":\"en-US\",\"potentialAction\":[{\"@type\":\"ReadAction\",\"target\":[\"https:\/\/cpcs.ufms.br\/tutoriais\/\"]}]},{\"@type\":\"ImageObject\",\"inLanguage\":\"en-US\",\"@id\":\"https:\/\/cpcs.ufms.br\/tutoriais\/#primaryimage\",\"url\":\"https:\/\/cpcs.ufms.br\/files\/2023\/02\/LexmarkMX622.jpg\",\"contentUrl\":\"https:\/\/cpcs.ufms.br\/files\/2023\/02\/LexmarkMX622.jpg\"},{\"@type\":\"BreadcrumbList\",\"@id\":\"https:\/\/cpcs.ufms.br\/tutoriais\/#breadcrumb\",\"itemListElement\":[{\"@type\":\"ListItem\",\"position\":1,\"name\":\"In\u00edcio\",\"item\":\"https:\/\/cpcs.ufms.br\/\"},{\"@type\":\"ListItem\",\"position\":2,\"name\":\"Tutoriais\"}]},{\"@type\":\"WebSite\",\"@id\":\"https:\/\/cpcs.ufms.br\/#website\",\"url\":\"https:\/\/cpcs.ufms.br\/\",\"name\":\"Campus de Chapad\u00e3o do Sul\",\"description\":\"Universidade Federal de Mato Grosso do Sul\",\"potentialAction\":[{\"@type\":\"SearchAction\",\"target\":{\"@type\":\"EntryPoint\",\"urlTemplate\":\"https:\/\/cpcs.ufms.br\/?s={search_term_string}\"},\"query-input\":{\"@type\":\"PropertyValueSpecification\",\"valueRequired\":true,\"valueName\":\"search_term_string\"}}],\"inLanguage\":\"en-US\"}]}<\/script>\n<!-- \/ Yoast SEO plugin. -->","yoast_head_json":{"title":"Tutoriais - Campus de Chapad\u00e3o do Sul","robots":{"index":"index","follow":"follow","max-snippet":"max-snippet:-1","max-image-preview":"max-image-preview:large","max-video-preview":"max-video-preview:-1"},"canonical":"https:\/\/cpcs.ufms.br\/tutoriais\/","og_locale":"en_US","og_type":"article","og_title":"Tutoriais - Campus de Chapad\u00e3o do Sul","og_description":"Lexmark MX622 \u00a0 Download do software de instala\u00e7\u00e3o &#8211; WINDOWS Servidor de impress\u00e3o: printserver.dominio.ufms.brufms_impressao Manual de Instala\u00e7\u00e3o e utiliza\u00e7\u00e3o impressora &#8211; Windows Manual de Instalacao &#8211; macOS Manual de Instalacao &#8211; LINUX \u00a0 \u00a0 PowerLite 93 (Salas de Aulas) Download Programa Acesso PROJETORES (EasyMP) Manual instala\u00e7\u00e3o e utiliza\u00e7\u00e3o Projetores (Salas de Aulas) \u00a0 \u00a0 EPSON [&hellip;]","og_url":"https:\/\/cpcs.ufms.br\/tutoriais\/","og_site_name":"Campus de Chapad\u00e3o do Sul","article_modified_time":"2026-03-30T18:00:37+00:00","og_image":[{"url":"https:\/\/cpcs.ufms.br\/files\/2023\/02\/LexmarkMX622.jpg","type":"","width":"","height":""}],"twitter_misc":{"Est. reading time":"2 minutes","Written by":"Maik Oliveira Silva"},"schema":{"@context":"https:\/\/schema.org","@graph":[{"@type":"WebPage","@id":"https:\/\/cpcs.ufms.br\/tutoriais\/","url":"https:\/\/cpcs.ufms.br\/tutoriais\/","name":"Tutoriais - Campus de Chapad\u00e3o do Sul","isPartOf":{"@id":"https:\/\/cpcs.ufms.br\/#website"},"primaryImageOfPage":{"@id":"https:\/\/cpcs.ufms.br\/tutoriais\/#primaryimage"},"image":{"@id":"https:\/\/cpcs.ufms.br\/tutoriais\/#primaryimage"},"thumbnailUrl":"https:\/\/cpcs.ufms.br\/files\/2023\/02\/LexmarkMX622.jpg","datePublished":"2022-03-25T13:24:52+00:00","dateModified":"2026-03-30T18:00:37+00:00","breadcrumb":{"@id":"https:\/\/cpcs.ufms.br\/tutoriais\/#breadcrumb"},"inLanguage":"en-US","potentialAction":[{"@type":"ReadAction","target":["https:\/\/cpcs.ufms.br\/tutoriais\/"]}]},{"@type":"ImageObject","inLanguage":"en-US","@id":"https:\/\/cpcs.ufms.br\/tutoriais\/#primaryimage","url":"https:\/\/cpcs.ufms.br\/files\/2023\/02\/LexmarkMX622.jpg","contentUrl":"https:\/\/cpcs.ufms.br\/files\/2023\/02\/LexmarkMX622.jpg"},{"@type":"BreadcrumbList","@id":"https:\/\/cpcs.ufms.br\/tutoriais\/#breadcrumb","itemListElement":[{"@type":"ListItem","position":1,"name":"In\u00edcio","item":"https:\/\/cpcs.ufms.br\/"},{"@type":"ListItem","position":2,"name":"Tutoriais"}]},{"@type":"WebSite","@id":"https:\/\/cpcs.ufms.br\/#website","url":"https:\/\/cpcs.ufms.br\/","name":"Campus de Chapad\u00e3o do Sul","description":"Universidade Federal de Mato Grosso do Sul","potentialAction":[{"@type":"SearchAction","target":{"@type":"EntryPoint","urlTemplate":"https:\/\/cpcs.ufms.br\/?s={search_term_string}"},"query-input":{"@type":"PropertyValueSpecification","valueRequired":true,"valueName":"search_term_string"}}],"inLanguage":"en-US"}]}},"_links":{"self":[{"href":"https:\/\/cpcs.ufms.br\/en\/wp-json\/wp\/v2\/pages\/7816","targetHints":{"allow":["GET"]}}],"collection":[{"href":"https:\/\/cpcs.ufms.br\/en\/wp-json\/wp\/v2\/pages"}],"about":[{"href":"https:\/\/cpcs.ufms.br\/en\/wp-json\/wp\/v2\/types\/page"}],"author":[{"embeddable":true,"href":"https:\/\/cpcs.ufms.br\/en\/wp-json\/wp\/v2\/users\/35413"}],"replies":[{"embeddable":true,"href":"https:\/\/cpcs.ufms.br\/en\/wp-json\/wp\/v2\/comments?post=7816"}],"version-history":[{"count":75,"href":"https:\/\/cpcs.ufms.br\/en\/wp-json\/wp\/v2\/pages\/7816\/revisions"}],"predecessor-version":[{"id":12007,"href":"https:\/\/cpcs.ufms.br\/en\/wp-json\/wp\/v2\/pages\/7816\/revisions\/12007"}],"wp:attachment":[{"href":"https:\/\/cpcs.ufms.br\/en\/wp-json\/wp\/v2\/media?parent=7816"}],"wp:term":[{"taxonomy":"author","embeddable":true,"href":"https:\/\/cpcs.ufms.br\/en\/wp-json\/wp\/v2\/coauthors?post=7816"}],"curies":[{"name":"wp","href":"https:\/\/api.w.org\/{rel}","templated":true}]}}