{"id":775,"date":"2013-03-07T13:18:57","date_gmt":"2013-03-07T17:18:57","guid":{"rendered":"http:\/\/cpcs.draconis.ufms.br\/?page_id=775"},"modified":"2022-06-09T11:33:34","modified_gmt":"2022-06-09T15:33:34","slug":"meire-aparecida-silvestrini-cordeiro","status":"publish","type":"page","link":"https:\/\/cpcs.ufms.br\/en\/docentes\/agronomia\/meire-aparecida-silvestrini-cordeiro\/","title":{"rendered":"Meire Aparecida Silvestrini Cordeiro"},"content":{"rendered":"<p><a href=\"http:\/\/cpcs.draconis.ufms.br\/files\/2013\/03\/web_prof_meire.jpg\"><img decoding=\"async\" class=\"wp-image-776 aligncenter\" src=\"http:\/\/cpcs.draconis.ufms.br\/files\/2013\/03\/web_prof_meire.jpg\" alt=\"web_prof_meire\" width=\"170\" height=\"281\" srcset=\"https:\/\/cpcs.ufms.br\/files\/2013\/03\/web_prof_meire.jpg 213w, https:\/\/cpcs.ufms.br\/files\/2013\/03\/web_prof_meire-182x300.jpg 182w, https:\/\/cpcs.ufms.br\/files\/2013\/03\/web_prof_meire-194x320.jpg 194w\" sizes=\"(max-width: 170px) 100vw, 170px\" \/><\/a><\/p>\n<p>&nbsp;<\/p>\n<table border=\"0\" width=\"100%\" cellpadding=\"0\">\n<tbody>\n<tr>\n<td width=\"17%\"><strong>Doutorado<\/strong><\/td>\n<td width=\"80%\">Ci\u00eancia do Solo. UNESP- Jaboticabal, SP- 2011.<\/td>\n<\/tr>\n<tr>\n<td width=\"17%\"><strong>Mestrado<\/strong><\/td>\n<td width=\"80%\">Ci\u00eancia do Solo. UFLA-Lavras, MG- 2007.<\/td>\n<\/tr>\n<tr>\n<td width=\"17%\"><strong>Gradua\u00e7\u00e3o<\/strong><\/td>\n<td width=\"80%\">Agronomia. UFG- Jata\u00ed, GO- 2004.<\/td>\n<\/tr>\n<\/tbody>\n<\/table>\n<p>&nbsp;<\/p>\n<p><strong>\u00c1reas e Linhas de Pesquisa:<\/strong><\/p>\n<ul>\n<li>Microbiologia do Solo<\/li>\n<\/ul>\n<p>&nbsp;<\/p>\n<p><strong>E-mail:<\/strong> meire.cordeiro@ufms.br<a href=\"mailto:cid.campos@ufms.br\"><br \/>\n<\/a><\/p>\n<p><strong>Telefone:<\/strong> (67) 3562-6344<\/p>\n<p>&nbsp;<\/p>\n<p style=\"text-align: center\"><a href=\"http:\/\/lattes.cnpq.br\/9552427212290479\" target=\"_blank\" rel=\"noopener noreferrer\">(Curr\u00edculo &#8211; Plataforma Lattes)<\/a><\/p>\n<p>&nbsp;<\/p>\n","protected":false},"excerpt":{"rendered":"<p>&nbsp; Doutorado Ci\u00eancia do Solo. UNESP- Jaboticabal, SP- 2011. Mestrado Ci\u00eancia do Solo. UFLA-Lavras, MG- 2007. Gradua\u00e7\u00e3o Agronomia. UFG- Jata\u00ed, GO- 2004. &nbsp; \u00c1reas e Linhas de Pesquisa: Microbiologia do Solo &nbsp; E-mail: meire.cordeiro@ufms.br Telefone: (67) 3562-6344 &nbsp; (Curr\u00edculo &#8211; Plataforma Lattes) &nbsp;<\/p>\n","protected":false},"author":148,"featured_media":0,"parent":6952,"menu_order":0,"comment_status":"closed","ping_status":"open","template":"","meta":{"ngg_post_thumbnail":0,"footnotes":""},"coauthors":[],"class_list":["post-775","page","type-page","status-publish","hentry"],"yoast_head":"<!-- This site is optimized with the Yoast SEO plugin v26.2 - https:\/\/yoast.com\/wordpress\/plugins\/seo\/ -->\n<title>Meire Aparecida Silvestrini Cordeiro - Campus de Chapad\u00e3o do Sul<\/title>\n<meta name=\"robots\" content=\"index, follow, max-snippet:-1, max-image-preview:large, max-video-preview:-1\" \/>\n<link rel=\"canonical\" href=\"https:\/\/cpcs.ufms.br\/docentes\/agronomia\/meire-aparecida-silvestrini-cordeiro\/\" \/>\n<meta property=\"og:locale\" content=\"en_US\" \/>\n<meta property=\"og:type\" content=\"article\" \/>\n<meta property=\"og:title\" content=\"Meire Aparecida Silvestrini Cordeiro - Campus de Chapad\u00e3o do Sul\" \/>\n<meta property=\"og:description\" content=\"&nbsp; Doutorado Ci\u00eancia do Solo. UNESP- Jaboticabal, SP- 2011. Mestrado Ci\u00eancia do Solo. UFLA-Lavras, MG- 2007. Gradua\u00e7\u00e3o Agronomia. UFG- Jata\u00ed, GO- 2004. &nbsp; \u00c1reas e Linhas de Pesquisa: Microbiologia do Solo &nbsp; E-mail: meire.cordeiro@ufms.br Telefone: (67) 3562-6344 &nbsp; (Curr\u00edculo &#8211; Plataforma Lattes) &nbsp;\" \/>\n<meta property=\"og:url\" content=\"https:\/\/cpcs.ufms.br\/docentes\/agronomia\/meire-aparecida-silvestrini-cordeiro\/\" \/>\n<meta property=\"og:site_name\" content=\"Campus de Chapad\u00e3o do Sul\" \/>\n<meta property=\"article:modified_time\" content=\"2022-06-09T15:33:34+00:00\" \/>\n<meta property=\"og:image\" content=\"http:\/\/cpcs.draconis.ufms.br\/files\/2013\/03\/web_prof_meire.jpg\" \/>\n<meta name=\"twitter:label1\" content=\"Est. reading time\" \/>\n\t<meta name=\"twitter:data1\" content=\"1 minute\" \/>\n<script type=\"application\/ld+json\" class=\"yoast-schema-graph\">{\"@context\":\"https:\/\/schema.org\",\"@graph\":[{\"@type\":\"WebPage\",\"@id\":\"https:\/\/cpcs.ufms.br\/docentes\/agronomia\/meire-aparecida-silvestrini-cordeiro\/\",\"url\":\"https:\/\/cpcs.ufms.br\/docentes\/agronomia\/meire-aparecida-silvestrini-cordeiro\/\",\"name\":\"Meire Aparecida Silvestrini Cordeiro - Campus de Chapad\u00e3o do Sul\",\"isPartOf\":{\"@id\":\"https:\/\/cpcs.ufms.br\/#website\"},\"primaryImageOfPage\":{\"@id\":\"https:\/\/cpcs.ufms.br\/docentes\/agronomia\/meire-aparecida-silvestrini-cordeiro\/#primaryimage\"},\"image\":{\"@id\":\"https:\/\/cpcs.ufms.br\/docentes\/agronomia\/meire-aparecida-silvestrini-cordeiro\/#primaryimage\"},\"thumbnailUrl\":\"http:\/\/cpcs.draconis.ufms.br\/files\/2013\/03\/web_prof_meire.jpg\",\"datePublished\":\"2013-03-07T17:18:57+00:00\",\"dateModified\":\"2022-06-09T15:33:34+00:00\",\"breadcrumb\":{\"@id\":\"https:\/\/cpcs.ufms.br\/docentes\/agronomia\/meire-aparecida-silvestrini-cordeiro\/#breadcrumb\"},\"inLanguage\":\"en-US\",\"potentialAction\":[{\"@type\":\"ReadAction\",\"target\":[\"https:\/\/cpcs.ufms.br\/docentes\/agronomia\/meire-aparecida-silvestrini-cordeiro\/\"]}]},{\"@type\":\"ImageObject\",\"inLanguage\":\"en-US\",\"@id\":\"https:\/\/cpcs.ufms.br\/docentes\/agronomia\/meire-aparecida-silvestrini-cordeiro\/#primaryimage\",\"url\":\"http:\/\/cpcs.draconis.ufms.br\/files\/2013\/03\/web_prof_meire.jpg\",\"contentUrl\":\"http:\/\/cpcs.draconis.ufms.br\/files\/2013\/03\/web_prof_meire.jpg\"},{\"@type\":\"BreadcrumbList\",\"@id\":\"https:\/\/cpcs.ufms.br\/docentes\/agronomia\/meire-aparecida-silvestrini-cordeiro\/#breadcrumb\",\"itemListElement\":[{\"@type\":\"ListItem\",\"position\":1,\"name\":\"In\u00edcio\",\"item\":\"https:\/\/cpcs.ufms.br\/\"},{\"@type\":\"ListItem\",\"position\":2,\"name\":\"Docentes\",\"item\":\"https:\/\/cpcs.ufms.br\/docentes\/\"},{\"@type\":\"ListItem\",\"position\":3,\"name\":\"Agronomia\",\"item\":\"https:\/\/cpcs.ufms.br\/docentes\/agronomia\/\"},{\"@type\":\"ListItem\",\"position\":4,\"name\":\"Meire Aparecida Silvestrini Cordeiro\"}]},{\"@type\":\"WebSite\",\"@id\":\"https:\/\/cpcs.ufms.br\/#website\",\"url\":\"https:\/\/cpcs.ufms.br\/\",\"name\":\"Campus de Chapad\u00e3o do Sul\",\"description\":\"Universidade Federal de Mato Grosso do Sul\",\"potentialAction\":[{\"@type\":\"SearchAction\",\"target\":{\"@type\":\"EntryPoint\",\"urlTemplate\":\"https:\/\/cpcs.ufms.br\/?s={search_term_string}\"},\"query-input\":{\"@type\":\"PropertyValueSpecification\",\"valueRequired\":true,\"valueName\":\"search_term_string\"}}],\"inLanguage\":\"en-US\"}]}<\/script>\n<!-- \/ Yoast SEO plugin. -->","yoast_head_json":{"title":"Meire Aparecida Silvestrini Cordeiro - Campus de Chapad\u00e3o do Sul","robots":{"index":"index","follow":"follow","max-snippet":"max-snippet:-1","max-image-preview":"max-image-preview:large","max-video-preview":"max-video-preview:-1"},"canonical":"https:\/\/cpcs.ufms.br\/docentes\/agronomia\/meire-aparecida-silvestrini-cordeiro\/","og_locale":"en_US","og_type":"article","og_title":"Meire Aparecida Silvestrini Cordeiro - Campus de Chapad\u00e3o do Sul","og_description":"&nbsp; Doutorado Ci\u00eancia do Solo. UNESP- Jaboticabal, SP- 2011. Mestrado Ci\u00eancia do Solo. UFLA-Lavras, MG- 2007. Gradua\u00e7\u00e3o Agronomia. UFG- Jata\u00ed, GO- 2004. &nbsp; \u00c1reas e Linhas de Pesquisa: Microbiologia do Solo &nbsp; E-mail: meire.cordeiro@ufms.br Telefone: (67) 3562-6344 &nbsp; (Curr\u00edculo &#8211; Plataforma Lattes) &nbsp;","og_url":"https:\/\/cpcs.ufms.br\/docentes\/agronomia\/meire-aparecida-silvestrini-cordeiro\/","og_site_name":"Campus de Chapad\u00e3o do Sul","article_modified_time":"2022-06-09T15:33:34+00:00","og_image":[{"url":"http:\/\/cpcs.draconis.ufms.br\/files\/2013\/03\/web_prof_meire.jpg","type":"","width":"","height":""}],"twitter_misc":{"Est. reading time":"1 minute"},"schema":{"@context":"https:\/\/schema.org","@graph":[{"@type":"WebPage","@id":"https:\/\/cpcs.ufms.br\/docentes\/agronomia\/meire-aparecida-silvestrini-cordeiro\/","url":"https:\/\/cpcs.ufms.br\/docentes\/agronomia\/meire-aparecida-silvestrini-cordeiro\/","name":"Meire Aparecida Silvestrini Cordeiro - Campus de Chapad\u00e3o do Sul","isPartOf":{"@id":"https:\/\/cpcs.ufms.br\/#website"},"primaryImageOfPage":{"@id":"https:\/\/cpcs.ufms.br\/docentes\/agronomia\/meire-aparecida-silvestrini-cordeiro\/#primaryimage"},"image":{"@id":"https:\/\/cpcs.ufms.br\/docentes\/agronomia\/meire-aparecida-silvestrini-cordeiro\/#primaryimage"},"thumbnailUrl":"http:\/\/cpcs.draconis.ufms.br\/files\/2013\/03\/web_prof_meire.jpg","datePublished":"2013-03-07T17:18:57+00:00","dateModified":"2022-06-09T15:33:34+00:00","breadcrumb":{"@id":"https:\/\/cpcs.ufms.br\/docentes\/agronomia\/meire-aparecida-silvestrini-cordeiro\/#breadcrumb"},"inLanguage":"en-US","potentialAction":[{"@type":"ReadAction","target":["https:\/\/cpcs.ufms.br\/docentes\/agronomia\/meire-aparecida-silvestrini-cordeiro\/"]}]},{"@type":"ImageObject","inLanguage":"en-US","@id":"https:\/\/cpcs.ufms.br\/docentes\/agronomia\/meire-aparecida-silvestrini-cordeiro\/#primaryimage","url":"http:\/\/cpcs.draconis.ufms.br\/files\/2013\/03\/web_prof_meire.jpg","contentUrl":"http:\/\/cpcs.draconis.ufms.br\/files\/2013\/03\/web_prof_meire.jpg"},{"@type":"BreadcrumbList","@id":"https:\/\/cpcs.ufms.br\/docentes\/agronomia\/meire-aparecida-silvestrini-cordeiro\/#breadcrumb","itemListElement":[{"@type":"ListItem","position":1,"name":"In\u00edcio","item":"https:\/\/cpcs.ufms.br\/"},{"@type":"ListItem","position":2,"name":"Docentes","item":"https:\/\/cpcs.ufms.br\/docentes\/"},{"@type":"ListItem","position":3,"name":"Agronomia","item":"https:\/\/cpcs.ufms.br\/docentes\/agronomia\/"},{"@type":"ListItem","position":4,"name":"Meire Aparecida Silvestrini Cordeiro"}]},{"@type":"WebSite","@id":"https:\/\/cpcs.ufms.br\/#website","url":"https:\/\/cpcs.ufms.br\/","name":"Campus de Chapad\u00e3o do Sul","description":"Universidade Federal de Mato Grosso do Sul","potentialAction":[{"@type":"SearchAction","target":{"@type":"EntryPoint","urlTemplate":"https:\/\/cpcs.ufms.br\/?s={search_term_string}"},"query-input":{"@type":"PropertyValueSpecification","valueRequired":true,"valueName":"search_term_string"}}],"inLanguage":"en-US"}]}},"_links":{"self":[{"href":"https:\/\/cpcs.ufms.br\/en\/wp-json\/wp\/v2\/pages\/775","targetHints":{"allow":["GET"]}}],"collection":[{"href":"https:\/\/cpcs.ufms.br\/en\/wp-json\/wp\/v2\/pages"}],"about":[{"href":"https:\/\/cpcs.ufms.br\/en\/wp-json\/wp\/v2\/types\/page"}],"author":[{"embeddable":true,"href":"https:\/\/cpcs.ufms.br\/en\/wp-json\/wp\/v2\/users\/148"}],"replies":[{"embeddable":true,"href":"https:\/\/cpcs.ufms.br\/en\/wp-json\/wp\/v2\/comments?post=775"}],"version-history":[{"count":5,"href":"https:\/\/cpcs.ufms.br\/en\/wp-json\/wp\/v2\/pages\/775\/revisions"}],"predecessor-version":[{"id":8173,"href":"https:\/\/cpcs.ufms.br\/en\/wp-json\/wp\/v2\/pages\/775\/revisions\/8173"}],"up":[{"embeddable":true,"href":"https:\/\/cpcs.ufms.br\/en\/wp-json\/wp\/v2\/pages\/6952"}],"wp:attachment":[{"href":"https:\/\/cpcs.ufms.br\/en\/wp-json\/wp\/v2\/media?parent=775"}],"wp:term":[{"taxonomy":"author","embeddable":true,"href":"https:\/\/cpcs.ufms.br\/en\/wp-json\/wp\/v2\/coauthors?post=775"}],"curies":[{"name":"wp","href":"https:\/\/api.w.org\/{rel}","templated":true}]}}