{"id":7706,"date":"2022-03-18T11:36:36","date_gmt":"2022-03-18T15:36:36","guid":{"rendered":"https:\/\/cpcs.ufms.br\/?page_id=7706"},"modified":"2022-08-29T16:40:12","modified_gmt":"2022-08-29T20:40:12","slug":"editais2022","status":"publish","type":"page","link":"https:\/\/cpcs.ufms.br\/en\/secae\/edital\/editais2022\/","title":{"rendered":"Editais 2022"},"content":{"rendered":"<p><span style=\"font-size: 20px\">Edital PROAES\/UFMS N\u00ba 65, de 24 de agosto de 2022 &#8211;<strong> Convoca\u00e7\u00e3o Lista de Espera- 7\u00aa Chamada-(Aux\u00edlios Estudantis)<\/strong>:<\/span><\/p>\n<p><strong><a href=\"https:\/\/boletimoficial.ufms.br\/bse\/publicacao?id=466189\"><span style=\"font-size: 20px\">Edital PROAES\/UFMS n\u00b0 65, 24 de agosto de 2022<\/span><\/a><\/strong><\/p>\n<p>&nbsp;<\/p>\n<p><span style=\"font-size: 20px\">Edital CPCS\/UFMS N\u00ba 26, de 18 de agosto de 2022 &#8211;<strong> Desligamento de aux\u00edlios<\/strong>:<\/span><\/p>\n<p><strong><a href=\"https:\/\/boletimoficial.ufms.br\/bse\/publicacao?id=465551\"><span style=\"font-size: 20px\">Edital CPCS\/UFMS n\u00b0 26, 18 de agosto de 2022<\/span><\/a><\/strong><\/p>\n<p>&nbsp;<\/p>\n<p><span style=\"font-size: 20px\">Edital PROAES\/UFMS N\u00ba 59, de 12 de agosto de 2022 &#8211;<strong> Convoca\u00e7\u00e3o Lista de Espera- 6\u00aa Chamada-(Aux\u00edlios Estudantis)<\/strong>:<\/span><\/p>\n<p><strong><a href=\"https:\/\/boletimoficial.ufms.br\/bse\/publicacao?id=464941\"><span style=\"font-size: 20px\">Edital PROAES\/UFMS n\u00b0 59, 12 de agosto de 2022<\/span><\/a><\/strong><\/p>\n<p>&nbsp;<\/p>\n<p><span style=\"font-size: 20px\">Edital CPCS\/UFMS N\u00ba 25, de 9 de agosto de 2022 &#8211;<strong> Resultado dos Recursos(2022.2)<\/strong>:<\/span><\/p>\n<p><strong><a href=\"https:\/\/boletimoficial.ufms.br\/bse\/publicacao?id=464536\"><span style=\"font-size: 20px\">Edital CPCS\/UFMS n\u00b0 25, 9 de agosto de 2022<\/span><\/a><\/strong><\/p>\n<p>&nbsp;<\/p>\n<p><span style=\"font-size: 20px\">Edital CPCS\/UFMS N\u00ba 24, de 01 de agosto de 2022 &#8211;<strong> Desligamento de concluinte<\/strong>:<\/span><\/p>\n<p><strong><a href=\"https:\/\/boletimoficial.ufms.br\/bse\/publicacao?id=463484\"><span style=\"font-size: 20px\">Edital CPCS\/UFMS n\u00b0 24, 01 de agosto de 2022<\/span><\/a><\/strong><\/p>\n<p>&nbsp;<\/p>\n<p><span style=\"font-size: 20px\">Edital CPCS\/UFMS N\u00ba 23, de 28 de julho de 2022 &#8211;<strong> Desligamento de concluintes<\/strong>:<\/span><\/p>\n<p><strong><a href=\"https:\/\/boletimoficial.ufms.br\/bse\/publicacao?id=463269\"><span style=\"font-size: 20px\">Edital CPCS\/UFMS n\u00b0 23, 28 de julho de 2022<\/span><\/a><\/strong><\/p>\n<p>&nbsp;<\/p>\n<p><span style=\"font-size: 20px\">Edital CPCS\/UFMS N\u00ba 22, de 22 de julho de 2022 &#8211;<strong> Desligamento de aux\u00edlios (2022.2)<\/strong>:<\/span><\/p>\n<p><strong><a href=\"https:\/\/boletimoficial.ufms.br\/bse\/publicacao?id=462713\"><span style=\"font-size: 20px\">Edital CPCS\/UFMS n\u00b0 22, 22 de julho de 2022<\/span><\/a><\/strong><\/p>\n<p>&nbsp;<\/p>\n<p><span style=\"font-size: 20px\">Edital PROAES\/UFMS N\u00ba 44, de 14 de junho de 2022 &#8211;<strong> Convoca\u00e7\u00e3o Lista de Espera (Aux\u00edlios Estudantis)<\/strong>:<\/span><\/p>\n<p><strong><a href=\"https:\/\/boletimoficial.ufms.br\/bse\/publicacao?id=459213\"><span style=\"font-size: 20px\">Edital PROAES\/UFMS n\u00b0 44, 14 junho de 2022<\/span><\/a><\/strong><\/p>\n<p>&nbsp;<\/p>\n<p><span style=\"font-size: 20px\">Edital CPCS\/UFMS N\u00ba 18, de 10 de junho de 2022 &#8211;<strong> Desligamento de aux\u00edlios (a pedido)<\/strong>:<\/span><\/p>\n<p><strong><a href=\"https:\/\/boletimoficial.ufms.br\/bse\/publicacao?id=459070\"><span style=\"font-size: 20px\">Edital PROAES\/UFMS n\u00b0 18, 10 junho de 2022<\/span><\/a><\/strong><\/p>\n<p>&nbsp;<\/p>\n<p><span style=\"font-size: 20px\">Edital PROAES\/UFMS N\u00ba 30, de 04 de maio de 2022 &#8211;<strong> Resultado Final dos Aux\u00edlios Estudantis(alimenta\u00e7\u00e3o, moradia, perman\u00eancia e creche)<\/strong>:<\/span><\/p>\n<p><strong><a href=\"https:\/\/boletimoficial.ufms.br\/bse\/publicacao?id=455422\"><span style=\"font-size: 20px\">Edital PROAES\/UFMS n\u00b0 30, 04 de maio de 2022<\/span><\/a><\/strong><\/p>\n<p>&nbsp;<\/p>\n<p><span style=\"font-size: 20px\">Edital CPCS\/UFMS N\u00ba 16, de 20 de abril de 2022 &#8211;<strong> Resultado da An\u00e1lise dos Recursos dos Aux\u00edlios Estudantis(alimenta\u00e7\u00e3o, moradia, perman\u00eancia e creche)<\/strong>:<\/span><\/p>\n<p><strong><a href=\"https:\/\/boletimoficial.ufms.br\/bse\/publicacao?id=455069\"><span style=\"font-size: 20px\">Edital CPCS\/UFMS n\u00b0 17, 29 de abril de 2022<\/span><\/a><\/strong><\/p>\n<p>&nbsp;<\/p>\n<p><span style=\"font-size: 20px\">Edital CPCS\/UFMS N\u00ba 16, de 20 de abril de 2022 &#8211;<strong> Resultado Preliminar\u00a0 para os Aux\u00edlios Estudantis(alimenta\u00e7\u00e3o, moradia, perman\u00eancia e creche)<\/strong>:<\/span><\/p>\n<p><strong><a href=\"https:\/\/boletimoficial.ufms.br\/bse\/publicacao?id=454463\"><span style=\"font-size: 20px\">Edital CPCS\/UFMS n\u00b0 16, 20 de abril de 2022<\/span><\/a><\/strong><\/p>\n<p>&nbsp;<\/p>\n<p><span style=\"font-size: 20px\">Edital CPCS\/UFMS N\u00ba 15, de 01 de abril de 2022 &#8211;<strong> Pr\u00e9-classificados\u00a0 para os Aux\u00edlios Estudantis(alimenta\u00e7\u00e3o, moradia, perman\u00eancia e creche)<\/strong>:<\/span><\/p>\n<p><strong><a href=\"https:\/\/boletimoficial.ufms.br\/bse\/publicacao?id=452899\"><span style=\"font-size: 20px\">Edital CPCS\/UFMS n\u00b0 15, 01 de abril de 2022<\/span><\/a><\/strong><\/p>\n<p>&nbsp;<\/p>\n<p><span style=\"font-size: 20px\">Edital PROAES\/UFMS N\u00ba 9, de 22 de mar\u00e7o de 2022 &#8211;<strong> Aux\u00edlio de Apoio<\/strong><\/span><br \/>\n<span style=\"font-size: 20px\"><strong>Educacional em Libras<\/strong>:<\/span><\/p>\n<p><strong><span style=\"font-size: 20px\"><a href=\"https:\/\/boletimoficial.ufms.br\/bse\/publicacao?id=451830\">Edital Proaes\/UFMS n\u00b0 9, 22 de mar\u00e7o de 2022<\/a><\/span><\/strong><\/p>\n<p>&nbsp;<\/p>\n<p><span style=\"font-size: 20px\">Edital PROAES\/UFMS N\u00ba 8, de 22 de mar\u00e7o de 2022 &#8211;<strong> Aux\u00edlio de Apoio<\/strong><\/span><br \/>\n<span style=\"font-size: 20px\"><strong>Educacional a Estudantes com Defici\u00eancia<\/strong>:<\/span><\/p>\n<p><strong><span style=\"font-size: 20px\"><a href=\"https:\/\/boletimoficial.ufms.br\/bse\/publicacao?id=451781\">Edital Proaes\/UFMS n\u00b0 8, 22 de mar\u00e7o de 2022<\/a><\/span><\/strong><\/p>\n<p>&nbsp;<\/p>\n<p><span style=\"font-size: 20px\">Edital PROAES\/UFMS N\u00ba 5, de 17 de mar\u00e7o de 2022 &#8211; <strong>Empr\u00e9stimo Equipamento Tecnol\u00f3gico (Chromebook e Notebook)<\/strong>:<\/span><\/p>\n<p><strong><span style=\"font-size: 20px\"><a href=\"https:\/\/proaes.ufms.br\/files\/2022\/03\/EDITAL-PROAES_RTR-n-5-de-17-03-2022.-1.pdf\">Edital Proaes\/UFMS n\u00b0 5, 17 de mar\u00e7o de 2022<\/a><\/span><\/strong><\/p>\n<p>&nbsp;<\/p>\n<p><span style=\"font-size: 20px\">Edital PROAES\/UFMS N\u00ba 4, de 11 de mar\u00e7o de 2022 &#8211; <strong>Aux\u00edlios Estudantis<\/strong>:<\/span><\/p>\n<p><a href=\"https:\/\/boletimoficial.ufms.br\/bse\/publicacao?id=450640\" target=\"_blank\" rel=\"noopener\"><strong><span style=\"font-size: 20px\">Edital\u00a0 PROAES n\u00ba 4 Sele\u00e7\u00e3o de Aux\u00edlios de Assist\u00eancia Estudantil para Estudante de Gradua\u00e7\u00e3o da UFMS(perman\u00eancia, alimenta\u00e7\u00e3o, moradia e creche)<\/span><\/strong><\/a><\/p>\n<p>&nbsp;<\/p>\n<p><span style=\"font-size: 20px\">Edital CPCS\/UFMS N\u00ba 3, de 14 de fevereiro de 2022 &#8211; <strong>Desligamento<\/strong> :<\/span><\/p>\n<p><a href=\"https:\/\/boletimoficial.ufms.br\/bse\/publicacao?id=447714\" target=\"_blank\" rel=\"noopener\"><strong><span style=\"font-size: 20px\">Edital n\u00ba 3\u00a0 Desligamento\/Recad<\/span><\/strong><\/a><a href=\"https:\/\/boletimoficial.ufms.br\/bse\/publicacao?id=447714\" target=\"_blank\" rel=\"noopener\"><strong><span style=\"font-size: 20px\">astramento dos Aux\u00edlios Estudantis(alimenta\u00e7\u00e3o,\u00a0 \u00a0 perman\u00eancia,moradia e creche)<\/span><\/strong><\/a><\/p>\n","protected":false},"excerpt":{"rendered":"<p>Edital PROAES\/UFMS N\u00ba 65, de 24 de agosto de 2022 &#8211; Convoca\u00e7\u00e3o Lista de Espera- 7\u00aa Chamada-(Aux\u00edlios Estudantis): Edital PROAES\/UFMS n\u00b0 65, 24 de agosto de 2022 &nbsp; Edital CPCS\/UFMS N\u00ba 26, de 18 de agosto de 2022 &#8211; Desligamento de aux\u00edlios: Edital CPCS\/UFMS n\u00b0 26, 18 de agosto de 2022 &nbsp; Edital PROAES\/UFMS N\u00ba [&hellip;]<\/p>\n","protected":false},"author":35413,"featured_media":0,"parent":7648,"menu_order":0,"comment_status":"closed","ping_status":"closed","template":"","meta":{"ngg_post_thumbnail":0,"footnotes":""},"coauthors":[39],"class_list":["post-7706","page","type-page","status-publish","hentry"],"yoast_head":"<!-- This site is optimized with the Yoast SEO plugin v26.2 - https:\/\/yoast.com\/wordpress\/plugins\/seo\/ -->\n<title>Editais 2022 - Campus de Chapad\u00e3o do Sul<\/title>\n<meta name=\"robots\" content=\"index, follow, max-snippet:-1, max-image-preview:large, max-video-preview:-1\" \/>\n<link rel=\"canonical\" href=\"https:\/\/cpcs.ufms.br\/secae\/edital\/editais2022\/\" \/>\n<meta property=\"og:locale\" content=\"en_US\" \/>\n<meta property=\"og:type\" content=\"article\" \/>\n<meta property=\"og:title\" content=\"Editais 2022 - Campus de Chapad\u00e3o do Sul\" \/>\n<meta property=\"og:description\" content=\"Edital PROAES\/UFMS N\u00ba 65, de 24 de agosto de 2022 &#8211; Convoca\u00e7\u00e3o Lista de Espera- 7\u00aa Chamada-(Aux\u00edlios Estudantis): Edital PROAES\/UFMS n\u00b0 65, 24 de agosto de 2022 &nbsp; Edital CPCS\/UFMS N\u00ba 26, de 18 de agosto de 2022 &#8211; Desligamento de aux\u00edlios: Edital CPCS\/UFMS n\u00b0 26, 18 de agosto de 2022 &nbsp; Edital PROAES\/UFMS N\u00ba [&hellip;]\" \/>\n<meta property=\"og:url\" content=\"https:\/\/cpcs.ufms.br\/secae\/edital\/editais2022\/\" \/>\n<meta property=\"og:site_name\" content=\"Campus de Chapad\u00e3o do Sul\" \/>\n<meta property=\"article:modified_time\" content=\"2022-08-29T20:40:12+00:00\" \/>\n<meta name=\"twitter:label1\" content=\"Est. reading time\" \/>\n\t<meta name=\"twitter:data1\" content=\"3 minutes\" \/>\n\t<meta name=\"twitter:label2\" content=\"Written by\" \/>\n\t<meta name=\"twitter:data2\" content=\"Maik Oliveira Silva\" \/>\n<script type=\"application\/ld+json\" class=\"yoast-schema-graph\">{\"@context\":\"https:\/\/schema.org\",\"@graph\":[{\"@type\":\"WebPage\",\"@id\":\"https:\/\/cpcs.ufms.br\/secae\/edital\/editais2022\/\",\"url\":\"https:\/\/cpcs.ufms.br\/secae\/edital\/editais2022\/\",\"name\":\"Editais 2022 - Campus de Chapad\u00e3o do Sul\",\"isPartOf\":{\"@id\":\"https:\/\/cpcs.ufms.br\/#website\"},\"datePublished\":\"2022-03-18T15:36:36+00:00\",\"dateModified\":\"2022-08-29T20:40:12+00:00\",\"breadcrumb\":{\"@id\":\"https:\/\/cpcs.ufms.br\/secae\/edital\/editais2022\/#breadcrumb\"},\"inLanguage\":\"en-US\",\"potentialAction\":[{\"@type\":\"ReadAction\",\"target\":[\"https:\/\/cpcs.ufms.br\/secae\/edital\/editais2022\/\"]}]},{\"@type\":\"BreadcrumbList\",\"@id\":\"https:\/\/cpcs.ufms.br\/secae\/edital\/editais2022\/#breadcrumb\",\"itemListElement\":[{\"@type\":\"ListItem\",\"position\":1,\"name\":\"In\u00edcio\",\"item\":\"https:\/\/cpcs.ufms.br\/\"},{\"@type\":\"ListItem\",\"position\":2,\"name\":\"Secae\",\"item\":\"https:\/\/cpcs.ufms.br\/secae\/\"},{\"@type\":\"ListItem\",\"position\":3,\"name\":\"Editais\",\"item\":\"https:\/\/cpcs.ufms.br\/secae\/edital\/\"},{\"@type\":\"ListItem\",\"position\":4,\"name\":\"Editais 2022\"}]},{\"@type\":\"WebSite\",\"@id\":\"https:\/\/cpcs.ufms.br\/#website\",\"url\":\"https:\/\/cpcs.ufms.br\/\",\"name\":\"Campus de Chapad\u00e3o do Sul\",\"description\":\"Universidade Federal de Mato Grosso do Sul\",\"potentialAction\":[{\"@type\":\"SearchAction\",\"target\":{\"@type\":\"EntryPoint\",\"urlTemplate\":\"https:\/\/cpcs.ufms.br\/?s={search_term_string}\"},\"query-input\":{\"@type\":\"PropertyValueSpecification\",\"valueRequired\":true,\"valueName\":\"search_term_string\"}}],\"inLanguage\":\"en-US\"}]}<\/script>\n<!-- \/ Yoast SEO plugin. -->","yoast_head_json":{"title":"Editais 2022 - Campus de Chapad\u00e3o do Sul","robots":{"index":"index","follow":"follow","max-snippet":"max-snippet:-1","max-image-preview":"max-image-preview:large","max-video-preview":"max-video-preview:-1"},"canonical":"https:\/\/cpcs.ufms.br\/secae\/edital\/editais2022\/","og_locale":"en_US","og_type":"article","og_title":"Editais 2022 - Campus de Chapad\u00e3o do Sul","og_description":"Edital PROAES\/UFMS N\u00ba 65, de 24 de agosto de 2022 &#8211; Convoca\u00e7\u00e3o Lista de Espera- 7\u00aa Chamada-(Aux\u00edlios Estudantis): Edital PROAES\/UFMS n\u00b0 65, 24 de agosto de 2022 &nbsp; Edital CPCS\/UFMS N\u00ba 26, de 18 de agosto de 2022 &#8211; Desligamento de aux\u00edlios: Edital CPCS\/UFMS n\u00b0 26, 18 de agosto de 2022 &nbsp; Edital PROAES\/UFMS N\u00ba [&hellip;]","og_url":"https:\/\/cpcs.ufms.br\/secae\/edital\/editais2022\/","og_site_name":"Campus de Chapad\u00e3o do Sul","article_modified_time":"2022-08-29T20:40:12+00:00","twitter_misc":{"Est. reading time":"3 minutes","Written by":"Maik Oliveira Silva"},"schema":{"@context":"https:\/\/schema.org","@graph":[{"@type":"WebPage","@id":"https:\/\/cpcs.ufms.br\/secae\/edital\/editais2022\/","url":"https:\/\/cpcs.ufms.br\/secae\/edital\/editais2022\/","name":"Editais 2022 - Campus de Chapad\u00e3o do Sul","isPartOf":{"@id":"https:\/\/cpcs.ufms.br\/#website"},"datePublished":"2022-03-18T15:36:36+00:00","dateModified":"2022-08-29T20:40:12+00:00","breadcrumb":{"@id":"https:\/\/cpcs.ufms.br\/secae\/edital\/editais2022\/#breadcrumb"},"inLanguage":"en-US","potentialAction":[{"@type":"ReadAction","target":["https:\/\/cpcs.ufms.br\/secae\/edital\/editais2022\/"]}]},{"@type":"BreadcrumbList","@id":"https:\/\/cpcs.ufms.br\/secae\/edital\/editais2022\/#breadcrumb","itemListElement":[{"@type":"ListItem","position":1,"name":"In\u00edcio","item":"https:\/\/cpcs.ufms.br\/"},{"@type":"ListItem","position":2,"name":"Secae","item":"https:\/\/cpcs.ufms.br\/secae\/"},{"@type":"ListItem","position":3,"name":"Editais","item":"https:\/\/cpcs.ufms.br\/secae\/edital\/"},{"@type":"ListItem","position":4,"name":"Editais 2022"}]},{"@type":"WebSite","@id":"https:\/\/cpcs.ufms.br\/#website","url":"https:\/\/cpcs.ufms.br\/","name":"Campus de Chapad\u00e3o do Sul","description":"Universidade Federal de Mato Grosso do Sul","potentialAction":[{"@type":"SearchAction","target":{"@type":"EntryPoint","urlTemplate":"https:\/\/cpcs.ufms.br\/?s={search_term_string}"},"query-input":{"@type":"PropertyValueSpecification","valueRequired":true,"valueName":"search_term_string"}}],"inLanguage":"en-US"}]}},"_links":{"self":[{"href":"https:\/\/cpcs.ufms.br\/en\/wp-json\/wp\/v2\/pages\/7706","targetHints":{"allow":["GET"]}}],"collection":[{"href":"https:\/\/cpcs.ufms.br\/en\/wp-json\/wp\/v2\/pages"}],"about":[{"href":"https:\/\/cpcs.ufms.br\/en\/wp-json\/wp\/v2\/types\/page"}],"author":[{"embeddable":true,"href":"https:\/\/cpcs.ufms.br\/en\/wp-json\/wp\/v2\/users\/35413"}],"replies":[{"embeddable":true,"href":"https:\/\/cpcs.ufms.br\/en\/wp-json\/wp\/v2\/comments?post=7706"}],"version-history":[{"count":23,"href":"https:\/\/cpcs.ufms.br\/en\/wp-json\/wp\/v2\/pages\/7706\/revisions"}],"predecessor-version":[{"id":8450,"href":"https:\/\/cpcs.ufms.br\/en\/wp-json\/wp\/v2\/pages\/7706\/revisions\/8450"}],"up":[{"embeddable":true,"href":"https:\/\/cpcs.ufms.br\/en\/wp-json\/wp\/v2\/pages\/7648"}],"wp:attachment":[{"href":"https:\/\/cpcs.ufms.br\/en\/wp-json\/wp\/v2\/media?parent=7706"}],"wp:term":[{"taxonomy":"author","embeddable":true,"href":"https:\/\/cpcs.ufms.br\/en\/wp-json\/wp\/v2\/coauthors?post=7706"}],"curies":[{"name":"wp","href":"https:\/\/api.w.org\/{rel}","templated":true}]}}