{"id":7697,"date":"2022-03-18T11:04:13","date_gmt":"2022-03-18T15:04:13","guid":{"rendered":"https:\/\/cpcs.ufms.br\/?page_id=7697"},"modified":"2022-09-02T13:22:25","modified_gmt":"2022-09-02T17:22:25","slug":"assistencia-social","status":"publish","type":"page","link":"https:\/\/cpcs.ufms.br\/en\/secae\/assistencia-social\/","title":{"rendered":"Assist\u00eancia Social"},"content":{"rendered":"<table style=\"width: 59.2592%\" data-uw-styling-context=\"true\">\n<tbody data-uw-styling-context=\"true\">\n<tr data-uw-styling-context=\"true\">\n<td style=\"width: 49.0596%\" data-uw-styling-context=\"true\">\n<p style=\"text-align: center\"><strong data-uw-styling-context=\"true\">Ligiane Monteiro de Arruda<\/strong><\/p>\n<p><a href=\"https:\/\/cpcs.ufms.br\/files\/2021\/08\/ligiane.png\" rel=\"lightbox[7415]\" data-uw-styling-context=\"true\"><br \/>\n<img decoding=\"async\" class=\"wp-image-7411 aligncenter\" src=\"https:\/\/cpcs.ufms.br\/files\/2021\/08\/ligiane.png\" alt=\"\" width=\"99\" height=\"125\" data-uw-styling-context=\"true\" srcset=\"https:\/\/cpcs.ufms.br\/files\/2021\/08\/ligiane.png 434w, https:\/\/cpcs.ufms.br\/files\/2021\/08\/ligiane-237x300.png 237w, https:\/\/cpcs.ufms.br\/files\/2021\/08\/ligiane-253x320.png 253w\" sizes=\"(max-width: 99px) 100vw, 99px\" \/><\/a><\/td>\n<td style=\"width: 73.4761%\" data-uw-styling-context=\"true\">\n<p style=\"text-align: center\"><strong data-uw-styling-context=\"true\">\u00a0<\/strong><\/p>\n<p data-uw-styling-context=\"true\">Assistente Social<\/p>\n<p data-uw-styling-context=\"true\">\u00a0CRESS 5689\u2013 21\u00ba Regi\u00e3o \/ MS<\/p>\n<p data-uw-styling-context=\"true\">\u00a0Contatos: ligiane.arruda@ufms.br \/ <u data-uw-styling-context=\"true\"><a href=\"mailto:secae.cpcs@ufms.br\" data-uw-styling-context=\"true\">secae.cpcs@ufms.br<\/a><\/u><\/p>\n<p data-uw-styling-context=\"true\">\u00a0(67) 3562-6311 (WhatsApp Business)<\/p>\n<\/td>\n<\/tr>\n<\/tbody>\n<\/table>\n<p data-uw-styling-context=\"true\">O atendimento social ao estudante, entre as diversas atividades do Assistente Social na UFMS, \u00e9 realizado diariamente pela equipe de assistentes sociais da Secretaria de Assist\u00eancia Estudantil (SEAE), na Cidade Universit\u00e1ria e pelos assistentes sociais das Secretarias de Apoio para Assuntos Estudantis (SECAE) nos C\u00e2mpus.<\/p>\n<p data-uw-styling-context=\"true\"><strong data-uw-styling-context=\"true\">OBJETIVO:\u00a0<\/strong>Atuar nas situa\u00e7\u00f5es vivenciadas pelos acad\u00eamicos nos \u00e2mbitos educacional e social, que podem levar a sua reten\u00e7\u00e3o e evas\u00e3o e limitar as suas possibilidades de viv\u00eancia acad\u00eamica nas mais diversas \u00e1reas na universidade (cultura, esporte, lazer, ensino, pesquisa, extens\u00e3o, entre outros).<\/p>\n<p data-uw-styling-context=\"true\"><strong data-uw-styling-context=\"true\">ATIVIDADES REALIZADAS:<\/strong><\/p>\n<ul data-uw-styling-context=\"true\">\n<li data-uw-styling-context=\"true\">Acolhimento e identifica\u00e7\u00e3o das necessidades dos acad\u00eamicos;<\/li>\n<li data-uw-styling-context=\"true\">Orienta\u00e7\u00e3o individual e coletiva sobre:\n<ol data-uw-styling-context=\"true\">\n<li data-uw-styling-context=\"true\">Aux\u00edlios de Assist\u00eancia Estudantil oferecidos pela UFMS;<\/li>\n<li data-uw-styling-context=\"true\">Informa\u00e7\u00f5es educacionais, de sa\u00fade, lazer e cultura no \u00e2mbito da UFMS;<\/li>\n<li data-uw-styling-context=\"true\">Informa\u00e7\u00f5es sobre os direitos dos estudantes referente as normativas institucionais;<\/li>\n<li data-uw-styling-context=\"true\">Informa\u00e7\u00f5es e encaminhamento aos diversos servi\u00e7os prestados pela rede p\u00fablica, privada e n\u00e3o-governamental de sa\u00fade, assist\u00eancia social, educa\u00e7\u00e3o, entre outros, do munic\u00edpio onde est\u00e1 matriculado;<\/li>\n<\/ol>\n<\/li>\n<li data-uw-styling-context=\"true\">Atendimento, orienta\u00e7\u00e3o, entrevistas, visitas domiciliares e avalia\u00e7\u00e3o social dos estudantes para acesso aos aux\u00edlios de Assist\u00eancia Estudantil oferecidos pela UFMS;<\/li>\n<li data-uw-styling-context=\"true\">Acompanhamento social dos estudantes atendidos.<\/li>\n<\/ul>\n<p data-uw-styling-context=\"true\">\n<p data-uw-styling-context=\"true\">\n<p>&nbsp;<\/p>\n<p data-uw-styling-context=\"true\">\u00a0 \u00a0 \u00a0 \u00a0 \u00a0 \u00a0 \u00a0 \u00a0 \u00a0 \u00a0 \u00a0\u00a0 \u00a0 \u00a0 \u00a0 \u00a0 \u00a0<img decoding=\"async\" class=\"aligncenter\" src=\"https:\/\/cpcs.ufms.br\/files\/2020\/03\/instagram.png\" width=\"34\" height=\"34\" data-uw-styling-context=\"true\" \/><\/p>\n<p data-uw-styling-context=\"true\">\u00a0 \u00a0 \u00a0 \u00a0 \u00a0 \u00a0 \u00a0 \u00a0 \u00a0 \u00a0 \u00a0 \u00a0 \u00a0 \u00a0 \u00a0 \u00a0 \u00a0 \u00a0 \u00a0 \u00a0 \u00a0 \u00a0 \u00a0 \u00a0 \u00a0 \u00a0 \u00a0 \u00a0 \u00a0 \u00a0 \u00a0 \u00a0 \u00a0 \u00a0 \u00a0 \u00a0 \u00a0 \u00a0 \u00a0 \u00a0 \u00a0 \u00a0 \u00a0 \u00a0 \u00a0 \u00a0 \u00a0 \u00a0 \u00a0 \u00a0 \u00a0 \u00a0 \u00a0 \u00a0 \u00a0<a href=\"https:\/\/www.instagram.com\/ufms.cpcs\/\">@ufms.cpcs<\/a> \/ <a href=\"https:\/\/www.instagram.com\/ufmsoficial\/\">@ufmsoficial<\/a><\/p>\n","protected":false},"excerpt":{"rendered":"<p>Ligiane Monteiro de Arruda \u00a0 Assistente Social \u00a0CRESS 5689\u2013 21\u00ba Regi\u00e3o \/ MS \u00a0Contatos: ligiane.arruda@ufms.br \/ secae.cpcs@ufms.br \u00a0(67) 3562-6311 (WhatsApp Business) O atendimento social ao estudante, entre as diversas atividades do Assistente Social na UFMS, \u00e9 realizado diariamente pela equipe de assistentes sociais da Secretaria de Assist\u00eancia Estudantil (SEAE), na Cidade Universit\u00e1ria e pelos assistentes [&hellip;]<\/p>\n","protected":false},"author":35413,"featured_media":0,"parent":7658,"menu_order":0,"comment_status":"closed","ping_status":"closed","template":"","meta":{"ngg_post_thumbnail":0,"footnotes":""},"coauthors":[39],"class_list":["post-7697","page","type-page","status-publish","hentry"],"yoast_head":"<!-- This site is optimized with the Yoast SEO plugin v26.2 - https:\/\/yoast.com\/wordpress\/plugins\/seo\/ -->\n<title>Assist\u00eancia Social - Campus de Chapad\u00e3o do Sul<\/title>\n<meta name=\"robots\" content=\"index, follow, max-snippet:-1, max-image-preview:large, max-video-preview:-1\" \/>\n<link rel=\"canonical\" href=\"https:\/\/cpcs.ufms.br\/secae\/assistencia-social\/\" \/>\n<meta property=\"og:locale\" content=\"en_US\" \/>\n<meta property=\"og:type\" content=\"article\" \/>\n<meta property=\"og:title\" content=\"Assist\u00eancia Social - Campus de Chapad\u00e3o do Sul\" \/>\n<meta property=\"og:description\" content=\"Ligiane Monteiro de Arruda \u00a0 Assistente Social \u00a0CRESS 5689\u2013 21\u00ba Regi\u00e3o \/ MS \u00a0Contatos: ligiane.arruda@ufms.br \/ secae.cpcs@ufms.br \u00a0(67) 3562-6311 (WhatsApp Business) O atendimento social ao estudante, entre as diversas atividades do Assistente Social na UFMS, \u00e9 realizado diariamente pela equipe de assistentes sociais da Secretaria de Assist\u00eancia Estudantil (SEAE), na Cidade Universit\u00e1ria e pelos assistentes [&hellip;]\" \/>\n<meta property=\"og:url\" content=\"https:\/\/cpcs.ufms.br\/secae\/assistencia-social\/\" \/>\n<meta property=\"og:site_name\" content=\"Campus de Chapad\u00e3o do Sul\" \/>\n<meta property=\"article:modified_time\" content=\"2022-09-02T17:22:25+00:00\" \/>\n<meta property=\"og:image\" content=\"https:\/\/cpcs.ufms.br\/files\/2021\/08\/ligiane.png\" \/>\n<meta name=\"twitter:label1\" content=\"Est. reading time\" \/>\n\t<meta name=\"twitter:data1\" content=\"2 minutes\" \/>\n\t<meta name=\"twitter:label2\" content=\"Written by\" \/>\n\t<meta name=\"twitter:data2\" content=\"Maik Oliveira Silva\" \/>\n<script type=\"application\/ld+json\" class=\"yoast-schema-graph\">{\"@context\":\"https:\/\/schema.org\",\"@graph\":[{\"@type\":\"WebPage\",\"@id\":\"https:\/\/cpcs.ufms.br\/secae\/assistencia-social\/\",\"url\":\"https:\/\/cpcs.ufms.br\/secae\/assistencia-social\/\",\"name\":\"Assist\u00eancia Social - Campus de Chapad\u00e3o do Sul\",\"isPartOf\":{\"@id\":\"https:\/\/cpcs.ufms.br\/#website\"},\"primaryImageOfPage\":{\"@id\":\"https:\/\/cpcs.ufms.br\/secae\/assistencia-social\/#primaryimage\"},\"image\":{\"@id\":\"https:\/\/cpcs.ufms.br\/secae\/assistencia-social\/#primaryimage\"},\"thumbnailUrl\":\"https:\/\/cpcs.ufms.br\/files\/2021\/08\/ligiane.png\",\"datePublished\":\"2022-03-18T15:04:13+00:00\",\"dateModified\":\"2022-09-02T17:22:25+00:00\",\"breadcrumb\":{\"@id\":\"https:\/\/cpcs.ufms.br\/secae\/assistencia-social\/#breadcrumb\"},\"inLanguage\":\"en-US\",\"potentialAction\":[{\"@type\":\"ReadAction\",\"target\":[\"https:\/\/cpcs.ufms.br\/secae\/assistencia-social\/\"]}]},{\"@type\":\"ImageObject\",\"inLanguage\":\"en-US\",\"@id\":\"https:\/\/cpcs.ufms.br\/secae\/assistencia-social\/#primaryimage\",\"url\":\"https:\/\/cpcs.ufms.br\/files\/2021\/08\/ligiane.png\",\"contentUrl\":\"https:\/\/cpcs.ufms.br\/files\/2021\/08\/ligiane.png\"},{\"@type\":\"BreadcrumbList\",\"@id\":\"https:\/\/cpcs.ufms.br\/secae\/assistencia-social\/#breadcrumb\",\"itemListElement\":[{\"@type\":\"ListItem\",\"position\":1,\"name\":\"In\u00edcio\",\"item\":\"https:\/\/cpcs.ufms.br\/\"},{\"@type\":\"ListItem\",\"position\":2,\"name\":\"Secae\",\"item\":\"https:\/\/cpcs.ufms.br\/secae\/\"},{\"@type\":\"ListItem\",\"position\":3,\"name\":\"Assist\u00eancia Social\"}]},{\"@type\":\"WebSite\",\"@id\":\"https:\/\/cpcs.ufms.br\/#website\",\"url\":\"https:\/\/cpcs.ufms.br\/\",\"name\":\"Campus de Chapad\u00e3o do Sul\",\"description\":\"Universidade Federal de Mato Grosso do Sul\",\"potentialAction\":[{\"@type\":\"SearchAction\",\"target\":{\"@type\":\"EntryPoint\",\"urlTemplate\":\"https:\/\/cpcs.ufms.br\/?s={search_term_string}\"},\"query-input\":{\"@type\":\"PropertyValueSpecification\",\"valueRequired\":true,\"valueName\":\"search_term_string\"}}],\"inLanguage\":\"en-US\"}]}<\/script>\n<!-- \/ Yoast SEO plugin. -->","yoast_head_json":{"title":"Assist\u00eancia Social - Campus de Chapad\u00e3o do Sul","robots":{"index":"index","follow":"follow","max-snippet":"max-snippet:-1","max-image-preview":"max-image-preview:large","max-video-preview":"max-video-preview:-1"},"canonical":"https:\/\/cpcs.ufms.br\/secae\/assistencia-social\/","og_locale":"en_US","og_type":"article","og_title":"Assist\u00eancia Social - Campus de Chapad\u00e3o do Sul","og_description":"Ligiane Monteiro de Arruda \u00a0 Assistente Social \u00a0CRESS 5689\u2013 21\u00ba Regi\u00e3o \/ MS \u00a0Contatos: ligiane.arruda@ufms.br \/ secae.cpcs@ufms.br \u00a0(67) 3562-6311 (WhatsApp Business) O atendimento social ao estudante, entre as diversas atividades do Assistente Social na UFMS, \u00e9 realizado diariamente pela equipe de assistentes sociais da Secretaria de Assist\u00eancia Estudantil (SEAE), na Cidade Universit\u00e1ria e pelos assistentes [&hellip;]","og_url":"https:\/\/cpcs.ufms.br\/secae\/assistencia-social\/","og_site_name":"Campus de Chapad\u00e3o do Sul","article_modified_time":"2022-09-02T17:22:25+00:00","og_image":[{"url":"https:\/\/cpcs.ufms.br\/files\/2021\/08\/ligiane.png","type":"","width":"","height":""}],"twitter_misc":{"Est. reading time":"2 minutes","Written by":"Maik Oliveira Silva"},"schema":{"@context":"https:\/\/schema.org","@graph":[{"@type":"WebPage","@id":"https:\/\/cpcs.ufms.br\/secae\/assistencia-social\/","url":"https:\/\/cpcs.ufms.br\/secae\/assistencia-social\/","name":"Assist\u00eancia Social - Campus de Chapad\u00e3o do Sul","isPartOf":{"@id":"https:\/\/cpcs.ufms.br\/#website"},"primaryImageOfPage":{"@id":"https:\/\/cpcs.ufms.br\/secae\/assistencia-social\/#primaryimage"},"image":{"@id":"https:\/\/cpcs.ufms.br\/secae\/assistencia-social\/#primaryimage"},"thumbnailUrl":"https:\/\/cpcs.ufms.br\/files\/2021\/08\/ligiane.png","datePublished":"2022-03-18T15:04:13+00:00","dateModified":"2022-09-02T17:22:25+00:00","breadcrumb":{"@id":"https:\/\/cpcs.ufms.br\/secae\/assistencia-social\/#breadcrumb"},"inLanguage":"en-US","potentialAction":[{"@type":"ReadAction","target":["https:\/\/cpcs.ufms.br\/secae\/assistencia-social\/"]}]},{"@type":"ImageObject","inLanguage":"en-US","@id":"https:\/\/cpcs.ufms.br\/secae\/assistencia-social\/#primaryimage","url":"https:\/\/cpcs.ufms.br\/files\/2021\/08\/ligiane.png","contentUrl":"https:\/\/cpcs.ufms.br\/files\/2021\/08\/ligiane.png"},{"@type":"BreadcrumbList","@id":"https:\/\/cpcs.ufms.br\/secae\/assistencia-social\/#breadcrumb","itemListElement":[{"@type":"ListItem","position":1,"name":"In\u00edcio","item":"https:\/\/cpcs.ufms.br\/"},{"@type":"ListItem","position":2,"name":"Secae","item":"https:\/\/cpcs.ufms.br\/secae\/"},{"@type":"ListItem","position":3,"name":"Assist\u00eancia Social"}]},{"@type":"WebSite","@id":"https:\/\/cpcs.ufms.br\/#website","url":"https:\/\/cpcs.ufms.br\/","name":"Campus de Chapad\u00e3o do Sul","description":"Universidade Federal de Mato Grosso do Sul","potentialAction":[{"@type":"SearchAction","target":{"@type":"EntryPoint","urlTemplate":"https:\/\/cpcs.ufms.br\/?s={search_term_string}"},"query-input":{"@type":"PropertyValueSpecification","valueRequired":true,"valueName":"search_term_string"}}],"inLanguage":"en-US"}]}},"_links":{"self":[{"href":"https:\/\/cpcs.ufms.br\/en\/wp-json\/wp\/v2\/pages\/7697","targetHints":{"allow":["GET"]}}],"collection":[{"href":"https:\/\/cpcs.ufms.br\/en\/wp-json\/wp\/v2\/pages"}],"about":[{"href":"https:\/\/cpcs.ufms.br\/en\/wp-json\/wp\/v2\/types\/page"}],"author":[{"embeddable":true,"href":"https:\/\/cpcs.ufms.br\/en\/wp-json\/wp\/v2\/users\/35413"}],"replies":[{"embeddable":true,"href":"https:\/\/cpcs.ufms.br\/en\/wp-json\/wp\/v2\/comments?post=7697"}],"version-history":[{"count":9,"href":"https:\/\/cpcs.ufms.br\/en\/wp-json\/wp\/v2\/pages\/7697\/revisions"}],"predecessor-version":[{"id":8462,"href":"https:\/\/cpcs.ufms.br\/en\/wp-json\/wp\/v2\/pages\/7697\/revisions\/8462"}],"up":[{"embeddable":true,"href":"https:\/\/cpcs.ufms.br\/en\/wp-json\/wp\/v2\/pages\/7658"}],"wp:attachment":[{"href":"https:\/\/cpcs.ufms.br\/en\/wp-json\/wp\/v2\/media?parent=7697"}],"wp:term":[{"taxonomy":"author","embeddable":true,"href":"https:\/\/cpcs.ufms.br\/en\/wp-json\/wp\/v2\/coauthors?post=7697"}],"curies":[{"name":"wp","href":"https:\/\/api.w.org\/{rel}","templated":true}]}}