{"id":7694,"date":"2022-03-18T11:02:09","date_gmt":"2022-03-18T15:02:09","guid":{"rendered":"https:\/\/cpcs.ufms.br\/?page_id=7694"},"modified":"2022-07-07T15:15:44","modified_gmt":"2022-07-07T19:15:44","slug":"psicologia","status":"publish","type":"page","link":"https:\/\/cpcs.ufms.br\/en\/secae\/psicologia\/","title":{"rendered":"Psicologia"},"content":{"rendered":"<p data-uw-styling-context=\"true\"><strong data-uw-styling-context=\"true\"><em data-uw-styling-context=\"true\">Servi\u00e7o de Psicologia<\/em><\/strong><\/p>\n<p data-uw-styling-context=\"true\">\n<table style=\"width: 71.8989%\" data-uw-styling-context=\"true\">\n<tbody data-uw-styling-context=\"true\">\n<tr data-uw-styling-context=\"true\">\n<td style=\"width: 31.5657%\" data-uw-styling-context=\"true\">\n<p style=\"text-align: center\"><strong data-uw-styling-context=\"true\">Bruna Diniz Rios<\/strong><\/p>\n<p>&nbsp;<\/p>\n<p><img decoding=\"async\" class=\"wp-image-7413 aligncenter\" src=\"https:\/\/cpcs.ufms.br\/files\/2021\/08\/bruna-1.png\" alt=\"\" width=\"99\" height=\"140\" data-uw-styling-context=\"true\" srcset=\"https:\/\/cpcs.ufms.br\/files\/2021\/08\/bruna-1.png 1130w, https:\/\/cpcs.ufms.br\/files\/2021\/08\/bruna-1-212x300.png 212w, https:\/\/cpcs.ufms.br\/files\/2021\/08\/bruna-1-723x1024.png 723w, https:\/\/cpcs.ufms.br\/files\/2021\/08\/bruna-1-768x1087.png 768w, https:\/\/cpcs.ufms.br\/files\/2021\/08\/bruna-1-1085x1536.png 1085w, https:\/\/cpcs.ufms.br\/files\/2021\/08\/bruna-1-226x320.png 226w\" sizes=\"(max-width: 99px) 100vw, 99px\" \/><\/td>\n<td style=\"width: 116.79%\" data-uw-styling-context=\"true\"><strong data-uw-styling-context=\"true\">\u00a0<\/strong><\/p>\n<p data-uw-styling-context=\"true\">\n<p data-uw-styling-context=\"true\">\u00a0 Psic\u00f3loga<\/p>\n<p data-uw-styling-context=\"true\">\u00a0CRP 14\/06773-6<\/p>\n<p data-uw-styling-context=\"true\">\u00a0Contatos: <u data-uw-styling-context=\"true\"><a href=\"mailto:bruna.rios@ufms.br\" data-uw-styling-context=\"true\">bruna.rios@ufms.br<\/a><\/u>\u00a0\/ secae.cpcs@ufms.br<\/p>\n<p data-uw-styling-context=\"true\">\u00a0(67) 3562-6328 (WhatsApp Business)<\/p>\n<\/td>\n<\/tr>\n<\/tbody>\n<\/table>\n<p data-uw-styling-context=\"true\">\n<p data-uw-styling-context=\"true\"><strong data-uw-styling-context=\"true\">OBJETIVOS:<\/strong>\u00a0O servi\u00e7o de psicologia (bloco 2 ao lado da copa) tem como finalidade promover a qualidade de vida no ambiente acad\u00eamico, conforme a Pol\u00edtica de aten\u00e7\u00e3o \u00e0 sa\u00fade dos estudantes da UFMS Link da resolu\u00e7\u00e3o 152 de 23 de setembro de 2019:\u00a0<u data-uw-styling-context=\"true\"><a href=\"https:\/\/proaes.ufms.br\/files\/2020\/03\/152_Estabelece_Politica_de_Atencao_a_Saude_dos_Estudantes.pdf\" data-uw-styling-context=\"true\">https:\/\/proaes.ufms.br\/files\/2020\/03\/152_Estabelece_Politica_de_Atencao_a_Saude_dos_Estudantes.pdf<\/a><\/u><\/p>\n<p data-uw-styling-context=\"true\"><strong data-uw-styling-context=\"true\">ATIVIDADES REALIZADAS:<\/strong><\/p>\n<ul data-uw-styling-context=\"true\">\n<li data-uw-styling-context=\"true\">Acolhimento e orienta\u00e7\u00e3o psicol\u00f3gica;<\/li>\n<li data-uw-styling-context=\"true\">Atendimento psicoeducacional (plano de estudos, rotina, t\u00e9cnicas de concentra\u00e7\u00e3o, entre outros);<\/li>\n<li data-uw-styling-context=\"true\">Atendimento psicol\u00f3gico individual;<\/li>\n<li data-uw-styling-context=\"true\">Atividades coletivas voltadas para a preven\u00e7\u00e3o e promo\u00e7\u00e3o de sa\u00fade mental, podendo ser palestras, rodas de conversa, grupos terap\u00eauticos, oficinas e workshops. A divulga\u00e7\u00e3o \u00e9 feita via e-mail, site oficial da UFMS, site do CPCS e instagrams oficiais;<\/li>\n<li data-uw-styling-context=\"true\">Realiza\u00e7\u00e3o de encaminhamentos internos ou para os servi\u00e7os do Sistema \u00danico de Sa\u00fade \u2013 SUS, Servi\u00e7o social do munic\u00edpio ou outras pol\u00edticas p\u00fablicas;<\/li>\n<\/ul>\n<p data-uw-styling-context=\"true\">As a\u00e7\u00f5es do setor de psicologia s\u00e3o voltadas aos alunos regularmente matriculados nos cursos\u00a0 da UFMS\/CPCS, especialmente aos:<\/p>\n<ul data-uw-styling-context=\"true\">\n<li data-uw-styling-context=\"true\">Calouros, por meio de atividades de orienta\u00e7\u00e3o durante a matr\u00edcula e a recep\u00e7\u00e3o de calouros e o aux\u00edlio na integra\u00e7\u00e3o \u00e0 Universidade;<\/li>\n<li data-uw-styling-context=\"true\">Alunos em situa\u00e7\u00e3o de baixo rendimento acad\u00eamico, considerando as dificuldades de adapta\u00e7\u00e3o \u00e0 rotina acad\u00eamica, press\u00e3o institucional, al\u00e9m de fatores emocionais e de ordem econ\u00f4mico\/social;<\/li>\n<li data-uw-styling-context=\"true\">Alunos com sofrimento emocional elevado diante de situa\u00e7\u00f5es traum\u00e1ticas.<\/li>\n<\/ul>\n<p data-uw-styling-context=\"true\">\n<p data-uw-styling-context=\"true\"><strong data-uw-styling-context=\"true\">Atendimento on-line do servi\u00e7o de psicologia<\/strong><\/p>\n<p data-uw-styling-context=\"true\">\n<p data-uw-styling-context=\"true\">Diante das mudan\u00e7as provocadas pelas a\u00e7\u00f5es de preven\u00e7\u00e3o \u00e0 dissemina\u00e7\u00e3o da COVID-19, est\u00e1 sendo realizado atendimento psicol\u00f3gico remoto voltado para os acad\u00eamicos e servidores de todos os campus da UFMS. O objetivo \u00e9 contribuir para o bem-estar da comunidade acad\u00eamica ao longo da viv\u00eancia deste per\u00edodo de distanciamento social e ensino remoto.<\/p>\n<p data-uw-styling-context=\"true\">Para agendar, fa\u00e7a sua inscri\u00e7\u00e3o e aguarde o contato que ocorrer\u00e1 por e-mail. Inscri\u00e7\u00e3o atrav\u00e9s do link\u00a0<a href=\"https:\/\/docs.google.com\/forms\/d\/e\/1FAIpQLSeUA4B5zkhJQLSvSkSU_5a4zVFvp42A21qza4VtDq4gSWG3Kw\/viewform\" data-uw-styling-context=\"true\">Solicita\u00e7\u00e3o de atendimento em Psicologia: ACAD\u00caMICOS E SERVIDORES UFMS<\/a><\/p>\n<p data-uw-styling-context=\"true\">\n<p data-uw-styling-context=\"true\"><img decoding=\"async\" class=\"aligncenter\" src=\"https:\/\/cpcs.ufms.br\/files\/2020\/03\/instagram.png\" width=\"34\" height=\"34\" data-uw-styling-context=\"true\" \/><\/p>\n<p data-uw-styling-context=\"true\">\u00a0 \u00a0 \u00a0 \u00a0 \u00a0 \u00a0 \u00a0 \u00a0 \u00a0 \u00a0 \u00a0 \u00a0 \u00a0 \u00a0 \u00a0 \u00a0 \u00a0 \u00a0 \u00a0 \u00a0 \u00a0 \u00a0 \u00a0 \u00a0 \u00a0 \u00a0 \u00a0 \u00a0 \u00a0 \u00a0 \u00a0 \u00a0 \u00a0 \u00a0 \u00a0 \u00a0 \u00a0 \u00a0 \u00a0 \u00a0 \u00a0 \u00a0 \u00a0 \u00a0 \u00a0 \u00a0 \u00a0 \u00a0 \u00a0 \u00a0 \u00a0 \u00a0 \u00a0<a href=\"https:\/\/www.instagram.com\/ufms.cpcs\/\">@ufms.cpcs<\/a>\u00a0 \/ <a href=\"https:\/\/www.instagram.com\/ufmsoficial\/\">@ufmsoficial<\/a><\/p>\n","protected":false},"excerpt":{"rendered":"<p>Servi\u00e7o de Psicologia Bruna Diniz Rios &nbsp; \u00a0 \u00a0 Psic\u00f3loga \u00a0CRP 14\/06773-6 \u00a0Contatos: bruna.rios@ufms.br\u00a0\/ secae.cpcs@ufms.br \u00a0(67) 3562-6328 (WhatsApp Business) OBJETIVOS:\u00a0O servi\u00e7o de psicologia (bloco 2 ao lado da copa) tem como finalidade promover a qualidade de vida no ambiente acad\u00eamico, conforme a Pol\u00edtica de aten\u00e7\u00e3o \u00e0 sa\u00fade dos estudantes da UFMS Link da resolu\u00e7\u00e3o 152 [&hellip;]<\/p>\n","protected":false},"author":35413,"featured_media":0,"parent":7658,"menu_order":0,"comment_status":"closed","ping_status":"closed","template":"","meta":{"ngg_post_thumbnail":0,"footnotes":""},"coauthors":[39],"class_list":["post-7694","page","type-page","status-publish","hentry"],"yoast_head":"<!-- This site is optimized with the Yoast SEO plugin v26.2 - https:\/\/yoast.com\/wordpress\/plugins\/seo\/ -->\n<title>Psicologia - Campus de Chapad\u00e3o do Sul<\/title>\n<meta name=\"robots\" content=\"index, follow, max-snippet:-1, max-image-preview:large, max-video-preview:-1\" \/>\n<link rel=\"canonical\" href=\"https:\/\/cpcs.ufms.br\/secae\/psicologia\/\" \/>\n<meta property=\"og:locale\" content=\"en_US\" \/>\n<meta property=\"og:type\" content=\"article\" \/>\n<meta property=\"og:title\" content=\"Psicologia - Campus de Chapad\u00e3o do Sul\" \/>\n<meta property=\"og:description\" content=\"Servi\u00e7o de Psicologia Bruna Diniz Rios &nbsp; \u00a0 \u00a0 Psic\u00f3loga \u00a0CRP 14\/06773-6 \u00a0Contatos: bruna.rios@ufms.br\u00a0\/ secae.cpcs@ufms.br \u00a0(67) 3562-6328 (WhatsApp Business) OBJETIVOS:\u00a0O servi\u00e7o de psicologia (bloco 2 ao lado da copa) tem como finalidade promover a qualidade de vida no ambiente acad\u00eamico, conforme a Pol\u00edtica de aten\u00e7\u00e3o \u00e0 sa\u00fade dos estudantes da UFMS Link da resolu\u00e7\u00e3o 152 [&hellip;]\" \/>\n<meta property=\"og:url\" content=\"https:\/\/cpcs.ufms.br\/secae\/psicologia\/\" \/>\n<meta property=\"og:site_name\" content=\"Campus de Chapad\u00e3o do Sul\" \/>\n<meta property=\"article:modified_time\" content=\"2022-07-07T19:15:44+00:00\" \/>\n<meta property=\"og:image\" content=\"https:\/\/cpcs.ufms.br\/files\/2021\/08\/bruna-1.png\" \/>\n<meta name=\"twitter:label1\" content=\"Est. reading time\" \/>\n\t<meta name=\"twitter:data1\" content=\"3 minutes\" \/>\n\t<meta name=\"twitter:label2\" content=\"Written by\" \/>\n\t<meta name=\"twitter:data2\" content=\"Maik Oliveira Silva\" \/>\n<script type=\"application\/ld+json\" class=\"yoast-schema-graph\">{\"@context\":\"https:\/\/schema.org\",\"@graph\":[{\"@type\":\"WebPage\",\"@id\":\"https:\/\/cpcs.ufms.br\/secae\/psicologia\/\",\"url\":\"https:\/\/cpcs.ufms.br\/secae\/psicologia\/\",\"name\":\"Psicologia - Campus de Chapad\u00e3o do Sul\",\"isPartOf\":{\"@id\":\"https:\/\/cpcs.ufms.br\/#website\"},\"primaryImageOfPage\":{\"@id\":\"https:\/\/cpcs.ufms.br\/secae\/psicologia\/#primaryimage\"},\"image\":{\"@id\":\"https:\/\/cpcs.ufms.br\/secae\/psicologia\/#primaryimage\"},\"thumbnailUrl\":\"https:\/\/cpcs.ufms.br\/files\/2021\/08\/bruna-1.png\",\"datePublished\":\"2022-03-18T15:02:09+00:00\",\"dateModified\":\"2022-07-07T19:15:44+00:00\",\"breadcrumb\":{\"@id\":\"https:\/\/cpcs.ufms.br\/secae\/psicologia\/#breadcrumb\"},\"inLanguage\":\"en-US\",\"potentialAction\":[{\"@type\":\"ReadAction\",\"target\":[\"https:\/\/cpcs.ufms.br\/secae\/psicologia\/\"]}]},{\"@type\":\"ImageObject\",\"inLanguage\":\"en-US\",\"@id\":\"https:\/\/cpcs.ufms.br\/secae\/psicologia\/#primaryimage\",\"url\":\"https:\/\/cpcs.ufms.br\/files\/2021\/08\/bruna-1.png\",\"contentUrl\":\"https:\/\/cpcs.ufms.br\/files\/2021\/08\/bruna-1.png\"},{\"@type\":\"BreadcrumbList\",\"@id\":\"https:\/\/cpcs.ufms.br\/secae\/psicologia\/#breadcrumb\",\"itemListElement\":[{\"@type\":\"ListItem\",\"position\":1,\"name\":\"In\u00edcio\",\"item\":\"https:\/\/cpcs.ufms.br\/\"},{\"@type\":\"ListItem\",\"position\":2,\"name\":\"Secae\",\"item\":\"https:\/\/cpcs.ufms.br\/secae\/\"},{\"@type\":\"ListItem\",\"position\":3,\"name\":\"Psicologia\"}]},{\"@type\":\"WebSite\",\"@id\":\"https:\/\/cpcs.ufms.br\/#website\",\"url\":\"https:\/\/cpcs.ufms.br\/\",\"name\":\"Campus de Chapad\u00e3o do Sul\",\"description\":\"Universidade Federal de Mato Grosso do Sul\",\"potentialAction\":[{\"@type\":\"SearchAction\",\"target\":{\"@type\":\"EntryPoint\",\"urlTemplate\":\"https:\/\/cpcs.ufms.br\/?s={search_term_string}\"},\"query-input\":{\"@type\":\"PropertyValueSpecification\",\"valueRequired\":true,\"valueName\":\"search_term_string\"}}],\"inLanguage\":\"en-US\"}]}<\/script>\n<!-- \/ Yoast SEO plugin. -->","yoast_head_json":{"title":"Psicologia - Campus de Chapad\u00e3o do Sul","robots":{"index":"index","follow":"follow","max-snippet":"max-snippet:-1","max-image-preview":"max-image-preview:large","max-video-preview":"max-video-preview:-1"},"canonical":"https:\/\/cpcs.ufms.br\/secae\/psicologia\/","og_locale":"en_US","og_type":"article","og_title":"Psicologia - Campus de Chapad\u00e3o do Sul","og_description":"Servi\u00e7o de Psicologia Bruna Diniz Rios &nbsp; \u00a0 \u00a0 Psic\u00f3loga \u00a0CRP 14\/06773-6 \u00a0Contatos: bruna.rios@ufms.br\u00a0\/ secae.cpcs@ufms.br \u00a0(67) 3562-6328 (WhatsApp Business) OBJETIVOS:\u00a0O servi\u00e7o de psicologia (bloco 2 ao lado da copa) tem como finalidade promover a qualidade de vida no ambiente acad\u00eamico, conforme a Pol\u00edtica de aten\u00e7\u00e3o \u00e0 sa\u00fade dos estudantes da UFMS Link da resolu\u00e7\u00e3o 152 [&hellip;]","og_url":"https:\/\/cpcs.ufms.br\/secae\/psicologia\/","og_site_name":"Campus de Chapad\u00e3o do Sul","article_modified_time":"2022-07-07T19:15:44+00:00","og_image":[{"url":"https:\/\/cpcs.ufms.br\/files\/2021\/08\/bruna-1.png","type":"","width":"","height":""}],"twitter_misc":{"Est. reading time":"3 minutes","Written by":"Maik Oliveira Silva"},"schema":{"@context":"https:\/\/schema.org","@graph":[{"@type":"WebPage","@id":"https:\/\/cpcs.ufms.br\/secae\/psicologia\/","url":"https:\/\/cpcs.ufms.br\/secae\/psicologia\/","name":"Psicologia - Campus de Chapad\u00e3o do Sul","isPartOf":{"@id":"https:\/\/cpcs.ufms.br\/#website"},"primaryImageOfPage":{"@id":"https:\/\/cpcs.ufms.br\/secae\/psicologia\/#primaryimage"},"image":{"@id":"https:\/\/cpcs.ufms.br\/secae\/psicologia\/#primaryimage"},"thumbnailUrl":"https:\/\/cpcs.ufms.br\/files\/2021\/08\/bruna-1.png","datePublished":"2022-03-18T15:02:09+00:00","dateModified":"2022-07-07T19:15:44+00:00","breadcrumb":{"@id":"https:\/\/cpcs.ufms.br\/secae\/psicologia\/#breadcrumb"},"inLanguage":"en-US","potentialAction":[{"@type":"ReadAction","target":["https:\/\/cpcs.ufms.br\/secae\/psicologia\/"]}]},{"@type":"ImageObject","inLanguage":"en-US","@id":"https:\/\/cpcs.ufms.br\/secae\/psicologia\/#primaryimage","url":"https:\/\/cpcs.ufms.br\/files\/2021\/08\/bruna-1.png","contentUrl":"https:\/\/cpcs.ufms.br\/files\/2021\/08\/bruna-1.png"},{"@type":"BreadcrumbList","@id":"https:\/\/cpcs.ufms.br\/secae\/psicologia\/#breadcrumb","itemListElement":[{"@type":"ListItem","position":1,"name":"In\u00edcio","item":"https:\/\/cpcs.ufms.br\/"},{"@type":"ListItem","position":2,"name":"Secae","item":"https:\/\/cpcs.ufms.br\/secae\/"},{"@type":"ListItem","position":3,"name":"Psicologia"}]},{"@type":"WebSite","@id":"https:\/\/cpcs.ufms.br\/#website","url":"https:\/\/cpcs.ufms.br\/","name":"Campus de Chapad\u00e3o do Sul","description":"Universidade Federal de Mato Grosso do Sul","potentialAction":[{"@type":"SearchAction","target":{"@type":"EntryPoint","urlTemplate":"https:\/\/cpcs.ufms.br\/?s={search_term_string}"},"query-input":{"@type":"PropertyValueSpecification","valueRequired":true,"valueName":"search_term_string"}}],"inLanguage":"en-US"}]}},"_links":{"self":[{"href":"https:\/\/cpcs.ufms.br\/en\/wp-json\/wp\/v2\/pages\/7694","targetHints":{"allow":["GET"]}}],"collection":[{"href":"https:\/\/cpcs.ufms.br\/en\/wp-json\/wp\/v2\/pages"}],"about":[{"href":"https:\/\/cpcs.ufms.br\/en\/wp-json\/wp\/v2\/types\/page"}],"author":[{"embeddable":true,"href":"https:\/\/cpcs.ufms.br\/en\/wp-json\/wp\/v2\/users\/35413"}],"replies":[{"embeddable":true,"href":"https:\/\/cpcs.ufms.br\/en\/wp-json\/wp\/v2\/comments?post=7694"}],"version-history":[{"count":7,"href":"https:\/\/cpcs.ufms.br\/en\/wp-json\/wp\/v2\/pages\/7694\/revisions"}],"predecessor-version":[{"id":8297,"href":"https:\/\/cpcs.ufms.br\/en\/wp-json\/wp\/v2\/pages\/7694\/revisions\/8297"}],"up":[{"embeddable":true,"href":"https:\/\/cpcs.ufms.br\/en\/wp-json\/wp\/v2\/pages\/7658"}],"wp:attachment":[{"href":"https:\/\/cpcs.ufms.br\/en\/wp-json\/wp\/v2\/media?parent=7694"}],"wp:term":[{"taxonomy":"author","embeddable":true,"href":"https:\/\/cpcs.ufms.br\/en\/wp-json\/wp\/v2\/coauthors?post=7694"}],"curies":[{"name":"wp","href":"https:\/\/api.w.org\/{rel}","templated":true}]}}