{"id":7650,"date":"2022-03-11T18:31:10","date_gmt":"2022-03-11T22:31:10","guid":{"rendered":"https:\/\/cpcs.ufms.br\/?page_id=7650"},"modified":"2022-07-07T14:24:48","modified_gmt":"2022-07-07T18:24:48","slug":"auxilios","status":"publish","type":"page","link":"https:\/\/cpcs.ufms.br\/en\/secae\/auxilios\/","title":{"rendered":"Aux\u00edlios"},"content":{"rendered":"<p>Crit\u00e9rios para os aux\u00edlios estudantis:<\/p>\n<p>Decreto 7234 &#8211; PNAES: <a href=\"http:\/\/link.ufms.br\/PNAES\">link.ufms.br\/PNAES<\/a><\/p>\n<p>RESOLU\u00c7\u00c3O N\u00ba 124-COUN\/UFMS, DE 31 DE AGOSTO DE 2021: <a href=\"https:\/\/link.ufms.br\/resolucao\">link.ufms.br\/resolucao<\/a><\/p>\n<p>RESOLU\u00c7\u00c3O N\u00ba 124-COUN\/UFMS, DE 31 DE AGOSTO DE 2021, Art. 4\u00b0:<\/p>\n<p>As a\u00e7\u00f5es do Programa de Assist\u00eancia Estudantil da UFMS s\u00e3o voltadas prioritariamente aos estudantes com vulnerabilidade socioecon\u00f4mica, com renda familiar per capita de at\u00e9 um\u00a0sal\u00e1rio m\u00ednimo e meio vigente, e s\u00e3o classificadas em:<\/p>\n<ul>\n<li style=\"list-style-type: none\">\n<ul>\n<li>Aux\u00edlio Perman\u00eancia<\/li>\n<li>Aux\u00edlio Creche<\/li>\n<li>Aux\u00edlio Alimenta\u00e7\u00e3o<\/li>\n<li>Aux\u00edlio Moradia<\/li>\n<li>Aux\u00edlio Financeiro para Participa\u00e7\u00e3o em Eventos<\/li>\n<li>Aux\u00edlio Financeiro para Apoio Pedag\u00f3gico<\/li>\n<li>Aux\u00edlio Emergencial<\/li>\n<li>Aux\u00edlio de Inclus\u00e3o Digital<\/li>\n<li>Aux\u00edlio Empr\u00e9stimo de Equipamentos e<\/li>\n<li>Aux\u00edlio Financeiro para Apoio ao Estudante com Defici\u00eancia e Altas Habilidades.<\/li>\n<\/ul>\n<\/li>\n<\/ul>\n<p>Instru\u00e7\u00e3o Normativa n\u00b017: <a href=\"https:\/\/boletimoficial.ufms.br\/bse\/publicacao?id=452237\">IN 17<\/a><\/p>\n<p>Editais e outros aux\u00edlios acompanhe: <u><a href=\"https:\/\/proaes.ufms.br\/\">https:\/\/proaes.ufms.br\/<\/a><\/u> e <u><a href=\"https:\/\/cpcs.ufms.br\/\">https:\/\/cpcs.ufms.br\/<\/a><\/u><\/p>\n","protected":false},"excerpt":{"rendered":"<p>Crit\u00e9rios para os aux\u00edlios estudantis: Decreto 7234 &#8211; PNAES: link.ufms.br\/PNAES RESOLU\u00c7\u00c3O N\u00ba 124-COUN\/UFMS, DE 31 DE AGOSTO DE 2021: link.ufms.br\/resolucao RESOLU\u00c7\u00c3O N\u00ba 124-COUN\/UFMS, DE 31 DE AGOSTO DE 2021, Art. 4\u00b0: As a\u00e7\u00f5es do Programa de Assist\u00eancia Estudantil da UFMS s\u00e3o voltadas prioritariamente aos estudantes com vulnerabilidade socioecon\u00f4mica, com renda familiar per capita de at\u00e9 [&hellip;]<\/p>\n","protected":false},"author":35413,"featured_media":0,"parent":7658,"menu_order":0,"comment_status":"closed","ping_status":"closed","template":"","meta":{"ngg_post_thumbnail":0,"footnotes":""},"coauthors":[39],"class_list":["post-7650","page","type-page","status-publish","hentry"],"yoast_head":"<!-- This site is optimized with the Yoast SEO plugin v26.2 - https:\/\/yoast.com\/wordpress\/plugins\/seo\/ -->\n<title>Aux\u00edlios - Campus de Chapad\u00e3o do Sul<\/title>\n<meta name=\"robots\" content=\"index, follow, max-snippet:-1, max-image-preview:large, max-video-preview:-1\" \/>\n<link rel=\"canonical\" href=\"https:\/\/cpcs.ufms.br\/secae\/auxilios\/\" \/>\n<meta property=\"og:locale\" content=\"en_US\" \/>\n<meta property=\"og:type\" content=\"article\" \/>\n<meta property=\"og:title\" content=\"Aux\u00edlios - Campus de Chapad\u00e3o do Sul\" \/>\n<meta property=\"og:description\" content=\"Crit\u00e9rios para os aux\u00edlios estudantis: Decreto 7234 &#8211; PNAES: link.ufms.br\/PNAES RESOLU\u00c7\u00c3O N\u00ba 124-COUN\/UFMS, DE 31 DE AGOSTO DE 2021: link.ufms.br\/resolucao RESOLU\u00c7\u00c3O N\u00ba 124-COUN\/UFMS, DE 31 DE AGOSTO DE 2021, Art. 4\u00b0: As a\u00e7\u00f5es do Programa de Assist\u00eancia Estudantil da UFMS s\u00e3o voltadas prioritariamente aos estudantes com vulnerabilidade socioecon\u00f4mica, com renda familiar per capita de at\u00e9 [&hellip;]\" \/>\n<meta property=\"og:url\" content=\"https:\/\/cpcs.ufms.br\/secae\/auxilios\/\" \/>\n<meta property=\"og:site_name\" content=\"Campus de Chapad\u00e3o do Sul\" \/>\n<meta property=\"article:modified_time\" content=\"2022-07-07T18:24:48+00:00\" \/>\n<meta name=\"twitter:label1\" content=\"Est. reading time\" \/>\n\t<meta name=\"twitter:data1\" content=\"1 minute\" \/>\n\t<meta name=\"twitter:label2\" content=\"Written by\" \/>\n\t<meta name=\"twitter:data2\" content=\"Maik Oliveira Silva\" \/>\n<script type=\"application\/ld+json\" class=\"yoast-schema-graph\">{\"@context\":\"https:\/\/schema.org\",\"@graph\":[{\"@type\":\"WebPage\",\"@id\":\"https:\/\/cpcs.ufms.br\/secae\/auxilios\/\",\"url\":\"https:\/\/cpcs.ufms.br\/secae\/auxilios\/\",\"name\":\"Aux\u00edlios - Campus de Chapad\u00e3o do Sul\",\"isPartOf\":{\"@id\":\"https:\/\/cpcs.ufms.br\/#website\"},\"datePublished\":\"2022-03-11T22:31:10+00:00\",\"dateModified\":\"2022-07-07T18:24:48+00:00\",\"breadcrumb\":{\"@id\":\"https:\/\/cpcs.ufms.br\/secae\/auxilios\/#breadcrumb\"},\"inLanguage\":\"en-US\",\"potentialAction\":[{\"@type\":\"ReadAction\",\"target\":[\"https:\/\/cpcs.ufms.br\/secae\/auxilios\/\"]}]},{\"@type\":\"BreadcrumbList\",\"@id\":\"https:\/\/cpcs.ufms.br\/secae\/auxilios\/#breadcrumb\",\"itemListElement\":[{\"@type\":\"ListItem\",\"position\":1,\"name\":\"In\u00edcio\",\"item\":\"https:\/\/cpcs.ufms.br\/\"},{\"@type\":\"ListItem\",\"position\":2,\"name\":\"Secae\",\"item\":\"https:\/\/cpcs.ufms.br\/secae\/\"},{\"@type\":\"ListItem\",\"position\":3,\"name\":\"Aux\u00edlios\"}]},{\"@type\":\"WebSite\",\"@id\":\"https:\/\/cpcs.ufms.br\/#website\",\"url\":\"https:\/\/cpcs.ufms.br\/\",\"name\":\"Campus de Chapad\u00e3o do Sul\",\"description\":\"Universidade Federal de Mato Grosso do Sul\",\"potentialAction\":[{\"@type\":\"SearchAction\",\"target\":{\"@type\":\"EntryPoint\",\"urlTemplate\":\"https:\/\/cpcs.ufms.br\/?s={search_term_string}\"},\"query-input\":{\"@type\":\"PropertyValueSpecification\",\"valueRequired\":true,\"valueName\":\"search_term_string\"}}],\"inLanguage\":\"en-US\"}]}<\/script>\n<!-- \/ Yoast SEO plugin. -->","yoast_head_json":{"title":"Aux\u00edlios - Campus de Chapad\u00e3o do Sul","robots":{"index":"index","follow":"follow","max-snippet":"max-snippet:-1","max-image-preview":"max-image-preview:large","max-video-preview":"max-video-preview:-1"},"canonical":"https:\/\/cpcs.ufms.br\/secae\/auxilios\/","og_locale":"en_US","og_type":"article","og_title":"Aux\u00edlios - Campus de Chapad\u00e3o do Sul","og_description":"Crit\u00e9rios para os aux\u00edlios estudantis: Decreto 7234 &#8211; PNAES: link.ufms.br\/PNAES RESOLU\u00c7\u00c3O N\u00ba 124-COUN\/UFMS, DE 31 DE AGOSTO DE 2021: link.ufms.br\/resolucao RESOLU\u00c7\u00c3O N\u00ba 124-COUN\/UFMS, DE 31 DE AGOSTO DE 2021, Art. 4\u00b0: As a\u00e7\u00f5es do Programa de Assist\u00eancia Estudantil da UFMS s\u00e3o voltadas prioritariamente aos estudantes com vulnerabilidade socioecon\u00f4mica, com renda familiar per capita de at\u00e9 [&hellip;]","og_url":"https:\/\/cpcs.ufms.br\/secae\/auxilios\/","og_site_name":"Campus de Chapad\u00e3o do Sul","article_modified_time":"2022-07-07T18:24:48+00:00","twitter_misc":{"Est. reading time":"1 minute","Written by":"Maik Oliveira Silva"},"schema":{"@context":"https:\/\/schema.org","@graph":[{"@type":"WebPage","@id":"https:\/\/cpcs.ufms.br\/secae\/auxilios\/","url":"https:\/\/cpcs.ufms.br\/secae\/auxilios\/","name":"Aux\u00edlios - Campus de Chapad\u00e3o do Sul","isPartOf":{"@id":"https:\/\/cpcs.ufms.br\/#website"},"datePublished":"2022-03-11T22:31:10+00:00","dateModified":"2022-07-07T18:24:48+00:00","breadcrumb":{"@id":"https:\/\/cpcs.ufms.br\/secae\/auxilios\/#breadcrumb"},"inLanguage":"en-US","potentialAction":[{"@type":"ReadAction","target":["https:\/\/cpcs.ufms.br\/secae\/auxilios\/"]}]},{"@type":"BreadcrumbList","@id":"https:\/\/cpcs.ufms.br\/secae\/auxilios\/#breadcrumb","itemListElement":[{"@type":"ListItem","position":1,"name":"In\u00edcio","item":"https:\/\/cpcs.ufms.br\/"},{"@type":"ListItem","position":2,"name":"Secae","item":"https:\/\/cpcs.ufms.br\/secae\/"},{"@type":"ListItem","position":3,"name":"Aux\u00edlios"}]},{"@type":"WebSite","@id":"https:\/\/cpcs.ufms.br\/#website","url":"https:\/\/cpcs.ufms.br\/","name":"Campus de Chapad\u00e3o do Sul","description":"Universidade Federal de Mato Grosso do Sul","potentialAction":[{"@type":"SearchAction","target":{"@type":"EntryPoint","urlTemplate":"https:\/\/cpcs.ufms.br\/?s={search_term_string}"},"query-input":{"@type":"PropertyValueSpecification","valueRequired":true,"valueName":"search_term_string"}}],"inLanguage":"en-US"}]}},"_links":{"self":[{"href":"https:\/\/cpcs.ufms.br\/en\/wp-json\/wp\/v2\/pages\/7650","targetHints":{"allow":["GET"]}}],"collection":[{"href":"https:\/\/cpcs.ufms.br\/en\/wp-json\/wp\/v2\/pages"}],"about":[{"href":"https:\/\/cpcs.ufms.br\/en\/wp-json\/wp\/v2\/types\/page"}],"author":[{"embeddable":true,"href":"https:\/\/cpcs.ufms.br\/en\/wp-json\/wp\/v2\/users\/35413"}],"replies":[{"embeddable":true,"href":"https:\/\/cpcs.ufms.br\/en\/wp-json\/wp\/v2\/comments?post=7650"}],"version-history":[{"count":8,"href":"https:\/\/cpcs.ufms.br\/en\/wp-json\/wp\/v2\/pages\/7650\/revisions"}],"predecessor-version":[{"id":8293,"href":"https:\/\/cpcs.ufms.br\/en\/wp-json\/wp\/v2\/pages\/7650\/revisions\/8293"}],"up":[{"embeddable":true,"href":"https:\/\/cpcs.ufms.br\/en\/wp-json\/wp\/v2\/pages\/7658"}],"wp:attachment":[{"href":"https:\/\/cpcs.ufms.br\/en\/wp-json\/wp\/v2\/media?parent=7650"}],"wp:term":[{"taxonomy":"author","embeddable":true,"href":"https:\/\/cpcs.ufms.br\/en\/wp-json\/wp\/v2\/coauthors?post=7650"}],"curies":[{"name":"wp","href":"https:\/\/api.w.org\/{rel}","templated":true}]}}