{"id":6941,"date":"2021-03-17T12:16:32","date_gmt":"2021-03-17T16:16:32","guid":{"rendered":"https:\/\/cpcs.ufms.br\/?page_id=6941"},"modified":"2025-01-14T07:16:45","modified_gmt":"2025-01-14T11:16:45","slug":"job-teixeira-de-oliveira","status":"publish","type":"page","link":"https:\/\/cpcs.ufms.br\/en\/docentes\/agronomia\/job-teixeira-de-oliveira\/","title":{"rendered":"Job Teixeira de Oliveira"},"content":{"rendered":"<p>&nbsp;<\/p>\n<p><a href=\"https:\/\/cpcs.ufms.br\/files\/2021\/03\/job.jpeg\"><img decoding=\"async\" class=\"aligncenter wp-image-6942\" src=\"https:\/\/cpcs.ufms.br\/files\/2021\/03\/job.jpeg\" alt=\"\" width=\"140\" height=\"153\"><\/a><\/p>\n<p>&nbsp;<\/p>\n<p>&nbsp;<\/p>\n<table border=\"0\" width=\"100%\" cellpadding=\"0\">\n<tbody>\n<tr>\n<td width=\"17%\"><strong>Doutorado<\/strong><\/td>\n<td width=\"80%\">Recursos H\u00eddricos no Departamento de Engenharia Agr\u00edcola, UFV &#8211; 2019.<\/td>\n<\/tr>\n<tr>\n<td width=\"17%\"><strong>Mestrado<\/strong><\/td>\n<td width=\"80%\">Agronomia &#8211; Produ\u00e7\u00e3o Vegetal, UFMS-CPCS &#8211; 2017.<\/td>\n<\/tr>\n<tr>\n<td width=\"17%\"><strong>Gradua\u00e7\u00e3o<\/strong><\/td>\n<td width=\"80%\">Engenharia Agr\u00edcola, UFV &#8211; 2002.<\/td>\n<\/tr>\n<\/tbody>\n<\/table>\n<p>&nbsp;<\/p>\n<p><strong>\u00c1reas e Linhas de Pesquisa:<\/strong><\/p>\n<ul>\n<li>Irriga\u00e7\u00e3o.<\/li>\n<li>Agricultura de precis\u00e3o.<\/li>\n<li>estat\u00edstica multivariada e geoestatistica.<\/li>\n<\/ul>\n<p>&nbsp;<\/p>\n<p><strong>E-mail:<\/strong>&nbsp; job.oliveira@ufms.br<\/p>\n<p><strong data-uw-styling-context=\"true\">Telefone:<\/strong> (67) 3562-6300<\/p>\n<p>&nbsp;<\/p>\n<p style=\"text-align: center\"><a href=\"http:\/\/buscatextual.cnpq.br\/buscatextual\/visualizacv.do?id=K8568635T7\" target=\"_blank\" rel=\"noopener noreferrer\">(Curr\u00edculo &#8211; Plataforma Lattes)<\/a><\/p>\n","protected":false},"excerpt":{"rendered":"<p>&nbsp; &nbsp; &nbsp; Doutorado Recursos H\u00eddricos no Departamento de Engenharia Agr\u00edcola, UFV &#8211; 2019. Mestrado Agronomia &#8211; Produ\u00e7\u00e3o Vegetal, UFMS-CPCS &#8211; 2017. Gradua\u00e7\u00e3o Engenharia Agr\u00edcola, UFV &#8211; 2002. &nbsp; \u00c1reas e Linhas de Pesquisa: Irriga\u00e7\u00e3o. Agricultura de precis\u00e3o. estat\u00edstica multivariada e geoestatistica. &nbsp; E-mail:&nbsp; job.oliveira@ufms.br Telefone: (67) 3562-6300 &nbsp; (Curr\u00edculo &#8211; Plataforma Lattes)<\/p>\n","protected":false},"author":35413,"featured_media":0,"parent":6952,"menu_order":0,"comment_status":"closed","ping_status":"closed","template":"","meta":{"ngg_post_thumbnail":0,"footnotes":""},"coauthors":[39],"class_list":["post-6941","page","type-page","status-publish","hentry"],"yoast_head":"<!-- This site is optimized with the Yoast SEO plugin v26.2 - https:\/\/yoast.com\/wordpress\/plugins\/seo\/ -->\n<title>Job Teixeira de Oliveira - Campus de Chapad\u00e3o do Sul<\/title>\n<meta name=\"robots\" content=\"index, follow, max-snippet:-1, max-image-preview:large, max-video-preview:-1\" \/>\n<link rel=\"canonical\" href=\"https:\/\/cpcs.ufms.br\/docentes\/agronomia\/job-teixeira-de-oliveira\/\" \/>\n<meta property=\"og:locale\" content=\"en_US\" \/>\n<meta property=\"og:type\" content=\"article\" \/>\n<meta property=\"og:title\" content=\"Job Teixeira de Oliveira - Campus de Chapad\u00e3o do Sul\" \/>\n<meta property=\"og:description\" content=\"&nbsp; &nbsp; &nbsp; Doutorado Recursos H\u00eddricos no Departamento de Engenharia Agr\u00edcola, UFV &#8211; 2019. Mestrado Agronomia &#8211; Produ\u00e7\u00e3o Vegetal, UFMS-CPCS &#8211; 2017. Gradua\u00e7\u00e3o Engenharia Agr\u00edcola, UFV &#8211; 2002. &nbsp; \u00c1reas e Linhas de Pesquisa: Irriga\u00e7\u00e3o. Agricultura de precis\u00e3o. estat\u00edstica multivariada e geoestatistica. &nbsp; E-mail:&nbsp; job.oliveira@ufms.br Telefone: (67) 3562-6300 &nbsp; (Curr\u00edculo &#8211; Plataforma Lattes)\" \/>\n<meta property=\"og:url\" content=\"https:\/\/cpcs.ufms.br\/docentes\/agronomia\/job-teixeira-de-oliveira\/\" \/>\n<meta property=\"og:site_name\" content=\"Campus de Chapad\u00e3o do Sul\" \/>\n<meta property=\"article:modified_time\" content=\"2025-01-14T11:16:45+00:00\" \/>\n<meta property=\"og:image\" content=\"https:\/\/cpcs.ufms.br\/files\/2021\/03\/job.jpeg\" \/>\n<meta name=\"twitter:label1\" content=\"Est. reading time\" \/>\n\t<meta name=\"twitter:data1\" content=\"1 minute\" \/>\n\t<meta name=\"twitter:label2\" content=\"Written by\" \/>\n\t<meta name=\"twitter:data2\" content=\"Maik Oliveira Silva\" \/>\n<script type=\"application\/ld+json\" class=\"yoast-schema-graph\">{\"@context\":\"https:\/\/schema.org\",\"@graph\":[{\"@type\":\"WebPage\",\"@id\":\"https:\/\/cpcs.ufms.br\/docentes\/agronomia\/job-teixeira-de-oliveira\/\",\"url\":\"https:\/\/cpcs.ufms.br\/docentes\/agronomia\/job-teixeira-de-oliveira\/\",\"name\":\"Job Teixeira de Oliveira - Campus de Chapad\u00e3o do Sul\",\"isPartOf\":{\"@id\":\"https:\/\/cpcs.ufms.br\/#website\"},\"primaryImageOfPage\":{\"@id\":\"https:\/\/cpcs.ufms.br\/docentes\/agronomia\/job-teixeira-de-oliveira\/#primaryimage\"},\"image\":{\"@id\":\"https:\/\/cpcs.ufms.br\/docentes\/agronomia\/job-teixeira-de-oliveira\/#primaryimage\"},\"thumbnailUrl\":\"https:\/\/cpcs.ufms.br\/files\/2021\/03\/job.jpeg\",\"datePublished\":\"2021-03-17T16:16:32+00:00\",\"dateModified\":\"2025-01-14T11:16:45+00:00\",\"breadcrumb\":{\"@id\":\"https:\/\/cpcs.ufms.br\/docentes\/agronomia\/job-teixeira-de-oliveira\/#breadcrumb\"},\"inLanguage\":\"en-US\",\"potentialAction\":[{\"@type\":\"ReadAction\",\"target\":[\"https:\/\/cpcs.ufms.br\/docentes\/agronomia\/job-teixeira-de-oliveira\/\"]}]},{\"@type\":\"ImageObject\",\"inLanguage\":\"en-US\",\"@id\":\"https:\/\/cpcs.ufms.br\/docentes\/agronomia\/job-teixeira-de-oliveira\/#primaryimage\",\"url\":\"https:\/\/cpcs.ufms.br\/files\/2021\/03\/job.jpeg\",\"contentUrl\":\"https:\/\/cpcs.ufms.br\/files\/2021\/03\/job.jpeg\"},{\"@type\":\"BreadcrumbList\",\"@id\":\"https:\/\/cpcs.ufms.br\/docentes\/agronomia\/job-teixeira-de-oliveira\/#breadcrumb\",\"itemListElement\":[{\"@type\":\"ListItem\",\"position\":1,\"name\":\"In\u00edcio\",\"item\":\"https:\/\/cpcs.ufms.br\/\"},{\"@type\":\"ListItem\",\"position\":2,\"name\":\"Docentes\",\"item\":\"https:\/\/cpcs.ufms.br\/docentes\/\"},{\"@type\":\"ListItem\",\"position\":3,\"name\":\"Agronomia\",\"item\":\"https:\/\/cpcs.ufms.br\/docentes\/agronomia\/\"},{\"@type\":\"ListItem\",\"position\":4,\"name\":\"Job Teixeira de Oliveira\"}]},{\"@type\":\"WebSite\",\"@id\":\"https:\/\/cpcs.ufms.br\/#website\",\"url\":\"https:\/\/cpcs.ufms.br\/\",\"name\":\"Campus de Chapad\u00e3o do Sul\",\"description\":\"Universidade Federal de Mato Grosso do Sul\",\"potentialAction\":[{\"@type\":\"SearchAction\",\"target\":{\"@type\":\"EntryPoint\",\"urlTemplate\":\"https:\/\/cpcs.ufms.br\/?s={search_term_string}\"},\"query-input\":{\"@type\":\"PropertyValueSpecification\",\"valueRequired\":true,\"valueName\":\"search_term_string\"}}],\"inLanguage\":\"en-US\"}]}<\/script>\n<!-- \/ Yoast SEO plugin. -->","yoast_head_json":{"title":"Job Teixeira de Oliveira - Campus de Chapad\u00e3o do Sul","robots":{"index":"index","follow":"follow","max-snippet":"max-snippet:-1","max-image-preview":"max-image-preview:large","max-video-preview":"max-video-preview:-1"},"canonical":"https:\/\/cpcs.ufms.br\/docentes\/agronomia\/job-teixeira-de-oliveira\/","og_locale":"en_US","og_type":"article","og_title":"Job Teixeira de Oliveira - Campus de Chapad\u00e3o do Sul","og_description":"&nbsp; &nbsp; &nbsp; Doutorado Recursos H\u00eddricos no Departamento de Engenharia Agr\u00edcola, UFV &#8211; 2019. Mestrado Agronomia &#8211; Produ\u00e7\u00e3o Vegetal, UFMS-CPCS &#8211; 2017. Gradua\u00e7\u00e3o Engenharia Agr\u00edcola, UFV &#8211; 2002. &nbsp; \u00c1reas e Linhas de Pesquisa: Irriga\u00e7\u00e3o. Agricultura de precis\u00e3o. estat\u00edstica multivariada e geoestatistica. &nbsp; E-mail:&nbsp; job.oliveira@ufms.br Telefone: (67) 3562-6300 &nbsp; (Curr\u00edculo &#8211; Plataforma Lattes)","og_url":"https:\/\/cpcs.ufms.br\/docentes\/agronomia\/job-teixeira-de-oliveira\/","og_site_name":"Campus de Chapad\u00e3o do Sul","article_modified_time":"2025-01-14T11:16:45+00:00","og_image":[{"url":"https:\/\/cpcs.ufms.br\/files\/2021\/03\/job.jpeg","type":"","width":"","height":""}],"twitter_misc":{"Est. reading time":"1 minute","Written by":"Maik Oliveira Silva"},"schema":{"@context":"https:\/\/schema.org","@graph":[{"@type":"WebPage","@id":"https:\/\/cpcs.ufms.br\/docentes\/agronomia\/job-teixeira-de-oliveira\/","url":"https:\/\/cpcs.ufms.br\/docentes\/agronomia\/job-teixeira-de-oliveira\/","name":"Job Teixeira de Oliveira - Campus de Chapad\u00e3o do Sul","isPartOf":{"@id":"https:\/\/cpcs.ufms.br\/#website"},"primaryImageOfPage":{"@id":"https:\/\/cpcs.ufms.br\/docentes\/agronomia\/job-teixeira-de-oliveira\/#primaryimage"},"image":{"@id":"https:\/\/cpcs.ufms.br\/docentes\/agronomia\/job-teixeira-de-oliveira\/#primaryimage"},"thumbnailUrl":"https:\/\/cpcs.ufms.br\/files\/2021\/03\/job.jpeg","datePublished":"2021-03-17T16:16:32+00:00","dateModified":"2025-01-14T11:16:45+00:00","breadcrumb":{"@id":"https:\/\/cpcs.ufms.br\/docentes\/agronomia\/job-teixeira-de-oliveira\/#breadcrumb"},"inLanguage":"en-US","potentialAction":[{"@type":"ReadAction","target":["https:\/\/cpcs.ufms.br\/docentes\/agronomia\/job-teixeira-de-oliveira\/"]}]},{"@type":"ImageObject","inLanguage":"en-US","@id":"https:\/\/cpcs.ufms.br\/docentes\/agronomia\/job-teixeira-de-oliveira\/#primaryimage","url":"https:\/\/cpcs.ufms.br\/files\/2021\/03\/job.jpeg","contentUrl":"https:\/\/cpcs.ufms.br\/files\/2021\/03\/job.jpeg"},{"@type":"BreadcrumbList","@id":"https:\/\/cpcs.ufms.br\/docentes\/agronomia\/job-teixeira-de-oliveira\/#breadcrumb","itemListElement":[{"@type":"ListItem","position":1,"name":"In\u00edcio","item":"https:\/\/cpcs.ufms.br\/"},{"@type":"ListItem","position":2,"name":"Docentes","item":"https:\/\/cpcs.ufms.br\/docentes\/"},{"@type":"ListItem","position":3,"name":"Agronomia","item":"https:\/\/cpcs.ufms.br\/docentes\/agronomia\/"},{"@type":"ListItem","position":4,"name":"Job Teixeira de Oliveira"}]},{"@type":"WebSite","@id":"https:\/\/cpcs.ufms.br\/#website","url":"https:\/\/cpcs.ufms.br\/","name":"Campus de Chapad\u00e3o do Sul","description":"Universidade Federal de Mato Grosso do Sul","potentialAction":[{"@type":"SearchAction","target":{"@type":"EntryPoint","urlTemplate":"https:\/\/cpcs.ufms.br\/?s={search_term_string}"},"query-input":{"@type":"PropertyValueSpecification","valueRequired":true,"valueName":"search_term_string"}}],"inLanguage":"en-US"}]}},"_links":{"self":[{"href":"https:\/\/cpcs.ufms.br\/en\/wp-json\/wp\/v2\/pages\/6941","targetHints":{"allow":["GET"]}}],"collection":[{"href":"https:\/\/cpcs.ufms.br\/en\/wp-json\/wp\/v2\/pages"}],"about":[{"href":"https:\/\/cpcs.ufms.br\/en\/wp-json\/wp\/v2\/types\/page"}],"author":[{"embeddable":true,"href":"https:\/\/cpcs.ufms.br\/en\/wp-json\/wp\/v2\/users\/35413"}],"replies":[{"embeddable":true,"href":"https:\/\/cpcs.ufms.br\/en\/wp-json\/wp\/v2\/comments?post=6941"}],"version-history":[{"count":9,"href":"https:\/\/cpcs.ufms.br\/en\/wp-json\/wp\/v2\/pages\/6941\/revisions"}],"predecessor-version":[{"id":10979,"href":"https:\/\/cpcs.ufms.br\/en\/wp-json\/wp\/v2\/pages\/6941\/revisions\/10979"}],"up":[{"embeddable":true,"href":"https:\/\/cpcs.ufms.br\/en\/wp-json\/wp\/v2\/pages\/6952"}],"wp:attachment":[{"href":"https:\/\/cpcs.ufms.br\/en\/wp-json\/wp\/v2\/media?parent=6941"}],"wp:term":[{"taxonomy":"author","embeddable":true,"href":"https:\/\/cpcs.ufms.br\/en\/wp-json\/wp\/v2\/coauthors?post=6941"}],"curies":[{"name":"wp","href":"https:\/\/api.w.org\/{rel}","templated":true}]}}