{"id":6539,"date":"2020-12-10T10:51:00","date_gmt":"2020-12-10T14:51:00","guid":{"rendered":"https:\/\/cpcs.ufms.br\/?page_id=6539"},"modified":"2020-12-10T10:52:49","modified_gmt":"2020-12-10T14:52:49","slug":"aoe","status":"publish","type":"page","link":"https:\/\/cpcs.ufms.br\/en\/aoe\/","title":{"rendered":"Atividades Orientadas de Ensino\/AOE"},"content":{"rendered":"<ul style=\"list-style-type: square\">\n<li><a href=\"https:\/\/cpcs.ufms.br\/files\/2020\/03\/Resolu%C3%A7%C3%A3o-47.2020-Regulamento-AOE.pdf\">Resolu\u00e7\u00e3o AOE<\/a><\/li>\n<\/ul>\n<p>&nbsp;<\/p>\n<ul style=\"list-style-type: square\">\n<li><a href=\"https:\/\/cpcs.ufms.br\/files\/2020\/03\/Modelos_documentos_AOE.docx\">Modelos Documentos AOE<\/a><\/li>\n<\/ul>\n","protected":false},"excerpt":{"rendered":"<p>Resolu\u00e7\u00e3o AOE &nbsp; Modelos Documentos AOE<\/p>\n","protected":false},"author":35413,"featured_media":0,"parent":0,"menu_order":0,"comment_status":"closed","ping_status":"closed","template":"","meta":{"ngg_post_thumbnail":0,"footnotes":""},"coauthors":[39],"class_list":["post-6539","page","type-page","status-publish","hentry"],"yoast_head":"<!-- This site is optimized with the Yoast SEO plugin v26.2 - https:\/\/yoast.com\/wordpress\/plugins\/seo\/ -->\n<title>Atividades Orientadas de Ensino\/AOE - Campus de Chapad\u00e3o do Sul<\/title>\n<meta name=\"robots\" content=\"index, follow, max-snippet:-1, max-image-preview:large, max-video-preview:-1\" \/>\n<link rel=\"canonical\" href=\"https:\/\/cpcs.ufms.br\/aoe\/\" \/>\n<meta property=\"og:locale\" content=\"en_US\" \/>\n<meta property=\"og:type\" content=\"article\" \/>\n<meta property=\"og:title\" content=\"Atividades Orientadas de Ensino\/AOE - Campus de Chapad\u00e3o do Sul\" \/>\n<meta property=\"og:description\" content=\"Resolu\u00e7\u00e3o AOE &nbsp; Modelos Documentos AOE\" \/>\n<meta property=\"og:url\" content=\"https:\/\/cpcs.ufms.br\/aoe\/\" \/>\n<meta property=\"og:site_name\" content=\"Campus de Chapad\u00e3o do Sul\" \/>\n<meta property=\"article:modified_time\" content=\"2020-12-10T14:52:49+00:00\" \/>\n<meta name=\"twitter:label1\" content=\"Written by\" \/>\n\t<meta name=\"twitter:data1\" content=\"Maik Oliveira Silva\" \/>\n<script type=\"application\/ld+json\" class=\"yoast-schema-graph\">{\"@context\":\"https:\/\/schema.org\",\"@graph\":[{\"@type\":\"WebPage\",\"@id\":\"https:\/\/cpcs.ufms.br\/aoe\/\",\"url\":\"https:\/\/cpcs.ufms.br\/aoe\/\",\"name\":\"Atividades Orientadas de Ensino\/AOE - Campus de Chapad\u00e3o do Sul\",\"isPartOf\":{\"@id\":\"https:\/\/cpcs.ufms.br\/#website\"},\"datePublished\":\"2020-12-10T14:51:00+00:00\",\"dateModified\":\"2020-12-10T14:52:49+00:00\",\"breadcrumb\":{\"@id\":\"https:\/\/cpcs.ufms.br\/aoe\/#breadcrumb\"},\"inLanguage\":\"en-US\",\"potentialAction\":[{\"@type\":\"ReadAction\",\"target\":[\"https:\/\/cpcs.ufms.br\/aoe\/\"]}]},{\"@type\":\"BreadcrumbList\",\"@id\":\"https:\/\/cpcs.ufms.br\/aoe\/#breadcrumb\",\"itemListElement\":[{\"@type\":\"ListItem\",\"position\":1,\"name\":\"In\u00edcio\",\"item\":\"https:\/\/cpcs.ufms.br\/\"},{\"@type\":\"ListItem\",\"position\":2,\"name\":\"Atividades Orientadas de Ensino\/AOE\"}]},{\"@type\":\"WebSite\",\"@id\":\"https:\/\/cpcs.ufms.br\/#website\",\"url\":\"https:\/\/cpcs.ufms.br\/\",\"name\":\"Campus de Chapad\u00e3o do Sul\",\"description\":\"Universidade Federal de Mato Grosso do Sul\",\"potentialAction\":[{\"@type\":\"SearchAction\",\"target\":{\"@type\":\"EntryPoint\",\"urlTemplate\":\"https:\/\/cpcs.ufms.br\/?s={search_term_string}\"},\"query-input\":{\"@type\":\"PropertyValueSpecification\",\"valueRequired\":true,\"valueName\":\"search_term_string\"}}],\"inLanguage\":\"en-US\"}]}<\/script>\n<!-- \/ Yoast SEO plugin. -->","yoast_head_json":{"title":"Atividades Orientadas de Ensino\/AOE - Campus de Chapad\u00e3o do Sul","robots":{"index":"index","follow":"follow","max-snippet":"max-snippet:-1","max-image-preview":"max-image-preview:large","max-video-preview":"max-video-preview:-1"},"canonical":"https:\/\/cpcs.ufms.br\/aoe\/","og_locale":"en_US","og_type":"article","og_title":"Atividades Orientadas de Ensino\/AOE - Campus de Chapad\u00e3o do Sul","og_description":"Resolu\u00e7\u00e3o AOE &nbsp; Modelos Documentos AOE","og_url":"https:\/\/cpcs.ufms.br\/aoe\/","og_site_name":"Campus de Chapad\u00e3o do Sul","article_modified_time":"2020-12-10T14:52:49+00:00","twitter_misc":{"Written by":"Maik Oliveira Silva"},"schema":{"@context":"https:\/\/schema.org","@graph":[{"@type":"WebPage","@id":"https:\/\/cpcs.ufms.br\/aoe\/","url":"https:\/\/cpcs.ufms.br\/aoe\/","name":"Atividades Orientadas de Ensino\/AOE - Campus de Chapad\u00e3o do Sul","isPartOf":{"@id":"https:\/\/cpcs.ufms.br\/#website"},"datePublished":"2020-12-10T14:51:00+00:00","dateModified":"2020-12-10T14:52:49+00:00","breadcrumb":{"@id":"https:\/\/cpcs.ufms.br\/aoe\/#breadcrumb"},"inLanguage":"en-US","potentialAction":[{"@type":"ReadAction","target":["https:\/\/cpcs.ufms.br\/aoe\/"]}]},{"@type":"BreadcrumbList","@id":"https:\/\/cpcs.ufms.br\/aoe\/#breadcrumb","itemListElement":[{"@type":"ListItem","position":1,"name":"In\u00edcio","item":"https:\/\/cpcs.ufms.br\/"},{"@type":"ListItem","position":2,"name":"Atividades Orientadas de Ensino\/AOE"}]},{"@type":"WebSite","@id":"https:\/\/cpcs.ufms.br\/#website","url":"https:\/\/cpcs.ufms.br\/","name":"Campus de Chapad\u00e3o do Sul","description":"Universidade Federal de Mato Grosso do Sul","potentialAction":[{"@type":"SearchAction","target":{"@type":"EntryPoint","urlTemplate":"https:\/\/cpcs.ufms.br\/?s={search_term_string}"},"query-input":{"@type":"PropertyValueSpecification","valueRequired":true,"valueName":"search_term_string"}}],"inLanguage":"en-US"}]}},"_links":{"self":[{"href":"https:\/\/cpcs.ufms.br\/en\/wp-json\/wp\/v2\/pages\/6539","targetHints":{"allow":["GET"]}}],"collection":[{"href":"https:\/\/cpcs.ufms.br\/en\/wp-json\/wp\/v2\/pages"}],"about":[{"href":"https:\/\/cpcs.ufms.br\/en\/wp-json\/wp\/v2\/types\/page"}],"author":[{"embeddable":true,"href":"https:\/\/cpcs.ufms.br\/en\/wp-json\/wp\/v2\/users\/35413"}],"replies":[{"embeddable":true,"href":"https:\/\/cpcs.ufms.br\/en\/wp-json\/wp\/v2\/comments?post=6539"}],"version-history":[{"count":1,"href":"https:\/\/cpcs.ufms.br\/en\/wp-json\/wp\/v2\/pages\/6539\/revisions"}],"predecessor-version":[{"id":6540,"href":"https:\/\/cpcs.ufms.br\/en\/wp-json\/wp\/v2\/pages\/6539\/revisions\/6540"}],"wp:attachment":[{"href":"https:\/\/cpcs.ufms.br\/en\/wp-json\/wp\/v2\/media?parent=6539"}],"wp:term":[{"taxonomy":"author","embeddable":true,"href":"https:\/\/cpcs.ufms.br\/en\/wp-json\/wp\/v2\/coauthors?post=6539"}],"curies":[{"name":"wp","href":"https:\/\/api.w.org\/{rel}","templated":true}]}}