{"id":548,"date":"2012-11-20T07:10:58","date_gmt":"2012-11-20T11:10:58","guid":{"rendered":"http:\/\/cpcs.draconis.ufms.br\/?page_id=548"},"modified":"2013-04-12T13:35:13","modified_gmt":"2013-04-12T17:35:13","slug":"materiais-quimica-geral-aulas-quimica-analitica","status":"publish","type":"page","link":"https:\/\/cpcs.ufms.br\/en\/materiais-quimica-geral\/materiais-quimica-geral-aulas-quimica-analitica\/","title":{"rendered":"Materiais Qu\u00edmica &#8211; aulas &#8211; Qu\u00edmica anal\u00edtica"},"content":{"rendered":"<pre><a href=\"http:\/\/cpcs.draconis.ufms.br\/files\/2012\/11\/Q.Analitica-P1_A-Introducao-da-Disciplina.pdf\">Q.Analitica-P1_A-Introducao da Disciplina<\/a><\/pre>\n<pre><a href=\"http:\/\/cpcs.draconis.ufms.br\/files\/2012\/11\/Q.Analitica-P1_B-Introducao-Analise-Quim.pdf\">Q.Analitica-P1_B-Introducao Analise Quim<\/a><\/pre>\n<pre><a href=\"http:\/\/cpcs.draconis.ufms.br\/files\/2012\/11\/Q.Analitica-P1-C-Teoria-Solucoes-1.pdf\">Q.Analitica-P1-C-Teoria-Solucoes-1<\/a><\/pre>\n<pre><a href=\"http:\/\/cpcs.draconis.ufms.br\/files\/2012\/11\/Q.Analitica-P1-C-Teoria-Solucoes-2.pdf\">Q.Analitica-P1-C-Teoria-Solucoes-2<\/a><\/pre>\n<pre><a href=\"http:\/\/cpcs.draconis.ufms.br\/files\/2012\/11\/Q.Analitica-P1-D-Teoria-Equilibrios-1.pdf\">Q.Analitica-P1-D-Teoria-Equilibrios-1<\/a><\/pre>\n<pre><a href=\"http:\/\/cpcs.draconis.ufms.br\/files\/2012\/11\/Q.Analitica-P1-E-Slides-Equilibrio_acido-base_1.pdf\">Q.Analitica-P1-E-Slides-Equilibrio_acido-base_1<\/a><\/pre>\n<pre><a href=\"http:\/\/cpcs.draconis.ufms.br\/files\/2012\/11\/Q.Analitica-P1-F-Slides-Equilibrio_acido-base-2.pdf\">Q.Analitica-P1-F-Slides-Equilibrio_acido-base-2<\/a><\/pre>\n<pre><a href=\"http:\/\/cpcs.draconis.ufms.br\/files\/2012\/11\/Q.Analitica-P1-Lista_1_Acidos-Bases-Solucoes.pdf\">Q.Analitica-P1-Lista_1_Acidos Bases Solucoes<\/a><\/pre>\n<pre><a href=\"http:\/\/cpcs.draconis.ufms.br\/files\/2012\/11\/Q.Analitica-P1-Lista_2_Concentracao-Equil_Atividade.pdf\">Q.Analitica-P1-Lista_2_Concentracao Equil_Atividade<\/a><\/pre>\n","protected":false},"excerpt":{"rendered":"<p>Q.Analitica-P1_A-Introducao da Disciplina Q.Analitica-P1_B-Introducao Analise Quim Q.Analitica-P1-C-Teoria-Solucoes-1 Q.Analitica-P1-C-Teoria-Solucoes-2 Q.Analitica-P1-D-Teoria-Equilibrios-1 Q.Analitica-P1-E-Slides-Equilibrio_acido-base_1 Q.Analitica-P1-F-Slides-Equilibrio_acido-base-2 Q.Analitica-P1-Lista_1_Acidos Bases Solucoes Q.Analitica-P1-Lista_2_Concentracao Equil_Atividade<\/p>\n","protected":false},"author":106,"featured_media":0,"parent":297,"menu_order":0,"comment_status":"closed","ping_status":"open","template":"","meta":{"ngg_post_thumbnail":0,"footnotes":""},"coauthors":[],"class_list":["post-548","page","type-page","status-publish","hentry"],"yoast_head":"<!-- This site is optimized with the Yoast SEO plugin v26.2 - https:\/\/yoast.com\/wordpress\/plugins\/seo\/ -->\n<title>Materiais Qu\u00edmica - aulas - Qu\u00edmica anal\u00edtica - Campus de Chapad\u00e3o do Sul<\/title>\n<meta name=\"robots\" content=\"index, follow, max-snippet:-1, max-image-preview:large, max-video-preview:-1\" \/>\n<link rel=\"canonical\" href=\"https:\/\/cpcs.ufms.br\/materiais-quimica-geral\/materiais-quimica-geral-aulas-quimica-analitica\/\" \/>\n<meta property=\"og:locale\" content=\"en_US\" \/>\n<meta property=\"og:type\" content=\"article\" \/>\n<meta property=\"og:title\" content=\"Materiais Qu\u00edmica - aulas - Qu\u00edmica anal\u00edtica - Campus de Chapad\u00e3o do Sul\" \/>\n<meta property=\"og:description\" content=\"Q.Analitica-P1_A-Introducao da Disciplina Q.Analitica-P1_B-Introducao Analise Quim Q.Analitica-P1-C-Teoria-Solucoes-1 Q.Analitica-P1-C-Teoria-Solucoes-2 Q.Analitica-P1-D-Teoria-Equilibrios-1 Q.Analitica-P1-E-Slides-Equilibrio_acido-base_1 Q.Analitica-P1-F-Slides-Equilibrio_acido-base-2 Q.Analitica-P1-Lista_1_Acidos Bases Solucoes Q.Analitica-P1-Lista_2_Concentracao Equil_Atividade\" \/>\n<meta property=\"og:url\" content=\"https:\/\/cpcs.ufms.br\/materiais-quimica-geral\/materiais-quimica-geral-aulas-quimica-analitica\/\" \/>\n<meta property=\"og:site_name\" content=\"Campus de Chapad\u00e3o do Sul\" \/>\n<meta property=\"article:modified_time\" content=\"2013-04-12T17:35:13+00:00\" \/>\n<script type=\"application\/ld+json\" class=\"yoast-schema-graph\">{\"@context\":\"https:\/\/schema.org\",\"@graph\":[{\"@type\":\"WebPage\",\"@id\":\"https:\/\/cpcs.ufms.br\/materiais-quimica-geral\/materiais-quimica-geral-aulas-quimica-analitica\/\",\"url\":\"https:\/\/cpcs.ufms.br\/materiais-quimica-geral\/materiais-quimica-geral-aulas-quimica-analitica\/\",\"name\":\"Materiais Qu\u00edmica - aulas - Qu\u00edmica anal\u00edtica - Campus de Chapad\u00e3o do Sul\",\"isPartOf\":{\"@id\":\"https:\/\/cpcs.ufms.br\/#website\"},\"datePublished\":\"2012-11-20T11:10:58+00:00\",\"dateModified\":\"2013-04-12T17:35:13+00:00\",\"breadcrumb\":{\"@id\":\"https:\/\/cpcs.ufms.br\/materiais-quimica-geral\/materiais-quimica-geral-aulas-quimica-analitica\/#breadcrumb\"},\"inLanguage\":\"en-US\",\"potentialAction\":[{\"@type\":\"ReadAction\",\"target\":[\"https:\/\/cpcs.ufms.br\/materiais-quimica-geral\/materiais-quimica-geral-aulas-quimica-analitica\/\"]}]},{\"@type\":\"BreadcrumbList\",\"@id\":\"https:\/\/cpcs.ufms.br\/materiais-quimica-geral\/materiais-quimica-geral-aulas-quimica-analitica\/#breadcrumb\",\"itemListElement\":[{\"@type\":\"ListItem\",\"position\":1,\"name\":\"In\u00edcio\",\"item\":\"https:\/\/cpcs.ufms.br\/\"},{\"@type\":\"ListItem\",\"position\":2,\"name\":\"Materiais Qu\u00edmica &#8211; aulas\",\"item\":\"https:\/\/cpcs.ufms.br\/materiais-quimica-geral\/\"},{\"@type\":\"ListItem\",\"position\":3,\"name\":\"Materiais Qu\u00edmica &#8211; aulas &#8211; Qu\u00edmica anal\u00edtica\"}]},{\"@type\":\"WebSite\",\"@id\":\"https:\/\/cpcs.ufms.br\/#website\",\"url\":\"https:\/\/cpcs.ufms.br\/\",\"name\":\"Campus de Chapad\u00e3o do Sul\",\"description\":\"Universidade Federal de Mato Grosso do Sul\",\"potentialAction\":[{\"@type\":\"SearchAction\",\"target\":{\"@type\":\"EntryPoint\",\"urlTemplate\":\"https:\/\/cpcs.ufms.br\/?s={search_term_string}\"},\"query-input\":{\"@type\":\"PropertyValueSpecification\",\"valueRequired\":true,\"valueName\":\"search_term_string\"}}],\"inLanguage\":\"en-US\"}]}<\/script>\n<!-- \/ Yoast SEO plugin. -->","yoast_head_json":{"title":"Materiais Qu\u00edmica - aulas - Qu\u00edmica anal\u00edtica - Campus de Chapad\u00e3o do Sul","robots":{"index":"index","follow":"follow","max-snippet":"max-snippet:-1","max-image-preview":"max-image-preview:large","max-video-preview":"max-video-preview:-1"},"canonical":"https:\/\/cpcs.ufms.br\/materiais-quimica-geral\/materiais-quimica-geral-aulas-quimica-analitica\/","og_locale":"en_US","og_type":"article","og_title":"Materiais Qu\u00edmica - aulas - Qu\u00edmica anal\u00edtica - Campus de Chapad\u00e3o do Sul","og_description":"Q.Analitica-P1_A-Introducao da Disciplina Q.Analitica-P1_B-Introducao Analise Quim Q.Analitica-P1-C-Teoria-Solucoes-1 Q.Analitica-P1-C-Teoria-Solucoes-2 Q.Analitica-P1-D-Teoria-Equilibrios-1 Q.Analitica-P1-E-Slides-Equilibrio_acido-base_1 Q.Analitica-P1-F-Slides-Equilibrio_acido-base-2 Q.Analitica-P1-Lista_1_Acidos Bases Solucoes Q.Analitica-P1-Lista_2_Concentracao Equil_Atividade","og_url":"https:\/\/cpcs.ufms.br\/materiais-quimica-geral\/materiais-quimica-geral-aulas-quimica-analitica\/","og_site_name":"Campus de Chapad\u00e3o do Sul","article_modified_time":"2013-04-12T17:35:13+00:00","schema":{"@context":"https:\/\/schema.org","@graph":[{"@type":"WebPage","@id":"https:\/\/cpcs.ufms.br\/materiais-quimica-geral\/materiais-quimica-geral-aulas-quimica-analitica\/","url":"https:\/\/cpcs.ufms.br\/materiais-quimica-geral\/materiais-quimica-geral-aulas-quimica-analitica\/","name":"Materiais Qu\u00edmica - aulas - Qu\u00edmica anal\u00edtica - Campus de Chapad\u00e3o do Sul","isPartOf":{"@id":"https:\/\/cpcs.ufms.br\/#website"},"datePublished":"2012-11-20T11:10:58+00:00","dateModified":"2013-04-12T17:35:13+00:00","breadcrumb":{"@id":"https:\/\/cpcs.ufms.br\/materiais-quimica-geral\/materiais-quimica-geral-aulas-quimica-analitica\/#breadcrumb"},"inLanguage":"en-US","potentialAction":[{"@type":"ReadAction","target":["https:\/\/cpcs.ufms.br\/materiais-quimica-geral\/materiais-quimica-geral-aulas-quimica-analitica\/"]}]},{"@type":"BreadcrumbList","@id":"https:\/\/cpcs.ufms.br\/materiais-quimica-geral\/materiais-quimica-geral-aulas-quimica-analitica\/#breadcrumb","itemListElement":[{"@type":"ListItem","position":1,"name":"In\u00edcio","item":"https:\/\/cpcs.ufms.br\/"},{"@type":"ListItem","position":2,"name":"Materiais Qu\u00edmica &#8211; aulas","item":"https:\/\/cpcs.ufms.br\/materiais-quimica-geral\/"},{"@type":"ListItem","position":3,"name":"Materiais Qu\u00edmica &#8211; aulas &#8211; Qu\u00edmica anal\u00edtica"}]},{"@type":"WebSite","@id":"https:\/\/cpcs.ufms.br\/#website","url":"https:\/\/cpcs.ufms.br\/","name":"Campus de Chapad\u00e3o do Sul","description":"Universidade Federal de Mato Grosso do Sul","potentialAction":[{"@type":"SearchAction","target":{"@type":"EntryPoint","urlTemplate":"https:\/\/cpcs.ufms.br\/?s={search_term_string}"},"query-input":{"@type":"PropertyValueSpecification","valueRequired":true,"valueName":"search_term_string"}}],"inLanguage":"en-US"}]}},"_links":{"self":[{"href":"https:\/\/cpcs.ufms.br\/en\/wp-json\/wp\/v2\/pages\/548","targetHints":{"allow":["GET"]}}],"collection":[{"href":"https:\/\/cpcs.ufms.br\/en\/wp-json\/wp\/v2\/pages"}],"about":[{"href":"https:\/\/cpcs.ufms.br\/en\/wp-json\/wp\/v2\/types\/page"}],"author":[{"embeddable":true,"href":"https:\/\/cpcs.ufms.br\/en\/wp-json\/wp\/v2\/users\/106"}],"replies":[{"embeddable":true,"href":"https:\/\/cpcs.ufms.br\/en\/wp-json\/wp\/v2\/comments?post=548"}],"version-history":[{"count":14,"href":"https:\/\/cpcs.ufms.br\/en\/wp-json\/wp\/v2\/pages\/548\/revisions"}],"predecessor-version":[{"id":557,"href":"https:\/\/cpcs.ufms.br\/en\/wp-json\/wp\/v2\/pages\/548\/revisions\/557"}],"up":[{"embeddable":true,"href":"https:\/\/cpcs.ufms.br\/en\/wp-json\/wp\/v2\/pages\/297"}],"wp:attachment":[{"href":"https:\/\/cpcs.ufms.br\/en\/wp-json\/wp\/v2\/media?parent=548"}],"wp:term":[{"taxonomy":"author","embeddable":true,"href":"https:\/\/cpcs.ufms.br\/en\/wp-json\/wp\/v2\/coauthors?post=548"}],"curies":[{"name":"wp","href":"https:\/\/api.w.org\/{rel}","templated":true}]}}