{"id":5472,"date":"2020-03-10T13:37:23","date_gmt":"2020-03-10T17:37:23","guid":{"rendered":"https:\/\/cpcs.ufms.br\/?page_id=5472"},"modified":"2020-03-10T13:48:51","modified_gmt":"2020-03-10T17:48:51","slug":"richardson-coimbra-borges","status":"publish","type":"page","link":"https:\/\/cpcs.ufms.br\/en\/docentes\/administracao\/richardson-coimbra-borges\/","title":{"rendered":"Professor Richardson Coimbra Borges"},"content":{"rendered":"<p><a href=\"https:\/\/cpcs.ufms.br\/files\/2020\/03\/gFeuLY.jpg\"><img decoding=\"async\" class=\"size-full wp-image-5473 aligncenter\" src=\"https:\/\/cpcs.ufms.br\/files\/2020\/03\/gFeuLY.jpg\" alt=\"\" width=\"154\" height=\"178\"><\/a><\/p>\n<p>&nbsp;<\/p>\n<p>&nbsp;<\/p>\n<table style=\"width: 100%;height: 72px\" border=\"0\" width=\"100%\" cellpadding=\"0\">\n<tbody>\n<tr style=\"height: 24px\">\n<td style=\"height: 24px\" width=\"17%\"><strong>Doutorado<\/strong><\/td>\n<td style=\"height: 24px\" width=\"80%\">Doutor em Administra\u00e7\u00e3o \u2013 \u00c1rea de concentra\u00e7\u00e3o Gest\u00e3o de Neg\u00f3cios, Econ\u00f4mia e Mercados, Universidade Federal de Lavras&nbsp;\u2013 UFLA, Lavras \u2013 MG, 2015.<\/td>\n<\/tr>\n<tr style=\"height: 24px\">\n<td style=\"height: 24px\" width=\"17%\"><strong>Mestrado<\/strong><\/td>\n<td style=\"height: 24px\" width=\"80%\">Mestre em Estat\u00edstica e Experimenta\u00e7\u00e3o Agropecu\u00e1ria, Universidade Federal de Lavras \u2013 UFLA, Lavras \u2013 MG, 2009<\/td>\n<\/tr>\n<tr style=\"height: 24px\">\n<td style=\"height: 24px\" width=\"17%\"><strong>Gradua\u00e7\u00e3o<\/strong><\/td>\n<td style=\"height: 24px\" width=\"80%\">Bacharelado em Ci\u00eancias Cont\u00e1beis, Pontif\u00edcia Universidade Cat\u00f3lica de Minas Gerais &#8211; PUCMINAS, Belo Horizonte \u2013 MG, 2019.<br \/>\nBacharelado em Administra\u00e7\u00e3o de Empresas, Faculdades Integradas Adventistas de Minas Gerais &#8211; FADMINAS, Lavras \u2013 MG, 2003.<\/td>\n<\/tr>\n<\/tbody>\n<\/table>\n<p>&nbsp;<\/p>\n<p><strong>E-mail:<\/strong> richardson.borges@ufms.br<\/p>\n<p><strong>Telefone:<\/strong>&nbsp;(67) 3562-6310<\/p>\n<p><strong>\u00c1reas e Linhas de Pesquisa:<\/strong><\/p>\n<p>&nbsp; &nbsp; &nbsp; &nbsp; &nbsp; &nbsp;\u2022 An\u00e1lise de Demonstra\u00e7\u00f5es Cont\u00e1beis.<br \/>\n&nbsp; &nbsp; &nbsp; &nbsp; &nbsp; &nbsp;\u2022 Data Envelopment Analysis.<br \/>\n&nbsp; &nbsp; &nbsp; &nbsp; &nbsp; &nbsp;\u2022 Geoestat\u00edstica.<br \/>\n&nbsp; &nbsp; &nbsp; &nbsp; &nbsp; &nbsp;\u2022 Equa\u00e7\u00f5es Estruturais Aplicadas a Finan\u00e7as<\/p>\n<p><a href=\"http:\/\/lattes.cnpq.br\/4428851357410529\" target=\"_blank\" rel=\"noopener noreferrer\">(Curr\u00edculo &#8211; Plataforma Lattes)<\/a><\/p>\n","protected":false},"excerpt":{"rendered":"<p>&nbsp; &nbsp; Doutorado Doutor em Administra\u00e7\u00e3o \u2013 \u00c1rea de concentra\u00e7\u00e3o Gest\u00e3o de Neg\u00f3cios, Econ\u00f4mia e Mercados, Universidade Federal de Lavras&nbsp;\u2013 UFLA, Lavras \u2013 MG, 2015. Mestrado Mestre em Estat\u00edstica e Experimenta\u00e7\u00e3o Agropecu\u00e1ria, Universidade Federal de Lavras \u2013 UFLA, Lavras \u2013 MG, 2009 Gradua\u00e7\u00e3o Bacharelado em Ci\u00eancias Cont\u00e1beis, Pontif\u00edcia Universidade Cat\u00f3lica de Minas Gerais &#8211; PUCMINAS, [&hellip;]<\/p>\n","protected":false},"author":35413,"featured_media":0,"parent":82,"menu_order":0,"comment_status":"closed","ping_status":"closed","template":"","meta":{"ngg_post_thumbnail":0,"footnotes":""},"coauthors":[39],"class_list":["post-5472","page","type-page","status-publish","hentry"],"yoast_head":"<!-- This site is optimized with the Yoast SEO plugin v26.2 - https:\/\/yoast.com\/wordpress\/plugins\/seo\/ -->\n<title>Professor Richardson Coimbra Borges - Campus de Chapad\u00e3o do Sul<\/title>\n<meta name=\"robots\" content=\"index, follow, max-snippet:-1, max-image-preview:large, max-video-preview:-1\" \/>\n<link rel=\"canonical\" href=\"https:\/\/cpcs.ufms.br\/docentes\/administracao\/richardson-coimbra-borges\/\" \/>\n<meta property=\"og:locale\" content=\"en_US\" \/>\n<meta property=\"og:type\" content=\"article\" \/>\n<meta property=\"og:title\" content=\"Professor Richardson Coimbra Borges - Campus de Chapad\u00e3o do Sul\" \/>\n<meta property=\"og:description\" content=\"&nbsp; &nbsp; Doutorado Doutor em Administra\u00e7\u00e3o \u2013 \u00c1rea de concentra\u00e7\u00e3o Gest\u00e3o de Neg\u00f3cios, Econ\u00f4mia e Mercados, Universidade Federal de Lavras&nbsp;\u2013 UFLA, Lavras \u2013 MG, 2015. Mestrado Mestre em Estat\u00edstica e Experimenta\u00e7\u00e3o Agropecu\u00e1ria, Universidade Federal de Lavras \u2013 UFLA, Lavras \u2013 MG, 2009 Gradua\u00e7\u00e3o Bacharelado em Ci\u00eancias Cont\u00e1beis, Pontif\u00edcia Universidade Cat\u00f3lica de Minas Gerais &#8211; PUCMINAS, [&hellip;]\" \/>\n<meta property=\"og:url\" content=\"https:\/\/cpcs.ufms.br\/docentes\/administracao\/richardson-coimbra-borges\/\" \/>\n<meta property=\"og:site_name\" content=\"Campus de Chapad\u00e3o do Sul\" \/>\n<meta property=\"article:modified_time\" content=\"2020-03-10T17:48:51+00:00\" \/>\n<meta property=\"og:image\" content=\"https:\/\/cpcs.ufms.br\/files\/2020\/03\/gFeuLY.jpg\" \/>\n<meta name=\"twitter:label1\" content=\"Est. reading time\" \/>\n\t<meta name=\"twitter:data1\" content=\"1 minute\" \/>\n\t<meta name=\"twitter:label2\" content=\"Written by\" \/>\n\t<meta name=\"twitter:data2\" content=\"Maik Oliveira Silva\" \/>\n<script type=\"application\/ld+json\" class=\"yoast-schema-graph\">{\"@context\":\"https:\/\/schema.org\",\"@graph\":[{\"@type\":\"WebPage\",\"@id\":\"https:\/\/cpcs.ufms.br\/docentes\/administracao\/richardson-coimbra-borges\/\",\"url\":\"https:\/\/cpcs.ufms.br\/docentes\/administracao\/richardson-coimbra-borges\/\",\"name\":\"Professor Richardson Coimbra Borges - Campus de Chapad\u00e3o do Sul\",\"isPartOf\":{\"@id\":\"https:\/\/cpcs.ufms.br\/#website\"},\"primaryImageOfPage\":{\"@id\":\"https:\/\/cpcs.ufms.br\/docentes\/administracao\/richardson-coimbra-borges\/#primaryimage\"},\"image\":{\"@id\":\"https:\/\/cpcs.ufms.br\/docentes\/administracao\/richardson-coimbra-borges\/#primaryimage\"},\"thumbnailUrl\":\"https:\/\/cpcs.ufms.br\/files\/2020\/03\/gFeuLY.jpg\",\"datePublished\":\"2020-03-10T17:37:23+00:00\",\"dateModified\":\"2020-03-10T17:48:51+00:00\",\"breadcrumb\":{\"@id\":\"https:\/\/cpcs.ufms.br\/docentes\/administracao\/richardson-coimbra-borges\/#breadcrumb\"},\"inLanguage\":\"en-US\",\"potentialAction\":[{\"@type\":\"ReadAction\",\"target\":[\"https:\/\/cpcs.ufms.br\/docentes\/administracao\/richardson-coimbra-borges\/\"]}]},{\"@type\":\"ImageObject\",\"inLanguage\":\"en-US\",\"@id\":\"https:\/\/cpcs.ufms.br\/docentes\/administracao\/richardson-coimbra-borges\/#primaryimage\",\"url\":\"https:\/\/cpcs.ufms.br\/files\/2020\/03\/gFeuLY.jpg\",\"contentUrl\":\"https:\/\/cpcs.ufms.br\/files\/2020\/03\/gFeuLY.jpg\"},{\"@type\":\"BreadcrumbList\",\"@id\":\"https:\/\/cpcs.ufms.br\/docentes\/administracao\/richardson-coimbra-borges\/#breadcrumb\",\"itemListElement\":[{\"@type\":\"ListItem\",\"position\":1,\"name\":\"In\u00edcio\",\"item\":\"https:\/\/cpcs.ufms.br\/\"},{\"@type\":\"ListItem\",\"position\":2,\"name\":\"Docentes\",\"item\":\"https:\/\/cpcs.ufms.br\/docentes\/\"},{\"@type\":\"ListItem\",\"position\":3,\"name\":\"Administra\u00e7\u00e3o\",\"item\":\"https:\/\/cpcs.ufms.br\/docentes\/administracao\/\"},{\"@type\":\"ListItem\",\"position\":4,\"name\":\"Professor Richardson Coimbra Borges\"}]},{\"@type\":\"WebSite\",\"@id\":\"https:\/\/cpcs.ufms.br\/#website\",\"url\":\"https:\/\/cpcs.ufms.br\/\",\"name\":\"Campus de Chapad\u00e3o do Sul\",\"description\":\"Universidade Federal de Mato Grosso do Sul\",\"potentialAction\":[{\"@type\":\"SearchAction\",\"target\":{\"@type\":\"EntryPoint\",\"urlTemplate\":\"https:\/\/cpcs.ufms.br\/?s={search_term_string}\"},\"query-input\":{\"@type\":\"PropertyValueSpecification\",\"valueRequired\":true,\"valueName\":\"search_term_string\"}}],\"inLanguage\":\"en-US\"}]}<\/script>\n<!-- \/ Yoast SEO plugin. -->","yoast_head_json":{"title":"Professor Richardson Coimbra Borges - Campus de Chapad\u00e3o do Sul","robots":{"index":"index","follow":"follow","max-snippet":"max-snippet:-1","max-image-preview":"max-image-preview:large","max-video-preview":"max-video-preview:-1"},"canonical":"https:\/\/cpcs.ufms.br\/docentes\/administracao\/richardson-coimbra-borges\/","og_locale":"en_US","og_type":"article","og_title":"Professor Richardson Coimbra Borges - Campus de Chapad\u00e3o do Sul","og_description":"&nbsp; &nbsp; Doutorado Doutor em Administra\u00e7\u00e3o \u2013 \u00c1rea de concentra\u00e7\u00e3o Gest\u00e3o de Neg\u00f3cios, Econ\u00f4mia e Mercados, Universidade Federal de Lavras&nbsp;\u2013 UFLA, Lavras \u2013 MG, 2015. Mestrado Mestre em Estat\u00edstica e Experimenta\u00e7\u00e3o Agropecu\u00e1ria, Universidade Federal de Lavras \u2013 UFLA, Lavras \u2013 MG, 2009 Gradua\u00e7\u00e3o Bacharelado em Ci\u00eancias Cont\u00e1beis, Pontif\u00edcia Universidade Cat\u00f3lica de Minas Gerais &#8211; PUCMINAS, [&hellip;]","og_url":"https:\/\/cpcs.ufms.br\/docentes\/administracao\/richardson-coimbra-borges\/","og_site_name":"Campus de Chapad\u00e3o do Sul","article_modified_time":"2020-03-10T17:48:51+00:00","og_image":[{"url":"https:\/\/cpcs.ufms.br\/files\/2020\/03\/gFeuLY.jpg","type":"","width":"","height":""}],"twitter_misc":{"Est. reading time":"1 minute","Written by":"Maik Oliveira Silva"},"schema":{"@context":"https:\/\/schema.org","@graph":[{"@type":"WebPage","@id":"https:\/\/cpcs.ufms.br\/docentes\/administracao\/richardson-coimbra-borges\/","url":"https:\/\/cpcs.ufms.br\/docentes\/administracao\/richardson-coimbra-borges\/","name":"Professor Richardson Coimbra Borges - Campus de Chapad\u00e3o do Sul","isPartOf":{"@id":"https:\/\/cpcs.ufms.br\/#website"},"primaryImageOfPage":{"@id":"https:\/\/cpcs.ufms.br\/docentes\/administracao\/richardson-coimbra-borges\/#primaryimage"},"image":{"@id":"https:\/\/cpcs.ufms.br\/docentes\/administracao\/richardson-coimbra-borges\/#primaryimage"},"thumbnailUrl":"https:\/\/cpcs.ufms.br\/files\/2020\/03\/gFeuLY.jpg","datePublished":"2020-03-10T17:37:23+00:00","dateModified":"2020-03-10T17:48:51+00:00","breadcrumb":{"@id":"https:\/\/cpcs.ufms.br\/docentes\/administracao\/richardson-coimbra-borges\/#breadcrumb"},"inLanguage":"en-US","potentialAction":[{"@type":"ReadAction","target":["https:\/\/cpcs.ufms.br\/docentes\/administracao\/richardson-coimbra-borges\/"]}]},{"@type":"ImageObject","inLanguage":"en-US","@id":"https:\/\/cpcs.ufms.br\/docentes\/administracao\/richardson-coimbra-borges\/#primaryimage","url":"https:\/\/cpcs.ufms.br\/files\/2020\/03\/gFeuLY.jpg","contentUrl":"https:\/\/cpcs.ufms.br\/files\/2020\/03\/gFeuLY.jpg"},{"@type":"BreadcrumbList","@id":"https:\/\/cpcs.ufms.br\/docentes\/administracao\/richardson-coimbra-borges\/#breadcrumb","itemListElement":[{"@type":"ListItem","position":1,"name":"In\u00edcio","item":"https:\/\/cpcs.ufms.br\/"},{"@type":"ListItem","position":2,"name":"Docentes","item":"https:\/\/cpcs.ufms.br\/docentes\/"},{"@type":"ListItem","position":3,"name":"Administra\u00e7\u00e3o","item":"https:\/\/cpcs.ufms.br\/docentes\/administracao\/"},{"@type":"ListItem","position":4,"name":"Professor Richardson Coimbra Borges"}]},{"@type":"WebSite","@id":"https:\/\/cpcs.ufms.br\/#website","url":"https:\/\/cpcs.ufms.br\/","name":"Campus de Chapad\u00e3o do Sul","description":"Universidade Federal de Mato Grosso do Sul","potentialAction":[{"@type":"SearchAction","target":{"@type":"EntryPoint","urlTemplate":"https:\/\/cpcs.ufms.br\/?s={search_term_string}"},"query-input":{"@type":"PropertyValueSpecification","valueRequired":true,"valueName":"search_term_string"}}],"inLanguage":"en-US"}]}},"_links":{"self":[{"href":"https:\/\/cpcs.ufms.br\/en\/wp-json\/wp\/v2\/pages\/5472","targetHints":{"allow":["GET"]}}],"collection":[{"href":"https:\/\/cpcs.ufms.br\/en\/wp-json\/wp\/v2\/pages"}],"about":[{"href":"https:\/\/cpcs.ufms.br\/en\/wp-json\/wp\/v2\/types\/page"}],"author":[{"embeddable":true,"href":"https:\/\/cpcs.ufms.br\/en\/wp-json\/wp\/v2\/users\/35413"}],"replies":[{"embeddable":true,"href":"https:\/\/cpcs.ufms.br\/en\/wp-json\/wp\/v2\/comments?post=5472"}],"version-history":[{"count":4,"href":"https:\/\/cpcs.ufms.br\/en\/wp-json\/wp\/v2\/pages\/5472\/revisions"}],"predecessor-version":[{"id":5479,"href":"https:\/\/cpcs.ufms.br\/en\/wp-json\/wp\/v2\/pages\/5472\/revisions\/5479"}],"up":[{"embeddable":true,"href":"https:\/\/cpcs.ufms.br\/en\/wp-json\/wp\/v2\/pages\/82"}],"wp:attachment":[{"href":"https:\/\/cpcs.ufms.br\/en\/wp-json\/wp\/v2\/media?parent=5472"}],"wp:term":[{"taxonomy":"author","embeddable":true,"href":"https:\/\/cpcs.ufms.br\/en\/wp-json\/wp\/v2\/coauthors?post=5472"}],"curies":[{"name":"wp","href":"https:\/\/api.w.org\/{rel}","templated":true}]}}