{"id":52,"date":"2012-09-12T09:32:55","date_gmt":"2012-09-12T13:32:55","guid":{"rendered":"http:\/\/cpcs.draconis.ufms.br\/?page_id=52"},"modified":"2015-04-14T15:12:48","modified_gmt":"2015-04-14T19:12:48","slug":"p-d-i","status":"publish","type":"page","link":"https:\/\/cpcs.ufms.br\/en\/institucional\/p-d-i\/","title":{"rendered":"P.D.I"},"content":{"rendered":"<p><strong>Plano de Desenvolvimento Institucional<\/strong><\/p>\n<p>O PDI \u00e9 o instrumento de planejamento e gest\u00e3o que considera a identidade da IES, no que diz respeito a sua filosofia de trabalho, a miss\u00e3o a que se prop\u00f5e, as diretrizes pedag\u00f3gicas que orientam suas a\u00e7\u00f5es, a sua estrutura organizacional e as atividades acad\u00eamicas que desenvolve e\/ou pretende desenvolver.<\/p>\n<p>A elabora\u00e7\u00e3o do PDI dever\u00e1 explicitar o modo pelo qual o documento foi constru\u00eddo e a interfer\u00eancia que exercer\u00e1 sobre a din\u00e2mica da Institui\u00e7\u00e3o, tendo como pressuposto o atendimento ao conjunto de normas vigentes.<\/p>\n<p>A participa\u00e7\u00e3o de todos \u00e9 fundamental para a elabora\u00e7\u00e3o de um PDI que diagnostique e reflita as expectativas e projetos de toda a comunidade universit\u00e1ria\u00a0 para os pr\u00f3ximos anos.<\/p>\n<p>Vers\u00e3o do PDI aprovada pelo Conselho Universit\u00e1rio <a href=\"http:\/\/www.pdi.ufms.br\">clique aqui<\/a>.<\/p>\n","protected":false},"excerpt":{"rendered":"<p>Plano de Desenvolvimento Institucional O PDI \u00e9 o instrumento de planejamento e gest\u00e3o que considera a identidade da IES, no que diz respeito a sua filosofia de trabalho, a miss\u00e3o a que se prop\u00f5e, as diretrizes pedag\u00f3gicas que orientam suas a\u00e7\u00f5es, a sua estrutura organizacional e as atividades acad\u00eamicas que desenvolve e\/ou pretende desenvolver. A [&hellip;]<\/p>\n","protected":false},"author":106,"featured_media":0,"parent":35,"menu_order":0,"comment_status":"closed","ping_status":"open","template":"","meta":{"ngg_post_thumbnail":0,"footnotes":""},"coauthors":[27],"class_list":["post-52","page","type-page","status-publish","hentry"],"yoast_head":"<!-- This site is optimized with the Yoast SEO plugin v26.2 - https:\/\/yoast.com\/wordpress\/plugins\/seo\/ -->\n<title>P.D.I - Campus de Chapad\u00e3o do Sul<\/title>\n<meta name=\"robots\" content=\"index, follow, max-snippet:-1, max-image-preview:large, max-video-preview:-1\" \/>\n<link rel=\"canonical\" href=\"https:\/\/cpcs.ufms.br\/institucional\/p-d-i\/\" \/>\n<meta property=\"og:locale\" content=\"en_US\" \/>\n<meta property=\"og:type\" content=\"article\" \/>\n<meta property=\"og:title\" content=\"P.D.I - Campus de Chapad\u00e3o do Sul\" \/>\n<meta property=\"og:description\" content=\"Plano de Desenvolvimento Institucional O PDI \u00e9 o instrumento de planejamento e gest\u00e3o que considera a identidade da IES, no que diz respeito a sua filosofia de trabalho, a miss\u00e3o a que se prop\u00f5e, as diretrizes pedag\u00f3gicas que orientam suas a\u00e7\u00f5es, a sua estrutura organizacional e as atividades acad\u00eamicas que desenvolve e\/ou pretende desenvolver. A [&hellip;]\" \/>\n<meta property=\"og:url\" content=\"https:\/\/cpcs.ufms.br\/institucional\/p-d-i\/\" \/>\n<meta property=\"og:site_name\" content=\"Campus de Chapad\u00e3o do Sul\" \/>\n<meta property=\"article:modified_time\" content=\"2015-04-14T19:12:48+00:00\" \/>\n<meta name=\"twitter:label1\" content=\"Est. reading time\" \/>\n\t<meta name=\"twitter:data1\" content=\"1 minute\" \/>\n<script type=\"application\/ld+json\" class=\"yoast-schema-graph\">{\"@context\":\"https:\/\/schema.org\",\"@graph\":[{\"@type\":\"WebPage\",\"@id\":\"https:\/\/cpcs.ufms.br\/institucional\/p-d-i\/\",\"url\":\"https:\/\/cpcs.ufms.br\/institucional\/p-d-i\/\",\"name\":\"P.D.I - Campus de Chapad\u00e3o do Sul\",\"isPartOf\":{\"@id\":\"https:\/\/cpcs.ufms.br\/#website\"},\"datePublished\":\"2012-09-12T13:32:55+00:00\",\"dateModified\":\"2015-04-14T19:12:48+00:00\",\"breadcrumb\":{\"@id\":\"https:\/\/cpcs.ufms.br\/institucional\/p-d-i\/#breadcrumb\"},\"inLanguage\":\"en-US\",\"potentialAction\":[{\"@type\":\"ReadAction\",\"target\":[\"https:\/\/cpcs.ufms.br\/institucional\/p-d-i\/\"]}]},{\"@type\":\"BreadcrumbList\",\"@id\":\"https:\/\/cpcs.ufms.br\/institucional\/p-d-i\/#breadcrumb\",\"itemListElement\":[{\"@type\":\"ListItem\",\"position\":1,\"name\":\"In\u00edcio\",\"item\":\"https:\/\/cpcs.ufms.br\/\"},{\"@type\":\"ListItem\",\"position\":2,\"name\":\"Institucional\",\"item\":\"https:\/\/cpcs.ufms.br\/institucional\/\"},{\"@type\":\"ListItem\",\"position\":3,\"name\":\"P.D.I\"}]},{\"@type\":\"WebSite\",\"@id\":\"https:\/\/cpcs.ufms.br\/#website\",\"url\":\"https:\/\/cpcs.ufms.br\/\",\"name\":\"Campus de Chapad\u00e3o do Sul\",\"description\":\"Universidade Federal de Mato Grosso do Sul\",\"potentialAction\":[{\"@type\":\"SearchAction\",\"target\":{\"@type\":\"EntryPoint\",\"urlTemplate\":\"https:\/\/cpcs.ufms.br\/?s={search_term_string}\"},\"query-input\":{\"@type\":\"PropertyValueSpecification\",\"valueRequired\":true,\"valueName\":\"search_term_string\"}}],\"inLanguage\":\"en-US\"}]}<\/script>\n<!-- \/ Yoast SEO plugin. -->","yoast_head_json":{"title":"P.D.I - Campus de Chapad\u00e3o do Sul","robots":{"index":"index","follow":"follow","max-snippet":"max-snippet:-1","max-image-preview":"max-image-preview:large","max-video-preview":"max-video-preview:-1"},"canonical":"https:\/\/cpcs.ufms.br\/institucional\/p-d-i\/","og_locale":"en_US","og_type":"article","og_title":"P.D.I - Campus de Chapad\u00e3o do Sul","og_description":"Plano de Desenvolvimento Institucional O PDI \u00e9 o instrumento de planejamento e gest\u00e3o que considera a identidade da IES, no que diz respeito a sua filosofia de trabalho, a miss\u00e3o a que se prop\u00f5e, as diretrizes pedag\u00f3gicas que orientam suas a\u00e7\u00f5es, a sua estrutura organizacional e as atividades acad\u00eamicas que desenvolve e\/ou pretende desenvolver. A [&hellip;]","og_url":"https:\/\/cpcs.ufms.br\/institucional\/p-d-i\/","og_site_name":"Campus de Chapad\u00e3o do Sul","article_modified_time":"2015-04-14T19:12:48+00:00","twitter_misc":{"Est. reading time":"1 minute"},"schema":{"@context":"https:\/\/schema.org","@graph":[{"@type":"WebPage","@id":"https:\/\/cpcs.ufms.br\/institucional\/p-d-i\/","url":"https:\/\/cpcs.ufms.br\/institucional\/p-d-i\/","name":"P.D.I - Campus de Chapad\u00e3o do Sul","isPartOf":{"@id":"https:\/\/cpcs.ufms.br\/#website"},"datePublished":"2012-09-12T13:32:55+00:00","dateModified":"2015-04-14T19:12:48+00:00","breadcrumb":{"@id":"https:\/\/cpcs.ufms.br\/institucional\/p-d-i\/#breadcrumb"},"inLanguage":"en-US","potentialAction":[{"@type":"ReadAction","target":["https:\/\/cpcs.ufms.br\/institucional\/p-d-i\/"]}]},{"@type":"BreadcrumbList","@id":"https:\/\/cpcs.ufms.br\/institucional\/p-d-i\/#breadcrumb","itemListElement":[{"@type":"ListItem","position":1,"name":"In\u00edcio","item":"https:\/\/cpcs.ufms.br\/"},{"@type":"ListItem","position":2,"name":"Institucional","item":"https:\/\/cpcs.ufms.br\/institucional\/"},{"@type":"ListItem","position":3,"name":"P.D.I"}]},{"@type":"WebSite","@id":"https:\/\/cpcs.ufms.br\/#website","url":"https:\/\/cpcs.ufms.br\/","name":"Campus de Chapad\u00e3o do Sul","description":"Universidade Federal de Mato Grosso do Sul","potentialAction":[{"@type":"SearchAction","target":{"@type":"EntryPoint","urlTemplate":"https:\/\/cpcs.ufms.br\/?s={search_term_string}"},"query-input":{"@type":"PropertyValueSpecification","valueRequired":true,"valueName":"search_term_string"}}],"inLanguage":"en-US"}]}},"_links":{"self":[{"href":"https:\/\/cpcs.ufms.br\/en\/wp-json\/wp\/v2\/pages\/52","targetHints":{"allow":["GET"]}}],"collection":[{"href":"https:\/\/cpcs.ufms.br\/en\/wp-json\/wp\/v2\/pages"}],"about":[{"href":"https:\/\/cpcs.ufms.br\/en\/wp-json\/wp\/v2\/types\/page"}],"author":[{"embeddable":true,"href":"https:\/\/cpcs.ufms.br\/en\/wp-json\/wp\/v2\/users\/106"}],"replies":[{"embeddable":true,"href":"https:\/\/cpcs.ufms.br\/en\/wp-json\/wp\/v2\/comments?post=52"}],"version-history":[{"count":6,"href":"https:\/\/cpcs.ufms.br\/en\/wp-json\/wp\/v2\/pages\/52\/revisions"}],"predecessor-version":[{"id":2696,"href":"https:\/\/cpcs.ufms.br\/en\/wp-json\/wp\/v2\/pages\/52\/revisions\/2696"}],"up":[{"embeddable":true,"href":"https:\/\/cpcs.ufms.br\/en\/wp-json\/wp\/v2\/pages\/35"}],"wp:attachment":[{"href":"https:\/\/cpcs.ufms.br\/en\/wp-json\/wp\/v2\/media?parent=52"}],"wp:term":[{"taxonomy":"author","embeddable":true,"href":"https:\/\/cpcs.ufms.br\/en\/wp-json\/wp\/v2\/coauthors?post=52"}],"curies":[{"name":"wp","href":"https:\/\/api.w.org\/{rel}","templated":true}]}}