{"id":48,"date":"2012-09-12T09:27:05","date_gmt":"2012-09-12T13:27:05","guid":{"rendered":"http:\/\/cpcs.draconis.ufms.br\/?page_id=48"},"modified":"2012-09-12T09:27:05","modified_gmt":"2012-09-12T13:27:05","slug":"missao-e-visao-da-ufms","status":"publish","type":"page","link":"https:\/\/cpcs.ufms.br\/en\/institucional\/missao-e-visao-da-ufms\/","title":{"rendered":"Miss\u00e3o e Vis\u00e3o da UFMS"},"content":{"rendered":"<p>Miss\u00e3o<\/p>\n<p>Desenvolver, difundir e socializar o conhecimento por meio do ensino, da pesquisa, da extens\u00e3o e da presta\u00e7\u00e3o de servi\u00e7os e promover a forma\u00e7\u00e3o integral e permanente dos cidad\u00e3os, preparando-os para que possam intervir e atuar com dinamismo no processo de desenvolvimento local, regional, nacional e internacional.<\/p>\n<p>Vis\u00e3o<\/p>\n<p>Ser reconhecida por sua dinamicidade e qualidade na presta\u00e7\u00e3o de servi\u00e7os educacionais do ensino superior, pelo desejo de ultrapassar padr\u00f5es consagrados como excelentes e pela expans\u00e3o e aperfei\u00e7oamento do capital intelectual da sociedade.<\/p>\n","protected":false},"excerpt":{"rendered":"<p>Miss\u00e3o Desenvolver, difundir e socializar o conhecimento por meio do ensino, da pesquisa, da extens\u00e3o e da presta\u00e7\u00e3o de servi\u00e7os e promover a forma\u00e7\u00e3o integral e permanente dos cidad\u00e3os, preparando-os para que possam intervir e atuar com dinamismo no processo de desenvolvimento local, regional, nacional e internacional. Vis\u00e3o Ser reconhecida por sua dinamicidade e qualidade [&hellip;]<\/p>\n","protected":false},"author":106,"featured_media":0,"parent":35,"menu_order":0,"comment_status":"closed","ping_status":"open","template":"","meta":{"ngg_post_thumbnail":0,"footnotes":""},"coauthors":[],"class_list":["post-48","page","type-page","status-publish","hentry"],"yoast_head":"<!-- This site is optimized with the Yoast SEO plugin v26.2 - https:\/\/yoast.com\/wordpress\/plugins\/seo\/ -->\n<title>Miss\u00e3o e Vis\u00e3o da UFMS - Campus de Chapad\u00e3o do Sul<\/title>\n<meta name=\"robots\" content=\"index, follow, max-snippet:-1, max-image-preview:large, max-video-preview:-1\" \/>\n<link rel=\"canonical\" href=\"https:\/\/cpcs.ufms.br\/institucional\/missao-e-visao-da-ufms\/\" \/>\n<meta property=\"og:locale\" content=\"en_US\" \/>\n<meta property=\"og:type\" content=\"article\" \/>\n<meta property=\"og:title\" content=\"Miss\u00e3o e Vis\u00e3o da UFMS - Campus de Chapad\u00e3o do Sul\" \/>\n<meta property=\"og:description\" content=\"Miss\u00e3o Desenvolver, difundir e socializar o conhecimento por meio do ensino, da pesquisa, da extens\u00e3o e da presta\u00e7\u00e3o de servi\u00e7os e promover a forma\u00e7\u00e3o integral e permanente dos cidad\u00e3os, preparando-os para que possam intervir e atuar com dinamismo no processo de desenvolvimento local, regional, nacional e internacional. Vis\u00e3o Ser reconhecida por sua dinamicidade e qualidade [&hellip;]\" \/>\n<meta property=\"og:url\" content=\"https:\/\/cpcs.ufms.br\/institucional\/missao-e-visao-da-ufms\/\" \/>\n<meta property=\"og:site_name\" content=\"Campus de Chapad\u00e3o do Sul\" \/>\n<script type=\"application\/ld+json\" class=\"yoast-schema-graph\">{\"@context\":\"https:\/\/schema.org\",\"@graph\":[{\"@type\":\"WebPage\",\"@id\":\"https:\/\/cpcs.ufms.br\/institucional\/missao-e-visao-da-ufms\/\",\"url\":\"https:\/\/cpcs.ufms.br\/institucional\/missao-e-visao-da-ufms\/\",\"name\":\"Miss\u00e3o e Vis\u00e3o da UFMS - Campus de Chapad\u00e3o do Sul\",\"isPartOf\":{\"@id\":\"https:\/\/cpcs.ufms.br\/#website\"},\"datePublished\":\"2012-09-12T13:27:05+00:00\",\"breadcrumb\":{\"@id\":\"https:\/\/cpcs.ufms.br\/institucional\/missao-e-visao-da-ufms\/#breadcrumb\"},\"inLanguage\":\"en-US\",\"potentialAction\":[{\"@type\":\"ReadAction\",\"target\":[\"https:\/\/cpcs.ufms.br\/institucional\/missao-e-visao-da-ufms\/\"]}]},{\"@type\":\"BreadcrumbList\",\"@id\":\"https:\/\/cpcs.ufms.br\/institucional\/missao-e-visao-da-ufms\/#breadcrumb\",\"itemListElement\":[{\"@type\":\"ListItem\",\"position\":1,\"name\":\"In\u00edcio\",\"item\":\"https:\/\/cpcs.ufms.br\/\"},{\"@type\":\"ListItem\",\"position\":2,\"name\":\"Institucional\",\"item\":\"https:\/\/cpcs.ufms.br\/institucional\/\"},{\"@type\":\"ListItem\",\"position\":3,\"name\":\"Miss\u00e3o e Vis\u00e3o da UFMS\"}]},{\"@type\":\"WebSite\",\"@id\":\"https:\/\/cpcs.ufms.br\/#website\",\"url\":\"https:\/\/cpcs.ufms.br\/\",\"name\":\"Campus de Chapad\u00e3o do Sul\",\"description\":\"Universidade Federal de Mato Grosso do Sul\",\"potentialAction\":[{\"@type\":\"SearchAction\",\"target\":{\"@type\":\"EntryPoint\",\"urlTemplate\":\"https:\/\/cpcs.ufms.br\/?s={search_term_string}\"},\"query-input\":{\"@type\":\"PropertyValueSpecification\",\"valueRequired\":true,\"valueName\":\"search_term_string\"}}],\"inLanguage\":\"en-US\"}]}<\/script>\n<!-- \/ Yoast SEO plugin. -->","yoast_head_json":{"title":"Miss\u00e3o e Vis\u00e3o da UFMS - Campus de Chapad\u00e3o do Sul","robots":{"index":"index","follow":"follow","max-snippet":"max-snippet:-1","max-image-preview":"max-image-preview:large","max-video-preview":"max-video-preview:-1"},"canonical":"https:\/\/cpcs.ufms.br\/institucional\/missao-e-visao-da-ufms\/","og_locale":"en_US","og_type":"article","og_title":"Miss\u00e3o e Vis\u00e3o da UFMS - Campus de Chapad\u00e3o do Sul","og_description":"Miss\u00e3o Desenvolver, difundir e socializar o conhecimento por meio do ensino, da pesquisa, da extens\u00e3o e da presta\u00e7\u00e3o de servi\u00e7os e promover a forma\u00e7\u00e3o integral e permanente dos cidad\u00e3os, preparando-os para que possam intervir e atuar com dinamismo no processo de desenvolvimento local, regional, nacional e internacional. Vis\u00e3o Ser reconhecida por sua dinamicidade e qualidade [&hellip;]","og_url":"https:\/\/cpcs.ufms.br\/institucional\/missao-e-visao-da-ufms\/","og_site_name":"Campus de Chapad\u00e3o do Sul","schema":{"@context":"https:\/\/schema.org","@graph":[{"@type":"WebPage","@id":"https:\/\/cpcs.ufms.br\/institucional\/missao-e-visao-da-ufms\/","url":"https:\/\/cpcs.ufms.br\/institucional\/missao-e-visao-da-ufms\/","name":"Miss\u00e3o e Vis\u00e3o da UFMS - Campus de Chapad\u00e3o do Sul","isPartOf":{"@id":"https:\/\/cpcs.ufms.br\/#website"},"datePublished":"2012-09-12T13:27:05+00:00","breadcrumb":{"@id":"https:\/\/cpcs.ufms.br\/institucional\/missao-e-visao-da-ufms\/#breadcrumb"},"inLanguage":"en-US","potentialAction":[{"@type":"ReadAction","target":["https:\/\/cpcs.ufms.br\/institucional\/missao-e-visao-da-ufms\/"]}]},{"@type":"BreadcrumbList","@id":"https:\/\/cpcs.ufms.br\/institucional\/missao-e-visao-da-ufms\/#breadcrumb","itemListElement":[{"@type":"ListItem","position":1,"name":"In\u00edcio","item":"https:\/\/cpcs.ufms.br\/"},{"@type":"ListItem","position":2,"name":"Institucional","item":"https:\/\/cpcs.ufms.br\/institucional\/"},{"@type":"ListItem","position":3,"name":"Miss\u00e3o e Vis\u00e3o da UFMS"}]},{"@type":"WebSite","@id":"https:\/\/cpcs.ufms.br\/#website","url":"https:\/\/cpcs.ufms.br\/","name":"Campus de Chapad\u00e3o do Sul","description":"Universidade Federal de Mato Grosso do Sul","potentialAction":[{"@type":"SearchAction","target":{"@type":"EntryPoint","urlTemplate":"https:\/\/cpcs.ufms.br\/?s={search_term_string}"},"query-input":{"@type":"PropertyValueSpecification","valueRequired":true,"valueName":"search_term_string"}}],"inLanguage":"en-US"}]}},"_links":{"self":[{"href":"https:\/\/cpcs.ufms.br\/en\/wp-json\/wp\/v2\/pages\/48","targetHints":{"allow":["GET"]}}],"collection":[{"href":"https:\/\/cpcs.ufms.br\/en\/wp-json\/wp\/v2\/pages"}],"about":[{"href":"https:\/\/cpcs.ufms.br\/en\/wp-json\/wp\/v2\/types\/page"}],"author":[{"embeddable":true,"href":"https:\/\/cpcs.ufms.br\/en\/wp-json\/wp\/v2\/users\/106"}],"replies":[{"embeddable":true,"href":"https:\/\/cpcs.ufms.br\/en\/wp-json\/wp\/v2\/comments?post=48"}],"version-history":[{"count":1,"href":"https:\/\/cpcs.ufms.br\/en\/wp-json\/wp\/v2\/pages\/48\/revisions"}],"predecessor-version":[{"id":49,"href":"https:\/\/cpcs.ufms.br\/en\/wp-json\/wp\/v2\/pages\/48\/revisions\/49"}],"up":[{"embeddable":true,"href":"https:\/\/cpcs.ufms.br\/en\/wp-json\/wp\/v2\/pages\/35"}],"wp:attachment":[{"href":"https:\/\/cpcs.ufms.br\/en\/wp-json\/wp\/v2\/media?parent=48"}],"wp:term":[{"taxonomy":"author","embeddable":true,"href":"https:\/\/cpcs.ufms.br\/en\/wp-json\/wp\/v2\/coauthors?post=48"}],"curies":[{"name":"wp","href":"https:\/\/api.w.org\/{rel}","templated":true}]}}