{"id":45,"date":"2012-09-12T09:24:44","date_gmt":"2012-09-12T13:24:44","guid":{"rendered":"http:\/\/cpcs.draconis.ufms.br\/?page_id=45"},"modified":"2025-11-11T10:30:53","modified_gmt":"2025-11-11T14:30:53","slug":"apresentacao-e-historico","status":"publish","type":"page","link":"https:\/\/cpcs.ufms.br\/en\/apresentacao-e-historico\/","title":{"rendered":"Apresenta\u00e7\u00e3o e Hist\u00f3rico"},"content":{"rendered":"<p style=\"text-align: justify\"><strong>HIST\u00d3RICO DA UFMS<\/strong><\/p>\n<p style=\"text-align: justify\">A Universidade Federal de Mato Grosso do Sul (UFMS), teve sua origem em 1962, com a cria\u00e7\u00e3o da Faculdade de Farm\u00e1cia e Odontologia de Campo Grande, na cidade de Campo Grande, que seria o embri\u00e3o do ensino superior p\u00fablico no sul do ent\u00e3o Estado de Mato Grosso.<\/p>\n<p style=\"text-align: justify\">Em 26.07.1966, pela Lei Estadual n\u00ba 2.620, esses cursos foram absorvidos com a cria\u00e7\u00e3o do Instituto de Ci\u00eancias Biol\u00f3gicas de Campo Grande (ICBCG), que reformulou a estrutura anterior, instituiu departamentos e criou o curso de Medicina.<\/p>\n<p style=\"text-align: justify\">O Governo de Estado de Mato Grosso, em 1967, criou em Corumb\u00e1 o Instituto Superior de Pedagogia e, em Tr\u00eas Lagoas, o Instituto de Ci\u00eancias Humanas e Letras, ampliando assim a rede p\u00fablica estadual de ensino superior.<\/p>\n<p style=\"text-align: justify\">Integrando os Institutos de Campo Grande, Corumb\u00e1 e Tr\u00eas Lagoas, a Lei Estadual n\u00ba 2.947, de 16.09.1969, criou a Universidade Estadual de Mato Grosso (UEMT).<\/p>\n<p style=\"text-align: justify\">Em 1970, foram criados os Centros Pedag\u00f3gicos de Aquidauana e Dourados; incorporados \u00e0 UEMT.<\/p>\n<p style=\"text-align: justify\">Com a divis\u00e3o do Estado de Mato Grosso, foi concretizada a federaliza\u00e7\u00e3o da institui\u00e7\u00e3o que passou a denominar-se Funda\u00e7\u00e3o Universidade Federal de Mato Grosso do Sul, pela Lei Federal n\u00ba 6.674, de 5 de julho de 1979. O ent\u00e3o Centro Pedag\u00f3gico de Rondon\u00f3polis, sediado em Rondon\u00f3polis\/MT, passou a integrar a Universidade Federal de Mato Grosso (UFMT).<\/p>\n<p style=\"text-align: justify\">Al\u00e9m da sede em Campo Grande, em que funcionam seis unidades setoriais: Centro de Ci\u00eancias Biol\u00f3gicas e da Sa\u00fade (CCBS), Centro de Ci\u00eancias Exatas e Tecnologia (CCET), Centro de Ci\u00eancias Humanas e Sociais (CCHS), Faculdade de Medicina (FAMED), Faculdade de Medicina Veterin\u00e1ria e Zootecnia (FAMEZ) e Faculdade de Odontologia (FAODO); a UFMS mant\u00e9m C\u00e2mpus em Aquidauana, Chapad\u00e3o do Sul, Corumb\u00e1, Coxim, Dourados, Parana\u00edba e Tr\u00eas Lagoas, descentralizando o ensino para atender aos principais p\u00f3los de desenvolvimento do Estado. Os C\u00e2mpus de Coxim e Parana\u00edba foram implantados em 2001. O C\u00e2mpus de Chapad\u00e3o do Sul foi implantado em 2006. A UFMS criou, por\u00e9m, ainda n\u00e3o implantou, os C\u00e2mpus de Navira\u00ed e Ponta Por\u00e3.<\/p>\n<p style=\"text-align: justify\">A UFMS possui cursos de gradua\u00e7\u00e3o e p\u00f3s-gradua\u00e7\u00e3o, ambos presenciais e a dist\u00e2ncia. Os cursos de p\u00f3s-gradua\u00e7\u00e3o englobam os cursos de especializa\u00e7\u00e3o e os programas de mestrado e doutorado.<\/p>\n<p style=\"text-align: justify\">Visando atingir os objetivos essenciais de aprimoramento do ensino e est\u00edmulo \u00e0s atividades de pesquisa e de extens\u00e3o, a UFMS vem participando ativamente da preserva\u00e7\u00e3o dos recursos naturais do meio ambiente de Mato Grosso do Sul, especialmente da fauna e flora do Pantanal, regi\u00e3o onde est\u00e1 inserida.<\/p>\n<p style=\"text-align: justify\">&nbsp;<\/p>\n<p style=\"text-align: justify\"><strong>HIST\u00d3RICO DO CPCS<\/strong><\/p>\n<p style=\"text-align: justify\">O C\u00e2mpus de Chapad\u00e3o do Sul (CPCS), da UFMS, foi implantado em meados 2006 e, inicialmente, ofereceu o curso de Agronomia. Por meio da inclus\u00e3o da UFMS no Programa de Reestrutura\u00e7\u00e3o e Expans\u00e3o das Universidades Federais (REUNI) foi implantado o curso de Engenharia Florestal no CPCS, sendo que as aulas iniciaram em mar\u00e7o de 2010. \u00c0 \u00e9poca, acreditava-se no potencial florestal do Estado de Mato Grosso do Sul e na demanda por profissionais que atenderiam ao setor agroflorestal.<\/p>\n<p style=\"text-align: justify\">Acompanhando a evolu\u00e7\u00e3o dos cursos de gradua\u00e7\u00e3o do CPCS, no ano de 2011, ocorreu a implanta\u00e7\u00e3o do curso de p\u00f3s-gradua\u00e7\u00e3o stricto sensu, em n\u00edvel de mestrado, na \u00e1rea de Agronomia, permitindo a continuidade da forma\u00e7\u00e3o dos estudantes a partir de estudos avan\u00e7ados e conduzindo pesquisas na \u00e1rea de agr\u00e1rias, que tem cada vez se consolidado como a voca\u00e7\u00e3o natural do Estado de Mato Grosso do Sul e de toda a regi\u00e3o Centro-Oeste do Brasil.<\/p>\n<p style=\"text-align: justify\">O Programa de P\u00f3s-Gradua\u00e7\u00e3o em Agronomia (PPG Agronomia) da UFMS foi fundado com uma miss\u00e3o muito clara: formar profissionais altamente qualificados em Produ\u00e7\u00e3o Vegetal, munidos da expertise cient\u00edfica para diagnosticar e solucionar desafios da agricultura, contribuindo para o desenvolvimento agr\u00edcola sustent\u00e1vel na regi\u00e3o Centro-Oeste e no Brasil. Essa vis\u00e3o fundadora orientou o foco inicial do programa em ser refer\u00eancia na \u00e1rea de Produ\u00e7\u00e3o Vegetal, com forte inser\u00e7\u00e3o cient\u00edfica e social na regi\u00e3o Centro-Oeste e no Brasil. O curso de mestrado atendeu imediatamente \u00e0s necessidades regionais, fomentando pesquisas de alto impacto cient\u00edfico sobre culturas relevantes para a regi\u00e3o.<\/p>\n<p style=\"text-align: justify\">Diante de um cen\u00e1rio econ\u00f4mico promissor do munic\u00edpio de Chapad\u00e3o do Sul, com o crescimento das empresas que atuam no setor do agroneg\u00f3cio e de servi\u00e7os, dentre outros setores da economia, e atendendo aos objetivos de expans\u00e3o da UFMS, no ano de 2017, foi criado o curso de Administra\u00e7\u00e3o, em n\u00edvel de bacharelado no CPCS. O curso entrou em funcionamento no primeiro semestre de 2018, na modalidade presencial e, diferentemente dos demais cursos do CPCS at\u00e9 aquele momento, a oferta direcionou-se ao per\u00edodo noturno a fim de atender a demanda pr\u00e9-existente de jovens trabalhadores da regi\u00e3o.<\/p>\n<p style=\"text-align: justify\">O curso gradua\u00e7\u00e3o em Administra\u00e7\u00e3o \u2013 Bacharelado se prop\u00f4s a atender, principalmente, discentes oriundos do pr\u00f3prio munic\u00edpio e de munic\u00edpios vizinhos, como: Para\u00edso das \u00c1guas, Costa Rica, Cassil\u00e2ndia e Chapad\u00e3o do C\u00e9u. Atualmente, o curso possui estudantes oriundos de todas as regi\u00f5es do Brasil. A forma\u00e7\u00e3o dos estudantes do curso de Administra\u00e7\u00e3o possibilita a constru\u00e7\u00e3o de habilidades e capacita\u00e7\u00f5es profissionais que os qualifica a atuarem como gestores, tanto no setor p\u00fablico quanto no setor privado.<\/p>\n<p style=\"text-align: justify\">Um marco significativo para a UFMS de Chapad\u00e3o do Sul foi a cria\u00e7\u00e3o do programa de Doutorado em Agronomia no ano de 2024 (Parecer CNE\/CES n\u00ba 288\/2024). Essa expans\u00e3o atendeu diretamente ao objetivo de reduzir assimetrias na forma\u00e7\u00e3o de doutores no Centro-Oeste, regi\u00e3o agr\u00edcola crucial para o Brasil e para o mundo. O desenvolvimento do programa reflete seu compromisso com a pesquisa, o desenvolvimento e a inova\u00e7\u00e3o, alinhados aos Objetivos de Desenvolvimento Sustent\u00e1vel (ODS) e das prioridades do Minist\u00e9rio da Ci\u00eancia, Tecnologia e Inova\u00e7\u00e3o (MCTI).<\/p>\n<p style=\"text-align: justify\">O PPG Agronomia da UFMS congrega tr\u00eas distintas linhas de pesquisa: \u201cAgricultura Digital\u201d, &#8220;Manejo de Solos&#8221; e &#8220;Sistema de Produ\u00e7\u00e3o Agr\u00edcola&#8221;, caracterizando-o como um programa multidisciplinar. Tal caracter\u00edstica favorece amplamente a \u00e1rea de Ci\u00eancias Agr\u00e1rias, pois a forma\u00e7\u00e3o acad\u00eamica diferenciada e as pesquisas desenvolvidas no \u00e2mbito do programa t\u00eam subsidiado melhorias em diversas sub\u00e1reas da Agronomia, como: agricultura de precis\u00e3o, intelig\u00eancia computacional, modelagem e programa\u00e7\u00e3o, sensoriamento remoto, mecaniza\u00e7\u00e3o<br \/>\nagr\u00edcola, irriga\u00e7\u00e3o, manejo do solo, fisiologia vegetal, melhoramento de plantas, armazenamento de gr\u00e3os, fitopatologia, entomologia, manejo de plantas daninhas, tecnologia de sementes, sensoriamento remoto e tecnologia de aplica\u00e7\u00e3o de defensivos.<br \/>\nAl\u00e9m de recursos f\u00edsicos e humanos qualificados, a UFMS de Chapad\u00e3o do Sul est\u00e1 localizada, estrategicamente, na mais importante regi\u00e3o agr\u00edcola e florestal de Mato Grosso do Sul, denominada de Bols\u00e3o Sul-Mato-Grossense. A regi\u00e3o facilita a oferta de aulas pr\u00e1ticas de extrema qualidade e de est\u00e1gios profissionalizantes.<\/p>\n<p style=\"text-align: justify\">Para a regi\u00e3o, a oferta desses cursos \u00e9 de suma import\u00e2ncia em fun\u00e7\u00e3o do seu potencial em agroneg\u00f3cio, com a implanta\u00e7\u00e3o de grandes projetos agr\u00edcolas (soja, milho, sorgo, algod\u00e3o, girassol, cana-de-a\u00e7\u00facar, entre outras culturas) e pecu\u00e1rios (bovinocultura de corte e leite, ovinocultura, avicultura e suinocultura).<\/p>\n<p style=\"text-align: justify\">Ademais, torna-se estrategicamente relevante a partir das vantagens comparativas locacionais relativas ao diferencial log\u00edstico do munic\u00edpio de Chapad\u00e3o do Sul, dada a proximidade de outros Estados como Mato Grosso, Goi\u00e1s, Minas Gerais e S\u00e3o Paulo e das principais rotas de escoamento da produ\u00e7\u00e3o agr\u00edcola do pa\u00eds.<\/p>\n<p style=\"text-align: justify\">O hist\u00f3rico de contribui\u00e7\u00e3o da UFMS de Chapad\u00e3o do Sul desde sua funda\u00e7\u00e3o e a credibilidade nos processos de gest\u00e3o, governan\u00e7a e no trabalho de excel\u00eancia realizado pelo corpo t\u00e9cnico e docente da institui\u00e7\u00e3o, faz com que a popula\u00e7\u00e3o anseie por novos cursos que possam se constituir enquanto alicerce para manuten\u00e7\u00e3o do acelerado processo de Crescimento e Desenvolvimento Econ\u00f4mico Regional.<\/p>\n<p style=\"text-align: justify\">&nbsp;<\/p>\n<p>Assista ao nosso v\u00eddeo institucional <a title=\"V\u00eddeo institucional\" href=\"http:\/\/www.youtube.com\/watch?v=nS-G_ud78B8\" target=\"_blank\" rel=\"noopener noreferrer\">aqui.<\/a><\/p>\n","protected":false},"excerpt":{"rendered":"<p>HIST\u00d3RICO DA UFMS A Universidade Federal de Mato Grosso do Sul (UFMS), teve sua origem em 1962, com a cria\u00e7\u00e3o da Faculdade de Farm\u00e1cia e Odontologia de Campo Grande, na cidade de Campo Grande, que seria o embri\u00e3o do ensino superior p\u00fablico no sul do ent\u00e3o Estado de Mato Grosso. Em 26.07.1966, pela Lei Estadual [&hellip;]<\/p>\n","protected":false},"author":106,"featured_media":0,"parent":0,"menu_order":0,"comment_status":"closed","ping_status":"closed","template":"","meta":{"ngg_post_thumbnail":0,"footnotes":""},"coauthors":[27],"class_list":["post-45","page","type-page","status-publish","hentry"],"yoast_head":"<!-- This site is optimized with the Yoast SEO plugin v26.2 - https:\/\/yoast.com\/wordpress\/plugins\/seo\/ -->\n<title>Apresenta\u00e7\u00e3o e Hist\u00f3rico - Campus de Chapad\u00e3o do Sul<\/title>\n<meta name=\"robots\" content=\"index, follow, max-snippet:-1, max-image-preview:large, max-video-preview:-1\" \/>\n<link rel=\"canonical\" href=\"https:\/\/cpcs.ufms.br\/apresentacao-e-historico\/\" \/>\n<meta property=\"og:locale\" content=\"en_US\" \/>\n<meta property=\"og:type\" content=\"article\" \/>\n<meta property=\"og:title\" content=\"Apresenta\u00e7\u00e3o e Hist\u00f3rico - Campus de Chapad\u00e3o do Sul\" \/>\n<meta property=\"og:description\" content=\"HIST\u00d3RICO DA UFMS A Universidade Federal de Mato Grosso do Sul (UFMS), teve sua origem em 1962, com a cria\u00e7\u00e3o da Faculdade de Farm\u00e1cia e Odontologia de Campo Grande, na cidade de Campo Grande, que seria o embri\u00e3o do ensino superior p\u00fablico no sul do ent\u00e3o Estado de Mato Grosso. Em 26.07.1966, pela Lei Estadual [&hellip;]\" \/>\n<meta property=\"og:url\" content=\"https:\/\/cpcs.ufms.br\/apresentacao-e-historico\/\" \/>\n<meta property=\"og:site_name\" content=\"Campus de Chapad\u00e3o do Sul\" \/>\n<meta property=\"article:modified_time\" content=\"2025-11-11T14:30:53+00:00\" \/>\n<meta name=\"twitter:label1\" content=\"Est. reading time\" \/>\n\t<meta name=\"twitter:data1\" content=\"7 minutes\" \/>\n<script type=\"application\/ld+json\" class=\"yoast-schema-graph\">{\"@context\":\"https:\/\/schema.org\",\"@graph\":[{\"@type\":\"WebPage\",\"@id\":\"https:\/\/cpcs.ufms.br\/apresentacao-e-historico\/\",\"url\":\"https:\/\/cpcs.ufms.br\/apresentacao-e-historico\/\",\"name\":\"Apresenta\u00e7\u00e3o e Hist\u00f3rico - Campus de Chapad\u00e3o do Sul\",\"isPartOf\":{\"@id\":\"https:\/\/cpcs.ufms.br\/#website\"},\"datePublished\":\"2012-09-12T13:24:44+00:00\",\"dateModified\":\"2025-11-11T14:30:53+00:00\",\"breadcrumb\":{\"@id\":\"https:\/\/cpcs.ufms.br\/apresentacao-e-historico\/#breadcrumb\"},\"inLanguage\":\"en-US\",\"potentialAction\":[{\"@type\":\"ReadAction\",\"target\":[\"https:\/\/cpcs.ufms.br\/apresentacao-e-historico\/\"]}]},{\"@type\":\"BreadcrumbList\",\"@id\":\"https:\/\/cpcs.ufms.br\/apresentacao-e-historico\/#breadcrumb\",\"itemListElement\":[{\"@type\":\"ListItem\",\"position\":1,\"name\":\"In\u00edcio\",\"item\":\"https:\/\/cpcs.ufms.br\/\"},{\"@type\":\"ListItem\",\"position\":2,\"name\":\"Apresenta\u00e7\u00e3o e Hist\u00f3rico\"}]},{\"@type\":\"WebSite\",\"@id\":\"https:\/\/cpcs.ufms.br\/#website\",\"url\":\"https:\/\/cpcs.ufms.br\/\",\"name\":\"Campus de Chapad\u00e3o do Sul\",\"description\":\"Universidade Federal de Mato Grosso do Sul\",\"potentialAction\":[{\"@type\":\"SearchAction\",\"target\":{\"@type\":\"EntryPoint\",\"urlTemplate\":\"https:\/\/cpcs.ufms.br\/?s={search_term_string}\"},\"query-input\":{\"@type\":\"PropertyValueSpecification\",\"valueRequired\":true,\"valueName\":\"search_term_string\"}}],\"inLanguage\":\"en-US\"}]}<\/script>\n<!-- \/ Yoast SEO plugin. -->","yoast_head_json":{"title":"Apresenta\u00e7\u00e3o e Hist\u00f3rico - Campus de Chapad\u00e3o do Sul","robots":{"index":"index","follow":"follow","max-snippet":"max-snippet:-1","max-image-preview":"max-image-preview:large","max-video-preview":"max-video-preview:-1"},"canonical":"https:\/\/cpcs.ufms.br\/apresentacao-e-historico\/","og_locale":"en_US","og_type":"article","og_title":"Apresenta\u00e7\u00e3o e Hist\u00f3rico - Campus de Chapad\u00e3o do Sul","og_description":"HIST\u00d3RICO DA UFMS A Universidade Federal de Mato Grosso do Sul (UFMS), teve sua origem em 1962, com a cria\u00e7\u00e3o da Faculdade de Farm\u00e1cia e Odontologia de Campo Grande, na cidade de Campo Grande, que seria o embri\u00e3o do ensino superior p\u00fablico no sul do ent\u00e3o Estado de Mato Grosso. Em 26.07.1966, pela Lei Estadual [&hellip;]","og_url":"https:\/\/cpcs.ufms.br\/apresentacao-e-historico\/","og_site_name":"Campus de Chapad\u00e3o do Sul","article_modified_time":"2025-11-11T14:30:53+00:00","twitter_misc":{"Est. reading time":"7 minutes"},"schema":{"@context":"https:\/\/schema.org","@graph":[{"@type":"WebPage","@id":"https:\/\/cpcs.ufms.br\/apresentacao-e-historico\/","url":"https:\/\/cpcs.ufms.br\/apresentacao-e-historico\/","name":"Apresenta\u00e7\u00e3o e Hist\u00f3rico - Campus de Chapad\u00e3o do Sul","isPartOf":{"@id":"https:\/\/cpcs.ufms.br\/#website"},"datePublished":"2012-09-12T13:24:44+00:00","dateModified":"2025-11-11T14:30:53+00:00","breadcrumb":{"@id":"https:\/\/cpcs.ufms.br\/apresentacao-e-historico\/#breadcrumb"},"inLanguage":"en-US","potentialAction":[{"@type":"ReadAction","target":["https:\/\/cpcs.ufms.br\/apresentacao-e-historico\/"]}]},{"@type":"BreadcrumbList","@id":"https:\/\/cpcs.ufms.br\/apresentacao-e-historico\/#breadcrumb","itemListElement":[{"@type":"ListItem","position":1,"name":"In\u00edcio","item":"https:\/\/cpcs.ufms.br\/"},{"@type":"ListItem","position":2,"name":"Apresenta\u00e7\u00e3o e Hist\u00f3rico"}]},{"@type":"WebSite","@id":"https:\/\/cpcs.ufms.br\/#website","url":"https:\/\/cpcs.ufms.br\/","name":"Campus de Chapad\u00e3o do Sul","description":"Universidade Federal de Mato Grosso do Sul","potentialAction":[{"@type":"SearchAction","target":{"@type":"EntryPoint","urlTemplate":"https:\/\/cpcs.ufms.br\/?s={search_term_string}"},"query-input":{"@type":"PropertyValueSpecification","valueRequired":true,"valueName":"search_term_string"}}],"inLanguage":"en-US"}]}},"_links":{"self":[{"href":"https:\/\/cpcs.ufms.br\/en\/wp-json\/wp\/v2\/pages\/45","targetHints":{"allow":["GET"]}}],"collection":[{"href":"https:\/\/cpcs.ufms.br\/en\/wp-json\/wp\/v2\/pages"}],"about":[{"href":"https:\/\/cpcs.ufms.br\/en\/wp-json\/wp\/v2\/types\/page"}],"author":[{"embeddable":true,"href":"https:\/\/cpcs.ufms.br\/en\/wp-json\/wp\/v2\/users\/106"}],"replies":[{"embeddable":true,"href":"https:\/\/cpcs.ufms.br\/en\/wp-json\/wp\/v2\/comments?post=45"}],"version-history":[{"count":7,"href":"https:\/\/cpcs.ufms.br\/en\/wp-json\/wp\/v2\/pages\/45\/revisions"}],"predecessor-version":[{"id":11745,"href":"https:\/\/cpcs.ufms.br\/en\/wp-json\/wp\/v2\/pages\/45\/revisions\/11745"}],"wp:attachment":[{"href":"https:\/\/cpcs.ufms.br\/en\/wp-json\/wp\/v2\/media?parent=45"}],"wp:term":[{"taxonomy":"author","embeddable":true,"href":"https:\/\/cpcs.ufms.br\/en\/wp-json\/wp\/v2\/coauthors?post=45"}],"curies":[{"name":"wp","href":"https:\/\/api.w.org\/{rel}","templated":true}]}}