{"id":4444,"date":"2018-11-05T13:50:33","date_gmt":"2018-11-05T17:50:33","guid":{"rendered":"https:\/\/cpcs.ufms.br\/?page_id=4444"},"modified":"2025-07-03T08:25:47","modified_gmt":"2025-07-03T12:25:47","slug":"csa","status":"publish","type":"page","link":"https:\/\/cpcs.ufms.br\/en\/csa\/","title":{"rendered":"CSA"},"content":{"rendered":"<p>Convidamos a todos para acessar o <a href=\"https:\/\/siai.ufms.br\" target=\"_blank\" rel=\"noopener noreferrer\">Sistema de Avalia\u00e7\u00e3o Institucional.<\/a><\/p>\n<p>&nbsp;<\/p>\n<p><strong>Comiss\u00e3o:<\/strong><\/p>\n<p style=\"padding-left: 40px\"><a href=\"https:\/\/boletimoficial.ufms.br\/bse\/publicacao?id=489752\" target=\"_blank\" rel=\"noopener\">Comiss\u00e3o Setorial de Avalia\u00e7\u00e3o CPCS &#8211; CSA (<b>Comiss\u00e3o Setorial de Avalia\u00e7\u00e3o<\/b>) <\/a><\/p>\n<p style=\"padding-left: 40px\"><span style=\"font-size: 14px\">Altera\u00e7\u00e3o &#8211; <a href=\"https:\/\/boletimoficial.ufms.br\/bse\/publicacao?id=563024\">PORTARIA N\u00ba 87-CPCS\/UFMS, DE 24 DE JUNHO DE 2025<\/a><\/span><\/p>\n<p style=\"padding-left: 40px\"><span style=\"font-size: 14px\">Altera\u00e7\u00e3o &#8211; <a href=\"https:\/\/boletimoficial.ufms.br\/bse\/publicacao?id=563024\" target=\"_blank\" rel=\"noopener\">PORTARIA N\u00ba 4-CPCS\/UFMS, DE 30 DE JANEIRO DE 2024<\/a><\/span><\/p>\n<p>&nbsp;<\/p>\n<p><strong>Relat\u00f3rios:<\/strong><\/p>\n<p style=\"padding-left: 40px\"><strong><a href=\"https:\/\/drive.google.com\/file\/d\/1JJgEnftjC3PdSArnxxF6ngLK8QAuHOs_\/view\" target=\"_blank\" rel=\"noopener\">Relat\u00f3rio de Autoavalia\u00e7\u00e3o setorial &#8211; 2024<\/a><\/strong><\/p>\n<p style=\"padding-left: 40px\"><a href=\"https:\/\/drive.google.com\/file\/d\/1QFKBs6qcG04VKvqf8WVdqe6aYcSiRd-x\/view?pli=1\" target=\"_blank\" rel=\"noopener\">Relat\u00f3rio de Autoavalia\u00e7\u00e3o setorial &#8211; 2023<\/a><\/p>\n<p style=\"padding-left: 40px\"><a href=\"https:\/\/drive.google.com\/file\/d\/10JhiiQp6-GfUML2ybdQ4s9-4jL4CFR4I\/view\" target=\"_blank\" rel=\"noopener\">Relat\u00f3rio de Autoavalia\u00e7\u00e3o setorial &#8211; 2022<\/a><\/p>\n<p style=\"padding-left: 40px\"><a href=\"https:\/\/cpcs.ufms.br\/files\/2022\/04\/Relatorio-CSA-2021-CPCS-v_F2.pdf\">Relat\u00f3rio de Autoavalia\u00e7\u00e3o setorial &#8211; 2021<\/a><\/p>\n<p style=\"padding-left: 40px\"><a href=\"https:\/\/drive.google.com\/file\/d\/1s2IgE6UpeF7TqOCDXO127MHSg1Y7Co4f\/view?usp=sharing\">Relat\u00f3rio de Autoavalia\u00e7\u00e3o setorial &#8211; 2020<\/a><\/p>\n<p style=\"padding-left: 40px\"><a href=\"https:\/\/drive.google.com\/open?id=1c7pcaUNsfVhv4FxTawm419G0BAhGEkSz\">Relat\u00f3rio de Autoavalia\u00e7\u00e3o setorial &#8211; 2018<\/a><\/p>\n<p style=\"padding-left: 40px\"><a href=\"https:\/\/seavi.ufms.br\/files\/2017\/12\/CPCS-2017.docx\">Relat\u00f3rio de Autoavalia\u00e7\u00e3o setorial &#8211; 2017<\/a><\/p>\n<p style=\"padding-left: 40px\"><a href=\"https:\/\/seavi.ufms.br\/files\/2017\/03\/CPCS_RelatorioSetorial_2016.pdf\">Relat\u00f3rio de Autoavalia\u00e7\u00e3o setorial &#8211; 2016<\/a><\/p>\n<p style=\"padding-left: 40px\"><a href=\"https:\/\/seavi.ufms.br\/files\/2017\/12\/Relatorio_CPCS_2015.pdf\">Relat\u00f3rio de Autoavalia\u00e7\u00e3o setorial &#8211; 2015<\/a><\/p>\n<p style=\"padding-left: 40px\">Relat\u00f3rio de Autoavalia\u00e7\u00e3o setorial &#8211; 2014<\/p>\n<p style=\"padding-left: 40px\"><a href=\"https:\/\/seavi.ufms.br\/files\/2017\/12\/Relatorio-CPA-CPCS-2013.pdf\">Relat\u00f3rio de Autoavalia\u00e7\u00e3o setorial &#8211; 2013<\/a><\/p>\n<p style=\"padding-left: 40px\">Relat\u00f3rio de Autoavalia\u00e7\u00e3o setorial &#8211; 2012<\/p>\n<p>&nbsp;<\/p>\n<p>&nbsp;<\/p>\n","protected":false},"excerpt":{"rendered":"<p>Convidamos a todos para acessar o Sistema de Avalia\u00e7\u00e3o Institucional. &nbsp; Comiss\u00e3o: Comiss\u00e3o Setorial de Avalia\u00e7\u00e3o CPCS &#8211; CSA (Comiss\u00e3o Setorial de Avalia\u00e7\u00e3o) Altera\u00e7\u00e3o &#8211; PORTARIA N\u00ba 87-CPCS\/UFMS, DE 24 DE JUNHO DE 2025 Altera\u00e7\u00e3o &#8211; PORTARIA N\u00ba 4-CPCS\/UFMS, DE 30 DE JANEIRO DE 2024 &nbsp; Relat\u00f3rios: Relat\u00f3rio de Autoavalia\u00e7\u00e3o setorial &#8211; 2024 Relat\u00f3rio de [&hellip;]<\/p>\n","protected":false},"author":26815,"featured_media":0,"parent":0,"menu_order":0,"comment_status":"closed","ping_status":"closed","template":"","meta":{"ngg_post_thumbnail":0,"footnotes":""},"coauthors":[35],"class_list":["post-4444","page","type-page","status-publish","hentry"],"yoast_head":"<!-- This site is optimized with the Yoast SEO plugin v26.2 - https:\/\/yoast.com\/wordpress\/plugins\/seo\/ -->\n<title>CSA - Campus de Chapad\u00e3o do Sul<\/title>\n<meta name=\"robots\" content=\"index, follow, max-snippet:-1, max-image-preview:large, max-video-preview:-1\" \/>\n<link rel=\"canonical\" href=\"https:\/\/cpcs.ufms.br\/csa\/\" \/>\n<meta property=\"og:locale\" content=\"en_US\" \/>\n<meta property=\"og:type\" content=\"article\" \/>\n<meta property=\"og:title\" content=\"CSA - Campus de Chapad\u00e3o do Sul\" \/>\n<meta property=\"og:description\" content=\"Convidamos a todos para acessar o Sistema de Avalia\u00e7\u00e3o Institucional. &nbsp; Comiss\u00e3o: Comiss\u00e3o Setorial de Avalia\u00e7\u00e3o CPCS &#8211; CSA (Comiss\u00e3o Setorial de Avalia\u00e7\u00e3o) Altera\u00e7\u00e3o &#8211; PORTARIA N\u00ba 87-CPCS\/UFMS, DE 24 DE JUNHO DE 2025 Altera\u00e7\u00e3o &#8211; PORTARIA N\u00ba 4-CPCS\/UFMS, DE 30 DE JANEIRO DE 2024 &nbsp; Relat\u00f3rios: Relat\u00f3rio de Autoavalia\u00e7\u00e3o setorial &#8211; 2024 Relat\u00f3rio de [&hellip;]\" \/>\n<meta property=\"og:url\" content=\"https:\/\/cpcs.ufms.br\/csa\/\" \/>\n<meta property=\"og:site_name\" content=\"Campus de Chapad\u00e3o do Sul\" \/>\n<meta property=\"article:modified_time\" content=\"2025-07-03T12:25:47+00:00\" \/>\n<meta name=\"twitter:label1\" content=\"Est. reading time\" \/>\n\t<meta name=\"twitter:data1\" content=\"1 minute\" \/>\n\t<meta name=\"twitter:label2\" content=\"Written by\" \/>\n\t<meta name=\"twitter:data2\" content=\"Augusto Cesar de Aquino Ribas\" \/>\n<script type=\"application\/ld+json\" class=\"yoast-schema-graph\">{\"@context\":\"https:\/\/schema.org\",\"@graph\":[{\"@type\":\"WebPage\",\"@id\":\"https:\/\/cpcs.ufms.br\/csa\/\",\"url\":\"https:\/\/cpcs.ufms.br\/csa\/\",\"name\":\"CSA - Campus de Chapad\u00e3o do Sul\",\"isPartOf\":{\"@id\":\"https:\/\/cpcs.ufms.br\/#website\"},\"datePublished\":\"2018-11-05T17:50:33+00:00\",\"dateModified\":\"2025-07-03T12:25:47+00:00\",\"breadcrumb\":{\"@id\":\"https:\/\/cpcs.ufms.br\/csa\/#breadcrumb\"},\"inLanguage\":\"en-US\",\"potentialAction\":[{\"@type\":\"ReadAction\",\"target\":[\"https:\/\/cpcs.ufms.br\/csa\/\"]}]},{\"@type\":\"BreadcrumbList\",\"@id\":\"https:\/\/cpcs.ufms.br\/csa\/#breadcrumb\",\"itemListElement\":[{\"@type\":\"ListItem\",\"position\":1,\"name\":\"In\u00edcio\",\"item\":\"https:\/\/cpcs.ufms.br\/\"},{\"@type\":\"ListItem\",\"position\":2,\"name\":\"CSA\"}]},{\"@type\":\"WebSite\",\"@id\":\"https:\/\/cpcs.ufms.br\/#website\",\"url\":\"https:\/\/cpcs.ufms.br\/\",\"name\":\"Campus de Chapad\u00e3o do Sul\",\"description\":\"Universidade Federal de Mato Grosso do Sul\",\"potentialAction\":[{\"@type\":\"SearchAction\",\"target\":{\"@type\":\"EntryPoint\",\"urlTemplate\":\"https:\/\/cpcs.ufms.br\/?s={search_term_string}\"},\"query-input\":{\"@type\":\"PropertyValueSpecification\",\"valueRequired\":true,\"valueName\":\"search_term_string\"}}],\"inLanguage\":\"en-US\"}]}<\/script>\n<!-- \/ Yoast SEO plugin. -->","yoast_head_json":{"title":"CSA - Campus de Chapad\u00e3o do Sul","robots":{"index":"index","follow":"follow","max-snippet":"max-snippet:-1","max-image-preview":"max-image-preview:large","max-video-preview":"max-video-preview:-1"},"canonical":"https:\/\/cpcs.ufms.br\/csa\/","og_locale":"en_US","og_type":"article","og_title":"CSA - Campus de Chapad\u00e3o do Sul","og_description":"Convidamos a todos para acessar o Sistema de Avalia\u00e7\u00e3o Institucional. &nbsp; Comiss\u00e3o: Comiss\u00e3o Setorial de Avalia\u00e7\u00e3o CPCS &#8211; CSA (Comiss\u00e3o Setorial de Avalia\u00e7\u00e3o) Altera\u00e7\u00e3o &#8211; PORTARIA N\u00ba 87-CPCS\/UFMS, DE 24 DE JUNHO DE 2025 Altera\u00e7\u00e3o &#8211; PORTARIA N\u00ba 4-CPCS\/UFMS, DE 30 DE JANEIRO DE 2024 &nbsp; Relat\u00f3rios: Relat\u00f3rio de Autoavalia\u00e7\u00e3o setorial &#8211; 2024 Relat\u00f3rio de [&hellip;]","og_url":"https:\/\/cpcs.ufms.br\/csa\/","og_site_name":"Campus de Chapad\u00e3o do Sul","article_modified_time":"2025-07-03T12:25:47+00:00","twitter_misc":{"Est. reading time":"1 minute","Written by":"Augusto Cesar de Aquino Ribas"},"schema":{"@context":"https:\/\/schema.org","@graph":[{"@type":"WebPage","@id":"https:\/\/cpcs.ufms.br\/csa\/","url":"https:\/\/cpcs.ufms.br\/csa\/","name":"CSA - Campus de Chapad\u00e3o do Sul","isPartOf":{"@id":"https:\/\/cpcs.ufms.br\/#website"},"datePublished":"2018-11-05T17:50:33+00:00","dateModified":"2025-07-03T12:25:47+00:00","breadcrumb":{"@id":"https:\/\/cpcs.ufms.br\/csa\/#breadcrumb"},"inLanguage":"en-US","potentialAction":[{"@type":"ReadAction","target":["https:\/\/cpcs.ufms.br\/csa\/"]}]},{"@type":"BreadcrumbList","@id":"https:\/\/cpcs.ufms.br\/csa\/#breadcrumb","itemListElement":[{"@type":"ListItem","position":1,"name":"In\u00edcio","item":"https:\/\/cpcs.ufms.br\/"},{"@type":"ListItem","position":2,"name":"CSA"}]},{"@type":"WebSite","@id":"https:\/\/cpcs.ufms.br\/#website","url":"https:\/\/cpcs.ufms.br\/","name":"Campus de Chapad\u00e3o do Sul","description":"Universidade Federal de Mato Grosso do Sul","potentialAction":[{"@type":"SearchAction","target":{"@type":"EntryPoint","urlTemplate":"https:\/\/cpcs.ufms.br\/?s={search_term_string}"},"query-input":{"@type":"PropertyValueSpecification","valueRequired":true,"valueName":"search_term_string"}}],"inLanguage":"en-US"}]}},"_links":{"self":[{"href":"https:\/\/cpcs.ufms.br\/en\/wp-json\/wp\/v2\/pages\/4444","targetHints":{"allow":["GET"]}}],"collection":[{"href":"https:\/\/cpcs.ufms.br\/en\/wp-json\/wp\/v2\/pages"}],"about":[{"href":"https:\/\/cpcs.ufms.br\/en\/wp-json\/wp\/v2\/types\/page"}],"author":[{"embeddable":true,"href":"https:\/\/cpcs.ufms.br\/en\/wp-json\/wp\/v2\/users\/26815"}],"replies":[{"embeddable":true,"href":"https:\/\/cpcs.ufms.br\/en\/wp-json\/wp\/v2\/comments?post=4444"}],"version-history":[{"count":21,"href":"https:\/\/cpcs.ufms.br\/en\/wp-json\/wp\/v2\/pages\/4444\/revisions"}],"predecessor-version":[{"id":9037,"href":"https:\/\/cpcs.ufms.br\/en\/wp-json\/wp\/v2\/pages\/4444\/revisions\/9037"}],"wp:attachment":[{"href":"https:\/\/cpcs.ufms.br\/en\/wp-json\/wp\/v2\/media?parent=4444"}],"wp:term":[{"taxonomy":"author","embeddable":true,"href":"https:\/\/cpcs.ufms.br\/en\/wp-json\/wp\/v2\/coauthors?post=4444"}],"curies":[{"name":"wp","href":"https:\/\/api.w.org\/{rel}","templated":true}]}}