{"id":39,"date":"2012-09-12T09:10:34","date_gmt":"2012-09-12T13:10:34","guid":{"rendered":"http:\/\/cpcs.draconis.ufms.br\/?page_id=39"},"modified":"2025-02-07T15:26:57","modified_gmt":"2025-02-07T19:26:57","slug":"localizacao","status":"publish","type":"page","link":"https:\/\/cpcs.ufms.br\/en\/institucional\/localizacao\/","title":{"rendered":"Localiza\u00e7\u00e3o"},"content":{"rendered":"[wpgmza id=&#8221;1&#8243;]\n<p>Endere\u00e7o:<\/p>\n<p>Universidade Federal de Mato Grosso do Sul<br \/>\nC\u00e2mpus de Chapad\u00e3o do Sul<br \/>\nAv. Engenheiro Douglas Ribeiro Pantale\u00e3o, CXP 112<br \/>\nChapad\u00e3o do Sul\/MS<br \/>\nCEP 79560-000<\/p>\n<p>Fone (67) 3562-6300&nbsp;<br \/>\ne-mail: adm.cpcs@ufms.br&nbsp;<br \/>\n<span style=\"color: #ffffff\">e-mail:<\/span> secad.cpcs@ufms.br&nbsp;<\/p>\n","protected":false},"excerpt":{"rendered":"<p>[wpgmza id=&#8221;1&#8243;] Endere\u00e7o: Universidade Federal de Mato Grosso do Sul C\u00e2mpus de Chapad\u00e3o do Sul Av. Engenheiro Douglas Ribeiro Pantale\u00e3o, CXP 112 Chapad\u00e3o do Sul\/MS CEP 79560-000 Fone (67) 3562-6300&nbsp; e-mail: adm.cpcs@ufms.br&nbsp; e-mail: secad.cpcs@ufms.br&nbsp;<\/p>\n","protected":false},"author":106,"featured_media":0,"parent":35,"menu_order":0,"comment_status":"closed","ping_status":"closed","template":"","meta":{"ngg_post_thumbnail":0,"footnotes":""},"coauthors":[27],"class_list":["post-39","page","type-page","status-publish","hentry"],"yoast_head":"<!-- This site is optimized with the Yoast SEO plugin v26.2 - https:\/\/yoast.com\/wordpress\/plugins\/seo\/ -->\n<title>Localiza\u00e7\u00e3o - Campus de Chapad\u00e3o do Sul<\/title>\n<meta name=\"robots\" content=\"index, follow, max-snippet:-1, max-image-preview:large, max-video-preview:-1\" \/>\n<link rel=\"canonical\" href=\"https:\/\/cpcs.ufms.br\/institucional\/localizacao\/\" \/>\n<meta property=\"og:locale\" content=\"en_US\" \/>\n<meta property=\"og:type\" content=\"article\" \/>\n<meta property=\"og:title\" content=\"Localiza\u00e7\u00e3o - Campus de Chapad\u00e3o do Sul\" \/>\n<meta property=\"og:description\" content=\"[wpgmza id=&#8221;1&#8243;] Endere\u00e7o: Universidade Federal de Mato Grosso do Sul C\u00e2mpus de Chapad\u00e3o do Sul Av. Engenheiro Douglas Ribeiro Pantale\u00e3o, CXP 112 Chapad\u00e3o do Sul\/MS CEP 79560-000 Fone (67) 3562-6300&nbsp; e-mail: adm.cpcs@ufms.br&nbsp; e-mail: secad.cpcs@ufms.br&nbsp;\" \/>\n<meta property=\"og:url\" content=\"https:\/\/cpcs.ufms.br\/institucional\/localizacao\/\" \/>\n<meta property=\"og:site_name\" content=\"Campus de Chapad\u00e3o do Sul\" \/>\n<meta property=\"article:modified_time\" content=\"2025-02-07T19:26:57+00:00\" \/>\n<meta name=\"twitter:label1\" content=\"Est. reading time\" \/>\n\t<meta name=\"twitter:data1\" content=\"1 minute\" \/>\n<script type=\"application\/ld+json\" class=\"yoast-schema-graph\">{\"@context\":\"https:\/\/schema.org\",\"@graph\":[{\"@type\":\"WebPage\",\"@id\":\"https:\/\/cpcs.ufms.br\/institucional\/localizacao\/\",\"url\":\"https:\/\/cpcs.ufms.br\/institucional\/localizacao\/\",\"name\":\"Localiza\u00e7\u00e3o - Campus de Chapad\u00e3o do Sul\",\"isPartOf\":{\"@id\":\"https:\/\/cpcs.ufms.br\/#website\"},\"datePublished\":\"2012-09-12T13:10:34+00:00\",\"dateModified\":\"2025-02-07T19:26:57+00:00\",\"breadcrumb\":{\"@id\":\"https:\/\/cpcs.ufms.br\/institucional\/localizacao\/#breadcrumb\"},\"inLanguage\":\"en-US\",\"potentialAction\":[{\"@type\":\"ReadAction\",\"target\":[\"https:\/\/cpcs.ufms.br\/institucional\/localizacao\/\"]}]},{\"@type\":\"BreadcrumbList\",\"@id\":\"https:\/\/cpcs.ufms.br\/institucional\/localizacao\/#breadcrumb\",\"itemListElement\":[{\"@type\":\"ListItem\",\"position\":1,\"name\":\"In\u00edcio\",\"item\":\"https:\/\/cpcs.ufms.br\/\"},{\"@type\":\"ListItem\",\"position\":2,\"name\":\"Institucional\",\"item\":\"https:\/\/cpcs.ufms.br\/institucional\/\"},{\"@type\":\"ListItem\",\"position\":3,\"name\":\"Localiza\u00e7\u00e3o\"}]},{\"@type\":\"WebSite\",\"@id\":\"https:\/\/cpcs.ufms.br\/#website\",\"url\":\"https:\/\/cpcs.ufms.br\/\",\"name\":\"Campus de Chapad\u00e3o do Sul\",\"description\":\"Universidade Federal de Mato Grosso do Sul\",\"potentialAction\":[{\"@type\":\"SearchAction\",\"target\":{\"@type\":\"EntryPoint\",\"urlTemplate\":\"https:\/\/cpcs.ufms.br\/?s={search_term_string}\"},\"query-input\":{\"@type\":\"PropertyValueSpecification\",\"valueRequired\":true,\"valueName\":\"search_term_string\"}}],\"inLanguage\":\"en-US\"}]}<\/script>\n<!-- \/ Yoast SEO plugin. -->","yoast_head_json":{"title":"Localiza\u00e7\u00e3o - Campus de Chapad\u00e3o do Sul","robots":{"index":"index","follow":"follow","max-snippet":"max-snippet:-1","max-image-preview":"max-image-preview:large","max-video-preview":"max-video-preview:-1"},"canonical":"https:\/\/cpcs.ufms.br\/institucional\/localizacao\/","og_locale":"en_US","og_type":"article","og_title":"Localiza\u00e7\u00e3o - Campus de Chapad\u00e3o do Sul","og_description":"[wpgmza id=&#8221;1&#8243;] Endere\u00e7o: Universidade Federal de Mato Grosso do Sul C\u00e2mpus de Chapad\u00e3o do Sul Av. Engenheiro Douglas Ribeiro Pantale\u00e3o, CXP 112 Chapad\u00e3o do Sul\/MS CEP 79560-000 Fone (67) 3562-6300&nbsp; e-mail: adm.cpcs@ufms.br&nbsp; e-mail: secad.cpcs@ufms.br&nbsp;","og_url":"https:\/\/cpcs.ufms.br\/institucional\/localizacao\/","og_site_name":"Campus de Chapad\u00e3o do Sul","article_modified_time":"2025-02-07T19:26:57+00:00","twitter_misc":{"Est. reading time":"1 minute"},"schema":{"@context":"https:\/\/schema.org","@graph":[{"@type":"WebPage","@id":"https:\/\/cpcs.ufms.br\/institucional\/localizacao\/","url":"https:\/\/cpcs.ufms.br\/institucional\/localizacao\/","name":"Localiza\u00e7\u00e3o - Campus de Chapad\u00e3o do Sul","isPartOf":{"@id":"https:\/\/cpcs.ufms.br\/#website"},"datePublished":"2012-09-12T13:10:34+00:00","dateModified":"2025-02-07T19:26:57+00:00","breadcrumb":{"@id":"https:\/\/cpcs.ufms.br\/institucional\/localizacao\/#breadcrumb"},"inLanguage":"en-US","potentialAction":[{"@type":"ReadAction","target":["https:\/\/cpcs.ufms.br\/institucional\/localizacao\/"]}]},{"@type":"BreadcrumbList","@id":"https:\/\/cpcs.ufms.br\/institucional\/localizacao\/#breadcrumb","itemListElement":[{"@type":"ListItem","position":1,"name":"In\u00edcio","item":"https:\/\/cpcs.ufms.br\/"},{"@type":"ListItem","position":2,"name":"Institucional","item":"https:\/\/cpcs.ufms.br\/institucional\/"},{"@type":"ListItem","position":3,"name":"Localiza\u00e7\u00e3o"}]},{"@type":"WebSite","@id":"https:\/\/cpcs.ufms.br\/#website","url":"https:\/\/cpcs.ufms.br\/","name":"Campus de Chapad\u00e3o do Sul","description":"Universidade Federal de Mato Grosso do Sul","potentialAction":[{"@type":"SearchAction","target":{"@type":"EntryPoint","urlTemplate":"https:\/\/cpcs.ufms.br\/?s={search_term_string}"},"query-input":{"@type":"PropertyValueSpecification","valueRequired":true,"valueName":"search_term_string"}}],"inLanguage":"en-US"}]}},"_links":{"self":[{"href":"https:\/\/cpcs.ufms.br\/en\/wp-json\/wp\/v2\/pages\/39","targetHints":{"allow":["GET"]}}],"collection":[{"href":"https:\/\/cpcs.ufms.br\/en\/wp-json\/wp\/v2\/pages"}],"about":[{"href":"https:\/\/cpcs.ufms.br\/en\/wp-json\/wp\/v2\/types\/page"}],"author":[{"embeddable":true,"href":"https:\/\/cpcs.ufms.br\/en\/wp-json\/wp\/v2\/users\/106"}],"replies":[{"embeddable":true,"href":"https:\/\/cpcs.ufms.br\/en\/wp-json\/wp\/v2\/comments?post=39"}],"version-history":[{"count":11,"href":"https:\/\/cpcs.ufms.br\/en\/wp-json\/wp\/v2\/pages\/39\/revisions"}],"predecessor-version":[{"id":10992,"href":"https:\/\/cpcs.ufms.br\/en\/wp-json\/wp\/v2\/pages\/39\/revisions\/10992"}],"up":[{"embeddable":true,"href":"https:\/\/cpcs.ufms.br\/en\/wp-json\/wp\/v2\/pages\/35"}],"wp:attachment":[{"href":"https:\/\/cpcs.ufms.br\/en\/wp-json\/wp\/v2\/media?parent=39"}],"wp:term":[{"taxonomy":"author","embeddable":true,"href":"https:\/\/cpcs.ufms.br\/en\/wp-json\/wp\/v2\/coauthors?post=39"}],"curies":[{"name":"wp","href":"https:\/\/api.w.org\/{rel}","templated":true}]}}