{"id":385,"date":"2012-10-10T09:04:01","date_gmt":"2012-10-10T13:04:01","guid":{"rendered":"http:\/\/cpcs.draconis.ufms.br\/?page_id=385"},"modified":"2012-10-10T09:04:01","modified_gmt":"2012-10-10T13:04:01","slug":"publicacoes-fertbio-2012","status":"publish","type":"page","link":"https:\/\/cpcs.ufms.br\/en\/grupo-pet-agronomiaengenharia-florestal\/publicacoes\/publicacoes-fertbio-2012\/","title":{"rendered":"Publica\u00e7\u00f5es FERTBIO 2012"},"content":{"rendered":"<p><a href=\"http:\/\/cpcs.draconis.ufms.br\/files\/2012\/10\/AguinaldoFertBio20121.pdf\">Doses de Nitrog\u00eanio Aplicado em Cobertura na Cultura do Algodoeiro<\/a><\/p>\n<p><a href=\"http:\/\/cpcs.draconis.ufms.br\/files\/2012\/10\/congresso.pdf\">Distribui\u00e7\u00e3o e variabilidade Espacial de Enxofre Sob Diferentes Manejos da Aduba\u00e7\u00e3o<\/a><\/p>\n<p><a href=\"http:\/\/cpcs.draconis.ufms.br\/files\/2012\/10\/FERTBIO-1164.pdf\">Variabilidade Espacial do Teor de C\u00e1lcio em Fun\u00e7\u00e3o da Aplica\u00e7\u00e3o de Calc\u00e1rio em Taxa Fixa ou Vari\u00e1vel<\/a><\/p>\n<p><a href=\"http:\/\/cpcs.draconis.ufms.br\/files\/2012\/10\/FERTBIO-1905.pdf\"> Estoques de Carbono e Nitrog\u00eanio Total em Diferentes Sistemas de Uso do Solo<\/a><\/p>\n<p><a href=\"http:\/\/cpcs.draconis.ufms.br\/files\/2012\/10\/karla-fertbio11.pdf\">Variabilidade espacial do f\u00f3sforo sob diferentes manejos de fertilidade.<\/a><\/p>\n<p><a href=\"http:\/\/cpcs.draconis.ufms.br\/files\/2012\/10\/KNS.pdf\">Distribui\u00e7\u00e3o e Variabilidade espacial dos teores de satura\u00e7\u00e3o de bases no solo manejados com taxa fixa e vari\u00e1vel. <\/a><\/p>\n<p>&nbsp;<\/p>\n","protected":false},"excerpt":{"rendered":"<p>Doses de Nitrog\u00eanio Aplicado em Cobertura na Cultura do Algodoeiro Distribui\u00e7\u00e3o e variabilidade Espacial de Enxofre Sob Diferentes Manejos da Aduba\u00e7\u00e3o Variabilidade Espacial do Teor de C\u00e1lcio em Fun\u00e7\u00e3o da Aplica\u00e7\u00e3o de Calc\u00e1rio em Taxa Fixa ou Vari\u00e1vel Estoques de Carbono e Nitrog\u00eanio Total em Diferentes Sistemas de Uso do Solo Variabilidade espacial do f\u00f3sforo [&hellip;]<\/p>\n","protected":false},"author":106,"featured_media":0,"parent":345,"menu_order":0,"comment_status":"closed","ping_status":"open","template":"","meta":{"ngg_post_thumbnail":0,"footnotes":""},"coauthors":[],"class_list":["post-385","page","type-page","status-publish","hentry"],"yoast_head":"<!-- This site is optimized with the Yoast SEO plugin v26.2 - https:\/\/yoast.com\/wordpress\/plugins\/seo\/ -->\n<title>Publica\u00e7\u00f5es FERTBIO 2012 - Campus de Chapad\u00e3o do Sul<\/title>\n<meta name=\"robots\" content=\"index, follow, max-snippet:-1, max-image-preview:large, max-video-preview:-1\" \/>\n<link rel=\"canonical\" href=\"https:\/\/cpcs.ufms.br\/grupo-pet-agronomiaengenharia-florestal\/publicacoes\/publicacoes-fertbio-2012\/\" \/>\n<meta property=\"og:locale\" content=\"en_US\" \/>\n<meta property=\"og:type\" content=\"article\" \/>\n<meta property=\"og:title\" content=\"Publica\u00e7\u00f5es FERTBIO 2012 - Campus de Chapad\u00e3o do Sul\" \/>\n<meta property=\"og:description\" content=\"Doses de Nitrog\u00eanio Aplicado em Cobertura na Cultura do Algodoeiro Distribui\u00e7\u00e3o e variabilidade Espacial de Enxofre Sob Diferentes Manejos da Aduba\u00e7\u00e3o Variabilidade Espacial do Teor de C\u00e1lcio em Fun\u00e7\u00e3o da Aplica\u00e7\u00e3o de Calc\u00e1rio em Taxa Fixa ou Vari\u00e1vel Estoques de Carbono e Nitrog\u00eanio Total em Diferentes Sistemas de Uso do Solo Variabilidade espacial do f\u00f3sforo [&hellip;]\" \/>\n<meta property=\"og:url\" content=\"https:\/\/cpcs.ufms.br\/grupo-pet-agronomiaengenharia-florestal\/publicacoes\/publicacoes-fertbio-2012\/\" \/>\n<meta property=\"og:site_name\" content=\"Campus de Chapad\u00e3o do Sul\" \/>\n<script type=\"application\/ld+json\" class=\"yoast-schema-graph\">{\"@context\":\"https:\/\/schema.org\",\"@graph\":[{\"@type\":\"WebPage\",\"@id\":\"https:\/\/cpcs.ufms.br\/grupo-pet-agronomiaengenharia-florestal\/publicacoes\/publicacoes-fertbio-2012\/\",\"url\":\"https:\/\/cpcs.ufms.br\/grupo-pet-agronomiaengenharia-florestal\/publicacoes\/publicacoes-fertbio-2012\/\",\"name\":\"Publica\u00e7\u00f5es FERTBIO 2012 - Campus de Chapad\u00e3o do Sul\",\"isPartOf\":{\"@id\":\"https:\/\/cpcs.ufms.br\/#website\"},\"datePublished\":\"2012-10-10T13:04:01+00:00\",\"breadcrumb\":{\"@id\":\"https:\/\/cpcs.ufms.br\/grupo-pet-agronomiaengenharia-florestal\/publicacoes\/publicacoes-fertbio-2012\/#breadcrumb\"},\"inLanguage\":\"en-US\",\"potentialAction\":[{\"@type\":\"ReadAction\",\"target\":[\"https:\/\/cpcs.ufms.br\/grupo-pet-agronomiaengenharia-florestal\/publicacoes\/publicacoes-fertbio-2012\/\"]}]},{\"@type\":\"BreadcrumbList\",\"@id\":\"https:\/\/cpcs.ufms.br\/grupo-pet-agronomiaengenharia-florestal\/publicacoes\/publicacoes-fertbio-2012\/#breadcrumb\",\"itemListElement\":[{\"@type\":\"ListItem\",\"position\":1,\"name\":\"In\u00edcio\",\"item\":\"https:\/\/cpcs.ufms.br\/\"},{\"@type\":\"ListItem\",\"position\":2,\"name\":\"Grupo PET Agronomia\/Engenharia Florestal\",\"item\":\"https:\/\/cpcs.ufms.br\/grupo-pet-agronomiaengenharia-florestal\/\"},{\"@type\":\"ListItem\",\"position\":3,\"name\":\"Publica\u00e7\u00f5es\",\"item\":\"https:\/\/cpcs.ufms.br\/grupo-pet-agronomiaengenharia-florestal\/publicacoes\/\"},{\"@type\":\"ListItem\",\"position\":4,\"name\":\"Publica\u00e7\u00f5es FERTBIO 2012\"}]},{\"@type\":\"WebSite\",\"@id\":\"https:\/\/cpcs.ufms.br\/#website\",\"url\":\"https:\/\/cpcs.ufms.br\/\",\"name\":\"Campus de Chapad\u00e3o do Sul\",\"description\":\"Universidade Federal de Mato Grosso do Sul\",\"potentialAction\":[{\"@type\":\"SearchAction\",\"target\":{\"@type\":\"EntryPoint\",\"urlTemplate\":\"https:\/\/cpcs.ufms.br\/?s={search_term_string}\"},\"query-input\":{\"@type\":\"PropertyValueSpecification\",\"valueRequired\":true,\"valueName\":\"search_term_string\"}}],\"inLanguage\":\"en-US\"}]}<\/script>\n<!-- \/ Yoast SEO plugin. -->","yoast_head_json":{"title":"Publica\u00e7\u00f5es FERTBIO 2012 - Campus de Chapad\u00e3o do Sul","robots":{"index":"index","follow":"follow","max-snippet":"max-snippet:-1","max-image-preview":"max-image-preview:large","max-video-preview":"max-video-preview:-1"},"canonical":"https:\/\/cpcs.ufms.br\/grupo-pet-agronomiaengenharia-florestal\/publicacoes\/publicacoes-fertbio-2012\/","og_locale":"en_US","og_type":"article","og_title":"Publica\u00e7\u00f5es FERTBIO 2012 - Campus de Chapad\u00e3o do Sul","og_description":"Doses de Nitrog\u00eanio Aplicado em Cobertura na Cultura do Algodoeiro Distribui\u00e7\u00e3o e variabilidade Espacial de Enxofre Sob Diferentes Manejos da Aduba\u00e7\u00e3o Variabilidade Espacial do Teor de C\u00e1lcio em Fun\u00e7\u00e3o da Aplica\u00e7\u00e3o de Calc\u00e1rio em Taxa Fixa ou Vari\u00e1vel Estoques de Carbono e Nitrog\u00eanio Total em Diferentes Sistemas de Uso do Solo Variabilidade espacial do f\u00f3sforo [&hellip;]","og_url":"https:\/\/cpcs.ufms.br\/grupo-pet-agronomiaengenharia-florestal\/publicacoes\/publicacoes-fertbio-2012\/","og_site_name":"Campus de Chapad\u00e3o do Sul","schema":{"@context":"https:\/\/schema.org","@graph":[{"@type":"WebPage","@id":"https:\/\/cpcs.ufms.br\/grupo-pet-agronomiaengenharia-florestal\/publicacoes\/publicacoes-fertbio-2012\/","url":"https:\/\/cpcs.ufms.br\/grupo-pet-agronomiaengenharia-florestal\/publicacoes\/publicacoes-fertbio-2012\/","name":"Publica\u00e7\u00f5es FERTBIO 2012 - Campus de Chapad\u00e3o do Sul","isPartOf":{"@id":"https:\/\/cpcs.ufms.br\/#website"},"datePublished":"2012-10-10T13:04:01+00:00","breadcrumb":{"@id":"https:\/\/cpcs.ufms.br\/grupo-pet-agronomiaengenharia-florestal\/publicacoes\/publicacoes-fertbio-2012\/#breadcrumb"},"inLanguage":"en-US","potentialAction":[{"@type":"ReadAction","target":["https:\/\/cpcs.ufms.br\/grupo-pet-agronomiaengenharia-florestal\/publicacoes\/publicacoes-fertbio-2012\/"]}]},{"@type":"BreadcrumbList","@id":"https:\/\/cpcs.ufms.br\/grupo-pet-agronomiaengenharia-florestal\/publicacoes\/publicacoes-fertbio-2012\/#breadcrumb","itemListElement":[{"@type":"ListItem","position":1,"name":"In\u00edcio","item":"https:\/\/cpcs.ufms.br\/"},{"@type":"ListItem","position":2,"name":"Grupo PET Agronomia\/Engenharia Florestal","item":"https:\/\/cpcs.ufms.br\/grupo-pet-agronomiaengenharia-florestal\/"},{"@type":"ListItem","position":3,"name":"Publica\u00e7\u00f5es","item":"https:\/\/cpcs.ufms.br\/grupo-pet-agronomiaengenharia-florestal\/publicacoes\/"},{"@type":"ListItem","position":4,"name":"Publica\u00e7\u00f5es FERTBIO 2012"}]},{"@type":"WebSite","@id":"https:\/\/cpcs.ufms.br\/#website","url":"https:\/\/cpcs.ufms.br\/","name":"Campus de Chapad\u00e3o do Sul","description":"Universidade Federal de Mato Grosso do Sul","potentialAction":[{"@type":"SearchAction","target":{"@type":"EntryPoint","urlTemplate":"https:\/\/cpcs.ufms.br\/?s={search_term_string}"},"query-input":{"@type":"PropertyValueSpecification","valueRequired":true,"valueName":"search_term_string"}}],"inLanguage":"en-US"}]}},"_links":{"self":[{"href":"https:\/\/cpcs.ufms.br\/en\/wp-json\/wp\/v2\/pages\/385","targetHints":{"allow":["GET"]}}],"collection":[{"href":"https:\/\/cpcs.ufms.br\/en\/wp-json\/wp\/v2\/pages"}],"about":[{"href":"https:\/\/cpcs.ufms.br\/en\/wp-json\/wp\/v2\/types\/page"}],"author":[{"embeddable":true,"href":"https:\/\/cpcs.ufms.br\/en\/wp-json\/wp\/v2\/users\/106"}],"replies":[{"embeddable":true,"href":"https:\/\/cpcs.ufms.br\/en\/wp-json\/wp\/v2\/comments?post=385"}],"version-history":[{"count":1,"href":"https:\/\/cpcs.ufms.br\/en\/wp-json\/wp\/v2\/pages\/385\/revisions"}],"predecessor-version":[{"id":392,"href":"https:\/\/cpcs.ufms.br\/en\/wp-json\/wp\/v2\/pages\/385\/revisions\/392"}],"up":[{"embeddable":true,"href":"https:\/\/cpcs.ufms.br\/en\/wp-json\/wp\/v2\/pages\/345"}],"wp:attachment":[{"href":"https:\/\/cpcs.ufms.br\/en\/wp-json\/wp\/v2\/media?parent=385"}],"wp:term":[{"taxonomy":"author","embeddable":true,"href":"https:\/\/cpcs.ufms.br\/en\/wp-json\/wp\/v2\/coauthors?post=385"}],"curies":[{"name":"wp","href":"https:\/\/api.w.org\/{rel}","templated":true}]}}