{"id":3843,"date":"2018-04-26T15:47:30","date_gmt":"2018-04-26T19:47:30","guid":{"rendered":"https:\/\/cpcs.ufms.br\/?page_id=3843"},"modified":"2022-06-13T20:13:16","modified_gmt":"2022-06-14T00:13:16","slug":"rafael-felippe-ratke","status":"publish","type":"page","link":"https:\/\/cpcs.ufms.br\/en\/docentes\/agronomia\/rafael-felippe-ratke\/","title":{"rendered":"Rafael Felippe Ratke"},"content":{"rendered":"<p><a href=\"https:\/\/cpcs.ufms.br\/files\/2018\/04\/foto-3x4-correto2.jpg\"><img fetchpriority=\"high\" decoding=\"async\" class=\"aligncenter size-medium wp-image-3844\" src=\"https:\/\/cpcs.ufms.br\/files\/2018\/04\/foto-3x4-correto2-300x280.jpg\" alt=\"\" width=\"300\" height=\"280\" srcset=\"https:\/\/cpcs.ufms.br\/files\/2018\/04\/foto-3x4-correto2-300x280.jpg 300w, https:\/\/cpcs.ufms.br\/files\/2018\/04\/foto-3x4-correto2-343x320.jpg 343w, https:\/\/cpcs.ufms.br\/files\/2018\/04\/foto-3x4-correto2.jpg 500w\" sizes=\"(max-width: 300px) 100vw, 300px\" \/><\/a><\/p>\n<table style=\"width: 100%;height: 72px\" border=\"0\" width=\"100%\" cellpadding=\"0\">\n<tbody>\n<tr style=\"height: 24px\">\n<td style=\"height: 24px\" width=\"17%\"><strong>Doutorado<\/strong><\/td>\n<td style=\"height: 24px\" width=\"80%\">Agronomia \u2013 Solo e \u00c1gua, UFG \u2013 2011.<\/td>\n<\/tr>\n<tr style=\"height: 24px\">\n<td style=\"height: 24px\" width=\"17%\"><strong>Mestrado<\/strong><\/td>\n<td style=\"height: 24px\" width=\"80%\">Agronomia \u2013 Produ\u00e7\u00e3o Vegetal, UFG \u2013 2008.<\/td>\n<\/tr>\n<tr style=\"height: 24px\">\n<td style=\"height: 24px\" width=\"17%\"><strong>Gradua\u00e7\u00e3o<\/strong><\/td>\n<td style=\"height: 24px\" width=\"80%\">Engenharia Agronomica, UniRV \u2013 2003.<\/td>\n<\/tr>\n<\/tbody>\n<\/table>\n<p>&nbsp;<\/p>\n<p><strong>\u00c1reas e Linhas de Pesquisa:<\/strong><\/p>\n<ul>\n<li>Adubos e aduba\u00e7\u00e3o<\/li>\n<li>Manejo da fertilidade do solo<\/li>\n<li>Sistemas integrados de produ\u00e7\u00e3o<\/li>\n<\/ul>\n<p>&nbsp;<\/p>\n<p><strong>E-mail:<\/strong> rafael.ratke@ufms.br<a href=\"mailto:.leal@ufms.br\"><br \/>\n<\/a><\/p>\n<p><strong>Telefone:<\/strong>&nbsp;(67) 3562-6345<\/p>\n<p>&nbsp;<\/p>\n<p style=\"text-align: center\"><a href=\"http:\/\/lattes.cnpq.br\/6551950802877618\" target=\"_blank\" rel=\"noopener noreferrer\">(Curr\u00edculo &#8211; Plataforma Lattes)<\/a><\/p>\n<p>&nbsp;<\/p>\n","protected":false},"excerpt":{"rendered":"<p>Doutorado Agronomia \u2013 Solo e \u00c1gua, UFG \u2013 2011. Mestrado Agronomia \u2013 Produ\u00e7\u00e3o Vegetal, UFG \u2013 2008. Gradua\u00e7\u00e3o Engenharia Agronomica, UniRV \u2013 2003. &nbsp; \u00c1reas e Linhas de Pesquisa: Adubos e aduba\u00e7\u00e3o Manejo da fertilidade do solo Sistemas integrados de produ\u00e7\u00e3o &nbsp; E-mail: rafael.ratke@ufms.br Telefone:&nbsp;(67) 3562-6345 &nbsp; (Curr\u00edculo &#8211; Plataforma Lattes) &nbsp;<\/p>\n","protected":false},"author":26815,"featured_media":0,"parent":6952,"menu_order":0,"comment_status":"closed","ping_status":"closed","template":"","meta":{"ngg_post_thumbnail":0,"footnotes":""},"coauthors":[35],"class_list":["post-3843","page","type-page","status-publish","hentry"],"yoast_head":"<!-- This site is optimized with the Yoast SEO plugin v26.2 - https:\/\/yoast.com\/wordpress\/plugins\/seo\/ -->\n<title>Rafael Felippe Ratke - Campus de Chapad\u00e3o do Sul<\/title>\n<meta name=\"robots\" content=\"index, follow, max-snippet:-1, max-image-preview:large, max-video-preview:-1\" \/>\n<link rel=\"canonical\" href=\"https:\/\/cpcs.ufms.br\/docentes\/agronomia\/rafael-felippe-ratke\/\" \/>\n<meta property=\"og:locale\" content=\"en_US\" \/>\n<meta property=\"og:type\" content=\"article\" \/>\n<meta property=\"og:title\" content=\"Rafael Felippe Ratke - Campus de Chapad\u00e3o do Sul\" \/>\n<meta property=\"og:description\" content=\"Doutorado Agronomia \u2013 Solo e \u00c1gua, UFG \u2013 2011. Mestrado Agronomia \u2013 Produ\u00e7\u00e3o Vegetal, UFG \u2013 2008. Gradua\u00e7\u00e3o Engenharia Agronomica, UniRV \u2013 2003. &nbsp; \u00c1reas e Linhas de Pesquisa: Adubos e aduba\u00e7\u00e3o Manejo da fertilidade do solo Sistemas integrados de produ\u00e7\u00e3o &nbsp; E-mail: rafael.ratke@ufms.br Telefone:&nbsp;(67) 3562-6345 &nbsp; (Curr\u00edculo &#8211; Plataforma Lattes) &nbsp;\" \/>\n<meta property=\"og:url\" content=\"https:\/\/cpcs.ufms.br\/docentes\/agronomia\/rafael-felippe-ratke\/\" \/>\n<meta property=\"og:site_name\" content=\"Campus de Chapad\u00e3o do Sul\" \/>\n<meta property=\"article:modified_time\" content=\"2022-06-14T00:13:16+00:00\" \/>\n<meta property=\"og:image\" content=\"https:\/\/cpcs.ufms.br\/files\/2018\/04\/foto-3x4-correto2-300x280.jpg\" \/>\n<meta name=\"twitter:label1\" content=\"Est. reading time\" \/>\n\t<meta name=\"twitter:data1\" content=\"1 minute\" \/>\n\t<meta name=\"twitter:label2\" content=\"Written by\" \/>\n\t<meta name=\"twitter:data2\" content=\"Augusto Cesar de Aquino Ribas\" \/>\n<script type=\"application\/ld+json\" class=\"yoast-schema-graph\">{\"@context\":\"https:\/\/schema.org\",\"@graph\":[{\"@type\":\"WebPage\",\"@id\":\"https:\/\/cpcs.ufms.br\/docentes\/agronomia\/rafael-felippe-ratke\/\",\"url\":\"https:\/\/cpcs.ufms.br\/docentes\/agronomia\/rafael-felippe-ratke\/\",\"name\":\"Rafael Felippe Ratke - Campus de Chapad\u00e3o do Sul\",\"isPartOf\":{\"@id\":\"https:\/\/cpcs.ufms.br\/#website\"},\"primaryImageOfPage\":{\"@id\":\"https:\/\/cpcs.ufms.br\/docentes\/agronomia\/rafael-felippe-ratke\/#primaryimage\"},\"image\":{\"@id\":\"https:\/\/cpcs.ufms.br\/docentes\/agronomia\/rafael-felippe-ratke\/#primaryimage\"},\"thumbnailUrl\":\"https:\/\/cpcs.ufms.br\/files\/2018\/04\/foto-3x4-correto2-300x280.jpg\",\"datePublished\":\"2018-04-26T19:47:30+00:00\",\"dateModified\":\"2022-06-14T00:13:16+00:00\",\"breadcrumb\":{\"@id\":\"https:\/\/cpcs.ufms.br\/docentes\/agronomia\/rafael-felippe-ratke\/#breadcrumb\"},\"inLanguage\":\"en-US\",\"potentialAction\":[{\"@type\":\"ReadAction\",\"target\":[\"https:\/\/cpcs.ufms.br\/docentes\/agronomia\/rafael-felippe-ratke\/\"]}]},{\"@type\":\"ImageObject\",\"inLanguage\":\"en-US\",\"@id\":\"https:\/\/cpcs.ufms.br\/docentes\/agronomia\/rafael-felippe-ratke\/#primaryimage\",\"url\":\"https:\/\/cpcs.ufms.br\/files\/2018\/04\/foto-3x4-correto2-300x280.jpg\",\"contentUrl\":\"https:\/\/cpcs.ufms.br\/files\/2018\/04\/foto-3x4-correto2-300x280.jpg\"},{\"@type\":\"BreadcrumbList\",\"@id\":\"https:\/\/cpcs.ufms.br\/docentes\/agronomia\/rafael-felippe-ratke\/#breadcrumb\",\"itemListElement\":[{\"@type\":\"ListItem\",\"position\":1,\"name\":\"In\u00edcio\",\"item\":\"https:\/\/cpcs.ufms.br\/\"},{\"@type\":\"ListItem\",\"position\":2,\"name\":\"Docentes\",\"item\":\"https:\/\/cpcs.ufms.br\/docentes\/\"},{\"@type\":\"ListItem\",\"position\":3,\"name\":\"Agronomia\",\"item\":\"https:\/\/cpcs.ufms.br\/docentes\/agronomia\/\"},{\"@type\":\"ListItem\",\"position\":4,\"name\":\"Rafael Felippe Ratke\"}]},{\"@type\":\"WebSite\",\"@id\":\"https:\/\/cpcs.ufms.br\/#website\",\"url\":\"https:\/\/cpcs.ufms.br\/\",\"name\":\"Campus de Chapad\u00e3o do Sul\",\"description\":\"Universidade Federal de Mato Grosso do Sul\",\"potentialAction\":[{\"@type\":\"SearchAction\",\"target\":{\"@type\":\"EntryPoint\",\"urlTemplate\":\"https:\/\/cpcs.ufms.br\/?s={search_term_string}\"},\"query-input\":{\"@type\":\"PropertyValueSpecification\",\"valueRequired\":true,\"valueName\":\"search_term_string\"}}],\"inLanguage\":\"en-US\"}]}<\/script>\n<!-- \/ Yoast SEO plugin. -->","yoast_head_json":{"title":"Rafael Felippe Ratke - Campus de Chapad\u00e3o do Sul","robots":{"index":"index","follow":"follow","max-snippet":"max-snippet:-1","max-image-preview":"max-image-preview:large","max-video-preview":"max-video-preview:-1"},"canonical":"https:\/\/cpcs.ufms.br\/docentes\/agronomia\/rafael-felippe-ratke\/","og_locale":"en_US","og_type":"article","og_title":"Rafael Felippe Ratke - Campus de Chapad\u00e3o do Sul","og_description":"Doutorado Agronomia \u2013 Solo e \u00c1gua, UFG \u2013 2011. Mestrado Agronomia \u2013 Produ\u00e7\u00e3o Vegetal, UFG \u2013 2008. Gradua\u00e7\u00e3o Engenharia Agronomica, UniRV \u2013 2003. &nbsp; \u00c1reas e Linhas de Pesquisa: Adubos e aduba\u00e7\u00e3o Manejo da fertilidade do solo Sistemas integrados de produ\u00e7\u00e3o &nbsp; E-mail: rafael.ratke@ufms.br Telefone:&nbsp;(67) 3562-6345 &nbsp; (Curr\u00edculo &#8211; Plataforma Lattes) &nbsp;","og_url":"https:\/\/cpcs.ufms.br\/docentes\/agronomia\/rafael-felippe-ratke\/","og_site_name":"Campus de Chapad\u00e3o do Sul","article_modified_time":"2022-06-14T00:13:16+00:00","og_image":[{"url":"https:\/\/cpcs.ufms.br\/files\/2018\/04\/foto-3x4-correto2-300x280.jpg","type":"","width":"","height":""}],"twitter_misc":{"Est. reading time":"1 minute","Written by":"Augusto Cesar de Aquino Ribas"},"schema":{"@context":"https:\/\/schema.org","@graph":[{"@type":"WebPage","@id":"https:\/\/cpcs.ufms.br\/docentes\/agronomia\/rafael-felippe-ratke\/","url":"https:\/\/cpcs.ufms.br\/docentes\/agronomia\/rafael-felippe-ratke\/","name":"Rafael Felippe Ratke - Campus de Chapad\u00e3o do Sul","isPartOf":{"@id":"https:\/\/cpcs.ufms.br\/#website"},"primaryImageOfPage":{"@id":"https:\/\/cpcs.ufms.br\/docentes\/agronomia\/rafael-felippe-ratke\/#primaryimage"},"image":{"@id":"https:\/\/cpcs.ufms.br\/docentes\/agronomia\/rafael-felippe-ratke\/#primaryimage"},"thumbnailUrl":"https:\/\/cpcs.ufms.br\/files\/2018\/04\/foto-3x4-correto2-300x280.jpg","datePublished":"2018-04-26T19:47:30+00:00","dateModified":"2022-06-14T00:13:16+00:00","breadcrumb":{"@id":"https:\/\/cpcs.ufms.br\/docentes\/agronomia\/rafael-felippe-ratke\/#breadcrumb"},"inLanguage":"en-US","potentialAction":[{"@type":"ReadAction","target":["https:\/\/cpcs.ufms.br\/docentes\/agronomia\/rafael-felippe-ratke\/"]}]},{"@type":"ImageObject","inLanguage":"en-US","@id":"https:\/\/cpcs.ufms.br\/docentes\/agronomia\/rafael-felippe-ratke\/#primaryimage","url":"https:\/\/cpcs.ufms.br\/files\/2018\/04\/foto-3x4-correto2-300x280.jpg","contentUrl":"https:\/\/cpcs.ufms.br\/files\/2018\/04\/foto-3x4-correto2-300x280.jpg"},{"@type":"BreadcrumbList","@id":"https:\/\/cpcs.ufms.br\/docentes\/agronomia\/rafael-felippe-ratke\/#breadcrumb","itemListElement":[{"@type":"ListItem","position":1,"name":"In\u00edcio","item":"https:\/\/cpcs.ufms.br\/"},{"@type":"ListItem","position":2,"name":"Docentes","item":"https:\/\/cpcs.ufms.br\/docentes\/"},{"@type":"ListItem","position":3,"name":"Agronomia","item":"https:\/\/cpcs.ufms.br\/docentes\/agronomia\/"},{"@type":"ListItem","position":4,"name":"Rafael Felippe Ratke"}]},{"@type":"WebSite","@id":"https:\/\/cpcs.ufms.br\/#website","url":"https:\/\/cpcs.ufms.br\/","name":"Campus de Chapad\u00e3o do Sul","description":"Universidade Federal de Mato Grosso do Sul","potentialAction":[{"@type":"SearchAction","target":{"@type":"EntryPoint","urlTemplate":"https:\/\/cpcs.ufms.br\/?s={search_term_string}"},"query-input":{"@type":"PropertyValueSpecification","valueRequired":true,"valueName":"search_term_string"}}],"inLanguage":"en-US"}]}},"_links":{"self":[{"href":"https:\/\/cpcs.ufms.br\/en\/wp-json\/wp\/v2\/pages\/3843","targetHints":{"allow":["GET"]}}],"collection":[{"href":"https:\/\/cpcs.ufms.br\/en\/wp-json\/wp\/v2\/pages"}],"about":[{"href":"https:\/\/cpcs.ufms.br\/en\/wp-json\/wp\/v2\/types\/page"}],"author":[{"embeddable":true,"href":"https:\/\/cpcs.ufms.br\/en\/wp-json\/wp\/v2\/users\/26815"}],"replies":[{"embeddable":true,"href":"https:\/\/cpcs.ufms.br\/en\/wp-json\/wp\/v2\/comments?post=3843"}],"version-history":[{"count":7,"href":"https:\/\/cpcs.ufms.br\/en\/wp-json\/wp\/v2\/pages\/3843\/revisions"}],"predecessor-version":[{"id":8219,"href":"https:\/\/cpcs.ufms.br\/en\/wp-json\/wp\/v2\/pages\/3843\/revisions\/8219"}],"up":[{"embeddable":true,"href":"https:\/\/cpcs.ufms.br\/en\/wp-json\/wp\/v2\/pages\/6952"}],"wp:attachment":[{"href":"https:\/\/cpcs.ufms.br\/en\/wp-json\/wp\/v2\/media?parent=3843"}],"wp:term":[{"taxonomy":"author","embeddable":true,"href":"https:\/\/cpcs.ufms.br\/en\/wp-json\/wp\/v2\/coauthors?post=3843"}],"curies":[{"name":"wp","href":"https:\/\/api.w.org\/{rel}","templated":true}]}}