{"id":3482,"date":"2018-01-24T13:35:43","date_gmt":"2018-01-24T17:35:43","guid":{"rendered":"https:\/\/cpcs.ufms.br\/?page_id=3482"},"modified":"2022-06-13T20:48:22","modified_gmt":"2022-06-14T00:48:22","slug":"alessandro-silva-de-oliveira","status":"publish","type":"page","link":"https:\/\/cpcs.ufms.br\/en\/docentes\/administracao\/alessandro-silva-de-oliveira\/","title":{"rendered":"Alessandro Silva de Oliveira"},"content":{"rendered":"<p style=\"text-align: center\"><a href=\"https:\/\/cpcs.ufms.br\/files\/2018\/01\/Foto-Alessandro.jpg\"><img fetchpriority=\"high\" decoding=\"async\" class=\"aligncenter wp-image-3483\" src=\"https:\/\/cpcs.ufms.br\/files\/2018\/01\/Foto-Alessandro.jpg\" alt=\"\" width=\"200\" height=\"258\" srcset=\"https:\/\/cpcs.ufms.br\/files\/2018\/01\/Foto-Alessandro.jpg 250w, https:\/\/cpcs.ufms.br\/files\/2018\/01\/Foto-Alessandro-233x300.jpg 233w, https:\/\/cpcs.ufms.br\/files\/2018\/01\/Foto-Alessandro-248x320.jpg 248w\" sizes=\"(max-width: 200px) 100vw, 200px\" \/><\/a><\/p>\n<p>&nbsp;<\/p>\n<table border=\"0\" width=\"100%\" cellpadding=\"0\">\n<tbody>\n<tr>\n<td width=\"17%\"><strong>Doutorado<\/strong><\/td>\n<td width=\"80%\">Doutor em Ci\u00eancias da Administra\u00e7\u00e3o, UNINOVE &#8211; SP &#8211; 2016.<\/td>\n<\/tr>\n<tr>\n<td width=\"17%\"><strong>Mestrado<\/strong><\/td>\n<td width=\"80%\">Mestre em&nbsp;&nbsp;Ci\u00eancias da Administra\u00e7\u00e3o, UFLA &#8211; MG &#8211; 2010.<\/td>\n<\/tr>\n<tr>\n<td width=\"17%\"><strong>Gradua\u00e7\u00e3o<\/strong><\/td>\n<td width=\"80%\">Bacharelado em Administra\u00e7\u00e3o de Empresas, IPG, Lavras &#8211; MG &#8211; 2002.<\/td>\n<\/tr>\n<\/tbody>\n<\/table>\n<p><strong>\u00c1reas e Linhas de Pesquisa:<\/strong><\/p>\n<ul>\n<li>Comportamento do Consumidor.<\/li>\n<li>Pesquisa de Mercado.<\/li>\n<li>Psicometria Comportamental.<\/li>\n<li>Marketing de Servi\u00e7os.<\/li>\n<\/ul>\n<p>&nbsp;<\/p>\n<p><strong>E-mail:<\/strong>&nbsp; alessandro.oliveira@ufms.br<\/p>\n<p><strong>Telefone:<\/strong>&nbsp;(67) 3562-6310<\/p>\n<p style=\"text-align: center\"><a href=\"http:\/\/lattes.cnpq.br\/4743590121592141\" target=\"_blank\" rel=\"noopener noreferrer\">(Curr\u00edculo &#8211; Plataforma Lattes)<\/a><\/p>\n","protected":false},"excerpt":{"rendered":"<p>&nbsp; Doutorado Doutor em Ci\u00eancias da Administra\u00e7\u00e3o, UNINOVE &#8211; SP &#8211; 2016. Mestrado Mestre em&nbsp;&nbsp;Ci\u00eancias da Administra\u00e7\u00e3o, UFLA &#8211; MG &#8211; 2010. Gradua\u00e7\u00e3o Bacharelado em Administra\u00e7\u00e3o de Empresas, IPG, Lavras &#8211; MG &#8211; 2002. \u00c1reas e Linhas de Pesquisa: Comportamento do Consumidor. Pesquisa de Mercado. Psicometria Comportamental. Marketing de Servi\u00e7os. &nbsp; E-mail:&nbsp; alessandro.oliveira@ufms.br Telefone:&nbsp;(67) 3562-6310 [&hellip;]<\/p>\n","protected":false},"author":3221,"featured_media":0,"parent":82,"menu_order":0,"comment_status":"closed","ping_status":"closed","template":"","meta":{"ngg_post_thumbnail":0,"footnotes":""},"coauthors":[32],"class_list":["post-3482","page","type-page","status-publish","hentry"],"yoast_head":"<!-- This site is optimized with the Yoast SEO plugin v26.2 - https:\/\/yoast.com\/wordpress\/plugins\/seo\/ -->\n<title>Alessandro Silva de Oliveira - Campus de Chapad\u00e3o do Sul<\/title>\n<meta name=\"robots\" content=\"index, follow, max-snippet:-1, max-image-preview:large, max-video-preview:-1\" \/>\n<link rel=\"canonical\" href=\"https:\/\/cpcs.ufms.br\/docentes\/administracao\/alessandro-silva-de-oliveira\/\" \/>\n<meta property=\"og:locale\" content=\"en_US\" \/>\n<meta property=\"og:type\" content=\"article\" \/>\n<meta property=\"og:title\" content=\"Alessandro Silva de Oliveira - Campus de Chapad\u00e3o do Sul\" \/>\n<meta property=\"og:description\" content=\"&nbsp; Doutorado Doutor em Ci\u00eancias da Administra\u00e7\u00e3o, UNINOVE &#8211; SP &#8211; 2016. Mestrado Mestre em&nbsp;&nbsp;Ci\u00eancias da Administra\u00e7\u00e3o, UFLA &#8211; MG &#8211; 2010. Gradua\u00e7\u00e3o Bacharelado em Administra\u00e7\u00e3o de Empresas, IPG, Lavras &#8211; MG &#8211; 2002. \u00c1reas e Linhas de Pesquisa: Comportamento do Consumidor. Pesquisa de Mercado. Psicometria Comportamental. Marketing de Servi\u00e7os. &nbsp; E-mail:&nbsp; alessandro.oliveira@ufms.br Telefone:&nbsp;(67) 3562-6310 [&hellip;]\" \/>\n<meta property=\"og:url\" content=\"https:\/\/cpcs.ufms.br\/docentes\/administracao\/alessandro-silva-de-oliveira\/\" \/>\n<meta property=\"og:site_name\" content=\"Campus de Chapad\u00e3o do Sul\" \/>\n<meta property=\"article:modified_time\" content=\"2022-06-14T00:48:22+00:00\" \/>\n<meta property=\"og:image\" content=\"https:\/\/cpcs.ufms.br\/files\/2018\/01\/Foto-Alessandro.jpg\" \/>\n<meta name=\"twitter:label1\" content=\"Est. reading time\" \/>\n\t<meta name=\"twitter:data1\" content=\"1 minute\" \/>\n\t<meta name=\"twitter:label2\" content=\"Written by\" \/>\n\t<meta name=\"twitter:data2\" content=\"Vilela Bezerra\" \/>\n<script type=\"application\/ld+json\" class=\"yoast-schema-graph\">{\"@context\":\"https:\/\/schema.org\",\"@graph\":[{\"@type\":\"WebPage\",\"@id\":\"https:\/\/cpcs.ufms.br\/docentes\/administracao\/alessandro-silva-de-oliveira\/\",\"url\":\"https:\/\/cpcs.ufms.br\/docentes\/administracao\/alessandro-silva-de-oliveira\/\",\"name\":\"Alessandro Silva de Oliveira - Campus de Chapad\u00e3o do Sul\",\"isPartOf\":{\"@id\":\"https:\/\/cpcs.ufms.br\/#website\"},\"primaryImageOfPage\":{\"@id\":\"https:\/\/cpcs.ufms.br\/docentes\/administracao\/alessandro-silva-de-oliveira\/#primaryimage\"},\"image\":{\"@id\":\"https:\/\/cpcs.ufms.br\/docentes\/administracao\/alessandro-silva-de-oliveira\/#primaryimage\"},\"thumbnailUrl\":\"https:\/\/cpcs.ufms.br\/files\/2018\/01\/Foto-Alessandro.jpg\",\"datePublished\":\"2018-01-24T17:35:43+00:00\",\"dateModified\":\"2022-06-14T00:48:22+00:00\",\"breadcrumb\":{\"@id\":\"https:\/\/cpcs.ufms.br\/docentes\/administracao\/alessandro-silva-de-oliveira\/#breadcrumb\"},\"inLanguage\":\"en-US\",\"potentialAction\":[{\"@type\":\"ReadAction\",\"target\":[\"https:\/\/cpcs.ufms.br\/docentes\/administracao\/alessandro-silva-de-oliveira\/\"]}]},{\"@type\":\"ImageObject\",\"inLanguage\":\"en-US\",\"@id\":\"https:\/\/cpcs.ufms.br\/docentes\/administracao\/alessandro-silva-de-oliveira\/#primaryimage\",\"url\":\"https:\/\/cpcs.ufms.br\/files\/2018\/01\/Foto-Alessandro.jpg\",\"contentUrl\":\"https:\/\/cpcs.ufms.br\/files\/2018\/01\/Foto-Alessandro.jpg\"},{\"@type\":\"BreadcrumbList\",\"@id\":\"https:\/\/cpcs.ufms.br\/docentes\/administracao\/alessandro-silva-de-oliveira\/#breadcrumb\",\"itemListElement\":[{\"@type\":\"ListItem\",\"position\":1,\"name\":\"In\u00edcio\",\"item\":\"https:\/\/cpcs.ufms.br\/\"},{\"@type\":\"ListItem\",\"position\":2,\"name\":\"Docentes\",\"item\":\"https:\/\/cpcs.ufms.br\/docentes\/\"},{\"@type\":\"ListItem\",\"position\":3,\"name\":\"Administra\u00e7\u00e3o\",\"item\":\"https:\/\/cpcs.ufms.br\/docentes\/administracao\/\"},{\"@type\":\"ListItem\",\"position\":4,\"name\":\"Alessandro Silva de Oliveira\"}]},{\"@type\":\"WebSite\",\"@id\":\"https:\/\/cpcs.ufms.br\/#website\",\"url\":\"https:\/\/cpcs.ufms.br\/\",\"name\":\"Campus de Chapad\u00e3o do Sul\",\"description\":\"Universidade Federal de Mato Grosso do Sul\",\"potentialAction\":[{\"@type\":\"SearchAction\",\"target\":{\"@type\":\"EntryPoint\",\"urlTemplate\":\"https:\/\/cpcs.ufms.br\/?s={search_term_string}\"},\"query-input\":{\"@type\":\"PropertyValueSpecification\",\"valueRequired\":true,\"valueName\":\"search_term_string\"}}],\"inLanguage\":\"en-US\"}]}<\/script>\n<!-- \/ Yoast SEO plugin. -->","yoast_head_json":{"title":"Alessandro Silva de Oliveira - Campus de Chapad\u00e3o do Sul","robots":{"index":"index","follow":"follow","max-snippet":"max-snippet:-1","max-image-preview":"max-image-preview:large","max-video-preview":"max-video-preview:-1"},"canonical":"https:\/\/cpcs.ufms.br\/docentes\/administracao\/alessandro-silva-de-oliveira\/","og_locale":"en_US","og_type":"article","og_title":"Alessandro Silva de Oliveira - Campus de Chapad\u00e3o do Sul","og_description":"&nbsp; Doutorado Doutor em Ci\u00eancias da Administra\u00e7\u00e3o, UNINOVE &#8211; SP &#8211; 2016. Mestrado Mestre em&nbsp;&nbsp;Ci\u00eancias da Administra\u00e7\u00e3o, UFLA &#8211; MG &#8211; 2010. Gradua\u00e7\u00e3o Bacharelado em Administra\u00e7\u00e3o de Empresas, IPG, Lavras &#8211; MG &#8211; 2002. \u00c1reas e Linhas de Pesquisa: Comportamento do Consumidor. Pesquisa de Mercado. Psicometria Comportamental. Marketing de Servi\u00e7os. &nbsp; E-mail:&nbsp; alessandro.oliveira@ufms.br Telefone:&nbsp;(67) 3562-6310 [&hellip;]","og_url":"https:\/\/cpcs.ufms.br\/docentes\/administracao\/alessandro-silva-de-oliveira\/","og_site_name":"Campus de Chapad\u00e3o do Sul","article_modified_time":"2022-06-14T00:48:22+00:00","og_image":[{"url":"https:\/\/cpcs.ufms.br\/files\/2018\/01\/Foto-Alessandro.jpg","type":"","width":"","height":""}],"twitter_misc":{"Est. reading time":"1 minute","Written by":"Vilela Bezerra"},"schema":{"@context":"https:\/\/schema.org","@graph":[{"@type":"WebPage","@id":"https:\/\/cpcs.ufms.br\/docentes\/administracao\/alessandro-silva-de-oliveira\/","url":"https:\/\/cpcs.ufms.br\/docentes\/administracao\/alessandro-silva-de-oliveira\/","name":"Alessandro Silva de Oliveira - Campus de Chapad\u00e3o do Sul","isPartOf":{"@id":"https:\/\/cpcs.ufms.br\/#website"},"primaryImageOfPage":{"@id":"https:\/\/cpcs.ufms.br\/docentes\/administracao\/alessandro-silva-de-oliveira\/#primaryimage"},"image":{"@id":"https:\/\/cpcs.ufms.br\/docentes\/administracao\/alessandro-silva-de-oliveira\/#primaryimage"},"thumbnailUrl":"https:\/\/cpcs.ufms.br\/files\/2018\/01\/Foto-Alessandro.jpg","datePublished":"2018-01-24T17:35:43+00:00","dateModified":"2022-06-14T00:48:22+00:00","breadcrumb":{"@id":"https:\/\/cpcs.ufms.br\/docentes\/administracao\/alessandro-silva-de-oliveira\/#breadcrumb"},"inLanguage":"en-US","potentialAction":[{"@type":"ReadAction","target":["https:\/\/cpcs.ufms.br\/docentes\/administracao\/alessandro-silva-de-oliveira\/"]}]},{"@type":"ImageObject","inLanguage":"en-US","@id":"https:\/\/cpcs.ufms.br\/docentes\/administracao\/alessandro-silva-de-oliveira\/#primaryimage","url":"https:\/\/cpcs.ufms.br\/files\/2018\/01\/Foto-Alessandro.jpg","contentUrl":"https:\/\/cpcs.ufms.br\/files\/2018\/01\/Foto-Alessandro.jpg"},{"@type":"BreadcrumbList","@id":"https:\/\/cpcs.ufms.br\/docentes\/administracao\/alessandro-silva-de-oliveira\/#breadcrumb","itemListElement":[{"@type":"ListItem","position":1,"name":"In\u00edcio","item":"https:\/\/cpcs.ufms.br\/"},{"@type":"ListItem","position":2,"name":"Docentes","item":"https:\/\/cpcs.ufms.br\/docentes\/"},{"@type":"ListItem","position":3,"name":"Administra\u00e7\u00e3o","item":"https:\/\/cpcs.ufms.br\/docentes\/administracao\/"},{"@type":"ListItem","position":4,"name":"Alessandro Silva de Oliveira"}]},{"@type":"WebSite","@id":"https:\/\/cpcs.ufms.br\/#website","url":"https:\/\/cpcs.ufms.br\/","name":"Campus de Chapad\u00e3o do Sul","description":"Universidade Federal de Mato Grosso do Sul","potentialAction":[{"@type":"SearchAction","target":{"@type":"EntryPoint","urlTemplate":"https:\/\/cpcs.ufms.br\/?s={search_term_string}"},"query-input":{"@type":"PropertyValueSpecification","valueRequired":true,"valueName":"search_term_string"}}],"inLanguage":"en-US"}]}},"_links":{"self":[{"href":"https:\/\/cpcs.ufms.br\/en\/wp-json\/wp\/v2\/pages\/3482","targetHints":{"allow":["GET"]}}],"collection":[{"href":"https:\/\/cpcs.ufms.br\/en\/wp-json\/wp\/v2\/pages"}],"about":[{"href":"https:\/\/cpcs.ufms.br\/en\/wp-json\/wp\/v2\/types\/page"}],"author":[{"embeddable":true,"href":"https:\/\/cpcs.ufms.br\/en\/wp-json\/wp\/v2\/users\/3221"}],"replies":[{"embeddable":true,"href":"https:\/\/cpcs.ufms.br\/en\/wp-json\/wp\/v2\/comments?post=3482"}],"version-history":[{"count":5,"href":"https:\/\/cpcs.ufms.br\/en\/wp-json\/wp\/v2\/pages\/3482\/revisions"}],"predecessor-version":[{"id":8248,"href":"https:\/\/cpcs.ufms.br\/en\/wp-json\/wp\/v2\/pages\/3482\/revisions\/8248"}],"up":[{"embeddable":true,"href":"https:\/\/cpcs.ufms.br\/en\/wp-json\/wp\/v2\/pages\/82"}],"wp:attachment":[{"href":"https:\/\/cpcs.ufms.br\/en\/wp-json\/wp\/v2\/media?parent=3482"}],"wp:term":[{"taxonomy":"author","embeddable":true,"href":"https:\/\/cpcs.ufms.br\/en\/wp-json\/wp\/v2\/coauthors?post=3482"}],"curies":[{"name":"wp","href":"https:\/\/api.w.org\/{rel}","templated":true}]}}