{"id":345,"date":"2012-10-10T08:23:23","date_gmt":"2012-10-10T12:23:23","guid":{"rendered":"http:\/\/cpcs.draconis.ufms.br\/?page_id=345"},"modified":"2012-10-10T09:04:28","modified_gmt":"2012-10-10T13:04:28","slug":"publicacoes","status":"publish","type":"page","link":"https:\/\/cpcs.ufms.br\/en\/grupo-pet-agronomiaengenharia-florestal\/publicacoes\/","title":{"rendered":"Publica\u00e7\u00f5es"},"content":{"rendered":"<p><a href=\"http:\/\/cpcs.draconis.ufms.br\/?page_id=349\">CBCS<\/a><\/p>\n<p><a href=\"http:\/\/cpcs.draconis.ufms.br\/?page_id=364\">ENAPET<\/a><\/p>\n<p><a href=\"http:\/\/cpcs.draconis.ufms.br\/?page_id=385\">FERTBIO 2012<\/a><\/p>\n","protected":false},"excerpt":{"rendered":"<p>CBCS ENAPET FERTBIO 2012<\/p>\n","protected":false},"author":106,"featured_media":0,"parent":307,"menu_order":0,"comment_status":"closed","ping_status":"open","template":"","meta":{"ngg_post_thumbnail":0,"footnotes":""},"coauthors":[],"class_list":["post-345","page","type-page","status-publish","hentry"],"yoast_head":"<!-- This site is optimized with the Yoast SEO plugin v26.2 - https:\/\/yoast.com\/wordpress\/plugins\/seo\/ -->\n<title>Publica\u00e7\u00f5es - Campus de Chapad\u00e3o do Sul<\/title>\n<meta name=\"robots\" content=\"index, follow, max-snippet:-1, max-image-preview:large, max-video-preview:-1\" \/>\n<link rel=\"canonical\" href=\"https:\/\/cpcs.ufms.br\/grupo-pet-agronomiaengenharia-florestal\/publicacoes\/\" \/>\n<meta property=\"og:locale\" content=\"en_US\" \/>\n<meta property=\"og:type\" content=\"article\" \/>\n<meta property=\"og:title\" content=\"Publica\u00e7\u00f5es - Campus de Chapad\u00e3o do Sul\" \/>\n<meta property=\"og:description\" content=\"CBCS ENAPET FERTBIO 2012\" \/>\n<meta property=\"og:url\" content=\"https:\/\/cpcs.ufms.br\/grupo-pet-agronomiaengenharia-florestal\/publicacoes\/\" \/>\n<meta property=\"og:site_name\" content=\"Campus de Chapad\u00e3o do Sul\" \/>\n<meta property=\"article:modified_time\" content=\"2012-10-10T13:04:28+00:00\" \/>\n<script type=\"application\/ld+json\" class=\"yoast-schema-graph\">{\"@context\":\"https:\/\/schema.org\",\"@graph\":[{\"@type\":\"WebPage\",\"@id\":\"https:\/\/cpcs.ufms.br\/grupo-pet-agronomiaengenharia-florestal\/publicacoes\/\",\"url\":\"https:\/\/cpcs.ufms.br\/grupo-pet-agronomiaengenharia-florestal\/publicacoes\/\",\"name\":\"Publica\u00e7\u00f5es - Campus de Chapad\u00e3o do Sul\",\"isPartOf\":{\"@id\":\"https:\/\/cpcs.ufms.br\/#website\"},\"datePublished\":\"2012-10-10T12:23:23+00:00\",\"dateModified\":\"2012-10-10T13:04:28+00:00\",\"breadcrumb\":{\"@id\":\"https:\/\/cpcs.ufms.br\/grupo-pet-agronomiaengenharia-florestal\/publicacoes\/#breadcrumb\"},\"inLanguage\":\"en-US\",\"potentialAction\":[{\"@type\":\"ReadAction\",\"target\":[\"https:\/\/cpcs.ufms.br\/grupo-pet-agronomiaengenharia-florestal\/publicacoes\/\"]}]},{\"@type\":\"BreadcrumbList\",\"@id\":\"https:\/\/cpcs.ufms.br\/grupo-pet-agronomiaengenharia-florestal\/publicacoes\/#breadcrumb\",\"itemListElement\":[{\"@type\":\"ListItem\",\"position\":1,\"name\":\"In\u00edcio\",\"item\":\"https:\/\/cpcs.ufms.br\/\"},{\"@type\":\"ListItem\",\"position\":2,\"name\":\"Grupo PET Agronomia\/Engenharia Florestal\",\"item\":\"https:\/\/cpcs.ufms.br\/grupo-pet-agronomiaengenharia-florestal\/\"},{\"@type\":\"ListItem\",\"position\":3,\"name\":\"Publica\u00e7\u00f5es\"}]},{\"@type\":\"WebSite\",\"@id\":\"https:\/\/cpcs.ufms.br\/#website\",\"url\":\"https:\/\/cpcs.ufms.br\/\",\"name\":\"Campus de Chapad\u00e3o do Sul\",\"description\":\"Universidade Federal de Mato Grosso do Sul\",\"potentialAction\":[{\"@type\":\"SearchAction\",\"target\":{\"@type\":\"EntryPoint\",\"urlTemplate\":\"https:\/\/cpcs.ufms.br\/?s={search_term_string}\"},\"query-input\":{\"@type\":\"PropertyValueSpecification\",\"valueRequired\":true,\"valueName\":\"search_term_string\"}}],\"inLanguage\":\"en-US\"}]}<\/script>\n<!-- \/ Yoast SEO plugin. -->","yoast_head_json":{"title":"Publica\u00e7\u00f5es - Campus de Chapad\u00e3o do Sul","robots":{"index":"index","follow":"follow","max-snippet":"max-snippet:-1","max-image-preview":"max-image-preview:large","max-video-preview":"max-video-preview:-1"},"canonical":"https:\/\/cpcs.ufms.br\/grupo-pet-agronomiaengenharia-florestal\/publicacoes\/","og_locale":"en_US","og_type":"article","og_title":"Publica\u00e7\u00f5es - Campus de Chapad\u00e3o do Sul","og_description":"CBCS ENAPET FERTBIO 2012","og_url":"https:\/\/cpcs.ufms.br\/grupo-pet-agronomiaengenharia-florestal\/publicacoes\/","og_site_name":"Campus de Chapad\u00e3o do Sul","article_modified_time":"2012-10-10T13:04:28+00:00","schema":{"@context":"https:\/\/schema.org","@graph":[{"@type":"WebPage","@id":"https:\/\/cpcs.ufms.br\/grupo-pet-agronomiaengenharia-florestal\/publicacoes\/","url":"https:\/\/cpcs.ufms.br\/grupo-pet-agronomiaengenharia-florestal\/publicacoes\/","name":"Publica\u00e7\u00f5es - Campus de Chapad\u00e3o do Sul","isPartOf":{"@id":"https:\/\/cpcs.ufms.br\/#website"},"datePublished":"2012-10-10T12:23:23+00:00","dateModified":"2012-10-10T13:04:28+00:00","breadcrumb":{"@id":"https:\/\/cpcs.ufms.br\/grupo-pet-agronomiaengenharia-florestal\/publicacoes\/#breadcrumb"},"inLanguage":"en-US","potentialAction":[{"@type":"ReadAction","target":["https:\/\/cpcs.ufms.br\/grupo-pet-agronomiaengenharia-florestal\/publicacoes\/"]}]},{"@type":"BreadcrumbList","@id":"https:\/\/cpcs.ufms.br\/grupo-pet-agronomiaengenharia-florestal\/publicacoes\/#breadcrumb","itemListElement":[{"@type":"ListItem","position":1,"name":"In\u00edcio","item":"https:\/\/cpcs.ufms.br\/"},{"@type":"ListItem","position":2,"name":"Grupo PET Agronomia\/Engenharia Florestal","item":"https:\/\/cpcs.ufms.br\/grupo-pet-agronomiaengenharia-florestal\/"},{"@type":"ListItem","position":3,"name":"Publica\u00e7\u00f5es"}]},{"@type":"WebSite","@id":"https:\/\/cpcs.ufms.br\/#website","url":"https:\/\/cpcs.ufms.br\/","name":"Campus de Chapad\u00e3o do Sul","description":"Universidade Federal de Mato Grosso do Sul","potentialAction":[{"@type":"SearchAction","target":{"@type":"EntryPoint","urlTemplate":"https:\/\/cpcs.ufms.br\/?s={search_term_string}"},"query-input":{"@type":"PropertyValueSpecification","valueRequired":true,"valueName":"search_term_string"}}],"inLanguage":"en-US"}]}},"_links":{"self":[{"href":"https:\/\/cpcs.ufms.br\/en\/wp-json\/wp\/v2\/pages\/345","targetHints":{"allow":["GET"]}}],"collection":[{"href":"https:\/\/cpcs.ufms.br\/en\/wp-json\/wp\/v2\/pages"}],"about":[{"href":"https:\/\/cpcs.ufms.br\/en\/wp-json\/wp\/v2\/types\/page"}],"author":[{"embeddable":true,"href":"https:\/\/cpcs.ufms.br\/en\/wp-json\/wp\/v2\/users\/106"}],"replies":[{"embeddable":true,"href":"https:\/\/cpcs.ufms.br\/en\/wp-json\/wp\/v2\/comments?post=345"}],"version-history":[{"count":7,"href":"https:\/\/cpcs.ufms.br\/en\/wp-json\/wp\/v2\/pages\/345\/revisions"}],"predecessor-version":[{"id":394,"href":"https:\/\/cpcs.ufms.br\/en\/wp-json\/wp\/v2\/pages\/345\/revisions\/394"}],"up":[{"embeddable":true,"href":"https:\/\/cpcs.ufms.br\/en\/wp-json\/wp\/v2\/pages\/307"}],"wp:attachment":[{"href":"https:\/\/cpcs.ufms.br\/en\/wp-json\/wp\/v2\/media?parent=345"}],"wp:term":[{"taxonomy":"author","embeddable":true,"href":"https:\/\/cpcs.ufms.br\/en\/wp-json\/wp\/v2\/coauthors?post=345"}],"curies":[{"name":"wp","href":"https:\/\/api.w.org\/{rel}","templated":true}]}}