{"id":3220,"date":"2021-03-18T15:45:29","date_gmt":"2021-03-18T19:45:29","guid":{"rendered":"https:\/\/cpcs.ufms.br\/?page_id=3220"},"modified":"2022-06-13T20:56:47","modified_gmt":"2022-06-14T00:56:47","slug":"paulo-eduardo-teodoro","status":"publish","type":"page","link":"https:\/\/cpcs.ufms.br\/en\/docentes\/agronomia\/paulo-eduardo-teodoro\/","title":{"rendered":"Paulo Eduardo Teodoro"},"content":{"rendered":"<h6>&nbsp;<\/h6>\n<p><a href=\"https:\/\/cpcs.ufms.br\/files\/2020\/03\/pauloEduardo.jpeg\" rel=\"lightbox[3222]\"><img fetchpriority=\"high\" decoding=\"async\" class=\"wp-image-6329 size-medium aligncenter\" src=\"https:\/\/cpcs.ufms.br\/files\/2020\/03\/pauloEduardo-294x300.jpeg\" alt=\"\" width=\"294\" height=\"300\" srcset=\"https:\/\/cpcs.ufms.br\/files\/2020\/03\/pauloEduardo-294x300.jpeg 294w, https:\/\/cpcs.ufms.br\/files\/2020\/03\/pauloEduardo-768x785.jpeg 768w, https:\/\/cpcs.ufms.br\/files\/2020\/03\/pauloEduardo-1002x1024.jpeg 1002w, https:\/\/cpcs.ufms.br\/files\/2020\/03\/pauloEduardo-313x320.jpeg 313w, https:\/\/cpcs.ufms.br\/files\/2020\/03\/pauloEduardo-60x60.jpeg 60w, https:\/\/cpcs.ufms.br\/files\/2020\/03\/pauloEduardo.jpeg 1253w\" sizes=\"(max-width: 294px) 100vw, 294px\" \/><\/a><\/p>\n<p>&nbsp;<\/p>\n<p>&nbsp;<\/p>\n<table border=\"0\" width=\"100%\" cellpadding=\"0\">\n<tbody>\n<tr>\n<td width=\"17%\"><strong>Doutorado<\/strong><\/td>\n<td width=\"80%\">Gen\u00e9tica e Melhoramento, UFV &#8211; 2017.<\/td>\n<\/tr>\n<tr>\n<td width=\"17%\"><strong>Mestrado<\/strong><\/td>\n<td width=\"80%\">Agronomia (Produ\u00e7\u00e3o Vegetal), UEMS, Aquidauana &#8211; 2016.<\/td>\n<\/tr>\n<tr>\n<td width=\"17%\"><strong>Gradua\u00e7\u00e3o<\/strong><\/td>\n<td width=\"80%\">Agronomia, UEMS &#8211; 2014.<\/td>\n<\/tr>\n<tr>\n<td width=\"17%\"><strong>Gradua\u00e7\u00e3o<\/strong><\/td>\n<td width=\"80%\">Engenharia Civil, UNIDERP &#8211; 2014.<\/td>\n<\/tr>\n<\/tbody>\n<\/table>\n<p>&nbsp;<\/p>\n<p><strong>\u00c1reas e Linhas de Pesquisa:<\/strong><\/p>\n<ul>\n<li>Biometria e Estat\u00edstica<\/li>\n<li>Melhoramento Vegetal<\/li>\n<\/ul>\n<p>&nbsp;<\/p>\n<p><strong>E-mail:<\/strong>&nbsp;paulo.teodoro@ufms.br<a href=\"mailto:cid.campos@ufms.br\"><br \/>\n<\/a><\/p>\n<p><strong>Telefone:<\/strong>&nbsp;(67) 3562-6340<\/p>\n<p style=\"text-align: center\"><a href=\"http:\/\/lattes.cnpq.br\/3731198010625970\">(Curr\u00edculo \u2013 Plataforma Lattes)<\/a><\/p>\n","protected":false},"excerpt":{"rendered":"<p>&nbsp; &nbsp; &nbsp; Doutorado Gen\u00e9tica e Melhoramento, UFV &#8211; 2017. Mestrado Agronomia (Produ\u00e7\u00e3o Vegetal), UEMS, Aquidauana &#8211; 2016. Gradua\u00e7\u00e3o Agronomia, UEMS &#8211; 2014. Gradua\u00e7\u00e3o Engenharia Civil, UNIDERP &#8211; 2014. &nbsp; \u00c1reas e Linhas de Pesquisa: Biometria e Estat\u00edstica Melhoramento Vegetal &nbsp; E-mail:&nbsp;paulo.teodoro@ufms.br Telefone:&nbsp;(67) 3562-6340 (Curr\u00edculo \u2013 Plataforma Lattes)<\/p>\n","protected":false},"author":3221,"featured_media":0,"parent":6952,"menu_order":0,"comment_status":"closed","ping_status":"closed","template":"","meta":{"ngg_post_thumbnail":0,"footnotes":""},"coauthors":[32],"class_list":["post-3220","page","type-page","status-publish","hentry"],"yoast_head":"<!-- This site is optimized with the Yoast SEO plugin v26.2 - https:\/\/yoast.com\/wordpress\/plugins\/seo\/ -->\n<title>Paulo Eduardo Teodoro - Campus de Chapad\u00e3o do Sul<\/title>\n<meta name=\"robots\" content=\"index, follow, max-snippet:-1, max-image-preview:large, max-video-preview:-1\" \/>\n<link rel=\"canonical\" href=\"https:\/\/cpcs.ufms.br\/docentes\/agronomia\/paulo-eduardo-teodoro\/\" \/>\n<meta property=\"og:locale\" content=\"en_US\" \/>\n<meta property=\"og:type\" content=\"article\" \/>\n<meta property=\"og:title\" content=\"Paulo Eduardo Teodoro - Campus de Chapad\u00e3o do Sul\" \/>\n<meta property=\"og:description\" content=\"&nbsp; &nbsp; &nbsp; Doutorado Gen\u00e9tica e Melhoramento, UFV &#8211; 2017. Mestrado Agronomia (Produ\u00e7\u00e3o Vegetal), UEMS, Aquidauana &#8211; 2016. Gradua\u00e7\u00e3o Agronomia, UEMS &#8211; 2014. Gradua\u00e7\u00e3o Engenharia Civil, UNIDERP &#8211; 2014. &nbsp; \u00c1reas e Linhas de Pesquisa: Biometria e Estat\u00edstica Melhoramento Vegetal &nbsp; E-mail:&nbsp;paulo.teodoro@ufms.br Telefone:&nbsp;(67) 3562-6340 (Curr\u00edculo \u2013 Plataforma Lattes)\" \/>\n<meta property=\"og:url\" content=\"https:\/\/cpcs.ufms.br\/docentes\/agronomia\/paulo-eduardo-teodoro\/\" \/>\n<meta property=\"og:site_name\" content=\"Campus de Chapad\u00e3o do Sul\" \/>\n<meta property=\"article:modified_time\" content=\"2022-06-14T00:56:47+00:00\" \/>\n<meta property=\"og:image\" content=\"https:\/\/cpcs.ufms.br\/files\/2020\/03\/pauloEduardo-294x300.jpeg\" \/>\n<meta name=\"twitter:label1\" content=\"Est. reading time\" \/>\n\t<meta name=\"twitter:data1\" content=\"1 minute\" \/>\n\t<meta name=\"twitter:label2\" content=\"Written by\" \/>\n\t<meta name=\"twitter:data2\" content=\"Vilela Bezerra\" \/>\n<script type=\"application\/ld+json\" class=\"yoast-schema-graph\">{\"@context\":\"https:\/\/schema.org\",\"@graph\":[{\"@type\":\"WebPage\",\"@id\":\"https:\/\/cpcs.ufms.br\/docentes\/agronomia\/paulo-eduardo-teodoro\/\",\"url\":\"https:\/\/cpcs.ufms.br\/docentes\/agronomia\/paulo-eduardo-teodoro\/\",\"name\":\"Paulo Eduardo Teodoro - Campus de Chapad\u00e3o do Sul\",\"isPartOf\":{\"@id\":\"https:\/\/cpcs.ufms.br\/#website\"},\"primaryImageOfPage\":{\"@id\":\"https:\/\/cpcs.ufms.br\/docentes\/agronomia\/paulo-eduardo-teodoro\/#primaryimage\"},\"image\":{\"@id\":\"https:\/\/cpcs.ufms.br\/docentes\/agronomia\/paulo-eduardo-teodoro\/#primaryimage\"},\"thumbnailUrl\":\"https:\/\/cpcs.ufms.br\/files\/2020\/03\/pauloEduardo-294x300.jpeg\",\"datePublished\":\"2021-03-18T19:45:29+00:00\",\"dateModified\":\"2022-06-14T00:56:47+00:00\",\"breadcrumb\":{\"@id\":\"https:\/\/cpcs.ufms.br\/docentes\/agronomia\/paulo-eduardo-teodoro\/#breadcrumb\"},\"inLanguage\":\"en-US\",\"potentialAction\":[{\"@type\":\"ReadAction\",\"target\":[\"https:\/\/cpcs.ufms.br\/docentes\/agronomia\/paulo-eduardo-teodoro\/\"]}]},{\"@type\":\"ImageObject\",\"inLanguage\":\"en-US\",\"@id\":\"https:\/\/cpcs.ufms.br\/docentes\/agronomia\/paulo-eduardo-teodoro\/#primaryimage\",\"url\":\"https:\/\/cpcs.ufms.br\/files\/2020\/03\/pauloEduardo-294x300.jpeg\",\"contentUrl\":\"https:\/\/cpcs.ufms.br\/files\/2020\/03\/pauloEduardo-294x300.jpeg\"},{\"@type\":\"BreadcrumbList\",\"@id\":\"https:\/\/cpcs.ufms.br\/docentes\/agronomia\/paulo-eduardo-teodoro\/#breadcrumb\",\"itemListElement\":[{\"@type\":\"ListItem\",\"position\":1,\"name\":\"In\u00edcio\",\"item\":\"https:\/\/cpcs.ufms.br\/\"},{\"@type\":\"ListItem\",\"position\":2,\"name\":\"Docentes\",\"item\":\"https:\/\/cpcs.ufms.br\/docentes\/\"},{\"@type\":\"ListItem\",\"position\":3,\"name\":\"Agronomia\",\"item\":\"https:\/\/cpcs.ufms.br\/docentes\/agronomia\/\"},{\"@type\":\"ListItem\",\"position\":4,\"name\":\"Paulo Eduardo Teodoro\"}]},{\"@type\":\"WebSite\",\"@id\":\"https:\/\/cpcs.ufms.br\/#website\",\"url\":\"https:\/\/cpcs.ufms.br\/\",\"name\":\"Campus de Chapad\u00e3o do Sul\",\"description\":\"Universidade Federal de Mato Grosso do Sul\",\"potentialAction\":[{\"@type\":\"SearchAction\",\"target\":{\"@type\":\"EntryPoint\",\"urlTemplate\":\"https:\/\/cpcs.ufms.br\/?s={search_term_string}\"},\"query-input\":{\"@type\":\"PropertyValueSpecification\",\"valueRequired\":true,\"valueName\":\"search_term_string\"}}],\"inLanguage\":\"en-US\"}]}<\/script>\n<!-- \/ Yoast SEO plugin. -->","yoast_head_json":{"title":"Paulo Eduardo Teodoro - Campus de Chapad\u00e3o do Sul","robots":{"index":"index","follow":"follow","max-snippet":"max-snippet:-1","max-image-preview":"max-image-preview:large","max-video-preview":"max-video-preview:-1"},"canonical":"https:\/\/cpcs.ufms.br\/docentes\/agronomia\/paulo-eduardo-teodoro\/","og_locale":"en_US","og_type":"article","og_title":"Paulo Eduardo Teodoro - Campus de Chapad\u00e3o do Sul","og_description":"&nbsp; &nbsp; &nbsp; Doutorado Gen\u00e9tica e Melhoramento, UFV &#8211; 2017. Mestrado Agronomia (Produ\u00e7\u00e3o Vegetal), UEMS, Aquidauana &#8211; 2016. Gradua\u00e7\u00e3o Agronomia, UEMS &#8211; 2014. Gradua\u00e7\u00e3o Engenharia Civil, UNIDERP &#8211; 2014. &nbsp; \u00c1reas e Linhas de Pesquisa: Biometria e Estat\u00edstica Melhoramento Vegetal &nbsp; E-mail:&nbsp;paulo.teodoro@ufms.br Telefone:&nbsp;(67) 3562-6340 (Curr\u00edculo \u2013 Plataforma Lattes)","og_url":"https:\/\/cpcs.ufms.br\/docentes\/agronomia\/paulo-eduardo-teodoro\/","og_site_name":"Campus de Chapad\u00e3o do Sul","article_modified_time":"2022-06-14T00:56:47+00:00","og_image":[{"url":"https:\/\/cpcs.ufms.br\/files\/2020\/03\/pauloEduardo-294x300.jpeg","type":"","width":"","height":""}],"twitter_misc":{"Est. reading time":"1 minute","Written by":"Vilela Bezerra"},"schema":{"@context":"https:\/\/schema.org","@graph":[{"@type":"WebPage","@id":"https:\/\/cpcs.ufms.br\/docentes\/agronomia\/paulo-eduardo-teodoro\/","url":"https:\/\/cpcs.ufms.br\/docentes\/agronomia\/paulo-eduardo-teodoro\/","name":"Paulo Eduardo Teodoro - Campus de Chapad\u00e3o do Sul","isPartOf":{"@id":"https:\/\/cpcs.ufms.br\/#website"},"primaryImageOfPage":{"@id":"https:\/\/cpcs.ufms.br\/docentes\/agronomia\/paulo-eduardo-teodoro\/#primaryimage"},"image":{"@id":"https:\/\/cpcs.ufms.br\/docentes\/agronomia\/paulo-eduardo-teodoro\/#primaryimage"},"thumbnailUrl":"https:\/\/cpcs.ufms.br\/files\/2020\/03\/pauloEduardo-294x300.jpeg","datePublished":"2021-03-18T19:45:29+00:00","dateModified":"2022-06-14T00:56:47+00:00","breadcrumb":{"@id":"https:\/\/cpcs.ufms.br\/docentes\/agronomia\/paulo-eduardo-teodoro\/#breadcrumb"},"inLanguage":"en-US","potentialAction":[{"@type":"ReadAction","target":["https:\/\/cpcs.ufms.br\/docentes\/agronomia\/paulo-eduardo-teodoro\/"]}]},{"@type":"ImageObject","inLanguage":"en-US","@id":"https:\/\/cpcs.ufms.br\/docentes\/agronomia\/paulo-eduardo-teodoro\/#primaryimage","url":"https:\/\/cpcs.ufms.br\/files\/2020\/03\/pauloEduardo-294x300.jpeg","contentUrl":"https:\/\/cpcs.ufms.br\/files\/2020\/03\/pauloEduardo-294x300.jpeg"},{"@type":"BreadcrumbList","@id":"https:\/\/cpcs.ufms.br\/docentes\/agronomia\/paulo-eduardo-teodoro\/#breadcrumb","itemListElement":[{"@type":"ListItem","position":1,"name":"In\u00edcio","item":"https:\/\/cpcs.ufms.br\/"},{"@type":"ListItem","position":2,"name":"Docentes","item":"https:\/\/cpcs.ufms.br\/docentes\/"},{"@type":"ListItem","position":3,"name":"Agronomia","item":"https:\/\/cpcs.ufms.br\/docentes\/agronomia\/"},{"@type":"ListItem","position":4,"name":"Paulo Eduardo Teodoro"}]},{"@type":"WebSite","@id":"https:\/\/cpcs.ufms.br\/#website","url":"https:\/\/cpcs.ufms.br\/","name":"Campus de Chapad\u00e3o do Sul","description":"Universidade Federal de Mato Grosso do Sul","potentialAction":[{"@type":"SearchAction","target":{"@type":"EntryPoint","urlTemplate":"https:\/\/cpcs.ufms.br\/?s={search_term_string}"},"query-input":{"@type":"PropertyValueSpecification","valueRequired":true,"valueName":"search_term_string"}}],"inLanguage":"en-US"}]}},"_links":{"self":[{"href":"https:\/\/cpcs.ufms.br\/en\/wp-json\/wp\/v2\/pages\/3220","targetHints":{"allow":["GET"]}}],"collection":[{"href":"https:\/\/cpcs.ufms.br\/en\/wp-json\/wp\/v2\/pages"}],"about":[{"href":"https:\/\/cpcs.ufms.br\/en\/wp-json\/wp\/v2\/types\/page"}],"author":[{"embeddable":true,"href":"https:\/\/cpcs.ufms.br\/en\/wp-json\/wp\/v2\/users\/3221"}],"replies":[{"embeddable":true,"href":"https:\/\/cpcs.ufms.br\/en\/wp-json\/wp\/v2\/comments?post=3220"}],"version-history":[{"count":5,"href":"https:\/\/cpcs.ufms.br\/en\/wp-json\/wp\/v2\/pages\/3220\/revisions"}],"predecessor-version":[{"id":8250,"href":"https:\/\/cpcs.ufms.br\/en\/wp-json\/wp\/v2\/pages\/3220\/revisions\/8250"}],"up":[{"embeddable":true,"href":"https:\/\/cpcs.ufms.br\/en\/wp-json\/wp\/v2\/pages\/6952"}],"wp:attachment":[{"href":"https:\/\/cpcs.ufms.br\/en\/wp-json\/wp\/v2\/media?parent=3220"}],"wp:term":[{"taxonomy":"author","embeddable":true,"href":"https:\/\/cpcs.ufms.br\/en\/wp-json\/wp\/v2\/coauthors?post=3220"}],"curies":[{"name":"wp","href":"https:\/\/api.w.org\/{rel}","templated":true}]}}