{"id":320,"date":"2012-10-10T07:18:27","date_gmt":"2012-10-10T11:18:27","guid":{"rendered":"http:\/\/cpcs.draconis.ufms.br\/?page_id=320"},"modified":"2012-10-10T07:18:27","modified_gmt":"2012-10-10T11:18:27","slug":"ensinoextensao","status":"publish","type":"page","link":"https:\/\/cpcs.ufms.br\/en\/grupo-pet-agronomiaengenharia-florestal\/atividades\/ensinoextensao\/","title":{"rendered":"Ensino\/Extens\u00e3o"},"content":{"rendered":"<table>\n<tbody>\n<tr>\n<td width=\"100%\">Ensino_Extensao<\/td>\n<td align=\"right\" width=\"100%\"><a title=\"PDF\" href=\"http:\/\/www.cpcs.ufms.br\/js\/index.php?view=article&amp;catid=39%3Agrupo-pet&amp;id=217%3Aensinoextensao&amp;format=pdf&amp;option=com_content\" rel=\"nofollow\"><img decoding=\"async\" src=\"http:\/\/www.cpcs.ufms.br\/js\/images\/M_images\/pdf_button.png\" alt=\"PDF\" \/><\/a><\/td>\n<td align=\"right\" width=\"100%\"><a title=\"Imprimir\" href=\"http:\/\/www.cpcs.ufms.br\/js\/index.php?view=article&amp;catid=39%3Agrupo-pet&amp;id=217%3Aensinoextensao&amp;tmpl=component&amp;print=1&amp;layout=default&amp;page=&amp;option=com_content\" rel=\"nofollow\"><img decoding=\"async\" src=\"http:\/\/www.cpcs.ufms.br\/js\/images\/M_images\/printButton.png\" alt=\"Imprimir\" \/><\/a><\/td>\n<td align=\"right\" width=\"100%\"><a title=\"E-mail\" href=\"http:\/\/www.cpcs.ufms.br\/js\/index.php?option=com_mailto&amp;tmpl=component&amp;link=aHR0cDovL3d3dy5jcGNzLnVmbXMuYnIvanMvaW5kZXgucGhwP29wdGlvbj1jb21fY29udGVudCZ2aWV3PWFydGljbGUmaWQ9MjE3OmVuc2lub2V4dGVuc2FvJmNhdGlkPTM5OmdydXBvLXBldA==\"><img decoding=\"async\" src=\"http:\/\/www.cpcs.ufms.br\/js\/images\/M_images\/emailButton.png\" alt=\"E-mail\" \/><\/a><\/td>\n<\/tr>\n<\/tbody>\n<\/table>\n<table>\n<tbody>\n<tr>\n<td valign=\"top\">&nbsp;<\/p>\n<p><strong>II Semana de Ci\u00eancias Agr\u00e1rias<\/strong><\/p>\n<div><\/div>\n<div>T\u00edtulo: II Semana de Ci\u00eancias Agr\u00e1rias do Campus de Chapad\u00e3o do Sul: Alternativas de Produ\u00e7\u00e3o e Novas<\/div>\n<div><\/div>\n<div>Resumo: A II Semana de Ci\u00eancias foi organizada pelo Grupo PET Agronomia e Engenharia\u00a0Florestal, teve por finalidade mostrar atrav\u00e9s de palestras ao p\u00fablico-alvo, \u00a0estudantes de\u00a0gradua\u00e7\u00e3o dos cursos de agronomia e engenharia florestal e tamb\u00e9m pequenos, m\u00e9dios e grandes\u00a0produtores do munic\u00edpio de Chapad\u00e3o do Sul\/MS e regi\u00e3o, alternativas de produ\u00e7\u00e3o e utiliza\u00e7\u00e3o de\u00a0novas tecnologias na regi\u00e3o dos chapad\u00f5es. Com objetivo de incrementar o n\u00edvel de informa\u00e7\u00f5es\u00a0e conhecimento dos acad\u00eamicos; e aprimorar as habilidades dos profissionais e a fins, visando\u00a0orient\u00e1-los \u00e0 tomada de melhores decis\u00f5es sobre os m\u00e9todos e tecnologias a ser adotadas nos\u00a0sistemas de produ\u00e7\u00e3o da regi\u00e3o dos Chapad\u00f5es.<\/div>\n<div>EDITAL EXT\/2011 (UFMS) &#8211; Fluxo Cont\u00ednuo: SIGProj N\u00b0: 67982.356.5561.07102011<\/div>\n<div>Clique\u00a0<a href=\"http:\/\/www.cpcs.ufms.br\/js\/index.php?option=com_rsgallery2&amp;gid=5&amp;Itemid=74\">aqui\u00a0<\/a>para visualizar as fotos do evento.<\/div>\n<div><\/div>\n<div>\n<div><strong>Demonstrativo TecnoAgro 2011<\/strong><\/div>\n<div><\/div>\n<div>T\u00edtulo: Demonstrativo de alternativas para produ\u00e7\u00e3o Sustent\u00e1vel na regi\u00e3o dos Chapad\u00f5es<\/div>\n<div>Resumo: Projeto de extens\u00e3o realizado no mun\u00edcipio de Chapad\u00e3o do Sul &#8211; MS pelo grupo<\/div>\n<div><\/div>\n<div>PET em conjunto com a Funda\u00e7\u00e3o Chapad\u00e3o, que organiza um evento t\u00e9cnico anual, intitulado\u00a0TecnoAgro. Com objetivo de divulgar tecnologias para a produ\u00e7\u00e3o vegetal h\u00e1 produtores rurais\u00a0da regi\u00e3o dos Chapa\u00f5es. Esse evento \u00e9 visitado por profissionais do setor agropecu\u00e1rio e\u00a0produtores rurais de toda a regi\u00e3o dos Chapad\u00f5es (Chapad\u00e3o do Sul-MS, Chapad\u00e3o do C\u00e9u &#8211; GO,\u00a0Costa Rica-MS, Cassil\u00e2ndia-MS, Mineiros-GO e Alto Taquari-MT), no ano de 2011 foi realizado<\/div>\n<div>durante os dias 02 e 03 de mar\u00e7o. Aproveitando o evento e o grande n\u00famero de profissionais\u00a0envolvidos com a produ\u00e7\u00e3o agropecu\u00e1ria o grupo PET Agronomia e Engenharia Florestal,\u00a0organizou a exposi\u00e7\u00e3o de t\u00e9cnicas alternativas de produ\u00e7\u00e3o para os produtores (agricultura\u00a0familiar ou agroneg\u00f3cio) do cerrado, principalmente da regi\u00e3o dos Chapad\u00f5es. Visando facilitar a\u00a0transfer\u00eancia de tecnologia e informa\u00e7\u00e3o, ser\u00e3o conduzidas 8 \u00e1reas demonstrativas de sistemas de\u00a0produ\u00e7\u00e3o sustent\u00e1veis.<\/div>\n<div>EDITAL EXT\/2011 (UFMS) &#8211; Fluxo Cont\u00ednuo: SIGProj N\u00b0: 17294.67675.356.61185.28092011<\/div>\n<div>Clique\u00a0<a href=\"http:\/\/www.cpcs.ufms.br\/js\/index.php?option=com_rsgallery2&amp;gid=7&amp;Itemid=74\">aqui\u00a0<\/a>para visualizar as fotos do evento.<\/div>\n<div><\/div>\n<div>\n<div><strong>UFMS \u2013 Sem Fronteiras<\/strong><\/div>\n<div><\/div>\n<div>T\u00edtulo: UFMS Sem Fronteiras<\/div>\n<div>Resumo: O UFMS Sem Fronteiras \u00e9 um projeto acad\u00eamico de extens\u00e3o universit\u00e1ria envolvendo<\/div>\n<div><\/div>\n<div>acad\u00eamicos de m\u00faltiplas unidades da UFMS. O Projeto UFMS Sem Fronteiras teve sua primeira\u00a0experi\u00eancia em dezembro de 2010, na cidade de Costa Rica &#8211; MS, bairro Novo Amanhecer,\u00a0com \u00eanfase nos aspectos de ensino, pesquisa e extens\u00e3o. O UFMS Sem Fronteiras busca atuar\u00a0de forma a garantir o desenvolvimento de sa\u00fade da regi\u00e3o, sa\u00fade aqui entendida, conforme a\u00a0Organiza\u00e7\u00e3o Mundial da Sa\u00fade como o \u201ccompleto estado de bem-estar bio-psico-social\u201d, que\u00a0inclui n\u00e3o apenas a abordagem das doen\u00e7as propriamente ditas, mas tamb\u00e9m os aspectos\u00a0ambientais e sociais a elas relacionadas. Alinhando atividades educacionais, cient\u00edficas e<\/div>\n<div>assistenciais \u00e0s necessidades e particularidades locais, o UFMS Sem Fronteiras procura cumprir\u00a0seu papel de projeto universit\u00e1rio, tendo atua\u00e7\u00e3o efetiva na forma\u00e7\u00e3o integral dos profissionais\u00a0em fase de gradua\u00e7\u00e3o, n\u00e3o apenas focalizando preceitos t\u00e9cnicos, mas tamb\u00e9m valorizando o\u00a0desenvolvimento da cidadania em profissionais conscientes das realidades, particularidades e\u00a0necessidades da comunidade atendida.<\/div>\n<div>EDITAL EXT\/2011 (UFMS) &#8211; Fluxo Cont\u00ednuo: SIGProj N\u00b0: 63558.278.20979.02112010<\/div>\n<\/div>\n<\/div>\n<\/td>\n<\/tr>\n<\/tbody>\n<\/table>\n","protected":false},"excerpt":{"rendered":"<p>Ensino_Extensao &nbsp; II Semana de Ci\u00eancias Agr\u00e1rias T\u00edtulo: II Semana de Ci\u00eancias Agr\u00e1rias do Campus de Chapad\u00e3o do Sul: Alternativas de Produ\u00e7\u00e3o e Novas Resumo: A II Semana de Ci\u00eancias foi organizada pelo Grupo PET Agronomia e Engenharia\u00a0Florestal, teve por finalidade mostrar atrav\u00e9s de palestras ao p\u00fablico-alvo, \u00a0estudantes de\u00a0gradua\u00e7\u00e3o dos cursos de agronomia e engenharia [&hellip;]<\/p>\n","protected":false},"author":106,"featured_media":0,"parent":315,"menu_order":0,"comment_status":"closed","ping_status":"open","template":"","meta":{"ngg_post_thumbnail":0,"footnotes":""},"coauthors":[],"class_list":["post-320","page","type-page","status-publish","hentry"],"yoast_head":"<!-- This site is optimized with the Yoast SEO plugin v26.2 - https:\/\/yoast.com\/wordpress\/plugins\/seo\/ -->\n<title>Ensino\/Extens\u00e3o - Campus de Chapad\u00e3o do Sul<\/title>\n<meta name=\"robots\" content=\"index, follow, max-snippet:-1, max-image-preview:large, max-video-preview:-1\" \/>\n<link rel=\"canonical\" href=\"https:\/\/cpcs.ufms.br\/grupo-pet-agronomiaengenharia-florestal\/atividades\/ensinoextensao\/\" \/>\n<meta property=\"og:locale\" content=\"en_US\" \/>\n<meta property=\"og:type\" content=\"article\" \/>\n<meta property=\"og:title\" content=\"Ensino\/Extens\u00e3o - Campus de Chapad\u00e3o do Sul\" \/>\n<meta property=\"og:description\" content=\"Ensino_Extensao &nbsp; II Semana de Ci\u00eancias Agr\u00e1rias T\u00edtulo: II Semana de Ci\u00eancias Agr\u00e1rias do Campus de Chapad\u00e3o do Sul: Alternativas de Produ\u00e7\u00e3o e Novas Resumo: A II Semana de Ci\u00eancias foi organizada pelo Grupo PET Agronomia e Engenharia\u00a0Florestal, teve por finalidade mostrar atrav\u00e9s de palestras ao p\u00fablico-alvo, \u00a0estudantes de\u00a0gradua\u00e7\u00e3o dos cursos de agronomia e engenharia [&hellip;]\" \/>\n<meta property=\"og:url\" content=\"https:\/\/cpcs.ufms.br\/grupo-pet-agronomiaengenharia-florestal\/atividades\/ensinoextensao\/\" \/>\n<meta property=\"og:site_name\" content=\"Campus de Chapad\u00e3o do Sul\" \/>\n<meta property=\"og:image\" content=\"http:\/\/www.cpcs.ufms.br\/js\/images\/M_images\/pdf_button.png\" \/>\n<meta name=\"twitter:label1\" content=\"Est. reading time\" \/>\n\t<meta name=\"twitter:data1\" content=\"3 minutes\" \/>\n<script type=\"application\/ld+json\" class=\"yoast-schema-graph\">{\"@context\":\"https:\/\/schema.org\",\"@graph\":[{\"@type\":\"WebPage\",\"@id\":\"https:\/\/cpcs.ufms.br\/grupo-pet-agronomiaengenharia-florestal\/atividades\/ensinoextensao\/\",\"url\":\"https:\/\/cpcs.ufms.br\/grupo-pet-agronomiaengenharia-florestal\/atividades\/ensinoextensao\/\",\"name\":\"Ensino\/Extens\u00e3o - Campus de Chapad\u00e3o do Sul\",\"isPartOf\":{\"@id\":\"https:\/\/cpcs.ufms.br\/#website\"},\"primaryImageOfPage\":{\"@id\":\"https:\/\/cpcs.ufms.br\/grupo-pet-agronomiaengenharia-florestal\/atividades\/ensinoextensao\/#primaryimage\"},\"image\":{\"@id\":\"https:\/\/cpcs.ufms.br\/grupo-pet-agronomiaengenharia-florestal\/atividades\/ensinoextensao\/#primaryimage\"},\"thumbnailUrl\":\"http:\/\/www.cpcs.ufms.br\/js\/images\/M_images\/pdf_button.png\",\"datePublished\":\"2012-10-10T11:18:27+00:00\",\"breadcrumb\":{\"@id\":\"https:\/\/cpcs.ufms.br\/grupo-pet-agronomiaengenharia-florestal\/atividades\/ensinoextensao\/#breadcrumb\"},\"inLanguage\":\"en-US\",\"potentialAction\":[{\"@type\":\"ReadAction\",\"target\":[\"https:\/\/cpcs.ufms.br\/grupo-pet-agronomiaengenharia-florestal\/atividades\/ensinoextensao\/\"]}]},{\"@type\":\"ImageObject\",\"inLanguage\":\"en-US\",\"@id\":\"https:\/\/cpcs.ufms.br\/grupo-pet-agronomiaengenharia-florestal\/atividades\/ensinoextensao\/#primaryimage\",\"url\":\"http:\/\/www.cpcs.ufms.br\/js\/images\/M_images\/pdf_button.png\",\"contentUrl\":\"http:\/\/www.cpcs.ufms.br\/js\/images\/M_images\/pdf_button.png\"},{\"@type\":\"BreadcrumbList\",\"@id\":\"https:\/\/cpcs.ufms.br\/grupo-pet-agronomiaengenharia-florestal\/atividades\/ensinoextensao\/#breadcrumb\",\"itemListElement\":[{\"@type\":\"ListItem\",\"position\":1,\"name\":\"In\u00edcio\",\"item\":\"https:\/\/cpcs.ufms.br\/\"},{\"@type\":\"ListItem\",\"position\":2,\"name\":\"Grupo PET Agronomia\/Engenharia Florestal\",\"item\":\"https:\/\/cpcs.ufms.br\/grupo-pet-agronomiaengenharia-florestal\/\"},{\"@type\":\"ListItem\",\"position\":3,\"name\":\"Atividades\",\"item\":\"https:\/\/cpcs.ufms.br\/grupo-pet-agronomiaengenharia-florestal\/atividades\/\"},{\"@type\":\"ListItem\",\"position\":4,\"name\":\"Ensino\/Extens\u00e3o\"}]},{\"@type\":\"WebSite\",\"@id\":\"https:\/\/cpcs.ufms.br\/#website\",\"url\":\"https:\/\/cpcs.ufms.br\/\",\"name\":\"Campus de Chapad\u00e3o do Sul\",\"description\":\"Universidade Federal de Mato Grosso do Sul\",\"potentialAction\":[{\"@type\":\"SearchAction\",\"target\":{\"@type\":\"EntryPoint\",\"urlTemplate\":\"https:\/\/cpcs.ufms.br\/?s={search_term_string}\"},\"query-input\":{\"@type\":\"PropertyValueSpecification\",\"valueRequired\":true,\"valueName\":\"search_term_string\"}}],\"inLanguage\":\"en-US\"}]}<\/script>\n<!-- \/ Yoast SEO plugin. -->","yoast_head_json":{"title":"Ensino\/Extens\u00e3o - Campus de Chapad\u00e3o do Sul","robots":{"index":"index","follow":"follow","max-snippet":"max-snippet:-1","max-image-preview":"max-image-preview:large","max-video-preview":"max-video-preview:-1"},"canonical":"https:\/\/cpcs.ufms.br\/grupo-pet-agronomiaengenharia-florestal\/atividades\/ensinoextensao\/","og_locale":"en_US","og_type":"article","og_title":"Ensino\/Extens\u00e3o - Campus de Chapad\u00e3o do Sul","og_description":"Ensino_Extensao &nbsp; II Semana de Ci\u00eancias Agr\u00e1rias T\u00edtulo: II Semana de Ci\u00eancias Agr\u00e1rias do Campus de Chapad\u00e3o do Sul: Alternativas de Produ\u00e7\u00e3o e Novas Resumo: A II Semana de Ci\u00eancias foi organizada pelo Grupo PET Agronomia e Engenharia\u00a0Florestal, teve por finalidade mostrar atrav\u00e9s de palestras ao p\u00fablico-alvo, \u00a0estudantes de\u00a0gradua\u00e7\u00e3o dos cursos de agronomia e engenharia [&hellip;]","og_url":"https:\/\/cpcs.ufms.br\/grupo-pet-agronomiaengenharia-florestal\/atividades\/ensinoextensao\/","og_site_name":"Campus de Chapad\u00e3o do Sul","og_image":[{"url":"http:\/\/www.cpcs.ufms.br\/js\/images\/M_images\/pdf_button.png","type":"","width":"","height":""}],"twitter_misc":{"Est. reading time":"3 minutes"},"schema":{"@context":"https:\/\/schema.org","@graph":[{"@type":"WebPage","@id":"https:\/\/cpcs.ufms.br\/grupo-pet-agronomiaengenharia-florestal\/atividades\/ensinoextensao\/","url":"https:\/\/cpcs.ufms.br\/grupo-pet-agronomiaengenharia-florestal\/atividades\/ensinoextensao\/","name":"Ensino\/Extens\u00e3o - Campus de Chapad\u00e3o do Sul","isPartOf":{"@id":"https:\/\/cpcs.ufms.br\/#website"},"primaryImageOfPage":{"@id":"https:\/\/cpcs.ufms.br\/grupo-pet-agronomiaengenharia-florestal\/atividades\/ensinoextensao\/#primaryimage"},"image":{"@id":"https:\/\/cpcs.ufms.br\/grupo-pet-agronomiaengenharia-florestal\/atividades\/ensinoextensao\/#primaryimage"},"thumbnailUrl":"http:\/\/www.cpcs.ufms.br\/js\/images\/M_images\/pdf_button.png","datePublished":"2012-10-10T11:18:27+00:00","breadcrumb":{"@id":"https:\/\/cpcs.ufms.br\/grupo-pet-agronomiaengenharia-florestal\/atividades\/ensinoextensao\/#breadcrumb"},"inLanguage":"en-US","potentialAction":[{"@type":"ReadAction","target":["https:\/\/cpcs.ufms.br\/grupo-pet-agronomiaengenharia-florestal\/atividades\/ensinoextensao\/"]}]},{"@type":"ImageObject","inLanguage":"en-US","@id":"https:\/\/cpcs.ufms.br\/grupo-pet-agronomiaengenharia-florestal\/atividades\/ensinoextensao\/#primaryimage","url":"http:\/\/www.cpcs.ufms.br\/js\/images\/M_images\/pdf_button.png","contentUrl":"http:\/\/www.cpcs.ufms.br\/js\/images\/M_images\/pdf_button.png"},{"@type":"BreadcrumbList","@id":"https:\/\/cpcs.ufms.br\/grupo-pet-agronomiaengenharia-florestal\/atividades\/ensinoextensao\/#breadcrumb","itemListElement":[{"@type":"ListItem","position":1,"name":"In\u00edcio","item":"https:\/\/cpcs.ufms.br\/"},{"@type":"ListItem","position":2,"name":"Grupo PET Agronomia\/Engenharia Florestal","item":"https:\/\/cpcs.ufms.br\/grupo-pet-agronomiaengenharia-florestal\/"},{"@type":"ListItem","position":3,"name":"Atividades","item":"https:\/\/cpcs.ufms.br\/grupo-pet-agronomiaengenharia-florestal\/atividades\/"},{"@type":"ListItem","position":4,"name":"Ensino\/Extens\u00e3o"}]},{"@type":"WebSite","@id":"https:\/\/cpcs.ufms.br\/#website","url":"https:\/\/cpcs.ufms.br\/","name":"Campus de Chapad\u00e3o do Sul","description":"Universidade Federal de Mato Grosso do Sul","potentialAction":[{"@type":"SearchAction","target":{"@type":"EntryPoint","urlTemplate":"https:\/\/cpcs.ufms.br\/?s={search_term_string}"},"query-input":{"@type":"PropertyValueSpecification","valueRequired":true,"valueName":"search_term_string"}}],"inLanguage":"en-US"}]}},"_links":{"self":[{"href":"https:\/\/cpcs.ufms.br\/en\/wp-json\/wp\/v2\/pages\/320","targetHints":{"allow":["GET"]}}],"collection":[{"href":"https:\/\/cpcs.ufms.br\/en\/wp-json\/wp\/v2\/pages"}],"about":[{"href":"https:\/\/cpcs.ufms.br\/en\/wp-json\/wp\/v2\/types\/page"}],"author":[{"embeddable":true,"href":"https:\/\/cpcs.ufms.br\/en\/wp-json\/wp\/v2\/users\/106"}],"replies":[{"embeddable":true,"href":"https:\/\/cpcs.ufms.br\/en\/wp-json\/wp\/v2\/comments?post=320"}],"version-history":[{"count":1,"href":"https:\/\/cpcs.ufms.br\/en\/wp-json\/wp\/v2\/pages\/320\/revisions"}],"predecessor-version":[{"id":321,"href":"https:\/\/cpcs.ufms.br\/en\/wp-json\/wp\/v2\/pages\/320\/revisions\/321"}],"up":[{"embeddable":true,"href":"https:\/\/cpcs.ufms.br\/en\/wp-json\/wp\/v2\/pages\/315"}],"wp:attachment":[{"href":"https:\/\/cpcs.ufms.br\/en\/wp-json\/wp\/v2\/media?parent=320"}],"wp:term":[{"taxonomy":"author","embeddable":true,"href":"https:\/\/cpcs.ufms.br\/en\/wp-json\/wp\/v2\/coauthors?post=320"}],"curies":[{"name":"wp","href":"https:\/\/api.w.org\/{rel}","templated":true}]}}