{"id":317,"date":"2012-10-10T07:16:51","date_gmt":"2012-10-10T11:16:51","guid":{"rendered":"http:\/\/cpcs.draconis.ufms.br\/?page_id=317"},"modified":"2012-10-10T07:16:51","modified_gmt":"2012-10-10T11:16:51","slug":"projetospesquisa","status":"publish","type":"page","link":"https:\/\/cpcs.ufms.br\/en\/grupo-pet-agronomiaengenharia-florestal\/atividades\/projetospesquisa\/","title":{"rendered":"Projetos\/Pesquisa"},"content":{"rendered":"<p><strong>T\u00edtulo: Calibra\u00e7\u00e3o e Otimiza\u00e7\u00e3o da Aduba\u00e7\u00e3o Nitrogenada do Algodoeiro em Regi\u00e3o de Cerrado, Utilizando Sensor \u00d3ptico<\/strong><strong>\u00a0<\/strong><\/p>\n<p><strong>Resumo:\u00a0<\/strong>A aduba\u00e7\u00e3o nitrogenada na cultura do algodoeiro, al\u00e9m de possibilitar acr\u00e9scimos de produtividade, influ\u00eancia em aspectos importantes de qualidade da pluma, opera\u00e7\u00e3o de colheita e incid\u00eancia de pragas, portanto, \u00e9 de fundamental import\u00e2ncia que a dose a ser aplicada seja definida criteriosamente. A grande dificuldade, entretanto, \u00e9 que a dose ideal apresenta variabilidade espacial, necessitando a ado\u00e7\u00e3o de t\u00e9cnicas de agricultura de precis\u00e3o para viabilizar a ado\u00e7\u00e3o da aduba\u00e7\u00e3o nitrogenada em taxa vari\u00e1vel. Uma possibilidade e utilizar um sensor \u00f3tico para leitura do \u00edndice de vegeta\u00e7\u00e3o da diferen\u00e7a normalizada (NDVI) e calibrar esta leitura com a dose ideal de N. Assim, o objetivo \u00e9 realizar uma calibra\u00e7\u00e3o da leitura NDVI com o teor de N foliar e a necessidade de aduba\u00e7\u00e3o, gerando um modelo de aduba\u00e7\u00e3o \u00f3timo econ\u00f4mico de nitrog\u00eanio para o algodoeiro. Al\u00e9m de avaliar a utiliza\u00e7\u00e3o do \u00edndice NDVI, para defini\u00e7\u00e3o da dose de nitrog\u00eanio a ser aplicada em taxa vari\u00e1vel na cultura do algodoeiro. Para isso ser\u00e1 avaliado o comportamento espectral em um experimento de calibra\u00e7\u00e3o de doses de N, realizado em anexo a um talh\u00e3o de 100 ha que tamb\u00e9m ser\u00e3o monitorados a NDVI, na fazenda Serrinha em Chapad\u00e3o do C\u00e9u \u2013 GO. Nas parcelas ser\u00e1 realizada a leitura do NDVI e teor foliar de N. Os dados ser\u00e3o analisados e modelados para a recomenda\u00e7\u00e3o da aduba\u00e7\u00e3o nitrogenada na cultura do algodoeiro.<\/p>\n<p>Respons\u00e1vel: Dr. Aguinaldo Jose Freitas Leal<\/p>\n<p>Integrantes: Prof. Dr. F\u00e1bio Henrique Rojo Baio; Prof. Dr. Cassiano Garcia Roque; Eng. Agr. Dr. Sebasti\u00e3o F. de Lima; M\u00f4nica C. R. Zuffo Borges; Moacyr Toshimitsu Maekawa Jr.<\/p>\n<p>&nbsp;<\/p>\n<p><strong>T\u00edtulo:\u00a0ALTERNATIVAS DE PRODU\u00c7\u00c3O SUSTENT\u00c1VEL DE OLEAGINOSAS EM AGRICULTURA FAMILIAR, NA REGI\u00c3O DO CERRADO<\/strong><strong><\/strong><\/p>\n<p><strong>Resumo:<\/strong>\u00a0Ser\u00e1 estabelecido um experimento, buscando identificar e ao mesmo tempo demonstrar as alternativas para a produ\u00e7\u00e3o sustent\u00e1vel de oleaginosas nas condi\u00e7\u00f5es de edafoclim\u00e1ticas locais. Empregando t\u00e9cnicas de consorcia\u00e7\u00e3o de culturas, rota\u00e7\u00e3o de culturas, integra\u00e7\u00e3o lavoura-pecu\u00e1ria em sistema conservacionista (plantio direto). Ser\u00e1 avaliado, diferentes sistemas de produ\u00e7\u00e3o de oleaginosas integrados com a produ\u00e7\u00e3o de bovinos, sistemas de integra\u00e7\u00e3o agricultura pecu\u00e1ria. O experimento constar\u00e1 de sete tratamentos: T<sub>1<\/sub>: Monocultivo da Cultura da Soja no ver\u00e3o \u2013 solteira e Pastagem na segunda safra; T<sub>2<\/sub>: Monocultivo da Cultura da Soja no ver\u00e3o \u2013 solteira e Girassol na segunda safra; T<sub>3<\/sub>:<sub>\u00a0<\/sub>Cultivo de Soja consorciada com Braqui\u00e1ria (<em>Brachiaria brizantha<\/em>) e pastejo com vacas leiteiras na segunda safra; T<sub>4<\/sub>:<sub>\u00a0<\/sub>Cultivo de Soja consorciada com Braqui\u00e1ria (<em>Brachiaria brizantha<\/em>) e Girassol na segunda safra; T<sub>4<\/sub>:<sub>\u00a0<\/sub>Cultivo de Soja Consorciada com Braqui\u00e1ria e Girassol na segunda safra tamb\u00e9m em cons\u00f3rcio com\u00a0<em>Brachiaria brizantha<\/em>; T<sub>5<\/sub>:Cultivo de Soja Solteira e Girassol na segunda safra em cons\u00f3rcio com\u00a0<em>Brachiaria brizantha<\/em>; Em dois sistemas de preparo do solo, plantio direto e sistema convencional.<\/p>\n<p>Respons\u00e1vel: Dr. Aguinaldo Jos\u00e9 Freitas Leal<\/p>\n<p>Integrantes: Prof. Dr. Cassiano G. Roque; Profa. Dra. Amanda R. Godoy Baptist\u00e3o; Prof. Dr. Fernando F. da Cunha; Prof. Dr. Gustavo de F. Theodoro; Eng. Agr. Jefferson L. Anselmo; Pl\u00ednio Biasi de Toledo Piza<\/p>\n<p>&nbsp;<\/p>\n<p><strong>T\u00edtulo: CARACTERISTICAS FIS\u00cdCAS E QUIMICAS DE SOLO DE CERRADO ALTERADAS POR DIFERENTES SISTEMAS DE PREPARO E DOSES DE GESSO EM SISTEMA DE ROTA\u00c7\u00c3O SOJA \/ ALGOD\u00c3O<\/strong><strong><\/strong><\/p>\n<p><strong>Resumo:\u00a0<\/strong>A cultura do algod\u00e3o na regi\u00e3o dos Cerrados de altitude \u00e9 caracterizada por apresentar altos rendimentos, explicados pelo n\u00edvel tecnol\u00f3gico adotado. No entanto, para obten\u00e7\u00e3o desses rendimentos \u00e9 necess\u00e1rio altos investimentos. Assim \u00e9 de fundamental import\u00e2ncia avaliar a ado\u00e7\u00e3o de tecnologias que permitam um melhor estabelecimento da cultura, ou mesmo um maior desenvolvimento radicular que possibilite uma maior estabilidade de produ\u00e7\u00e3o, mesmo com a ocorr\u00eancia de irregularidades na precipita\u00e7\u00e3o. Buscando melhorar o desenvolvimento do sistema radicular, para maior toler\u00e2ncia a seca ser\u00e3o avaliados tr\u00eas sistemas de preparo (Plantio Direto, Cultivo m\u00ednimo e Cultivo Convencional) e 4 doses de gesso (0, 1000, 2000, 3000 e 4000 kg\/ha), dispostos em sistema de parcelas subdividas (sistemas &#8211; Parcelas e Doses de gesso as subparcelas). O trabalho ser\u00e1 realizado na Fazenda S\u00e3o Caetano, situada a 18\u00ba46&#8217;472\u2019\u2019 de latitude Sul (S), 52\u00ba38&#8217;397\u2019\u2019 de longitude Oeste (W), a altitude de\u00a0810 metros, no munic\u00edpio de Chapad\u00e3o do Sul &#8211; MS. \u00c1rea tradicionalmente cultivada em sistema de rota\u00e7\u00e3o soja \/ algod\u00e3o. Os sistemas de preparo e as doses de gesso foram realizados em Outubro de 2007. Posteriormente a \u00e1rea foi cultivada com algodoeiro (2007\/08), soja (2008\/09), as quais tiveram suas produtividades por parcela estimadas. Atualmente a \u00e1rea encontra-se novamente cultivada com algodoeiro (2009\/10). Ap\u00f3s a colheita ser\u00e3o analisadas as caracter\u00edsticas f\u00edsicas e qu\u00edmicas do solo.<\/p>\n<p>Respons\u00e1vel: Dr. Aguinaldo Jos\u00e9 Freitas Leal<\/p>\n<p>Integrantes: Prof. Dr. Cassiano G. Roque; Eng. Agr. Jefferson L. Anselmo; Eng. Dr. Germison Vital Tomquelski; Eng. Agr. Fl\u00e1vio Hiroshi Kaneko;\u00a0Kalixto Ukenn de Oliveira Luchese;\u00a0Vagner Andr\u00e9 Minotto<\/p>\n<p>&nbsp;<\/p>\n<p><strong>T\u00edtulo: PRODUTIVIDADE DO FEIJOEIRO CORRELACIONADO COM ATRIBUTOS DO SOLO SOB SISTEMA DE SEMEADURA CONVENCIONAL<\/strong><\/p>\n<p><strong>Resumo:\u00a0<\/strong>No Brasil, a cultura do feijoeiro constitui-se numa das mais representativas explora\u00e7\u00f5es agr\u00edcolas, n\u00e3o s\u00f3 sua pela \u00e1rea de cultivo como tamb\u00e9m pelo valor econ\u00f4mico de sua produ\u00e7\u00e3o. No ano agr\u00edcola de 2010\/11, no munic\u00edpio de Chapad\u00e3o do Sul (MS), est\u00e1 sendo analisada a produtividade de gr\u00e3os do feijoeiro, em fun\u00e7\u00e3o de alguns atributos de um Latossolo Vermelho distr\u00f3fico, cultivado nas condi\u00e7\u00f5es de elevado n\u00edvel tecnol\u00f3gico de manejo no sistema de cultivo convencional. Os objetivos s\u00e3o: a) analisar a diferen\u00e7a de produtividade de gr\u00e3os do feijoeiro, embasada nas diferen\u00e7as existentes entre os valores m\u00e9dios dos atributos do solo trabalhado, e b) definir o atributo do solo que melhor explicam a variabilidade da produtividade de gr\u00e3os do feijoeiro. Para tanto, ser\u00e1 instalada uma malha geoestat\u00edstica para a coleta de dados do solo e da planta, com 121 pontos amostrais.<\/p>\n<p>Prof. Respons\u00e1vel: Dr. Cassiano Garcia Roque<\/p>\n<p>Integrantes: Prof. Dr. Aguinaldo J. F. Leal; Prof. Dr. Rafael Montanari (UEMS); Vagner Andr\u00e9 Minotto; Felipe Barbosa de Freitas; Kalixto Ukenn de Oliveira Luchese; M\u00f4nica C. R. Zuffo Borges<\/p>\n<p>&nbsp;<\/p>\n<p><strong>T\u00edtulo: AVALIA\u00c7\u00c3O DE ADUBA\u00c7\u00d5ES NA CULTURA DO ALGODOEIRO ADENSADO<\/strong><strong><\/strong><\/p>\n<p><strong>Resumo:\u00a0<\/strong>O presente projeto tem como objetivo avaliar a aduba\u00e7\u00e3o para a cultura do algod\u00e3o adensado no munic\u00edpio de Chapad\u00e3o do Sul- MS. O experimento ser\u00e1 subdividido em tr\u00eas sub experimentos especificados a seguir: avalia\u00e7\u00e3o de diferentes doses de pot\u00e1ssio na cultura do algod\u00e3o adensado ap\u00f3s a cultura do feij\u00e3o (curva de resposta); avalia\u00e7\u00e3o de diferentes doses de nitrog\u00eanio na cultura do algod\u00e3o adensado ap\u00f3s a cultura do feij\u00e3o (curva de resposta); e comportamento da cultura do algod\u00e3o em fun\u00e7\u00e3o do manejo da aduba\u00e7\u00e3o nitrogenada ap\u00f3s a cultura do feij\u00e3o. Os experimentos j\u00e1 se encontram instalados na \u00e1rea experimental do Campus da UFMS\/CPCS. Se baseiam no plantio e aduba\u00e7\u00e3o da cultura do algod\u00e3o implantado de forma adensada ap\u00f3s a cultura do feijoeiro. Espera-se com este experimento gerar tecnologia que contribua para a produ\u00e7\u00e3o da cultura do algod\u00e3o adensado e que sejam aproveitadas por agricultores da regi\u00e3o, estudantes e profissionais de \u00e1reas afins, disponibilizando a melhor forma de aduba\u00e7\u00e3o nitrogenada assim como a pot\u00e1ssica.<\/p>\n<p>Prof. Respons\u00e1vel: Dr. Cassiano Garcia Roque<\/p>\n<p>Integrantes: Prof. Dr. Aguinaldo J. F. Leal; Prof. Dr. Rafael Montanari (UEMS); Eng. Agr. Jefferson L. Anselmo; Vagner Andr\u00e9 Minotto; Ueslei Carlos de Freitas; Felipe Barbosa de Freitas; Let\u00edcia A. de Oliveira<\/p>\n","protected":false},"excerpt":{"rendered":"<p>T\u00edtulo: Calibra\u00e7\u00e3o e Otimiza\u00e7\u00e3o da Aduba\u00e7\u00e3o Nitrogenada do Algodoeiro em Regi\u00e3o de Cerrado, Utilizando Sensor \u00d3ptico\u00a0 Resumo:\u00a0A aduba\u00e7\u00e3o nitrogenada na cultura do algodoeiro, al\u00e9m de possibilitar acr\u00e9scimos de produtividade, influ\u00eancia em aspectos importantes de qualidade da pluma, opera\u00e7\u00e3o de colheita e incid\u00eancia de pragas, portanto, \u00e9 de fundamental import\u00e2ncia que a dose a ser aplicada [&hellip;]<\/p>\n","protected":false},"author":106,"featured_media":0,"parent":315,"menu_order":0,"comment_status":"closed","ping_status":"open","template":"","meta":{"ngg_post_thumbnail":0,"footnotes":""},"coauthors":[],"class_list":["post-317","page","type-page","status-publish","hentry"],"yoast_head":"<!-- This site is optimized with the Yoast SEO plugin v26.2 - https:\/\/yoast.com\/wordpress\/plugins\/seo\/ -->\n<title>Projetos\/Pesquisa - Campus de Chapad\u00e3o do Sul<\/title>\n<meta name=\"robots\" content=\"index, follow, max-snippet:-1, max-image-preview:large, max-video-preview:-1\" \/>\n<link rel=\"canonical\" href=\"https:\/\/cpcs.ufms.br\/grupo-pet-agronomiaengenharia-florestal\/atividades\/projetospesquisa\/\" \/>\n<meta property=\"og:locale\" content=\"en_US\" \/>\n<meta property=\"og:type\" content=\"article\" \/>\n<meta property=\"og:title\" content=\"Projetos\/Pesquisa - Campus de Chapad\u00e3o do Sul\" \/>\n<meta property=\"og:description\" content=\"T\u00edtulo: Calibra\u00e7\u00e3o e Otimiza\u00e7\u00e3o da Aduba\u00e7\u00e3o Nitrogenada do Algodoeiro em Regi\u00e3o de Cerrado, Utilizando Sensor \u00d3ptico\u00a0 Resumo:\u00a0A aduba\u00e7\u00e3o nitrogenada na cultura do algodoeiro, al\u00e9m de possibilitar acr\u00e9scimos de produtividade, influ\u00eancia em aspectos importantes de qualidade da pluma, opera\u00e7\u00e3o de colheita e incid\u00eancia de pragas, portanto, \u00e9 de fundamental import\u00e2ncia que a dose a ser aplicada [&hellip;]\" \/>\n<meta property=\"og:url\" content=\"https:\/\/cpcs.ufms.br\/grupo-pet-agronomiaengenharia-florestal\/atividades\/projetospesquisa\/\" \/>\n<meta property=\"og:site_name\" content=\"Campus de Chapad\u00e3o do Sul\" \/>\n<meta name=\"twitter:label1\" content=\"Est. reading time\" \/>\n\t<meta name=\"twitter:data1\" content=\"7 minutes\" \/>\n<script type=\"application\/ld+json\" class=\"yoast-schema-graph\">{\"@context\":\"https:\/\/schema.org\",\"@graph\":[{\"@type\":\"WebPage\",\"@id\":\"https:\/\/cpcs.ufms.br\/grupo-pet-agronomiaengenharia-florestal\/atividades\/projetospesquisa\/\",\"url\":\"https:\/\/cpcs.ufms.br\/grupo-pet-agronomiaengenharia-florestal\/atividades\/projetospesquisa\/\",\"name\":\"Projetos\/Pesquisa - Campus de Chapad\u00e3o do Sul\",\"isPartOf\":{\"@id\":\"https:\/\/cpcs.ufms.br\/#website\"},\"datePublished\":\"2012-10-10T11:16:51+00:00\",\"breadcrumb\":{\"@id\":\"https:\/\/cpcs.ufms.br\/grupo-pet-agronomiaengenharia-florestal\/atividades\/projetospesquisa\/#breadcrumb\"},\"inLanguage\":\"en-US\",\"potentialAction\":[{\"@type\":\"ReadAction\",\"target\":[\"https:\/\/cpcs.ufms.br\/grupo-pet-agronomiaengenharia-florestal\/atividades\/projetospesquisa\/\"]}]},{\"@type\":\"BreadcrumbList\",\"@id\":\"https:\/\/cpcs.ufms.br\/grupo-pet-agronomiaengenharia-florestal\/atividades\/projetospesquisa\/#breadcrumb\",\"itemListElement\":[{\"@type\":\"ListItem\",\"position\":1,\"name\":\"In\u00edcio\",\"item\":\"https:\/\/cpcs.ufms.br\/\"},{\"@type\":\"ListItem\",\"position\":2,\"name\":\"Grupo PET Agronomia\/Engenharia Florestal\",\"item\":\"https:\/\/cpcs.ufms.br\/grupo-pet-agronomiaengenharia-florestal\/\"},{\"@type\":\"ListItem\",\"position\":3,\"name\":\"Atividades\",\"item\":\"https:\/\/cpcs.ufms.br\/grupo-pet-agronomiaengenharia-florestal\/atividades\/\"},{\"@type\":\"ListItem\",\"position\":4,\"name\":\"Projetos\/Pesquisa\"}]},{\"@type\":\"WebSite\",\"@id\":\"https:\/\/cpcs.ufms.br\/#website\",\"url\":\"https:\/\/cpcs.ufms.br\/\",\"name\":\"Campus de Chapad\u00e3o do Sul\",\"description\":\"Universidade Federal de Mato Grosso do Sul\",\"potentialAction\":[{\"@type\":\"SearchAction\",\"target\":{\"@type\":\"EntryPoint\",\"urlTemplate\":\"https:\/\/cpcs.ufms.br\/?s={search_term_string}\"},\"query-input\":{\"@type\":\"PropertyValueSpecification\",\"valueRequired\":true,\"valueName\":\"search_term_string\"}}],\"inLanguage\":\"en-US\"}]}<\/script>\n<!-- \/ Yoast SEO plugin. -->","yoast_head_json":{"title":"Projetos\/Pesquisa - Campus de Chapad\u00e3o do Sul","robots":{"index":"index","follow":"follow","max-snippet":"max-snippet:-1","max-image-preview":"max-image-preview:large","max-video-preview":"max-video-preview:-1"},"canonical":"https:\/\/cpcs.ufms.br\/grupo-pet-agronomiaengenharia-florestal\/atividades\/projetospesquisa\/","og_locale":"en_US","og_type":"article","og_title":"Projetos\/Pesquisa - Campus de Chapad\u00e3o do Sul","og_description":"T\u00edtulo: Calibra\u00e7\u00e3o e Otimiza\u00e7\u00e3o da Aduba\u00e7\u00e3o Nitrogenada do Algodoeiro em Regi\u00e3o de Cerrado, Utilizando Sensor \u00d3ptico\u00a0 Resumo:\u00a0A aduba\u00e7\u00e3o nitrogenada na cultura do algodoeiro, al\u00e9m de possibilitar acr\u00e9scimos de produtividade, influ\u00eancia em aspectos importantes de qualidade da pluma, opera\u00e7\u00e3o de colheita e incid\u00eancia de pragas, portanto, \u00e9 de fundamental import\u00e2ncia que a dose a ser aplicada [&hellip;]","og_url":"https:\/\/cpcs.ufms.br\/grupo-pet-agronomiaengenharia-florestal\/atividades\/projetospesquisa\/","og_site_name":"Campus de Chapad\u00e3o do Sul","twitter_misc":{"Est. reading time":"7 minutes"},"schema":{"@context":"https:\/\/schema.org","@graph":[{"@type":"WebPage","@id":"https:\/\/cpcs.ufms.br\/grupo-pet-agronomiaengenharia-florestal\/atividades\/projetospesquisa\/","url":"https:\/\/cpcs.ufms.br\/grupo-pet-agronomiaengenharia-florestal\/atividades\/projetospesquisa\/","name":"Projetos\/Pesquisa - Campus de Chapad\u00e3o do Sul","isPartOf":{"@id":"https:\/\/cpcs.ufms.br\/#website"},"datePublished":"2012-10-10T11:16:51+00:00","breadcrumb":{"@id":"https:\/\/cpcs.ufms.br\/grupo-pet-agronomiaengenharia-florestal\/atividades\/projetospesquisa\/#breadcrumb"},"inLanguage":"en-US","potentialAction":[{"@type":"ReadAction","target":["https:\/\/cpcs.ufms.br\/grupo-pet-agronomiaengenharia-florestal\/atividades\/projetospesquisa\/"]}]},{"@type":"BreadcrumbList","@id":"https:\/\/cpcs.ufms.br\/grupo-pet-agronomiaengenharia-florestal\/atividades\/projetospesquisa\/#breadcrumb","itemListElement":[{"@type":"ListItem","position":1,"name":"In\u00edcio","item":"https:\/\/cpcs.ufms.br\/"},{"@type":"ListItem","position":2,"name":"Grupo PET Agronomia\/Engenharia Florestal","item":"https:\/\/cpcs.ufms.br\/grupo-pet-agronomiaengenharia-florestal\/"},{"@type":"ListItem","position":3,"name":"Atividades","item":"https:\/\/cpcs.ufms.br\/grupo-pet-agronomiaengenharia-florestal\/atividades\/"},{"@type":"ListItem","position":4,"name":"Projetos\/Pesquisa"}]},{"@type":"WebSite","@id":"https:\/\/cpcs.ufms.br\/#website","url":"https:\/\/cpcs.ufms.br\/","name":"Campus de Chapad\u00e3o do Sul","description":"Universidade Federal de Mato Grosso do Sul","potentialAction":[{"@type":"SearchAction","target":{"@type":"EntryPoint","urlTemplate":"https:\/\/cpcs.ufms.br\/?s={search_term_string}"},"query-input":{"@type":"PropertyValueSpecification","valueRequired":true,"valueName":"search_term_string"}}],"inLanguage":"en-US"}]}},"_links":{"self":[{"href":"https:\/\/cpcs.ufms.br\/en\/wp-json\/wp\/v2\/pages\/317","targetHints":{"allow":["GET"]}}],"collection":[{"href":"https:\/\/cpcs.ufms.br\/en\/wp-json\/wp\/v2\/pages"}],"about":[{"href":"https:\/\/cpcs.ufms.br\/en\/wp-json\/wp\/v2\/types\/page"}],"author":[{"embeddable":true,"href":"https:\/\/cpcs.ufms.br\/en\/wp-json\/wp\/v2\/users\/106"}],"replies":[{"embeddable":true,"href":"https:\/\/cpcs.ufms.br\/en\/wp-json\/wp\/v2\/comments?post=317"}],"version-history":[{"count":1,"href":"https:\/\/cpcs.ufms.br\/en\/wp-json\/wp\/v2\/pages\/317\/revisions"}],"predecessor-version":[{"id":318,"href":"https:\/\/cpcs.ufms.br\/en\/wp-json\/wp\/v2\/pages\/317\/revisions\/318"}],"up":[{"embeddable":true,"href":"https:\/\/cpcs.ufms.br\/en\/wp-json\/wp\/v2\/pages\/315"}],"wp:attachment":[{"href":"https:\/\/cpcs.ufms.br\/en\/wp-json\/wp\/v2\/media?parent=317"}],"wp:term":[{"taxonomy":"author","embeddable":true,"href":"https:\/\/cpcs.ufms.br\/en\/wp-json\/wp\/v2\/coauthors?post=317"}],"curies":[{"name":"wp","href":"https:\/\/api.w.org\/{rel}","templated":true}]}}