{"id":315,"date":"2012-10-10T07:15:43","date_gmt":"2012-10-10T11:15:43","guid":{"rendered":"http:\/\/cpcs.draconis.ufms.br\/?page_id=315"},"modified":"2013-05-06T14:11:08","modified_gmt":"2013-05-06T18:11:08","slug":"atividades","status":"publish","type":"page","link":"https:\/\/cpcs.ufms.br\/en\/grupo-pet-agronomiaengenharia-florestal\/atividades\/","title":{"rendered":"Atividades"},"content":{"rendered":"<p>Aqui ser\u00e1 apresentado as atividades de ensino, pesquisa e extens\u00e3o as quais\u00a0contaram com a contribui\u00e7\u00e3o em sua realiza\u00e7\u00e3o de integrantes do Grupo PET, inclu\u00eddo\u00a0atividades organizadas por professores que contribuem com esse grupo de alunos.<\/p>\n<ul>\n<li><a href=\"http:\/\/cpcs.draconis.ufms.br\/?page_id=317\">Projetos de Pesquisa<\/a><\/li>\n<li><a href=\"http:\/\/cpcs.draconis.ufms.br\/?page_id=320\">Ensino\/Extens\u00e3o<\/a><\/li>\n<\/ul>\n","protected":false},"excerpt":{"rendered":"<p>Aqui ser\u00e1 apresentado as atividades de ensino, pesquisa e extens\u00e3o as quais\u00a0contaram com a contribui\u00e7\u00e3o em sua realiza\u00e7\u00e3o de integrantes do Grupo PET, inclu\u00eddo\u00a0atividades organizadas por professores que contribuem com esse grupo de alunos. Projetos de Pesquisa Ensino\/Extens\u00e3o<\/p>\n","protected":false},"author":106,"featured_media":0,"parent":307,"menu_order":0,"comment_status":"closed","ping_status":"open","template":"","meta":{"ngg_post_thumbnail":0,"footnotes":""},"coauthors":[],"class_list":["post-315","page","type-page","status-publish","hentry"],"yoast_head":"<!-- This site is optimized with the Yoast SEO plugin v26.2 - https:\/\/yoast.com\/wordpress\/plugins\/seo\/ -->\n<title>Atividades - Campus de Chapad\u00e3o do Sul<\/title>\n<meta name=\"robots\" content=\"index, follow, max-snippet:-1, max-image-preview:large, max-video-preview:-1\" \/>\n<link rel=\"canonical\" href=\"https:\/\/cpcs.ufms.br\/grupo-pet-agronomiaengenharia-florestal\/atividades\/\" \/>\n<meta property=\"og:locale\" content=\"en_US\" \/>\n<meta property=\"og:type\" content=\"article\" \/>\n<meta property=\"og:title\" content=\"Atividades - Campus de Chapad\u00e3o do Sul\" \/>\n<meta property=\"og:description\" content=\"Aqui ser\u00e1 apresentado as atividades de ensino, pesquisa e extens\u00e3o as quais\u00a0contaram com a contribui\u00e7\u00e3o em sua realiza\u00e7\u00e3o de integrantes do Grupo PET, inclu\u00eddo\u00a0atividades organizadas por professores que contribuem com esse grupo de alunos. Projetos de Pesquisa Ensino\/Extens\u00e3o\" \/>\n<meta property=\"og:url\" content=\"https:\/\/cpcs.ufms.br\/grupo-pet-agronomiaengenharia-florestal\/atividades\/\" \/>\n<meta property=\"og:site_name\" content=\"Campus de Chapad\u00e3o do Sul\" \/>\n<meta property=\"article:modified_time\" content=\"2013-05-06T18:11:08+00:00\" \/>\n<script type=\"application\/ld+json\" class=\"yoast-schema-graph\">{\"@context\":\"https:\/\/schema.org\",\"@graph\":[{\"@type\":\"WebPage\",\"@id\":\"https:\/\/cpcs.ufms.br\/grupo-pet-agronomiaengenharia-florestal\/atividades\/\",\"url\":\"https:\/\/cpcs.ufms.br\/grupo-pet-agronomiaengenharia-florestal\/atividades\/\",\"name\":\"Atividades - Campus de Chapad\u00e3o do Sul\",\"isPartOf\":{\"@id\":\"https:\/\/cpcs.ufms.br\/#website\"},\"datePublished\":\"2012-10-10T11:15:43+00:00\",\"dateModified\":\"2013-05-06T18:11:08+00:00\",\"breadcrumb\":{\"@id\":\"https:\/\/cpcs.ufms.br\/grupo-pet-agronomiaengenharia-florestal\/atividades\/#breadcrumb\"},\"inLanguage\":\"en-US\",\"potentialAction\":[{\"@type\":\"ReadAction\",\"target\":[\"https:\/\/cpcs.ufms.br\/grupo-pet-agronomiaengenharia-florestal\/atividades\/\"]}]},{\"@type\":\"BreadcrumbList\",\"@id\":\"https:\/\/cpcs.ufms.br\/grupo-pet-agronomiaengenharia-florestal\/atividades\/#breadcrumb\",\"itemListElement\":[{\"@type\":\"ListItem\",\"position\":1,\"name\":\"In\u00edcio\",\"item\":\"https:\/\/cpcs.ufms.br\/\"},{\"@type\":\"ListItem\",\"position\":2,\"name\":\"Grupo PET Agronomia\/Engenharia Florestal\",\"item\":\"https:\/\/cpcs.ufms.br\/grupo-pet-agronomiaengenharia-florestal\/\"},{\"@type\":\"ListItem\",\"position\":3,\"name\":\"Atividades\"}]},{\"@type\":\"WebSite\",\"@id\":\"https:\/\/cpcs.ufms.br\/#website\",\"url\":\"https:\/\/cpcs.ufms.br\/\",\"name\":\"Campus de Chapad\u00e3o do Sul\",\"description\":\"Universidade Federal de Mato Grosso do Sul\",\"potentialAction\":[{\"@type\":\"SearchAction\",\"target\":{\"@type\":\"EntryPoint\",\"urlTemplate\":\"https:\/\/cpcs.ufms.br\/?s={search_term_string}\"},\"query-input\":{\"@type\":\"PropertyValueSpecification\",\"valueRequired\":true,\"valueName\":\"search_term_string\"}}],\"inLanguage\":\"en-US\"}]}<\/script>\n<!-- \/ Yoast SEO plugin. -->","yoast_head_json":{"title":"Atividades - Campus de Chapad\u00e3o do Sul","robots":{"index":"index","follow":"follow","max-snippet":"max-snippet:-1","max-image-preview":"max-image-preview:large","max-video-preview":"max-video-preview:-1"},"canonical":"https:\/\/cpcs.ufms.br\/grupo-pet-agronomiaengenharia-florestal\/atividades\/","og_locale":"en_US","og_type":"article","og_title":"Atividades - Campus de Chapad\u00e3o do Sul","og_description":"Aqui ser\u00e1 apresentado as atividades de ensino, pesquisa e extens\u00e3o as quais\u00a0contaram com a contribui\u00e7\u00e3o em sua realiza\u00e7\u00e3o de integrantes do Grupo PET, inclu\u00eddo\u00a0atividades organizadas por professores que contribuem com esse grupo de alunos. Projetos de Pesquisa Ensino\/Extens\u00e3o","og_url":"https:\/\/cpcs.ufms.br\/grupo-pet-agronomiaengenharia-florestal\/atividades\/","og_site_name":"Campus de Chapad\u00e3o do Sul","article_modified_time":"2013-05-06T18:11:08+00:00","schema":{"@context":"https:\/\/schema.org","@graph":[{"@type":"WebPage","@id":"https:\/\/cpcs.ufms.br\/grupo-pet-agronomiaengenharia-florestal\/atividades\/","url":"https:\/\/cpcs.ufms.br\/grupo-pet-agronomiaengenharia-florestal\/atividades\/","name":"Atividades - Campus de Chapad\u00e3o do Sul","isPartOf":{"@id":"https:\/\/cpcs.ufms.br\/#website"},"datePublished":"2012-10-10T11:15:43+00:00","dateModified":"2013-05-06T18:11:08+00:00","breadcrumb":{"@id":"https:\/\/cpcs.ufms.br\/grupo-pet-agronomiaengenharia-florestal\/atividades\/#breadcrumb"},"inLanguage":"en-US","potentialAction":[{"@type":"ReadAction","target":["https:\/\/cpcs.ufms.br\/grupo-pet-agronomiaengenharia-florestal\/atividades\/"]}]},{"@type":"BreadcrumbList","@id":"https:\/\/cpcs.ufms.br\/grupo-pet-agronomiaengenharia-florestal\/atividades\/#breadcrumb","itemListElement":[{"@type":"ListItem","position":1,"name":"In\u00edcio","item":"https:\/\/cpcs.ufms.br\/"},{"@type":"ListItem","position":2,"name":"Grupo PET Agronomia\/Engenharia Florestal","item":"https:\/\/cpcs.ufms.br\/grupo-pet-agronomiaengenharia-florestal\/"},{"@type":"ListItem","position":3,"name":"Atividades"}]},{"@type":"WebSite","@id":"https:\/\/cpcs.ufms.br\/#website","url":"https:\/\/cpcs.ufms.br\/","name":"Campus de Chapad\u00e3o do Sul","description":"Universidade Federal de Mato Grosso do Sul","potentialAction":[{"@type":"SearchAction","target":{"@type":"EntryPoint","urlTemplate":"https:\/\/cpcs.ufms.br\/?s={search_term_string}"},"query-input":{"@type":"PropertyValueSpecification","valueRequired":true,"valueName":"search_term_string"}}],"inLanguage":"en-US"}]}},"_links":{"self":[{"href":"https:\/\/cpcs.ufms.br\/en\/wp-json\/wp\/v2\/pages\/315","targetHints":{"allow":["GET"]}}],"collection":[{"href":"https:\/\/cpcs.ufms.br\/en\/wp-json\/wp\/v2\/pages"}],"about":[{"href":"https:\/\/cpcs.ufms.br\/en\/wp-json\/wp\/v2\/types\/page"}],"author":[{"embeddable":true,"href":"https:\/\/cpcs.ufms.br\/en\/wp-json\/wp\/v2\/users\/106"}],"replies":[{"embeddable":true,"href":"https:\/\/cpcs.ufms.br\/en\/wp-json\/wp\/v2\/comments?post=315"}],"version-history":[{"count":5,"href":"https:\/\/cpcs.ufms.br\/en\/wp-json\/wp\/v2\/pages\/315\/revisions"}],"predecessor-version":[{"id":1114,"href":"https:\/\/cpcs.ufms.br\/en\/wp-json\/wp\/v2\/pages\/315\/revisions\/1114"}],"up":[{"embeddable":true,"href":"https:\/\/cpcs.ufms.br\/en\/wp-json\/wp\/v2\/pages\/307"}],"wp:attachment":[{"href":"https:\/\/cpcs.ufms.br\/en\/wp-json\/wp\/v2\/media?parent=315"}],"wp:term":[{"taxonomy":"author","embeddable":true,"href":"https:\/\/cpcs.ufms.br\/en\/wp-json\/wp\/v2\/coauthors?post=315"}],"curies":[{"name":"wp","href":"https:\/\/api.w.org\/{rel}","templated":true}]}}