{"id":3073,"date":"2016-06-13T13:55:43","date_gmt":"2016-06-13T17:55:43","guid":{"rendered":"http:\/\/cpcs.draconis.ufms.br\/?page_id=3073"},"modified":"2022-06-13T20:33:36","modified_gmt":"2022-06-14T00:33:36","slug":"gileno-brito-de-azevedo","status":"publish","type":"page","link":"https:\/\/cpcs.ufms.br\/en\/docentes\/engenhariaflorestal\/gileno-brito-de-azevedo\/","title":{"rendered":"Gileno Brito de Azevedo"},"content":{"rendered":"<p><a href=\"https:\/\/cpcs.ufms.br\/files\/2022\/06\/gileno.png\"><img fetchpriority=\"high\" decoding=\"async\" class=\" wp-image-8231 aligncenter\" src=\"https:\/\/cpcs.ufms.br\/files\/2022\/06\/gileno.png\" alt=\"\" width=\"264\" height=\"294\" srcset=\"https:\/\/cpcs.ufms.br\/files\/2022\/06\/gileno.png 645w, https:\/\/cpcs.ufms.br\/files\/2022\/06\/gileno-269x300.png 269w, https:\/\/cpcs.ufms.br\/files\/2022\/06\/gileno-287x320.png 287w, https:\/\/cpcs.ufms.br\/files\/2022\/06\/gileno-600x668.png 600w\" sizes=\"(max-width: 264px) 100vw, 264px\" \/><\/a><\/p>\n<table border=\"0\" width=\"100%\" cellpadding=\"0\">\n<tbody>\n<tr>\n<td width=\"17%\"><strong>Doutorado<\/strong><\/td>\n<td width=\"80%\">Ci\u00eancias Florestais (Manejo Florestal), UnB &#8211; 2017.<\/td>\n<\/tr>\n<tr>\n<td width=\"17%\"><strong>Mestrado<\/strong><\/td>\n<td width=\"80%\">Ci\u00eancias Florestais (Manejo Florestal), UnB &#8211; 2014.<\/td>\n<\/tr>\n<tr>\n<td width=\"17%\"><strong>Gradua\u00e7\u00e3o<\/strong><\/td>\n<td width=\"80%\">Engenharia Florestal, UESB, Vit\u00f3ria da Conquista &#8211; BA &#8211; 2011.<\/td>\n<\/tr>\n<\/tbody>\n<\/table>\n<p>&nbsp;<\/p>\n<p><strong>\u00c1reas e Linhas de Pesquisa:<\/strong><\/p>\n<ul>\n<li>Mensura\u00e7\u00e3o Florestal.<\/li>\n<li>Modelagem do Crescimento e Produ\u00e7\u00e3o Florestal.<\/li>\n<li>Viveiros Florestais.<\/li>\n<li>Silvicultura.<\/li>\n<\/ul>\n<p>&nbsp;<\/p>\n<p><strong>E-mail:<\/strong>&nbsp; gileno.azevedo@ufms.br<\/p>\n<p><strong>Telefone:<\/strong>&nbsp;(67) 3562-6320<\/p>\n<p style=\"text-align: center\"><a href=\"http:\/\/buscatextual.cnpq.br\/buscatextual\/visualizacv.do?id=K4423763A3\" target=\"_blank\" rel=\"noopener noreferrer\">(Curr\u00edculo &#8211; Plataforma Lattes)<\/a><\/p>\n","protected":false},"excerpt":{"rendered":"<p>Doutorado Ci\u00eancias Florestais (Manejo Florestal), UnB &#8211; 2017. Mestrado Ci\u00eancias Florestais (Manejo Florestal), UnB &#8211; 2014. Gradua\u00e7\u00e3o Engenharia Florestal, UESB, Vit\u00f3ria da Conquista &#8211; BA &#8211; 2011. &nbsp; \u00c1reas e Linhas de Pesquisa: Mensura\u00e7\u00e3o Florestal. Modelagem do Crescimento e Produ\u00e7\u00e3o Florestal. Viveiros Florestais. Silvicultura. &nbsp; E-mail:&nbsp; gileno.azevedo@ufms.br Telefone:&nbsp;(67) 3562-6320 (Curr\u00edculo &#8211; Plataforma Lattes)<\/p>\n","protected":false},"author":3221,"featured_media":0,"parent":6954,"menu_order":0,"comment_status":"closed","ping_status":"closed","template":"","meta":{"ngg_post_thumbnail":0,"footnotes":""},"coauthors":[32],"class_list":["post-3073","page","type-page","status-publish","hentry"],"yoast_head":"<!-- This site is optimized with the Yoast SEO plugin v26.2 - https:\/\/yoast.com\/wordpress\/plugins\/seo\/ -->\n<title>Gileno Brito de Azevedo - Campus de Chapad\u00e3o do Sul<\/title>\n<meta name=\"robots\" content=\"index, follow, max-snippet:-1, max-image-preview:large, max-video-preview:-1\" \/>\n<link rel=\"canonical\" href=\"https:\/\/cpcs.ufms.br\/docentes\/engenhariaflorestal\/gileno-brito-de-azevedo\/\" \/>\n<meta property=\"og:locale\" content=\"en_US\" \/>\n<meta property=\"og:type\" content=\"article\" \/>\n<meta property=\"og:title\" content=\"Gileno Brito de Azevedo - Campus de Chapad\u00e3o do Sul\" \/>\n<meta property=\"og:description\" content=\"Doutorado Ci\u00eancias Florestais (Manejo Florestal), UnB &#8211; 2017. Mestrado Ci\u00eancias Florestais (Manejo Florestal), UnB &#8211; 2014. Gradua\u00e7\u00e3o Engenharia Florestal, UESB, Vit\u00f3ria da Conquista &#8211; BA &#8211; 2011. &nbsp; \u00c1reas e Linhas de Pesquisa: Mensura\u00e7\u00e3o Florestal. Modelagem do Crescimento e Produ\u00e7\u00e3o Florestal. Viveiros Florestais. Silvicultura. &nbsp; E-mail:&nbsp; gileno.azevedo@ufms.br Telefone:&nbsp;(67) 3562-6320 (Curr\u00edculo &#8211; Plataforma Lattes)\" \/>\n<meta property=\"og:url\" content=\"https:\/\/cpcs.ufms.br\/docentes\/engenhariaflorestal\/gileno-brito-de-azevedo\/\" \/>\n<meta property=\"og:site_name\" content=\"Campus de Chapad\u00e3o do Sul\" \/>\n<meta property=\"article:modified_time\" content=\"2022-06-14T00:33:36+00:00\" \/>\n<meta property=\"og:image\" content=\"https:\/\/cpcs.ufms.br\/files\/2022\/06\/gileno.png\" \/>\n<meta name=\"twitter:label1\" content=\"Est. reading time\" \/>\n\t<meta name=\"twitter:data1\" content=\"1 minute\" \/>\n\t<meta name=\"twitter:label2\" content=\"Written by\" \/>\n\t<meta name=\"twitter:data2\" content=\"Vilela Bezerra\" \/>\n<script type=\"application\/ld+json\" class=\"yoast-schema-graph\">{\"@context\":\"https:\/\/schema.org\",\"@graph\":[{\"@type\":\"WebPage\",\"@id\":\"https:\/\/cpcs.ufms.br\/docentes\/engenhariaflorestal\/gileno-brito-de-azevedo\/\",\"url\":\"https:\/\/cpcs.ufms.br\/docentes\/engenhariaflorestal\/gileno-brito-de-azevedo\/\",\"name\":\"Gileno Brito de Azevedo - Campus de Chapad\u00e3o do Sul\",\"isPartOf\":{\"@id\":\"https:\/\/cpcs.ufms.br\/#website\"},\"primaryImageOfPage\":{\"@id\":\"https:\/\/cpcs.ufms.br\/docentes\/engenhariaflorestal\/gileno-brito-de-azevedo\/#primaryimage\"},\"image\":{\"@id\":\"https:\/\/cpcs.ufms.br\/docentes\/engenhariaflorestal\/gileno-brito-de-azevedo\/#primaryimage\"},\"thumbnailUrl\":\"https:\/\/cpcs.ufms.br\/files\/2022\/06\/gileno.png\",\"datePublished\":\"2016-06-13T17:55:43+00:00\",\"dateModified\":\"2022-06-14T00:33:36+00:00\",\"breadcrumb\":{\"@id\":\"https:\/\/cpcs.ufms.br\/docentes\/engenhariaflorestal\/gileno-brito-de-azevedo\/#breadcrumb\"},\"inLanguage\":\"en-US\",\"potentialAction\":[{\"@type\":\"ReadAction\",\"target\":[\"https:\/\/cpcs.ufms.br\/docentes\/engenhariaflorestal\/gileno-brito-de-azevedo\/\"]}]},{\"@type\":\"ImageObject\",\"inLanguage\":\"en-US\",\"@id\":\"https:\/\/cpcs.ufms.br\/docentes\/engenhariaflorestal\/gileno-brito-de-azevedo\/#primaryimage\",\"url\":\"https:\/\/cpcs.ufms.br\/files\/2022\/06\/gileno.png\",\"contentUrl\":\"https:\/\/cpcs.ufms.br\/files\/2022\/06\/gileno.png\"},{\"@type\":\"BreadcrumbList\",\"@id\":\"https:\/\/cpcs.ufms.br\/docentes\/engenhariaflorestal\/gileno-brito-de-azevedo\/#breadcrumb\",\"itemListElement\":[{\"@type\":\"ListItem\",\"position\":1,\"name\":\"In\u00edcio\",\"item\":\"https:\/\/cpcs.ufms.br\/\"},{\"@type\":\"ListItem\",\"position\":2,\"name\":\"Docentes\",\"item\":\"https:\/\/cpcs.ufms.br\/docentes\/\"},{\"@type\":\"ListItem\",\"position\":3,\"name\":\"EngenhariaFlorestal\",\"item\":\"https:\/\/cpcs.ufms.br\/docentes\/engenhariaflorestal\/\"},{\"@type\":\"ListItem\",\"position\":4,\"name\":\"Gileno Brito de Azevedo\"}]},{\"@type\":\"WebSite\",\"@id\":\"https:\/\/cpcs.ufms.br\/#website\",\"url\":\"https:\/\/cpcs.ufms.br\/\",\"name\":\"Campus de Chapad\u00e3o do Sul\",\"description\":\"Universidade Federal de Mato Grosso do Sul\",\"potentialAction\":[{\"@type\":\"SearchAction\",\"target\":{\"@type\":\"EntryPoint\",\"urlTemplate\":\"https:\/\/cpcs.ufms.br\/?s={search_term_string}\"},\"query-input\":{\"@type\":\"PropertyValueSpecification\",\"valueRequired\":true,\"valueName\":\"search_term_string\"}}],\"inLanguage\":\"en-US\"}]}<\/script>\n<!-- \/ Yoast SEO plugin. -->","yoast_head_json":{"title":"Gileno Brito de Azevedo - Campus de Chapad\u00e3o do Sul","robots":{"index":"index","follow":"follow","max-snippet":"max-snippet:-1","max-image-preview":"max-image-preview:large","max-video-preview":"max-video-preview:-1"},"canonical":"https:\/\/cpcs.ufms.br\/docentes\/engenhariaflorestal\/gileno-brito-de-azevedo\/","og_locale":"en_US","og_type":"article","og_title":"Gileno Brito de Azevedo - Campus de Chapad\u00e3o do Sul","og_description":"Doutorado Ci\u00eancias Florestais (Manejo Florestal), UnB &#8211; 2017. Mestrado Ci\u00eancias Florestais (Manejo Florestal), UnB &#8211; 2014. Gradua\u00e7\u00e3o Engenharia Florestal, UESB, Vit\u00f3ria da Conquista &#8211; BA &#8211; 2011. &nbsp; \u00c1reas e Linhas de Pesquisa: Mensura\u00e7\u00e3o Florestal. Modelagem do Crescimento e Produ\u00e7\u00e3o Florestal. Viveiros Florestais. Silvicultura. &nbsp; E-mail:&nbsp; gileno.azevedo@ufms.br Telefone:&nbsp;(67) 3562-6320 (Curr\u00edculo &#8211; Plataforma Lattes)","og_url":"https:\/\/cpcs.ufms.br\/docentes\/engenhariaflorestal\/gileno-brito-de-azevedo\/","og_site_name":"Campus de Chapad\u00e3o do Sul","article_modified_time":"2022-06-14T00:33:36+00:00","og_image":[{"url":"https:\/\/cpcs.ufms.br\/files\/2022\/06\/gileno.png","type":"","width":"","height":""}],"twitter_misc":{"Est. reading time":"1 minute","Written by":"Vilela Bezerra"},"schema":{"@context":"https:\/\/schema.org","@graph":[{"@type":"WebPage","@id":"https:\/\/cpcs.ufms.br\/docentes\/engenhariaflorestal\/gileno-brito-de-azevedo\/","url":"https:\/\/cpcs.ufms.br\/docentes\/engenhariaflorestal\/gileno-brito-de-azevedo\/","name":"Gileno Brito de Azevedo - Campus de Chapad\u00e3o do Sul","isPartOf":{"@id":"https:\/\/cpcs.ufms.br\/#website"},"primaryImageOfPage":{"@id":"https:\/\/cpcs.ufms.br\/docentes\/engenhariaflorestal\/gileno-brito-de-azevedo\/#primaryimage"},"image":{"@id":"https:\/\/cpcs.ufms.br\/docentes\/engenhariaflorestal\/gileno-brito-de-azevedo\/#primaryimage"},"thumbnailUrl":"https:\/\/cpcs.ufms.br\/files\/2022\/06\/gileno.png","datePublished":"2016-06-13T17:55:43+00:00","dateModified":"2022-06-14T00:33:36+00:00","breadcrumb":{"@id":"https:\/\/cpcs.ufms.br\/docentes\/engenhariaflorestal\/gileno-brito-de-azevedo\/#breadcrumb"},"inLanguage":"en-US","potentialAction":[{"@type":"ReadAction","target":["https:\/\/cpcs.ufms.br\/docentes\/engenhariaflorestal\/gileno-brito-de-azevedo\/"]}]},{"@type":"ImageObject","inLanguage":"en-US","@id":"https:\/\/cpcs.ufms.br\/docentes\/engenhariaflorestal\/gileno-brito-de-azevedo\/#primaryimage","url":"https:\/\/cpcs.ufms.br\/files\/2022\/06\/gileno.png","contentUrl":"https:\/\/cpcs.ufms.br\/files\/2022\/06\/gileno.png"},{"@type":"BreadcrumbList","@id":"https:\/\/cpcs.ufms.br\/docentes\/engenhariaflorestal\/gileno-brito-de-azevedo\/#breadcrumb","itemListElement":[{"@type":"ListItem","position":1,"name":"In\u00edcio","item":"https:\/\/cpcs.ufms.br\/"},{"@type":"ListItem","position":2,"name":"Docentes","item":"https:\/\/cpcs.ufms.br\/docentes\/"},{"@type":"ListItem","position":3,"name":"EngenhariaFlorestal","item":"https:\/\/cpcs.ufms.br\/docentes\/engenhariaflorestal\/"},{"@type":"ListItem","position":4,"name":"Gileno Brito de Azevedo"}]},{"@type":"WebSite","@id":"https:\/\/cpcs.ufms.br\/#website","url":"https:\/\/cpcs.ufms.br\/","name":"Campus de Chapad\u00e3o do Sul","description":"Universidade Federal de Mato Grosso do Sul","potentialAction":[{"@type":"SearchAction","target":{"@type":"EntryPoint","urlTemplate":"https:\/\/cpcs.ufms.br\/?s={search_term_string}"},"query-input":{"@type":"PropertyValueSpecification","valueRequired":true,"valueName":"search_term_string"}}],"inLanguage":"en-US"}]}},"_links":{"self":[{"href":"https:\/\/cpcs.ufms.br\/en\/wp-json\/wp\/v2\/pages\/3073","targetHints":{"allow":["GET"]}}],"collection":[{"href":"https:\/\/cpcs.ufms.br\/en\/wp-json\/wp\/v2\/pages"}],"about":[{"href":"https:\/\/cpcs.ufms.br\/en\/wp-json\/wp\/v2\/types\/page"}],"author":[{"embeddable":true,"href":"https:\/\/cpcs.ufms.br\/en\/wp-json\/wp\/v2\/users\/3221"}],"replies":[{"embeddable":true,"href":"https:\/\/cpcs.ufms.br\/en\/wp-json\/wp\/v2\/comments?post=3073"}],"version-history":[{"count":8,"href":"https:\/\/cpcs.ufms.br\/en\/wp-json\/wp\/v2\/pages\/3073\/revisions"}],"predecessor-version":[{"id":8232,"href":"https:\/\/cpcs.ufms.br\/en\/wp-json\/wp\/v2\/pages\/3073\/revisions\/8232"}],"up":[{"embeddable":true,"href":"https:\/\/cpcs.ufms.br\/en\/wp-json\/wp\/v2\/pages\/6954"}],"wp:attachment":[{"href":"https:\/\/cpcs.ufms.br\/en\/wp-json\/wp\/v2\/media?parent=3073"}],"wp:term":[{"taxonomy":"author","embeddable":true,"href":"https:\/\/cpcs.ufms.br\/en\/wp-json\/wp\/v2\/coauthors?post=3073"}],"curies":[{"name":"wp","href":"https:\/\/api.w.org\/{rel}","templated":true}]}}