{"id":307,"date":"2012-10-10T07:13:38","date_gmt":"2012-10-10T11:13:38","guid":{"rendered":"http:\/\/cpcs.draconis.ufms.br\/?page_id=307"},"modified":"2013-05-08T08:19:35","modified_gmt":"2013-05-08T12:19:35","slug":"grupo-pet-agronomiaengenharia-florestal","status":"publish","type":"page","link":"https:\/\/cpcs.ufms.br\/en\/grupo-pet-agronomiaengenharia-florestal\/","title":{"rendered":"Grupo PET Agronomia\/Engenharia Florestal"},"content":{"rendered":"<p style=\"text-align: center\"><a href=\"http:\/\/cpcs.draconis.ufms.br\/files\/2012\/10\/pet-banner.png\"><img fetchpriority=\"high\" decoding=\"async\" class=\"aligncenter  wp-image-308\" alt=\"\" src=\"http:\/\/cpcs.draconis.ufms.br\/files\/2012\/10\/pet-banner-300x140.png\" width=\"500\" height=\"140\" \/><\/a><\/p>\n<p>O grupo PET Interdisciplinar dos cursos de Agronomia e Engenharia Florestal da UFMS Campus de Chapad\u00e3o do Sul foi implantado em Dezembro de 2010 e possui como tema central a busca da sustentabilidade: ambiental, social e econ\u00f4mica dos sistemas de produ\u00e7\u00e3o de gr\u00e3os, fibras, animais e madeira (celulose) e busca contribuir para a firma\u00e7\u00e3o da UFMS \/ CPCS perante a sociedade, como institui\u00e7\u00e3o promotora do desenvolvimento e conhecimento. O grupo composto por discentes de diferentes semestres busca desenvolver atividades focadas em sistemas conservacionistas, a chamada agropecu\u00e1ria de baixo carbono. Estes sistemas pregam: otimiza\u00e7\u00e3o dos recursos ambientais empregados na produ\u00e7\u00e3o, n\u00e3o revolvimento do solo, prote\u00e7\u00e3o por restos de culturas, rota\u00e7\u00e3o, fixa\u00e7\u00e3o de nitrog\u00eanio, integra\u00e7\u00e3o entre produ\u00e7\u00e3o e implanta\u00e7\u00e3o de esp\u00e9cies arb\u00f3reas. Para tanto o mesmo desenvolve atividades te\u00f3ricas e pr\u00e1ticas de ensino pesquisa e extens\u00e3o com os discentes, buscando a capacita\u00e7\u00e3o desses, para promover posteriormente atividades como: cursos, dias de campos, WorkShops. Eventos esses focados na participa\u00e7\u00e3o de discentes do Campus ou de outras IES, al\u00e9m de profissionais e produtores rurais. Com isso espera-se a forma\u00e7\u00e3o em todos os envolvidos (grupo PET, demais estudantes, produtores rurais) de uma conscientiza\u00e7\u00e3o da import\u00e2ncia de uma atividade agr\u00edcola sustent\u00e1vel.<\/p>\n<p>Tutor:<\/p>\n<p><a href=\"http:\/\/www.cpcs.ufms.br\/js\/index.php?option=com_content&amp;view=article&amp;id=82&amp;Itemid=12\">Prof. Dr. Aguinaldo Jos\u00e9 Freitas Leal<\/a><\/p>\n<p>&nbsp;<\/p>\n<p><strong><span style=\"text-decoration: underline\"><br \/>\n<\/span><\/strong><\/p>\n<ul>\n<li><span style=\"text-decoration: underline\"><strong><a href=\"http:\/\/cpcs.draconis.ufms.br\/?page_id=315\">Atividades<\/a><\/strong><\/span><\/li>\n<li><span style=\"text-decoration: underline\"><strong><a href=\"http:\/\/cpcs.draconis.ufms.br\/?page_id=326\">Ex-Petianos<\/a><\/strong><\/span><\/li>\n<li><a href=\"http:\/\/cpcs.draconis.ufms.br\/?page_id=329\"><span style=\"text-decoration: underline\"><strong>Participa\u00e7\u00e3o em Eventos<\/strong><\/span><\/a><\/li>\n<li><span style=\"text-decoration: underline\"><strong><a href=\"http:\/\/www.cpcs.ufms.br\/js\/index.php?option=com_content&amp;view=article&amp;id=213\">Petianos<\/a><\/strong><\/span><\/li>\n<li><span style=\"text-decoration: underline\"><strong><a href=\"http:\/\/cpcs.draconis.ufms.br\/?page_id=343\">Planejamento<\/a><\/strong><\/span><\/li>\n<li><span style=\"text-decoration: underline\"><strong><a href=\"http:\/\/cpcs.draconis.ufms.br\/?page_id=345\">Publica\u00e7\u00f5es<\/a><\/strong><\/span><strong><span style=\"text-decoration: underline\"><br \/>\n<\/span><\/strong><\/li>\n<li><a href=\"http:\/\/cpcs.draconis.ufms.br\/?page_id=375\"><strong>Relat\u00f3rios<\/strong><\/a><\/li>\n<\/ul>\n","protected":false},"excerpt":{"rendered":"<p>O grupo PET Interdisciplinar dos cursos de Agronomia e Engenharia Florestal da UFMS Campus de Chapad\u00e3o do Sul foi implantado em Dezembro de 2010 e possui como tema central a busca da sustentabilidade: ambiental, social e econ\u00f4mica dos sistemas de produ\u00e7\u00e3o de gr\u00e3os, fibras, animais e madeira (celulose) e busca contribuir para a firma\u00e7\u00e3o da [&hellip;]<\/p>\n","protected":false},"author":106,"featured_media":0,"parent":0,"menu_order":0,"comment_status":"closed","ping_status":"open","template":"","meta":{"ngg_post_thumbnail":0,"footnotes":""},"coauthors":[],"class_list":["post-307","page","type-page","status-publish","hentry"],"yoast_head":"<!-- This site is optimized with the Yoast SEO plugin v26.2 - https:\/\/yoast.com\/wordpress\/plugins\/seo\/ -->\n<title>Grupo PET Agronomia\/Engenharia Florestal - Campus de Chapad\u00e3o do Sul<\/title>\n<meta name=\"robots\" content=\"index, follow, max-snippet:-1, max-image-preview:large, max-video-preview:-1\" \/>\n<link rel=\"canonical\" href=\"https:\/\/cpcs.ufms.br\/grupo-pet-agronomiaengenharia-florestal\/\" \/>\n<meta property=\"og:locale\" content=\"en_US\" \/>\n<meta property=\"og:type\" content=\"article\" \/>\n<meta property=\"og:title\" content=\"Grupo PET Agronomia\/Engenharia Florestal - Campus de Chapad\u00e3o do Sul\" \/>\n<meta property=\"og:description\" content=\"O grupo PET Interdisciplinar dos cursos de Agronomia e Engenharia Florestal da UFMS Campus de Chapad\u00e3o do Sul foi implantado em Dezembro de 2010 e possui como tema central a busca da sustentabilidade: ambiental, social e econ\u00f4mica dos sistemas de produ\u00e7\u00e3o de gr\u00e3os, fibras, animais e madeira (celulose) e busca contribuir para a firma\u00e7\u00e3o da [&hellip;]\" \/>\n<meta property=\"og:url\" content=\"https:\/\/cpcs.ufms.br\/grupo-pet-agronomiaengenharia-florestal\/\" \/>\n<meta property=\"og:site_name\" content=\"Campus de Chapad\u00e3o do Sul\" \/>\n<meta property=\"article:modified_time\" content=\"2013-05-08T12:19:35+00:00\" \/>\n<meta property=\"og:image\" content=\"http:\/\/cpcs.draconis.ufms.br\/files\/2012\/10\/pet-banner-300x140.png\" \/>\n<meta name=\"twitter:label1\" content=\"Est. reading time\" \/>\n\t<meta name=\"twitter:data1\" content=\"1 minute\" \/>\n<script type=\"application\/ld+json\" class=\"yoast-schema-graph\">{\"@context\":\"https:\/\/schema.org\",\"@graph\":[{\"@type\":\"WebPage\",\"@id\":\"https:\/\/cpcs.ufms.br\/grupo-pet-agronomiaengenharia-florestal\/\",\"url\":\"https:\/\/cpcs.ufms.br\/grupo-pet-agronomiaengenharia-florestal\/\",\"name\":\"Grupo PET Agronomia\/Engenharia Florestal - Campus de Chapad\u00e3o do Sul\",\"isPartOf\":{\"@id\":\"https:\/\/cpcs.ufms.br\/#website\"},\"primaryImageOfPage\":{\"@id\":\"https:\/\/cpcs.ufms.br\/grupo-pet-agronomiaengenharia-florestal\/#primaryimage\"},\"image\":{\"@id\":\"https:\/\/cpcs.ufms.br\/grupo-pet-agronomiaengenharia-florestal\/#primaryimage\"},\"thumbnailUrl\":\"http:\/\/cpcs.draconis.ufms.br\/files\/2012\/10\/pet-banner-300x140.png\",\"datePublished\":\"2012-10-10T11:13:38+00:00\",\"dateModified\":\"2013-05-08T12:19:35+00:00\",\"breadcrumb\":{\"@id\":\"https:\/\/cpcs.ufms.br\/grupo-pet-agronomiaengenharia-florestal\/#breadcrumb\"},\"inLanguage\":\"en-US\",\"potentialAction\":[{\"@type\":\"ReadAction\",\"target\":[\"https:\/\/cpcs.ufms.br\/grupo-pet-agronomiaengenharia-florestal\/\"]}]},{\"@type\":\"ImageObject\",\"inLanguage\":\"en-US\",\"@id\":\"https:\/\/cpcs.ufms.br\/grupo-pet-agronomiaengenharia-florestal\/#primaryimage\",\"url\":\"http:\/\/cpcs.draconis.ufms.br\/files\/2012\/10\/pet-banner-300x140.png\",\"contentUrl\":\"http:\/\/cpcs.draconis.ufms.br\/files\/2012\/10\/pet-banner-300x140.png\"},{\"@type\":\"BreadcrumbList\",\"@id\":\"https:\/\/cpcs.ufms.br\/grupo-pet-agronomiaengenharia-florestal\/#breadcrumb\",\"itemListElement\":[{\"@type\":\"ListItem\",\"position\":1,\"name\":\"In\u00edcio\",\"item\":\"https:\/\/cpcs.ufms.br\/\"},{\"@type\":\"ListItem\",\"position\":2,\"name\":\"Grupo PET Agronomia\/Engenharia Florestal\"}]},{\"@type\":\"WebSite\",\"@id\":\"https:\/\/cpcs.ufms.br\/#website\",\"url\":\"https:\/\/cpcs.ufms.br\/\",\"name\":\"Campus de Chapad\u00e3o do Sul\",\"description\":\"Universidade Federal de Mato Grosso do Sul\",\"potentialAction\":[{\"@type\":\"SearchAction\",\"target\":{\"@type\":\"EntryPoint\",\"urlTemplate\":\"https:\/\/cpcs.ufms.br\/?s={search_term_string}\"},\"query-input\":{\"@type\":\"PropertyValueSpecification\",\"valueRequired\":true,\"valueName\":\"search_term_string\"}}],\"inLanguage\":\"en-US\"}]}<\/script>\n<!-- \/ Yoast SEO plugin. -->","yoast_head_json":{"title":"Grupo PET Agronomia\/Engenharia Florestal - Campus de Chapad\u00e3o do Sul","robots":{"index":"index","follow":"follow","max-snippet":"max-snippet:-1","max-image-preview":"max-image-preview:large","max-video-preview":"max-video-preview:-1"},"canonical":"https:\/\/cpcs.ufms.br\/grupo-pet-agronomiaengenharia-florestal\/","og_locale":"en_US","og_type":"article","og_title":"Grupo PET Agronomia\/Engenharia Florestal - Campus de Chapad\u00e3o do Sul","og_description":"O grupo PET Interdisciplinar dos cursos de Agronomia e Engenharia Florestal da UFMS Campus de Chapad\u00e3o do Sul foi implantado em Dezembro de 2010 e possui como tema central a busca da sustentabilidade: ambiental, social e econ\u00f4mica dos sistemas de produ\u00e7\u00e3o de gr\u00e3os, fibras, animais e madeira (celulose) e busca contribuir para a firma\u00e7\u00e3o da [&hellip;]","og_url":"https:\/\/cpcs.ufms.br\/grupo-pet-agronomiaengenharia-florestal\/","og_site_name":"Campus de Chapad\u00e3o do Sul","article_modified_time":"2013-05-08T12:19:35+00:00","og_image":[{"url":"http:\/\/cpcs.draconis.ufms.br\/files\/2012\/10\/pet-banner-300x140.png","type":"","width":"","height":""}],"twitter_misc":{"Est. reading time":"1 minute"},"schema":{"@context":"https:\/\/schema.org","@graph":[{"@type":"WebPage","@id":"https:\/\/cpcs.ufms.br\/grupo-pet-agronomiaengenharia-florestal\/","url":"https:\/\/cpcs.ufms.br\/grupo-pet-agronomiaengenharia-florestal\/","name":"Grupo PET Agronomia\/Engenharia Florestal - Campus de Chapad\u00e3o do Sul","isPartOf":{"@id":"https:\/\/cpcs.ufms.br\/#website"},"primaryImageOfPage":{"@id":"https:\/\/cpcs.ufms.br\/grupo-pet-agronomiaengenharia-florestal\/#primaryimage"},"image":{"@id":"https:\/\/cpcs.ufms.br\/grupo-pet-agronomiaengenharia-florestal\/#primaryimage"},"thumbnailUrl":"http:\/\/cpcs.draconis.ufms.br\/files\/2012\/10\/pet-banner-300x140.png","datePublished":"2012-10-10T11:13:38+00:00","dateModified":"2013-05-08T12:19:35+00:00","breadcrumb":{"@id":"https:\/\/cpcs.ufms.br\/grupo-pet-agronomiaengenharia-florestal\/#breadcrumb"},"inLanguage":"en-US","potentialAction":[{"@type":"ReadAction","target":["https:\/\/cpcs.ufms.br\/grupo-pet-agronomiaengenharia-florestal\/"]}]},{"@type":"ImageObject","inLanguage":"en-US","@id":"https:\/\/cpcs.ufms.br\/grupo-pet-agronomiaengenharia-florestal\/#primaryimage","url":"http:\/\/cpcs.draconis.ufms.br\/files\/2012\/10\/pet-banner-300x140.png","contentUrl":"http:\/\/cpcs.draconis.ufms.br\/files\/2012\/10\/pet-banner-300x140.png"},{"@type":"BreadcrumbList","@id":"https:\/\/cpcs.ufms.br\/grupo-pet-agronomiaengenharia-florestal\/#breadcrumb","itemListElement":[{"@type":"ListItem","position":1,"name":"In\u00edcio","item":"https:\/\/cpcs.ufms.br\/"},{"@type":"ListItem","position":2,"name":"Grupo PET Agronomia\/Engenharia Florestal"}]},{"@type":"WebSite","@id":"https:\/\/cpcs.ufms.br\/#website","url":"https:\/\/cpcs.ufms.br\/","name":"Campus de Chapad\u00e3o do Sul","description":"Universidade Federal de Mato Grosso do Sul","potentialAction":[{"@type":"SearchAction","target":{"@type":"EntryPoint","urlTemplate":"https:\/\/cpcs.ufms.br\/?s={search_term_string}"},"query-input":{"@type":"PropertyValueSpecification","valueRequired":true,"valueName":"search_term_string"}}],"inLanguage":"en-US"}]}},"_links":{"self":[{"href":"https:\/\/cpcs.ufms.br\/en\/wp-json\/wp\/v2\/pages\/307","targetHints":{"allow":["GET"]}}],"collection":[{"href":"https:\/\/cpcs.ufms.br\/en\/wp-json\/wp\/v2\/pages"}],"about":[{"href":"https:\/\/cpcs.ufms.br\/en\/wp-json\/wp\/v2\/types\/page"}],"author":[{"embeddable":true,"href":"https:\/\/cpcs.ufms.br\/en\/wp-json\/wp\/v2\/users\/106"}],"replies":[{"embeddable":true,"href":"https:\/\/cpcs.ufms.br\/en\/wp-json\/wp\/v2\/comments?post=307"}],"version-history":[{"count":14,"href":"https:\/\/cpcs.ufms.br\/en\/wp-json\/wp\/v2\/pages\/307\/revisions"}],"predecessor-version":[{"id":314,"href":"https:\/\/cpcs.ufms.br\/en\/wp-json\/wp\/v2\/pages\/307\/revisions\/314"}],"wp:attachment":[{"href":"https:\/\/cpcs.ufms.br\/en\/wp-json\/wp\/v2\/media?parent=307"}],"wp:term":[{"taxonomy":"author","embeddable":true,"href":"https:\/\/cpcs.ufms.br\/en\/wp-json\/wp\/v2\/coauthors?post=307"}],"curies":[{"name":"wp","href":"https:\/\/api.w.org\/{rel}","templated":true}]}}