{"id":2930,"date":"2016-02-16T13:55:26","date_gmt":"2016-02-16T17:55:26","guid":{"rendered":"http:\/\/cpcs.draconis.ufms.br\/?page_id=2930"},"modified":"2022-06-13T20:43:03","modified_gmt":"2022-06-14T00:43:03","slug":"cid-naudi-silva-campos","status":"publish","type":"page","link":"https:\/\/cpcs.ufms.br\/en\/docentes\/agronomia\/cid-naudi-silva-campos\/","title":{"rendered":"Cid Naudi Silva Campos"},"content":{"rendered":"<p>&nbsp;<\/p>\n<p>&nbsp;<\/p>\n<p><a href=\"http:\/\/cpcs.draconis.ufms.br\/files\/2016\/02\/cidnscampos.jpg\"><img fetchpriority=\"high\" decoding=\"async\" class=\"size-medium wp-image-2931 aligncenter\" src=\"http:\/\/cpcs.draconis.ufms.br\/files\/2016\/02\/cidnscampos-267x300.jpg\" alt=\"cidnscampos\" width=\"267\" height=\"300\" srcset=\"https:\/\/cpcs.ufms.br\/files\/2016\/02\/cidnscampos-267x300.jpg 267w, https:\/\/cpcs.ufms.br\/files\/2016\/02\/cidnscampos-285x320.jpg 285w, https:\/\/cpcs.ufms.br\/files\/2016\/02\/cidnscampos.jpg 370w\" sizes=\"(max-width: 267px) 100vw, 267px\" \/><\/a><\/p>\n<p>&nbsp;<\/p>\n<table border=\"0\" width=\"100%\" cellpadding=\"0\">\n<tbody>\n<tr>\n<td width=\"17%\"><strong>Doutorado<\/strong><\/td>\n<td width=\"80%\">Agronomia (Produ\u00e7\u00e3o Vegetal), FCAV\/UNESP \u2013 Jaboticabal, SP \u2013 2016.<\/td>\n<\/tr>\n<tr>\n<td width=\"17%\"><strong>Mestrado<\/strong><\/td>\n<td width=\"80%\">Agronomia (Ci\u00eancia do Solo), FCAV\/UNESP \u2013 Jaboticabal, SP \u2013 2013.<\/td>\n<\/tr>\n<tr>\n<td width=\"17%\"><strong>Gradua\u00e7\u00e3o<\/strong><\/td>\n<td width=\"80%\">Engenharia Agron\u00f4mica, Universidade do Estado de Minas Gerais &#8211; UEMG \u2013 Passos \u2013 2011.<\/td>\n<\/tr>\n<\/tbody>\n<\/table>\n<p>&nbsp;<\/p>\n<p><strong>\u00c1reas e Linhas de Pesquisa:<\/strong><\/p>\n<ul>\n<li>Nutri\u00e7\u00e3o de Plantas<\/li>\n<li>Uso de Si na agricultura<\/li>\n<\/ul>\n<p><strong>E-mail:<\/strong>&nbsp;<a href=\"cid.campos@ufms.br\">cid.campos@ufms.br<\/a><a href=\"mailto:cid.campos@ufms.br\"><br \/>\n<\/a><\/p>\n<p><strong>Telefone:<\/strong>&nbsp;(67) 3562-6356<\/p>\n<p style=\"text-align: center\"><a href=\"http:\/\/lattes.cnpq.br\/4988246242311444\">(Curr\u00edculo &#8211; Plataforma Lattes)<\/a><\/p>\n","protected":false},"excerpt":{"rendered":"<p>&nbsp; &nbsp; &nbsp; Doutorado Agronomia (Produ\u00e7\u00e3o Vegetal), FCAV\/UNESP \u2013 Jaboticabal, SP \u2013 2016. Mestrado Agronomia (Ci\u00eancia do Solo), FCAV\/UNESP \u2013 Jaboticabal, SP \u2013 2013. Gradua\u00e7\u00e3o Engenharia Agron\u00f4mica, Universidade do Estado de Minas Gerais &#8211; UEMG \u2013 Passos \u2013 2011. &nbsp; \u00c1reas e Linhas de Pesquisa: Nutri\u00e7\u00e3o de Plantas Uso de Si na agricultura E-mail:&nbsp;cid.campos@ufms.br Telefone:&nbsp;(67) [&hellip;]<\/p>\n","protected":false},"author":3221,"featured_media":0,"parent":6952,"menu_order":0,"comment_status":"closed","ping_status":"closed","template":"","meta":{"ngg_post_thumbnail":0,"footnotes":""},"coauthors":[32],"class_list":["post-2930","page","type-page","status-publish","hentry"],"yoast_head":"<!-- This site is optimized with the Yoast SEO plugin v26.2 - https:\/\/yoast.com\/wordpress\/plugins\/seo\/ -->\n<title>Cid Naudi Silva Campos - Campus de Chapad\u00e3o do Sul<\/title>\n<meta name=\"robots\" content=\"index, follow, max-snippet:-1, max-image-preview:large, max-video-preview:-1\" \/>\n<link rel=\"canonical\" href=\"https:\/\/cpcs.ufms.br\/docentes\/agronomia\/cid-naudi-silva-campos\/\" \/>\n<meta property=\"og:locale\" content=\"en_US\" \/>\n<meta property=\"og:type\" content=\"article\" \/>\n<meta property=\"og:title\" content=\"Cid Naudi Silva Campos - Campus de Chapad\u00e3o do Sul\" \/>\n<meta property=\"og:description\" content=\"&nbsp; &nbsp; &nbsp; Doutorado Agronomia (Produ\u00e7\u00e3o Vegetal), FCAV\/UNESP \u2013 Jaboticabal, SP \u2013 2016. Mestrado Agronomia (Ci\u00eancia do Solo), FCAV\/UNESP \u2013 Jaboticabal, SP \u2013 2013. Gradua\u00e7\u00e3o Engenharia Agron\u00f4mica, Universidade do Estado de Minas Gerais &#8211; UEMG \u2013 Passos \u2013 2011. &nbsp; \u00c1reas e Linhas de Pesquisa: Nutri\u00e7\u00e3o de Plantas Uso de Si na agricultura E-mail:&nbsp;cid.campos@ufms.br Telefone:&nbsp;(67) [&hellip;]\" \/>\n<meta property=\"og:url\" content=\"https:\/\/cpcs.ufms.br\/docentes\/agronomia\/cid-naudi-silva-campos\/\" \/>\n<meta property=\"og:site_name\" content=\"Campus de Chapad\u00e3o do Sul\" \/>\n<meta property=\"article:modified_time\" content=\"2022-06-14T00:43:03+00:00\" \/>\n<meta property=\"og:image\" content=\"http:\/\/cpcs.draconis.ufms.br\/files\/2016\/02\/cidnscampos-267x300.jpg\" \/>\n<meta name=\"twitter:label1\" content=\"Est. reading time\" \/>\n\t<meta name=\"twitter:data1\" content=\"1 minute\" \/>\n\t<meta name=\"twitter:label2\" content=\"Written by\" \/>\n\t<meta name=\"twitter:data2\" content=\"Vilela Bezerra\" \/>\n<script type=\"application\/ld+json\" class=\"yoast-schema-graph\">{\"@context\":\"https:\/\/schema.org\",\"@graph\":[{\"@type\":\"WebPage\",\"@id\":\"https:\/\/cpcs.ufms.br\/docentes\/agronomia\/cid-naudi-silva-campos\/\",\"url\":\"https:\/\/cpcs.ufms.br\/docentes\/agronomia\/cid-naudi-silva-campos\/\",\"name\":\"Cid Naudi Silva Campos - Campus de Chapad\u00e3o do Sul\",\"isPartOf\":{\"@id\":\"https:\/\/cpcs.ufms.br\/#website\"},\"primaryImageOfPage\":{\"@id\":\"https:\/\/cpcs.ufms.br\/docentes\/agronomia\/cid-naudi-silva-campos\/#primaryimage\"},\"image\":{\"@id\":\"https:\/\/cpcs.ufms.br\/docentes\/agronomia\/cid-naudi-silva-campos\/#primaryimage\"},\"thumbnailUrl\":\"http:\/\/cpcs.draconis.ufms.br\/files\/2016\/02\/cidnscampos-267x300.jpg\",\"datePublished\":\"2016-02-16T17:55:26+00:00\",\"dateModified\":\"2022-06-14T00:43:03+00:00\",\"breadcrumb\":{\"@id\":\"https:\/\/cpcs.ufms.br\/docentes\/agronomia\/cid-naudi-silva-campos\/#breadcrumb\"},\"inLanguage\":\"en-US\",\"potentialAction\":[{\"@type\":\"ReadAction\",\"target\":[\"https:\/\/cpcs.ufms.br\/docentes\/agronomia\/cid-naudi-silva-campos\/\"]}]},{\"@type\":\"ImageObject\",\"inLanguage\":\"en-US\",\"@id\":\"https:\/\/cpcs.ufms.br\/docentes\/agronomia\/cid-naudi-silva-campos\/#primaryimage\",\"url\":\"http:\/\/cpcs.draconis.ufms.br\/files\/2016\/02\/cidnscampos-267x300.jpg\",\"contentUrl\":\"http:\/\/cpcs.draconis.ufms.br\/files\/2016\/02\/cidnscampos-267x300.jpg\"},{\"@type\":\"BreadcrumbList\",\"@id\":\"https:\/\/cpcs.ufms.br\/docentes\/agronomia\/cid-naudi-silva-campos\/#breadcrumb\",\"itemListElement\":[{\"@type\":\"ListItem\",\"position\":1,\"name\":\"In\u00edcio\",\"item\":\"https:\/\/cpcs.ufms.br\/\"},{\"@type\":\"ListItem\",\"position\":2,\"name\":\"Docentes\",\"item\":\"https:\/\/cpcs.ufms.br\/docentes\/\"},{\"@type\":\"ListItem\",\"position\":3,\"name\":\"Agronomia\",\"item\":\"https:\/\/cpcs.ufms.br\/docentes\/agronomia\/\"},{\"@type\":\"ListItem\",\"position\":4,\"name\":\"Cid Naudi Silva Campos\"}]},{\"@type\":\"WebSite\",\"@id\":\"https:\/\/cpcs.ufms.br\/#website\",\"url\":\"https:\/\/cpcs.ufms.br\/\",\"name\":\"Campus de Chapad\u00e3o do Sul\",\"description\":\"Universidade Federal de Mato Grosso do Sul\",\"potentialAction\":[{\"@type\":\"SearchAction\",\"target\":{\"@type\":\"EntryPoint\",\"urlTemplate\":\"https:\/\/cpcs.ufms.br\/?s={search_term_string}\"},\"query-input\":{\"@type\":\"PropertyValueSpecification\",\"valueRequired\":true,\"valueName\":\"search_term_string\"}}],\"inLanguage\":\"en-US\"}]}<\/script>\n<!-- \/ Yoast SEO plugin. -->","yoast_head_json":{"title":"Cid Naudi Silva Campos - Campus de Chapad\u00e3o do Sul","robots":{"index":"index","follow":"follow","max-snippet":"max-snippet:-1","max-image-preview":"max-image-preview:large","max-video-preview":"max-video-preview:-1"},"canonical":"https:\/\/cpcs.ufms.br\/docentes\/agronomia\/cid-naudi-silva-campos\/","og_locale":"en_US","og_type":"article","og_title":"Cid Naudi Silva Campos - Campus de Chapad\u00e3o do Sul","og_description":"&nbsp; &nbsp; &nbsp; Doutorado Agronomia (Produ\u00e7\u00e3o Vegetal), FCAV\/UNESP \u2013 Jaboticabal, SP \u2013 2016. Mestrado Agronomia (Ci\u00eancia do Solo), FCAV\/UNESP \u2013 Jaboticabal, SP \u2013 2013. Gradua\u00e7\u00e3o Engenharia Agron\u00f4mica, Universidade do Estado de Minas Gerais &#8211; UEMG \u2013 Passos \u2013 2011. &nbsp; \u00c1reas e Linhas de Pesquisa: Nutri\u00e7\u00e3o de Plantas Uso de Si na agricultura E-mail:&nbsp;cid.campos@ufms.br Telefone:&nbsp;(67) [&hellip;]","og_url":"https:\/\/cpcs.ufms.br\/docentes\/agronomia\/cid-naudi-silva-campos\/","og_site_name":"Campus de Chapad\u00e3o do Sul","article_modified_time":"2022-06-14T00:43:03+00:00","og_image":[{"url":"http:\/\/cpcs.draconis.ufms.br\/files\/2016\/02\/cidnscampos-267x300.jpg","type":"","width":"","height":""}],"twitter_misc":{"Est. reading time":"1 minute","Written by":"Vilela Bezerra"},"schema":{"@context":"https:\/\/schema.org","@graph":[{"@type":"WebPage","@id":"https:\/\/cpcs.ufms.br\/docentes\/agronomia\/cid-naudi-silva-campos\/","url":"https:\/\/cpcs.ufms.br\/docentes\/agronomia\/cid-naudi-silva-campos\/","name":"Cid Naudi Silva Campos - Campus de Chapad\u00e3o do Sul","isPartOf":{"@id":"https:\/\/cpcs.ufms.br\/#website"},"primaryImageOfPage":{"@id":"https:\/\/cpcs.ufms.br\/docentes\/agronomia\/cid-naudi-silva-campos\/#primaryimage"},"image":{"@id":"https:\/\/cpcs.ufms.br\/docentes\/agronomia\/cid-naudi-silva-campos\/#primaryimage"},"thumbnailUrl":"http:\/\/cpcs.draconis.ufms.br\/files\/2016\/02\/cidnscampos-267x300.jpg","datePublished":"2016-02-16T17:55:26+00:00","dateModified":"2022-06-14T00:43:03+00:00","breadcrumb":{"@id":"https:\/\/cpcs.ufms.br\/docentes\/agronomia\/cid-naudi-silva-campos\/#breadcrumb"},"inLanguage":"en-US","potentialAction":[{"@type":"ReadAction","target":["https:\/\/cpcs.ufms.br\/docentes\/agronomia\/cid-naudi-silva-campos\/"]}]},{"@type":"ImageObject","inLanguage":"en-US","@id":"https:\/\/cpcs.ufms.br\/docentes\/agronomia\/cid-naudi-silva-campos\/#primaryimage","url":"http:\/\/cpcs.draconis.ufms.br\/files\/2016\/02\/cidnscampos-267x300.jpg","contentUrl":"http:\/\/cpcs.draconis.ufms.br\/files\/2016\/02\/cidnscampos-267x300.jpg"},{"@type":"BreadcrumbList","@id":"https:\/\/cpcs.ufms.br\/docentes\/agronomia\/cid-naudi-silva-campos\/#breadcrumb","itemListElement":[{"@type":"ListItem","position":1,"name":"In\u00edcio","item":"https:\/\/cpcs.ufms.br\/"},{"@type":"ListItem","position":2,"name":"Docentes","item":"https:\/\/cpcs.ufms.br\/docentes\/"},{"@type":"ListItem","position":3,"name":"Agronomia","item":"https:\/\/cpcs.ufms.br\/docentes\/agronomia\/"},{"@type":"ListItem","position":4,"name":"Cid Naudi Silva Campos"}]},{"@type":"WebSite","@id":"https:\/\/cpcs.ufms.br\/#website","url":"https:\/\/cpcs.ufms.br\/","name":"Campus de Chapad\u00e3o do Sul","description":"Universidade Federal de Mato Grosso do Sul","potentialAction":[{"@type":"SearchAction","target":{"@type":"EntryPoint","urlTemplate":"https:\/\/cpcs.ufms.br\/?s={search_term_string}"},"query-input":{"@type":"PropertyValueSpecification","valueRequired":true,"valueName":"search_term_string"}}],"inLanguage":"en-US"}]}},"_links":{"self":[{"href":"https:\/\/cpcs.ufms.br\/en\/wp-json\/wp\/v2\/pages\/2930","targetHints":{"allow":["GET"]}}],"collection":[{"href":"https:\/\/cpcs.ufms.br\/en\/wp-json\/wp\/v2\/pages"}],"about":[{"href":"https:\/\/cpcs.ufms.br\/en\/wp-json\/wp\/v2\/types\/page"}],"author":[{"embeddable":true,"href":"https:\/\/cpcs.ufms.br\/en\/wp-json\/wp\/v2\/users\/3221"}],"replies":[{"embeddable":true,"href":"https:\/\/cpcs.ufms.br\/en\/wp-json\/wp\/v2\/comments?post=2930"}],"version-history":[{"count":11,"href":"https:\/\/cpcs.ufms.br\/en\/wp-json\/wp\/v2\/pages\/2930\/revisions"}],"predecessor-version":[{"id":8243,"href":"https:\/\/cpcs.ufms.br\/en\/wp-json\/wp\/v2\/pages\/2930\/revisions\/8243"}],"up":[{"embeddable":true,"href":"https:\/\/cpcs.ufms.br\/en\/wp-json\/wp\/v2\/pages\/6952"}],"wp:attachment":[{"href":"https:\/\/cpcs.ufms.br\/en\/wp-json\/wp\/v2\/media?parent=2930"}],"wp:term":[{"taxonomy":"author","embeddable":true,"href":"https:\/\/cpcs.ufms.br\/en\/wp-json\/wp\/v2\/coauthors?post=2930"}],"curies":[{"name":"wp","href":"https:\/\/api.w.org\/{rel}","templated":true}]}}