{"id":2664,"date":"2015-04-06T09:18:02","date_gmt":"2015-04-06T13:18:02","guid":{"rendered":"http:\/\/cpcs.draconis.ufms.br\/?page_id=2664"},"modified":"2026-04-01T10:27:05","modified_gmt":"2026-04-01T14:27:05","slug":"biblioteca-2","status":"publish","type":"page","link":"https:\/\/cpcs.ufms.br\/en\/biblioteca-2\/","title":{"rendered":"Biblioteca"},"content":{"rendered":"&nbsp;<\/p>\n<p style=\"text-align: center\"><span style=\"color: #000080\"><strong><span style=\"font-size: 20px\"><a style=\"color: #000080\" title=\"https:\/\/bibliotecas.ufms.br\/\" href=\"https:\/\/bibliotecas.ufms.br\/\" target=\"_blank\" rel=\"noopener\">bibliotecas.ufms.br<\/a><\/span><\/strong><\/span><\/p>\n<p>&nbsp;<\/p>\n<p style=\"text-align: justify\"><a href=\"https:\/\/cpcs.ufms.br\/files\/2022\/08\/CPCS-1-249x300-1.jpg\"><img decoding=\"async\" class=\" wp-image-8260 alignleft\" src=\"https:\/\/cpcs.ufms.br\/files\/2022\/08\/CPCS-1-249x300-1.jpg\" alt=\"\" width=\"121\" height=\"145\" \/><\/a><\/p>\n<p>&nbsp;<\/p>\n<p style=\"text-align: justify\"><span style=\"font-family: georgia, palatino, serif;font-size: 16px\">O setor de biblioteca de Chapad\u00e3o do Sul SETBIB\/CPCS faz parte tecnicamente do Sistema de Bibliotecas da UFMS Sibi\/UFMS e administrativamente do GAB\/CPCS, e tem como finalidade oferecer estrutura adequada para organizar, armazenar e disseminar informa\u00e7\u00f5es \u00e0 Comunidade Universit\u00e1ria e \u00e0 sociedade, al\u00e9m de permitir o livre acesso a materiais bibliogr\u00e1ficos.<\/span><\/p>\n<p>&nbsp;<\/p>\n<p><span style=\"font-size: 16px;font-family: georgia, palatino, serif\"><strong>Atividades que oferecemos<\/strong>: Cadastro, acesso \u00e0s bases de dados, acervo f\u00edsico e\u00a0<em>on-line<\/em>, empr\u00e9stimo de livros, renova\u00e7\u00e3o e reserva, declara\u00e7\u00e3o de nada consta, cataloga\u00e7\u00e3o, treinamentos presenciais ou on-line, guarda-volumes, comuta\u00e7\u00e3o bibliogr\u00e1fica, levantamento bibliogr\u00e1fico, computadores para pesquisa, \u00e1reas de estudo, acesso \u00e0s normas da ABNT.<\/span><\/p>\n<p style=\"text-align: justify\"><span style=\"font-size: 16px;font-family: georgia, palatino, serif\"><strong>Regulamento<\/strong>: <a href=\"https:\/\/boletimoficial.ufms.br\/bse\/publicacao?id=553026\" target=\"_blank\" rel=\"noopener\">Instru\u00e7\u00e3o Normativa n\u00ba91-GAB\/PROGRAD\/UFMS, de 18 de mar\u00e7o de 2025<\/a><\/span><\/p>\n<p style=\"text-align: justify\"><span style=\"font-weight: 400;font-family: georgia, palatino, serif;font-size: 16px\"><strong>Hor\u00e1rio de funcionamento<\/strong>: Segunda a sexta das 7h15 \u00e0s 11h, 13h \u00e0s 17h e das 18h30 \u00e0s 22h15 (MS). No per\u00edodo de f\u00e9rias funciona das 7h \u00e0s 11h, 13h \u00e0s 17h (MS).<\/span><\/p>\n<p style=\"text-align: justify\"><span style=\"font-weight: 400;font-family: georgia, palatino, serif;font-size: 16px\"><strong>Sala de estudo<\/strong> exclusiva para a P\u00f3s-Gradua\u00e7\u00e3o fica aberta das 7h \u00e0s 22h15 (MS). Estudo individual e sil\u00eancioso.<\/span><\/p>\n<p style=\"text-align: justify\"><span style=\"font-size: 16px;font-family: georgia, palatino, serif\"><strong>Contato:<\/strong> <span style=\"color: #000000\"><a style=\"color: #000000\" href=\"https:\/\/wa.me\/556735626322\" target=\"_blank\" rel=\"noopener\">WhatsApp Business da biblioteca 3562-6322<\/a>\u00a0 E-mail: <\/span><\/span><span style=\"font-size: 16px;font-family: georgia, palatino, serif;color: #000000\">biblioteca.cpcs@ufms.br<\/span><\/p>\n<p>&nbsp;<\/p>\n<p><span style=\"font-size: 16px;font-family: georgia, palatino, serif\"><strong>Equipe<\/strong><\/span><\/p>\n<p><strong>Daniel Fernando Figueiredo Spengler<\/strong><br \/>\nBibliotec\u00e1rio\/documentalista CRB1 2.408<br \/>\nE-mail: daniel.spengler@ufms.br &#8211;\u00a0<span style=\"color: #000000\"><a style=\"color: #000000;text-decoration: underline\" href=\"https:\/\/api.whatsapp.com\/send\/?phone=556735626338\" target=\"_blank\" rel=\"noopener\">WhatsApp Business Bibliotec\u00e1rio 3562-6338<\/a><\/span><\/p>\n<p><strong>Gerandy Gouveia Netto<\/strong><br \/>\nAssistente em Administra\u00e7\u00e3o<br \/>\nE-mail: gouveia.netto@ufms.br &#8211; <a href=\"https:\/\/api.whatsapp.com\/send\/?phone=556735626322&amp;text&amp;type=phone_number&amp;app_absent=0\">WhatsApp Business<\/a> &#8211; 3562-6322<\/p>\n<p><strong>Jakeline Gomes de Oliveira Nascimento<\/strong><br \/>\nTradutora e interprete de linguagem de sinais<br \/>\nE-mail: jakeline.gomes@ufms.br<\/p>\n<p>&nbsp;<\/p>\n<p>&nbsp;<\/p>\n<p><strong>Eventos<\/strong><\/p>\n<p><a href=\"https:\/\/cpcs.ufms.br\/files\/2024\/02\/CPCS-750x410-1.jpg\"><img decoding=\"async\" class=\"wp-image-10322 alignleft\" src=\"https:\/\/cpcs.ufms.br\/files\/2024\/02\/CPCS-750x410-1.jpg\" alt=\"\" width=\"154\" height=\"84\" srcset=\"https:\/\/cpcs.ufms.br\/files\/2024\/02\/CPCS-750x410-1.jpg 750w, https:\/\/cpcs.ufms.br\/files\/2024\/02\/CPCS-750x410-1-300x164.jpg 300w, https:\/\/cpcs.ufms.br\/files\/2024\/02\/CPCS-750x410-1-585x320.jpg 585w, https:\/\/cpcs.ufms.br\/files\/2024\/02\/CPCS-750x410-1-600x328.jpg 600w\" sizes=\"(max-width: 154px) 100vw, 154px\" \/><\/a><\/p>\n<p><strong>Semana de recep\u00e7\u00e3o de calouros da Gradua\u00e7\u00e3o e P\u00f3s-gradua\u00e7\u00e3o<\/strong><\/p>\n<p>O evento acontece anualmente em mar\u00e7o oferecido pela UFMS visando receber e orientar os novos alunos no C\u00e2mpus. A biblioteca participa para passar as informa\u00e7\u00f5es de hor\u00e1rios, acessos e servi\u00e7os que oferecemos.<\/p>\n<p>&nbsp;<\/p>\n<p>&nbsp;<\/p>\n<p><a href=\"https:\/\/cpcs.ufms.br\/files\/2022\/06\/Qdd_Programacao_da_VIII_Semana_da_Biblioteca-320x320-1.png\"><img loading=\"lazy\" decoding=\"async\" class=\"alignleft size-thumbnail wp-image-8262\" src=\"https:\/\/cpcs.ufms.br\/files\/2022\/06\/Qdd_Programacao_da_VIII_Semana_da_Biblioteca-320x320-1-150x150.png\" alt=\"\" width=\"150\" height=\"150\" srcset=\"https:\/\/cpcs.ufms.br\/files\/2022\/06\/Qdd_Programacao_da_VIII_Semana_da_Biblioteca-320x320-1-150x150.png 150w, https:\/\/cpcs.ufms.br\/files\/2022\/06\/Qdd_Programacao_da_VIII_Semana_da_Biblioteca-320x320-1-300x300.png 300w, https:\/\/cpcs.ufms.br\/files\/2022\/06\/Qdd_Programacao_da_VIII_Semana_da_Biblioteca-320x320-1-60x60.png 60w, https:\/\/cpcs.ufms.br\/files\/2022\/06\/Qdd_Programacao_da_VIII_Semana_da_Biblioteca-320x320-1.png 320w\" sizes=\"(max-width: 150px) 100vw, 150px\" \/><\/a><\/p>\n<p><strong>Semana Nacional do Livro e da Biblioteca<\/strong><\/p>\n<p>O evento acontece anualmente no m\u00eas de outubro oferecido pelo Sistema de Bibliotecas da UFMS, tem como objetivo aproximar a comunidade da biblioteca, impulsionar o uso dos nossos servi\u00e7os e valorizar o livro, promovendo a leitura e os benef\u00edcios que ela proporciona.<\/p>\n<p>&nbsp;<\/p>\n<p>&nbsp;<\/p>\n<p><strong>Parcerias<\/strong><\/p>\n<p><a href=\"https:\/\/cpcs.ufms.br\/files\/2022\/06\/clube-da-leitura.png\"><img loading=\"lazy\" decoding=\"async\" class=\" wp-image-8259 alignleft\" src=\"https:\/\/cpcs.ufms.br\/files\/2022\/06\/clube-da-leitura-150x150.png\" alt=\"\" width=\"175\" height=\"175\" srcset=\"https:\/\/cpcs.ufms.br\/files\/2022\/06\/clube-da-leitura-150x150.png 150w, https:\/\/cpcs.ufms.br\/files\/2022\/06\/clube-da-leitura-300x298.png 300w, https:\/\/cpcs.ufms.br\/files\/2022\/06\/clube-da-leitura-322x320.png 322w, https:\/\/cpcs.ufms.br\/files\/2022\/06\/clube-da-leitura-60x60.png 60w, https:\/\/cpcs.ufms.br\/files\/2022\/06\/clube-da-leitura.png 386w\" sizes=\"(max-width: 175px) 100vw, 175px\" \/><\/a><\/p>\n<p><strong>Clube da Leitura<\/strong><\/p>\n<p>Em parceria com a Proaes (Pr\u00f3-Reitoria de Assuntos Estudantis), o Clube da Leitura tem como objetivo incentivar a leitura e proporcionar a experi\u00eancia da solidariedade e da responsabilidade. Qualquer pessoa pode emprestar ou doar livros para o projeto.<\/p>\n<ol>\n<li><span style=\"font-size: 12px\">Escolha o livro que voc\u00ea desejar ler.<\/span><\/li>\n<li><span style=\"font-size: 12px\">Preencha a ficha de registro com seus dados e nome do livro, deposite na caixa e desfrute dessa experi\u00eancia.<\/span><\/li>\n<li><span style=\"font-size: 12px\">Devolva o livro na caixa presente na estante para que outra pessoa possa ler.<\/span><\/li>\n<\/ol>\n<p>&nbsp;<\/p>\n<p><strong>Campanha do agasalho CPCS<\/strong><\/p>\n<p><span style=\"font-weight: 400\">A biblioteca em parceria com a Unidade de Apoio para Assuntos Estudantis do Campus de Chapad\u00e3o do Sul apoia a campanha do agasalho incentivando os alunos e orientando nos pontos de coleta com apoio log\u00edstico para receber doa\u00e7\u00f5es de casacos, roupas ou cobertores, sendo que 1 ponto fica em frente a biblioteca no bloco 1, e o outro ponto de coleta fica no bloco 2.<\/span><\/p>\n<p>&nbsp;<\/p>\n<p>&nbsp;","protected":false},"excerpt":{"rendered":"<p>&nbsp; bibliotecas.ufms.br &nbsp; &nbsp; O setor de biblioteca de Chapad\u00e3o do Sul SETBIB\/CPCS faz parte tecnicamente do Sistema de Bibliotecas da UFMS Sibi\/UFMS e administrativamente do GAB\/CPCS, e tem como finalidade oferecer estrutura adequada para organizar, armazenar e disseminar informa\u00e7\u00f5es \u00e0 Comunidade Universit\u00e1ria e \u00e0 sociedade, al\u00e9m de permitir o livre acesso a materiais bibliogr\u00e1ficos. [&hellip;]<\/p>\n","protected":false},"author":148,"featured_media":0,"parent":0,"menu_order":0,"comment_status":"closed","ping_status":"closed","template":"","meta":{"ngg_post_thumbnail":0,"footnotes":""},"coauthors":[25],"class_list":["post-2664","page","type-page","status-publish","hentry"],"yoast_head":"<!-- This site is optimized with the Yoast SEO plugin v26.2 - https:\/\/yoast.com\/wordpress\/plugins\/seo\/ -->\n<title>Biblioteca - Campus de Chapad\u00e3o do Sul<\/title>\n<meta name=\"robots\" content=\"index, follow, max-snippet:-1, max-image-preview:large, max-video-preview:-1\" \/>\n<link rel=\"canonical\" href=\"https:\/\/cpcs.ufms.br\/biblioteca-2\/\" \/>\n<meta property=\"og:locale\" content=\"en_US\" \/>\n<meta property=\"og:type\" content=\"article\" \/>\n<meta property=\"og:title\" content=\"Biblioteca - Campus de Chapad\u00e3o do Sul\" \/>\n<meta property=\"og:description\" content=\"&nbsp; bibliotecas.ufms.br &nbsp; &nbsp; O setor de biblioteca de Chapad\u00e3o do Sul SETBIB\/CPCS faz parte tecnicamente do Sistema de Bibliotecas da UFMS Sibi\/UFMS e administrativamente do GAB\/CPCS, e tem como finalidade oferecer estrutura adequada para organizar, armazenar e disseminar informa\u00e7\u00f5es \u00e0 Comunidade Universit\u00e1ria e \u00e0 sociedade, al\u00e9m de permitir o livre acesso a materiais bibliogr\u00e1ficos. [&hellip;]\" \/>\n<meta property=\"og:url\" content=\"https:\/\/cpcs.ufms.br\/biblioteca-2\/\" \/>\n<meta property=\"og:site_name\" content=\"Campus de Chapad\u00e3o do Sul\" \/>\n<meta property=\"article:modified_time\" content=\"2026-04-01T14:27:05+00:00\" \/>\n<meta name=\"twitter:label1\" content=\"Est. reading time\" \/>\n\t<meta name=\"twitter:data1\" content=\"4 minutes\" \/>\n<script type=\"application\/ld+json\" class=\"yoast-schema-graph\">{\"@context\":\"https:\/\/schema.org\",\"@graph\":[{\"@type\":\"WebPage\",\"@id\":\"https:\/\/cpcs.ufms.br\/biblioteca-2\/\",\"url\":\"https:\/\/cpcs.ufms.br\/biblioteca-2\/\",\"name\":\"Biblioteca - Campus de Chapad\u00e3o do Sul\",\"isPartOf\":{\"@id\":\"https:\/\/cpcs.ufms.br\/#website\"},\"primaryImageOfPage\":{\"@id\":\"https:\/\/cpcs.ufms.br\/biblioteca-2\/#primaryimage\"},\"image\":{\"@id\":\"https:\/\/cpcs.ufms.br\/biblioteca-2\/#primaryimage\"},\"thumbnailUrl\":\"https:\/\/cpcs.ufms.br\/files\/2022\/08\/CPCS-1-249x300-1.jpg\",\"datePublished\":\"2015-04-06T13:18:02+00:00\",\"dateModified\":\"2026-04-01T14:27:05+00:00\",\"breadcrumb\":{\"@id\":\"https:\/\/cpcs.ufms.br\/biblioteca-2\/#breadcrumb\"},\"inLanguage\":\"en-US\",\"potentialAction\":[{\"@type\":\"ReadAction\",\"target\":[\"https:\/\/cpcs.ufms.br\/biblioteca-2\/\"]}]},{\"@type\":\"ImageObject\",\"inLanguage\":\"en-US\",\"@id\":\"https:\/\/cpcs.ufms.br\/biblioteca-2\/#primaryimage\",\"url\":\"https:\/\/cpcs.ufms.br\/files\/2022\/08\/CPCS-1-249x300-1.jpg\",\"contentUrl\":\"https:\/\/cpcs.ufms.br\/files\/2022\/08\/CPCS-1-249x300-1.jpg\"},{\"@type\":\"BreadcrumbList\",\"@id\":\"https:\/\/cpcs.ufms.br\/biblioteca-2\/#breadcrumb\",\"itemListElement\":[{\"@type\":\"ListItem\",\"position\":1,\"name\":\"In\u00edcio\",\"item\":\"https:\/\/cpcs.ufms.br\/\"},{\"@type\":\"ListItem\",\"position\":2,\"name\":\"Biblioteca\"}]},{\"@type\":\"WebSite\",\"@id\":\"https:\/\/cpcs.ufms.br\/#website\",\"url\":\"https:\/\/cpcs.ufms.br\/\",\"name\":\"Campus de Chapad\u00e3o do Sul\",\"description\":\"Universidade Federal de Mato Grosso do Sul\",\"potentialAction\":[{\"@type\":\"SearchAction\",\"target\":{\"@type\":\"EntryPoint\",\"urlTemplate\":\"https:\/\/cpcs.ufms.br\/?s={search_term_string}\"},\"query-input\":{\"@type\":\"PropertyValueSpecification\",\"valueRequired\":true,\"valueName\":\"search_term_string\"}}],\"inLanguage\":\"en-US\"}]}<\/script>\n<!-- \/ Yoast SEO plugin. -->","yoast_head_json":{"title":"Biblioteca - Campus de Chapad\u00e3o do Sul","robots":{"index":"index","follow":"follow","max-snippet":"max-snippet:-1","max-image-preview":"max-image-preview:large","max-video-preview":"max-video-preview:-1"},"canonical":"https:\/\/cpcs.ufms.br\/biblioteca-2\/","og_locale":"en_US","og_type":"article","og_title":"Biblioteca - Campus de Chapad\u00e3o do Sul","og_description":"&nbsp; bibliotecas.ufms.br &nbsp; &nbsp; O setor de biblioteca de Chapad\u00e3o do Sul SETBIB\/CPCS faz parte tecnicamente do Sistema de Bibliotecas da UFMS Sibi\/UFMS e administrativamente do GAB\/CPCS, e tem como finalidade oferecer estrutura adequada para organizar, armazenar e disseminar informa\u00e7\u00f5es \u00e0 Comunidade Universit\u00e1ria e \u00e0 sociedade, al\u00e9m de permitir o livre acesso a materiais bibliogr\u00e1ficos. [&hellip;]","og_url":"https:\/\/cpcs.ufms.br\/biblioteca-2\/","og_site_name":"Campus de Chapad\u00e3o do Sul","article_modified_time":"2026-04-01T14:27:05+00:00","twitter_misc":{"Est. reading time":"4 minutes"},"schema":{"@context":"https:\/\/schema.org","@graph":[{"@type":"WebPage","@id":"https:\/\/cpcs.ufms.br\/biblioteca-2\/","url":"https:\/\/cpcs.ufms.br\/biblioteca-2\/","name":"Biblioteca - Campus de Chapad\u00e3o do Sul","isPartOf":{"@id":"https:\/\/cpcs.ufms.br\/#website"},"primaryImageOfPage":{"@id":"https:\/\/cpcs.ufms.br\/biblioteca-2\/#primaryimage"},"image":{"@id":"https:\/\/cpcs.ufms.br\/biblioteca-2\/#primaryimage"},"thumbnailUrl":"https:\/\/cpcs.ufms.br\/files\/2022\/08\/CPCS-1-249x300-1.jpg","datePublished":"2015-04-06T13:18:02+00:00","dateModified":"2026-04-01T14:27:05+00:00","breadcrumb":{"@id":"https:\/\/cpcs.ufms.br\/biblioteca-2\/#breadcrumb"},"inLanguage":"en-US","potentialAction":[{"@type":"ReadAction","target":["https:\/\/cpcs.ufms.br\/biblioteca-2\/"]}]},{"@type":"ImageObject","inLanguage":"en-US","@id":"https:\/\/cpcs.ufms.br\/biblioteca-2\/#primaryimage","url":"https:\/\/cpcs.ufms.br\/files\/2022\/08\/CPCS-1-249x300-1.jpg","contentUrl":"https:\/\/cpcs.ufms.br\/files\/2022\/08\/CPCS-1-249x300-1.jpg"},{"@type":"BreadcrumbList","@id":"https:\/\/cpcs.ufms.br\/biblioteca-2\/#breadcrumb","itemListElement":[{"@type":"ListItem","position":1,"name":"In\u00edcio","item":"https:\/\/cpcs.ufms.br\/"},{"@type":"ListItem","position":2,"name":"Biblioteca"}]},{"@type":"WebSite","@id":"https:\/\/cpcs.ufms.br\/#website","url":"https:\/\/cpcs.ufms.br\/","name":"Campus de Chapad\u00e3o do Sul","description":"Universidade Federal de Mato Grosso do Sul","potentialAction":[{"@type":"SearchAction","target":{"@type":"EntryPoint","urlTemplate":"https:\/\/cpcs.ufms.br\/?s={search_term_string}"},"query-input":{"@type":"PropertyValueSpecification","valueRequired":true,"valueName":"search_term_string"}}],"inLanguage":"en-US"}]}},"_links":{"self":[{"href":"https:\/\/cpcs.ufms.br\/en\/wp-json\/wp\/v2\/pages\/2664","targetHints":{"allow":["GET"]}}],"collection":[{"href":"https:\/\/cpcs.ufms.br\/en\/wp-json\/wp\/v2\/pages"}],"about":[{"href":"https:\/\/cpcs.ufms.br\/en\/wp-json\/wp\/v2\/types\/page"}],"author":[{"embeddable":true,"href":"https:\/\/cpcs.ufms.br\/en\/wp-json\/wp\/v2\/users\/148"}],"replies":[{"embeddable":true,"href":"https:\/\/cpcs.ufms.br\/en\/wp-json\/wp\/v2\/comments?post=2664"}],"version-history":[{"count":93,"href":"https:\/\/cpcs.ufms.br\/en\/wp-json\/wp\/v2\/pages\/2664\/revisions"}],"predecessor-version":[{"id":12016,"href":"https:\/\/cpcs.ufms.br\/en\/wp-json\/wp\/v2\/pages\/2664\/revisions\/12016"}],"wp:attachment":[{"href":"https:\/\/cpcs.ufms.br\/en\/wp-json\/wp\/v2\/media?parent=2664"}],"wp:term":[{"taxonomy":"author","embeddable":true,"href":"https:\/\/cpcs.ufms.br\/en\/wp-json\/wp\/v2\/coauthors?post=2664"}],"curies":[{"name":"wp","href":"https:\/\/api.w.org\/{rel}","templated":true}]}}