{"id":233,"date":"2012-09-28T09:30:01","date_gmt":"2012-09-28T13:30:01","guid":{"rendered":"http:\/\/cpcs.draconis.ufms.br\/?page_id=233"},"modified":"2025-02-07T15:28:51","modified_gmt":"2025-02-07T19:28:51","slug":"contato","status":"publish","type":"page","link":"https:\/\/cpcs.ufms.br\/en\/contato\/","title":{"rendered":"Contato"},"content":{"rendered":"<p>Endere\u00e7o:<\/p>\n<p>Universidade Federal de Mato Grosso do Sul<br \/>\nC\u00e2mpus de Chapad\u00e3o do Sul<br \/>\nAv. Engenheiro Douglas Ribeiro Pantale\u00e3o, CXP 112<br \/>\nChapad\u00e3o do Sul\/MS<br \/>\nCEP 79560-000<\/p>\n<p>URA (67) 3562-6300<br \/>\n<a href=\"https:\/\/cpcs.ufms.br\/ramaisemails\/\">Ramais &#8211; Emails<\/a><\/p>\n","protected":false},"excerpt":{"rendered":"<p>Endere\u00e7o: Universidade Federal de Mato Grosso do Sul C\u00e2mpus de Chapad\u00e3o do Sul Av. Engenheiro Douglas Ribeiro Pantale\u00e3o, CXP 112 Chapad\u00e3o do Sul\/MS CEP 79560-000 URA (67) 3562-6300 Ramais &#8211; Emails<\/p>\n","protected":false},"author":106,"featured_media":0,"parent":0,"menu_order":0,"comment_status":"closed","ping_status":"open","template":"","meta":{"ngg_post_thumbnail":0,"footnotes":""},"coauthors":[],"class_list":["post-233","page","type-page","status-publish","hentry"],"yoast_head":"<!-- This site is optimized with the Yoast SEO plugin v26.2 - https:\/\/yoast.com\/wordpress\/plugins\/seo\/ -->\n<title>Contato - Campus de Chapad\u00e3o do Sul<\/title>\n<meta name=\"robots\" content=\"index, follow, max-snippet:-1, max-image-preview:large, max-video-preview:-1\" \/>\n<link rel=\"canonical\" href=\"https:\/\/cpcs.ufms.br\/contato\/\" \/>\n<meta property=\"og:locale\" content=\"en_US\" \/>\n<meta property=\"og:type\" content=\"article\" \/>\n<meta property=\"og:title\" content=\"Contato - Campus de Chapad\u00e3o do Sul\" \/>\n<meta property=\"og:description\" content=\"Endere\u00e7o: Universidade Federal de Mato Grosso do Sul C\u00e2mpus de Chapad\u00e3o do Sul Av. Engenheiro Douglas Ribeiro Pantale\u00e3o, CXP 112 Chapad\u00e3o do Sul\/MS CEP 79560-000 URA (67) 3562-6300 Ramais &#8211; Emails\" \/>\n<meta property=\"og:url\" content=\"https:\/\/cpcs.ufms.br\/contato\/\" \/>\n<meta property=\"og:site_name\" content=\"Campus de Chapad\u00e3o do Sul\" \/>\n<meta property=\"article:modified_time\" content=\"2025-02-07T19:28:51+00:00\" \/>\n<meta name=\"twitter:label1\" content=\"Est. reading time\" \/>\n\t<meta name=\"twitter:data1\" content=\"1 minute\" \/>\n<script type=\"application\/ld+json\" class=\"yoast-schema-graph\">{\"@context\":\"https:\/\/schema.org\",\"@graph\":[{\"@type\":\"WebPage\",\"@id\":\"https:\/\/cpcs.ufms.br\/contato\/\",\"url\":\"https:\/\/cpcs.ufms.br\/contato\/\",\"name\":\"Contato - Campus de Chapad\u00e3o do Sul\",\"isPartOf\":{\"@id\":\"https:\/\/cpcs.ufms.br\/#website\"},\"datePublished\":\"2012-09-28T13:30:01+00:00\",\"dateModified\":\"2025-02-07T19:28:51+00:00\",\"breadcrumb\":{\"@id\":\"https:\/\/cpcs.ufms.br\/contato\/#breadcrumb\"},\"inLanguage\":\"en-US\",\"potentialAction\":[{\"@type\":\"ReadAction\",\"target\":[\"https:\/\/cpcs.ufms.br\/contato\/\"]}]},{\"@type\":\"BreadcrumbList\",\"@id\":\"https:\/\/cpcs.ufms.br\/contato\/#breadcrumb\",\"itemListElement\":[{\"@type\":\"ListItem\",\"position\":1,\"name\":\"In\u00edcio\",\"item\":\"https:\/\/cpcs.ufms.br\/\"},{\"@type\":\"ListItem\",\"position\":2,\"name\":\"Contato\"}]},{\"@type\":\"WebSite\",\"@id\":\"https:\/\/cpcs.ufms.br\/#website\",\"url\":\"https:\/\/cpcs.ufms.br\/\",\"name\":\"Campus de Chapad\u00e3o do Sul\",\"description\":\"Universidade Federal de Mato Grosso do Sul\",\"potentialAction\":[{\"@type\":\"SearchAction\",\"target\":{\"@type\":\"EntryPoint\",\"urlTemplate\":\"https:\/\/cpcs.ufms.br\/?s={search_term_string}\"},\"query-input\":{\"@type\":\"PropertyValueSpecification\",\"valueRequired\":true,\"valueName\":\"search_term_string\"}}],\"inLanguage\":\"en-US\"}]}<\/script>\n<!-- \/ Yoast SEO plugin. -->","yoast_head_json":{"title":"Contato - Campus de Chapad\u00e3o do Sul","robots":{"index":"index","follow":"follow","max-snippet":"max-snippet:-1","max-image-preview":"max-image-preview:large","max-video-preview":"max-video-preview:-1"},"canonical":"https:\/\/cpcs.ufms.br\/contato\/","og_locale":"en_US","og_type":"article","og_title":"Contato - Campus de Chapad\u00e3o do Sul","og_description":"Endere\u00e7o: Universidade Federal de Mato Grosso do Sul C\u00e2mpus de Chapad\u00e3o do Sul Av. Engenheiro Douglas Ribeiro Pantale\u00e3o, CXP 112 Chapad\u00e3o do Sul\/MS CEP 79560-000 URA (67) 3562-6300 Ramais &#8211; Emails","og_url":"https:\/\/cpcs.ufms.br\/contato\/","og_site_name":"Campus de Chapad\u00e3o do Sul","article_modified_time":"2025-02-07T19:28:51+00:00","twitter_misc":{"Est. reading time":"1 minute"},"schema":{"@context":"https:\/\/schema.org","@graph":[{"@type":"WebPage","@id":"https:\/\/cpcs.ufms.br\/contato\/","url":"https:\/\/cpcs.ufms.br\/contato\/","name":"Contato - Campus de Chapad\u00e3o do Sul","isPartOf":{"@id":"https:\/\/cpcs.ufms.br\/#website"},"datePublished":"2012-09-28T13:30:01+00:00","dateModified":"2025-02-07T19:28:51+00:00","breadcrumb":{"@id":"https:\/\/cpcs.ufms.br\/contato\/#breadcrumb"},"inLanguage":"en-US","potentialAction":[{"@type":"ReadAction","target":["https:\/\/cpcs.ufms.br\/contato\/"]}]},{"@type":"BreadcrumbList","@id":"https:\/\/cpcs.ufms.br\/contato\/#breadcrumb","itemListElement":[{"@type":"ListItem","position":1,"name":"In\u00edcio","item":"https:\/\/cpcs.ufms.br\/"},{"@type":"ListItem","position":2,"name":"Contato"}]},{"@type":"WebSite","@id":"https:\/\/cpcs.ufms.br\/#website","url":"https:\/\/cpcs.ufms.br\/","name":"Campus de Chapad\u00e3o do Sul","description":"Universidade Federal de Mato Grosso do Sul","potentialAction":[{"@type":"SearchAction","target":{"@type":"EntryPoint","urlTemplate":"https:\/\/cpcs.ufms.br\/?s={search_term_string}"},"query-input":{"@type":"PropertyValueSpecification","valueRequired":true,"valueName":"search_term_string"}}],"inLanguage":"en-US"}]}},"_links":{"self":[{"href":"https:\/\/cpcs.ufms.br\/en\/wp-json\/wp\/v2\/pages\/233","targetHints":{"allow":["GET"]}}],"collection":[{"href":"https:\/\/cpcs.ufms.br\/en\/wp-json\/wp\/v2\/pages"}],"about":[{"href":"https:\/\/cpcs.ufms.br\/en\/wp-json\/wp\/v2\/types\/page"}],"author":[{"embeddable":true,"href":"https:\/\/cpcs.ufms.br\/en\/wp-json\/wp\/v2\/users\/106"}],"replies":[{"embeddable":true,"href":"https:\/\/cpcs.ufms.br\/en\/wp-json\/wp\/v2\/comments?post=233"}],"version-history":[{"count":11,"href":"https:\/\/cpcs.ufms.br\/en\/wp-json\/wp\/v2\/pages\/233\/revisions"}],"predecessor-version":[{"id":10993,"href":"https:\/\/cpcs.ufms.br\/en\/wp-json\/wp\/v2\/pages\/233\/revisions\/10993"}],"wp:attachment":[{"href":"https:\/\/cpcs.ufms.br\/en\/wp-json\/wp\/v2\/media?parent=233"}],"wp:term":[{"taxonomy":"author","embeddable":true,"href":"https:\/\/cpcs.ufms.br\/en\/wp-json\/wp\/v2\/coauthors?post=233"}],"curies":[{"name":"wp","href":"https:\/\/api.w.org\/{rel}","templated":true}]}}