{"id":2147,"date":"2014-08-15T08:36:23","date_gmt":"2014-08-15T12:36:23","guid":{"rendered":"http:\/\/cpcs.draconis.ufms.br\/?page_id=2147"},"modified":"2026-02-03T11:07:43","modified_gmt":"2026-02-03T15:07:43","slug":"tecnicos-administrativos","status":"publish","type":"page","link":"https:\/\/cpcs.ufms.br\/en\/tecnicos-administrativos\/","title":{"rendered":"T\u00c9CNICOS-ADMINISTRATIVOS"},"content":{"rendered":"<p><strong>Andressa Ferreira Domingos<\/strong><br \/>\nAuxiliar em Administra\u00e7\u00e3o<br \/>\nLota\u00e7\u00e3o: Coordena\u00e7\u00e3o de Gest\u00e3o Acad\u00eamica<br \/>\nTelefone: (67) 3562-6302<br \/>\ne-mail:\u00a0andressa.domingos@ufms.br<\/p>\n<p><strong>Andressa Silva Rodrigues<\/strong><br \/>\nT\u00e9cnica de Laborat\u00f3rio &#8211; Biologia<br \/>\nLota\u00e7\u00e3o: Laborat\u00f3rio Agr\u00edcola.<br \/>\ne-mail: andressa.s.rodrigues@ufms.br<\/p>\n<p><strong>Bruna Diniz Rios<br \/>\n<\/strong>Psic\u00f3loga<br \/>\nLota\u00e7\u00e3o: Secretaria de Apoio Estudantil<br \/>\nTelefone: (67) 3562-6358<br \/>\ne-mail: bruna.rios@ufms.br<\/p>\n<p><strong>Carlos Eduardo Andrade Parpinelli<\/strong><br \/>\nT\u00e9cnico em Assuntos Educacionais<br \/>\nLota\u00e7\u00e3o: Unidade de Apoio Acad\u00eamico<br \/>\nTelefone: (67) 3562-6330<br \/>\ne-mail:\u00a0carlos.parpinelli@ufms.br<\/p>\n<p><strong>Daniel Fernando Figueiredo Spengler<\/strong><br \/>\nBibliotec\u00e1rio<br \/>\nLota\u00e7\u00e3o: Biblioteca<br \/>\nTelefone: (67) 3562-6322<br \/>\ne-mail: daniel.spengler@ufms.br<\/p>\n<p><strong>Enio Antonio Manfroi Filho<\/strong><br \/>\nAssistente em Administra\u00e7\u00e3o<br \/>\nLota\u00e7\u00e3o: Secretaria de Apoio Administrativo<br \/>\nTelefone: (67) 3562-6337<br \/>\ne-mail: enio.manfroi@ufms.br<\/p>\n<p><strong>Fernanda Castro Gastaldi<\/strong><br \/>\nAssistente em Administra\u00e7\u00e3o<br \/>\nLota\u00e7\u00e3o: Unidade de Apoio Acad\u00eamico<br \/>\nTelefone: (67) 3562-6319<br \/>\ne-mail: fernanda.gastaldi@ufms.br<\/p>\n<p><strong>Gabriella Silva de Gregori<\/strong><br \/>\nT\u00e9cnica de Laborat\u00f3rio &#8211; Biologia<br \/>\nLota\u00e7\u00e3o: Laborat\u00f3rio de Entomologia<br \/>\nTelefone: (67) 3562-6331<br \/>\ne-mail: gabriella.gregori@ufms.br<\/p>\n<p><strong>Geovane da Silva Andre<\/strong><br \/>\nAssistente em Administra\u00e7\u00e3o<br \/>\nLota\u00e7\u00e3o: Secretaria de Apoio Administrativo<br \/>\nTelefone: (67) 3562-6300<br \/>\ne-mail: geovane.andre@ufms.br<\/p>\n<p><strong>Gerandy Gouveia Netto<\/strong><br \/>\nAssistente em Administra\u00e7\u00e3o<br \/>\nLota\u00e7\u00e3o: Biblioteca<br \/>\nTelefone: (67) 3562-6322<br \/>\ne-mail:\u00a0gouveia.netto@ufms.br<\/p>\n<p><strong>Janaina Jacinto de Oliveira<\/strong><br \/>\nAssistente em Administra\u00e7\u00e3o &#8211; Dire\u00e7\u00e3o<br \/>\nLota\u00e7\u00e3o: Dire\u00e7\u00e3o<br \/>\nTelefone: (67) 3562-6348<br \/>\ne-mail: janaina.jacinto@ufms.br<\/p>\n<p><strong>Jakeline Gomes de Oliveira Nascimento<\/strong><br \/>\nTradutora e interprete de linguagem de sinais<br \/>\nLota\u00e7\u00e3o:\u00a0Secretaria Acad\u00eamica<br \/>\nTelefone: (67) 3562-6332<br \/>\ne-mail: jakeline.gomes@ufms.br<\/p>\n<p><strong>Ligiane Monteiro de Arruda<\/strong><br \/>\nAssistente Social<br \/>\nLota\u00e7\u00e3o: Secretaria de Apoio Estudantil<br \/>\nTelefone: (67) 3562-6311<br \/>\ne-mail: ligiane.arruda@ufms.br<\/p>\n<p><strong>Lucas Akira Tanabe Quaresma<\/strong><br \/>\nEngenheiro Agr\u00f4nomo<br \/>\nLota\u00e7\u00e3o: Galp\u00e3o<br \/>\nTelefone: (67) 3562-6328<br \/>\ne-mail: lucas.akira@ufms.br<\/p>\n<p><b>Maik Oliveira Silva<\/b><br \/>\nT\u00e9cnico em Tecnologia da Informa\u00e7\u00e3o<br \/>\nTelefone: (67) 3562-6321<br \/>\ne-mail: maik.o@ufms.br<\/p>\n<p><strong>Marcelo Jos\u00e9 da Silva<\/strong><br \/>\nT\u00e9cnico de Laborat\u00f3rio &#8211; Biologia<br \/>\nLota\u00e7\u00e3o: Laborat\u00f3rio de Engenharia Florestal<br \/>\nTelefone: (67) 3562-6350<br \/>\ne-mail: marcelo.jose@ufms.br<\/p>\n<p><strong>Marcia Let\u00edcia Monteiro Gomes<\/strong><br \/>\nT\u00e9cnica de Laborat\u00f3rio &#8211; Biologia<br \/>\nLota\u00e7\u00e3o: Laborat\u00f3rio de Esteriliza\u00e7\u00e3o e Preparo<br \/>\nTelefone: (67) 3562-6325<br \/>\nE-mail: marcia_leticia@ufms.br<\/p>\n<p><strong>Marileide Soares da Silva<\/strong><br \/>\nT\u00e9cnica de Laborat\u00f3rio &#8211; Qu\u00edmica<br \/>\nLota\u00e7\u00e3o: Laborat\u00f3rio de Solos<br \/>\nTelefone: (67) 3562-6323<br \/>\ne-mail: m.soares@ufms.br<\/p>\n<p><strong>Paulo Cezar Gomes Assun\u00e7\u00e3o<\/strong><br \/>\nT\u00e9cnico em Agropecu\u00e1ria<br \/>\nLota\u00e7\u00e3o: Laborat\u00f3rio de Engenharia Florestal \/ Galp\u00e3o Agr\u00edcola<br \/>\nTelefone: (67) 3562-6350<br \/>\ne-mail: paulo.assuncao@ufms.br<\/p>\n<p><strong>Priscilla Maria Da Silva Liber Lopes<\/strong><br \/>\nT\u00e9cnica de Laborat\u00f3rio \u2013 Biologia<br \/>\nLota\u00e7\u00e3o: Laborat\u00f3rio de Biotecnologia<br \/>\nTelefone: (67) 3562-6329<br \/>\ne-mail: priscilla.lopes@ufms.br<\/p>\n<p><strong>Rosilene Estev\u00e3o<\/strong><br \/>\nAssistente em Administra\u00e7\u00e3o<br \/>\nLota\u00e7\u00e3o: Secretaria de Apoio Administrativo<br \/>\nTelefone: (67) 3562-6312<br \/>\ne-mail: rosilene.estevao@ufms.br<\/p>\n<p><strong>Sinomar Moreira Andrade<\/strong><br \/>\nAssistente em Administra\u00e7\u00e3o<br \/>\nLota\u00e7\u00e3o: Secretaria Acad\u00eamica de P\u00f3s-Gradua\u00e7\u00e3o<br \/>\nTelefone: (67) 3562-6351<br \/>\ne-mail: sinomar.andrade@ufms.br<\/p>\n<p><strong>Vin\u00edcius Mosca Aguero<\/strong><br \/>\nT\u00e9cnico em Contabilidade<br \/>\nLota\u00e7\u00e3o: Secretaria de Apoio Administrativo<br \/>\nTelefone: (67) 3562-6303<br \/>\ne-mail: vinicius.aguero@ufms.br<\/p>\n","protected":false},"excerpt":{"rendered":"<p>Andressa Ferreira Domingos Auxiliar em Administra\u00e7\u00e3o Lota\u00e7\u00e3o: Coordena\u00e7\u00e3o de Gest\u00e3o Acad\u00eamica Telefone: (67) 3562-6302 e-mail:\u00a0andressa.domingos@ufms.br Andressa Silva Rodrigues T\u00e9cnica de Laborat\u00f3rio &#8211; Biologia Lota\u00e7\u00e3o: Laborat\u00f3rio Agr\u00edcola. e-mail: andressa.s.rodrigues@ufms.br Bruna Diniz Rios Psic\u00f3loga Lota\u00e7\u00e3o: Secretaria de Apoio Estudantil Telefone: (67) 3562-6358 e-mail: bruna.rios@ufms.br Carlos Eduardo Andrade Parpinelli T\u00e9cnico em Assuntos Educacionais Lota\u00e7\u00e3o: Unidade de Apoio Acad\u00eamico [&hellip;]<\/p>\n","protected":false},"author":148,"featured_media":0,"parent":0,"menu_order":0,"comment_status":"closed","ping_status":"closed","template":"","meta":{"ngg_post_thumbnail":0,"footnotes":""},"coauthors":[25],"class_list":["post-2147","page","type-page","status-publish","hentry"],"yoast_head":"<!-- This site is optimized with the Yoast SEO plugin v26.2 - https:\/\/yoast.com\/wordpress\/plugins\/seo\/ -->\n<title>T\u00c9CNICOS-ADMINISTRATIVOS - Campus de Chapad\u00e3o do Sul<\/title>\n<meta name=\"robots\" content=\"index, follow, max-snippet:-1, max-image-preview:large, max-video-preview:-1\" \/>\n<link rel=\"canonical\" href=\"https:\/\/cpcs.ufms.br\/tecnicos-administrativos\/\" \/>\n<meta property=\"og:locale\" content=\"en_US\" \/>\n<meta property=\"og:type\" content=\"article\" \/>\n<meta property=\"og:title\" content=\"T\u00c9CNICOS-ADMINISTRATIVOS - Campus de Chapad\u00e3o do Sul\" \/>\n<meta property=\"og:description\" content=\"Andressa Ferreira Domingos Auxiliar em Administra\u00e7\u00e3o Lota\u00e7\u00e3o: Coordena\u00e7\u00e3o de Gest\u00e3o Acad\u00eamica Telefone: (67) 3562-6302 e-mail:\u00a0andressa.domingos@ufms.br Andressa Silva Rodrigues T\u00e9cnica de Laborat\u00f3rio &#8211; Biologia Lota\u00e7\u00e3o: Laborat\u00f3rio Agr\u00edcola. e-mail: andressa.s.rodrigues@ufms.br Bruna Diniz Rios Psic\u00f3loga Lota\u00e7\u00e3o: Secretaria de Apoio Estudantil Telefone: (67) 3562-6358 e-mail: bruna.rios@ufms.br Carlos Eduardo Andrade Parpinelli T\u00e9cnico em Assuntos Educacionais Lota\u00e7\u00e3o: Unidade de Apoio Acad\u00eamico [&hellip;]\" \/>\n<meta property=\"og:url\" content=\"https:\/\/cpcs.ufms.br\/tecnicos-administrativos\/\" \/>\n<meta property=\"og:site_name\" content=\"Campus de Chapad\u00e3o do Sul\" \/>\n<meta property=\"article:modified_time\" content=\"2026-02-03T15:07:43+00:00\" \/>\n<meta name=\"twitter:label1\" content=\"Est. reading time\" \/>\n\t<meta name=\"twitter:data1\" content=\"3 minutes\" \/>\n<script type=\"application\/ld+json\" class=\"yoast-schema-graph\">{\"@context\":\"https:\/\/schema.org\",\"@graph\":[{\"@type\":\"WebPage\",\"@id\":\"https:\/\/cpcs.ufms.br\/tecnicos-administrativos\/\",\"url\":\"https:\/\/cpcs.ufms.br\/tecnicos-administrativos\/\",\"name\":\"T\u00c9CNICOS-ADMINISTRATIVOS - Campus de Chapad\u00e3o do Sul\",\"isPartOf\":{\"@id\":\"https:\/\/cpcs.ufms.br\/#website\"},\"datePublished\":\"2014-08-15T12:36:23+00:00\",\"dateModified\":\"2026-02-03T15:07:43+00:00\",\"breadcrumb\":{\"@id\":\"https:\/\/cpcs.ufms.br\/tecnicos-administrativos\/#breadcrumb\"},\"inLanguage\":\"en-US\",\"potentialAction\":[{\"@type\":\"ReadAction\",\"target\":[\"https:\/\/cpcs.ufms.br\/tecnicos-administrativos\/\"]}]},{\"@type\":\"BreadcrumbList\",\"@id\":\"https:\/\/cpcs.ufms.br\/tecnicos-administrativos\/#breadcrumb\",\"itemListElement\":[{\"@type\":\"ListItem\",\"position\":1,\"name\":\"In\u00edcio\",\"item\":\"https:\/\/cpcs.ufms.br\/\"},{\"@type\":\"ListItem\",\"position\":2,\"name\":\"T\u00c9CNICOS-ADMINISTRATIVOS\"}]},{\"@type\":\"WebSite\",\"@id\":\"https:\/\/cpcs.ufms.br\/#website\",\"url\":\"https:\/\/cpcs.ufms.br\/\",\"name\":\"Campus de Chapad\u00e3o do Sul\",\"description\":\"Universidade Federal de Mato Grosso do Sul\",\"potentialAction\":[{\"@type\":\"SearchAction\",\"target\":{\"@type\":\"EntryPoint\",\"urlTemplate\":\"https:\/\/cpcs.ufms.br\/?s={search_term_string}\"},\"query-input\":{\"@type\":\"PropertyValueSpecification\",\"valueRequired\":true,\"valueName\":\"search_term_string\"}}],\"inLanguage\":\"en-US\"}]}<\/script>\n<!-- \/ Yoast SEO plugin. -->","yoast_head_json":{"title":"T\u00c9CNICOS-ADMINISTRATIVOS - Campus de Chapad\u00e3o do Sul","robots":{"index":"index","follow":"follow","max-snippet":"max-snippet:-1","max-image-preview":"max-image-preview:large","max-video-preview":"max-video-preview:-1"},"canonical":"https:\/\/cpcs.ufms.br\/tecnicos-administrativos\/","og_locale":"en_US","og_type":"article","og_title":"T\u00c9CNICOS-ADMINISTRATIVOS - Campus de Chapad\u00e3o do Sul","og_description":"Andressa Ferreira Domingos Auxiliar em Administra\u00e7\u00e3o Lota\u00e7\u00e3o: Coordena\u00e7\u00e3o de Gest\u00e3o Acad\u00eamica Telefone: (67) 3562-6302 e-mail:\u00a0andressa.domingos@ufms.br Andressa Silva Rodrigues T\u00e9cnica de Laborat\u00f3rio &#8211; Biologia Lota\u00e7\u00e3o: Laborat\u00f3rio Agr\u00edcola. e-mail: andressa.s.rodrigues@ufms.br Bruna Diniz Rios Psic\u00f3loga Lota\u00e7\u00e3o: Secretaria de Apoio Estudantil Telefone: (67) 3562-6358 e-mail: bruna.rios@ufms.br Carlos Eduardo Andrade Parpinelli T\u00e9cnico em Assuntos Educacionais Lota\u00e7\u00e3o: Unidade de Apoio Acad\u00eamico [&hellip;]","og_url":"https:\/\/cpcs.ufms.br\/tecnicos-administrativos\/","og_site_name":"Campus de Chapad\u00e3o do Sul","article_modified_time":"2026-02-03T15:07:43+00:00","twitter_misc":{"Est. reading time":"3 minutes"},"schema":{"@context":"https:\/\/schema.org","@graph":[{"@type":"WebPage","@id":"https:\/\/cpcs.ufms.br\/tecnicos-administrativos\/","url":"https:\/\/cpcs.ufms.br\/tecnicos-administrativos\/","name":"T\u00c9CNICOS-ADMINISTRATIVOS - Campus de Chapad\u00e3o do Sul","isPartOf":{"@id":"https:\/\/cpcs.ufms.br\/#website"},"datePublished":"2014-08-15T12:36:23+00:00","dateModified":"2026-02-03T15:07:43+00:00","breadcrumb":{"@id":"https:\/\/cpcs.ufms.br\/tecnicos-administrativos\/#breadcrumb"},"inLanguage":"en-US","potentialAction":[{"@type":"ReadAction","target":["https:\/\/cpcs.ufms.br\/tecnicos-administrativos\/"]}]},{"@type":"BreadcrumbList","@id":"https:\/\/cpcs.ufms.br\/tecnicos-administrativos\/#breadcrumb","itemListElement":[{"@type":"ListItem","position":1,"name":"In\u00edcio","item":"https:\/\/cpcs.ufms.br\/"},{"@type":"ListItem","position":2,"name":"T\u00c9CNICOS-ADMINISTRATIVOS"}]},{"@type":"WebSite","@id":"https:\/\/cpcs.ufms.br\/#website","url":"https:\/\/cpcs.ufms.br\/","name":"Campus de Chapad\u00e3o do Sul","description":"Universidade Federal de Mato Grosso do Sul","potentialAction":[{"@type":"SearchAction","target":{"@type":"EntryPoint","urlTemplate":"https:\/\/cpcs.ufms.br\/?s={search_term_string}"},"query-input":{"@type":"PropertyValueSpecification","valueRequired":true,"valueName":"search_term_string"}}],"inLanguage":"en-US"}]}},"_links":{"self":[{"href":"https:\/\/cpcs.ufms.br\/en\/wp-json\/wp\/v2\/pages\/2147","targetHints":{"allow":["GET"]}}],"collection":[{"href":"https:\/\/cpcs.ufms.br\/en\/wp-json\/wp\/v2\/pages"}],"about":[{"href":"https:\/\/cpcs.ufms.br\/en\/wp-json\/wp\/v2\/types\/page"}],"author":[{"embeddable":true,"href":"https:\/\/cpcs.ufms.br\/en\/wp-json\/wp\/v2\/users\/148"}],"replies":[{"embeddable":true,"href":"https:\/\/cpcs.ufms.br\/en\/wp-json\/wp\/v2\/comments?post=2147"}],"version-history":[{"count":41,"href":"https:\/\/cpcs.ufms.br\/en\/wp-json\/wp\/v2\/pages\/2147\/revisions"}],"predecessor-version":[{"id":11870,"href":"https:\/\/cpcs.ufms.br\/en\/wp-json\/wp\/v2\/pages\/2147\/revisions\/11870"}],"wp:attachment":[{"href":"https:\/\/cpcs.ufms.br\/en\/wp-json\/wp\/v2\/media?parent=2147"}],"wp:term":[{"taxonomy":"author","embeddable":true,"href":"https:\/\/cpcs.ufms.br\/en\/wp-json\/wp\/v2\/coauthors?post=2147"}],"curies":[{"name":"wp","href":"https:\/\/api.w.org\/{rel}","templated":true}]}}