{"id":2129,"date":"2014-08-14T07:48:00","date_gmt":"2014-08-14T11:48:00","guid":{"rendered":"http:\/\/cpcs.draconis.ufms.br\/?page_id=2129"},"modified":"2025-02-10T16:53:56","modified_gmt":"2025-02-10T20:53:56","slug":"ricardo-gava","status":"publish","type":"page","link":"https:\/\/cpcs.ufms.br\/en\/docentes\/agronomia\/ricardo-gava\/","title":{"rendered":"Ricardo Gava"},"content":{"rendered":"<p><a href=\"https:\/\/cpcs.ufms.br\/files\/2025\/02\/ricardo-gava.jpeg\"><img fetchpriority=\"high\" decoding=\"async\" class=\"size-medium wp-image-10995 aligncenter\" src=\"https:\/\/cpcs.ufms.br\/files\/2025\/02\/ricardo-gava-300x300.jpeg\" alt=\"\" width=\"300\" height=\"300\" srcset=\"https:\/\/cpcs.ufms.br\/files\/2025\/02\/ricardo-gava-300x300.jpeg 300w, https:\/\/cpcs.ufms.br\/files\/2025\/02\/ricardo-gava-150x150.jpeg 150w, https:\/\/cpcs.ufms.br\/files\/2025\/02\/ricardo-gava-319x320.jpeg 319w, https:\/\/cpcs.ufms.br\/files\/2025\/02\/ricardo-gava-600x602.jpeg 600w, https:\/\/cpcs.ufms.br\/files\/2025\/02\/ricardo-gava.jpeg 634w\" sizes=\"(max-width: 300px) 100vw, 300px\" \/><\/a><\/p>\n<p>&nbsp;<\/p>\n<table style=\"width: 100%\" border=\"0\" width=\"100%\" cellpadding=\"0\">\n<tbody>\n<tr>\n<td style=\"width: 22.7205%\" width=\"17%\"><strong>Doutorado<\/strong><\/td>\n<td style=\"width: 74.2795%\" width=\"80%\">Doutor em Ci\u00eancias (Irriga\u00e7\u00e3o e Drenagem), USP\/Esalq &#8211; Piracicaba, SP &#8211; 2014.<\/td>\n<\/tr>\n<tr>\n<td style=\"width: 22.7205%\" width=\"17%\"><strong>Doutorado Sandu\u00edche<\/strong><\/td>\n<td style=\"width: 74.2795%\" width=\"80%\">University of California &#8211; Davis, CA &#8211; 2013.<\/td>\n<\/tr>\n<tr>\n<td style=\"width: 22.7205%\" width=\"17%\"><strong>Mestrado<\/strong><\/td>\n<td style=\"width: 74.2795%\" width=\"80%\">Agronomia (Agrometeorologia), UEM &#8211; Maring\u00e1, PR &#8211; 2010.<\/td>\n<\/tr>\n<tr>\n<td style=\"width: 22.7205%\" width=\"17%\"><strong>Gradua\u00e7\u00e3o<\/strong><\/td>\n<td style=\"width: 74.2795%\" width=\"80%\">Engenheiro Agr\u00edcola, UEM &#8211; Cidade Ga\u00facha, PR &#8211; 2009.<\/td>\n<\/tr>\n<\/tbody>\n<\/table>\n<p>&nbsp;<\/p>\n<p><strong>\u00c1reas e Linhas de Pesquisa:<\/strong><\/p>\n<ul>\n<li>Manejo de Irriga\u00e7\u00e3o.<\/li>\n<li>Viabilidade Econ\u00f4mica em Irriga\u00e7\u00e3o.<\/li>\n<li>Agrometeorologia.<\/li>\n<li>Zoneamento Clim\u00e1tico.<\/li>\n<li>Estresse H\u00eddrico.<\/li>\n<li>Modelagem.<\/li>\n<\/ul>\n<p>&nbsp;<\/p>\n<p><strong>E-mail:<\/strong>&nbsp;&nbsp;<a href=\"#\">ricardo.gava@ufms.br<\/a><\/p>\n<p><strong>Telefone:<\/strong>&nbsp;(67) 3562-6353<\/p>\n<p style=\"text-align: center\"><a href=\"http:\/\/lattes.cnpq.br\/4498661434757619\" target=\"_blank\" rel=\"noopener noreferrer\">(Curr\u00edculo &#8211; Plataforma Lattes)<\/a><\/p>\n","protected":false},"excerpt":{"rendered":"<p>&nbsp; Doutorado Doutor em Ci\u00eancias (Irriga\u00e7\u00e3o e Drenagem), USP\/Esalq &#8211; Piracicaba, SP &#8211; 2014. Doutorado Sandu\u00edche University of California &#8211; Davis, CA &#8211; 2013. Mestrado Agronomia (Agrometeorologia), UEM &#8211; Maring\u00e1, PR &#8211; 2010. Gradua\u00e7\u00e3o Engenheiro Agr\u00edcola, UEM &#8211; Cidade Ga\u00facha, PR &#8211; 2009. &nbsp; \u00c1reas e Linhas de Pesquisa: Manejo de Irriga\u00e7\u00e3o. Viabilidade Econ\u00f4mica em [&hellip;]<\/p>\n","protected":false},"author":148,"featured_media":0,"parent":6952,"menu_order":0,"comment_status":"closed","ping_status":"closed","template":"","meta":{"ngg_post_thumbnail":0,"footnotes":""},"coauthors":[],"class_list":["post-2129","page","type-page","status-publish","hentry"],"yoast_head":"<!-- This site is optimized with the Yoast SEO plugin v26.2 - https:\/\/yoast.com\/wordpress\/plugins\/seo\/ -->\n<title>Ricardo Gava - Campus de Chapad\u00e3o do Sul<\/title>\n<meta name=\"robots\" content=\"index, follow, max-snippet:-1, max-image-preview:large, max-video-preview:-1\" \/>\n<link rel=\"canonical\" href=\"https:\/\/cpcs.ufms.br\/docentes\/agronomia\/ricardo-gava\/\" \/>\n<meta property=\"og:locale\" content=\"en_US\" \/>\n<meta property=\"og:type\" content=\"article\" \/>\n<meta property=\"og:title\" content=\"Ricardo Gava - Campus de Chapad\u00e3o do Sul\" \/>\n<meta property=\"og:description\" content=\"&nbsp; Doutorado Doutor em Ci\u00eancias (Irriga\u00e7\u00e3o e Drenagem), USP\/Esalq &#8211; Piracicaba, SP &#8211; 2014. Doutorado Sandu\u00edche University of California &#8211; Davis, CA &#8211; 2013. Mestrado Agronomia (Agrometeorologia), UEM &#8211; Maring\u00e1, PR &#8211; 2010. Gradua\u00e7\u00e3o Engenheiro Agr\u00edcola, UEM &#8211; Cidade Ga\u00facha, PR &#8211; 2009. &nbsp; \u00c1reas e Linhas de Pesquisa: Manejo de Irriga\u00e7\u00e3o. Viabilidade Econ\u00f4mica em [&hellip;]\" \/>\n<meta property=\"og:url\" content=\"https:\/\/cpcs.ufms.br\/docentes\/agronomia\/ricardo-gava\/\" \/>\n<meta property=\"og:site_name\" content=\"Campus de Chapad\u00e3o do Sul\" \/>\n<meta property=\"article:modified_time\" content=\"2025-02-10T20:53:56+00:00\" \/>\n<meta property=\"og:image\" content=\"https:\/\/cpcs.ufms.br\/files\/2025\/02\/ricardo-gava-300x300.jpeg\" \/>\n<meta name=\"twitter:label1\" content=\"Est. reading time\" \/>\n\t<meta name=\"twitter:data1\" content=\"1 minute\" \/>\n<script type=\"application\/ld+json\" class=\"yoast-schema-graph\">{\"@context\":\"https:\/\/schema.org\",\"@graph\":[{\"@type\":\"WebPage\",\"@id\":\"https:\/\/cpcs.ufms.br\/docentes\/agronomia\/ricardo-gava\/\",\"url\":\"https:\/\/cpcs.ufms.br\/docentes\/agronomia\/ricardo-gava\/\",\"name\":\"Ricardo Gava - Campus de Chapad\u00e3o do Sul\",\"isPartOf\":{\"@id\":\"https:\/\/cpcs.ufms.br\/#website\"},\"primaryImageOfPage\":{\"@id\":\"https:\/\/cpcs.ufms.br\/docentes\/agronomia\/ricardo-gava\/#primaryimage\"},\"image\":{\"@id\":\"https:\/\/cpcs.ufms.br\/docentes\/agronomia\/ricardo-gava\/#primaryimage\"},\"thumbnailUrl\":\"https:\/\/cpcs.ufms.br\/files\/2025\/02\/ricardo-gava-300x300.jpeg\",\"datePublished\":\"2014-08-14T11:48:00+00:00\",\"dateModified\":\"2025-02-10T20:53:56+00:00\",\"breadcrumb\":{\"@id\":\"https:\/\/cpcs.ufms.br\/docentes\/agronomia\/ricardo-gava\/#breadcrumb\"},\"inLanguage\":\"en-US\",\"potentialAction\":[{\"@type\":\"ReadAction\",\"target\":[\"https:\/\/cpcs.ufms.br\/docentes\/agronomia\/ricardo-gava\/\"]}]},{\"@type\":\"ImageObject\",\"inLanguage\":\"en-US\",\"@id\":\"https:\/\/cpcs.ufms.br\/docentes\/agronomia\/ricardo-gava\/#primaryimage\",\"url\":\"https:\/\/cpcs.ufms.br\/files\/2025\/02\/ricardo-gava-300x300.jpeg\",\"contentUrl\":\"https:\/\/cpcs.ufms.br\/files\/2025\/02\/ricardo-gava-300x300.jpeg\"},{\"@type\":\"BreadcrumbList\",\"@id\":\"https:\/\/cpcs.ufms.br\/docentes\/agronomia\/ricardo-gava\/#breadcrumb\",\"itemListElement\":[{\"@type\":\"ListItem\",\"position\":1,\"name\":\"In\u00edcio\",\"item\":\"https:\/\/cpcs.ufms.br\/\"},{\"@type\":\"ListItem\",\"position\":2,\"name\":\"Docentes\",\"item\":\"https:\/\/cpcs.ufms.br\/docentes\/\"},{\"@type\":\"ListItem\",\"position\":3,\"name\":\"Agronomia\",\"item\":\"https:\/\/cpcs.ufms.br\/docentes\/agronomia\/\"},{\"@type\":\"ListItem\",\"position\":4,\"name\":\"Ricardo Gava\"}]},{\"@type\":\"WebSite\",\"@id\":\"https:\/\/cpcs.ufms.br\/#website\",\"url\":\"https:\/\/cpcs.ufms.br\/\",\"name\":\"Campus de Chapad\u00e3o do Sul\",\"description\":\"Universidade Federal de Mato Grosso do Sul\",\"potentialAction\":[{\"@type\":\"SearchAction\",\"target\":{\"@type\":\"EntryPoint\",\"urlTemplate\":\"https:\/\/cpcs.ufms.br\/?s={search_term_string}\"},\"query-input\":{\"@type\":\"PropertyValueSpecification\",\"valueRequired\":true,\"valueName\":\"search_term_string\"}}],\"inLanguage\":\"en-US\"}]}<\/script>\n<!-- \/ Yoast SEO plugin. -->","yoast_head_json":{"title":"Ricardo Gava - Campus de Chapad\u00e3o do Sul","robots":{"index":"index","follow":"follow","max-snippet":"max-snippet:-1","max-image-preview":"max-image-preview:large","max-video-preview":"max-video-preview:-1"},"canonical":"https:\/\/cpcs.ufms.br\/docentes\/agronomia\/ricardo-gava\/","og_locale":"en_US","og_type":"article","og_title":"Ricardo Gava - Campus de Chapad\u00e3o do Sul","og_description":"&nbsp; Doutorado Doutor em Ci\u00eancias (Irriga\u00e7\u00e3o e Drenagem), USP\/Esalq &#8211; Piracicaba, SP &#8211; 2014. Doutorado Sandu\u00edche University of California &#8211; Davis, CA &#8211; 2013. Mestrado Agronomia (Agrometeorologia), UEM &#8211; Maring\u00e1, PR &#8211; 2010. Gradua\u00e7\u00e3o Engenheiro Agr\u00edcola, UEM &#8211; Cidade Ga\u00facha, PR &#8211; 2009. &nbsp; \u00c1reas e Linhas de Pesquisa: Manejo de Irriga\u00e7\u00e3o. Viabilidade Econ\u00f4mica em [&hellip;]","og_url":"https:\/\/cpcs.ufms.br\/docentes\/agronomia\/ricardo-gava\/","og_site_name":"Campus de Chapad\u00e3o do Sul","article_modified_time":"2025-02-10T20:53:56+00:00","og_image":[{"url":"https:\/\/cpcs.ufms.br\/files\/2025\/02\/ricardo-gava-300x300.jpeg","type":"","width":"","height":""}],"twitter_misc":{"Est. reading time":"1 minute"},"schema":{"@context":"https:\/\/schema.org","@graph":[{"@type":"WebPage","@id":"https:\/\/cpcs.ufms.br\/docentes\/agronomia\/ricardo-gava\/","url":"https:\/\/cpcs.ufms.br\/docentes\/agronomia\/ricardo-gava\/","name":"Ricardo Gava - Campus de Chapad\u00e3o do Sul","isPartOf":{"@id":"https:\/\/cpcs.ufms.br\/#website"},"primaryImageOfPage":{"@id":"https:\/\/cpcs.ufms.br\/docentes\/agronomia\/ricardo-gava\/#primaryimage"},"image":{"@id":"https:\/\/cpcs.ufms.br\/docentes\/agronomia\/ricardo-gava\/#primaryimage"},"thumbnailUrl":"https:\/\/cpcs.ufms.br\/files\/2025\/02\/ricardo-gava-300x300.jpeg","datePublished":"2014-08-14T11:48:00+00:00","dateModified":"2025-02-10T20:53:56+00:00","breadcrumb":{"@id":"https:\/\/cpcs.ufms.br\/docentes\/agronomia\/ricardo-gava\/#breadcrumb"},"inLanguage":"en-US","potentialAction":[{"@type":"ReadAction","target":["https:\/\/cpcs.ufms.br\/docentes\/agronomia\/ricardo-gava\/"]}]},{"@type":"ImageObject","inLanguage":"en-US","@id":"https:\/\/cpcs.ufms.br\/docentes\/agronomia\/ricardo-gava\/#primaryimage","url":"https:\/\/cpcs.ufms.br\/files\/2025\/02\/ricardo-gava-300x300.jpeg","contentUrl":"https:\/\/cpcs.ufms.br\/files\/2025\/02\/ricardo-gava-300x300.jpeg"},{"@type":"BreadcrumbList","@id":"https:\/\/cpcs.ufms.br\/docentes\/agronomia\/ricardo-gava\/#breadcrumb","itemListElement":[{"@type":"ListItem","position":1,"name":"In\u00edcio","item":"https:\/\/cpcs.ufms.br\/"},{"@type":"ListItem","position":2,"name":"Docentes","item":"https:\/\/cpcs.ufms.br\/docentes\/"},{"@type":"ListItem","position":3,"name":"Agronomia","item":"https:\/\/cpcs.ufms.br\/docentes\/agronomia\/"},{"@type":"ListItem","position":4,"name":"Ricardo Gava"}]},{"@type":"WebSite","@id":"https:\/\/cpcs.ufms.br\/#website","url":"https:\/\/cpcs.ufms.br\/","name":"Campus de Chapad\u00e3o do Sul","description":"Universidade Federal de Mato Grosso do Sul","potentialAction":[{"@type":"SearchAction","target":{"@type":"EntryPoint","urlTemplate":"https:\/\/cpcs.ufms.br\/?s={search_term_string}"},"query-input":{"@type":"PropertyValueSpecification","valueRequired":true,"valueName":"search_term_string"}}],"inLanguage":"en-US"}]}},"_links":{"self":[{"href":"https:\/\/cpcs.ufms.br\/en\/wp-json\/wp\/v2\/pages\/2129","targetHints":{"allow":["GET"]}}],"collection":[{"href":"https:\/\/cpcs.ufms.br\/en\/wp-json\/wp\/v2\/pages"}],"about":[{"href":"https:\/\/cpcs.ufms.br\/en\/wp-json\/wp\/v2\/types\/page"}],"author":[{"embeddable":true,"href":"https:\/\/cpcs.ufms.br\/en\/wp-json\/wp\/v2\/users\/148"}],"replies":[{"embeddable":true,"href":"https:\/\/cpcs.ufms.br\/en\/wp-json\/wp\/v2\/comments?post=2129"}],"version-history":[{"count":14,"href":"https:\/\/cpcs.ufms.br\/en\/wp-json\/wp\/v2\/pages\/2129\/revisions"}],"predecessor-version":[{"id":10996,"href":"https:\/\/cpcs.ufms.br\/en\/wp-json\/wp\/v2\/pages\/2129\/revisions\/10996"}],"up":[{"embeddable":true,"href":"https:\/\/cpcs.ufms.br\/en\/wp-json\/wp\/v2\/pages\/6952"}],"wp:attachment":[{"href":"https:\/\/cpcs.ufms.br\/en\/wp-json\/wp\/v2\/media?parent=2129"}],"wp:term":[{"taxonomy":"author","embeddable":true,"href":"https:\/\/cpcs.ufms.br\/en\/wp-json\/wp\/v2\/coauthors?post=2129"}],"curies":[{"name":"wp","href":"https:\/\/api.w.org\/{rel}","templated":true}]}}