{"id":211,"date":"2012-09-20T14:44:38","date_gmt":"2012-09-20T18:44:38","guid":{"rendered":"http:\/\/cpcs.draconis.ufms.br\/?page_id=211"},"modified":"2022-06-13T20:37:58","modified_gmt":"2022-06-14T00:37:58","slug":"everton-da-silva-neiro","status":"publish","type":"page","link":"https:\/\/cpcs.ufms.br\/en\/cursos-de-graduacao\/agronomia\/everton-da-silva-neiro\/","title":{"rendered":"Everton da Silva Neiro"},"content":{"rendered":"<p>&nbsp;<\/p>\n<p><a href=\"http:\/\/cpcs.draconis.ufms.br\/files\/2012\/09\/web_everton.gif\"><img decoding=\"async\" class=\"size-full wp-image-212 aligncenter\" src=\"http:\/\/cpcs.draconis.ufms.br\/files\/2012\/09\/web_everton.gif\" alt=\"\" width=\"140\" height=\"176\"><\/a><\/p>\n<p>&nbsp;<\/p>\n<p>&nbsp;<\/p>\n<table border=\"0\" width=\"100%\" cellpadding=\"0\">\n<tbody>\n<tr>\n<td width=\"17%\"><strong>Doutorado<\/strong><\/td>\n<td width=\"80%\">Doutorado em Agronomia, UEM &#8211; PR &#8211; 2013<\/td>\n<\/tr>\n<tr>\n<td width=\"17%\"><strong>Mestrado<\/strong><\/td>\n<td width=\"80%\">Agronomia &#8211; Produ\u00e7\u00e3o Vegetal, UEM &#8211; PR &#8211; 2002.<\/td>\n<\/tr>\n<tr>\n<td width=\"17%\"><strong>Gradua\u00e7\u00e3o<\/strong><\/td>\n<td width=\"80%\">Agronomia &#8211; UEM \u2013 PR &#8211; 1996.<\/td>\n<\/tr>\n<\/tbody>\n<\/table>\n<p>&nbsp;<\/p>\n<p><strong>\u00c1reas e Linhas de Pesquisa:<\/strong><\/p>\n<ul>\n<li>Sensoriamento Remoto Aplicado ao Estudo Ambiental.<\/li>\n<li>Geoprocessamento e Cartografia dos Solos.<\/li>\n<li>Levantamento e Classifica\u00e7\u00e3o dos Solos.<\/li>\n<li>F\u00edsica do Solo.<\/li>\n<\/ul>\n<p>&nbsp;<\/p>\n<p><strong>E-mail:<\/strong>&nbsp;everton.neiro@ufms.br<\/p>\n<p><strong>Telefone:<\/strong>&nbsp;(67) 3562-6324<\/p>\n<p style=\"text-align: center\"><a href=\"http:\/\/lattes.cnpq.br\/8480025590624236\" target=\"_blank\" rel=\"noopener noreferrer\">(Curr\u00edculo &#8211; Plataforma Lattes)<\/a><\/p>\n","protected":false},"excerpt":{"rendered":"<p>&nbsp; &nbsp; &nbsp; Doutorado Doutorado em Agronomia, UEM &#8211; PR &#8211; 2013 Mestrado Agronomia &#8211; Produ\u00e7\u00e3o Vegetal, UEM &#8211; PR &#8211; 2002. Gradua\u00e7\u00e3o Agronomia &#8211; UEM \u2013 PR &#8211; 1996. &nbsp; \u00c1reas e Linhas de Pesquisa: Sensoriamento Remoto Aplicado ao Estudo Ambiental. Geoprocessamento e Cartografia dos Solos. Levantamento e Classifica\u00e7\u00e3o dos Solos. F\u00edsica do Solo. [&hellip;]<\/p>\n","protected":false},"author":106,"featured_media":0,"parent":228,"menu_order":0,"comment_status":"closed","ping_status":"open","template":"","meta":{"ngg_post_thumbnail":0,"footnotes":""},"coauthors":[],"class_list":["post-211","page","type-page","status-publish","hentry"],"yoast_head":"<!-- This site is optimized with the Yoast SEO plugin v26.2 - https:\/\/yoast.com\/wordpress\/plugins\/seo\/ -->\n<title>Everton da Silva Neiro - Campus de Chapad\u00e3o do Sul<\/title>\n<meta name=\"robots\" content=\"index, follow, max-snippet:-1, max-image-preview:large, max-video-preview:-1\" \/>\n<link rel=\"canonical\" href=\"https:\/\/cpcs.ufms.br\/cursos-de-graduacao\/agronomia\/everton-da-silva-neiro\/\" \/>\n<meta property=\"og:locale\" content=\"en_US\" \/>\n<meta property=\"og:type\" content=\"article\" \/>\n<meta property=\"og:title\" content=\"Everton da Silva Neiro - Campus de Chapad\u00e3o do Sul\" \/>\n<meta property=\"og:description\" content=\"&nbsp; &nbsp; &nbsp; Doutorado Doutorado em Agronomia, UEM &#8211; PR &#8211; 2013 Mestrado Agronomia &#8211; Produ\u00e7\u00e3o Vegetal, UEM &#8211; PR &#8211; 2002. Gradua\u00e7\u00e3o Agronomia &#8211; UEM \u2013 PR &#8211; 1996. &nbsp; \u00c1reas e Linhas de Pesquisa: Sensoriamento Remoto Aplicado ao Estudo Ambiental. Geoprocessamento e Cartografia dos Solos. Levantamento e Classifica\u00e7\u00e3o dos Solos. F\u00edsica do Solo. [&hellip;]\" \/>\n<meta property=\"og:url\" content=\"https:\/\/cpcs.ufms.br\/cursos-de-graduacao\/agronomia\/everton-da-silva-neiro\/\" \/>\n<meta property=\"og:site_name\" content=\"Campus de Chapad\u00e3o do Sul\" \/>\n<meta property=\"article:modified_time\" content=\"2022-06-14T00:37:58+00:00\" \/>\n<meta property=\"og:image\" content=\"http:\/\/cpcs.draconis.ufms.br\/files\/2012\/09\/web_everton.gif\" \/>\n<meta name=\"twitter:label1\" content=\"Est. reading time\" \/>\n\t<meta name=\"twitter:data1\" content=\"1 minute\" \/>\n<script type=\"application\/ld+json\" class=\"yoast-schema-graph\">{\"@context\":\"https:\/\/schema.org\",\"@graph\":[{\"@type\":\"WebPage\",\"@id\":\"https:\/\/cpcs.ufms.br\/cursos-de-graduacao\/agronomia\/everton-da-silva-neiro\/\",\"url\":\"https:\/\/cpcs.ufms.br\/cursos-de-graduacao\/agronomia\/everton-da-silva-neiro\/\",\"name\":\"Everton da Silva Neiro - Campus de Chapad\u00e3o do Sul\",\"isPartOf\":{\"@id\":\"https:\/\/cpcs.ufms.br\/#website\"},\"primaryImageOfPage\":{\"@id\":\"https:\/\/cpcs.ufms.br\/cursos-de-graduacao\/agronomia\/everton-da-silva-neiro\/#primaryimage\"},\"image\":{\"@id\":\"https:\/\/cpcs.ufms.br\/cursos-de-graduacao\/agronomia\/everton-da-silva-neiro\/#primaryimage\"},\"thumbnailUrl\":\"http:\/\/cpcs.draconis.ufms.br\/files\/2012\/09\/web_everton.gif\",\"datePublished\":\"2012-09-20T18:44:38+00:00\",\"dateModified\":\"2022-06-14T00:37:58+00:00\",\"breadcrumb\":{\"@id\":\"https:\/\/cpcs.ufms.br\/cursos-de-graduacao\/agronomia\/everton-da-silva-neiro\/#breadcrumb\"},\"inLanguage\":\"en-US\",\"potentialAction\":[{\"@type\":\"ReadAction\",\"target\":[\"https:\/\/cpcs.ufms.br\/cursos-de-graduacao\/agronomia\/everton-da-silva-neiro\/\"]}]},{\"@type\":\"ImageObject\",\"inLanguage\":\"en-US\",\"@id\":\"https:\/\/cpcs.ufms.br\/cursos-de-graduacao\/agronomia\/everton-da-silva-neiro\/#primaryimage\",\"url\":\"http:\/\/cpcs.draconis.ufms.br\/files\/2012\/09\/web_everton.gif\",\"contentUrl\":\"http:\/\/cpcs.draconis.ufms.br\/files\/2012\/09\/web_everton.gif\"},{\"@type\":\"BreadcrumbList\",\"@id\":\"https:\/\/cpcs.ufms.br\/cursos-de-graduacao\/agronomia\/everton-da-silva-neiro\/#breadcrumb\",\"itemListElement\":[{\"@type\":\"ListItem\",\"position\":1,\"name\":\"In\u00edcio\",\"item\":\"https:\/\/cpcs.ufms.br\/\"},{\"@type\":\"ListItem\",\"position\":2,\"name\":\"Cursos de Gradua\u00e7\u00e3o\",\"item\":\"https:\/\/cpcs.ufms.br\/cursos-de-graduacao\/\"},{\"@type\":\"ListItem\",\"position\":3,\"name\":\"Agronomia\",\"item\":\"https:\/\/cpcs.ufms.br\/cursos-de-graduacao\/agronomia\/\"},{\"@type\":\"ListItem\",\"position\":4,\"name\":\"Everton da Silva Neiro\"}]},{\"@type\":\"WebSite\",\"@id\":\"https:\/\/cpcs.ufms.br\/#website\",\"url\":\"https:\/\/cpcs.ufms.br\/\",\"name\":\"Campus de Chapad\u00e3o do Sul\",\"description\":\"Universidade Federal de Mato Grosso do Sul\",\"potentialAction\":[{\"@type\":\"SearchAction\",\"target\":{\"@type\":\"EntryPoint\",\"urlTemplate\":\"https:\/\/cpcs.ufms.br\/?s={search_term_string}\"},\"query-input\":{\"@type\":\"PropertyValueSpecification\",\"valueRequired\":true,\"valueName\":\"search_term_string\"}}],\"inLanguage\":\"en-US\"}]}<\/script>\n<!-- \/ Yoast SEO plugin. -->","yoast_head_json":{"title":"Everton da Silva Neiro - Campus de Chapad\u00e3o do Sul","robots":{"index":"index","follow":"follow","max-snippet":"max-snippet:-1","max-image-preview":"max-image-preview:large","max-video-preview":"max-video-preview:-1"},"canonical":"https:\/\/cpcs.ufms.br\/cursos-de-graduacao\/agronomia\/everton-da-silva-neiro\/","og_locale":"en_US","og_type":"article","og_title":"Everton da Silva Neiro - Campus de Chapad\u00e3o do Sul","og_description":"&nbsp; &nbsp; &nbsp; Doutorado Doutorado em Agronomia, UEM &#8211; PR &#8211; 2013 Mestrado Agronomia &#8211; Produ\u00e7\u00e3o Vegetal, UEM &#8211; PR &#8211; 2002. Gradua\u00e7\u00e3o Agronomia &#8211; UEM \u2013 PR &#8211; 1996. &nbsp; \u00c1reas e Linhas de Pesquisa: Sensoriamento Remoto Aplicado ao Estudo Ambiental. Geoprocessamento e Cartografia dos Solos. Levantamento e Classifica\u00e7\u00e3o dos Solos. F\u00edsica do Solo. [&hellip;]","og_url":"https:\/\/cpcs.ufms.br\/cursos-de-graduacao\/agronomia\/everton-da-silva-neiro\/","og_site_name":"Campus de Chapad\u00e3o do Sul","article_modified_time":"2022-06-14T00:37:58+00:00","og_image":[{"url":"http:\/\/cpcs.draconis.ufms.br\/files\/2012\/09\/web_everton.gif","type":"","width":"","height":""}],"twitter_misc":{"Est. reading time":"1 minute"},"schema":{"@context":"https:\/\/schema.org","@graph":[{"@type":"WebPage","@id":"https:\/\/cpcs.ufms.br\/cursos-de-graduacao\/agronomia\/everton-da-silva-neiro\/","url":"https:\/\/cpcs.ufms.br\/cursos-de-graduacao\/agronomia\/everton-da-silva-neiro\/","name":"Everton da Silva Neiro - Campus de Chapad\u00e3o do Sul","isPartOf":{"@id":"https:\/\/cpcs.ufms.br\/#website"},"primaryImageOfPage":{"@id":"https:\/\/cpcs.ufms.br\/cursos-de-graduacao\/agronomia\/everton-da-silva-neiro\/#primaryimage"},"image":{"@id":"https:\/\/cpcs.ufms.br\/cursos-de-graduacao\/agronomia\/everton-da-silva-neiro\/#primaryimage"},"thumbnailUrl":"http:\/\/cpcs.draconis.ufms.br\/files\/2012\/09\/web_everton.gif","datePublished":"2012-09-20T18:44:38+00:00","dateModified":"2022-06-14T00:37:58+00:00","breadcrumb":{"@id":"https:\/\/cpcs.ufms.br\/cursos-de-graduacao\/agronomia\/everton-da-silva-neiro\/#breadcrumb"},"inLanguage":"en-US","potentialAction":[{"@type":"ReadAction","target":["https:\/\/cpcs.ufms.br\/cursos-de-graduacao\/agronomia\/everton-da-silva-neiro\/"]}]},{"@type":"ImageObject","inLanguage":"en-US","@id":"https:\/\/cpcs.ufms.br\/cursos-de-graduacao\/agronomia\/everton-da-silva-neiro\/#primaryimage","url":"http:\/\/cpcs.draconis.ufms.br\/files\/2012\/09\/web_everton.gif","contentUrl":"http:\/\/cpcs.draconis.ufms.br\/files\/2012\/09\/web_everton.gif"},{"@type":"BreadcrumbList","@id":"https:\/\/cpcs.ufms.br\/cursos-de-graduacao\/agronomia\/everton-da-silva-neiro\/#breadcrumb","itemListElement":[{"@type":"ListItem","position":1,"name":"In\u00edcio","item":"https:\/\/cpcs.ufms.br\/"},{"@type":"ListItem","position":2,"name":"Cursos de Gradua\u00e7\u00e3o","item":"https:\/\/cpcs.ufms.br\/cursos-de-graduacao\/"},{"@type":"ListItem","position":3,"name":"Agronomia","item":"https:\/\/cpcs.ufms.br\/cursos-de-graduacao\/agronomia\/"},{"@type":"ListItem","position":4,"name":"Everton da Silva Neiro"}]},{"@type":"WebSite","@id":"https:\/\/cpcs.ufms.br\/#website","url":"https:\/\/cpcs.ufms.br\/","name":"Campus de Chapad\u00e3o do Sul","description":"Universidade Federal de Mato Grosso do Sul","potentialAction":[{"@type":"SearchAction","target":{"@type":"EntryPoint","urlTemplate":"https:\/\/cpcs.ufms.br\/?s={search_term_string}"},"query-input":{"@type":"PropertyValueSpecification","valueRequired":true,"valueName":"search_term_string"}}],"inLanguage":"en-US"}]}},"_links":{"self":[{"href":"https:\/\/cpcs.ufms.br\/en\/wp-json\/wp\/v2\/pages\/211","targetHints":{"allow":["GET"]}}],"collection":[{"href":"https:\/\/cpcs.ufms.br\/en\/wp-json\/wp\/v2\/pages"}],"about":[{"href":"https:\/\/cpcs.ufms.br\/en\/wp-json\/wp\/v2\/types\/page"}],"author":[{"embeddable":true,"href":"https:\/\/cpcs.ufms.br\/en\/wp-json\/wp\/v2\/users\/106"}],"replies":[{"embeddable":true,"href":"https:\/\/cpcs.ufms.br\/en\/wp-json\/wp\/v2\/comments?post=211"}],"version-history":[{"count":11,"href":"https:\/\/cpcs.ufms.br\/en\/wp-json\/wp\/v2\/pages\/211\/revisions"}],"predecessor-version":[{"id":8237,"href":"https:\/\/cpcs.ufms.br\/en\/wp-json\/wp\/v2\/pages\/211\/revisions\/8237"}],"up":[{"embeddable":true,"href":"https:\/\/cpcs.ufms.br\/en\/wp-json\/wp\/v2\/pages\/228"}],"wp:attachment":[{"href":"https:\/\/cpcs.ufms.br\/en\/wp-json\/wp\/v2\/media?parent=211"}],"wp:term":[{"taxonomy":"author","embeddable":true,"href":"https:\/\/cpcs.ufms.br\/en\/wp-json\/wp\/v2\/coauthors?post=211"}],"curies":[{"name":"wp","href":"https:\/\/api.w.org\/{rel}","templated":true}]}}