{"id":2101,"date":"2014-06-26T15:18:53","date_gmt":"2014-06-26T19:18:53","guid":{"rendered":"http:\/\/cpcs.draconis.ufms.br\/?page_id=2101"},"modified":"2017-04-20T08:48:31","modified_gmt":"2017-04-20T12:48:31","slug":"dse-historia","status":"publish","type":"page","link":"https:\/\/cpcs.ufms.br\/en\/dse-historia\/","title":{"rendered":"DCE &#8211; Hist\u00f3ria"},"content":{"rendered":"<p><strong>Hist\u00f3ria da UNE<\/strong><\/p>\n<p>&nbsp;<\/p>\n<p>A UNE foi fundada em 1937 e ao longo de seus 70 anos, marcou presen\u00e7a nos principais acontecimentos pol\u00edticos, sociais e culturais do Brasil. Desde a luta pelo fim da ditadura do Estado Novo, atravessando a luta do desenvolvimento Nacional, a exemplo da campanha do petr\u00f3leo, e os anos de chumbo do regime militar, as Diretas J\u00e1 e o impeachment do Presidente Collor.<\/p>\n<p>Conhe\u00e7a mais sobre a UNE em <a href=\"http:\/\/www.une.org.br\/\">http:\/\/www.une.org.br\/<\/a><\/p>\n<p>&nbsp;<\/p>\n<p><a href=\"http:\/\/cpcs.draconis.ufms.br\/files\/2014\/06\/une-dse.png\"><img fetchpriority=\"high\" decoding=\"async\" class=\"size-full wp-image-2103 aligncenter\" src=\"http:\/\/cpcs.draconis.ufms.br\/files\/2014\/06\/une-dse.png\" alt=\"une-dse\" width=\"320\" height=\"188\"><\/a><\/p>\n<p>&nbsp;<\/p>\n<p><strong><a href=\"http:\/\/dceufmspantanal.blogspot.com.br\/2010\/07\/finalidades-e-principios-do-dce.html\">Finalidades e princ\u00edpios do DCE\/UFMS<\/a><\/strong><\/p>\n<p>-Defender os direitos dos estudantes da UFMS em toda sua plenitude;<\/p>\n<p>-Pugnar pelo ensino p\u00fablico, gratuito, de qualidade e com compromisso social em todos os n\u00edveis;<\/p>\n<p>-Pugnar pela defesa dos interesses estudantis, sem qualquer distin\u00e7\u00e3o de ra\u00e7a, cor, nacionalidade, sexo ou convic\u00e7\u00e3o pol\u00edtica, religiosa ou social;<\/p>\n<p>-Lutar pelo fortalecimento, reconhecimento autonomia e maior representatividade das entidades estudantis reconhecidas pelo Conselho de Entidade de Base;<\/p>\n<p>-Lutar por uma Universidade efetivamente voltada aos interesses da comunidade em que se acha inserida;<\/p>\n<p>-Prestar solidariedade \u00e0 luta de estudantes e entidades afins em qualquer \u00e2mbito e em todos os n\u00edveis;<\/p>\n<p>-Enquanto entidade n\u00e3o poder\u00e1 servir de instrumento de partidos pol\u00edticos ou \u00f3rg\u00e3os cong\u00eaneres; e nenhum coordenador poder\u00e1 usar a entidade em beneficio pr\u00f3prio ou de terceiros.<\/p>\n<p>&nbsp;<\/p>\n<p>Atualmente o Diret\u00f3rio Setorial dos Estudantes do Campus de Chapad\u00e3o do Sul da Universidade Federal de Mato Grosso do Sul, (DSE\/CPCS \u2013 UFMS), \u00e9 representado pela gest\u00e3o <strong><u>AGROFLORESTAL &#8211; \u201cJUNTOS SOMOS MAIS FORTES\u201d<\/u><\/strong>. Est\u00e1 chapa foi eleita por unanimidade, em Assembleia Geral, com uso do voto aberto, realizado no dia 23 de Mar\u00e7o de 2017, no Campus da UFMS-CPCS.<\/p>\n<p>&nbsp;<\/p>\n<p style=\"text-align: center\"><strong><u>AGROFLORESTAL &#8211; \u201cJUNTOS SOMOS MAIS FORTES\u201d<\/u><\/strong><\/p>\n<p><strong>Presidente<\/strong> \u2013 Luiz Roberto Terra Fran\u00e7a Filho &#8211; 9\u00b0 Semestre &#8211; Agronomia<\/p>\n<p><strong>Vice Presidente<\/strong> \u2013 Marina Foletto &#8211; 3\u00b0 Semestre &#8211; Engenharia Florestal<\/p>\n<p><strong>Secret\u00e1ria De Finan\u00e7as<\/strong> \u2013 Thaissa Krug Schlatter \u2013 5\u00b0 Semestre &#8211; Agronomia<\/p>\n<p><strong>Secret\u00e1rios de Defesa: <\/strong><\/p>\n<p>Darcy Maria da Concei\u00e7\u00e3o Laura dos Santos \u2013 5\u00b0 Semestre &#8211; Engenharia Florestal<\/p>\n<p>Edvar Lopes Nantes Junior \u2013 7\u00b0 Semestre &#8211; Agronomia<\/p>\n<p><strong>Secret\u00e1rios de A\u00e7\u00f5es Sociais:<\/strong><\/p>\n<p>Patr\u00edcia Vilela da Silva \u2013 5\u00b0 Semestre &#8211; Agronomia<\/p>\n<p>Jo\u00e3o Pedro Felix Nogueira &#8211; 3\u00b0 Semestre &#8211; Engenharia Florestal<\/p>\n<p><strong>Secret\u00e1rio de Pesquisas e Experimentos<\/strong> \u2013 Savio Moreira Martins \u2013 3\u00b0 Semestre &#8211; Engenharia Florestal<\/p>\n<p style=\"text-align: center\"><a href=\"https:\/\/cpcs.ufms.br\/files\/2014\/06\/dceagrof.png\"><img decoding=\"async\" class=\"alignnone size-full wp-image-3257\" src=\"https:\/\/cpcs.ufms.br\/files\/2014\/06\/dceagrof.png\" alt=\"\" width=\"309\" height=\"240\"><\/a><\/p>\n","protected":false},"excerpt":{"rendered":"<p>Hist\u00f3ria da UNE &nbsp; A UNE foi fundada em 1937 e ao longo de seus 70 anos, marcou presen\u00e7a nos principais acontecimentos pol\u00edticos, sociais e culturais do Brasil. Desde a luta pelo fim da ditadura do Estado Novo, atravessando a luta do desenvolvimento Nacional, a exemplo da campanha do petr\u00f3leo, e os anos de chumbo [&hellip;]<\/p>\n","protected":false},"author":148,"featured_media":0,"parent":0,"menu_order":0,"comment_status":"closed","ping_status":"closed","template":"","meta":{"ngg_post_thumbnail":0,"footnotes":""},"coauthors":[],"class_list":["post-2101","page","type-page","status-publish","hentry"],"yoast_head":"<!-- This site is optimized with the Yoast SEO plugin v26.2 - https:\/\/yoast.com\/wordpress\/plugins\/seo\/ -->\n<title>DCE - Hist\u00f3ria - Campus de Chapad\u00e3o do Sul<\/title>\n<meta name=\"robots\" content=\"index, follow, max-snippet:-1, max-image-preview:large, max-video-preview:-1\" \/>\n<link rel=\"canonical\" href=\"https:\/\/cpcs.ufms.br\/dse-historia\/\" \/>\n<meta property=\"og:locale\" content=\"en_US\" \/>\n<meta property=\"og:type\" content=\"article\" \/>\n<meta property=\"og:title\" content=\"DCE - Hist\u00f3ria - Campus de Chapad\u00e3o do Sul\" \/>\n<meta property=\"og:description\" content=\"Hist\u00f3ria da UNE &nbsp; A UNE foi fundada em 1937 e ao longo de seus 70 anos, marcou presen\u00e7a nos principais acontecimentos pol\u00edticos, sociais e culturais do Brasil. Desde a luta pelo fim da ditadura do Estado Novo, atravessando a luta do desenvolvimento Nacional, a exemplo da campanha do petr\u00f3leo, e os anos de chumbo [&hellip;]\" \/>\n<meta property=\"og:url\" content=\"https:\/\/cpcs.ufms.br\/dse-historia\/\" \/>\n<meta property=\"og:site_name\" content=\"Campus de Chapad\u00e3o do Sul\" \/>\n<meta property=\"article:modified_time\" content=\"2017-04-20T12:48:31+00:00\" \/>\n<meta property=\"og:image\" content=\"http:\/\/cpcs.draconis.ufms.br\/files\/2014\/06\/une-dse.png\" \/>\n<meta name=\"twitter:label1\" content=\"Est. reading time\" \/>\n\t<meta name=\"twitter:data1\" content=\"2 minutes\" \/>\n<script type=\"application\/ld+json\" class=\"yoast-schema-graph\">{\"@context\":\"https:\/\/schema.org\",\"@graph\":[{\"@type\":\"WebPage\",\"@id\":\"https:\/\/cpcs.ufms.br\/dse-historia\/\",\"url\":\"https:\/\/cpcs.ufms.br\/dse-historia\/\",\"name\":\"DCE - Hist\u00f3ria - Campus de Chapad\u00e3o do Sul\",\"isPartOf\":{\"@id\":\"https:\/\/cpcs.ufms.br\/#website\"},\"primaryImageOfPage\":{\"@id\":\"https:\/\/cpcs.ufms.br\/dse-historia\/#primaryimage\"},\"image\":{\"@id\":\"https:\/\/cpcs.ufms.br\/dse-historia\/#primaryimage\"},\"thumbnailUrl\":\"http:\/\/cpcs.draconis.ufms.br\/files\/2014\/06\/une-dse.png\",\"datePublished\":\"2014-06-26T19:18:53+00:00\",\"dateModified\":\"2017-04-20T12:48:31+00:00\",\"breadcrumb\":{\"@id\":\"https:\/\/cpcs.ufms.br\/dse-historia\/#breadcrumb\"},\"inLanguage\":\"en-US\",\"potentialAction\":[{\"@type\":\"ReadAction\",\"target\":[\"https:\/\/cpcs.ufms.br\/dse-historia\/\"]}]},{\"@type\":\"ImageObject\",\"inLanguage\":\"en-US\",\"@id\":\"https:\/\/cpcs.ufms.br\/dse-historia\/#primaryimage\",\"url\":\"http:\/\/cpcs.draconis.ufms.br\/files\/2014\/06\/une-dse.png\",\"contentUrl\":\"http:\/\/cpcs.draconis.ufms.br\/files\/2014\/06\/une-dse.png\"},{\"@type\":\"BreadcrumbList\",\"@id\":\"https:\/\/cpcs.ufms.br\/dse-historia\/#breadcrumb\",\"itemListElement\":[{\"@type\":\"ListItem\",\"position\":1,\"name\":\"In\u00edcio\",\"item\":\"https:\/\/cpcs.ufms.br\/\"},{\"@type\":\"ListItem\",\"position\":2,\"name\":\"DCE &#8211; Hist\u00f3ria\"}]},{\"@type\":\"WebSite\",\"@id\":\"https:\/\/cpcs.ufms.br\/#website\",\"url\":\"https:\/\/cpcs.ufms.br\/\",\"name\":\"Campus de Chapad\u00e3o do Sul\",\"description\":\"Universidade Federal de Mato Grosso do Sul\",\"potentialAction\":[{\"@type\":\"SearchAction\",\"target\":{\"@type\":\"EntryPoint\",\"urlTemplate\":\"https:\/\/cpcs.ufms.br\/?s={search_term_string}\"},\"query-input\":{\"@type\":\"PropertyValueSpecification\",\"valueRequired\":true,\"valueName\":\"search_term_string\"}}],\"inLanguage\":\"en-US\"}]}<\/script>\n<!-- \/ Yoast SEO plugin. -->","yoast_head_json":{"title":"DCE - Hist\u00f3ria - Campus de Chapad\u00e3o do Sul","robots":{"index":"index","follow":"follow","max-snippet":"max-snippet:-1","max-image-preview":"max-image-preview:large","max-video-preview":"max-video-preview:-1"},"canonical":"https:\/\/cpcs.ufms.br\/dse-historia\/","og_locale":"en_US","og_type":"article","og_title":"DCE - Hist\u00f3ria - Campus de Chapad\u00e3o do Sul","og_description":"Hist\u00f3ria da UNE &nbsp; A UNE foi fundada em 1937 e ao longo de seus 70 anos, marcou presen\u00e7a nos principais acontecimentos pol\u00edticos, sociais e culturais do Brasil. Desde a luta pelo fim da ditadura do Estado Novo, atravessando a luta do desenvolvimento Nacional, a exemplo da campanha do petr\u00f3leo, e os anos de chumbo [&hellip;]","og_url":"https:\/\/cpcs.ufms.br\/dse-historia\/","og_site_name":"Campus de Chapad\u00e3o do Sul","article_modified_time":"2017-04-20T12:48:31+00:00","og_image":[{"url":"http:\/\/cpcs.draconis.ufms.br\/files\/2014\/06\/une-dse.png","type":"","width":"","height":""}],"twitter_misc":{"Est. reading time":"2 minutes"},"schema":{"@context":"https:\/\/schema.org","@graph":[{"@type":"WebPage","@id":"https:\/\/cpcs.ufms.br\/dse-historia\/","url":"https:\/\/cpcs.ufms.br\/dse-historia\/","name":"DCE - Hist\u00f3ria - Campus de Chapad\u00e3o do Sul","isPartOf":{"@id":"https:\/\/cpcs.ufms.br\/#website"},"primaryImageOfPage":{"@id":"https:\/\/cpcs.ufms.br\/dse-historia\/#primaryimage"},"image":{"@id":"https:\/\/cpcs.ufms.br\/dse-historia\/#primaryimage"},"thumbnailUrl":"http:\/\/cpcs.draconis.ufms.br\/files\/2014\/06\/une-dse.png","datePublished":"2014-06-26T19:18:53+00:00","dateModified":"2017-04-20T12:48:31+00:00","breadcrumb":{"@id":"https:\/\/cpcs.ufms.br\/dse-historia\/#breadcrumb"},"inLanguage":"en-US","potentialAction":[{"@type":"ReadAction","target":["https:\/\/cpcs.ufms.br\/dse-historia\/"]}]},{"@type":"ImageObject","inLanguage":"en-US","@id":"https:\/\/cpcs.ufms.br\/dse-historia\/#primaryimage","url":"http:\/\/cpcs.draconis.ufms.br\/files\/2014\/06\/une-dse.png","contentUrl":"http:\/\/cpcs.draconis.ufms.br\/files\/2014\/06\/une-dse.png"},{"@type":"BreadcrumbList","@id":"https:\/\/cpcs.ufms.br\/dse-historia\/#breadcrumb","itemListElement":[{"@type":"ListItem","position":1,"name":"In\u00edcio","item":"https:\/\/cpcs.ufms.br\/"},{"@type":"ListItem","position":2,"name":"DCE &#8211; Hist\u00f3ria"}]},{"@type":"WebSite","@id":"https:\/\/cpcs.ufms.br\/#website","url":"https:\/\/cpcs.ufms.br\/","name":"Campus de Chapad\u00e3o do Sul","description":"Universidade Federal de Mato Grosso do Sul","potentialAction":[{"@type":"SearchAction","target":{"@type":"EntryPoint","urlTemplate":"https:\/\/cpcs.ufms.br\/?s={search_term_string}"},"query-input":{"@type":"PropertyValueSpecification","valueRequired":true,"valueName":"search_term_string"}}],"inLanguage":"en-US"}]}},"_links":{"self":[{"href":"https:\/\/cpcs.ufms.br\/en\/wp-json\/wp\/v2\/pages\/2101","targetHints":{"allow":["GET"]}}],"collection":[{"href":"https:\/\/cpcs.ufms.br\/en\/wp-json\/wp\/v2\/pages"}],"about":[{"href":"https:\/\/cpcs.ufms.br\/en\/wp-json\/wp\/v2\/types\/page"}],"author":[{"embeddable":true,"href":"https:\/\/cpcs.ufms.br\/en\/wp-json\/wp\/v2\/users\/148"}],"replies":[{"embeddable":true,"href":"https:\/\/cpcs.ufms.br\/en\/wp-json\/wp\/v2\/comments?post=2101"}],"version-history":[{"count":7,"href":"https:\/\/cpcs.ufms.br\/en\/wp-json\/wp\/v2\/pages\/2101\/revisions"}],"predecessor-version":[{"id":3258,"href":"https:\/\/cpcs.ufms.br\/en\/wp-json\/wp\/v2\/pages\/2101\/revisions\/3258"}],"wp:attachment":[{"href":"https:\/\/cpcs.ufms.br\/en\/wp-json\/wp\/v2\/media?parent=2101"}],"wp:term":[{"taxonomy":"author","embeddable":true,"href":"https:\/\/cpcs.ufms.br\/en\/wp-json\/wp\/v2\/coauthors?post=2101"}],"curies":[{"name":"wp","href":"https:\/\/api.w.org\/{rel}","templated":true}]}}