{"id":2,"date":"2012-09-11T18:58:12","date_gmt":"2012-09-11T18:58:12","guid":{"rendered":"http:\/\/cpcs.draconis.ufms.br\/?page_id=2"},"modified":"2014-03-21T14:11:47","modified_gmt":"2014-03-21T18:11:47","slug":"pagina-exemplo","status":"publish","type":"page","link":"https:\/\/cpcs.ufms.br\/en\/pagina-exemplo\/","title":{"rendered":"Hist\u00f3rico"},"content":{"rendered":"<div style=\"text-align: justify;width: 90%\" align=\"justify\">\n<p style=\"padding-left: 30px\"><strong>HIST\u00d3RICO DA UFMS<\/strong><\/p>\n<p style=\"padding-left: 30px\">A Universidade Federal de Mato Grosso do Sul (UFMS), teve sua origem em 1962, com a cria\u00e7\u00e3o da Faculdade de Farm\u00e1cia e Odontologia de Campo Grande, na cidade de Campo Grande, que seria o embri\u00e3o do ensino superior p\u00fablico no sul do ent\u00e3o Estado de Mato Grosso.<\/p>\n<p style=\"padding-left: 30px\">Em 26.07.1966, pela Lei Estadual n\u00ba 2.620, esses cursos foram absorvidos com a cria\u00e7\u00e3o do Instituto de Ci\u00eancias Biol\u00f3gicas de Campo Grande (ICBCG), que reformulou a estrutura anterior, instituiu departamentos e criou o curso de Medicina.<\/p>\n<p style=\"padding-left: 30px\">O Governo de Estado de Mato Grosso, em 1967, criou em Corumb\u00e1 o Instituto Superior de Pedagogia e, em Tr\u00eas Lagoas, o Instituto de Ci\u00eancias Humanas e Letras, ampliando assim a rede p\u00fablica estadual de ensino superior.<\/p>\n<p style=\"padding-left: 30px\">Integrando os Institutos de Campo Grande, Corumb\u00e1 e Tr\u00eas Lagoas, a Lei Estadual n\u00ba 2.947, de 16.09.1969, criou a Universidade Estadual de Mato Grosso (UEMT).<\/p>\n<p style=\"padding-left: 30px\">Em 1970, foram criados os Centros Pedag\u00f3gicos de Aquidauana e Dourados; incorporados \u00e0 UEMT.<\/p>\n<p style=\"padding-left: 30px\">Com a divis\u00e3o do Estado de Mato Grosso, foi concretizada a federaliza\u00e7\u00e3o da institui\u00e7\u00e3o que passou a denominar-se Funda\u00e7\u00e3o Universidade Federal de Mato Grosso do Sul, pela Lei Federal n\u00ba 6.674, de 5 de julho de 1979. <!--more-->O ent\u00e3o Centro Pedag\u00f3gico de Rondon\u00f3polis, sediado em Rondon\u00f3polis\/MT, passou a\u00a0integrar a Universidade Federal de Mato Grosso (UFMT).<\/p>\n<p style=\"padding-left: 30px\">Al\u00e9m da sede em Campo Grande, em que funcionam seis unidades setoriais: Centro de Ci\u00eancias Biol\u00f3gicas e da Sa\u00fade (CCBS), Centro de Ci\u00eancias Exatas e Tecnologia (CCET), Centro de Ci\u00eancias Humanas e Sociais (CCHS), Faculdade de Medicina (FAMED), Faculdade de Medicina Veterin\u00e1ria e Zootecnia (FAMEZ) e Faculdade de Odontologia (FAODO); a UFMS mant\u00e9m C\u00e2mpus em Aquidauana, Chapad\u00e3o do Sul, Corumb\u00e1, Coxim, Dourados, Parana\u00edba e Tr\u00eas Lagoas, descentralizando o ensino para atender aos principais p\u00f3los de desenvolvimento do Estado. Os C\u00e2mpus de Coxim e Parana\u00edba foram implantados em 2001. O C\u00e2mpus de Chapad\u00e3o do Sul foi implantado em 2006. A UFMS criou, por\u00e9m, ainda n\u00e3o implantou, os C\u00e2mpus de Navira\u00ed e Ponta Por\u00e3.<\/p>\n<p style=\"padding-left: 30px\">A UFMS possui cursos de gradua\u00e7\u00e3o e p\u00f3s-gradua\u00e7\u00e3o, ambos presenciais e a dist\u00e2ncia. Os cursos de p\u00f3s-gradua\u00e7\u00e3o englobam os cursos de especializa\u00e7\u00e3o e os programas de mestrado e doutorado.<\/p>\n<p style=\"padding-left: 30px\">Visando atingir os objetivos essenciais de aprimoramento do ensino e est\u00edmulo \u00e0s atividades de pesquisa e de extens\u00e3o, a UFMS vem participando ativamente da preserva\u00e7\u00e3o dos recursos naturais do meio ambiente de Mato Grosso do Sul, especialmente da fauna e flora do Pantanal, regi\u00e3o onde est\u00e1 inserida.<\/p>\n<p style=\"padding-left: 30px\">\n<p style=\"padding-left: 30px\"><strong>HIST\u00d3RICO DO CPCS<\/strong><\/p>\n<p style=\"padding-left: 30px\">O C\u00e2mpus de Chapad\u00e3o do Sul (CPCS), da UFMS, foi implantado em meados 2006, por iniciativa do Reitor Prof. Manoel Catarino Paes \u2018Per\u00f3\u2019 e, inicialmente, ofereceu o curso de Agronomia.<\/p>\n<p style=\"padding-left: 30px\">Por meio da inclus\u00e3o da UFMS no Programa de Reestrutura\u00e7\u00e3o e Expans\u00e3o das Universidades Federais (REUNI) e o incentivo da atual Reitora, Profa. Dra. C\u00e9lia Maria da Silva Oliveira, foi implantado o curso de Engenharia Florestal no CPCS, sendo que as aulas iniciaram em mar\u00e7o de 2010. Acredita-se no potencial florestal do Estado de Mato Grosso do Sul e na demanda por profissionais que atuar\u00e3o no setor.<\/p>\n<p style=\"padding-left: 30px\">Os dois cursos de gradua\u00e7\u00e3o lotados no CPCS, Agronomia e Engenharia Florestal, s\u00e3o os \u00fanicos existentes na UFMS e proporcionam uma s\u00f3lida forma\u00e7\u00e3o profissional aos acad\u00eamicos. Al\u00e9m de recursos f\u00edsicos e humanos qualificados para atingir esta meta, o CPCS est\u00e1 localizado, estrategicamente, na mais importante regi\u00e3o agr\u00edcola e florestal de Mato Grosso do Sul, denominada Bols\u00e3o Sul-mato-grossense. A regi\u00e3o facilita a oferta de aulas pr\u00e1ticas de extrema qualidade e de est\u00e1gios profissionalizantes.<\/p>\n<\/div>\n","protected":false},"excerpt":{"rendered":"<p>HIST\u00d3RICO DA UFMS A Universidade Federal de Mato Grosso do Sul (UFMS), teve sua origem em 1962, com a cria\u00e7\u00e3o da Faculdade de Farm\u00e1cia e Odontologia de Campo Grande, na cidade de Campo Grande, que seria o embri\u00e3o do ensino superior p\u00fablico no sul do ent\u00e3o Estado de Mato Grosso. Em 26.07.1966, pela Lei Estadual [&hellip;]<\/p>\n","protected":false},"author":64,"featured_media":0,"parent":0,"menu_order":0,"comment_status":"closed","ping_status":"open","template":"","meta":{"ngg_post_thumbnail":0,"footnotes":""},"coauthors":[],"class_list":["post-2","page","type-page","status-publish","hentry"],"yoast_head":"<!-- This site is optimized with the Yoast SEO plugin v26.2 - https:\/\/yoast.com\/wordpress\/plugins\/seo\/ -->\n<title>Hist\u00f3rico - Campus de Chapad\u00e3o do Sul<\/title>\n<meta name=\"robots\" content=\"index, follow, max-snippet:-1, max-image-preview:large, max-video-preview:-1\" \/>\n<link rel=\"canonical\" href=\"https:\/\/cpcs.ufms.br\/pagina-exemplo\/\" \/>\n<meta property=\"og:locale\" content=\"en_US\" \/>\n<meta property=\"og:type\" content=\"article\" \/>\n<meta property=\"og:title\" content=\"Hist\u00f3rico - Campus de Chapad\u00e3o do Sul\" \/>\n<meta property=\"og:description\" content=\"HIST\u00d3RICO DA UFMS A Universidade Federal de Mato Grosso do Sul (UFMS), teve sua origem em 1962, com a cria\u00e7\u00e3o da Faculdade de Farm\u00e1cia e Odontologia de Campo Grande, na cidade de Campo Grande, que seria o embri\u00e3o do ensino superior p\u00fablico no sul do ent\u00e3o Estado de Mato Grosso. Em 26.07.1966, pela Lei Estadual [&hellip;]\" \/>\n<meta property=\"og:url\" content=\"https:\/\/cpcs.ufms.br\/pagina-exemplo\/\" \/>\n<meta property=\"og:site_name\" content=\"Campus de Chapad\u00e3o do Sul\" \/>\n<meta property=\"article:modified_time\" content=\"2014-03-21T18:11:47+00:00\" \/>\n<meta name=\"twitter:label1\" content=\"Est. reading time\" \/>\n\t<meta name=\"twitter:data1\" content=\"3 minutes\" \/>\n\t<meta name=\"twitter:label2\" content=\"Written by\" \/>\n\t<meta name=\"twitter:data2\" content=\"Francisco Jorge Souza Da Silva Silva\" \/>\n<script type=\"application\/ld+json\" class=\"yoast-schema-graph\">{\"@context\":\"https:\/\/schema.org\",\"@graph\":[{\"@type\":\"WebPage\",\"@id\":\"https:\/\/cpcs.ufms.br\/pagina-exemplo\/\",\"url\":\"https:\/\/cpcs.ufms.br\/pagina-exemplo\/\",\"name\":\"Hist\u00f3rico - Campus de Chapad\u00e3o do Sul\",\"isPartOf\":{\"@id\":\"https:\/\/cpcs.ufms.br\/#website\"},\"datePublished\":\"2012-09-11T18:58:12+00:00\",\"dateModified\":\"2014-03-21T18:11:47+00:00\",\"breadcrumb\":{\"@id\":\"https:\/\/cpcs.ufms.br\/pagina-exemplo\/#breadcrumb\"},\"inLanguage\":\"en-US\",\"potentialAction\":[{\"@type\":\"ReadAction\",\"target\":[\"https:\/\/cpcs.ufms.br\/pagina-exemplo\/\"]}]},{\"@type\":\"BreadcrumbList\",\"@id\":\"https:\/\/cpcs.ufms.br\/pagina-exemplo\/#breadcrumb\",\"itemListElement\":[{\"@type\":\"ListItem\",\"position\":1,\"name\":\"In\u00edcio\",\"item\":\"https:\/\/cpcs.ufms.br\/\"},{\"@type\":\"ListItem\",\"position\":2,\"name\":\"Hist\u00f3rico\"}]},{\"@type\":\"WebSite\",\"@id\":\"https:\/\/cpcs.ufms.br\/#website\",\"url\":\"https:\/\/cpcs.ufms.br\/\",\"name\":\"Campus de Chapad\u00e3o do Sul\",\"description\":\"Universidade Federal de Mato Grosso do Sul\",\"potentialAction\":[{\"@type\":\"SearchAction\",\"target\":{\"@type\":\"EntryPoint\",\"urlTemplate\":\"https:\/\/cpcs.ufms.br\/?s={search_term_string}\"},\"query-input\":{\"@type\":\"PropertyValueSpecification\",\"valueRequired\":true,\"valueName\":\"search_term_string\"}}],\"inLanguage\":\"en-US\"}]}<\/script>\n<!-- \/ Yoast SEO plugin. -->","yoast_head_json":{"title":"Hist\u00f3rico - Campus de Chapad\u00e3o do Sul","robots":{"index":"index","follow":"follow","max-snippet":"max-snippet:-1","max-image-preview":"max-image-preview:large","max-video-preview":"max-video-preview:-1"},"canonical":"https:\/\/cpcs.ufms.br\/pagina-exemplo\/","og_locale":"en_US","og_type":"article","og_title":"Hist\u00f3rico - Campus de Chapad\u00e3o do Sul","og_description":"HIST\u00d3RICO DA UFMS A Universidade Federal de Mato Grosso do Sul (UFMS), teve sua origem em 1962, com a cria\u00e7\u00e3o da Faculdade de Farm\u00e1cia e Odontologia de Campo Grande, na cidade de Campo Grande, que seria o embri\u00e3o do ensino superior p\u00fablico no sul do ent\u00e3o Estado de Mato Grosso. Em 26.07.1966, pela Lei Estadual [&hellip;]","og_url":"https:\/\/cpcs.ufms.br\/pagina-exemplo\/","og_site_name":"Campus de Chapad\u00e3o do Sul","article_modified_time":"2014-03-21T18:11:47+00:00","twitter_misc":{"Est. reading time":"3 minutes","Written by":"Francisco Jorge Souza Da Silva Silva"},"schema":{"@context":"https:\/\/schema.org","@graph":[{"@type":"WebPage","@id":"https:\/\/cpcs.ufms.br\/pagina-exemplo\/","url":"https:\/\/cpcs.ufms.br\/pagina-exemplo\/","name":"Hist\u00f3rico - Campus de Chapad\u00e3o do Sul","isPartOf":{"@id":"https:\/\/cpcs.ufms.br\/#website"},"datePublished":"2012-09-11T18:58:12+00:00","dateModified":"2014-03-21T18:11:47+00:00","breadcrumb":{"@id":"https:\/\/cpcs.ufms.br\/pagina-exemplo\/#breadcrumb"},"inLanguage":"en-US","potentialAction":[{"@type":"ReadAction","target":["https:\/\/cpcs.ufms.br\/pagina-exemplo\/"]}]},{"@type":"BreadcrumbList","@id":"https:\/\/cpcs.ufms.br\/pagina-exemplo\/#breadcrumb","itemListElement":[{"@type":"ListItem","position":1,"name":"In\u00edcio","item":"https:\/\/cpcs.ufms.br\/"},{"@type":"ListItem","position":2,"name":"Hist\u00f3rico"}]},{"@type":"WebSite","@id":"https:\/\/cpcs.ufms.br\/#website","url":"https:\/\/cpcs.ufms.br\/","name":"Campus de Chapad\u00e3o do Sul","description":"Universidade Federal de Mato Grosso do Sul","potentialAction":[{"@type":"SearchAction","target":{"@type":"EntryPoint","urlTemplate":"https:\/\/cpcs.ufms.br\/?s={search_term_string}"},"query-input":{"@type":"PropertyValueSpecification","valueRequired":true,"valueName":"search_term_string"}}],"inLanguage":"en-US"}]}},"_links":{"self":[{"href":"https:\/\/cpcs.ufms.br\/en\/wp-json\/wp\/v2\/pages\/2","targetHints":{"allow":["GET"]}}],"collection":[{"href":"https:\/\/cpcs.ufms.br\/en\/wp-json\/wp\/v2\/pages"}],"about":[{"href":"https:\/\/cpcs.ufms.br\/en\/wp-json\/wp\/v2\/types\/page"}],"author":[{"embeddable":true,"href":"https:\/\/cpcs.ufms.br\/en\/wp-json\/wp\/v2\/users\/64"}],"replies":[{"embeddable":true,"href":"https:\/\/cpcs.ufms.br\/en\/wp-json\/wp\/v2\/comments?post=2"}],"version-history":[{"count":17,"href":"https:\/\/cpcs.ufms.br\/en\/wp-json\/wp\/v2\/pages\/2\/revisions"}],"predecessor-version":[{"id":24,"href":"https:\/\/cpcs.ufms.br\/en\/wp-json\/wp\/v2\/pages\/2\/revisions\/24"}],"wp:attachment":[{"href":"https:\/\/cpcs.ufms.br\/en\/wp-json\/wp\/v2\/media?parent=2"}],"wp:term":[{"taxonomy":"author","embeddable":true,"href":"https:\/\/cpcs.ufms.br\/en\/wp-json\/wp\/v2\/coauthors?post=2"}],"curies":[{"name":"wp","href":"https:\/\/api.w.org\/{rel}","templated":true}]}}