{"id":199,"date":"2012-09-20T14:38:46","date_gmt":"2012-09-20T18:38:46","guid":{"rendered":"http:\/\/cpcs.draconis.ufms.br\/?page_id=199"},"modified":"2022-06-13T20:43:54","modified_gmt":"2022-06-14T00:43:54","slug":"charline-zaratin-alves","status":"publish","type":"page","link":"https:\/\/cpcs.ufms.br\/en\/docentes\/agronomia\/charline-zaratin-alves\/","title":{"rendered":"Charline Zaratin Alves"},"content":{"rendered":"<p><a href=\"http:\/\/cpcs.draconis.ufms.br\/files\/2012\/09\/web_charline.gif\"><img decoding=\"async\" class=\"size-full wp-image-200 aligncenter\" src=\"http:\/\/cpcs.draconis.ufms.br\/files\/2012\/09\/web_charline.gif\" alt=\"\" width=\"131\" height=\"168\"><\/a><\/p>\n<p>&nbsp;<\/p>\n<table border=\"0\" width=\"100%\" cellpadding=\"0\">\n<tbody>\n<tr>\n<td width=\"17%\"><strong>Doutorado<\/strong><\/td>\n<td width=\"80%\">Agronomia (Sistemas de Produ\u00e7\u00e3o), FEIS\/UNESP \u2013 Ilha Solteira, SP \u2013 2007.<\/td>\n<\/tr>\n<tr>\n<td width=\"17%\"><strong>Mestrado<\/strong><\/td>\n<td width=\"80%\">Agronomia (Sistemas de Produ\u00e7\u00e3o), FEIS\/UNESP \u2013 Ilha Solteira, SP \u2013 2002.<\/td>\n<\/tr>\n<tr>\n<td width=\"17%\"><strong>Gradua\u00e7\u00e3o<\/strong><\/td>\n<td width=\"80%\">Agronomia, FEIS\/UNESP \u2013 Ilha Solteira, SP &#8211; 2000.<\/td>\n<\/tr>\n<\/tbody>\n<\/table>\n<p><strong>Professor Adjunto &#8211;&nbsp;<\/strong>Cursos de Agronomia e Engenharia Florestal<\/p>\n<p>&nbsp;<\/p>\n<p><strong>\u00c1reas e Linhas de Pesquisa:<\/strong><\/p>\n<ul>\n<li>Produ\u00e7\u00e3o e Tecnologia de Sementes.<\/li>\n<\/ul>\n<p>&nbsp;<\/p>\n<p><strong>E-mail:<\/strong>&nbsp;<a href=\"charline.alves@ufms.br\">charline.alves@ufms.br<\/a><a href=\"mailto:charline@ufms.br\"><br \/>\n<\/a><\/p>\n<p><strong>Telefone:<\/strong>&nbsp;(67) 3562-6326<\/p>\n<p style=\"text-align: center\"><a href=\"http:\/\/lattes.cnpq.br\/9130038433176378\">(Curr\u00edculo &#8211; Plataforma Lattes)<\/a><\/p>\n","protected":false},"excerpt":{"rendered":"<p>&nbsp; Doutorado Agronomia (Sistemas de Produ\u00e7\u00e3o), FEIS\/UNESP \u2013 Ilha Solteira, SP \u2013 2007. Mestrado Agronomia (Sistemas de Produ\u00e7\u00e3o), FEIS\/UNESP \u2013 Ilha Solteira, SP \u2013 2002. Gradua\u00e7\u00e3o Agronomia, FEIS\/UNESP \u2013 Ilha Solteira, SP &#8211; 2000. Professor Adjunto &#8211;&nbsp;Cursos de Agronomia e Engenharia Florestal &nbsp; \u00c1reas e Linhas de Pesquisa: Produ\u00e7\u00e3o e Tecnologia de Sementes. &nbsp; E-mail:&nbsp;charline.alves@ufms.br [&hellip;]<\/p>\n","protected":false},"author":106,"featured_media":0,"parent":6952,"menu_order":0,"comment_status":"closed","ping_status":"open","template":"","meta":{"ngg_post_thumbnail":0,"footnotes":""},"coauthors":[],"class_list":["post-199","page","type-page","status-publish","hentry"],"yoast_head":"<!-- This site is optimized with the Yoast SEO plugin v26.2 - https:\/\/yoast.com\/wordpress\/plugins\/seo\/ -->\n<title>Charline Zaratin Alves - Campus de Chapad\u00e3o do Sul<\/title>\n<meta name=\"robots\" content=\"index, follow, max-snippet:-1, max-image-preview:large, max-video-preview:-1\" \/>\n<link rel=\"canonical\" href=\"https:\/\/cpcs.ufms.br\/docentes\/agronomia\/charline-zaratin-alves\/\" \/>\n<meta property=\"og:locale\" content=\"en_US\" \/>\n<meta property=\"og:type\" content=\"article\" \/>\n<meta property=\"og:title\" content=\"Charline Zaratin Alves - Campus de Chapad\u00e3o do Sul\" \/>\n<meta property=\"og:description\" content=\"&nbsp; Doutorado Agronomia (Sistemas de Produ\u00e7\u00e3o), FEIS\/UNESP \u2013 Ilha Solteira, SP \u2013 2007. Mestrado Agronomia (Sistemas de Produ\u00e7\u00e3o), FEIS\/UNESP \u2013 Ilha Solteira, SP \u2013 2002. Gradua\u00e7\u00e3o Agronomia, FEIS\/UNESP \u2013 Ilha Solteira, SP &#8211; 2000. Professor Adjunto &#8211;&nbsp;Cursos de Agronomia e Engenharia Florestal &nbsp; \u00c1reas e Linhas de Pesquisa: Produ\u00e7\u00e3o e Tecnologia de Sementes. &nbsp; E-mail:&nbsp;charline.alves@ufms.br [&hellip;]\" \/>\n<meta property=\"og:url\" content=\"https:\/\/cpcs.ufms.br\/docentes\/agronomia\/charline-zaratin-alves\/\" \/>\n<meta property=\"og:site_name\" content=\"Campus de Chapad\u00e3o do Sul\" \/>\n<meta property=\"article:modified_time\" content=\"2022-06-14T00:43:54+00:00\" \/>\n<meta property=\"og:image\" content=\"http:\/\/cpcs.draconis.ufms.br\/files\/2012\/09\/web_charline.gif\" \/>\n<meta name=\"twitter:label1\" content=\"Est. reading time\" \/>\n\t<meta name=\"twitter:data1\" content=\"1 minute\" \/>\n<script type=\"application\/ld+json\" class=\"yoast-schema-graph\">{\"@context\":\"https:\/\/schema.org\",\"@graph\":[{\"@type\":\"WebPage\",\"@id\":\"https:\/\/cpcs.ufms.br\/docentes\/agronomia\/charline-zaratin-alves\/\",\"url\":\"https:\/\/cpcs.ufms.br\/docentes\/agronomia\/charline-zaratin-alves\/\",\"name\":\"Charline Zaratin Alves - Campus de Chapad\u00e3o do Sul\",\"isPartOf\":{\"@id\":\"https:\/\/cpcs.ufms.br\/#website\"},\"primaryImageOfPage\":{\"@id\":\"https:\/\/cpcs.ufms.br\/docentes\/agronomia\/charline-zaratin-alves\/#primaryimage\"},\"image\":{\"@id\":\"https:\/\/cpcs.ufms.br\/docentes\/agronomia\/charline-zaratin-alves\/#primaryimage\"},\"thumbnailUrl\":\"http:\/\/cpcs.draconis.ufms.br\/files\/2012\/09\/web_charline.gif\",\"datePublished\":\"2012-09-20T18:38:46+00:00\",\"dateModified\":\"2022-06-14T00:43:54+00:00\",\"breadcrumb\":{\"@id\":\"https:\/\/cpcs.ufms.br\/docentes\/agronomia\/charline-zaratin-alves\/#breadcrumb\"},\"inLanguage\":\"en-US\",\"potentialAction\":[{\"@type\":\"ReadAction\",\"target\":[\"https:\/\/cpcs.ufms.br\/docentes\/agronomia\/charline-zaratin-alves\/\"]}]},{\"@type\":\"ImageObject\",\"inLanguage\":\"en-US\",\"@id\":\"https:\/\/cpcs.ufms.br\/docentes\/agronomia\/charline-zaratin-alves\/#primaryimage\",\"url\":\"http:\/\/cpcs.draconis.ufms.br\/files\/2012\/09\/web_charline.gif\",\"contentUrl\":\"http:\/\/cpcs.draconis.ufms.br\/files\/2012\/09\/web_charline.gif\"},{\"@type\":\"BreadcrumbList\",\"@id\":\"https:\/\/cpcs.ufms.br\/docentes\/agronomia\/charline-zaratin-alves\/#breadcrumb\",\"itemListElement\":[{\"@type\":\"ListItem\",\"position\":1,\"name\":\"In\u00edcio\",\"item\":\"https:\/\/cpcs.ufms.br\/\"},{\"@type\":\"ListItem\",\"position\":2,\"name\":\"Docentes\",\"item\":\"https:\/\/cpcs.ufms.br\/docentes\/\"},{\"@type\":\"ListItem\",\"position\":3,\"name\":\"Agronomia\",\"item\":\"https:\/\/cpcs.ufms.br\/docentes\/agronomia\/\"},{\"@type\":\"ListItem\",\"position\":4,\"name\":\"Charline Zaratin Alves\"}]},{\"@type\":\"WebSite\",\"@id\":\"https:\/\/cpcs.ufms.br\/#website\",\"url\":\"https:\/\/cpcs.ufms.br\/\",\"name\":\"Campus de Chapad\u00e3o do Sul\",\"description\":\"Universidade Federal de Mato Grosso do Sul\",\"potentialAction\":[{\"@type\":\"SearchAction\",\"target\":{\"@type\":\"EntryPoint\",\"urlTemplate\":\"https:\/\/cpcs.ufms.br\/?s={search_term_string}\"},\"query-input\":{\"@type\":\"PropertyValueSpecification\",\"valueRequired\":true,\"valueName\":\"search_term_string\"}}],\"inLanguage\":\"en-US\"}]}<\/script>\n<!-- \/ Yoast SEO plugin. -->","yoast_head_json":{"title":"Charline Zaratin Alves - Campus de Chapad\u00e3o do Sul","robots":{"index":"index","follow":"follow","max-snippet":"max-snippet:-1","max-image-preview":"max-image-preview:large","max-video-preview":"max-video-preview:-1"},"canonical":"https:\/\/cpcs.ufms.br\/docentes\/agronomia\/charline-zaratin-alves\/","og_locale":"en_US","og_type":"article","og_title":"Charline Zaratin Alves - Campus de Chapad\u00e3o do Sul","og_description":"&nbsp; Doutorado Agronomia (Sistemas de Produ\u00e7\u00e3o), FEIS\/UNESP \u2013 Ilha Solteira, SP \u2013 2007. Mestrado Agronomia (Sistemas de Produ\u00e7\u00e3o), FEIS\/UNESP \u2013 Ilha Solteira, SP \u2013 2002. Gradua\u00e7\u00e3o Agronomia, FEIS\/UNESP \u2013 Ilha Solteira, SP &#8211; 2000. Professor Adjunto &#8211;&nbsp;Cursos de Agronomia e Engenharia Florestal &nbsp; \u00c1reas e Linhas de Pesquisa: Produ\u00e7\u00e3o e Tecnologia de Sementes. &nbsp; E-mail:&nbsp;charline.alves@ufms.br [&hellip;]","og_url":"https:\/\/cpcs.ufms.br\/docentes\/agronomia\/charline-zaratin-alves\/","og_site_name":"Campus de Chapad\u00e3o do Sul","article_modified_time":"2022-06-14T00:43:54+00:00","og_image":[{"url":"http:\/\/cpcs.draconis.ufms.br\/files\/2012\/09\/web_charline.gif","type":"","width":"","height":""}],"twitter_misc":{"Est. reading time":"1 minute"},"schema":{"@context":"https:\/\/schema.org","@graph":[{"@type":"WebPage","@id":"https:\/\/cpcs.ufms.br\/docentes\/agronomia\/charline-zaratin-alves\/","url":"https:\/\/cpcs.ufms.br\/docentes\/agronomia\/charline-zaratin-alves\/","name":"Charline Zaratin Alves - Campus de Chapad\u00e3o do Sul","isPartOf":{"@id":"https:\/\/cpcs.ufms.br\/#website"},"primaryImageOfPage":{"@id":"https:\/\/cpcs.ufms.br\/docentes\/agronomia\/charline-zaratin-alves\/#primaryimage"},"image":{"@id":"https:\/\/cpcs.ufms.br\/docentes\/agronomia\/charline-zaratin-alves\/#primaryimage"},"thumbnailUrl":"http:\/\/cpcs.draconis.ufms.br\/files\/2012\/09\/web_charline.gif","datePublished":"2012-09-20T18:38:46+00:00","dateModified":"2022-06-14T00:43:54+00:00","breadcrumb":{"@id":"https:\/\/cpcs.ufms.br\/docentes\/agronomia\/charline-zaratin-alves\/#breadcrumb"},"inLanguage":"en-US","potentialAction":[{"@type":"ReadAction","target":["https:\/\/cpcs.ufms.br\/docentes\/agronomia\/charline-zaratin-alves\/"]}]},{"@type":"ImageObject","inLanguage":"en-US","@id":"https:\/\/cpcs.ufms.br\/docentes\/agronomia\/charline-zaratin-alves\/#primaryimage","url":"http:\/\/cpcs.draconis.ufms.br\/files\/2012\/09\/web_charline.gif","contentUrl":"http:\/\/cpcs.draconis.ufms.br\/files\/2012\/09\/web_charline.gif"},{"@type":"BreadcrumbList","@id":"https:\/\/cpcs.ufms.br\/docentes\/agronomia\/charline-zaratin-alves\/#breadcrumb","itemListElement":[{"@type":"ListItem","position":1,"name":"In\u00edcio","item":"https:\/\/cpcs.ufms.br\/"},{"@type":"ListItem","position":2,"name":"Docentes","item":"https:\/\/cpcs.ufms.br\/docentes\/"},{"@type":"ListItem","position":3,"name":"Agronomia","item":"https:\/\/cpcs.ufms.br\/docentes\/agronomia\/"},{"@type":"ListItem","position":4,"name":"Charline Zaratin Alves"}]},{"@type":"WebSite","@id":"https:\/\/cpcs.ufms.br\/#website","url":"https:\/\/cpcs.ufms.br\/","name":"Campus de Chapad\u00e3o do Sul","description":"Universidade Federal de Mato Grosso do Sul","potentialAction":[{"@type":"SearchAction","target":{"@type":"EntryPoint","urlTemplate":"https:\/\/cpcs.ufms.br\/?s={search_term_string}"},"query-input":{"@type":"PropertyValueSpecification","valueRequired":true,"valueName":"search_term_string"}}],"inLanguage":"en-US"}]}},"_links":{"self":[{"href":"https:\/\/cpcs.ufms.br\/en\/wp-json\/wp\/v2\/pages\/199","targetHints":{"allow":["GET"]}}],"collection":[{"href":"https:\/\/cpcs.ufms.br\/en\/wp-json\/wp\/v2\/pages"}],"about":[{"href":"https:\/\/cpcs.ufms.br\/en\/wp-json\/wp\/v2\/types\/page"}],"author":[{"embeddable":true,"href":"https:\/\/cpcs.ufms.br\/en\/wp-json\/wp\/v2\/users\/106"}],"replies":[{"embeddable":true,"href":"https:\/\/cpcs.ufms.br\/en\/wp-json\/wp\/v2\/comments?post=199"}],"version-history":[{"count":10,"href":"https:\/\/cpcs.ufms.br\/en\/wp-json\/wp\/v2\/pages\/199\/revisions"}],"predecessor-version":[{"id":8244,"href":"https:\/\/cpcs.ufms.br\/en\/wp-json\/wp\/v2\/pages\/199\/revisions\/8244"}],"up":[{"embeddable":true,"href":"https:\/\/cpcs.ufms.br\/en\/wp-json\/wp\/v2\/pages\/6952"}],"wp:attachment":[{"href":"https:\/\/cpcs.ufms.br\/en\/wp-json\/wp\/v2\/media?parent=199"}],"wp:term":[{"taxonomy":"author","embeddable":true,"href":"https:\/\/cpcs.ufms.br\/en\/wp-json\/wp\/v2\/coauthors?post=199"}],"curies":[{"name":"wp","href":"https:\/\/api.w.org\/{rel}","templated":true}]}}