{"id":1951,"date":"2014-03-25T15:33:40","date_gmt":"2014-03-25T19:33:40","guid":{"rendered":"http:\/\/cpcs.draconis.ufms.br\/?page_id=1951"},"modified":"2025-01-28T15:05:02","modified_gmt":"2025-01-28T19:05:02","slug":"secretaria-academica","status":"publish","type":"page","link":"https:\/\/cpcs.ufms.br\/en\/docentes\/administracao\/secretaria-academica\/","title":{"rendered":"Secretaria Acad\u00eamica"},"content":{"rendered":"<p><b>Descri\u00e7\u00e3o<\/b><\/p>\n<p>A Secretaria Acad\u00eamica (SECAC) \u00e9 a unidade respons\u00e1vel pela orienta\u00e7\u00e3o acompanhamento e execu\u00e7\u00e3o das atividades de controle escolar no C\u00e2mpus de Chapad\u00e3o do Sul, bem como de apoio \u00e0 administra\u00e7\u00e3o acad\u00eamica. Neste setor o Assistente Acad\u00eamico atende \u00e0s solicita\u00e7\u00f5es de documentos referentes aos registros e requerimentos diversos em rela\u00e7\u00e3o \u00e0 vida acad\u00eamica.<\/p>\n<p>&nbsp;<\/p>\n<p><b>Compet\u00eancias:<\/b><\/p>\n<ul>\n<li>Controlar e cumprir os prazos fixados no calend\u00e1rio escolar;<\/li>\n<li>Promover a execu\u00e7\u00e3o do c\u00e1lculo de n\u00famero de vagas existentes nos cursos e encaminh\u00e1-las para a Coordenadoria de Administra\u00e7\u00e3o Acad\u00eamica para confer\u00eancia e publica\u00e7\u00e3o em edital;<\/li>\n<li>Providenciar os materiais necess\u00e1rios \u00e0 operacionaliza\u00e7\u00e3o das atividades da Secretaria;<\/li>\n<li>Executar os procedimentos afetos \u00e0 matr\u00edcula de alunos;<\/li>\n<li>Orientar, controlar e conferir a matr\u00edcula dos alunos, em fun\u00e7\u00e3o dos relat\u00f3rios de convoca\u00e7\u00e3o e n\u00famero de vagas;<\/li>\n<li>Viabilizar a libera\u00e7\u00e3o das disciplinas no sistema acad\u00eamico;<\/li>\n<li>Divulgar, atrav\u00e9s de publica\u00e7\u00e3o, as listagens de alunos cujas matr\u00edculas tenham sido recusadas;<\/li>\n<li>Orientar, assessorar e acompanhar os discentes nos pedidos de transfer\u00eancias, trancamentos de matr\u00edculas e solicita\u00e7\u00f5es de aproveitamento de estudos e outros;<\/li>\n<li>Colaborar com os Coordenadores de Cursos e Coordenadores de Gest\u00e3o Acad\u00eamica nas solicita\u00e7\u00f5es de aproveitamento de disciplinas e outros;<\/li>\n<li>Proceder o recebimento e encaminhar aos Coordenadores de Cursos, os processos de candidatos \u00e0 vaga, para an\u00e1lise de curr\u00edculo;<\/li>\n<li>Orientar e controlar o recebimento dos requerimentos de dispensa de disciplinas, observando os prazos fixados;<\/li>\n<li>Encaminhar aos Coordenadores de Cursos, processos de alunos transferidos e outros, para provid\u00eancias quanto \u00e0 an\u00e1lise de curr\u00edculo e produ\u00e7\u00e3o de Resolu\u00e7\u00f5es;<\/li>\n<li>Executar o lan\u00e7amento no hist\u00f3rico escolar das resolu\u00e7\u00f5es referentes \u00e0 dispensa de disciplinas, emitidas pelo Conselho competente;<\/li>\n<li>Executar os lan\u00e7amentos e atualiza\u00e7\u00f5es dos hist\u00f3ricos escolares;<\/li>\n<li>Orientar e informar os discentes sobre seu movimento curricular;<\/li>\n<li>Acompanhar a atualiza\u00e7\u00e3o dos programas e\/ou ementas das disciplinas ministradas na Unidade;<\/li>\n<li>Preparar a documenta\u00e7\u00e3o para cerim\u00f4nia de cola\u00e7\u00e3o de grau;<\/li>\n<li>Instruir os processos de registro de diplomas e encaminh\u00e1-los a Coordenadoria de Administra\u00e7\u00e3o Acad\u00eamica;<\/li>\n<li>Encaminhar aos Coordenadores de Curso os processos de aproveitamento de estudos que ingressarem na Unidade Setorial;<\/li>\n<li>Emitir atestados, declara\u00e7\u00f5es, certificados e hist\u00f3rico, solicitados pelos discentes;<\/li>\n<li>Desenvolver outras atividades dentro de sua \u00e1rea de atua\u00e7\u00e3o.<\/li>\n<\/ul>\n<p>&nbsp;<\/p>\n<p><b>O que acad\u00eamico pode solicitar na Secretaria Acad\u00eamica:<\/b><\/p>\n<ul>\n<li>Aproveitamento de Estudos;<\/li>\n<li>Atestado de Frequ\u00eancia;<\/li>\n<li>Atestado de Vaga;<\/li>\n<li>Declara\u00e7\u00e3o de Matr\u00edcula;<\/li>\n<li>Guia de Transfer\u00eancia;<\/li>\n<li>Hist\u00f3rico Escolar;<\/li>\n<li>Programa de Disciplinas Cursadas;<\/li>\n<li>Outros servi\u00e7os constantes do requerimento;<\/li>\n<\/ul>\n<p>&nbsp;<\/p>\n<p>Para atendimento das solicita\u00e7\u00f5es o acad\u00eamico dever\u00e1 preencher o requerimento acad\u00eamico e entregar na secretaria acad\u00eamica para que seja devidamente instru\u00eddo e executado. Para acess\u00e1-lo <span style=\"text-decoration: underline\"><span style=\"color: #ff0000\"><strong><a href=\"http:\/\/cpcs.draconis.ufms.br\/wp-content\/blogs.dir\/47\/files\/2014\/03\/requerimento_academico_novo.pdf\"><span style=\"color: #ff0000;text-decoration: underline\">clique aqui<\/span><\/a><\/strong><\/span><\/span>.<\/p>\n<p>&nbsp;<\/p>\n<p><b>Prazos para a expedi\u00e7\u00e3o dos seguintes documentos:<\/b><\/p>\n<ul>\n<li>Atestado de Vaga \u2013 1 dia \u00fatil;<\/li>\n<li>Declara\u00e7\u00e3o de Matr\u00edcula \u2013 2 dias \u00fateis;<\/li>\n<li>Guia de Transfer\u00eancia \u2013 1 dia \u00fatil;<\/li>\n<li>Hist\u00f3rico Escolar \u2013 2 dias \u00fateis;<\/li>\n<li>Programa de Disciplinas Cursadas \u2013 3 dias \u00fateis.<\/li>\n<\/ul>\n<p>&nbsp;<\/p>\n<p><b>Documentos necess\u00e1rios para solicitar Aproveitamento de Disciplinas:<\/b><\/p>\n<ul>\n<li>Hist\u00f3rico Escolar original;<\/li>\n<li>Estrutura do curso de origem;<\/li>\n<li>Conte\u00fado Program\u00e1tico de cada disciplina;<\/li>\n<li>Crit\u00e9rios de aprova\u00e7\u00e3o nas disciplinas.<\/li>\n<\/ul>\n<p>&nbsp;<\/p>\n<p><b>Hor\u00e1rio de atendimento:<\/b> das 7:00 h \u00e0s 11:00 h e das 13:00 h \u00e0s 17:00h.<\/p>\n<div><b>Telefone para contato:<\/b>&nbsp;(67) 3562-6330<\/div>\n<div>\n<p><b>Respons\u00e1vel:<\/b>&nbsp;<strong>Carlos Eduardo Andrade Parpinelli<\/strong><\/p>\n<\/div>\n<p><b>E-mail Institucional:<\/b> secac.cpcs@ufms.br<\/p>\n<p>&nbsp;<\/p>\n","protected":false},"excerpt":{"rendered":"<p>Descri\u00e7\u00e3o A Secretaria Acad\u00eamica (SECAC) \u00e9 a unidade respons\u00e1vel pela orienta\u00e7\u00e3o acompanhamento e execu\u00e7\u00e3o das atividades de controle escolar no C\u00e2mpus de Chapad\u00e3o do Sul, bem como de apoio \u00e0 administra\u00e7\u00e3o acad\u00eamica. Neste setor o Assistente Acad\u00eamico atende \u00e0s solicita\u00e7\u00f5es de documentos referentes aos registros e requerimentos diversos em rela\u00e7\u00e3o \u00e0 vida acad\u00eamica. &nbsp; Compet\u00eancias: [&hellip;]<\/p>\n","protected":false},"author":148,"featured_media":0,"parent":82,"menu_order":0,"comment_status":"closed","ping_status":"open","template":"","meta":{"ngg_post_thumbnail":0,"footnotes":""},"coauthors":[],"class_list":["post-1951","page","type-page","status-publish","hentry"],"yoast_head":"<!-- This site is optimized with the Yoast SEO plugin v26.2 - https:\/\/yoast.com\/wordpress\/plugins\/seo\/ -->\n<title>Secretaria Acad\u00eamica - Campus de Chapad\u00e3o do Sul<\/title>\n<meta name=\"robots\" content=\"index, follow, max-snippet:-1, max-image-preview:large, max-video-preview:-1\" \/>\n<link rel=\"canonical\" href=\"https:\/\/cpcs.ufms.br\/docentes\/administracao\/secretaria-academica\/\" \/>\n<meta property=\"og:locale\" content=\"en_US\" \/>\n<meta property=\"og:type\" content=\"article\" \/>\n<meta property=\"og:title\" content=\"Secretaria Acad\u00eamica - Campus de Chapad\u00e3o do Sul\" \/>\n<meta property=\"og:description\" content=\"Descri\u00e7\u00e3o A Secretaria Acad\u00eamica (SECAC) \u00e9 a unidade respons\u00e1vel pela orienta\u00e7\u00e3o acompanhamento e execu\u00e7\u00e3o das atividades de controle escolar no C\u00e2mpus de Chapad\u00e3o do Sul, bem como de apoio \u00e0 administra\u00e7\u00e3o acad\u00eamica. Neste setor o Assistente Acad\u00eamico atende \u00e0s solicita\u00e7\u00f5es de documentos referentes aos registros e requerimentos diversos em rela\u00e7\u00e3o \u00e0 vida acad\u00eamica. &nbsp; Compet\u00eancias: [&hellip;]\" \/>\n<meta property=\"og:url\" content=\"https:\/\/cpcs.ufms.br\/docentes\/administracao\/secretaria-academica\/\" \/>\n<meta property=\"og:site_name\" content=\"Campus de Chapad\u00e3o do Sul\" \/>\n<meta property=\"article:modified_time\" content=\"2025-01-28T19:05:02+00:00\" \/>\n<meta name=\"twitter:label1\" content=\"Est. reading time\" \/>\n\t<meta name=\"twitter:data1\" content=\"3 minutes\" \/>\n<script type=\"application\/ld+json\" class=\"yoast-schema-graph\">{\"@context\":\"https:\/\/schema.org\",\"@graph\":[{\"@type\":\"WebPage\",\"@id\":\"https:\/\/cpcs.ufms.br\/docentes\/administracao\/secretaria-academica\/\",\"url\":\"https:\/\/cpcs.ufms.br\/docentes\/administracao\/secretaria-academica\/\",\"name\":\"Secretaria Acad\u00eamica - Campus de Chapad\u00e3o do Sul\",\"isPartOf\":{\"@id\":\"https:\/\/cpcs.ufms.br\/#website\"},\"datePublished\":\"2014-03-25T19:33:40+00:00\",\"dateModified\":\"2025-01-28T19:05:02+00:00\",\"breadcrumb\":{\"@id\":\"https:\/\/cpcs.ufms.br\/docentes\/administracao\/secretaria-academica\/#breadcrumb\"},\"inLanguage\":\"en-US\",\"potentialAction\":[{\"@type\":\"ReadAction\",\"target\":[\"https:\/\/cpcs.ufms.br\/docentes\/administracao\/secretaria-academica\/\"]}]},{\"@type\":\"BreadcrumbList\",\"@id\":\"https:\/\/cpcs.ufms.br\/docentes\/administracao\/secretaria-academica\/#breadcrumb\",\"itemListElement\":[{\"@type\":\"ListItem\",\"position\":1,\"name\":\"In\u00edcio\",\"item\":\"https:\/\/cpcs.ufms.br\/\"},{\"@type\":\"ListItem\",\"position\":2,\"name\":\"Docentes\",\"item\":\"https:\/\/cpcs.ufms.br\/docentes\/\"},{\"@type\":\"ListItem\",\"position\":3,\"name\":\"Administra\u00e7\u00e3o\",\"item\":\"https:\/\/cpcs.ufms.br\/docentes\/administracao\/\"},{\"@type\":\"ListItem\",\"position\":4,\"name\":\"Secretaria Acad\u00eamica\"}]},{\"@type\":\"WebSite\",\"@id\":\"https:\/\/cpcs.ufms.br\/#website\",\"url\":\"https:\/\/cpcs.ufms.br\/\",\"name\":\"Campus de Chapad\u00e3o do Sul\",\"description\":\"Universidade Federal de Mato Grosso do Sul\",\"potentialAction\":[{\"@type\":\"SearchAction\",\"target\":{\"@type\":\"EntryPoint\",\"urlTemplate\":\"https:\/\/cpcs.ufms.br\/?s={search_term_string}\"},\"query-input\":{\"@type\":\"PropertyValueSpecification\",\"valueRequired\":true,\"valueName\":\"search_term_string\"}}],\"inLanguage\":\"en-US\"}]}<\/script>\n<!-- \/ Yoast SEO plugin. -->","yoast_head_json":{"title":"Secretaria Acad\u00eamica - Campus de Chapad\u00e3o do Sul","robots":{"index":"index","follow":"follow","max-snippet":"max-snippet:-1","max-image-preview":"max-image-preview:large","max-video-preview":"max-video-preview:-1"},"canonical":"https:\/\/cpcs.ufms.br\/docentes\/administracao\/secretaria-academica\/","og_locale":"en_US","og_type":"article","og_title":"Secretaria Acad\u00eamica - Campus de Chapad\u00e3o do Sul","og_description":"Descri\u00e7\u00e3o A Secretaria Acad\u00eamica (SECAC) \u00e9 a unidade respons\u00e1vel pela orienta\u00e7\u00e3o acompanhamento e execu\u00e7\u00e3o das atividades de controle escolar no C\u00e2mpus de Chapad\u00e3o do Sul, bem como de apoio \u00e0 administra\u00e7\u00e3o acad\u00eamica. Neste setor o Assistente Acad\u00eamico atende \u00e0s solicita\u00e7\u00f5es de documentos referentes aos registros e requerimentos diversos em rela\u00e7\u00e3o \u00e0 vida acad\u00eamica. &nbsp; Compet\u00eancias: [&hellip;]","og_url":"https:\/\/cpcs.ufms.br\/docentes\/administracao\/secretaria-academica\/","og_site_name":"Campus de Chapad\u00e3o do Sul","article_modified_time":"2025-01-28T19:05:02+00:00","twitter_misc":{"Est. reading time":"3 minutes"},"schema":{"@context":"https:\/\/schema.org","@graph":[{"@type":"WebPage","@id":"https:\/\/cpcs.ufms.br\/docentes\/administracao\/secretaria-academica\/","url":"https:\/\/cpcs.ufms.br\/docentes\/administracao\/secretaria-academica\/","name":"Secretaria Acad\u00eamica - Campus de Chapad\u00e3o do Sul","isPartOf":{"@id":"https:\/\/cpcs.ufms.br\/#website"},"datePublished":"2014-03-25T19:33:40+00:00","dateModified":"2025-01-28T19:05:02+00:00","breadcrumb":{"@id":"https:\/\/cpcs.ufms.br\/docentes\/administracao\/secretaria-academica\/#breadcrumb"},"inLanguage":"en-US","potentialAction":[{"@type":"ReadAction","target":["https:\/\/cpcs.ufms.br\/docentes\/administracao\/secretaria-academica\/"]}]},{"@type":"BreadcrumbList","@id":"https:\/\/cpcs.ufms.br\/docentes\/administracao\/secretaria-academica\/#breadcrumb","itemListElement":[{"@type":"ListItem","position":1,"name":"In\u00edcio","item":"https:\/\/cpcs.ufms.br\/"},{"@type":"ListItem","position":2,"name":"Docentes","item":"https:\/\/cpcs.ufms.br\/docentes\/"},{"@type":"ListItem","position":3,"name":"Administra\u00e7\u00e3o","item":"https:\/\/cpcs.ufms.br\/docentes\/administracao\/"},{"@type":"ListItem","position":4,"name":"Secretaria Acad\u00eamica"}]},{"@type":"WebSite","@id":"https:\/\/cpcs.ufms.br\/#website","url":"https:\/\/cpcs.ufms.br\/","name":"Campus de Chapad\u00e3o do Sul","description":"Universidade Federal de Mato Grosso do Sul","potentialAction":[{"@type":"SearchAction","target":{"@type":"EntryPoint","urlTemplate":"https:\/\/cpcs.ufms.br\/?s={search_term_string}"},"query-input":{"@type":"PropertyValueSpecification","valueRequired":true,"valueName":"search_term_string"}}],"inLanguage":"en-US"}]}},"_links":{"self":[{"href":"https:\/\/cpcs.ufms.br\/en\/wp-json\/wp\/v2\/pages\/1951","targetHints":{"allow":["GET"]}}],"collection":[{"href":"https:\/\/cpcs.ufms.br\/en\/wp-json\/wp\/v2\/pages"}],"about":[{"href":"https:\/\/cpcs.ufms.br\/en\/wp-json\/wp\/v2\/types\/page"}],"author":[{"embeddable":true,"href":"https:\/\/cpcs.ufms.br\/en\/wp-json\/wp\/v2\/users\/148"}],"replies":[{"embeddable":true,"href":"https:\/\/cpcs.ufms.br\/en\/wp-json\/wp\/v2\/comments?post=1951"}],"version-history":[{"count":4,"href":"https:\/\/cpcs.ufms.br\/en\/wp-json\/wp\/v2\/pages\/1951\/revisions"}],"predecessor-version":[{"id":10984,"href":"https:\/\/cpcs.ufms.br\/en\/wp-json\/wp\/v2\/pages\/1951\/revisions\/10984"}],"up":[{"embeddable":true,"href":"https:\/\/cpcs.ufms.br\/en\/wp-json\/wp\/v2\/pages\/82"}],"wp:attachment":[{"href":"https:\/\/cpcs.ufms.br\/en\/wp-json\/wp\/v2\/media?parent=1951"}],"wp:term":[{"taxonomy":"author","embeddable":true,"href":"https:\/\/cpcs.ufms.br\/en\/wp-json\/wp\/v2\/coauthors?post=1951"}],"curies":[{"name":"wp","href":"https:\/\/api.w.org\/{rel}","templated":true}]}}