{"id":188,"date":"2012-09-20T14:29:39","date_gmt":"2012-09-20T18:29:39","guid":{"rendered":"http:\/\/cpcs.draconis.ufms.br\/?page_id=188"},"modified":"2022-06-13T20:45:44","modified_gmt":"2022-06-14T00:45:44","slug":"ana-paula-leite","status":"publish","type":"page","link":"https:\/\/cpcs.ufms.br\/en\/docentes\/agronomia\/ana-paula-leite\/","title":{"rendered":"Ana Paula Leite"},"content":{"rendered":"<div>&nbsp;<\/div>\n<div><a href=\"http:\/\/cpcs.draconis.ufms.br\/files\/2012\/09\/web_prof_analeite.jpg\"><img fetchpriority=\"high\" decoding=\"async\" class=\"wp-image-912 aligncenter\" src=\"http:\/\/cpcs.draconis.ufms.br\/files\/2012\/09\/web_prof_analeite.jpg\" alt=\"web_prof_analeite\" width=\"277\" height=\"363\" srcset=\"https:\/\/cpcs.ufms.br\/files\/2012\/09\/web_prof_analeite.jpg 385w, https:\/\/cpcs.ufms.br\/files\/2012\/09\/web_prof_analeite-229x300.jpg 229w, https:\/\/cpcs.ufms.br\/files\/2012\/09\/web_prof_analeite-244x320.jpg 244w\" sizes=\"(max-width: 277px) 100vw, 277px\" \/><\/a><\/div>\n<div>&nbsp;<\/div>\n<div>&nbsp;<\/div>\n<div>\n<table border=\"0\" width=\"100%\" cellpadding=\"0\">\n<tbody>\n<tr>\n<td width=\"17%\"><strong>Doutorado<\/strong><\/td>\n<td width=\"80%\">Ci\u00eancia Florestal (Silvicultura), UFV \u2013 MG \u2013 2003.<\/td>\n<\/tr>\n<tr>\n<td width=\"17%\"><strong>Mestrado<\/strong><\/td>\n<td width=\"80%\">Engenharia Florestal (Silvicultura), UFLA \u2013 MG \u2013 1998.<\/td>\n<\/tr>\n<tr>\n<td width=\"17%\"><strong>Gradua\u00e7\u00e3o<\/strong><\/td>\n<td width=\"80%\">Engenharia Florestal, UFLA \u2013&nbsp; MG \u2013 1993.<\/td>\n<\/tr>\n<\/tbody>\n<\/table>\n<p>&nbsp;<\/p>\n<p><strong>\u00c1reas e Linhas de Pesquisa:<\/strong><\/p>\n<ul>\n<li>Silvicultura<\/li>\n<li>Produ\u00e7\u00e3o Florestal<\/li>\n<li>Agrossilvicultura<\/li>\n<\/ul>\n<p>&nbsp;<\/p>\n<p><strong>E-mail:<\/strong>&nbsp;&nbsp;<a href=\"mailto:paula.leite@ufms.br\">paula.leite@ufms.br<\/a><\/p>\n<p><strong>Telefone:<\/strong>&nbsp;(67) 3562-6316<\/p>\n<p style=\"text-align: center\"><a href=\"http:\/\/lattes.cnpq.br\/7873647370618267\">(Curr\u00edculo &#8211; Plataforma Lattes)<\/a><\/p>\n<\/div>\n<div>&nbsp;<\/div>\n<div>&nbsp;<\/div>\n<p><a title=\"Editar p\u00e1gina\" href=\"http:\/\/cpcs.draconis.ufms.br\/wp-admin\/post.php?post=183&amp;action=edit\">Editar esse post.<\/a><\/p>\n","protected":false},"excerpt":{"rendered":"<p>&nbsp; &nbsp; &nbsp; Doutorado Ci\u00eancia Florestal (Silvicultura), UFV \u2013 MG \u2013 2003. Mestrado Engenharia Florestal (Silvicultura), UFLA \u2013 MG \u2013 1998. Gradua\u00e7\u00e3o Engenharia Florestal, UFLA \u2013&nbsp; MG \u2013 1993. &nbsp; \u00c1reas e Linhas de Pesquisa: Silvicultura Produ\u00e7\u00e3o Florestal Agrossilvicultura &nbsp; E-mail:&nbsp;&nbsp;paula.leite@ufms.br Telefone:&nbsp;(67) 3562-6316 (Curr\u00edculo &#8211; Plataforma Lattes) &nbsp; &nbsp; Editar esse post.<\/p>\n","protected":false},"author":106,"featured_media":0,"parent":6952,"menu_order":0,"comment_status":"closed","ping_status":"open","template":"","meta":{"ngg_post_thumbnail":0,"footnotes":""},"coauthors":[],"class_list":["post-188","page","type-page","status-publish","hentry"],"yoast_head":"<!-- This site is optimized with the Yoast SEO plugin v26.2 - https:\/\/yoast.com\/wordpress\/plugins\/seo\/ -->\n<title>Ana Paula Leite - Campus de Chapad\u00e3o do Sul<\/title>\n<meta name=\"robots\" content=\"index, follow, max-snippet:-1, max-image-preview:large, max-video-preview:-1\" \/>\n<link rel=\"canonical\" href=\"https:\/\/cpcs.ufms.br\/docentes\/agronomia\/ana-paula-leite\/\" \/>\n<meta property=\"og:locale\" content=\"en_US\" \/>\n<meta property=\"og:type\" content=\"article\" \/>\n<meta property=\"og:title\" content=\"Ana Paula Leite - Campus de Chapad\u00e3o do Sul\" \/>\n<meta property=\"og:description\" content=\"&nbsp; &nbsp; &nbsp; Doutorado Ci\u00eancia Florestal (Silvicultura), UFV \u2013 MG \u2013 2003. Mestrado Engenharia Florestal (Silvicultura), UFLA \u2013 MG \u2013 1998. Gradua\u00e7\u00e3o Engenharia Florestal, UFLA \u2013&nbsp; MG \u2013 1993. &nbsp; \u00c1reas e Linhas de Pesquisa: Silvicultura Produ\u00e7\u00e3o Florestal Agrossilvicultura &nbsp; E-mail:&nbsp;&nbsp;paula.leite@ufms.br Telefone:&nbsp;(67) 3562-6316 (Curr\u00edculo &#8211; Plataforma Lattes) &nbsp; &nbsp; Editar esse post.\" \/>\n<meta property=\"og:url\" content=\"https:\/\/cpcs.ufms.br\/docentes\/agronomia\/ana-paula-leite\/\" \/>\n<meta property=\"og:site_name\" content=\"Campus de Chapad\u00e3o do Sul\" \/>\n<meta property=\"article:modified_time\" content=\"2022-06-14T00:45:44+00:00\" \/>\n<meta property=\"og:image\" content=\"http:\/\/cpcs.draconis.ufms.br\/files\/2012\/09\/web_prof_analeite.jpg\" \/>\n<meta name=\"twitter:label1\" content=\"Est. reading time\" \/>\n\t<meta name=\"twitter:data1\" content=\"1 minute\" \/>\n<script type=\"application\/ld+json\" class=\"yoast-schema-graph\">{\"@context\":\"https:\/\/schema.org\",\"@graph\":[{\"@type\":\"WebPage\",\"@id\":\"https:\/\/cpcs.ufms.br\/docentes\/agronomia\/ana-paula-leite\/\",\"url\":\"https:\/\/cpcs.ufms.br\/docentes\/agronomia\/ana-paula-leite\/\",\"name\":\"Ana Paula Leite - Campus de Chapad\u00e3o do Sul\",\"isPartOf\":{\"@id\":\"https:\/\/cpcs.ufms.br\/#website\"},\"primaryImageOfPage\":{\"@id\":\"https:\/\/cpcs.ufms.br\/docentes\/agronomia\/ana-paula-leite\/#primaryimage\"},\"image\":{\"@id\":\"https:\/\/cpcs.ufms.br\/docentes\/agronomia\/ana-paula-leite\/#primaryimage\"},\"thumbnailUrl\":\"http:\/\/cpcs.draconis.ufms.br\/files\/2012\/09\/web_prof_analeite.jpg\",\"datePublished\":\"2012-09-20T18:29:39+00:00\",\"dateModified\":\"2022-06-14T00:45:44+00:00\",\"breadcrumb\":{\"@id\":\"https:\/\/cpcs.ufms.br\/docentes\/agronomia\/ana-paula-leite\/#breadcrumb\"},\"inLanguage\":\"en-US\",\"potentialAction\":[{\"@type\":\"ReadAction\",\"target\":[\"https:\/\/cpcs.ufms.br\/docentes\/agronomia\/ana-paula-leite\/\"]}]},{\"@type\":\"ImageObject\",\"inLanguage\":\"en-US\",\"@id\":\"https:\/\/cpcs.ufms.br\/docentes\/agronomia\/ana-paula-leite\/#primaryimage\",\"url\":\"http:\/\/cpcs.draconis.ufms.br\/files\/2012\/09\/web_prof_analeite.jpg\",\"contentUrl\":\"http:\/\/cpcs.draconis.ufms.br\/files\/2012\/09\/web_prof_analeite.jpg\"},{\"@type\":\"BreadcrumbList\",\"@id\":\"https:\/\/cpcs.ufms.br\/docentes\/agronomia\/ana-paula-leite\/#breadcrumb\",\"itemListElement\":[{\"@type\":\"ListItem\",\"position\":1,\"name\":\"In\u00edcio\",\"item\":\"https:\/\/cpcs.ufms.br\/\"},{\"@type\":\"ListItem\",\"position\":2,\"name\":\"Docentes\",\"item\":\"https:\/\/cpcs.ufms.br\/docentes\/\"},{\"@type\":\"ListItem\",\"position\":3,\"name\":\"Agronomia\",\"item\":\"https:\/\/cpcs.ufms.br\/docentes\/agronomia\/\"},{\"@type\":\"ListItem\",\"position\":4,\"name\":\"Ana Paula Leite\"}]},{\"@type\":\"WebSite\",\"@id\":\"https:\/\/cpcs.ufms.br\/#website\",\"url\":\"https:\/\/cpcs.ufms.br\/\",\"name\":\"Campus de Chapad\u00e3o do Sul\",\"description\":\"Universidade Federal de Mato Grosso do Sul\",\"potentialAction\":[{\"@type\":\"SearchAction\",\"target\":{\"@type\":\"EntryPoint\",\"urlTemplate\":\"https:\/\/cpcs.ufms.br\/?s={search_term_string}\"},\"query-input\":{\"@type\":\"PropertyValueSpecification\",\"valueRequired\":true,\"valueName\":\"search_term_string\"}}],\"inLanguage\":\"en-US\"}]}<\/script>\n<!-- \/ Yoast SEO plugin. -->","yoast_head_json":{"title":"Ana Paula Leite - Campus de Chapad\u00e3o do Sul","robots":{"index":"index","follow":"follow","max-snippet":"max-snippet:-1","max-image-preview":"max-image-preview:large","max-video-preview":"max-video-preview:-1"},"canonical":"https:\/\/cpcs.ufms.br\/docentes\/agronomia\/ana-paula-leite\/","og_locale":"en_US","og_type":"article","og_title":"Ana Paula Leite - Campus de Chapad\u00e3o do Sul","og_description":"&nbsp; &nbsp; &nbsp; Doutorado Ci\u00eancia Florestal (Silvicultura), UFV \u2013 MG \u2013 2003. Mestrado Engenharia Florestal (Silvicultura), UFLA \u2013 MG \u2013 1998. Gradua\u00e7\u00e3o Engenharia Florestal, UFLA \u2013&nbsp; MG \u2013 1993. &nbsp; \u00c1reas e Linhas de Pesquisa: Silvicultura Produ\u00e7\u00e3o Florestal Agrossilvicultura &nbsp; E-mail:&nbsp;&nbsp;paula.leite@ufms.br Telefone:&nbsp;(67) 3562-6316 (Curr\u00edculo &#8211; Plataforma Lattes) &nbsp; &nbsp; Editar esse post.","og_url":"https:\/\/cpcs.ufms.br\/docentes\/agronomia\/ana-paula-leite\/","og_site_name":"Campus de Chapad\u00e3o do Sul","article_modified_time":"2022-06-14T00:45:44+00:00","og_image":[{"url":"http:\/\/cpcs.draconis.ufms.br\/files\/2012\/09\/web_prof_analeite.jpg","type":"","width":"","height":""}],"twitter_misc":{"Est. reading time":"1 minute"},"schema":{"@context":"https:\/\/schema.org","@graph":[{"@type":"WebPage","@id":"https:\/\/cpcs.ufms.br\/docentes\/agronomia\/ana-paula-leite\/","url":"https:\/\/cpcs.ufms.br\/docentes\/agronomia\/ana-paula-leite\/","name":"Ana Paula Leite - Campus de Chapad\u00e3o do Sul","isPartOf":{"@id":"https:\/\/cpcs.ufms.br\/#website"},"primaryImageOfPage":{"@id":"https:\/\/cpcs.ufms.br\/docentes\/agronomia\/ana-paula-leite\/#primaryimage"},"image":{"@id":"https:\/\/cpcs.ufms.br\/docentes\/agronomia\/ana-paula-leite\/#primaryimage"},"thumbnailUrl":"http:\/\/cpcs.draconis.ufms.br\/files\/2012\/09\/web_prof_analeite.jpg","datePublished":"2012-09-20T18:29:39+00:00","dateModified":"2022-06-14T00:45:44+00:00","breadcrumb":{"@id":"https:\/\/cpcs.ufms.br\/docentes\/agronomia\/ana-paula-leite\/#breadcrumb"},"inLanguage":"en-US","potentialAction":[{"@type":"ReadAction","target":["https:\/\/cpcs.ufms.br\/docentes\/agronomia\/ana-paula-leite\/"]}]},{"@type":"ImageObject","inLanguage":"en-US","@id":"https:\/\/cpcs.ufms.br\/docentes\/agronomia\/ana-paula-leite\/#primaryimage","url":"http:\/\/cpcs.draconis.ufms.br\/files\/2012\/09\/web_prof_analeite.jpg","contentUrl":"http:\/\/cpcs.draconis.ufms.br\/files\/2012\/09\/web_prof_analeite.jpg"},{"@type":"BreadcrumbList","@id":"https:\/\/cpcs.ufms.br\/docentes\/agronomia\/ana-paula-leite\/#breadcrumb","itemListElement":[{"@type":"ListItem","position":1,"name":"In\u00edcio","item":"https:\/\/cpcs.ufms.br\/"},{"@type":"ListItem","position":2,"name":"Docentes","item":"https:\/\/cpcs.ufms.br\/docentes\/"},{"@type":"ListItem","position":3,"name":"Agronomia","item":"https:\/\/cpcs.ufms.br\/docentes\/agronomia\/"},{"@type":"ListItem","position":4,"name":"Ana Paula Leite"}]},{"@type":"WebSite","@id":"https:\/\/cpcs.ufms.br\/#website","url":"https:\/\/cpcs.ufms.br\/","name":"Campus de Chapad\u00e3o do Sul","description":"Universidade Federal de Mato Grosso do Sul","potentialAction":[{"@type":"SearchAction","target":{"@type":"EntryPoint","urlTemplate":"https:\/\/cpcs.ufms.br\/?s={search_term_string}"},"query-input":{"@type":"PropertyValueSpecification","valueRequired":true,"valueName":"search_term_string"}}],"inLanguage":"en-US"}]}},"_links":{"self":[{"href":"https:\/\/cpcs.ufms.br\/en\/wp-json\/wp\/v2\/pages\/188","targetHints":{"allow":["GET"]}}],"collection":[{"href":"https:\/\/cpcs.ufms.br\/en\/wp-json\/wp\/v2\/pages"}],"about":[{"href":"https:\/\/cpcs.ufms.br\/en\/wp-json\/wp\/v2\/types\/page"}],"author":[{"embeddable":true,"href":"https:\/\/cpcs.ufms.br\/en\/wp-json\/wp\/v2\/users\/106"}],"replies":[{"embeddable":true,"href":"https:\/\/cpcs.ufms.br\/en\/wp-json\/wp\/v2\/comments?post=188"}],"version-history":[{"count":8,"href":"https:\/\/cpcs.ufms.br\/en\/wp-json\/wp\/v2\/pages\/188\/revisions"}],"predecessor-version":[{"id":8246,"href":"https:\/\/cpcs.ufms.br\/en\/wp-json\/wp\/v2\/pages\/188\/revisions\/8246"}],"up":[{"embeddable":true,"href":"https:\/\/cpcs.ufms.br\/en\/wp-json\/wp\/v2\/pages\/6952"}],"wp:attachment":[{"href":"https:\/\/cpcs.ufms.br\/en\/wp-json\/wp\/v2\/media?parent=188"}],"wp:term":[{"taxonomy":"author","embeddable":true,"href":"https:\/\/cpcs.ufms.br\/en\/wp-json\/wp\/v2\/coauthors?post=188"}],"curies":[{"name":"wp","href":"https:\/\/api.w.org\/{rel}","templated":true}]}}