{"id":183,"date":"2012-09-20T14:25:19","date_gmt":"2012-09-20T18:25:19","guid":{"rendered":"http:\/\/cpcs.draconis.ufms.br\/?page_id=183"},"modified":"2022-07-01T14:41:29","modified_gmt":"2022-07-01T18:41:29","slug":"alexandre-beutling","status":"publish","type":"page","link":"https:\/\/cpcs.ufms.br\/en\/docentes\/engenhariaflorestal\/alexandre-beutling\/","title":{"rendered":"Alexandre Beutling"},"content":{"rendered":"<p><a href=\"https:\/\/cpcs.ufms.br\/files\/2022\/07\/alexandre.png\"><img fetchpriority=\"high\" decoding=\"async\" class=\" wp-image-8268 aligncenter\" src=\"https:\/\/cpcs.ufms.br\/files\/2022\/07\/alexandre.png\" alt=\"\" width=\"228\" height=\"278\" srcset=\"https:\/\/cpcs.ufms.br\/files\/2022\/07\/alexandre.png 1295w, https:\/\/cpcs.ufms.br\/files\/2022\/07\/alexandre-246x300.png 246w, https:\/\/cpcs.ufms.br\/files\/2022\/07\/alexandre-838x1024.png 838w, https:\/\/cpcs.ufms.br\/files\/2022\/07\/alexandre-768x938.png 768w, https:\/\/cpcs.ufms.br\/files\/2022\/07\/alexandre-1257x1536.png 1257w, https:\/\/cpcs.ufms.br\/files\/2022\/07\/alexandre-262x320.png 262w, https:\/\/cpcs.ufms.br\/files\/2022\/07\/alexandre-600x733.png 600w\" sizes=\"(max-width: 228px) 100vw, 228px\" \/><\/a><\/p>\n<p>&nbsp;<\/p>\n<table border=\"0\" width=\"100%\" cellpadding=\"0\">\n<tbody>\n<tr>\n<td width=\"17%\"><strong>Doutorado<\/strong><\/td>\n<td width=\"80%\">Engenharia Florestal (Modelagem do Comportamento do Fogo), UFPR \u2013 Curitiba&nbsp; \u2013 2009.<\/td>\n<\/tr>\n<tr>\n<td width=\"17%\"><strong>Mestrado<\/strong><\/td>\n<td width=\"80%\">Engenharia Florestal (Caracteriza\u00e7\u00e3o de Material Combust\u00edvel Florestal), UFPR \u2013 Curitiba \u2013 2005.<\/td>\n<\/tr>\n<tr>\n<td width=\"17%\"><strong>Gradua\u00e7\u00e3o<\/strong><\/td>\n<td width=\"80%\">Engenharia Florestal, FURB \u2013 Blumenau, SC \u2013 2002.<\/td>\n<\/tr>\n<\/tbody>\n<\/table>\n<p>&nbsp;<\/p>\n<p><strong>\u00c1reas e Linhas de Pesquisa:<\/strong><\/p>\n<ul>\n<li>Modelagem e Comportamento do Fogo.<\/li>\n<li>Avalia\u00e7\u00e3o e Desenvolvimento de Retardantes Qu\u00edmicos.<\/li>\n<li>Ecologia, Controle e Uso do Fogo (UFPR).<\/li>\n<li>Agrometeorologia.<\/li>\n<\/ul>\n<p><strong>E-mail:<\/strong>&nbsp;&nbsp;<a href=\"mailto:beutling.a@gmail.com\">beutling.a@gmail.com<\/a><\/p>\n<p><strong>Telefone:<\/strong>&nbsp;(67) 3562-6302<\/p>\n<p style=\"text-align: center\"><a href=\"http:\/\/lattes.cnpq.br\/9122877118001342\" target=\"_blank\" rel=\"noopener noreferrer\">(Curr\u00edculo &#8211; Plataforma Lattes)<\/a><\/p>\n","protected":false},"excerpt":{"rendered":"<p>&nbsp; Doutorado Engenharia Florestal (Modelagem do Comportamento do Fogo), UFPR \u2013 Curitiba&nbsp; \u2013 2009. Mestrado Engenharia Florestal (Caracteriza\u00e7\u00e3o de Material Combust\u00edvel Florestal), UFPR \u2013 Curitiba \u2013 2005. Gradua\u00e7\u00e3o Engenharia Florestal, FURB \u2013 Blumenau, SC \u2013 2002. &nbsp; \u00c1reas e Linhas de Pesquisa: Modelagem e Comportamento do Fogo. Avalia\u00e7\u00e3o e Desenvolvimento de Retardantes Qu\u00edmicos. Ecologia, Controle [&hellip;]<\/p>\n","protected":false},"author":106,"featured_media":0,"parent":6954,"menu_order":0,"comment_status":"closed","ping_status":"open","template":"","meta":{"ngg_post_thumbnail":0,"footnotes":""},"coauthors":[],"class_list":["post-183","page","type-page","status-publish","hentry"],"yoast_head":"<!-- This site is optimized with the Yoast SEO plugin v26.2 - https:\/\/yoast.com\/wordpress\/plugins\/seo\/ -->\n<title>Alexandre Beutling - Campus de Chapad\u00e3o do Sul<\/title>\n<meta name=\"robots\" content=\"index, follow, max-snippet:-1, max-image-preview:large, max-video-preview:-1\" \/>\n<link rel=\"canonical\" href=\"https:\/\/cpcs.ufms.br\/docentes\/engenhariaflorestal\/alexandre-beutling\/\" \/>\n<meta property=\"og:locale\" content=\"en_US\" \/>\n<meta property=\"og:type\" content=\"article\" \/>\n<meta property=\"og:title\" content=\"Alexandre Beutling - Campus de Chapad\u00e3o do Sul\" \/>\n<meta property=\"og:description\" content=\"&nbsp; Doutorado Engenharia Florestal (Modelagem do Comportamento do Fogo), UFPR \u2013 Curitiba&nbsp; \u2013 2009. Mestrado Engenharia Florestal (Caracteriza\u00e7\u00e3o de Material Combust\u00edvel Florestal), UFPR \u2013 Curitiba \u2013 2005. Gradua\u00e7\u00e3o Engenharia Florestal, FURB \u2013 Blumenau, SC \u2013 2002. &nbsp; \u00c1reas e Linhas de Pesquisa: Modelagem e Comportamento do Fogo. Avalia\u00e7\u00e3o e Desenvolvimento de Retardantes Qu\u00edmicos. Ecologia, Controle [&hellip;]\" \/>\n<meta property=\"og:url\" content=\"https:\/\/cpcs.ufms.br\/docentes\/engenhariaflorestal\/alexandre-beutling\/\" \/>\n<meta property=\"og:site_name\" content=\"Campus de Chapad\u00e3o do Sul\" \/>\n<meta property=\"article:modified_time\" content=\"2022-07-01T18:41:29+00:00\" \/>\n<meta property=\"og:image\" content=\"https:\/\/cpcs.ufms.br\/files\/2022\/07\/alexandre.png\" \/>\n<meta name=\"twitter:label1\" content=\"Est. reading time\" \/>\n\t<meta name=\"twitter:data1\" content=\"1 minute\" \/>\n<script type=\"application\/ld+json\" class=\"yoast-schema-graph\">{\"@context\":\"https:\/\/schema.org\",\"@graph\":[{\"@type\":\"WebPage\",\"@id\":\"https:\/\/cpcs.ufms.br\/docentes\/engenhariaflorestal\/alexandre-beutling\/\",\"url\":\"https:\/\/cpcs.ufms.br\/docentes\/engenhariaflorestal\/alexandre-beutling\/\",\"name\":\"Alexandre Beutling - Campus de Chapad\u00e3o do Sul\",\"isPartOf\":{\"@id\":\"https:\/\/cpcs.ufms.br\/#website\"},\"primaryImageOfPage\":{\"@id\":\"https:\/\/cpcs.ufms.br\/docentes\/engenhariaflorestal\/alexandre-beutling\/#primaryimage\"},\"image\":{\"@id\":\"https:\/\/cpcs.ufms.br\/docentes\/engenhariaflorestal\/alexandre-beutling\/#primaryimage\"},\"thumbnailUrl\":\"https:\/\/cpcs.ufms.br\/files\/2022\/07\/alexandre.png\",\"datePublished\":\"2012-09-20T18:25:19+00:00\",\"dateModified\":\"2022-07-01T18:41:29+00:00\",\"breadcrumb\":{\"@id\":\"https:\/\/cpcs.ufms.br\/docentes\/engenhariaflorestal\/alexandre-beutling\/#breadcrumb\"},\"inLanguage\":\"en-US\",\"potentialAction\":[{\"@type\":\"ReadAction\",\"target\":[\"https:\/\/cpcs.ufms.br\/docentes\/engenhariaflorestal\/alexandre-beutling\/\"]}]},{\"@type\":\"ImageObject\",\"inLanguage\":\"en-US\",\"@id\":\"https:\/\/cpcs.ufms.br\/docentes\/engenhariaflorestal\/alexandre-beutling\/#primaryimage\",\"url\":\"https:\/\/cpcs.ufms.br\/files\/2022\/07\/alexandre.png\",\"contentUrl\":\"https:\/\/cpcs.ufms.br\/files\/2022\/07\/alexandre.png\"},{\"@type\":\"BreadcrumbList\",\"@id\":\"https:\/\/cpcs.ufms.br\/docentes\/engenhariaflorestal\/alexandre-beutling\/#breadcrumb\",\"itemListElement\":[{\"@type\":\"ListItem\",\"position\":1,\"name\":\"In\u00edcio\",\"item\":\"https:\/\/cpcs.ufms.br\/\"},{\"@type\":\"ListItem\",\"position\":2,\"name\":\"Docentes\",\"item\":\"https:\/\/cpcs.ufms.br\/docentes\/\"},{\"@type\":\"ListItem\",\"position\":3,\"name\":\"EngenhariaFlorestal\",\"item\":\"https:\/\/cpcs.ufms.br\/docentes\/engenhariaflorestal\/\"},{\"@type\":\"ListItem\",\"position\":4,\"name\":\"Alexandre Beutling\"}]},{\"@type\":\"WebSite\",\"@id\":\"https:\/\/cpcs.ufms.br\/#website\",\"url\":\"https:\/\/cpcs.ufms.br\/\",\"name\":\"Campus de Chapad\u00e3o do Sul\",\"description\":\"Universidade Federal de Mato Grosso do Sul\",\"potentialAction\":[{\"@type\":\"SearchAction\",\"target\":{\"@type\":\"EntryPoint\",\"urlTemplate\":\"https:\/\/cpcs.ufms.br\/?s={search_term_string}\"},\"query-input\":{\"@type\":\"PropertyValueSpecification\",\"valueRequired\":true,\"valueName\":\"search_term_string\"}}],\"inLanguage\":\"en-US\"}]}<\/script>\n<!-- \/ Yoast SEO plugin. -->","yoast_head_json":{"title":"Alexandre Beutling - Campus de Chapad\u00e3o do Sul","robots":{"index":"index","follow":"follow","max-snippet":"max-snippet:-1","max-image-preview":"max-image-preview:large","max-video-preview":"max-video-preview:-1"},"canonical":"https:\/\/cpcs.ufms.br\/docentes\/engenhariaflorestal\/alexandre-beutling\/","og_locale":"en_US","og_type":"article","og_title":"Alexandre Beutling - Campus de Chapad\u00e3o do Sul","og_description":"&nbsp; Doutorado Engenharia Florestal (Modelagem do Comportamento do Fogo), UFPR \u2013 Curitiba&nbsp; \u2013 2009. Mestrado Engenharia Florestal (Caracteriza\u00e7\u00e3o de Material Combust\u00edvel Florestal), UFPR \u2013 Curitiba \u2013 2005. Gradua\u00e7\u00e3o Engenharia Florestal, FURB \u2013 Blumenau, SC \u2013 2002. &nbsp; \u00c1reas e Linhas de Pesquisa: Modelagem e Comportamento do Fogo. Avalia\u00e7\u00e3o e Desenvolvimento de Retardantes Qu\u00edmicos. Ecologia, Controle [&hellip;]","og_url":"https:\/\/cpcs.ufms.br\/docentes\/engenhariaflorestal\/alexandre-beutling\/","og_site_name":"Campus de Chapad\u00e3o do Sul","article_modified_time":"2022-07-01T18:41:29+00:00","og_image":[{"url":"https:\/\/cpcs.ufms.br\/files\/2022\/07\/alexandre.png","type":"","width":"","height":""}],"twitter_misc":{"Est. reading time":"1 minute"},"schema":{"@context":"https:\/\/schema.org","@graph":[{"@type":"WebPage","@id":"https:\/\/cpcs.ufms.br\/docentes\/engenhariaflorestal\/alexandre-beutling\/","url":"https:\/\/cpcs.ufms.br\/docentes\/engenhariaflorestal\/alexandre-beutling\/","name":"Alexandre Beutling - Campus de Chapad\u00e3o do Sul","isPartOf":{"@id":"https:\/\/cpcs.ufms.br\/#website"},"primaryImageOfPage":{"@id":"https:\/\/cpcs.ufms.br\/docentes\/engenhariaflorestal\/alexandre-beutling\/#primaryimage"},"image":{"@id":"https:\/\/cpcs.ufms.br\/docentes\/engenhariaflorestal\/alexandre-beutling\/#primaryimage"},"thumbnailUrl":"https:\/\/cpcs.ufms.br\/files\/2022\/07\/alexandre.png","datePublished":"2012-09-20T18:25:19+00:00","dateModified":"2022-07-01T18:41:29+00:00","breadcrumb":{"@id":"https:\/\/cpcs.ufms.br\/docentes\/engenhariaflorestal\/alexandre-beutling\/#breadcrumb"},"inLanguage":"en-US","potentialAction":[{"@type":"ReadAction","target":["https:\/\/cpcs.ufms.br\/docentes\/engenhariaflorestal\/alexandre-beutling\/"]}]},{"@type":"ImageObject","inLanguage":"en-US","@id":"https:\/\/cpcs.ufms.br\/docentes\/engenhariaflorestal\/alexandre-beutling\/#primaryimage","url":"https:\/\/cpcs.ufms.br\/files\/2022\/07\/alexandre.png","contentUrl":"https:\/\/cpcs.ufms.br\/files\/2022\/07\/alexandre.png"},{"@type":"BreadcrumbList","@id":"https:\/\/cpcs.ufms.br\/docentes\/engenhariaflorestal\/alexandre-beutling\/#breadcrumb","itemListElement":[{"@type":"ListItem","position":1,"name":"In\u00edcio","item":"https:\/\/cpcs.ufms.br\/"},{"@type":"ListItem","position":2,"name":"Docentes","item":"https:\/\/cpcs.ufms.br\/docentes\/"},{"@type":"ListItem","position":3,"name":"EngenhariaFlorestal","item":"https:\/\/cpcs.ufms.br\/docentes\/engenhariaflorestal\/"},{"@type":"ListItem","position":4,"name":"Alexandre Beutling"}]},{"@type":"WebSite","@id":"https:\/\/cpcs.ufms.br\/#website","url":"https:\/\/cpcs.ufms.br\/","name":"Campus de Chapad\u00e3o do Sul","description":"Universidade Federal de Mato Grosso do Sul","potentialAction":[{"@type":"SearchAction","target":{"@type":"EntryPoint","urlTemplate":"https:\/\/cpcs.ufms.br\/?s={search_term_string}"},"query-input":{"@type":"PropertyValueSpecification","valueRequired":true,"valueName":"search_term_string"}}],"inLanguage":"en-US"}]}},"_links":{"self":[{"href":"https:\/\/cpcs.ufms.br\/en\/wp-json\/wp\/v2\/pages\/183","targetHints":{"allow":["GET"]}}],"collection":[{"href":"https:\/\/cpcs.ufms.br\/en\/wp-json\/wp\/v2\/pages"}],"about":[{"href":"https:\/\/cpcs.ufms.br\/en\/wp-json\/wp\/v2\/types\/page"}],"author":[{"embeddable":true,"href":"https:\/\/cpcs.ufms.br\/en\/wp-json\/wp\/v2\/users\/106"}],"replies":[{"embeddable":true,"href":"https:\/\/cpcs.ufms.br\/en\/wp-json\/wp\/v2\/comments?post=183"}],"version-history":[{"count":9,"href":"https:\/\/cpcs.ufms.br\/en\/wp-json\/wp\/v2\/pages\/183\/revisions"}],"predecessor-version":[{"id":8269,"href":"https:\/\/cpcs.ufms.br\/en\/wp-json\/wp\/v2\/pages\/183\/revisions\/8269"}],"up":[{"embeddable":true,"href":"https:\/\/cpcs.ufms.br\/en\/wp-json\/wp\/v2\/pages\/6954"}],"wp:attachment":[{"href":"https:\/\/cpcs.ufms.br\/en\/wp-json\/wp\/v2\/media?parent=183"}],"wp:term":[{"taxonomy":"author","embeddable":true,"href":"https:\/\/cpcs.ufms.br\/en\/wp-json\/wp\/v2\/coauthors?post=183"}],"curies":[{"name":"wp","href":"https:\/\/api.w.org\/{rel}","templated":true}]}}