{"id":170,"date":"2012-09-20T13:54:00","date_gmt":"2012-09-20T17:54:00","guid":{"rendered":"http:\/\/cpcs.draconis.ufms.br\/?page_id=170"},"modified":"2025-04-24T08:25:49","modified_gmt":"2025-04-24T12:25:49","slug":"docentes-cpcs","status":"publish","type":"page","link":"https:\/\/cpcs.ufms.br\/en\/docentes-cpcs\/","title":{"rendered":"Docentes"},"content":{"rendered":"<p>&nbsp;<\/p>\n<table style=\"width: 100%;height: 912px\" border=\"2\" width=\"100%\" cellspacing=\"4\" cellpadding=\"0\">\n<tbody>\n<tr style=\"border-color: #000000\">\n<td style=\"border-color: #262525;height: 24px;width: 38.6055%;text-align: center\" valign=\"middle\" bgcolor=\"#cccccc\"><strong>NOME<\/strong><\/td>\n<td style=\"border-color: #262525;height: 24px;width: 15.0106%;text-align: left\" valign=\"middle\" bgcolor=\"#cccccc\"><strong>TITULO<\/strong><\/td>\n<td style=\"border-color: #262525;height: 24px;width: 102.126%;text-align: left\" bgcolor=\"#cccccc\"><strong>\u00a0 \u00a0 \u00a0 \u00a0 \u00a0 \u00a0 \u00a0 \u00a0 \u00a0 \u00a0 \u00a0 \u00a0 \u00a0 \u00a0 \u00a0 \u00a0 \u00a0\u00c1REA<\/strong><\/td>\n<\/tr>\n<tr style=\"border-color: #000000\">\n<td style=\"border-color: #262525;height: 24px;width: 38.6055%\" valign=\"middle\" bgcolor=\"#e4e4e4\"><a href=\"https:\/\/cpcs.ufms.br\/docentes\/engenhariaflorestal\/alexandre-beutling\/\">Alexandre Beutling<\/a><\/td>\n<td style=\"border-color: #262525;height: 24px;width: 15.0106%\" valign=\"middle\" bgcolor=\"#e4e4e4\">Doutor<\/td>\n<td style=\"border-color: #262525;height: 24px;width: 102.126%\" bgcolor=\"#e4e4e4\">Modelagem e Comportamento do Fogo<\/td>\n<\/tr>\n<tr style=\"border-color: #000000\">\n<td style=\"border-color: #262525;height: 24px;width: 38.6055%\" valign=\"middle\" bgcolor=\"#e4e4e4\"><a href=\"https:\/\/cpcs.ufms.br\/docentes\/agronomia\/ana-carina-da-silva-candido-seron\/\">Ana Carina da Silva C\u00e2ndido Seron<\/a><\/td>\n<td style=\"border-color: #262525;height: 24px;width: 15.0106%\" valign=\"middle\" bgcolor=\"#e4e4e4\">Doutora<\/td>\n<td style=\"border-color: #262525;height: 24px;width: 102.126%\" bgcolor=\"#e4e4e4\">Bioqu\u00edmica e Fitoqu\u00edmica<\/td>\n<\/tr>\n<tr style=\"border-color: #000000\">\n<td style=\"border-color: #262525;height: 24px;width: 38.6055%\" valign=\"middle\" bgcolor=\"#e4e4e4\"><a href=\"https:\/\/cpcs.ufms.br\/docentes\/agronomia\/ana-paula-leite\">Ana Paula Leite<br \/>\n<\/a><\/td>\n<td style=\"border-color: #262525;height: 24px;width: 15.0106%\" valign=\"middle\" bgcolor=\"#e4e4e4\">Doutora<\/td>\n<td style=\"border-color: #262525;height: 24px;width: 102.126%\" bgcolor=\"#e4e4e4\">Silvicultura<\/td>\n<\/tr>\n<tr style=\"border-color: #000000\">\n<td style=\"border-color: #262525;height: 24px;width: 38.6055%\" valign=\"middle\" bgcolor=\"#e4e4e4\"><a href=\"https:\/\/cpcs.ufms.br\/docentes\/agronomia\/cassiano-garcia-roque\/\">Cassiano Garcia Roque<br \/>\n<\/a><\/td>\n<td style=\"border-color: #262525;height: 24px;width: 15.0106%\" valign=\"middle\" bgcolor=\"#e4e4e4\">Doutor<\/td>\n<td style=\"border-color: #262525;height: 24px;width: 102.126%\" bgcolor=\"#e4e4e4\">Fertilidade do Solo<\/td>\n<\/tr>\n<tr style=\"border-color: #000000\">\n<td style=\"border-color: #262525;height: 24px;width: 38.6055%\" valign=\"middle\" bgcolor=\"#e4e4e4\"><a href=\"http:\/\/cpcs.draconis.ufms.br\/?page_id=199\">Charline Zaratin Alves<br \/>\n<\/a><\/td>\n<td style=\"border-color: #262525;height: 24px;width: 15.0106%\" valign=\"middle\" bgcolor=\"#e4e4e4\">Doutora<\/td>\n<td style=\"border-color: #262525;height: 24px;width: 102.126%\" bgcolor=\"#e4e4e4\">Tecnologia de Sementes e Fruticultura<\/td>\n<\/tr>\n<tr style=\"border-color: #000000\">\n<td style=\"border-color: #262525;height: 24px;width: 38.6055%\" valign=\"middle\" bgcolor=\"#e4e4e4\"><a href=\"https:\/\/cpcs.ufms.br\/docentes\/agronomia\/cid-naudi-silva-campos\/\">Cid Naudi Silva Campos<br \/>\n<\/a><\/td>\n<td style=\"border-color: #262525;height: 24px;width: 15.0106%\" valign=\"middle\" bgcolor=\"#e4e4e4\">Doutor<\/td>\n<td style=\"border-color: #262525;height: 24px;width: 102.126%\" bgcolor=\"#e4e4e4\">Nutri\u00e7\u00e3o de Plantas<\/td>\n<\/tr>\n<tr style=\"border-color: #000000\">\n<td style=\"border-color: #262525;height: 24px;width: 38.6055%\" valign=\"middle\" bgcolor=\"#e4e4e4\"><a href=\"http:\/\/cpcs.draconis.ufms.br\/?page_id=743\">Deborah Nava Soratto<\/a><\/td>\n<td style=\"border-color: #262525;height: 24px;width: 15.0106%\" valign=\"middle\" bgcolor=\"#e4e4e4\">Doutora<\/td>\n<td style=\"border-color: #262525;height: 24px;width: 102.126%\" bgcolor=\"#e4e4e4\">Tecnologia da Madeira<\/td>\n<\/tr>\n<tr style=\"border-color: #000000\">\n<td style=\"border-color: #262525;height: 24px;width: 38.6055%\" valign=\"middle\" bgcolor=\"#e4e4e4\"><a href=\"https:\/\/cpcs.ufms.br\/docentes\/agronomia\/elisangela-de-souza-loureiro\/\">Elis\u00e2ngela de Souza Loureiro<br \/>\n<\/a><\/td>\n<td style=\"border-color: #262525;height: 24px;width: 15.0106%\" valign=\"middle\" bgcolor=\"#e4e4e4\">Doutora<\/td>\n<td style=\"border-color: #262525;height: 24px;width: 102.126%\" bgcolor=\"#e4e4e4\">Prote\u00e7\u00e3o de Plantas<\/td>\n<\/tr>\n<tr style=\"border-color: #000000\">\n<td style=\"border-color: #262525;height: 24px;width: 38.6055%\" valign=\"middle\" bgcolor=\"#e4e4e4\"><a href=\"http:\/\/cpcs.draconis.ufms.br\/?page_id=211\">Everton da Silva Neiro<br \/>\n<\/a><\/td>\n<td style=\"border-color: #262525;height: 24px;width: 15.0106%\" valign=\"middle\" bgcolor=\"#e4e4e4\">Doutor<\/td>\n<td style=\"border-color: #262525;height: 24px;width: 102.126%\" bgcolor=\"#e4e4e4\">Topografia e Sensoriamento Remoto<\/td>\n<\/tr>\n<tr style=\"height: 24px\">\n<td style=\"border-color: #262525;height: 24px;width: 38.6055%\" valign=\"middle\" bgcolor=\"#e4e4e4\"><a href=\"http:\/\/cpcs.draconis.ufms.br\/?page_id=725\">F\u00e1bio Henrique Rojo Baio<\/a><a href=\"http:\/\/www.cpcs.ufms.br\/js\/plugins\/editors\/fckeditor\/editor\/index.php?option=com_content&amp;view=article&amp;id=52\"><br \/>\n<\/a><\/td>\n<td style=\"border-color: #262525;height: 24px;width: 15.0106%\" valign=\"middle\" bgcolor=\"#e4e4e4\">Doutor<\/td>\n<td style=\"border-color: #262525;height: 24px;width: 102.126%\" bgcolor=\"#e4e4e4\">Agricultura e Silvicultura de Precis\u00e3o<\/td>\n<\/tr>\n<tr style=\"height: 24px\">\n<td style=\"border-color: #262525;height: 24px;width: 38.6055%\" valign=\"middle\" bgcolor=\"#e4e4e4\"><a href=\"https:\/\/cpcs.ufms.br\/cursos-de-graduacao\/coordenadores\/francisco-de-assis-da-silva-medeiros\/\">Francisco de Assis da Silva Medeiros<\/a><\/td>\n<td style=\"border-color: #262525;height: 24px;width: 15.0106%\" valign=\"middle\" bgcolor=\"#e4e4e4\">Doutor<\/td>\n<td style=\"border-color: #262525;height: 24px;width: 102.126%\" bgcolor=\"#e4e4e4\">Gest\u00e3o<\/td>\n<\/tr>\n<tr style=\"height: 24px\">\n<td style=\"border-color: #262525;height: 24px;width: 38.6055%\" valign=\"middle\" bgcolor=\"#e4e4e4\"><a href=\"https:\/\/cpcs.ufms.br\/docentes\/engenhariaflorestal\/glauce-tais-de-oliveira-sousa-azevedo\/\">Glauce Ta\u00eds de Oliveira Sousa Azevedo<\/a><\/td>\n<td style=\"border-color: #262525;height: 24px;width: 15.0106%\" valign=\"middle\" bgcolor=\"#e4e4e4\">Doutora<\/td>\n<td style=\"border-color: #262525;height: 24px;width: 102.126%\" bgcolor=\"#e4e4e4\">Silvicultura<\/td>\n<\/tr>\n<tr style=\"height: 24px\">\n<td style=\"border-color: #262525;height: 24px;width: 38.6055%\" valign=\"middle\" bgcolor=\"#e4e4e4\"><a href=\"https:\/\/cpcs.ufms.br\/docentes\/engenhariaflorestal\/gileno-brito-de-azevedo\/\">Gileno Brito de Azevedo<\/a><\/td>\n<td style=\"border-color: #262525;height: 24px;width: 15.0106%\" valign=\"middle\" bgcolor=\"#e4e4e4\">Doutor<\/td>\n<td style=\"border-color: #262525;height: 24px;width: 102.126%\" bgcolor=\"#e4e4e4\">Manejo Florestal<\/td>\n<\/tr>\n<tr style=\"height: 24px\">\n<td style=\"border-color: #262525;height: 24px;width: 38.6055%\" valign=\"middle\" bgcolor=\"#e4e4e4\"><a href=\"https:\/\/cpcs.ufms.br\/docentes\/administracao\/janaina-cabral-da-silva\/\">Jana\u00edna Cabral da Silva<\/a><\/td>\n<td style=\"border-color: #262525;height: 24px;width: 15.0106%\" valign=\"middle\" bgcolor=\"#e4e4e4\">Doutora<\/td>\n<td style=\"border-color: #262525;height: 24px;width: 102.126%\" bgcolor=\"#e4e4e4\">Investimento Direto Estrangeiro<\/td>\n<\/tr>\n<tr style=\"height: 24px\">\n<td style=\"border-color: #262525;height: 24px;width: 38.6055%\" valign=\"middle\" bgcolor=\"#e4e4e4\"><a href=\"https:\/\/cpcs.ufms.br\/job-teixeira-de-oliveira\/\">Job Teixeira de Oliveira<\/a><\/td>\n<td style=\"border-color: #262525;height: 24px;width: 15.0106%\" valign=\"middle\" bgcolor=\"#e4e4e4\">Doutor<\/td>\n<td style=\"border-color: #262525;height: 24px;width: 102.126%\" bgcolor=\"#e4e4e4\">Recursos H\u00eddricos<\/td>\n<\/tr>\n<tr style=\"height: 24px\">\n<td style=\"border-color: #262525;height: 24px;width: 38.6055%\" valign=\"middle\" bgcolor=\"#e4e4e4\"><a href=\"http:\/\/cpcs.draconis.ufms.br\/?page_id=822\">Kleber Augusto Gastaldi<\/a><\/td>\n<td style=\"border-color: #262525;height: 24px;width: 15.0106%\" valign=\"middle\" bgcolor=\"#e4e4e4\">Doutor<\/td>\n<td style=\"border-color: #262525;height: 24px;width: 102.126%\" bgcolor=\"#e4e4e4\">Zootecnia<\/td>\n<\/tr>\n<tr style=\"height: 24px\">\n<td style=\"border-color: #262525;height: 24px;width: 38.6055%\" valign=\"middle\" bgcolor=\"#e4e4e4\"><a href=\"https:\/\/cpcs.ufms.br\/docentes\/agronomia\/larissa-pereira-ribeiro-teodoro\/\">Larissa Pereira Ribeiro Teodoro<\/a><\/td>\n<td style=\"border-color: #262525;height: 24px;width: 15.0106%\" valign=\"middle\" bgcolor=\"#e4e4e4\">Doutora<\/td>\n<td style=\"border-color: #262525;height: 24px;width: 102.126%\" bgcolor=\"#e4e4e4\">Gen\u00e9tica e Melhoramento<\/td>\n<\/tr>\n<tr style=\"height: 24px\">\n<td style=\"border-color: #262525;height: 24px;width: 38.6055%\" valign=\"middle\" bgcolor=\"#e4e4e4\"><a href=\"http:\/\/cpcs.draconis.ufms.br\/?page_id=797\">Luis Gustavo Amorim Pessoa<\/a><a href=\"http:\/\/www.cpcs.ufms.br\/js\/plugins\/editors\/fckeditor\/editor\/index.php?option=com_content&amp;view=article&amp;id=55\"><br \/>\n<\/a><\/td>\n<td style=\"border-color: #262525;height: 24px;width: 15.0106%\" valign=\"middle\" bgcolor=\"#e4e4e4\">Doutor<\/td>\n<td style=\"border-color: #262525;height: 24px;width: 102.126%\" bgcolor=\"#e4e4e4\">Entomologia Agr\u00edcola<\/td>\n<\/tr>\n<tr style=\"height: 24px\">\n<td style=\"border-color: #262525;height: 24px;width: 38.6055%\" valign=\"middle\" bgcolor=\"#e4e4e4\"><a title=\"Maria Luiza Nunes Costa\" href=\"http:\/\/cpcs.draconis.ufms.br\/?page_id=1866\">Maria Luiza Nunes Costa<\/a><a href=\"http:\/\/cpcs.draconis.ufms.br\/?page_id=1866\"><br \/>\n<\/a><\/td>\n<td style=\"border-color: #262525;height: 24px;width: 15.0106%\" valign=\"middle\" bgcolor=\"#e4e4e4\">Doutora<\/td>\n<td style=\"border-color: #262525;height: 24px;width: 102.126%\" bgcolor=\"#e4e4e4\">Fitopatologia<\/td>\n<\/tr>\n<tr style=\"height: 24px\">\n<td style=\"border-color: #262525;height: 24px;width: 38.6055%\" valign=\"middle\" bgcolor=\"#e4e4e4\"><a title=\"Matildes Blanco\" href=\"https:\/\/cpcs.ufms.br\/docentes\/agronomia\/matildes-blanco\/\">Matildes Blanco<\/a><a href=\"http:\/\/lattes.cnpq.br\/6384129963536737\"><br \/>\n<\/a><\/td>\n<td style=\"border-color: #262525;height: 24px;width: 15.0106%\" valign=\"middle\" bgcolor=\"#e4e4e4\">Doutora<\/td>\n<td style=\"border-color: #262525;height: 24px;width: 102.126%\" bgcolor=\"#e4e4e4\">Qu\u00edmica<\/td>\n<\/tr>\n<tr style=\"height: 24px\">\n<td style=\"border-color: #262525;height: 24px;width: 38.6055%\" valign=\"middle\" bgcolor=\"#e4e4e4\"><a href=\"http:\/\/cpcs.draconis.ufms.br\/?page_id=775\">Meire Aparecida Silvestrini Cordeiro<\/a><a href=\"http:\/\/www.cpcs.ufms.br\/js\/plugins\/editors\/fckeditor\/editor\/index.php?option=com_content&amp;view=article&amp;id=56\"><br \/>\n<\/a><\/td>\n<td style=\"border-color: #262525;height: 24px;width: 15.0106%\" valign=\"middle\" bgcolor=\"#e4e4e4\">Doutora<\/td>\n<td style=\"border-color: #262525;height: 24px;width: 102.126%\" bgcolor=\"#e4e4e4\">Microbiologia do Solo<\/td>\n<\/tr>\n<tr style=\"height: 24px\">\n<td style=\"border-color: #262525;height: 24px;width: 38.6055%\" valign=\"middle\" bgcolor=\"#e4e4e4\"><a href=\"https:\/\/cpcs.ufms.br\/docentes\/administracao\/michele-aparecida-nepomuceno-pinto\/\">Michele Aparecida Nepomuceno Pinto<\/a><a href=\"http:\/\/www.cpcs.ufms.br\/js\/plugins\/editors\/fckeditor\/editor\/index.php?option=com_content&amp;view=article&amp;id=56\"><br \/>\n<\/a><\/td>\n<td style=\"border-color: #262525;height: 24px;width: 15.0106%\" valign=\"middle\" bgcolor=\"#e4e4e4\">Doutora<\/td>\n<td style=\"border-color: #262525;height: 24px;width: 102.126%\" bgcolor=\"#e4e4e4\">Economia<\/td>\n<\/tr>\n<tr style=\"height: 24px\">\n<td style=\"border-color: #262525;height: 24px;width: 38.6055%\" valign=\"middle\" bgcolor=\"#e4e4e4\"><a href=\"https:\/\/cpcs.ufms.br\/docentes\/administracao\/narle-silva-teixeira\/\">Narle Silva Teixeira<\/a><\/td>\n<td style=\"border-color: #262525;height: 24px;width: 15.0106%\" valign=\"middle\" bgcolor=\"#e4e4e4\">Doutora<\/td>\n<td style=\"border-color: #262525;height: 24px;width: 102.126%\" bgcolor=\"#e4e4e4\">Design e Educa\u00e7\u00e3o<\/td>\n<\/tr>\n<tr style=\"height: 24px\">\n<td style=\"border-color: #262525;height: 24px;width: 38.6055%\" valign=\"middle\" bgcolor=\"#e4e4e4\"><a href=\"http:\/\/cpcs.draconis.ufms.br\/?page_id=831\">Oct\u00e1vio Barbosa Plaster<\/a><a href=\"http:\/\/www.cpcs.ufms.br\/js\/plugins\/editors\/fckeditor\/editor\/index.php?option=com_content&amp;view=article&amp;id=56\"><br \/>\n<\/a><\/td>\n<td style=\"border-color: #262525;height: 24px;width: 15.0106%\" valign=\"middle\" bgcolor=\"#e4e4e4\">Mestre<\/td>\n<td style=\"border-color: #262525;height: 24px;width: 102.126%\" bgcolor=\"#e4e4e4\">Planejamento e Gest\u00e3o de Opera\u00e7\u00f5es Florestais<\/td>\n<\/tr>\n<tr style=\"height: 24px\">\n<td style=\"border-color: #262525;height: 24px;width: 38.6055%\" valign=\"middle\" bgcolor=\"#e4e4e4\"><a href=\"https:\/\/cpcs.ufms.br\/docentes\/agronomia\/paulo-eduardo-teodoro\/\">Paulo Eduardo Teodoro<\/a><a href=\"http:\/\/www.cpcs.ufms.br\/js\/plugins\/editors\/fckeditor\/editor\/index.php?option=com_content&amp;view=article&amp;id=56\"><br \/>\n<\/a><\/td>\n<td style=\"border-color: #262525;height: 24px;width: 15.0106%\" valign=\"middle\" bgcolor=\"#e4e4e4\">Doutor<\/td>\n<td style=\"border-color: #262525;height: 24px;width: 102.126%\" bgcolor=\"#e4e4e4\">Gen\u00e9tica e Melhoramento<\/td>\n<\/tr>\n<tr style=\"height: 24px\">\n<td style=\"border-color: #262525;height: 24px;width: 38.6055%\" valign=\"middle\" bgcolor=\"#e4e4e4\"><a href=\"https:\/\/cpcs.ufms.br\/docentes\/agronomia\/rafael-barreto\/\" target=\"_blank\" rel=\"noopener\">Rafael Ferreira Barreto<\/a><\/td>\n<td style=\"border-color: #262525;height: 24px;width: 15.0106%\" valign=\"middle\" bgcolor=\"#e4e4e4\">Doutor<\/td>\n<td style=\"border-color: #262525;height: 24px;width: 102.126%\" bgcolor=\"#e4e4e4\">Nutri\u00e7\u00e3o de plantas<\/td>\n<\/tr>\n<tr style=\"height: 24px\">\n<td style=\"border-color: #262525;height: 24px;width: 38.6055%\" valign=\"middle\" bgcolor=\"#e4e4e4\"><a title=\"Rafael Ratke\" href=\"https:\/\/cpcs.ufms.br\/docentes\/agronomia\/rafael-felippe-ratke\/\">Rafael Ratke<\/a><a href=\"https:\/\/cpcs.ufms.br\/administracao\/docentes-2\/professor-rafael-felippe-ratke\/\"><br \/>\n<\/a><\/td>\n<td style=\"border-color: #262525;height: 24px;width: 15.0106%\" valign=\"middle\" bgcolor=\"#e4e4e4\">Doutor<\/td>\n<td style=\"border-color: #262525;height: 24px;width: 102.126%\" bgcolor=\"#e4e4e4\">Adubos e fertilidade do solo<\/td>\n<\/tr>\n<tr style=\"height: 24px\">\n<td style=\"border-color: #262525;height: 24px;width: 38.6055%\" valign=\"middle\" bgcolor=\"#e4e4e4\"><a title=\"Ricardo Gava\" href=\"https:\/\/cpcs.ufms.br\/docentes\/agronomia\/ricardo-gava\/\">Ricardo Gava<\/a><a href=\"http:\/\/cpcs.draconis.ufms.br\/?page_id=2129\"><br \/>\n<\/a><\/td>\n<td style=\"border-color: #262525;height: 24px;width: 15.0106%\" valign=\"middle\" bgcolor=\"#e4e4e4\">Doutor<\/td>\n<td style=\"border-color: #262525;height: 24px;width: 102.126%\" bgcolor=\"#e4e4e4\">Irriga\u00e7\u00e3o e Drenagem<\/td>\n<\/tr>\n<tr style=\"height: 24px\">\n<td style=\"border-color: #262525;height: 24px;width: 38.6055%\" valign=\"middle\" bgcolor=\"#e4e4e4\"><a title=\"Rita de C\u00e1ssia F\u00e9lix Alvarez\" href=\"https:\/\/cpcs.ufms.br\/docentes\/agronomia\/rita-de-cassia-felix-alvarez\/\">Rita de C\u00e1ssia F\u00e9lix Alvarez<\/a><a href=\"http:\/\/lattes.cnpq.br\/9969509263734624\"><br \/>\n<\/a><\/td>\n<td style=\"border-color: #262525;height: 24px;width: 15.0106%\" valign=\"middle\" bgcolor=\"#e4e4e4\">Doutora<\/td>\n<td style=\"border-color: #262525;height: 24px;width: 102.126%\" bgcolor=\"#e4e4e4\">Fitotecnia<\/td>\n<\/tr>\n<tr style=\"height: 24px\">\n<td style=\"border-color: #262525;height: 24px;width: 38.6055%\" valign=\"middle\" bgcolor=\"#e4e4e4\"><a href=\"https:\/\/cpcs.ufms.br\/profrociolopez\/\">Roc\u00edo Del Pilar L\u00f3pez Cabana<\/a><\/td>\n<td style=\"border-color: #262525;height: 24px;width: 15.0106%\" valign=\"middle\" bgcolor=\"#e4e4e4\">Doutora<\/td>\n<td style=\"border-color: #262525;height: 24px;width: 102.126%\" bgcolor=\"#e4e4e4\">Administra\u00e7\u00e3o<\/td>\n<\/tr>\n<tr style=\"height: 24px\">\n<td style=\"border-color: #262525;height: 24px;width: 38.6055%\" valign=\"middle\" bgcolor=\"#e4e4e4\"><a href=\"https:\/\/cpcs.ufms.br\/docentes\/agronomia\/sebastiao-ferreira-de-lima\/\">Sebasti\u00e3o Ferreira de Lima<\/a><a href=\"http:\/\/www.cpcs.ufms.br\/js\/plugins\/editors\/fckeditor\/editor\/index.php?option=com_content&amp;view=article&amp;id=107\"><br \/>\n<\/a><\/td>\n<td style=\"border-color: #262525;height: 24px;width: 15.0106%\" valign=\"middle\" bgcolor=\"#e4e4e4\">Doutor<\/td>\n<td style=\"border-color: #262525;height: 24px;width: 102.126%\" bgcolor=\"#e4e4e4\">Fitotecnia<\/td>\n<\/tr>\n<tr style=\"height: 24px\">\n<td style=\"border-color: #262525;height: 24px;width: 38.6055%\" valign=\"middle\" bgcolor=\"#e4e4e4\"><a href=\"http:\/\/cpcs.draconis.ufms.br\/?page_id=817\">Simone Pereira da Silva<\/a><a href=\"http:\/\/www.cpcs.ufms.br\/js\/plugins\/editors\/fckeditor\/editor\/index.php?option=com_content&amp;view=article&amp;id=107\"><br \/>\n<\/a><\/td>\n<td style=\"border-color: #262525;height: 24px;width: 15.0106%\" valign=\"middle\" bgcolor=\"#e4e4e4\">Doutora<\/td>\n<td style=\"border-color: #262525;height: 24px;width: 102.126%\" bgcolor=\"#e4e4e4\">Produ\u00e7\u00e3o e Gest\u00e3o Agroindustrial<\/td>\n<\/tr>\n<tr style=\"height: 24px\">\n<td style=\"border-color: #262525;height: 24px;width: 38.6055%\" valign=\"middle\" bgcolor=\"#e4e4e4\"><a href=\"https:\/\/cpcs.ufms.br\/docentes\/administracao\/susan-yuko-higashi\/\">Susan Yuko Higashi<\/a><a href=\"http:\/\/www.cpcs.ufms.br\/js\/plugins\/editors\/fckeditor\/editor\/index.php?option=com_content&amp;view=article&amp;id=107\"><br \/>\n<\/a><\/td>\n<td style=\"border-color: #262525;height: 24px;width: 15.0106%\" valign=\"middle\" bgcolor=\"#e4e4e4\">Doutora<\/td>\n<td style=\"border-color: #262525;height: 24px;width: 102.126%\" bgcolor=\"#e4e4e4\">Administra\u00e7\u00e3o<\/td>\n<\/tr>\n<tr style=\"height: 24px\">\n<td style=\"border-color: #262525;height: 24px;width: 38.6055%\" valign=\"middle\" bgcolor=\"#e4e4e4\"><a href=\"https:\/\/cpcs.ufms.br\/docentes\/administracao\/wallace-da-silva-de-almeida\/\">Wallace da Silva de Almeida<\/a><a href=\"http:\/\/www.cpcs.ufms.br\/js\/plugins\/editors\/fckeditor\/editor\/index.php?option=com_content&amp;view=article&amp;id=107\"><br \/>\n<\/a><\/td>\n<td style=\"border-color: #262525;height: 24px;width: 15.0106%\" valign=\"middle\" bgcolor=\"#e4e4e4\">Doutor<\/td>\n<td style=\"border-color: #262525;height: 24px;width: 102.126%\" bgcolor=\"#e4e4e4\">Economia e Finan\u00e7as<\/td>\n<\/tr>\n<\/tbody>\n<\/table>\n<p>&nbsp;<\/p>\n<p>&nbsp;<\/p>\n","protected":false},"excerpt":{"rendered":"<p>&nbsp; NOME TITULO \u00a0 \u00a0 \u00a0 \u00a0 \u00a0 \u00a0 \u00a0 \u00a0 \u00a0 \u00a0 \u00a0 \u00a0 \u00a0 \u00a0 \u00a0 \u00a0 \u00a0\u00c1REA Alexandre Beutling Doutor Modelagem e Comportamento do Fogo Ana Carina da Silva C\u00e2ndido Seron Doutora Bioqu\u00edmica e Fitoqu\u00edmica Ana Paula Leite Doutora Silvicultura Cassiano Garcia Roque Doutor Fertilidade do Solo Charline Zaratin Alves Doutora Tecnologia [&hellip;]<\/p>\n","protected":false},"author":106,"featured_media":0,"parent":0,"menu_order":0,"comment_status":"closed","ping_status":"open","template":"","meta":{"ngg_post_thumbnail":0,"footnotes":""},"coauthors":[27],"class_list":["post-170","page","type-page","status-publish","hentry"],"yoast_head":"<!-- This site is optimized with the Yoast SEO plugin v26.2 - https:\/\/yoast.com\/wordpress\/plugins\/seo\/ -->\n<title>Docentes - Campus de Chapad\u00e3o do Sul<\/title>\n<meta name=\"robots\" content=\"index, follow, max-snippet:-1, max-image-preview:large, max-video-preview:-1\" \/>\n<link rel=\"canonical\" href=\"https:\/\/cpcs.ufms.br\/docentes-cpcs\/\" \/>\n<meta property=\"og:locale\" content=\"en_US\" \/>\n<meta property=\"og:type\" content=\"article\" \/>\n<meta property=\"og:title\" content=\"Docentes - Campus de Chapad\u00e3o do Sul\" \/>\n<meta property=\"og:description\" content=\"&nbsp; NOME TITULO \u00a0 \u00a0 \u00a0 \u00a0 \u00a0 \u00a0 \u00a0 \u00a0 \u00a0 \u00a0 \u00a0 \u00a0 \u00a0 \u00a0 \u00a0 \u00a0 \u00a0\u00c1REA Alexandre Beutling Doutor Modelagem e Comportamento do Fogo Ana Carina da Silva C\u00e2ndido Seron Doutora Bioqu\u00edmica e Fitoqu\u00edmica Ana Paula Leite Doutora Silvicultura Cassiano Garcia Roque Doutor Fertilidade do Solo Charline Zaratin Alves Doutora Tecnologia [&hellip;]\" \/>\n<meta property=\"og:url\" content=\"https:\/\/cpcs.ufms.br\/docentes-cpcs\/\" \/>\n<meta property=\"og:site_name\" content=\"Campus de Chapad\u00e3o do Sul\" \/>\n<meta property=\"article:modified_time\" content=\"2025-04-24T12:25:49+00:00\" \/>\n<meta name=\"twitter:label1\" content=\"Est. reading time\" \/>\n\t<meta name=\"twitter:data1\" content=\"2 minutes\" \/>\n<script type=\"application\/ld+json\" class=\"yoast-schema-graph\">{\"@context\":\"https:\/\/schema.org\",\"@graph\":[{\"@type\":\"WebPage\",\"@id\":\"https:\/\/cpcs.ufms.br\/docentes-cpcs\/\",\"url\":\"https:\/\/cpcs.ufms.br\/docentes-cpcs\/\",\"name\":\"Docentes - Campus de Chapad\u00e3o do Sul\",\"isPartOf\":{\"@id\":\"https:\/\/cpcs.ufms.br\/#website\"},\"datePublished\":\"2012-09-20T17:54:00+00:00\",\"dateModified\":\"2025-04-24T12:25:49+00:00\",\"breadcrumb\":{\"@id\":\"https:\/\/cpcs.ufms.br\/docentes-cpcs\/#breadcrumb\"},\"inLanguage\":\"en-US\",\"potentialAction\":[{\"@type\":\"ReadAction\",\"target\":[\"https:\/\/cpcs.ufms.br\/docentes-cpcs\/\"]}]},{\"@type\":\"BreadcrumbList\",\"@id\":\"https:\/\/cpcs.ufms.br\/docentes-cpcs\/#breadcrumb\",\"itemListElement\":[{\"@type\":\"ListItem\",\"position\":1,\"name\":\"In\u00edcio\",\"item\":\"https:\/\/cpcs.ufms.br\/\"},{\"@type\":\"ListItem\",\"position\":2,\"name\":\"Docentes\"}]},{\"@type\":\"WebSite\",\"@id\":\"https:\/\/cpcs.ufms.br\/#website\",\"url\":\"https:\/\/cpcs.ufms.br\/\",\"name\":\"Campus de Chapad\u00e3o do Sul\",\"description\":\"Universidade Federal de Mato Grosso do Sul\",\"potentialAction\":[{\"@type\":\"SearchAction\",\"target\":{\"@type\":\"EntryPoint\",\"urlTemplate\":\"https:\/\/cpcs.ufms.br\/?s={search_term_string}\"},\"query-input\":{\"@type\":\"PropertyValueSpecification\",\"valueRequired\":true,\"valueName\":\"search_term_string\"}}],\"inLanguage\":\"en-US\"}]}<\/script>\n<!-- \/ Yoast SEO plugin. -->","yoast_head_json":{"title":"Docentes - Campus de Chapad\u00e3o do Sul","robots":{"index":"index","follow":"follow","max-snippet":"max-snippet:-1","max-image-preview":"max-image-preview:large","max-video-preview":"max-video-preview:-1"},"canonical":"https:\/\/cpcs.ufms.br\/docentes-cpcs\/","og_locale":"en_US","og_type":"article","og_title":"Docentes - Campus de Chapad\u00e3o do Sul","og_description":"&nbsp; NOME TITULO \u00a0 \u00a0 \u00a0 \u00a0 \u00a0 \u00a0 \u00a0 \u00a0 \u00a0 \u00a0 \u00a0 \u00a0 \u00a0 \u00a0 \u00a0 \u00a0 \u00a0\u00c1REA Alexandre Beutling Doutor Modelagem e Comportamento do Fogo Ana Carina da Silva C\u00e2ndido Seron Doutora Bioqu\u00edmica e Fitoqu\u00edmica Ana Paula Leite Doutora Silvicultura Cassiano Garcia Roque Doutor Fertilidade do Solo Charline Zaratin Alves Doutora Tecnologia [&hellip;]","og_url":"https:\/\/cpcs.ufms.br\/docentes-cpcs\/","og_site_name":"Campus de Chapad\u00e3o do Sul","article_modified_time":"2025-04-24T12:25:49+00:00","twitter_misc":{"Est. reading time":"2 minutes"},"schema":{"@context":"https:\/\/schema.org","@graph":[{"@type":"WebPage","@id":"https:\/\/cpcs.ufms.br\/docentes-cpcs\/","url":"https:\/\/cpcs.ufms.br\/docentes-cpcs\/","name":"Docentes - Campus de Chapad\u00e3o do Sul","isPartOf":{"@id":"https:\/\/cpcs.ufms.br\/#website"},"datePublished":"2012-09-20T17:54:00+00:00","dateModified":"2025-04-24T12:25:49+00:00","breadcrumb":{"@id":"https:\/\/cpcs.ufms.br\/docentes-cpcs\/#breadcrumb"},"inLanguage":"en-US","potentialAction":[{"@type":"ReadAction","target":["https:\/\/cpcs.ufms.br\/docentes-cpcs\/"]}]},{"@type":"BreadcrumbList","@id":"https:\/\/cpcs.ufms.br\/docentes-cpcs\/#breadcrumb","itemListElement":[{"@type":"ListItem","position":1,"name":"In\u00edcio","item":"https:\/\/cpcs.ufms.br\/"},{"@type":"ListItem","position":2,"name":"Docentes"}]},{"@type":"WebSite","@id":"https:\/\/cpcs.ufms.br\/#website","url":"https:\/\/cpcs.ufms.br\/","name":"Campus de Chapad\u00e3o do Sul","description":"Universidade Federal de Mato Grosso do Sul","potentialAction":[{"@type":"SearchAction","target":{"@type":"EntryPoint","urlTemplate":"https:\/\/cpcs.ufms.br\/?s={search_term_string}"},"query-input":{"@type":"PropertyValueSpecification","valueRequired":true,"valueName":"search_term_string"}}],"inLanguage":"en-US"}]}},"_links":{"self":[{"href":"https:\/\/cpcs.ufms.br\/en\/wp-json\/wp\/v2\/pages\/170","targetHints":{"allow":["GET"]}}],"collection":[{"href":"https:\/\/cpcs.ufms.br\/en\/wp-json\/wp\/v2\/pages"}],"about":[{"href":"https:\/\/cpcs.ufms.br\/en\/wp-json\/wp\/v2\/types\/page"}],"author":[{"embeddable":true,"href":"https:\/\/cpcs.ufms.br\/en\/wp-json\/wp\/v2\/users\/106"}],"replies":[{"embeddable":true,"href":"https:\/\/cpcs.ufms.br\/en\/wp-json\/wp\/v2\/comments?post=170"}],"version-history":[{"count":140,"href":"https:\/\/cpcs.ufms.br\/en\/wp-json\/wp\/v2\/pages\/170\/revisions"}],"predecessor-version":[{"id":11206,"href":"https:\/\/cpcs.ufms.br\/en\/wp-json\/wp\/v2\/pages\/170\/revisions\/11206"}],"wp:attachment":[{"href":"https:\/\/cpcs.ufms.br\/en\/wp-json\/wp\/v2\/media?parent=170"}],"wp:term":[{"taxonomy":"author","embeddable":true,"href":"https:\/\/cpcs.ufms.br\/en\/wp-json\/wp\/v2\/coauthors?post=170"}],"curies":[{"name":"wp","href":"https:\/\/api.w.org\/{rel}","templated":true}]}}