{"id":1662,"date":"2013-10-22T08:53:21","date_gmt":"2013-10-22T12:53:21","guid":{"rendered":"http:\/\/cpcs.draconis.ufms.br\/?page_id=1662"},"modified":"2022-03-21T13:32:33","modified_gmt":"2022-03-21T17:32:33","slug":"a-estrutura","status":"publish","type":"page","link":"https:\/\/cpcs.ufms.br\/en\/a-estrutura\/","title":{"rendered":"ESTRUTURA"},"content":{"rendered":"<table width=\"100%\" cellspacing=\"2\" cellpadding=\"2\" align=\"center\" bgcolor=\"#ffffff\">\n<tbody align=\"center\">\n<tr align=\"left\" valign=\"top\">\n<td style=\"text-align: center\" colspan=\"1\" rowspan=\"1\" align=\"left\" valign=\"top\" bgcolor=\"#ffffff\" width=\"20%\"><span style=\"line-height: 19px\">&nbsp;<\/span><\/td>\n<\/tr>\n<tr align=\"left\">\n<td valign=\"top\">&nbsp;<\/p>\n<p><a href=\"https:\/\/cpcs.ufms.br\/files\/2022\/03\/Estrutura_cpcs.png\"><img fetchpriority=\"high\" decoding=\"async\" class=\" wp-image-7756 aligncenter\" src=\"https:\/\/cpcs.ufms.br\/files\/2022\/03\/Estrutura_cpcs.png\" alt=\"\" width=\"913\" height=\"883\" srcset=\"https:\/\/cpcs.ufms.br\/files\/2022\/03\/Estrutura_cpcs.png 2388w, https:\/\/cpcs.ufms.br\/files\/2022\/03\/Estrutura_cpcs-300x290.png 300w, https:\/\/cpcs.ufms.br\/files\/2022\/03\/Estrutura_cpcs-1024x991.png 1024w, https:\/\/cpcs.ufms.br\/files\/2022\/03\/Estrutura_cpcs-768x743.png 768w, https:\/\/cpcs.ufms.br\/files\/2022\/03\/Estrutura_cpcs-1536x1486.png 1536w, https:\/\/cpcs.ufms.br\/files\/2022\/03\/Estrutura_cpcs-2048x1982.png 2048w, https:\/\/cpcs.ufms.br\/files\/2022\/03\/Estrutura_cpcs-331x320.png 331w, https:\/\/cpcs.ufms.br\/files\/2022\/03\/Estrutura_cpcs-600x581.png 600w\" sizes=\"(max-width: 913px) 100vw, 913px\" \/><\/a><\/p>\n<p>&nbsp;<\/p>\n<p>&nbsp;<\/p>\n<p><strong>I. Portal<\/strong><\/p>\n<p><strong>ngg_shortcode_0_placeholder<\/strong><\/td>\n<\/tr>\n<tr align=\"left\" valign=\"top\">\n<td colspan=\"1\" rowspan=\"1\" valign=\"top\" bgcolor=\"#ffffff\"><strong>II. Jardim<\/strong><\/p>\nngg_shortcode_1_placeholder<\/td>\n<\/tr>\n<tr align=\"left\">\n<td valign=\"top\"><strong>III. Campo Experimental<\/strong><\/p>\nngg_shortcode_2_placeholder<\/td>\n<\/tr>\n<tr align=\"left\">\n<td valign=\"top\"><strong>IV. Estufas<\/strong><\/p>\nngg_shortcode_3_placeholder<\/td>\n<\/tr>\n<tr align=\"left\">\n<td valign=\"top\"><strong>V. P\u00e1tio de M\u00e1quinas<\/strong><\/p>\nngg_shortcode_4_placeholder<\/td>\n<\/tr>\n<tr align=\"left\">\n<td valign=\"top\">&nbsp;<\/td>\n<\/tr>\n<tr align=\"left\" valign=\"top\">\n<td style=\"text-align: center\" colspan=\"1\" rowspan=\"1\" valign=\"top\" bgcolor=\"#ffffff\" width=\"20%\"><strong style=\"line-height: 19px\"><strong style=\"line-height: 19px\"><b><br \/>\n<\/b><\/strong><\/strong><\/p>\n<h3>Ambientes Acad\u00eamicos<\/h3>\n<\/td>\n<\/tr>\n<tr align=\"left\" valign=\"top\">\n<td colspan=\"1\" rowspan=\"1\" valign=\"top\" bgcolor=\"#ffffff\"><strong>I. Salas de Aula<\/strong><\/p>\nngg_shortcode_5_placeholder<\/td>\n<\/tr>\n<tr align=\"left\">\n<td valign=\"top\"><strong>II. Biblioteca<\/strong><\/p>\nngg_shortcode_6_placeholder<\/td>\n<\/tr>\n<tr align=\"left\">\n<td valign=\"top\"><strong>III. Anfiteatro<\/strong><\/p>\nngg_shortcode_7_placeholder<\/td>\n<\/tr>\n<tr align=\"left\">\n<td valign=\"top\"><strong>IV. Microscopia<\/strong><\/p>\nngg_shortcode_8_placeholder<\/td>\n<\/tr>\n<tr align=\"left\">\n<td valign=\"top\"><strong>V. PET\/DCE<\/strong><\/p>\n<p>&nbsp;<\/td>\n<\/tr>\n<tr align=\"left\">\n<td valign=\"top\">&nbsp;<\/td>\n<\/tr>\n<tr align=\"left\" valign=\"top\">\n<td style=\"text-align: center\" colspan=\"1\" rowspan=\"1\" valign=\"top\" bgcolor=\"#ffffff\" width=\"20%\"><strong style=\"line-height: 19px\"><strong style=\"line-height: 19px\"><b><br \/>\n<\/b><\/strong><\/strong><\/p>\n<h3>Laborat\u00f3rios<\/h3>\n<p><strong style=\"line-height: 19px\">&nbsp;<\/strong><\/td>\n<\/tr>\n<tr align=\"left\">\n<td valign=\"top\"><strong style=\"line-height: 19px\">I.&nbsp;Laborat\u00f3rio de Inform\u00e1tica<\/strong><\/p>\n<p>&nbsp;<\/td>\n<\/tr>\n<tr align=\"left\">\n<td valign=\"top\"><strong>II.&nbsp;Laborat\u00f3rio de P\u00f3s-colheita de Produtos Agricolas e&nbsp;<\/strong><strong>Fitopatologia<\/strong><\/p>\n<p><strong>ngg_shortcode_9_placeholder<\/strong><\/td>\n<\/tr>\n<tr align=\"left\">\n<td valign=\"top\"><strong style=\"line-height: 19px\">III.&nbsp;Laborat\u00f3rio de Entomologia<\/strong><\/p>\n<p><strong style=\"line-height: 19px\">ngg_shortcode_10_placeholder<\/strong><\/td>\n<\/tr>\n<tr align=\"left\">\n<td valign=\"top\"><strong style=\"line-height: 19px\">IV.&nbsp;Laborat\u00f3rio de Biotecnologia<\/strong><\/p>\n<p><strong style=\"line-height: 19px\">ngg_shortcode_11_placeholder<\/strong><\/td>\n<\/tr>\n<tr align=\"left\">\n<td valign=\"top\"><strong style=\"line-height: 19px\">V.&nbsp;Laborat\u00f3rio de Preparo de Amostras<\/strong><\/p>\n<p><strong style=\"line-height: 19px\">ngg_shortcode_12_placeholder<\/strong><\/td>\n<\/tr>\n<tr align=\"left\">\n<td valign=\"top\"><strong style=\"line-height: 19px\">VI.&nbsp;Laborat\u00f3rio de F\u00edsica de Solos<\/strong><\/p>\nngg_shortcode_13_placeholder\n<p>&nbsp;<\/td>\n<\/tr>\n<tr align=\"left\">\n<td valign=\"top\"><strong style=\"line-height: 19px\">VII.&nbsp;Laborat\u00f3rio de An\u00e1lise do Solo<\/strong><\/p>\nngg_shortcode_14_placeholder\n<p>&nbsp;<\/td>\n<\/tr>\n<tr align=\"left\">\n<td valign=\"top\"><strong>VIII. Laborat\u00f3rio de&nbsp;Fertilidade do Solo<\/strong><\/p>\n<p><strong>ngg_shortcode_15_placeholder<\/strong><\/p>\n<p>&nbsp;<\/td>\n<\/tr>\n<tr align=\"left\">\n<td valign=\"top\"><strong style=\"line-height: 19px\">IX. Laborat\u00f3rio UPLC 2<\/strong><\/p>\n<p><strong style=\"line-height: 19px\">ngg_shortcode_16_placeholder<\/strong><\/p>\n<p>&nbsp;<\/td>\n<\/tr>\n<tr align=\"left\">\n<td valign=\"top\"><strong style=\"line-height: 19px\"><strong>X.&nbsp;Laborat\u00f3rio de Sementes<\/strong><\/strong><\/p>\n<p><strong>ngg_shortcode_17_placeholder<\/strong><\/p>\n<p>&nbsp;<\/td>\n<\/tr>\n<tr align=\"left\">\n<td valign=\"top\"><strong style=\"line-height: 19px\">XI.&nbsp;Laborat\u00f3rio de Engenharia Florestal<\/strong><\/p>\nngg_shortcode_18_placeholder\n<p>&nbsp;<\/td>\n<\/tr>\n<tr align=\"left\">\n<td valign=\"top\"><strong style=\"line-height: 19px\">XII. <strong>A\u00e9rea da Unidade<\/strong><\/strong><\/p>\nngg_shortcode_19_placeholder<\/td>\n<\/tr>\n<\/tbody>\n<\/table>\n<p><span style=\"color: #ffffff\">.<\/span><br \/>\n<strong>XIII. [v\u00eddeo] Imagem A\u00e9rea da Unidade<\/strong><\/p>\n<p><iframe title=\"Agronomia e Engenharia Florestal - UFMS\/CPCS\" width=\"500\" height=\"281\" src=\"https:\/\/www.youtube.com\/embed\/yb78PpjRMnc?feature=oembed\" frameborder=\"0\" allow=\"accelerometer; autoplay; clipboard-write; encrypted-media; gyroscope; picture-in-picture; web-share\" referrerpolicy=\"strict-origin-when-cross-origin\" allowfullscreen><\/iframe><\/p>\n<div id=\"gtx-trans\">\n<div class=\"gtx-trans-icon\">&nbsp;<\/div>\n<\/div>\n<div class=\"ddict_btn\"><img decoding=\"async\" src=\"\/\/bpggmmljdiliancllaapiggllnkbjocb\/icon\/16.png\"><\/div>\n","protected":false},"excerpt":{"rendered":"<p>&nbsp; &nbsp; &nbsp; &nbsp; I. Portal II. Jardim III. Campo Experimental IV. Estufas V. P\u00e1tio de M\u00e1quinas &nbsp; Ambientes Acad\u00eamicos I. Salas de Aula II. Biblioteca III. Anfiteatro IV. Microscopia V. PET\/DCE &nbsp; &nbsp; Laborat\u00f3rios &nbsp; I.&nbsp;Laborat\u00f3rio de Inform\u00e1tica &nbsp; II.&nbsp;Laborat\u00f3rio de P\u00f3s-colheita de Produtos Agricolas e&nbsp;Fitopatologia III.&nbsp;Laborat\u00f3rio de Entomologia IV.&nbsp;Laborat\u00f3rio de Biotecnologia V.&nbsp;Laborat\u00f3rio de [&hellip;]<\/p>\n","protected":false},"author":148,"featured_media":5439,"parent":0,"menu_order":0,"comment_status":"closed","ping_status":"open","template":"","meta":{"ngg_post_thumbnail":0,"footnotes":""},"coauthors":[25],"class_list":["post-1662","page","type-page","status-publish","has-post-thumbnail","hentry"],"yoast_head":"<!-- This site is optimized with the Yoast SEO plugin v26.2 - https:\/\/yoast.com\/wordpress\/plugins\/seo\/ -->\n<title>ESTRUTURA - Campus de Chapad\u00e3o do Sul<\/title>\n<meta name=\"robots\" content=\"index, follow, max-snippet:-1, max-image-preview:large, max-video-preview:-1\" \/>\n<link rel=\"canonical\" href=\"https:\/\/cpcs.ufms.br\/a-estrutura\/\" \/>\n<meta property=\"og:locale\" content=\"en_US\" \/>\n<meta property=\"og:type\" content=\"article\" \/>\n<meta property=\"og:title\" content=\"ESTRUTURA - Campus de Chapad\u00e3o do Sul\" \/>\n<meta property=\"og:description\" content=\"&nbsp; &nbsp; &nbsp; &nbsp; I. Portal II. Jardim III. Campo Experimental IV. Estufas V. P\u00e1tio de M\u00e1quinas &nbsp; Ambientes Acad\u00eamicos I. Salas de Aula II. Biblioteca III. Anfiteatro IV. Microscopia V. PET\/DCE &nbsp; &nbsp; Laborat\u00f3rios &nbsp; I.&nbsp;Laborat\u00f3rio de Inform\u00e1tica &nbsp; II.&nbsp;Laborat\u00f3rio de P\u00f3s-colheita de Produtos Agricolas e&nbsp;Fitopatologia III.&nbsp;Laborat\u00f3rio de Entomologia IV.&nbsp;Laborat\u00f3rio de Biotecnologia V.&nbsp;Laborat\u00f3rio de [&hellip;]\" \/>\n<meta property=\"og:url\" content=\"https:\/\/cpcs.ufms.br\/a-estrutura\/\" \/>\n<meta property=\"og:site_name\" content=\"Campus de Chapad\u00e3o do Sul\" \/>\n<meta property=\"article:modified_time\" content=\"2022-03-21T17:32:33+00:00\" \/>\n<meta property=\"og:image\" content=\"https:\/\/cpcs.ufms.br\/files\/2015\/03\/WhatsApp-Image-2019-10-01-at-08.06.46.jpeg\" \/>\n\t<meta property=\"og:image:width\" content=\"716\" \/>\n\t<meta property=\"og:image:height\" content=\"1024\" \/>\n\t<meta property=\"og:image:type\" content=\"image\/jpeg\" \/>\n<meta name=\"twitter:label1\" content=\"Est. reading time\" \/>\n\t<meta name=\"twitter:data1\" content=\"2 minutes\" \/>\n<script type=\"application\/ld+json\" class=\"yoast-schema-graph\">{\"@context\":\"https:\/\/schema.org\",\"@graph\":[{\"@type\":\"WebPage\",\"@id\":\"https:\/\/cpcs.ufms.br\/a-estrutura\/\",\"url\":\"https:\/\/cpcs.ufms.br\/a-estrutura\/\",\"name\":\"ESTRUTURA - Campus de Chapad\u00e3o do Sul\",\"isPartOf\":{\"@id\":\"https:\/\/cpcs.ufms.br\/#website\"},\"primaryImageOfPage\":{\"@id\":\"https:\/\/cpcs.ufms.br\/a-estrutura\/#primaryimage\"},\"image\":{\"@id\":\"https:\/\/cpcs.ufms.br\/a-estrutura\/#primaryimage\"},\"thumbnailUrl\":\"https:\/\/cpcs.ufms.br\/files\/2015\/03\/WhatsApp-Image-2019-10-01-at-08.06.46.jpeg\",\"datePublished\":\"2013-10-22T12:53:21+00:00\",\"dateModified\":\"2022-03-21T17:32:33+00:00\",\"breadcrumb\":{\"@id\":\"https:\/\/cpcs.ufms.br\/a-estrutura\/#breadcrumb\"},\"inLanguage\":\"en-US\",\"potentialAction\":[{\"@type\":\"ReadAction\",\"target\":[\"https:\/\/cpcs.ufms.br\/a-estrutura\/\"]}]},{\"@type\":\"ImageObject\",\"inLanguage\":\"en-US\",\"@id\":\"https:\/\/cpcs.ufms.br\/a-estrutura\/#primaryimage\",\"url\":\"https:\/\/cpcs.ufms.br\/files\/2015\/03\/WhatsApp-Image-2019-10-01-at-08.06.46.jpeg\",\"contentUrl\":\"https:\/\/cpcs.ufms.br\/files\/2015\/03\/WhatsApp-Image-2019-10-01-at-08.06.46.jpeg\",\"width\":716,\"height\":1024},{\"@type\":\"BreadcrumbList\",\"@id\":\"https:\/\/cpcs.ufms.br\/a-estrutura\/#breadcrumb\",\"itemListElement\":[{\"@type\":\"ListItem\",\"position\":1,\"name\":\"In\u00edcio\",\"item\":\"https:\/\/cpcs.ufms.br\/\"},{\"@type\":\"ListItem\",\"position\":2,\"name\":\"ESTRUTURA\"}]},{\"@type\":\"WebSite\",\"@id\":\"https:\/\/cpcs.ufms.br\/#website\",\"url\":\"https:\/\/cpcs.ufms.br\/\",\"name\":\"Campus de Chapad\u00e3o do Sul\",\"description\":\"Universidade Federal de Mato Grosso do Sul\",\"potentialAction\":[{\"@type\":\"SearchAction\",\"target\":{\"@type\":\"EntryPoint\",\"urlTemplate\":\"https:\/\/cpcs.ufms.br\/?s={search_term_string}\"},\"query-input\":{\"@type\":\"PropertyValueSpecification\",\"valueRequired\":true,\"valueName\":\"search_term_string\"}}],\"inLanguage\":\"en-US\"}]}<\/script>\n<!-- \/ Yoast SEO plugin. -->","yoast_head_json":{"title":"ESTRUTURA - Campus de Chapad\u00e3o do Sul","robots":{"index":"index","follow":"follow","max-snippet":"max-snippet:-1","max-image-preview":"max-image-preview:large","max-video-preview":"max-video-preview:-1"},"canonical":"https:\/\/cpcs.ufms.br\/a-estrutura\/","og_locale":"en_US","og_type":"article","og_title":"ESTRUTURA - Campus de Chapad\u00e3o do Sul","og_description":"&nbsp; &nbsp; &nbsp; &nbsp; I. Portal II. Jardim III. Campo Experimental IV. Estufas V. P\u00e1tio de M\u00e1quinas &nbsp; Ambientes Acad\u00eamicos I. Salas de Aula II. Biblioteca III. Anfiteatro IV. Microscopia V. PET\/DCE &nbsp; &nbsp; Laborat\u00f3rios &nbsp; I.&nbsp;Laborat\u00f3rio de Inform\u00e1tica &nbsp; II.&nbsp;Laborat\u00f3rio de P\u00f3s-colheita de Produtos Agricolas e&nbsp;Fitopatologia III.&nbsp;Laborat\u00f3rio de Entomologia IV.&nbsp;Laborat\u00f3rio de Biotecnologia V.&nbsp;Laborat\u00f3rio de [&hellip;]","og_url":"https:\/\/cpcs.ufms.br\/a-estrutura\/","og_site_name":"Campus de Chapad\u00e3o do Sul","article_modified_time":"2022-03-21T17:32:33+00:00","og_image":[{"width":716,"height":1024,"url":"https:\/\/cpcs.ufms.br\/files\/2015\/03\/WhatsApp-Image-2019-10-01-at-08.06.46.jpeg","type":"image\/jpeg"}],"twitter_misc":{"Est. reading time":"2 minutes"},"schema":{"@context":"https:\/\/schema.org","@graph":[{"@type":"WebPage","@id":"https:\/\/cpcs.ufms.br\/a-estrutura\/","url":"https:\/\/cpcs.ufms.br\/a-estrutura\/","name":"ESTRUTURA - Campus de Chapad\u00e3o do Sul","isPartOf":{"@id":"https:\/\/cpcs.ufms.br\/#website"},"primaryImageOfPage":{"@id":"https:\/\/cpcs.ufms.br\/a-estrutura\/#primaryimage"},"image":{"@id":"https:\/\/cpcs.ufms.br\/a-estrutura\/#primaryimage"},"thumbnailUrl":"https:\/\/cpcs.ufms.br\/files\/2015\/03\/WhatsApp-Image-2019-10-01-at-08.06.46.jpeg","datePublished":"2013-10-22T12:53:21+00:00","dateModified":"2022-03-21T17:32:33+00:00","breadcrumb":{"@id":"https:\/\/cpcs.ufms.br\/a-estrutura\/#breadcrumb"},"inLanguage":"en-US","potentialAction":[{"@type":"ReadAction","target":["https:\/\/cpcs.ufms.br\/a-estrutura\/"]}]},{"@type":"ImageObject","inLanguage":"en-US","@id":"https:\/\/cpcs.ufms.br\/a-estrutura\/#primaryimage","url":"https:\/\/cpcs.ufms.br\/files\/2015\/03\/WhatsApp-Image-2019-10-01-at-08.06.46.jpeg","contentUrl":"https:\/\/cpcs.ufms.br\/files\/2015\/03\/WhatsApp-Image-2019-10-01-at-08.06.46.jpeg","width":716,"height":1024},{"@type":"BreadcrumbList","@id":"https:\/\/cpcs.ufms.br\/a-estrutura\/#breadcrumb","itemListElement":[{"@type":"ListItem","position":1,"name":"In\u00edcio","item":"https:\/\/cpcs.ufms.br\/"},{"@type":"ListItem","position":2,"name":"ESTRUTURA"}]},{"@type":"WebSite","@id":"https:\/\/cpcs.ufms.br\/#website","url":"https:\/\/cpcs.ufms.br\/","name":"Campus de Chapad\u00e3o do Sul","description":"Universidade Federal de Mato Grosso do Sul","potentialAction":[{"@type":"SearchAction","target":{"@type":"EntryPoint","urlTemplate":"https:\/\/cpcs.ufms.br\/?s={search_term_string}"},"query-input":{"@type":"PropertyValueSpecification","valueRequired":true,"valueName":"search_term_string"}}],"inLanguage":"en-US"}]}},"_links":{"self":[{"href":"https:\/\/cpcs.ufms.br\/en\/wp-json\/wp\/v2\/pages\/1662","targetHints":{"allow":["GET"]}}],"collection":[{"href":"https:\/\/cpcs.ufms.br\/en\/wp-json\/wp\/v2\/pages"}],"about":[{"href":"https:\/\/cpcs.ufms.br\/en\/wp-json\/wp\/v2\/types\/page"}],"author":[{"embeddable":true,"href":"https:\/\/cpcs.ufms.br\/en\/wp-json\/wp\/v2\/users\/148"}],"replies":[{"embeddable":true,"href":"https:\/\/cpcs.ufms.br\/en\/wp-json\/wp\/v2\/comments?post=1662"}],"version-history":[{"count":27,"href":"https:\/\/cpcs.ufms.br\/en\/wp-json\/wp\/v2\/pages\/1662\/revisions"}],"predecessor-version":[{"id":7758,"href":"https:\/\/cpcs.ufms.br\/en\/wp-json\/wp\/v2\/pages\/1662\/revisions\/7758"}],"wp:featuredmedia":[{"embeddable":true,"href":"https:\/\/cpcs.ufms.br\/en\/wp-json\/wp\/v2\/media\/5439"}],"wp:attachment":[{"href":"https:\/\/cpcs.ufms.br\/en\/wp-json\/wp\/v2\/media?parent=1662"}],"wp:term":[{"taxonomy":"author","embeddable":true,"href":"https:\/\/cpcs.ufms.br\/en\/wp-json\/wp\/v2\/coauthors?post=1662"}],"curies":[{"name":"wp","href":"https:\/\/api.w.org\/{rel}","templated":true}]}}