{"id":1281,"date":"2013-07-02T16:14:09","date_gmt":"2013-07-02T20:14:09","guid":{"rendered":"http:\/\/cpcs.draconis.ufms.br\/?page_id=1281"},"modified":"2025-08-18T15:09:52","modified_gmt":"2025-08-18T19:09:52","slug":"diretor","status":"publish","type":"page","link":"https:\/\/cpcs.ufms.br\/en\/diretor\/","title":{"rendered":"DIRETOR"},"content":{"rendered":"<table style=\"width: 100.801%;height: 1977px\" border=\"1\" width=\"700\" cellspacing=\"0\" cellpadding=\"0\" align=\"center\">\n<tbody>\n<tr style=\"height: 1015px\">\n<td style=\"height: 1015px;width: 100%\">&nbsp;<\/p>\n<div id=\"attachment_11114\" style=\"width: 216px\" class=\"wp-caption aligncenter\"><a href=\"https:\/\/cpcs.ufms.br\/files\/2025\/03\/Wallace.png\"><img fetchpriority=\"high\" decoding=\"async\" aria-describedby=\"caption-attachment-11114\" class=\"wp-image-11114 size-full\" src=\"https:\/\/cpcs.ufms.br\/files\/2025\/03\/Wallace.png\" alt=\"\" width=\"206\" height=\"279\"><\/a><p id=\"caption-attachment-11114\" class=\"wp-caption-text\">Diretor: Wallace da Silva de Almeida<\/p><\/div>\n<hr>\n<p style=\"text-align: center\">&nbsp;<\/p>\n<table class=\" aligncenter\" style=\"width: 97.274%;height: 144px\" border=\"0\" width=\"100%\" cellpadding=\"0\">\n<tbody>\n<tr style=\"height: 24px\">\n<td style=\"height: 24px\" width=\"17%\"><strong>Doutorado<\/strong><\/td>\n<td style=\"height: 24px\" width=\"80%\">Doutorado em Economia,<span class=\"ajaxCAPES\" data-param=\"&amp;codigoCurso=32006012009P0&amp;nivelCurso=D\">&nbsp;<\/span>UFU \u2013 2019.<\/td>\n<\/tr>\n<tr style=\"height: 24px\">\n<td style=\"height: 24px\" width=\"17%\"><strong>Mestrado<\/strong><\/td>\n<td style=\"height: 24px\" width=\"80%\">Engenharia de Produ\u00e7\u00e3o, UFRN \u2013 2017.<\/td>\n<\/tr>\n<tr style=\"height: 48px\">\n<td style=\"height: 48px\" width=\"17%\"><strong>Mestrado<\/strong><\/td>\n<td style=\"height: 48px\" width=\"80%\">Economia pela Universidade Federal de Pernambuco , UFPE \u2013 2015.<\/td>\n<\/tr>\n<tr style=\"height: 24px\">\n<td style=\"height: 24px\" width=\"17%\"><strong>Gradua\u00e7\u00e3o<\/strong><\/td>\n<td style=\"height: 24px\" width=\"80%\">Gradua\u00e7\u00e3o em Ci\u00eancias Cont\u00e1beis, UNICSUL \u2013 2020.<\/td>\n<\/tr>\n<tr style=\"height: 24px\">\n<td style=\"height: 24px\" width=\"17%\"><strong>Gradua\u00e7\u00e3o<\/strong><\/td>\n<td style=\"height: 24px\" width=\"80%\">Gradua\u00e7\u00e3o em Ci\u00eancias Econ\u00f4micas, UFRN \u2013 2012.<\/td>\n<\/tr>\n<\/tbody>\n<\/table>\n<p>&nbsp;<\/p>\n<p><strong>&nbsp;\u00c1reas e Linhas de Pesquisa:<\/strong><\/p>\n<ul>\n<li>M\u00e9todos Quantitativos<\/li>\n<li>Desenvolvimento Econ\u00f4mico e Social<\/li>\n<li>Pol\u00edticas P\u00fablicas<\/li>\n<li>Produtividade e efici\u00eancia<\/li>\n<\/ul>\n<p>&nbsp;<\/p>\n<p><strong>&nbsp;E-mail:<\/strong>&nbsp;<a href=\"mailto:wallace_almeida@ufms.br\" target=\"_blank\" rel=\"noreferrer noopener\" data-auth=\"NotApplicable\" data-linkindex=\"5\">wallace_almeida@ufms.br<\/a><\/p>\n<p>&nbsp;<\/p>\n<p>&nbsp;<\/p>\n<p style=\"text-align: center\"><a href=\"http:\/\/lattes.cnpq.br\/0314882278646018\" target=\"_blank\" rel=\"noopener noreferrer\">(Curr\u00edculo \u2013 Plataforma Lattes)<\/a><\/p>\n<\/td>\n<\/tr>\n<tr style=\"height: 962px\">\n<td style=\"text-align: center;height: 962px;width: 100%\">\n<hr>\n<h1 style=\"text-align: center\"><span style=\"color: #000000\">Gest\u00f5es Anteriores<\/span><\/h1>\n<p>&nbsp;<\/p>\n<h3 style=\"text-align: center\">Gest\u00e3o 2018 a 2025.1<\/h3>\n<p>&nbsp;<\/p>\n<div id=\"attachment_823\" style=\"width: 121px\" class=\"wp-caption aligncenter\"><a href=\"https:\/\/cpcs.ufms.br\/files\/2013\/03\/web_prof_kleber.jpg\"><img decoding=\"async\" aria-describedby=\"caption-attachment-823\" class=\"wp-image-823 size-full\" src=\"https:\/\/cpcs.ufms.br\/files\/2013\/03\/web_prof_kleber.jpg\" alt=\"\" width=\"111\" height=\"150\"><\/a><p id=\"caption-attachment-823\" class=\"wp-caption-text\">Kleber Augusto<\/p><\/div>\n<h3 style=\"text-align: center\">Gest\u00e3o 2014 a 2017<\/h3>\n<div style=\"text-align: center\">\n<div id=\"attachment_1852\" style=\"width: 160px\" class=\"wp-caption aligncenter\"><a href=\"https:\/\/cpcs.ufms.br\/files\/2013\/07\/fabiobaio.jpg\"><img decoding=\"async\" aria-describedby=\"caption-attachment-1852\" class=\"wp-image-1852 size-thumbnail\" src=\"https:\/\/cpcs.ufms.br\/files\/2013\/07\/fabiobaio-150x150.jpg\" alt=\"\" width=\"150\" height=\"150\" srcset=\"https:\/\/cpcs.ufms.br\/files\/2013\/07\/fabiobaio-150x150.jpg 150w, https:\/\/cpcs.ufms.br\/files\/2013\/07\/fabiobaio-60x60.jpg 60w\" sizes=\"(max-width: 150px) 100vw, 150px\" \/><\/a><p id=\"caption-attachment-1852\" class=\"wp-caption-text\">F\u00e1bio Henrique Rojo baio<\/p><\/div>\n<dl id=\"attachment_86\">\n<dt><\/dt>\n<dt><\/dt>\n<dt><\/dt>\n<\/dl>\n<\/div>\n<h3 style=\"text-align: center\">Gest\u00e3o 2010 a 2013<\/h3>\n<div style=\"text-align: center\">\n<dl id=\"attachment_86\">\n<dt>\n<div style=\"width: 150px\" class=\"wp-caption aligncenter\"><a href=\"http:\/\/cpcs.draconis.ufms.br\/files\/2012\/09\/web_gustavo.gif\"><img loading=\"lazy\" decoding=\"async\" src=\"http:\/\/cpcs.draconis.ufms.br\/files\/2012\/09\/web_gustavo.gif\" alt=\"\" width=\"140\" height=\"171\"><\/a><p class=\"wp-caption-text\">Gustavo de Faria Theodoro<\/p><\/div><\/dt>\n<dt>&nbsp;<\/dt>\n<\/dl>\n<\/div>\n<h3 style=\"text-align: center\">Gest\u00e3o 2006 a 2009<\/h3>\n<div style=\"width: 150px\" class=\"wp-caption aligncenter\"><a href=\"http:\/\/cpcs.draconis.ufms.br\/files\/2012\/09\/web_gustavo.gif\"><img loading=\"lazy\" decoding=\"async\" src=\"http:\/\/cpcs.draconis.ufms.br\/files\/2012\/09\/web_gustavo.gif\" alt=\"\" width=\"140\" height=\"171\"><\/a><p class=\"wp-caption-text\">Gustavo de Faria Theodoro<\/p><\/div><\/td>\n<\/tr>\n<\/tbody>\n<\/table>\n<p>&nbsp;<\/p>\n","protected":false},"excerpt":{"rendered":"<p>&nbsp; &nbsp; Doutorado Doutorado em Economia,&nbsp;UFU \u2013 2019. Mestrado Engenharia de Produ\u00e7\u00e3o, UFRN \u2013 2017. Mestrado Economia pela Universidade Federal de Pernambuco , UFPE \u2013 2015. Gradua\u00e7\u00e3o Gradua\u00e7\u00e3o em Ci\u00eancias Cont\u00e1beis, UNICSUL \u2013 2020. Gradua\u00e7\u00e3o Gradua\u00e7\u00e3o em Ci\u00eancias Econ\u00f4micas, UFRN \u2013 2012. &nbsp; &nbsp;\u00c1reas e Linhas de Pesquisa: M\u00e9todos Quantitativos Desenvolvimento Econ\u00f4mico e Social Pol\u00edticas [&hellip;]<\/p>\n","protected":false},"author":148,"featured_media":0,"parent":0,"menu_order":0,"comment_status":"closed","ping_status":"open","template":"","meta":{"ngg_post_thumbnail":0,"footnotes":""},"coauthors":[],"class_list":["post-1281","page","type-page","status-publish","hentry"],"yoast_head":"<!-- This site is optimized with the Yoast SEO plugin v26.2 - https:\/\/yoast.com\/wordpress\/plugins\/seo\/ -->\n<title>DIRETOR - Campus de Chapad\u00e3o do Sul<\/title>\n<meta name=\"robots\" content=\"index, follow, max-snippet:-1, max-image-preview:large, max-video-preview:-1\" \/>\n<link rel=\"canonical\" href=\"https:\/\/cpcs.ufms.br\/diretor\/\" \/>\n<meta property=\"og:locale\" content=\"en_US\" \/>\n<meta property=\"og:type\" content=\"article\" \/>\n<meta property=\"og:title\" content=\"DIRETOR - Campus de Chapad\u00e3o do Sul\" \/>\n<meta property=\"og:description\" content=\"&nbsp; &nbsp; Doutorado Doutorado em Economia,&nbsp;UFU \u2013 2019. Mestrado Engenharia de Produ\u00e7\u00e3o, UFRN \u2013 2017. Mestrado Economia pela Universidade Federal de Pernambuco , UFPE \u2013 2015. Gradua\u00e7\u00e3o Gradua\u00e7\u00e3o em Ci\u00eancias Cont\u00e1beis, UNICSUL \u2013 2020. Gradua\u00e7\u00e3o Gradua\u00e7\u00e3o em Ci\u00eancias Econ\u00f4micas, UFRN \u2013 2012. &nbsp; &nbsp;\u00c1reas e Linhas de Pesquisa: M\u00e9todos Quantitativos Desenvolvimento Econ\u00f4mico e Social Pol\u00edticas [&hellip;]\" \/>\n<meta property=\"og:url\" content=\"https:\/\/cpcs.ufms.br\/diretor\/\" \/>\n<meta property=\"og:site_name\" content=\"Campus de Chapad\u00e3o do Sul\" \/>\n<meta property=\"article:modified_time\" content=\"2025-08-18T19:09:52+00:00\" \/>\n<meta property=\"og:image\" content=\"https:\/\/cpcs.ufms.br\/files\/2013\/03\/web_prof_kleber.jpg\" \/>\n<meta name=\"twitter:label1\" content=\"Est. reading time\" \/>\n\t<meta name=\"twitter:data1\" content=\"2 minutes\" \/>\n<script type=\"application\/ld+json\" class=\"yoast-schema-graph\">{\"@context\":\"https:\/\/schema.org\",\"@graph\":[{\"@type\":\"WebPage\",\"@id\":\"https:\/\/cpcs.ufms.br\/diretor\/\",\"url\":\"https:\/\/cpcs.ufms.br\/diretor\/\",\"name\":\"DIRETOR - Campus de Chapad\u00e3o do Sul\",\"isPartOf\":{\"@id\":\"https:\/\/cpcs.ufms.br\/#website\"},\"primaryImageOfPage\":{\"@id\":\"https:\/\/cpcs.ufms.br\/diretor\/#primaryimage\"},\"image\":{\"@id\":\"https:\/\/cpcs.ufms.br\/diretor\/#primaryimage\"},\"thumbnailUrl\":\"https:\/\/cpcs.ufms.br\/files\/2025\/03\/Wallace.png\",\"datePublished\":\"2013-07-02T20:14:09+00:00\",\"dateModified\":\"2025-08-18T19:09:52+00:00\",\"breadcrumb\":{\"@id\":\"https:\/\/cpcs.ufms.br\/diretor\/#breadcrumb\"},\"inLanguage\":\"en-US\",\"potentialAction\":[{\"@type\":\"ReadAction\",\"target\":[\"https:\/\/cpcs.ufms.br\/diretor\/\"]}]},{\"@type\":\"ImageObject\",\"inLanguage\":\"en-US\",\"@id\":\"https:\/\/cpcs.ufms.br\/diretor\/#primaryimage\",\"url\":\"https:\/\/cpcs.ufms.br\/files\/2025\/03\/Wallace.png\",\"contentUrl\":\"https:\/\/cpcs.ufms.br\/files\/2025\/03\/Wallace.png\"},{\"@type\":\"BreadcrumbList\",\"@id\":\"https:\/\/cpcs.ufms.br\/diretor\/#breadcrumb\",\"itemListElement\":[{\"@type\":\"ListItem\",\"position\":1,\"name\":\"In\u00edcio\",\"item\":\"https:\/\/cpcs.ufms.br\/\"},{\"@type\":\"ListItem\",\"position\":2,\"name\":\"DIRETOR\"}]},{\"@type\":\"WebSite\",\"@id\":\"https:\/\/cpcs.ufms.br\/#website\",\"url\":\"https:\/\/cpcs.ufms.br\/\",\"name\":\"Campus de Chapad\u00e3o do Sul\",\"description\":\"Universidade Federal de Mato Grosso do Sul\",\"potentialAction\":[{\"@type\":\"SearchAction\",\"target\":{\"@type\":\"EntryPoint\",\"urlTemplate\":\"https:\/\/cpcs.ufms.br\/?s={search_term_string}\"},\"query-input\":{\"@type\":\"PropertyValueSpecification\",\"valueRequired\":true,\"valueName\":\"search_term_string\"}}],\"inLanguage\":\"en-US\"}]}<\/script>\n<!-- \/ Yoast SEO plugin. -->","yoast_head_json":{"title":"DIRETOR - Campus de Chapad\u00e3o do Sul","robots":{"index":"index","follow":"follow","max-snippet":"max-snippet:-1","max-image-preview":"max-image-preview:large","max-video-preview":"max-video-preview:-1"},"canonical":"https:\/\/cpcs.ufms.br\/diretor\/","og_locale":"en_US","og_type":"article","og_title":"DIRETOR - Campus de Chapad\u00e3o do Sul","og_description":"&nbsp; &nbsp; Doutorado Doutorado em Economia,&nbsp;UFU \u2013 2019. Mestrado Engenharia de Produ\u00e7\u00e3o, UFRN \u2013 2017. Mestrado Economia pela Universidade Federal de Pernambuco , UFPE \u2013 2015. Gradua\u00e7\u00e3o Gradua\u00e7\u00e3o em Ci\u00eancias Cont\u00e1beis, UNICSUL \u2013 2020. Gradua\u00e7\u00e3o Gradua\u00e7\u00e3o em Ci\u00eancias Econ\u00f4micas, UFRN \u2013 2012. &nbsp; &nbsp;\u00c1reas e Linhas de Pesquisa: M\u00e9todos Quantitativos Desenvolvimento Econ\u00f4mico e Social Pol\u00edticas [&hellip;]","og_url":"https:\/\/cpcs.ufms.br\/diretor\/","og_site_name":"Campus de Chapad\u00e3o do Sul","article_modified_time":"2025-08-18T19:09:52+00:00","og_image":[{"url":"https:\/\/cpcs.ufms.br\/files\/2013\/03\/web_prof_kleber.jpg","type":"","width":"","height":""}],"twitter_misc":{"Est. reading time":"2 minutes"},"schema":{"@context":"https:\/\/schema.org","@graph":[{"@type":"WebPage","@id":"https:\/\/cpcs.ufms.br\/diretor\/","url":"https:\/\/cpcs.ufms.br\/diretor\/","name":"DIRETOR - Campus de Chapad\u00e3o do Sul","isPartOf":{"@id":"https:\/\/cpcs.ufms.br\/#website"},"primaryImageOfPage":{"@id":"https:\/\/cpcs.ufms.br\/diretor\/#primaryimage"},"image":{"@id":"https:\/\/cpcs.ufms.br\/diretor\/#primaryimage"},"thumbnailUrl":"https:\/\/cpcs.ufms.br\/files\/2025\/03\/Wallace.png","datePublished":"2013-07-02T20:14:09+00:00","dateModified":"2025-08-18T19:09:52+00:00","breadcrumb":{"@id":"https:\/\/cpcs.ufms.br\/diretor\/#breadcrumb"},"inLanguage":"en-US","potentialAction":[{"@type":"ReadAction","target":["https:\/\/cpcs.ufms.br\/diretor\/"]}]},{"@type":"ImageObject","inLanguage":"en-US","@id":"https:\/\/cpcs.ufms.br\/diretor\/#primaryimage","url":"https:\/\/cpcs.ufms.br\/files\/2025\/03\/Wallace.png","contentUrl":"https:\/\/cpcs.ufms.br\/files\/2025\/03\/Wallace.png"},{"@type":"BreadcrumbList","@id":"https:\/\/cpcs.ufms.br\/diretor\/#breadcrumb","itemListElement":[{"@type":"ListItem","position":1,"name":"In\u00edcio","item":"https:\/\/cpcs.ufms.br\/"},{"@type":"ListItem","position":2,"name":"DIRETOR"}]},{"@type":"WebSite","@id":"https:\/\/cpcs.ufms.br\/#website","url":"https:\/\/cpcs.ufms.br\/","name":"Campus de Chapad\u00e3o do Sul","description":"Universidade Federal de Mato Grosso do Sul","potentialAction":[{"@type":"SearchAction","target":{"@type":"EntryPoint","urlTemplate":"https:\/\/cpcs.ufms.br\/?s={search_term_string}"},"query-input":{"@type":"PropertyValueSpecification","valueRequired":true,"valueName":"search_term_string"}}],"inLanguage":"en-US"}]}},"_links":{"self":[{"href":"https:\/\/cpcs.ufms.br\/en\/wp-json\/wp\/v2\/pages\/1281","targetHints":{"allow":["GET"]}}],"collection":[{"href":"https:\/\/cpcs.ufms.br\/en\/wp-json\/wp\/v2\/pages"}],"about":[{"href":"https:\/\/cpcs.ufms.br\/en\/wp-json\/wp\/v2\/types\/page"}],"author":[{"embeddable":true,"href":"https:\/\/cpcs.ufms.br\/en\/wp-json\/wp\/v2\/users\/148"}],"replies":[{"embeddable":true,"href":"https:\/\/cpcs.ufms.br\/en\/wp-json\/wp\/v2\/comments?post=1281"}],"version-history":[{"count":13,"href":"https:\/\/cpcs.ufms.br\/en\/wp-json\/wp\/v2\/pages\/1281\/revisions"}],"predecessor-version":[{"id":11409,"href":"https:\/\/cpcs.ufms.br\/en\/wp-json\/wp\/v2\/pages\/1281\/revisions\/11409"}],"wp:attachment":[{"href":"https:\/\/cpcs.ufms.br\/en\/wp-json\/wp\/v2\/media?parent=1281"}],"wp:term":[{"taxonomy":"author","embeddable":true,"href":"https:\/\/cpcs.ufms.br\/en\/wp-json\/wp\/v2\/coauthors?post=1281"}],"curies":[{"name":"wp","href":"https:\/\/api.w.org\/{rel}","templated":true}]}}