{"id":11807,"date":"2026-01-15T09:27:44","date_gmt":"2026-01-15T13:27:44","guid":{"rendered":"https:\/\/cpcs.ufms.br\/?page_id=11807"},"modified":"2026-01-15T10:24:42","modified_gmt":"2026-01-15T14:24:42","slug":"coordenadores","status":"publish","type":"page","link":"https:\/\/cpcs.ufms.br\/en\/coordenadores\/","title":{"rendered":"Coordenadores"},"content":{"rendered":"\t\t<div data-elementor-type=\"wp-page\" data-elementor-id=\"11807\" class=\"elementor elementor-11807\">\n\t\t\t\t\t\t<section class=\"elementor-section elementor-top-section elementor-element elementor-element-51eb9e9 elementor-section-boxed elementor-section-height-default elementor-section-height-default\" data-id=\"51eb9e9\" data-element_type=\"section\">\n\t\t\t\t\t\t<div class=\"elementor-container elementor-column-gap-default\">\n\t\t\t\t\t<div class=\"elementor-column elementor-col-100 elementor-top-column elementor-element elementor-element-3f6f8d9\" data-id=\"3f6f8d9\" data-element_type=\"column\">\n\t\t\t<div class=\"elementor-widget-wrap elementor-element-populated\">\n\t\t\t\t\t\t<div class=\"elementor-element elementor-element-61ae0e5 elementor-widget elementor-widget-html\" data-id=\"61ae0e5\" data-element_type=\"widget\" data-widget_type=\"html.default\">\n\t\t\t\t<div class=\"elementor-widget-container\">\n\t\t\t\t\t<h2 style=\"font-size: 18px;font-weight: 600;color: #22573c;margin-bottom: 20px\">Gradua\u00e7\u00e3o<\/h2>\r\n\r\n<table style=\"width: 100%;border-collapse: collapse;background: white;border-radius: 8px;overflow: hidden\">\r\n  <thead>\r\n    <tr style=\"background: linear-gradient(135deg, #22573c 0%, #317d57 100%);color: white\">\r\n      <th style=\"padding: 16px;text-align: left;font-weight: 600;font-size: 14px\">Titular<\/th>\r\n      <th style=\"padding: 16px;text-align: left;font-weight: 600;font-size: 14px\">Substituto Imediato<\/th>\r\n      <th style=\"padding: 16px;text-align: left;font-weight: 600;font-size: 14px\">Lota\u00e7\u00e3o\/Fun\u00e7\u00e3o<\/th>\r\n      <th style=\"padding: 16px;text-align: left;font-weight: 600;font-size: 14px\">E-mail<\/th>\r\n      <th style=\"padding: 16px;text-align: left;font-weight: 600;font-size: 14px\">Telefone<\/th>\r\n    <\/tr>\r\n  <\/thead>\r\n  <tbody>\r\n    <tr style=\"border-bottom: 1px solid #e2e8f0\">\r\n      <td style=\"padding: 14px 16px;color: #2d3748\"><strong>Glauce Tais de Oliveira Sousa Azevedo<\/strong><\/td>\r\n      <td style=\"padding: 14px 16px;color: #2d3748\">Deborah Nava Soratto<\/td>\r\n      <td style=\"padding: 14px 16px\"><span style=\"background: #d1fae5;color: #065f46;padding: 6px 12px;border-radius: 4px;font-size: 12px;font-weight: 500;border-left: 4px solid #10b981\">Coordena\u00e7\u00e3o do curso de Engenharia Florestal<\/span><\/td>\r\n      <td style=\"padding: 14px 16px;color: #2d3748\"><a href=\"mailto:engfl.cpcs@ufms.br\" style=\"color: #1a3a52;text-decoration: none\">engfl.cpcs@ufms.br<\/a><\/td>\r\n      <td style=\"padding: 14px 16px;color: #2d3748\"><a href=\"tel:(67) 3562-6346\" style=\"color: #1a3a52;text-decoration: none\">(67) 3562-6346<\/a><\/td>\r\n    <\/tr>\r\n    <tr style=\"border-bottom: 1px solid #e2e8f0\">\r\n      <td style=\"padding: 14px 16px;color: #2d3748\"><strong>Janaina Cabral da Silva<\/strong><\/td>\r\n      <td style=\"padding: 14px 16px;color: #2d3748\">Narle Silva Teixeira<\/td>\r\n      <td style=\"padding: 14px 16px\"><span style=\"background: #d1fae5;color: #065f46;padding: 6px 12px;border-radius: 4px;font-size: 12px;font-weight: 500;border-left: 4px solid #10b981\">Coordena\u00e7\u00e3o do curso de Administra\u00e7\u00e3o<\/span><\/td>\r\n      <td style=\"padding: 14px 16px;color: #2d3748\"><a href=\"mailto:adm.cpcs@ufms.br\" style=\"color: #1a3a52;text-decoration: none\">adm.cpcs@ufms.br<\/a><\/td>\r\n      <td style=\"padding: 14px 16px;color: #2d3748\"><a href=\"tel:(67) 3562-6310\" style=\"color: #1a3a52;text-decoration: none\">(67) 3562-6310<\/a><\/td>\r\n    <\/tr>\r\n    <tr>\r\n      <td style=\"padding: 14px 16px;color: #2d3748\"><strong>Luis Gustavo Amorim Pessoa<\/strong><\/td>\r\n      <td style=\"padding: 14px 16px;color: #2d3748\">Kleber Augusto Gastaldi<\/td>\r\n      <td style=\"padding: 14px 16px\"><span style=\"background: #d1fae5;color: #065f46;padding: 6px 12px;border-radius: 4px;font-size: 12px;font-weight: 500;border-left: 4px solid #10b981\">Coordena\u00e7\u00e3o do curso de Agronomia<\/span><\/td>\r\n      <td style=\"padding: 14px 16px;color: #2d3748\"><a href=\"mailto:agro.cpcs@ufms.br\" style=\"color: #1a3a52;text-decoration: none\">agro.cpcs@ufms.br<\/a><\/td>\r\n      <td style=\"padding: 14px 16px;color: #2d3748\"><a href=\"tel:(67) 3562-6345\" style=\"color: #1a3a52;text-decoration: none\">(67) 3562-6345<\/a><\/td>\r\n    <\/tr>\r\n  <\/tbody>\r\n<\/table>\r\n\r\n<h2 style=\"font-size: 18px;font-weight: 600;color: #1a3a52;margin-bottom: 20px;margin-top: 40px\">P\u00f3s-Gradua\u00e7\u00e3o<\/h2>\r\n\r\n<table style=\"width: 100%;border-collapse: collapse;background: white;border-radius: 8px;overflow: hidden\">\r\n  <thead>\r\n    <tr style=\"background: linear-gradient(135deg, #1a3a52 0%, #2d5a7b 100%);color: white\">\r\n      <th style=\"padding: 16px;text-align: left;font-weight: 600;font-size: 14px\">Titular<\/th>\r\n      <th style=\"padding: 16px;text-align: left;font-weight: 600;font-size: 14px\">Substituto Imediato<\/th>\r\n      <th style=\"padding: 16px;text-align: left;font-weight: 600;font-size: 14px\">Lota\u00e7\u00e3o\/Fun\u00e7\u00e3o<\/th>\r\n      <th style=\"padding: 16px;text-align: left;font-weight: 600;font-size: 14px\">E-mail<\/th>\r\n      <th style=\"padding: 16px;text-align: left;font-weight: 600;font-size: 14px\">Telefone<\/th>\r\n    <\/tr>\r\n  <\/thead>\r\n  <tbody>\r\n    <tr>\r\n      <td style=\"padding: 14px 16px;color: #2d3748\"><strong>Cid Naudi Silva Campos<\/strong><\/td>\r\n      <td style=\"padding: 14px 16px;color: #2d3748\">Rafel Ratke<\/td>\r\n      <td style=\"padding: 14px 16px\"><span style=\"background: #c7d2e8;color: #1a3a52;padding: 6px 12px;border-radius: 4px;font-size: 12px;font-weight: 500;border-left: 4px solid #4a5a7b\">Coordena\u00e7\u00e3o do curso de P\u00f3s-Gradua\u00e7\u00e3o stricto sensu em Agronomia<\/span><\/td>\r\n      <td style=\"padding: 14px 16px;color: #2d3748\"><a href=\"mailto:ppga.cpcs@ufms.br\" style=\"color: #1a3a52;text-decoration: none\">ppga.cpcs@ufms.br<\/a><\/td>\r\n      <td style=\"padding: 14px 16px;color: #2d3748\"><a href=\"tel:(67) 3562-6340\" style=\"color: #1a3a52;text-decoration: none\">(67) 3562-6340<\/a><\/td>\r\n    <\/tr>\r\n  <\/tbody>\r\n<\/table>\r\n\t\t\t\t<\/div>\n\t\t\t\t<\/div>\n\t\t\t\t\t<\/div>\n\t\t<\/div>\n\t\t\t\t\t<\/div>\n\t\t<\/section>\n\t\t\t\t<\/div>\n\t\t","protected":false},"excerpt":{"rendered":"<p>Gradua\u00e7\u00e3o Titular Substituto Imediato Lota\u00e7\u00e3o\/Fun\u00e7\u00e3o E-mail Telefone Glauce Tais de Oliveira Sousa Azevedo Deborah Nava Soratto Coordena\u00e7\u00e3o do curso de Engenharia Florestal engfl.cpcs@ufms.br (67) 3562-6346 Janaina Cabral da Silva Narle Silva Teixeira Coordena\u00e7\u00e3o do curso de Administra\u00e7\u00e3o adm.cpcs@ufms.br (67) 3562-6310 Luis Gustavo Amorim Pessoa Kleber Augusto Gastaldi Coordena\u00e7\u00e3o do curso de Agronomia agro.cpcs@ufms.br (67) 3562-6345 [&hellip;]<\/p>\n","protected":false},"author":3221,"featured_media":0,"parent":0,"menu_order":0,"comment_status":"closed","ping_status":"closed","template":"","meta":{"ngg_post_thumbnail":0,"footnotes":""},"coauthors":[32],"class_list":["post-11807","page","type-page","status-publish","hentry"],"yoast_head":"<!-- This site is optimized with the Yoast SEO plugin v26.2 - https:\/\/yoast.com\/wordpress\/plugins\/seo\/ -->\n<title>Coordenadores - Campus de Chapad\u00e3o do Sul<\/title>\n<meta name=\"robots\" content=\"index, follow, max-snippet:-1, max-image-preview:large, max-video-preview:-1\" \/>\n<link rel=\"canonical\" href=\"https:\/\/cpcs.ufms.br\/coordenadores\/\" \/>\n<meta property=\"og:locale\" content=\"en_US\" \/>\n<meta property=\"og:type\" content=\"article\" \/>\n<meta property=\"og:title\" content=\"Coordenadores - Campus de Chapad\u00e3o do Sul\" \/>\n<meta property=\"og:description\" content=\"Gradua\u00e7\u00e3o Titular Substituto Imediato Lota\u00e7\u00e3o\/Fun\u00e7\u00e3o E-mail Telefone Glauce Tais de Oliveira Sousa Azevedo Deborah Nava Soratto Coordena\u00e7\u00e3o do curso de Engenharia Florestal engfl.cpcs@ufms.br (67) 3562-6346 Janaina Cabral da Silva Narle Silva Teixeira Coordena\u00e7\u00e3o do curso de Administra\u00e7\u00e3o adm.cpcs@ufms.br (67) 3562-6310 Luis Gustavo Amorim Pessoa Kleber Augusto Gastaldi Coordena\u00e7\u00e3o do curso de Agronomia agro.cpcs@ufms.br (67) 3562-6345 [&hellip;]\" \/>\n<meta property=\"og:url\" content=\"https:\/\/cpcs.ufms.br\/coordenadores\/\" \/>\n<meta property=\"og:site_name\" content=\"Campus de Chapad\u00e3o do Sul\" \/>\n<meta property=\"article:modified_time\" content=\"2026-01-15T14:24:42+00:00\" \/>\n<meta name=\"twitter:label1\" content=\"Est. reading time\" \/>\n\t<meta name=\"twitter:data1\" content=\"1 minute\" \/>\n\t<meta name=\"twitter:label2\" content=\"Written by\" \/>\n\t<meta name=\"twitter:data2\" content=\"Vilela Bezerra\" \/>\n<script type=\"application\/ld+json\" class=\"yoast-schema-graph\">{\"@context\":\"https:\/\/schema.org\",\"@graph\":[{\"@type\":\"WebPage\",\"@id\":\"https:\/\/cpcs.ufms.br\/coordenadores\/\",\"url\":\"https:\/\/cpcs.ufms.br\/coordenadores\/\",\"name\":\"Coordenadores - Campus de Chapad\u00e3o do Sul\",\"isPartOf\":{\"@id\":\"https:\/\/cpcs.ufms.br\/#website\"},\"datePublished\":\"2026-01-15T13:27:44+00:00\",\"dateModified\":\"2026-01-15T14:24:42+00:00\",\"breadcrumb\":{\"@id\":\"https:\/\/cpcs.ufms.br\/coordenadores\/#breadcrumb\"},\"inLanguage\":\"en-US\",\"potentialAction\":[{\"@type\":\"ReadAction\",\"target\":[\"https:\/\/cpcs.ufms.br\/coordenadores\/\"]}]},{\"@type\":\"BreadcrumbList\",\"@id\":\"https:\/\/cpcs.ufms.br\/coordenadores\/#breadcrumb\",\"itemListElement\":[{\"@type\":\"ListItem\",\"position\":1,\"name\":\"In\u00edcio\",\"item\":\"https:\/\/cpcs.ufms.br\/\"},{\"@type\":\"ListItem\",\"position\":2,\"name\":\"Coordenadores\"}]},{\"@type\":\"WebSite\",\"@id\":\"https:\/\/cpcs.ufms.br\/#website\",\"url\":\"https:\/\/cpcs.ufms.br\/\",\"name\":\"Campus de Chapad\u00e3o do Sul\",\"description\":\"Universidade Federal de Mato Grosso do Sul\",\"potentialAction\":[{\"@type\":\"SearchAction\",\"target\":{\"@type\":\"EntryPoint\",\"urlTemplate\":\"https:\/\/cpcs.ufms.br\/?s={search_term_string}\"},\"query-input\":{\"@type\":\"PropertyValueSpecification\",\"valueRequired\":true,\"valueName\":\"search_term_string\"}}],\"inLanguage\":\"en-US\"}]}<\/script>\n<!-- \/ Yoast SEO plugin. -->","yoast_head_json":{"title":"Coordenadores - Campus de Chapad\u00e3o do Sul","robots":{"index":"index","follow":"follow","max-snippet":"max-snippet:-1","max-image-preview":"max-image-preview:large","max-video-preview":"max-video-preview:-1"},"canonical":"https:\/\/cpcs.ufms.br\/coordenadores\/","og_locale":"en_US","og_type":"article","og_title":"Coordenadores - Campus de Chapad\u00e3o do Sul","og_description":"Gradua\u00e7\u00e3o Titular Substituto Imediato Lota\u00e7\u00e3o\/Fun\u00e7\u00e3o E-mail Telefone Glauce Tais de Oliveira Sousa Azevedo Deborah Nava Soratto Coordena\u00e7\u00e3o do curso de Engenharia Florestal engfl.cpcs@ufms.br (67) 3562-6346 Janaina Cabral da Silva Narle Silva Teixeira Coordena\u00e7\u00e3o do curso de Administra\u00e7\u00e3o adm.cpcs@ufms.br (67) 3562-6310 Luis Gustavo Amorim Pessoa Kleber Augusto Gastaldi Coordena\u00e7\u00e3o do curso de Agronomia agro.cpcs@ufms.br (67) 3562-6345 [&hellip;]","og_url":"https:\/\/cpcs.ufms.br\/coordenadores\/","og_site_name":"Campus de Chapad\u00e3o do Sul","article_modified_time":"2026-01-15T14:24:42+00:00","twitter_misc":{"Est. reading time":"1 minute","Written by":"Vilela Bezerra"},"schema":{"@context":"https:\/\/schema.org","@graph":[{"@type":"WebPage","@id":"https:\/\/cpcs.ufms.br\/coordenadores\/","url":"https:\/\/cpcs.ufms.br\/coordenadores\/","name":"Coordenadores - Campus de Chapad\u00e3o do Sul","isPartOf":{"@id":"https:\/\/cpcs.ufms.br\/#website"},"datePublished":"2026-01-15T13:27:44+00:00","dateModified":"2026-01-15T14:24:42+00:00","breadcrumb":{"@id":"https:\/\/cpcs.ufms.br\/coordenadores\/#breadcrumb"},"inLanguage":"en-US","potentialAction":[{"@type":"ReadAction","target":["https:\/\/cpcs.ufms.br\/coordenadores\/"]}]},{"@type":"BreadcrumbList","@id":"https:\/\/cpcs.ufms.br\/coordenadores\/#breadcrumb","itemListElement":[{"@type":"ListItem","position":1,"name":"In\u00edcio","item":"https:\/\/cpcs.ufms.br\/"},{"@type":"ListItem","position":2,"name":"Coordenadores"}]},{"@type":"WebSite","@id":"https:\/\/cpcs.ufms.br\/#website","url":"https:\/\/cpcs.ufms.br\/","name":"Campus de Chapad\u00e3o do Sul","description":"Universidade Federal de Mato Grosso do Sul","potentialAction":[{"@type":"SearchAction","target":{"@type":"EntryPoint","urlTemplate":"https:\/\/cpcs.ufms.br\/?s={search_term_string}"},"query-input":{"@type":"PropertyValueSpecification","valueRequired":true,"valueName":"search_term_string"}}],"inLanguage":"en-US"}]}},"_links":{"self":[{"href":"https:\/\/cpcs.ufms.br\/en\/wp-json\/wp\/v2\/pages\/11807","targetHints":{"allow":["GET"]}}],"collection":[{"href":"https:\/\/cpcs.ufms.br\/en\/wp-json\/wp\/v2\/pages"}],"about":[{"href":"https:\/\/cpcs.ufms.br\/en\/wp-json\/wp\/v2\/types\/page"}],"author":[{"embeddable":true,"href":"https:\/\/cpcs.ufms.br\/en\/wp-json\/wp\/v2\/users\/3221"}],"replies":[{"embeddable":true,"href":"https:\/\/cpcs.ufms.br\/en\/wp-json\/wp\/v2\/comments?post=11807"}],"version-history":[{"count":13,"href":"https:\/\/cpcs.ufms.br\/en\/wp-json\/wp\/v2\/pages\/11807\/revisions"}],"predecessor-version":[{"id":11844,"href":"https:\/\/cpcs.ufms.br\/en\/wp-json\/wp\/v2\/pages\/11807\/revisions\/11844"}],"wp:attachment":[{"href":"https:\/\/cpcs.ufms.br\/en\/wp-json\/wp\/v2\/media?parent=11807"}],"wp:term":[{"taxonomy":"author","embeddable":true,"href":"https:\/\/cpcs.ufms.br\/en\/wp-json\/wp\/v2\/coauthors?post=11807"}],"curies":[{"name":"wp","href":"https:\/\/api.w.org\/{rel}","templated":true}]}}