{"id":10874,"date":"2024-10-07T16:34:01","date_gmt":"2024-10-07T20:34:01","guid":{"rendered":"https:\/\/cpcs.ufms.br\/?page_id=10874"},"modified":"2026-03-11T08:21:59","modified_gmt":"2026-03-11T12:21:59","slug":"pime-ufms-sala-10","status":"publish","type":"page","link":"https:\/\/cpcs.ufms.br\/en\/pime-ufms-sala-10\/","title":{"rendered":"PIME\/UFMS &#8211; Sala 10"},"content":{"rendered":"<p>A <strong>Hub Pantanal Inova\u00e7\u00e3o e Modelagem Empreendedora (PIME)<\/strong> em Chapad\u00e3o do Sul&nbsp;tem como objetivo incentivar e apoiar&nbsp;<span class=\"fontstyle0\">a\u00e7\u00f5es para a forma\u00e7\u00e3o, desenvolvimento e consolida\u00e7\u00e3o de novos empreendimentos inovadores<\/span>, oferecendo suporte e infraestrutura f\u00edsica para estrutura\u00e7\u00e3o e sobreviv\u00eancia do neg\u00f3cio.<\/p>\n<p>O hub oferece aos empreendimentos inseridos nas a\u00e7\u00f5es de a\u00e7\u00f5es de Idea\u00e7\u00e3o, Prototipa\u00e7\u00e3o, Consolida\u00e7\u00e3o, Acelera\u00e7\u00e3o e Expans\u00e3o:<\/p>\n<ul>\n<li>Suporte t\u00e9cnico oferecido por meio de consultorias\/mentorias dos consultores da PIME e dos professores da UFMS;<\/li>\n<li>Monitoramento do empreendimento pela equipe da PIME;<\/li>\n<li>Para empreendimentos na modalidade residente, incluem-se o acesso \u00e0 infraestrutura da UFMS, como salas de reuni\u00e3o, audit\u00f3rios, laborat\u00f3rios, biblioteca e equipamentos, conforme disponibilidade e normas da institui\u00e7\u00e3o, bem como os servi\u00e7os de \u00e1gua, energia el\u00e9trica, internet, limpeza, manuten\u00e7\u00e3o predial e seguran\u00e7a do m\u00f3dulo ou espa\u00e7o coworking.<\/li>\n<\/ul>\n<p><strong>Contato da PIME de Chapad\u00e3o do Sul<\/strong>: pime.cpcs@ufms.br<\/p>\n<p><strong>Site<\/strong>: <a href=\"https:\/\/pime.ufms.br\/edital-pime-2025\/\">https:\/\/pime.ufms.br<\/a> \/ <strong>Instagram<\/strong> <a href=\"https:\/\/www.instagram.com\/pimecpcsufms\/\">@pimecpcsufms <\/a>&nbsp;\/ <strong>WhatsApp<\/strong> <a href=\"https:\/\/api.whatsapp.com\/send\/?phone=556735626338\" target=\"_blank\" rel=\"noopener\">(67)3562-6338<\/a><\/p>\n","protected":false},"excerpt":{"rendered":"<p>A Hub Pantanal Inova\u00e7\u00e3o e Modelagem Empreendedora (PIME) em Chapad\u00e3o do Sul&nbsp;tem como objetivo incentivar e apoiar&nbsp;a\u00e7\u00f5es para a forma\u00e7\u00e3o, desenvolvimento e consolida\u00e7\u00e3o de novos empreendimentos inovadores, oferecendo suporte e infraestrutura f\u00edsica para estrutura\u00e7\u00e3o e sobreviv\u00eancia do neg\u00f3cio. O hub oferece aos empreendimentos inseridos nas a\u00e7\u00f5es de a\u00e7\u00f5es de Idea\u00e7\u00e3o, Prototipa\u00e7\u00e3o, Consolida\u00e7\u00e3o, Acelera\u00e7\u00e3o e Expans\u00e3o: [&hellip;]<\/p>\n","protected":false},"author":3221,"featured_media":0,"parent":0,"menu_order":0,"comment_status":"closed","ping_status":"closed","template":"","meta":{"ngg_post_thumbnail":0,"footnotes":""},"coauthors":[32],"class_list":["post-10874","page","type-page","status-publish","hentry"],"yoast_head":"<!-- This site is optimized with the Yoast SEO plugin v26.2 - https:\/\/yoast.com\/wordpress\/plugins\/seo\/ -->\n<title>PIME\/UFMS - Sala 10 - Campus de Chapad\u00e3o do Sul<\/title>\n<meta name=\"robots\" content=\"index, follow, max-snippet:-1, max-image-preview:large, max-video-preview:-1\" \/>\n<link rel=\"canonical\" href=\"https:\/\/cpcs.ufms.br\/pime-ufms-sala-10\/\" \/>\n<meta property=\"og:locale\" content=\"en_US\" \/>\n<meta property=\"og:type\" content=\"article\" \/>\n<meta property=\"og:title\" content=\"PIME\/UFMS - Sala 10 - Campus de Chapad\u00e3o do Sul\" \/>\n<meta property=\"og:description\" content=\"A Hub Pantanal Inova\u00e7\u00e3o e Modelagem Empreendedora (PIME) em Chapad\u00e3o do Sul&nbsp;tem como objetivo incentivar e apoiar&nbsp;a\u00e7\u00f5es para a forma\u00e7\u00e3o, desenvolvimento e consolida\u00e7\u00e3o de novos empreendimentos inovadores, oferecendo suporte e infraestrutura f\u00edsica para estrutura\u00e7\u00e3o e sobreviv\u00eancia do neg\u00f3cio. O hub oferece aos empreendimentos inseridos nas a\u00e7\u00f5es de a\u00e7\u00f5es de Idea\u00e7\u00e3o, Prototipa\u00e7\u00e3o, Consolida\u00e7\u00e3o, Acelera\u00e7\u00e3o e Expans\u00e3o: [&hellip;]\" \/>\n<meta property=\"og:url\" content=\"https:\/\/cpcs.ufms.br\/pime-ufms-sala-10\/\" \/>\n<meta property=\"og:site_name\" content=\"Campus de Chapad\u00e3o do Sul\" \/>\n<meta property=\"article:modified_time\" content=\"2026-03-11T12:21:59+00:00\" \/>\n<meta name=\"twitter:label1\" content=\"Est. reading time\" \/>\n\t<meta name=\"twitter:data1\" content=\"1 minute\" \/>\n\t<meta name=\"twitter:label2\" content=\"Written by\" \/>\n\t<meta name=\"twitter:data2\" content=\"Vilela Bezerra\" \/>\n<script type=\"application\/ld+json\" class=\"yoast-schema-graph\">{\"@context\":\"https:\/\/schema.org\",\"@graph\":[{\"@type\":\"WebPage\",\"@id\":\"https:\/\/cpcs.ufms.br\/pime-ufms-sala-10\/\",\"url\":\"https:\/\/cpcs.ufms.br\/pime-ufms-sala-10\/\",\"name\":\"PIME\/UFMS - Sala 10 - Campus de Chapad\u00e3o do Sul\",\"isPartOf\":{\"@id\":\"https:\/\/cpcs.ufms.br\/#website\"},\"datePublished\":\"2024-10-07T20:34:01+00:00\",\"dateModified\":\"2026-03-11T12:21:59+00:00\",\"breadcrumb\":{\"@id\":\"https:\/\/cpcs.ufms.br\/pime-ufms-sala-10\/#breadcrumb\"},\"inLanguage\":\"en-US\",\"potentialAction\":[{\"@type\":\"ReadAction\",\"target\":[\"https:\/\/cpcs.ufms.br\/pime-ufms-sala-10\/\"]}]},{\"@type\":\"BreadcrumbList\",\"@id\":\"https:\/\/cpcs.ufms.br\/pime-ufms-sala-10\/#breadcrumb\",\"itemListElement\":[{\"@type\":\"ListItem\",\"position\":1,\"name\":\"In\u00edcio\",\"item\":\"https:\/\/cpcs.ufms.br\/\"},{\"@type\":\"ListItem\",\"position\":2,\"name\":\"PIME\/UFMS &#8211; Sala 10\"}]},{\"@type\":\"WebSite\",\"@id\":\"https:\/\/cpcs.ufms.br\/#website\",\"url\":\"https:\/\/cpcs.ufms.br\/\",\"name\":\"Campus de Chapad\u00e3o do Sul\",\"description\":\"Universidade Federal de Mato Grosso do Sul\",\"potentialAction\":[{\"@type\":\"SearchAction\",\"target\":{\"@type\":\"EntryPoint\",\"urlTemplate\":\"https:\/\/cpcs.ufms.br\/?s={search_term_string}\"},\"query-input\":{\"@type\":\"PropertyValueSpecification\",\"valueRequired\":true,\"valueName\":\"search_term_string\"}}],\"inLanguage\":\"en-US\"}]}<\/script>\n<!-- \/ Yoast SEO plugin. -->","yoast_head_json":{"title":"PIME\/UFMS - Sala 10 - Campus de Chapad\u00e3o do Sul","robots":{"index":"index","follow":"follow","max-snippet":"max-snippet:-1","max-image-preview":"max-image-preview:large","max-video-preview":"max-video-preview:-1"},"canonical":"https:\/\/cpcs.ufms.br\/pime-ufms-sala-10\/","og_locale":"en_US","og_type":"article","og_title":"PIME\/UFMS - Sala 10 - Campus de Chapad\u00e3o do Sul","og_description":"A Hub Pantanal Inova\u00e7\u00e3o e Modelagem Empreendedora (PIME) em Chapad\u00e3o do Sul&nbsp;tem como objetivo incentivar e apoiar&nbsp;a\u00e7\u00f5es para a forma\u00e7\u00e3o, desenvolvimento e consolida\u00e7\u00e3o de novos empreendimentos inovadores, oferecendo suporte e infraestrutura f\u00edsica para estrutura\u00e7\u00e3o e sobreviv\u00eancia do neg\u00f3cio. O hub oferece aos empreendimentos inseridos nas a\u00e7\u00f5es de a\u00e7\u00f5es de Idea\u00e7\u00e3o, Prototipa\u00e7\u00e3o, Consolida\u00e7\u00e3o, Acelera\u00e7\u00e3o e Expans\u00e3o: [&hellip;]","og_url":"https:\/\/cpcs.ufms.br\/pime-ufms-sala-10\/","og_site_name":"Campus de Chapad\u00e3o do Sul","article_modified_time":"2026-03-11T12:21:59+00:00","twitter_misc":{"Est. reading time":"1 minute","Written by":"Vilela Bezerra"},"schema":{"@context":"https:\/\/schema.org","@graph":[{"@type":"WebPage","@id":"https:\/\/cpcs.ufms.br\/pime-ufms-sala-10\/","url":"https:\/\/cpcs.ufms.br\/pime-ufms-sala-10\/","name":"PIME\/UFMS - Sala 10 - Campus de Chapad\u00e3o do Sul","isPartOf":{"@id":"https:\/\/cpcs.ufms.br\/#website"},"datePublished":"2024-10-07T20:34:01+00:00","dateModified":"2026-03-11T12:21:59+00:00","breadcrumb":{"@id":"https:\/\/cpcs.ufms.br\/pime-ufms-sala-10\/#breadcrumb"},"inLanguage":"en-US","potentialAction":[{"@type":"ReadAction","target":["https:\/\/cpcs.ufms.br\/pime-ufms-sala-10\/"]}]},{"@type":"BreadcrumbList","@id":"https:\/\/cpcs.ufms.br\/pime-ufms-sala-10\/#breadcrumb","itemListElement":[{"@type":"ListItem","position":1,"name":"In\u00edcio","item":"https:\/\/cpcs.ufms.br\/"},{"@type":"ListItem","position":2,"name":"PIME\/UFMS &#8211; Sala 10"}]},{"@type":"WebSite","@id":"https:\/\/cpcs.ufms.br\/#website","url":"https:\/\/cpcs.ufms.br\/","name":"Campus de Chapad\u00e3o do Sul","description":"Universidade Federal de Mato Grosso do Sul","potentialAction":[{"@type":"SearchAction","target":{"@type":"EntryPoint","urlTemplate":"https:\/\/cpcs.ufms.br\/?s={search_term_string}"},"query-input":{"@type":"PropertyValueSpecification","valueRequired":true,"valueName":"search_term_string"}}],"inLanguage":"en-US"}]}},"_links":{"self":[{"href":"https:\/\/cpcs.ufms.br\/en\/wp-json\/wp\/v2\/pages\/10874","targetHints":{"allow":["GET"]}}],"collection":[{"href":"https:\/\/cpcs.ufms.br\/en\/wp-json\/wp\/v2\/pages"}],"about":[{"href":"https:\/\/cpcs.ufms.br\/en\/wp-json\/wp\/v2\/types\/page"}],"author":[{"embeddable":true,"href":"https:\/\/cpcs.ufms.br\/en\/wp-json\/wp\/v2\/users\/3221"}],"replies":[{"embeddable":true,"href":"https:\/\/cpcs.ufms.br\/en\/wp-json\/wp\/v2\/comments?post=10874"}],"version-history":[{"count":6,"href":"https:\/\/cpcs.ufms.br\/en\/wp-json\/wp\/v2\/pages\/10874\/revisions"}],"predecessor-version":[{"id":11984,"href":"https:\/\/cpcs.ufms.br\/en\/wp-json\/wp\/v2\/pages\/10874\/revisions\/11984"}],"wp:attachment":[{"href":"https:\/\/cpcs.ufms.br\/en\/wp-json\/wp\/v2\/media?parent=10874"}],"wp:term":[{"taxonomy":"author","embeddable":true,"href":"https:\/\/cpcs.ufms.br\/en\/wp-json\/wp\/v2\/coauthors?post=10874"}],"curies":[{"name":"wp","href":"https:\/\/api.w.org\/{rel}","templated":true}]}}